{"id":9962,"date":"2024-07-04T23:10:23","date_gmt":"2024-07-04T21:10:23","guid":{"rendered":"https:\/\/wp.akuku.com.pl\/sklep\/non%20class\u00e9\/oreiller-orthopedique-pour-bebes-a0647\/"},"modified":"2024-07-29T21:52:15","modified_gmt":"2024-07-29T19:52:15","slug":"oreiller-orthopedique-pour-bebes-a0647","status":"publish","type":"product","link":"https:\/\/akuku.com.pl\/fr\/catalogue-de-produits\/soins\/oreiller-orthopedique-pour-bebes-a0647\/","title":{"rendered":"Oreiller orthop\u00e9dique pour b\u00e9b\u00e9s"},"content":{"rendered":"<p>Oreiller orthop\u00e9dique pour b\u00e9b\u00e9s<\/p>\n<p>Notre oreiller orthop\u00e9dique de b\u00e9b\u00e9 sert \u00e0 lutter contre les d\u00e9formations de la t\u00eate de l&rsquo;enfant. Gr\u00e2ce \u00e0 sa forme profil\u00e9e et des mati\u00e8res premi\u00e8res choisies avec une attention particuli\u00e8re, l&rsquo;oreiller r\u00e9duit la pression de la t\u00eate de l&rsquo;enfant, ce qui \u00e9vite que la t\u00eate ne s&rsquo;aplatisse, tout en soignant les d\u00e9formations d\u00e9j\u00e0 survenues. <br \/>L\u2019oreiller est confortable et doux. Utile non seulement au lit, mais aussi dans une poussette. Vous pouvez l&#8217;emporter partout, garantissant \u00e0 votre enfant une position de t\u00eate optimale pendant le sommeil et la d\u00e9tente, n&rsquo;importe o\u00f9 et n&rsquo;importe quand. Notre oreiller prot\u00e8ge la forme naturelle de la t\u00eate de votre enfant. <br \/>Notre oreiller existe en taille unique quelle que soit la taille de la t\u00eate de l&rsquo;enfant.<br \/>Gr\u00e2ce \u00e0 sa structure, le tissu laisse passer l&rsquo;air de tous les c\u00f4t\u00e9s, assurant une r\u00e9gulation thermique naturelle et une \u00e9vacuation de l&rsquo;humidit\u00e9. L&rsquo;oreiller est facile \u00e0 laver et \u00e0 s\u00e9cher. Lavable en machine \u00e0 une temp\u00e9rature maximale de 60\u00b0C.<br \/>Fabriqu\u00e9 en tissu antiallergique d\u00e9licat et respirant.<\/p>\n<p>Avertissement! Le produit et l&#8217;emballage ne sont pas un jouet. Tenir hors de port\u00e9e des enfants.<\/p>\n<p>1 pi\u00e8ce dans l\u2019emballage.<\/p>\n<p>\u00a0<\/p>\n<p>\u00a0<\/p>\n","protected":false},"excerpt":{"rendered":"<p>Oreiller orthop\u00e9dique pour b\u00e9b\u00e9s Notre oreiller orthop\u00e9dique de b\u00e9b\u00e9 sert \u00e0 lutter contre les d\u00e9formations de la t\u00eate de l&rsquo;enfant. Gr\u00e2ce \u00e0 sa forme profil\u00e9e et des mati\u00e8res premi\u00e8res choisies avec une attention particuli\u00e8re, l&rsquo;oreiller r\u00e9duit la pression de la t\u00eate de l&rsquo;enfant, ce qui \u00e9vite que la t\u00eate ne s&rsquo;aplatisse, tout en soignant les [&hellip;]<\/p>\n","protected":false},"featured_media":9941,"template":"","meta":[],"product_cat":[3414],"product_tag":[],"class_list":{"0":"post-9962","1":"product","2":"type-product","3":"status-publish","4":"has-post-thumbnail","6":"product_cat-soins","8":"first","9":"instock","10":"shipping-taxable","11":"product-type-simple"},"yoast_head":"<!-- This site is optimized with the Yoast SEO plugin v26.2 - https:\/\/yoast.com\/wordpress\/plugins\/seo\/ -->\n<title>Oreiller orthop\u00e9dique pour b\u00e9b\u00e9s - Akuku<\/title>\n<meta name=\"description\" content=\"Sprawd\u017a nasz produkt: Oreiller orthop\u00e9dique pour b\u00e9b\u00e9s. Produkty Akuku - odpowiednie dla mam i niemowl\u0105t!\" \/>\n<meta name=\"robots\" content=\"index, follow, max-snippet:-1, max-image-preview:large, max-video-preview:-1\" \/>\n<link rel=\"canonical\" href=\"https:\/\/akuku.com.pl\/fr\/catalogue-de-produits\/soins\/oreiller-orthopedique-pour-bebes-a0647\/\" \/>\n<meta property=\"og:locale\" content=\"fr_FR\" \/>\n<meta property=\"og:type\" content=\"article\" \/>\n<meta property=\"og:title\" content=\"Oreiller orthop\u00e9dique pour b\u00e9b\u00e9s - Akuku\" \/>\n<meta property=\"og:description\" content=\"Sprawd\u017a nasz produkt: Oreiller orthop\u00e9dique pour b\u00e9b\u00e9s. Produkty Akuku - odpowiednie dla mam i niemowl\u0105t!\" \/>\n<meta property=\"og:url\" content=\"https:\/\/akuku.com.pl\/fr\/catalogue-de-produits\/soins\/oreiller-orthopedique-pour-bebes-a0647\/\" \/>\n<meta property=\"og:site_name\" content=\"Akuku\" \/>\n<meta property=\"article:publisher\" content=\"https:\/\/www.facebook.com\/markaAKUKU\" \/>\n<meta property=\"article:modified_time\" content=\"2024-07-29T19:52:15+00:00\" \/>\n<meta property=\"og:image\" content=\"https:\/\/akuku.com.pl\/wp-content\/uploads\/2024\/07\/a0647.jpeg\" \/>\n\t<meta property=\"og:image:width\" content=\"720\" \/>\n\t<meta property=\"og:image:height\" content=\"720\" \/>\n\t<meta property=\"og:image:type\" content=\"image\/jpeg\" \/>\n<meta name=\"twitter:card\" content=\"summary_large_image\" \/>\n<meta name=\"twitter:label1\" content=\"Dur\u00e9e de lecture estim\u00e9e\" \/>\n\t<meta name=\"twitter:data1\" content=\"1 minute\" \/>\n<script type=\"application\/ld+json\" class=\"yoast-schema-graph\">{\"@context\":\"https:\/\/schema.org\",\"@graph\":[{\"@type\":\"WebPage\",\"@id\":\"https:\/\/akuku.com.pl\/fr\/catalogue-de-produits\/soins\/oreiller-orthopedique-pour-bebes-a0647\/\",\"url\":\"https:\/\/akuku.com.pl\/fr\/catalogue-de-produits\/soins\/oreiller-orthopedique-pour-bebes-a0647\/\",\"name\":\"Oreiller orthop\u00e9dique pour b\u00e9b\u00e9s - Akuku\",\"isPartOf\":{\"@id\":\"https:\/\/akuku.com.pl\/fr\/#website\"},\"primaryImageOfPage\":{\"@id\":\"https:\/\/akuku.com.pl\/fr\/catalogue-de-produits\/soins\/oreiller-orthopedique-pour-bebes-a0647\/#primaryimage\"},\"image\":{\"@id\":\"https:\/\/akuku.com.pl\/fr\/catalogue-de-produits\/soins\/oreiller-orthopedique-pour-bebes-a0647\/#primaryimage\"},\"thumbnailUrl\":\"https:\/\/akuku.com.pl\/wp-content\/uploads\/2024\/07\/a0647.jpeg\",\"datePublished\":\"2024-07-04T21:10:23+00:00\",\"dateModified\":\"2024-07-29T19:52:15+00:00\",\"description\":\"Sprawd\u017a nasz produkt: Oreiller orthop\u00e9dique pour b\u00e9b\u00e9s. Produkty Akuku - odpowiednie dla mam i niemowl\u0105t!\",\"breadcrumb\":{\"@id\":\"https:\/\/akuku.com.pl\/fr\/catalogue-de-produits\/soins\/oreiller-orthopedique-pour-bebes-a0647\/#breadcrumb\"},\"inLanguage\":\"fr-FR\",\"potentialAction\":[{\"@type\":\"ReadAction\",\"target\":[\"https:\/\/akuku.com.pl\/fr\/catalogue-de-produits\/soins\/oreiller-orthopedique-pour-bebes-a0647\/\"]}]},{\"@type\":\"ImageObject\",\"inLanguage\":\"fr-FR\",\"@id\":\"https:\/\/akuku.com.pl\/fr\/catalogue-de-produits\/soins\/oreiller-orthopedique-pour-bebes-a0647\/#primaryimage\",\"url\":\"https:\/\/akuku.com.pl\/wp-content\/uploads\/2024\/07\/a0647.jpeg\",\"contentUrl\":\"https:\/\/akuku.com.pl\/wp-content\/uploads\/2024\/07\/a0647.jpeg\",\"width\":720,\"height\":720},{\"@type\":\"BreadcrumbList\",\"@id\":\"https:\/\/akuku.com.pl\/fr\/catalogue-de-produits\/soins\/oreiller-orthopedique-pour-bebes-a0647\/#breadcrumb\",\"itemListElement\":[{\"@type\":\"ListItem\",\"position\":1,\"name\":\"Strona g\u0142\u00f3wna\",\"item\":\"https:\/\/akuku.com.pl\/fr\/\"},{\"@type\":\"ListItem\",\"position\":2,\"name\":\"Boutique\",\"item\":\"https:\/\/akuku.com.pl\/wszystkie-produkty\/\"},{\"@type\":\"ListItem\",\"position\":3,\"name\":\"Oreiller orthop\u00e9dique pour b\u00e9b\u00e9s\"}]},{\"@type\":\"WebSite\",\"@id\":\"https:\/\/akuku.com.pl\/fr\/#website\",\"url\":\"https:\/\/akuku.com.pl\/fr\/\",\"name\":\"Akuku.com.pl\",\"description\":\"\",\"publisher\":{\"@id\":\"https:\/\/akuku.com.pl\/fr\/#organization\"},\"potentialAction\":[{\"@type\":\"SearchAction\",\"target\":{\"@type\":\"EntryPoint\",\"urlTemplate\":\"https:\/\/akuku.com.pl\/fr\/?s={search_term_string}\"},\"query-input\":{\"@type\":\"PropertyValueSpecification\",\"valueRequired\":true,\"valueName\":\"search_term_string\"}}],\"inLanguage\":\"fr-FR\"},{\"@type\":\"Organization\",\"@id\":\"https:\/\/akuku.com.pl\/fr\/#organization\",\"name\":\"Akuku.com.pl\",\"url\":\"https:\/\/akuku.com.pl\/fr\/\",\"logo\":{\"@type\":\"ImageObject\",\"inLanguage\":\"fr-FR\",\"@id\":\"https:\/\/akuku.com.pl\/fr\/#\/schema\/logo\/image\/\",\"url\":\"https:\/\/akuku.com.pl\/wp-content\/uploads\/2024\/04\/akuku-logo.svg\",\"contentUrl\":\"https:\/\/akuku.com.pl\/wp-content\/uploads\/2024\/04\/akuku-logo.svg\",\"width\":114,\"height\":50,\"caption\":\"Akuku.com.pl\"},\"image\":{\"@id\":\"https:\/\/akuku.com.pl\/fr\/#\/schema\/logo\/image\/\"},\"sameAs\":[\"https:\/\/www.facebook.com\/markaAKUKU\"]}]}<\/script>\n<!-- \/ Yoast SEO plugin. -->","yoast_head_json":{"title":"Oreiller orthop\u00e9dique pour b\u00e9b\u00e9s - Akuku","description":"Sprawd\u017a nasz produkt: Oreiller orthop\u00e9dique pour b\u00e9b\u00e9s. Produkty Akuku - odpowiednie dla mam i niemowl\u0105t!","robots":{"index":"index","follow":"follow","max-snippet":"max-snippet:-1","max-image-preview":"max-image-preview:large","max-video-preview":"max-video-preview:-1"},"canonical":"https:\/\/akuku.com.pl\/fr\/catalogue-de-produits\/soins\/oreiller-orthopedique-pour-bebes-a0647\/","og_locale":"fr_FR","og_type":"article","og_title":"Oreiller orthop\u00e9dique pour b\u00e9b\u00e9s - Akuku","og_description":"Sprawd\u017a nasz produkt: Oreiller orthop\u00e9dique pour b\u00e9b\u00e9s. Produkty Akuku - odpowiednie dla mam i niemowl\u0105t!","og_url":"https:\/\/akuku.com.pl\/fr\/catalogue-de-produits\/soins\/oreiller-orthopedique-pour-bebes-a0647\/","og_site_name":"Akuku","article_publisher":"https:\/\/www.facebook.com\/markaAKUKU","article_modified_time":"2024-07-29T19:52:15+00:00","og_image":[{"width":720,"height":720,"url":"https:\/\/akuku.com.pl\/wp-content\/uploads\/2024\/07\/a0647.jpeg","type":"image\/jpeg"}],"twitter_card":"summary_large_image","twitter_misc":{"Dur\u00e9e de lecture estim\u00e9e":"1 minute"},"schema":{"@context":"https:\/\/schema.org","@graph":[{"@type":"WebPage","@id":"https:\/\/akuku.com.pl\/fr\/catalogue-de-produits\/soins\/oreiller-orthopedique-pour-bebes-a0647\/","url":"https:\/\/akuku.com.pl\/fr\/catalogue-de-produits\/soins\/oreiller-orthopedique-pour-bebes-a0647\/","name":"Oreiller orthop\u00e9dique pour b\u00e9b\u00e9s - Akuku","isPartOf":{"@id":"https:\/\/akuku.com.pl\/fr\/#website"},"primaryImageOfPage":{"@id":"https:\/\/akuku.com.pl\/fr\/catalogue-de-produits\/soins\/oreiller-orthopedique-pour-bebes-a0647\/#primaryimage"},"image":{"@id":"https:\/\/akuku.com.pl\/fr\/catalogue-de-produits\/soins\/oreiller-orthopedique-pour-bebes-a0647\/#primaryimage"},"thumbnailUrl":"https:\/\/akuku.com.pl\/wp-content\/uploads\/2024\/07\/a0647.jpeg","datePublished":"2024-07-04T21:10:23+00:00","dateModified":"2024-07-29T19:52:15+00:00","description":"Sprawd\u017a nasz produkt: Oreiller orthop\u00e9dique pour b\u00e9b\u00e9s. Produkty Akuku - odpowiednie dla mam i niemowl\u0105t!","breadcrumb":{"@id":"https:\/\/akuku.com.pl\/fr\/catalogue-de-produits\/soins\/oreiller-orthopedique-pour-bebes-a0647\/#breadcrumb"},"inLanguage":"fr-FR","potentialAction":[{"@type":"ReadAction","target":["https:\/\/akuku.com.pl\/fr\/catalogue-de-produits\/soins\/oreiller-orthopedique-pour-bebes-a0647\/"]}]},{"@type":"ImageObject","inLanguage":"fr-FR","@id":"https:\/\/akuku.com.pl\/fr\/catalogue-de-produits\/soins\/oreiller-orthopedique-pour-bebes-a0647\/#primaryimage","url":"https:\/\/akuku.com.pl\/wp-content\/uploads\/2024\/07\/a0647.jpeg","contentUrl":"https:\/\/akuku.com.pl\/wp-content\/uploads\/2024\/07\/a0647.jpeg","width":720,"height":720},{"@type":"BreadcrumbList","@id":"https:\/\/akuku.com.pl\/fr\/catalogue-de-produits\/soins\/oreiller-orthopedique-pour-bebes-a0647\/#breadcrumb","itemListElement":[{"@type":"ListItem","position":1,"name":"Strona g\u0142\u00f3wna","item":"https:\/\/akuku.com.pl\/fr\/"},{"@type":"ListItem","position":2,"name":"Boutique","item":"https:\/\/akuku.com.pl\/wszystkie-produkty\/"},{"@type":"ListItem","position":3,"name":"Oreiller orthop\u00e9dique pour b\u00e9b\u00e9s"}]},{"@type":"WebSite","@id":"https:\/\/akuku.com.pl\/fr\/#website","url":"https:\/\/akuku.com.pl\/fr\/","name":"Akuku.com.pl","description":"","publisher":{"@id":"https:\/\/akuku.com.pl\/fr\/#organization"},"potentialAction":[{"@type":"SearchAction","target":{"@type":"EntryPoint","urlTemplate":"https:\/\/akuku.com.pl\/fr\/?s={search_term_string}"},"query-input":{"@type":"PropertyValueSpecification","valueRequired":true,"valueName":"search_term_string"}}],"inLanguage":"fr-FR"},{"@type":"Organization","@id":"https:\/\/akuku.com.pl\/fr\/#organization","name":"Akuku.com.pl","url":"https:\/\/akuku.com.pl\/fr\/","logo":{"@type":"ImageObject","inLanguage":"fr-FR","@id":"https:\/\/akuku.com.pl\/fr\/#\/schema\/logo\/image\/","url":"https:\/\/akuku.com.pl\/wp-content\/uploads\/2024\/04\/akuku-logo.svg","contentUrl":"https:\/\/akuku.com.pl\/wp-content\/uploads\/2024\/04\/akuku-logo.svg","width":114,"height":50,"caption":"Akuku.com.pl"},"image":{"@id":"https:\/\/akuku.com.pl\/fr\/#\/schema\/logo\/image\/"},"sameAs":["https:\/\/www.facebook.com\/markaAKUKU"]}]}},"_links":{"self":[{"href":"https:\/\/akuku.com.pl\/fr\/wp-json\/wp\/v2\/product\/9962","targetHints":{"allow":["GET"]}}],"collection":[{"href":"https:\/\/akuku.com.pl\/fr\/wp-json\/wp\/v2\/product"}],"about":[{"href":"https:\/\/akuku.com.pl\/fr\/wp-json\/wp\/v2\/types\/product"}],"wp:featuredmedia":[{"embeddable":true,"href":"https:\/\/akuku.com.pl\/fr\/wp-json\/wp\/v2\/media\/9941"}],"wp:attachment":[{"href":"https:\/\/akuku.com.pl\/fr\/wp-json\/wp\/v2\/media?parent=9962"}],"wp:term":[{"taxonomy":"product_cat","embeddable":true,"href":"https:\/\/akuku.com.pl\/fr\/wp-json\/wp\/v2\/product_cat?post=9962"},{"taxonomy":"product_tag","embeddable":true,"href":"https:\/\/akuku.com.pl\/fr\/wp-json\/wp\/v2\/product_tag?post=9962"}],"curies":[{"name":"wp","href":"https:\/\/api.w.org\/{rel}","templated":true}]}}