{"id":9938,"date":"2024-07-04T23:10:09","date_gmt":"2024-07-04T21:10:09","guid":{"rendered":"https:\/\/wp.akuku.com.pl\/sklep\/non%20class\u00e9\/papier-toilette-hydrate-au-parfum-de-mangue-50-pieces-a0030\/"},"modified":"2024-07-29T21:52:16","modified_gmt":"2024-07-29T19:52:16","slug":"papier-toilette-hydrate-au-parfum-de-mangue-50-pieces-a0030","status":"publish","type":"product","link":"https:\/\/akuku.com.pl\/fr\/catalogue-de-produits\/soins\/accessoires-de-peuriculture\/papier-hygienique-humidifie\/papier-toilette-hydrate-au-parfum-de-mangue-50-pieces-a0030\/","title":{"rendered":"Papier toilette hydrat\u00e9 au parfum de mangue 50 pi\u00e8ces,"},"content":{"rendered":"<p>\u00a0<\/p>\n<p>Papier toilette hydrat\u00e9 de marque Akuku pour enfants et adultes!<\/p>\n<p>Le papier toilette hydrat\u00e9 de la marque Akuku au parfum de mangue encourage les enfants \u00e0 utiliser les toilettes d\u2019une fa\u00e7on autonome. <br \/>Un produit g\u00e9nial pour utilisation quotidienne \u00e0 la maison et en voyage. Les enfants adorent sa structure douce et son agr\u00e9able parfum fruit\u00e9. <br \/>Nettoie en douceur. <br \/>NE CONTIENT PAS D&rsquo;ALCOOL !<br \/>BIOD\u00c9GRADABLE ET COMPOSTABLE !<br \/>Avantages du papier humidifi\u00e9 :<br \/>&#8211; formule sans danger avec un effet bienfaisant,<br \/>&#8211; biod\u00e9gradable,<br \/>&#8211; compostable,\u00b2<br \/>&#8211; agr\u00e9able parfum de mangue,<br \/>&#8211; nettoie efficacement et en douceur,<br \/>&#8211; pour un usage quotidien,<br \/>&#8211; doux et d\u00e9licat,<br \/>&#8211; parfait pour apprendre \u00e0 utiliser les toilettes d\u2019une fa\u00e7on autonome,<br \/>&#8211; cr\u00e9\u00e9 \u00e0 la base de papier toilette.<br \/>Id\u00e9al pour enfants et adultes!<br \/>Possible \u00e0 l&rsquo;utiliser:<br \/>&#8211; \u00e0 la maison,<br \/>&#8211; \u00e0 l&rsquo;\u00e9cole maternelle,<br \/>&#8211; \u00e0 l&rsquo;\u00e9cole,<br \/>&#8211; en promenade,<br \/>&#8211; en voyage,<br \/>Comment utiliser:<br \/>&#8211; ouvrir le colis \u00e0 l&rsquo;endroit indiqu\u00e9 par la fl\u00e8che,<br \/>&#8211; utilisez 1 morceau uniquement, comme du papier toilette traditionnel,<br \/>&#8211; fermez soigneusement l&#8217;emballage afin que le reste du papier ne s\u00e8che pas.<br \/>Compos\u00e9 \u00e0 100 % de papier, il se d\u00e9compose donc rapidement dans l&rsquo;environnement sans avoir d&rsquo;impact n\u00e9gatif sur notre plan\u00e8te.<br \/>Le paquet contient 50 pi\u00e8ces.<br \/>Composition : 97% eau et acide lactique, panth\u00e9nol, allanto\u00efne, extrait de mangue.<br \/>N&rsquo;oubliez pas: le papier toilette hydrat\u00e9 de marque Akuku peut \u00eatre jet\u00e9 dans les toilettes !<br \/>Fabriqu\u00e9 en Pologne<\/p>\n<p>\u00a0<\/p>\n<p><img decoding=\"async\" alt=\"\" src=\"https:\/\/ect.h2g.pl\/akuku\/images\/0m.png\" \/><\/p>\n","protected":false},"excerpt":{"rendered":"<p>\u00a0 Papier toilette hydrat\u00e9 de marque Akuku pour enfants et adultes! Le papier toilette hydrat\u00e9 de la marque Akuku au parfum de mangue encourage les enfants \u00e0 utiliser les toilettes d\u2019une fa\u00e7on autonome. Un produit g\u00e9nial pour utilisation quotidienne \u00e0 la maison et en voyage. Les enfants adorent sa structure douce et son agr\u00e9able parfum [&hellip;]<\/p>\n","protected":false},"featured_media":9914,"template":"","meta":[],"product_cat":[3414,3468],"product_tag":[],"class_list":{"0":"post-9938","1":"product","2":"type-product","3":"status-publish","4":"has-post-thumbnail","6":"product_cat-soins","7":"product_cat-papier-hygienique-humidifie","9":"first","10":"instock","11":"shipping-taxable","12":"product-type-simple"},"yoast_head":"<!-- This site is optimized with the Yoast SEO plugin v26.2 - https:\/\/yoast.com\/wordpress\/plugins\/seo\/ -->\n<title>Papier toilette hydrat\u00e9 au parfum de mangue 50 pi\u00e8ces, - Akuku<\/title>\n<meta name=\"description\" content=\"Sprawd\u017a nasz produkt: Papier toilette hydrat\u00e9 au parfum de mangue 50 pi\u00e8ces,. Produkty Akuku - odpowiednie dla mam i niemowl\u0105t!\" \/>\n<meta name=\"robots\" content=\"index, follow, max-snippet:-1, max-image-preview:large, max-video-preview:-1\" \/>\n<link rel=\"canonical\" href=\"https:\/\/akuku.com.pl\/fr\/catalogue-de-produits\/soins\/accessoires-de-peuriculture\/papier-hygienique-humidifie\/papier-toilette-hydrate-au-parfum-de-mangue-50-pieces-a0030\/\" \/>\n<meta property=\"og:locale\" content=\"fr_FR\" \/>\n<meta property=\"og:type\" content=\"article\" \/>\n<meta property=\"og:title\" content=\"Papier toilette hydrat\u00e9 au parfum de mangue 50 pi\u00e8ces, - Akuku\" \/>\n<meta property=\"og:description\" content=\"Sprawd\u017a nasz produkt: Papier toilette hydrat\u00e9 au parfum de mangue 50 pi\u00e8ces,. Produkty Akuku - odpowiednie dla mam i niemowl\u0105t!\" \/>\n<meta property=\"og:url\" content=\"https:\/\/akuku.com.pl\/fr\/catalogue-de-produits\/soins\/accessoires-de-peuriculture\/papier-hygienique-humidifie\/papier-toilette-hydrate-au-parfum-de-mangue-50-pieces-a0030\/\" \/>\n<meta property=\"og:site_name\" content=\"Akuku\" \/>\n<meta property=\"article:publisher\" content=\"https:\/\/www.facebook.com\/markaAKUKU\" \/>\n<meta property=\"article:modified_time\" content=\"2024-07-29T19:52:16+00:00\" \/>\n<meta property=\"og:image\" content=\"https:\/\/akuku.com.pl\/wp-content\/uploads\/2024\/07\/a0030-5nawilany-papier-toaletowy.jpg\" \/>\n\t<meta property=\"og:image:width\" content=\"800\" \/>\n\t<meta property=\"og:image:height\" content=\"800\" \/>\n\t<meta property=\"og:image:type\" content=\"image\/jpeg\" \/>\n<meta name=\"twitter:card\" content=\"summary_large_image\" \/>\n<meta name=\"twitter:label1\" content=\"Dur\u00e9e de lecture estim\u00e9e\" \/>\n\t<meta name=\"twitter:data1\" content=\"1 minute\" \/>\n<script type=\"application\/ld+json\" class=\"yoast-schema-graph\">{\"@context\":\"https:\/\/schema.org\",\"@graph\":[{\"@type\":\"WebPage\",\"@id\":\"https:\/\/akuku.com.pl\/fr\/catalogue-de-produits\/soins\/accessoires-de-peuriculture\/papier-hygienique-humidifie\/papier-toilette-hydrate-au-parfum-de-mangue-50-pieces-a0030\/\",\"url\":\"https:\/\/akuku.com.pl\/fr\/catalogue-de-produits\/soins\/accessoires-de-peuriculture\/papier-hygienique-humidifie\/papier-toilette-hydrate-au-parfum-de-mangue-50-pieces-a0030\/\",\"name\":\"Papier toilette hydrat\u00e9 au parfum de mangue 50 pi\u00e8ces, - Akuku\",\"isPartOf\":{\"@id\":\"https:\/\/akuku.com.pl\/fr\/#website\"},\"primaryImageOfPage\":{\"@id\":\"https:\/\/akuku.com.pl\/fr\/catalogue-de-produits\/soins\/accessoires-de-peuriculture\/papier-hygienique-humidifie\/papier-toilette-hydrate-au-parfum-de-mangue-50-pieces-a0030\/#primaryimage\"},\"image\":{\"@id\":\"https:\/\/akuku.com.pl\/fr\/catalogue-de-produits\/soins\/accessoires-de-peuriculture\/papier-hygienique-humidifie\/papier-toilette-hydrate-au-parfum-de-mangue-50-pieces-a0030\/#primaryimage\"},\"thumbnailUrl\":\"https:\/\/akuku.com.pl\/wp-content\/uploads\/2024\/07\/a0030-5nawilany-papier-toaletowy.jpg\",\"datePublished\":\"2024-07-04T21:10:09+00:00\",\"dateModified\":\"2024-07-29T19:52:16+00:00\",\"description\":\"Sprawd\u017a nasz produkt: Papier toilette hydrat\u00e9 au parfum de mangue 50 pi\u00e8ces,. Produkty Akuku - odpowiednie dla mam i niemowl\u0105t!\",\"breadcrumb\":{\"@id\":\"https:\/\/akuku.com.pl\/fr\/catalogue-de-produits\/soins\/accessoires-de-peuriculture\/papier-hygienique-humidifie\/papier-toilette-hydrate-au-parfum-de-mangue-50-pieces-a0030\/#breadcrumb\"},\"inLanguage\":\"fr-FR\",\"potentialAction\":[{\"@type\":\"ReadAction\",\"target\":[\"https:\/\/akuku.com.pl\/fr\/catalogue-de-produits\/soins\/accessoires-de-peuriculture\/papier-hygienique-humidifie\/papier-toilette-hydrate-au-parfum-de-mangue-50-pieces-a0030\/\"]}]},{\"@type\":\"ImageObject\",\"inLanguage\":\"fr-FR\",\"@id\":\"https:\/\/akuku.com.pl\/fr\/catalogue-de-produits\/soins\/accessoires-de-peuriculture\/papier-hygienique-humidifie\/papier-toilette-hydrate-au-parfum-de-mangue-50-pieces-a0030\/#primaryimage\",\"url\":\"https:\/\/akuku.com.pl\/wp-content\/uploads\/2024\/07\/a0030-5nawilany-papier-toaletowy.jpg\",\"contentUrl\":\"https:\/\/akuku.com.pl\/wp-content\/uploads\/2024\/07\/a0030-5nawilany-papier-toaletowy.jpg\",\"width\":800,\"height\":800},{\"@type\":\"BreadcrumbList\",\"@id\":\"https:\/\/akuku.com.pl\/fr\/catalogue-de-produits\/soins\/accessoires-de-peuriculture\/papier-hygienique-humidifie\/papier-toilette-hydrate-au-parfum-de-mangue-50-pieces-a0030\/#breadcrumb\",\"itemListElement\":[{\"@type\":\"ListItem\",\"position\":1,\"name\":\"Strona g\u0142\u00f3wna\",\"item\":\"https:\/\/akuku.com.pl\/fr\/\"},{\"@type\":\"ListItem\",\"position\":2,\"name\":\"Boutique\",\"item\":\"https:\/\/akuku.com.pl\/wszystkie-produkty\/\"},{\"@type\":\"ListItem\",\"position\":3,\"name\":\"Papier toilette hydrat\u00e9 au parfum de mangue 50 pi\u00e8ces,\"}]},{\"@type\":\"WebSite\",\"@id\":\"https:\/\/akuku.com.pl\/fr\/#website\",\"url\":\"https:\/\/akuku.com.pl\/fr\/\",\"name\":\"Akuku.com.pl\",\"description\":\"\",\"publisher\":{\"@id\":\"https:\/\/akuku.com.pl\/fr\/#organization\"},\"potentialAction\":[{\"@type\":\"SearchAction\",\"target\":{\"@type\":\"EntryPoint\",\"urlTemplate\":\"https:\/\/akuku.com.pl\/fr\/?s={search_term_string}\"},\"query-input\":{\"@type\":\"PropertyValueSpecification\",\"valueRequired\":true,\"valueName\":\"search_term_string\"}}],\"inLanguage\":\"fr-FR\"},{\"@type\":\"Organization\",\"@id\":\"https:\/\/akuku.com.pl\/fr\/#organization\",\"name\":\"Akuku.com.pl\",\"url\":\"https:\/\/akuku.com.pl\/fr\/\",\"logo\":{\"@type\":\"ImageObject\",\"inLanguage\":\"fr-FR\",\"@id\":\"https:\/\/akuku.com.pl\/fr\/#\/schema\/logo\/image\/\",\"url\":\"https:\/\/akuku.com.pl\/wp-content\/uploads\/2024\/04\/akuku-logo.svg\",\"contentUrl\":\"https:\/\/akuku.com.pl\/wp-content\/uploads\/2024\/04\/akuku-logo.svg\",\"width\":114,\"height\":50,\"caption\":\"Akuku.com.pl\"},\"image\":{\"@id\":\"https:\/\/akuku.com.pl\/fr\/#\/schema\/logo\/image\/\"},\"sameAs\":[\"https:\/\/www.facebook.com\/markaAKUKU\"]}]}<\/script>\n<!-- \/ Yoast SEO plugin. -->","yoast_head_json":{"title":"Papier toilette hydrat\u00e9 au parfum de mangue 50 pi\u00e8ces, - Akuku","description":"Sprawd\u017a nasz produkt: Papier toilette hydrat\u00e9 au parfum de mangue 50 pi\u00e8ces,. Produkty Akuku - odpowiednie dla mam i niemowl\u0105t!","robots":{"index":"index","follow":"follow","max-snippet":"max-snippet:-1","max-image-preview":"max-image-preview:large","max-video-preview":"max-video-preview:-1"},"canonical":"https:\/\/akuku.com.pl\/fr\/catalogue-de-produits\/soins\/accessoires-de-peuriculture\/papier-hygienique-humidifie\/papier-toilette-hydrate-au-parfum-de-mangue-50-pieces-a0030\/","og_locale":"fr_FR","og_type":"article","og_title":"Papier toilette hydrat\u00e9 au parfum de mangue 50 pi\u00e8ces, - Akuku","og_description":"Sprawd\u017a nasz produkt: Papier toilette hydrat\u00e9 au parfum de mangue 50 pi\u00e8ces,. Produkty Akuku - odpowiednie dla mam i niemowl\u0105t!","og_url":"https:\/\/akuku.com.pl\/fr\/catalogue-de-produits\/soins\/accessoires-de-peuriculture\/papier-hygienique-humidifie\/papier-toilette-hydrate-au-parfum-de-mangue-50-pieces-a0030\/","og_site_name":"Akuku","article_publisher":"https:\/\/www.facebook.com\/markaAKUKU","article_modified_time":"2024-07-29T19:52:16+00:00","og_image":[{"width":800,"height":800,"url":"https:\/\/akuku.com.pl\/wp-content\/uploads\/2024\/07\/a0030-5nawilany-papier-toaletowy.jpg","type":"image\/jpeg"}],"twitter_card":"summary_large_image","twitter_misc":{"Dur\u00e9e de lecture estim\u00e9e":"1 minute"},"schema":{"@context":"https:\/\/schema.org","@graph":[{"@type":"WebPage","@id":"https:\/\/akuku.com.pl\/fr\/catalogue-de-produits\/soins\/accessoires-de-peuriculture\/papier-hygienique-humidifie\/papier-toilette-hydrate-au-parfum-de-mangue-50-pieces-a0030\/","url":"https:\/\/akuku.com.pl\/fr\/catalogue-de-produits\/soins\/accessoires-de-peuriculture\/papier-hygienique-humidifie\/papier-toilette-hydrate-au-parfum-de-mangue-50-pieces-a0030\/","name":"Papier toilette hydrat\u00e9 au parfum de mangue 50 pi\u00e8ces, - Akuku","isPartOf":{"@id":"https:\/\/akuku.com.pl\/fr\/#website"},"primaryImageOfPage":{"@id":"https:\/\/akuku.com.pl\/fr\/catalogue-de-produits\/soins\/accessoires-de-peuriculture\/papier-hygienique-humidifie\/papier-toilette-hydrate-au-parfum-de-mangue-50-pieces-a0030\/#primaryimage"},"image":{"@id":"https:\/\/akuku.com.pl\/fr\/catalogue-de-produits\/soins\/accessoires-de-peuriculture\/papier-hygienique-humidifie\/papier-toilette-hydrate-au-parfum-de-mangue-50-pieces-a0030\/#primaryimage"},"thumbnailUrl":"https:\/\/akuku.com.pl\/wp-content\/uploads\/2024\/07\/a0030-5nawilany-papier-toaletowy.jpg","datePublished":"2024-07-04T21:10:09+00:00","dateModified":"2024-07-29T19:52:16+00:00","description":"Sprawd\u017a nasz produkt: Papier toilette hydrat\u00e9 au parfum de mangue 50 pi\u00e8ces,. Produkty Akuku - odpowiednie dla mam i niemowl\u0105t!","breadcrumb":{"@id":"https:\/\/akuku.com.pl\/fr\/catalogue-de-produits\/soins\/accessoires-de-peuriculture\/papier-hygienique-humidifie\/papier-toilette-hydrate-au-parfum-de-mangue-50-pieces-a0030\/#breadcrumb"},"inLanguage":"fr-FR","potentialAction":[{"@type":"ReadAction","target":["https:\/\/akuku.com.pl\/fr\/catalogue-de-produits\/soins\/accessoires-de-peuriculture\/papier-hygienique-humidifie\/papier-toilette-hydrate-au-parfum-de-mangue-50-pieces-a0030\/"]}]},{"@type":"ImageObject","inLanguage":"fr-FR","@id":"https:\/\/akuku.com.pl\/fr\/catalogue-de-produits\/soins\/accessoires-de-peuriculture\/papier-hygienique-humidifie\/papier-toilette-hydrate-au-parfum-de-mangue-50-pieces-a0030\/#primaryimage","url":"https:\/\/akuku.com.pl\/wp-content\/uploads\/2024\/07\/a0030-5nawilany-papier-toaletowy.jpg","contentUrl":"https:\/\/akuku.com.pl\/wp-content\/uploads\/2024\/07\/a0030-5nawilany-papier-toaletowy.jpg","width":800,"height":800},{"@type":"BreadcrumbList","@id":"https:\/\/akuku.com.pl\/fr\/catalogue-de-produits\/soins\/accessoires-de-peuriculture\/papier-hygienique-humidifie\/papier-toilette-hydrate-au-parfum-de-mangue-50-pieces-a0030\/#breadcrumb","itemListElement":[{"@type":"ListItem","position":1,"name":"Strona g\u0142\u00f3wna","item":"https:\/\/akuku.com.pl\/fr\/"},{"@type":"ListItem","position":2,"name":"Boutique","item":"https:\/\/akuku.com.pl\/wszystkie-produkty\/"},{"@type":"ListItem","position":3,"name":"Papier toilette hydrat\u00e9 au parfum de mangue 50 pi\u00e8ces,"}]},{"@type":"WebSite","@id":"https:\/\/akuku.com.pl\/fr\/#website","url":"https:\/\/akuku.com.pl\/fr\/","name":"Akuku.com.pl","description":"","publisher":{"@id":"https:\/\/akuku.com.pl\/fr\/#organization"},"potentialAction":[{"@type":"SearchAction","target":{"@type":"EntryPoint","urlTemplate":"https:\/\/akuku.com.pl\/fr\/?s={search_term_string}"},"query-input":{"@type":"PropertyValueSpecification","valueRequired":true,"valueName":"search_term_string"}}],"inLanguage":"fr-FR"},{"@type":"Organization","@id":"https:\/\/akuku.com.pl\/fr\/#organization","name":"Akuku.com.pl","url":"https:\/\/akuku.com.pl\/fr\/","logo":{"@type":"ImageObject","inLanguage":"fr-FR","@id":"https:\/\/akuku.com.pl\/fr\/#\/schema\/logo\/image\/","url":"https:\/\/akuku.com.pl\/wp-content\/uploads\/2024\/04\/akuku-logo.svg","contentUrl":"https:\/\/akuku.com.pl\/wp-content\/uploads\/2024\/04\/akuku-logo.svg","width":114,"height":50,"caption":"Akuku.com.pl"},"image":{"@id":"https:\/\/akuku.com.pl\/fr\/#\/schema\/logo\/image\/"},"sameAs":["https:\/\/www.facebook.com\/markaAKUKU"]}]}},"_links":{"self":[{"href":"https:\/\/akuku.com.pl\/fr\/wp-json\/wp\/v2\/product\/9938","targetHints":{"allow":["GET"]}}],"collection":[{"href":"https:\/\/akuku.com.pl\/fr\/wp-json\/wp\/v2\/product"}],"about":[{"href":"https:\/\/akuku.com.pl\/fr\/wp-json\/wp\/v2\/types\/product"}],"wp:featuredmedia":[{"embeddable":true,"href":"https:\/\/akuku.com.pl\/fr\/wp-json\/wp\/v2\/media\/9914"}],"wp:attachment":[{"href":"https:\/\/akuku.com.pl\/fr\/wp-json\/wp\/v2\/media?parent=9938"}],"wp:term":[{"taxonomy":"product_cat","embeddable":true,"href":"https:\/\/akuku.com.pl\/fr\/wp-json\/wp\/v2\/product_cat?post=9938"},{"taxonomy":"product_tag","embeddable":true,"href":"https:\/\/akuku.com.pl\/fr\/wp-json\/wp\/v2\/product_tag?post=9938"}],"curies":[{"name":"wp","href":"https:\/\/api.w.org\/{rel}","templated":true}]}}