{"id":9908,"date":"2024-07-04T23:09:53","date_gmt":"2024-07-04T21:09:53","guid":{"rendered":"https:\/\/wp.akuku.com.pl\/sklep\/non%20class\u00e9\/lingettes-humides-a-99-deau-a0031\/"},"modified":"2024-07-29T21:52:17","modified_gmt":"2024-07-29T19:52:17","slug":"lingettes-humides-a-99-deau-a0031","status":"publish","type":"product","link":"https:\/\/akuku.com.pl\/fr\/catalogue-de-produits\/soins\/accessoires-de-peuriculture\/lingettes-humides-a-99-deau\/lingettes-humides-a-99-deau-a0031\/","title":{"rendered":"Lingettes humides \u00e0 99% d&rsquo;eau"},"content":{"rendered":"<div class=\"textWrap\">\n<p>Lingettes humides \u00e0 99% d&rsquo;eau A0031<\/p>\n<p>Lingettes jetables de marque Akuku \u00e0 99% d\u2019eau. Les 1% restant comprennent entre autres: glyc\u00e9rine, jus de feuille d&rsquo;alo\u00e8s, acide citrique et argent ionique. <br \/>Elles aident \u00e0 prot\u00e9ger la peau d\u00e9licate de votre b\u00e9b\u00e9. Ils ne contiennent ni alcool ni parfum. <br \/>Elles sont totalement sans danger pour la peau d\u00e9licate d&rsquo;un nouveau-n\u00e9, peuvent \u00e9galement \u00eatre utilis\u00e9s par les adultes pour l\u2019hygi\u00e8ne quotidienne des mains et du visage. <br \/>Gr\u00e2ce \u00e0 leur emballage pratique, vous pouvez les emporter avec vous en promenade ou en voyage.<br \/>La meilleure utilisation des lingettes de marque Akuku:<br \/>&#8211; en promenade<br \/>&#8211; sur le terrain de jeu<br \/>&#8211; pour changer une couche sale <br \/>&#8211; au repas<br \/>&#8211; pendant les achats<br \/>Avertissement! Le produit n&rsquo;est pas un jouet. <br \/>Pour \u00e9viter tout risque d&rsquo;\u00e9touffement, conservez l&#8217;emballage hors de port\u00e9e des enfants. <br \/>Ne pas jeter dans les toilettes.<br \/>Le paquet contient 70 pi\u00e8ces.<br \/>Fabriqu\u00e9es en Europe<\/p>\n<p><img decoding=\"async\" alt=\"\" src=\"https:\/\/ect.h2g.pl\/akuku\/images\/0m.png\" \/><\/p>\n<\/div>\n","protected":false},"excerpt":{"rendered":"<p>Lingettes humides \u00e0 99% d&rsquo;eau A0031 Lingettes jetables de marque Akuku \u00e0 99% d\u2019eau. Les 1% restant comprennent entre autres: glyc\u00e9rine, jus de feuille d&rsquo;alo\u00e8s, acide citrique et argent ionique. Elles aident \u00e0 prot\u00e9ger la peau d\u00e9licate de votre b\u00e9b\u00e9. Ils ne contiennent ni alcool ni parfum. Elles sont totalement sans danger pour la peau [&hellip;]<\/p>\n","protected":false},"featured_media":9893,"template":"","meta":[],"product_cat":[3414,3465],"product_tag":[],"class_list":{"0":"post-9908","1":"product","2":"type-product","3":"status-publish","4":"has-post-thumbnail","6":"product_cat-soins","7":"product_cat-lingettes-humides-a-99-deau","9":"first","10":"instock","11":"shipping-taxable","12":"product-type-simple"},"yoast_head":"<!-- This site is optimized with the Yoast SEO plugin v26.2 - https:\/\/yoast.com\/wordpress\/plugins\/seo\/ -->\n<title>Lingettes humides \u00e0 99% d&#039;eau - Akuku<\/title>\n<meta name=\"description\" content=\"Sprawd\u017a nasz produkt: Lingettes humides \u00e0 99% d&#039;eau. Produkty Akuku - odpowiednie dla mam i niemowl\u0105t!\" \/>\n<meta name=\"robots\" content=\"index, follow, max-snippet:-1, max-image-preview:large, max-video-preview:-1\" \/>\n<link rel=\"canonical\" href=\"https:\/\/akuku.com.pl\/fr\/catalogue-de-produits\/soins\/accessoires-de-peuriculture\/lingettes-humides-a-99-deau\/lingettes-humides-a-99-deau-a0031\/\" \/>\n<meta property=\"og:locale\" content=\"fr_FR\" \/>\n<meta property=\"og:type\" content=\"article\" \/>\n<meta property=\"og:title\" content=\"Lingettes humides \u00e0 99% d&#039;eau - Akuku\" \/>\n<meta property=\"og:description\" content=\"Sprawd\u017a nasz produkt: Lingettes humides \u00e0 99% d&#039;eau. Produkty Akuku - odpowiednie dla mam i niemowl\u0105t!\" \/>\n<meta property=\"og:url\" content=\"https:\/\/akuku.com.pl\/fr\/catalogue-de-produits\/soins\/accessoires-de-peuriculture\/lingettes-humides-a-99-deau\/lingettes-humides-a-99-deau-a0031\/\" \/>\n<meta property=\"og:site_name\" content=\"Akuku\" \/>\n<meta property=\"article:publisher\" content=\"https:\/\/www.facebook.com\/markaAKUKU\" \/>\n<meta property=\"article:modified_time\" content=\"2024-07-29T19:52:17+00:00\" \/>\n<meta property=\"og:image\" content=\"https:\/\/akuku.com.pl\/wp-content\/uploads\/2024\/07\/a0031-13-chustaczeki-nawliane-wod.jpg\" \/>\n\t<meta property=\"og:image:width\" content=\"800\" \/>\n\t<meta property=\"og:image:height\" content=\"800\" \/>\n\t<meta property=\"og:image:type\" content=\"image\/jpeg\" \/>\n<meta name=\"twitter:card\" content=\"summary_large_image\" \/>\n<meta name=\"twitter:label1\" content=\"Dur\u00e9e de lecture estim\u00e9e\" \/>\n\t<meta name=\"twitter:data1\" content=\"1 minute\" \/>\n<script type=\"application\/ld+json\" class=\"yoast-schema-graph\">{\"@context\":\"https:\/\/schema.org\",\"@graph\":[{\"@type\":\"WebPage\",\"@id\":\"https:\/\/akuku.com.pl\/fr\/catalogue-de-produits\/soins\/accessoires-de-peuriculture\/lingettes-humides-a-99-deau\/lingettes-humides-a-99-deau-a0031\/\",\"url\":\"https:\/\/akuku.com.pl\/fr\/catalogue-de-produits\/soins\/accessoires-de-peuriculture\/lingettes-humides-a-99-deau\/lingettes-humides-a-99-deau-a0031\/\",\"name\":\"Lingettes humides \u00e0 99% d'eau - Akuku\",\"isPartOf\":{\"@id\":\"https:\/\/akuku.com.pl\/fr\/#website\"},\"primaryImageOfPage\":{\"@id\":\"https:\/\/akuku.com.pl\/fr\/catalogue-de-produits\/soins\/accessoires-de-peuriculture\/lingettes-humides-a-99-deau\/lingettes-humides-a-99-deau-a0031\/#primaryimage\"},\"image\":{\"@id\":\"https:\/\/akuku.com.pl\/fr\/catalogue-de-produits\/soins\/accessoires-de-peuriculture\/lingettes-humides-a-99-deau\/lingettes-humides-a-99-deau-a0031\/#primaryimage\"},\"thumbnailUrl\":\"https:\/\/akuku.com.pl\/wp-content\/uploads\/2024\/07\/a0031-13-chustaczeki-nawliane-wod.jpg\",\"datePublished\":\"2024-07-04T21:09:53+00:00\",\"dateModified\":\"2024-07-29T19:52:17+00:00\",\"description\":\"Sprawd\u017a nasz produkt: Lingettes humides \u00e0 99% d'eau. Produkty Akuku - odpowiednie dla mam i niemowl\u0105t!\",\"breadcrumb\":{\"@id\":\"https:\/\/akuku.com.pl\/fr\/catalogue-de-produits\/soins\/accessoires-de-peuriculture\/lingettes-humides-a-99-deau\/lingettes-humides-a-99-deau-a0031\/#breadcrumb\"},\"inLanguage\":\"fr-FR\",\"potentialAction\":[{\"@type\":\"ReadAction\",\"target\":[\"https:\/\/akuku.com.pl\/fr\/catalogue-de-produits\/soins\/accessoires-de-peuriculture\/lingettes-humides-a-99-deau\/lingettes-humides-a-99-deau-a0031\/\"]}]},{\"@type\":\"ImageObject\",\"inLanguage\":\"fr-FR\",\"@id\":\"https:\/\/akuku.com.pl\/fr\/catalogue-de-produits\/soins\/accessoires-de-peuriculture\/lingettes-humides-a-99-deau\/lingettes-humides-a-99-deau-a0031\/#primaryimage\",\"url\":\"https:\/\/akuku.com.pl\/wp-content\/uploads\/2024\/07\/a0031-13-chustaczeki-nawliane-wod.jpg\",\"contentUrl\":\"https:\/\/akuku.com.pl\/wp-content\/uploads\/2024\/07\/a0031-13-chustaczeki-nawliane-wod.jpg\",\"width\":800,\"height\":800},{\"@type\":\"BreadcrumbList\",\"@id\":\"https:\/\/akuku.com.pl\/fr\/catalogue-de-produits\/soins\/accessoires-de-peuriculture\/lingettes-humides-a-99-deau\/lingettes-humides-a-99-deau-a0031\/#breadcrumb\",\"itemListElement\":[{\"@type\":\"ListItem\",\"position\":1,\"name\":\"Strona g\u0142\u00f3wna\",\"item\":\"https:\/\/akuku.com.pl\/fr\/\"},{\"@type\":\"ListItem\",\"position\":2,\"name\":\"Boutique\",\"item\":\"https:\/\/akuku.com.pl\/wszystkie-produkty\/\"},{\"@type\":\"ListItem\",\"position\":3,\"name\":\"Lingettes humides \u00e0 99% d&#8217;eau\"}]},{\"@type\":\"WebSite\",\"@id\":\"https:\/\/akuku.com.pl\/fr\/#website\",\"url\":\"https:\/\/akuku.com.pl\/fr\/\",\"name\":\"Akuku.com.pl\",\"description\":\"\",\"publisher\":{\"@id\":\"https:\/\/akuku.com.pl\/fr\/#organization\"},\"potentialAction\":[{\"@type\":\"SearchAction\",\"target\":{\"@type\":\"EntryPoint\",\"urlTemplate\":\"https:\/\/akuku.com.pl\/fr\/?s={search_term_string}\"},\"query-input\":{\"@type\":\"PropertyValueSpecification\",\"valueRequired\":true,\"valueName\":\"search_term_string\"}}],\"inLanguage\":\"fr-FR\"},{\"@type\":\"Organization\",\"@id\":\"https:\/\/akuku.com.pl\/fr\/#organization\",\"name\":\"Akuku.com.pl\",\"url\":\"https:\/\/akuku.com.pl\/fr\/\",\"logo\":{\"@type\":\"ImageObject\",\"inLanguage\":\"fr-FR\",\"@id\":\"https:\/\/akuku.com.pl\/fr\/#\/schema\/logo\/image\/\",\"url\":\"https:\/\/akuku.com.pl\/wp-content\/uploads\/2024\/04\/akuku-logo.svg\",\"contentUrl\":\"https:\/\/akuku.com.pl\/wp-content\/uploads\/2024\/04\/akuku-logo.svg\",\"width\":114,\"height\":50,\"caption\":\"Akuku.com.pl\"},\"image\":{\"@id\":\"https:\/\/akuku.com.pl\/fr\/#\/schema\/logo\/image\/\"},\"sameAs\":[\"https:\/\/www.facebook.com\/markaAKUKU\"]}]}<\/script>\n<!-- \/ Yoast SEO plugin. -->","yoast_head_json":{"title":"Lingettes humides \u00e0 99% d'eau - Akuku","description":"Sprawd\u017a nasz produkt: Lingettes humides \u00e0 99% d'eau. Produkty Akuku - odpowiednie dla mam i niemowl\u0105t!","robots":{"index":"index","follow":"follow","max-snippet":"max-snippet:-1","max-image-preview":"max-image-preview:large","max-video-preview":"max-video-preview:-1"},"canonical":"https:\/\/akuku.com.pl\/fr\/catalogue-de-produits\/soins\/accessoires-de-peuriculture\/lingettes-humides-a-99-deau\/lingettes-humides-a-99-deau-a0031\/","og_locale":"fr_FR","og_type":"article","og_title":"Lingettes humides \u00e0 99% d'eau - Akuku","og_description":"Sprawd\u017a nasz produkt: Lingettes humides \u00e0 99% d'eau. Produkty Akuku - odpowiednie dla mam i niemowl\u0105t!","og_url":"https:\/\/akuku.com.pl\/fr\/catalogue-de-produits\/soins\/accessoires-de-peuriculture\/lingettes-humides-a-99-deau\/lingettes-humides-a-99-deau-a0031\/","og_site_name":"Akuku","article_publisher":"https:\/\/www.facebook.com\/markaAKUKU","article_modified_time":"2024-07-29T19:52:17+00:00","og_image":[{"width":800,"height":800,"url":"https:\/\/akuku.com.pl\/wp-content\/uploads\/2024\/07\/a0031-13-chustaczeki-nawliane-wod.jpg","type":"image\/jpeg"}],"twitter_card":"summary_large_image","twitter_misc":{"Dur\u00e9e de lecture estim\u00e9e":"1 minute"},"schema":{"@context":"https:\/\/schema.org","@graph":[{"@type":"WebPage","@id":"https:\/\/akuku.com.pl\/fr\/catalogue-de-produits\/soins\/accessoires-de-peuriculture\/lingettes-humides-a-99-deau\/lingettes-humides-a-99-deau-a0031\/","url":"https:\/\/akuku.com.pl\/fr\/catalogue-de-produits\/soins\/accessoires-de-peuriculture\/lingettes-humides-a-99-deau\/lingettes-humides-a-99-deau-a0031\/","name":"Lingettes humides \u00e0 99% d'eau - Akuku","isPartOf":{"@id":"https:\/\/akuku.com.pl\/fr\/#website"},"primaryImageOfPage":{"@id":"https:\/\/akuku.com.pl\/fr\/catalogue-de-produits\/soins\/accessoires-de-peuriculture\/lingettes-humides-a-99-deau\/lingettes-humides-a-99-deau-a0031\/#primaryimage"},"image":{"@id":"https:\/\/akuku.com.pl\/fr\/catalogue-de-produits\/soins\/accessoires-de-peuriculture\/lingettes-humides-a-99-deau\/lingettes-humides-a-99-deau-a0031\/#primaryimage"},"thumbnailUrl":"https:\/\/akuku.com.pl\/wp-content\/uploads\/2024\/07\/a0031-13-chustaczeki-nawliane-wod.jpg","datePublished":"2024-07-04T21:09:53+00:00","dateModified":"2024-07-29T19:52:17+00:00","description":"Sprawd\u017a nasz produkt: Lingettes humides \u00e0 99% d'eau. Produkty Akuku - odpowiednie dla mam i niemowl\u0105t!","breadcrumb":{"@id":"https:\/\/akuku.com.pl\/fr\/catalogue-de-produits\/soins\/accessoires-de-peuriculture\/lingettes-humides-a-99-deau\/lingettes-humides-a-99-deau-a0031\/#breadcrumb"},"inLanguage":"fr-FR","potentialAction":[{"@type":"ReadAction","target":["https:\/\/akuku.com.pl\/fr\/catalogue-de-produits\/soins\/accessoires-de-peuriculture\/lingettes-humides-a-99-deau\/lingettes-humides-a-99-deau-a0031\/"]}]},{"@type":"ImageObject","inLanguage":"fr-FR","@id":"https:\/\/akuku.com.pl\/fr\/catalogue-de-produits\/soins\/accessoires-de-peuriculture\/lingettes-humides-a-99-deau\/lingettes-humides-a-99-deau-a0031\/#primaryimage","url":"https:\/\/akuku.com.pl\/wp-content\/uploads\/2024\/07\/a0031-13-chustaczeki-nawliane-wod.jpg","contentUrl":"https:\/\/akuku.com.pl\/wp-content\/uploads\/2024\/07\/a0031-13-chustaczeki-nawliane-wod.jpg","width":800,"height":800},{"@type":"BreadcrumbList","@id":"https:\/\/akuku.com.pl\/fr\/catalogue-de-produits\/soins\/accessoires-de-peuriculture\/lingettes-humides-a-99-deau\/lingettes-humides-a-99-deau-a0031\/#breadcrumb","itemListElement":[{"@type":"ListItem","position":1,"name":"Strona g\u0142\u00f3wna","item":"https:\/\/akuku.com.pl\/fr\/"},{"@type":"ListItem","position":2,"name":"Boutique","item":"https:\/\/akuku.com.pl\/wszystkie-produkty\/"},{"@type":"ListItem","position":3,"name":"Lingettes humides \u00e0 99% d&#8217;eau"}]},{"@type":"WebSite","@id":"https:\/\/akuku.com.pl\/fr\/#website","url":"https:\/\/akuku.com.pl\/fr\/","name":"Akuku.com.pl","description":"","publisher":{"@id":"https:\/\/akuku.com.pl\/fr\/#organization"},"potentialAction":[{"@type":"SearchAction","target":{"@type":"EntryPoint","urlTemplate":"https:\/\/akuku.com.pl\/fr\/?s={search_term_string}"},"query-input":{"@type":"PropertyValueSpecification","valueRequired":true,"valueName":"search_term_string"}}],"inLanguage":"fr-FR"},{"@type":"Organization","@id":"https:\/\/akuku.com.pl\/fr\/#organization","name":"Akuku.com.pl","url":"https:\/\/akuku.com.pl\/fr\/","logo":{"@type":"ImageObject","inLanguage":"fr-FR","@id":"https:\/\/akuku.com.pl\/fr\/#\/schema\/logo\/image\/","url":"https:\/\/akuku.com.pl\/wp-content\/uploads\/2024\/04\/akuku-logo.svg","contentUrl":"https:\/\/akuku.com.pl\/wp-content\/uploads\/2024\/04\/akuku-logo.svg","width":114,"height":50,"caption":"Akuku.com.pl"},"image":{"@id":"https:\/\/akuku.com.pl\/fr\/#\/schema\/logo\/image\/"},"sameAs":["https:\/\/www.facebook.com\/markaAKUKU"]}]}},"_links":{"self":[{"href":"https:\/\/akuku.com.pl\/fr\/wp-json\/wp\/v2\/product\/9908","targetHints":{"allow":["GET"]}}],"collection":[{"href":"https:\/\/akuku.com.pl\/fr\/wp-json\/wp\/v2\/product"}],"about":[{"href":"https:\/\/akuku.com.pl\/fr\/wp-json\/wp\/v2\/types\/product"}],"wp:featuredmedia":[{"embeddable":true,"href":"https:\/\/akuku.com.pl\/fr\/wp-json\/wp\/v2\/media\/9893"}],"wp:attachment":[{"href":"https:\/\/akuku.com.pl\/fr\/wp-json\/wp\/v2\/media?parent=9908"}],"wp:term":[{"taxonomy":"product_cat","embeddable":true,"href":"https:\/\/akuku.com.pl\/fr\/wp-json\/wp\/v2\/product_cat?post=9908"},{"taxonomy":"product_tag","embeddable":true,"href":"https:\/\/akuku.com.pl\/fr\/wp-json\/wp\/v2\/product_tag?post=9908"}],"curies":[{"name":"wp","href":"https:\/\/api.w.org\/{rel}","templated":true}]}}