{"id":9800,"date":"2024-07-04T23:08:52","date_gmt":"2024-07-04T21:08:52","guid":{"rendered":"https:\/\/wp.akuku.com.pl\/sklep\/non%20class\u00e9\/compresse-de-gel-contre-la-fievre-et-la-douleur-a0250\/"},"modified":"2024-07-29T21:52:21","modified_gmt":"2024-07-29T19:52:21","slug":"compresse-de-gel-contre-la-fievre-et-la-douleur-a0250","status":"publish","type":"product","link":"https:\/\/akuku.com.pl\/fr\/catalogue-de-produits\/soins\/accessoires-de-peuriculture\/compresse-de-gel-pour-enfants\/compresse-de-gel-contre-la-fievre-et-la-douleur-a0250\/","title":{"rendered":"Compresse de gel contre la fi\u00e8vre et la douleur"},"content":{"rendered":"<div class=\"textWrap\">\n<p>\u00a0\u00a0<\/p>\n<p>\u00a0<\/p>\n<p>Compresse de gel contre la fi\u00e8vre et la douleur A0250<\/p>\n<p style=\"text-align: justify\">Cette compresse apporte de premiers secours et du confort dans les cas qui ne constituent pas une menace pour votre vie ou votre sant\u00e9. Il est recouvert d&rsquo;un c\u00f4t\u00e9 d&rsquo;un tissu tr\u00e8s agr\u00e9able au toucher.<br \/>Application: \u00e0 froid pour : entorses, contusions, piq\u00fbres d&rsquo;insectes, gonflements, irritations apr\u00e8s des bains de soleil, maux de t\u00eate, fi\u00e8vre. A chaud pour : les douleurs musculaires et abdominales, toutes sortes de blessures et douleurs sans gonflement, pour les mains et les pieds froids.<br \/>Remarque : si n\u00e9cessaire, il est recommand\u00e9 d&rsquo;appliquer un antiseptique avant de poser la compresse sur la zone douloureuse pendant quelques minutes.<br \/>Consignes de s\u00e9curit\u00e9 : la compresse peut \u00eatre pr\u00e9par\u00e9e au micro-ondes ou au cong\u00e9lateur selon les recommandations suivantes :<br \/>&#8211; four \u00e0 micro-ondes : chauffer la compresse pendant 20 secondes maximum \u00e0 une puissance de 700 Watt, sans la couvrir pendant le chauffage. <br \/>&#8211; cong\u00e9lateur : mettre la compresse au cong\u00e9lateur pendant 5 minutes maximum.<\/p>\n<p style=\"text-align: justify\">Nettoyez la surface avec une \u00e9ponge et un produit doux.<br \/>Avertissement! V\u00e9rifiez toujours la temp\u00e9rature de la compresse apr\u00e8s l&rsquo;avoir sorti du micro-ondes ou du cong\u00e9lateur en la pla\u00e7ant sur votre main avant de l&rsquo;appliquer sur la zone douloureuse de votre enfant. Une temp\u00e9rature trop \u00e9lev\u00e9e ou trop basse peut provoquer des probl\u00e8mes de peau. <br \/>La compresse est destin\u00e9e \u00e0 un usage externe uniquement, elle n&rsquo;est pas un jouet et doit toujours \u00eatre utilis\u00e9e sous la surveillance d&rsquo;un adulte. Si vous \u00eates inquiet sur la sant\u00e9 de votre enfant, consultez votre m\u00e9decin. Avant utilisation, assurez-vous que la compresse est propre et en bon \u00e9tat.<\/p>\n<p>La compresse ne contient pas de substances toxiques. Sans bisph\u00e9nol A (0% BPA).<\/p>\n<\/div>\n","protected":false},"excerpt":{"rendered":"<p>\u00a0\u00a0 \u00a0 Compresse de gel contre la fi\u00e8vre et la douleur A0250 Cette compresse apporte de premiers secours et du confort dans les cas qui ne constituent pas une menace pour votre vie ou votre sant\u00e9. Il est recouvert d&rsquo;un c\u00f4t\u00e9 d&rsquo;un tissu tr\u00e8s agr\u00e9able au toucher.Application: \u00e0 froid pour : entorses, contusions, piq\u00fbres d&rsquo;insectes, [&hellip;]<\/p>\n","protected":false},"featured_media":9776,"template":"","meta":[],"product_cat":[3414,3459],"product_tag":[],"class_list":{"0":"post-9800","1":"product","2":"type-product","3":"status-publish","4":"has-post-thumbnail","6":"product_cat-soins","7":"product_cat-compresse-de-gel-pour-enfants","9":"first","10":"instock","11":"shipping-taxable","12":"product-type-simple"},"yoast_head":"<!-- This site is optimized with the Yoast SEO plugin v26.2 - https:\/\/yoast.com\/wordpress\/plugins\/seo\/ -->\n<title>Compresse de gel contre la fi\u00e8vre et la douleur - Akuku<\/title>\n<meta name=\"description\" content=\"Sprawd\u017a nasz produkt: Compresse de gel contre la fi\u00e8vre et la douleur. Produkty Akuku - odpowiednie dla mam i niemowl\u0105t!\" \/>\n<meta name=\"robots\" content=\"index, follow, max-snippet:-1, max-image-preview:large, max-video-preview:-1\" \/>\n<link rel=\"canonical\" href=\"https:\/\/akuku.com.pl\/fr\/catalogue-de-produits\/soins\/accessoires-de-peuriculture\/compresse-de-gel-pour-enfants\/compresse-de-gel-contre-la-fievre-et-la-douleur-a0250\/\" \/>\n<meta property=\"og:locale\" content=\"fr_FR\" \/>\n<meta property=\"og:type\" content=\"article\" \/>\n<meta property=\"og:title\" content=\"Compresse de gel contre la fi\u00e8vre et la douleur - Akuku\" \/>\n<meta property=\"og:description\" content=\"Sprawd\u017a nasz produkt: Compresse de gel contre la fi\u00e8vre et la douleur. Produkty Akuku - odpowiednie dla mam i niemowl\u0105t!\" \/>\n<meta property=\"og:url\" content=\"https:\/\/akuku.com.pl\/fr\/catalogue-de-produits\/soins\/accessoires-de-peuriculture\/compresse-de-gel-pour-enfants\/compresse-de-gel-contre-la-fievre-et-la-douleur-a0250\/\" \/>\n<meta property=\"og:site_name\" content=\"Akuku\" \/>\n<meta property=\"article:publisher\" content=\"https:\/\/www.facebook.com\/markaAKUKU\" \/>\n<meta property=\"article:modified_time\" content=\"2024-07-29T19:52:21+00:00\" \/>\n<meta property=\"og:image\" content=\"https:\/\/akuku.com.pl\/wp-content\/uploads\/2024\/07\/a0250.jpeg\" \/>\n\t<meta property=\"og:image:width\" content=\"720\" \/>\n\t<meta property=\"og:image:height\" content=\"720\" \/>\n\t<meta property=\"og:image:type\" content=\"image\/jpeg\" \/>\n<meta name=\"twitter:card\" content=\"summary_large_image\" \/>\n<meta name=\"twitter:label1\" content=\"Dur\u00e9e de lecture estim\u00e9e\" \/>\n\t<meta name=\"twitter:data1\" content=\"1 minute\" \/>\n<script type=\"application\/ld+json\" class=\"yoast-schema-graph\">{\"@context\":\"https:\/\/schema.org\",\"@graph\":[{\"@type\":\"WebPage\",\"@id\":\"https:\/\/akuku.com.pl\/fr\/catalogue-de-produits\/soins\/accessoires-de-peuriculture\/compresse-de-gel-pour-enfants\/compresse-de-gel-contre-la-fievre-et-la-douleur-a0250\/\",\"url\":\"https:\/\/akuku.com.pl\/fr\/catalogue-de-produits\/soins\/accessoires-de-peuriculture\/compresse-de-gel-pour-enfants\/compresse-de-gel-contre-la-fievre-et-la-douleur-a0250\/\",\"name\":\"Compresse de gel contre la fi\u00e8vre et la douleur - Akuku\",\"isPartOf\":{\"@id\":\"https:\/\/akuku.com.pl\/fr\/#website\"},\"primaryImageOfPage\":{\"@id\":\"https:\/\/akuku.com.pl\/fr\/catalogue-de-produits\/soins\/accessoires-de-peuriculture\/compresse-de-gel-pour-enfants\/compresse-de-gel-contre-la-fievre-et-la-douleur-a0250\/#primaryimage\"},\"image\":{\"@id\":\"https:\/\/akuku.com.pl\/fr\/catalogue-de-produits\/soins\/accessoires-de-peuriculture\/compresse-de-gel-pour-enfants\/compresse-de-gel-contre-la-fievre-et-la-douleur-a0250\/#primaryimage\"},\"thumbnailUrl\":\"https:\/\/akuku.com.pl\/wp-content\/uploads\/2024\/07\/a0250.jpeg\",\"datePublished\":\"2024-07-04T21:08:52+00:00\",\"dateModified\":\"2024-07-29T19:52:21+00:00\",\"description\":\"Sprawd\u017a nasz produkt: Compresse de gel contre la fi\u00e8vre et la douleur. Produkty Akuku - odpowiednie dla mam i niemowl\u0105t!\",\"breadcrumb\":{\"@id\":\"https:\/\/akuku.com.pl\/fr\/catalogue-de-produits\/soins\/accessoires-de-peuriculture\/compresse-de-gel-pour-enfants\/compresse-de-gel-contre-la-fievre-et-la-douleur-a0250\/#breadcrumb\"},\"inLanguage\":\"fr-FR\",\"potentialAction\":[{\"@type\":\"ReadAction\",\"target\":[\"https:\/\/akuku.com.pl\/fr\/catalogue-de-produits\/soins\/accessoires-de-peuriculture\/compresse-de-gel-pour-enfants\/compresse-de-gel-contre-la-fievre-et-la-douleur-a0250\/\"]}]},{\"@type\":\"ImageObject\",\"inLanguage\":\"fr-FR\",\"@id\":\"https:\/\/akuku.com.pl\/fr\/catalogue-de-produits\/soins\/accessoires-de-peuriculture\/compresse-de-gel-pour-enfants\/compresse-de-gel-contre-la-fievre-et-la-douleur-a0250\/#primaryimage\",\"url\":\"https:\/\/akuku.com.pl\/wp-content\/uploads\/2024\/07\/a0250.jpeg\",\"contentUrl\":\"https:\/\/akuku.com.pl\/wp-content\/uploads\/2024\/07\/a0250.jpeg\",\"width\":720,\"height\":720},{\"@type\":\"BreadcrumbList\",\"@id\":\"https:\/\/akuku.com.pl\/fr\/catalogue-de-produits\/soins\/accessoires-de-peuriculture\/compresse-de-gel-pour-enfants\/compresse-de-gel-contre-la-fievre-et-la-douleur-a0250\/#breadcrumb\",\"itemListElement\":[{\"@type\":\"ListItem\",\"position\":1,\"name\":\"Strona g\u0142\u00f3wna\",\"item\":\"https:\/\/akuku.com.pl\/fr\/\"},{\"@type\":\"ListItem\",\"position\":2,\"name\":\"Boutique\",\"item\":\"https:\/\/akuku.com.pl\/wszystkie-produkty\/\"},{\"@type\":\"ListItem\",\"position\":3,\"name\":\"Compresse de gel contre la fi\u00e8vre et la douleur\"}]},{\"@type\":\"WebSite\",\"@id\":\"https:\/\/akuku.com.pl\/fr\/#website\",\"url\":\"https:\/\/akuku.com.pl\/fr\/\",\"name\":\"Akuku.com.pl\",\"description\":\"\",\"publisher\":{\"@id\":\"https:\/\/akuku.com.pl\/fr\/#organization\"},\"potentialAction\":[{\"@type\":\"SearchAction\",\"target\":{\"@type\":\"EntryPoint\",\"urlTemplate\":\"https:\/\/akuku.com.pl\/fr\/?s={search_term_string}\"},\"query-input\":{\"@type\":\"PropertyValueSpecification\",\"valueRequired\":true,\"valueName\":\"search_term_string\"}}],\"inLanguage\":\"fr-FR\"},{\"@type\":\"Organization\",\"@id\":\"https:\/\/akuku.com.pl\/fr\/#organization\",\"name\":\"Akuku.com.pl\",\"url\":\"https:\/\/akuku.com.pl\/fr\/\",\"logo\":{\"@type\":\"ImageObject\",\"inLanguage\":\"fr-FR\",\"@id\":\"https:\/\/akuku.com.pl\/fr\/#\/schema\/logo\/image\/\",\"url\":\"https:\/\/akuku.com.pl\/wp-content\/uploads\/2024\/04\/akuku-logo.svg\",\"contentUrl\":\"https:\/\/akuku.com.pl\/wp-content\/uploads\/2024\/04\/akuku-logo.svg\",\"width\":114,\"height\":50,\"caption\":\"Akuku.com.pl\"},\"image\":{\"@id\":\"https:\/\/akuku.com.pl\/fr\/#\/schema\/logo\/image\/\"},\"sameAs\":[\"https:\/\/www.facebook.com\/markaAKUKU\"]}]}<\/script>\n<!-- \/ Yoast SEO plugin. -->","yoast_head_json":{"title":"Compresse de gel contre la fi\u00e8vre et la douleur - Akuku","description":"Sprawd\u017a nasz produkt: Compresse de gel contre la fi\u00e8vre et la douleur. Produkty Akuku - odpowiednie dla mam i niemowl\u0105t!","robots":{"index":"index","follow":"follow","max-snippet":"max-snippet:-1","max-image-preview":"max-image-preview:large","max-video-preview":"max-video-preview:-1"},"canonical":"https:\/\/akuku.com.pl\/fr\/catalogue-de-produits\/soins\/accessoires-de-peuriculture\/compresse-de-gel-pour-enfants\/compresse-de-gel-contre-la-fievre-et-la-douleur-a0250\/","og_locale":"fr_FR","og_type":"article","og_title":"Compresse de gel contre la fi\u00e8vre et la douleur - Akuku","og_description":"Sprawd\u017a nasz produkt: Compresse de gel contre la fi\u00e8vre et la douleur. Produkty Akuku - odpowiednie dla mam i niemowl\u0105t!","og_url":"https:\/\/akuku.com.pl\/fr\/catalogue-de-produits\/soins\/accessoires-de-peuriculture\/compresse-de-gel-pour-enfants\/compresse-de-gel-contre-la-fievre-et-la-douleur-a0250\/","og_site_name":"Akuku","article_publisher":"https:\/\/www.facebook.com\/markaAKUKU","article_modified_time":"2024-07-29T19:52:21+00:00","og_image":[{"width":720,"height":720,"url":"https:\/\/akuku.com.pl\/wp-content\/uploads\/2024\/07\/a0250.jpeg","type":"image\/jpeg"}],"twitter_card":"summary_large_image","twitter_misc":{"Dur\u00e9e de lecture estim\u00e9e":"1 minute"},"schema":{"@context":"https:\/\/schema.org","@graph":[{"@type":"WebPage","@id":"https:\/\/akuku.com.pl\/fr\/catalogue-de-produits\/soins\/accessoires-de-peuriculture\/compresse-de-gel-pour-enfants\/compresse-de-gel-contre-la-fievre-et-la-douleur-a0250\/","url":"https:\/\/akuku.com.pl\/fr\/catalogue-de-produits\/soins\/accessoires-de-peuriculture\/compresse-de-gel-pour-enfants\/compresse-de-gel-contre-la-fievre-et-la-douleur-a0250\/","name":"Compresse de gel contre la fi\u00e8vre et la douleur - Akuku","isPartOf":{"@id":"https:\/\/akuku.com.pl\/fr\/#website"},"primaryImageOfPage":{"@id":"https:\/\/akuku.com.pl\/fr\/catalogue-de-produits\/soins\/accessoires-de-peuriculture\/compresse-de-gel-pour-enfants\/compresse-de-gel-contre-la-fievre-et-la-douleur-a0250\/#primaryimage"},"image":{"@id":"https:\/\/akuku.com.pl\/fr\/catalogue-de-produits\/soins\/accessoires-de-peuriculture\/compresse-de-gel-pour-enfants\/compresse-de-gel-contre-la-fievre-et-la-douleur-a0250\/#primaryimage"},"thumbnailUrl":"https:\/\/akuku.com.pl\/wp-content\/uploads\/2024\/07\/a0250.jpeg","datePublished":"2024-07-04T21:08:52+00:00","dateModified":"2024-07-29T19:52:21+00:00","description":"Sprawd\u017a nasz produkt: Compresse de gel contre la fi\u00e8vre et la douleur. Produkty Akuku - odpowiednie dla mam i niemowl\u0105t!","breadcrumb":{"@id":"https:\/\/akuku.com.pl\/fr\/catalogue-de-produits\/soins\/accessoires-de-peuriculture\/compresse-de-gel-pour-enfants\/compresse-de-gel-contre-la-fievre-et-la-douleur-a0250\/#breadcrumb"},"inLanguage":"fr-FR","potentialAction":[{"@type":"ReadAction","target":["https:\/\/akuku.com.pl\/fr\/catalogue-de-produits\/soins\/accessoires-de-peuriculture\/compresse-de-gel-pour-enfants\/compresse-de-gel-contre-la-fievre-et-la-douleur-a0250\/"]}]},{"@type":"ImageObject","inLanguage":"fr-FR","@id":"https:\/\/akuku.com.pl\/fr\/catalogue-de-produits\/soins\/accessoires-de-peuriculture\/compresse-de-gel-pour-enfants\/compresse-de-gel-contre-la-fievre-et-la-douleur-a0250\/#primaryimage","url":"https:\/\/akuku.com.pl\/wp-content\/uploads\/2024\/07\/a0250.jpeg","contentUrl":"https:\/\/akuku.com.pl\/wp-content\/uploads\/2024\/07\/a0250.jpeg","width":720,"height":720},{"@type":"BreadcrumbList","@id":"https:\/\/akuku.com.pl\/fr\/catalogue-de-produits\/soins\/accessoires-de-peuriculture\/compresse-de-gel-pour-enfants\/compresse-de-gel-contre-la-fievre-et-la-douleur-a0250\/#breadcrumb","itemListElement":[{"@type":"ListItem","position":1,"name":"Strona g\u0142\u00f3wna","item":"https:\/\/akuku.com.pl\/fr\/"},{"@type":"ListItem","position":2,"name":"Boutique","item":"https:\/\/akuku.com.pl\/wszystkie-produkty\/"},{"@type":"ListItem","position":3,"name":"Compresse de gel contre la fi\u00e8vre et la douleur"}]},{"@type":"WebSite","@id":"https:\/\/akuku.com.pl\/fr\/#website","url":"https:\/\/akuku.com.pl\/fr\/","name":"Akuku.com.pl","description":"","publisher":{"@id":"https:\/\/akuku.com.pl\/fr\/#organization"},"potentialAction":[{"@type":"SearchAction","target":{"@type":"EntryPoint","urlTemplate":"https:\/\/akuku.com.pl\/fr\/?s={search_term_string}"},"query-input":{"@type":"PropertyValueSpecification","valueRequired":true,"valueName":"search_term_string"}}],"inLanguage":"fr-FR"},{"@type":"Organization","@id":"https:\/\/akuku.com.pl\/fr\/#organization","name":"Akuku.com.pl","url":"https:\/\/akuku.com.pl\/fr\/","logo":{"@type":"ImageObject","inLanguage":"fr-FR","@id":"https:\/\/akuku.com.pl\/fr\/#\/schema\/logo\/image\/","url":"https:\/\/akuku.com.pl\/wp-content\/uploads\/2024\/04\/akuku-logo.svg","contentUrl":"https:\/\/akuku.com.pl\/wp-content\/uploads\/2024\/04\/akuku-logo.svg","width":114,"height":50,"caption":"Akuku.com.pl"},"image":{"@id":"https:\/\/akuku.com.pl\/fr\/#\/schema\/logo\/image\/"},"sameAs":["https:\/\/www.facebook.com\/markaAKUKU"]}]}},"_links":{"self":[{"href":"https:\/\/akuku.com.pl\/fr\/wp-json\/wp\/v2\/product\/9800","targetHints":{"allow":["GET"]}}],"collection":[{"href":"https:\/\/akuku.com.pl\/fr\/wp-json\/wp\/v2\/product"}],"about":[{"href":"https:\/\/akuku.com.pl\/fr\/wp-json\/wp\/v2\/types\/product"}],"wp:featuredmedia":[{"embeddable":true,"href":"https:\/\/akuku.com.pl\/fr\/wp-json\/wp\/v2\/media\/9776"}],"wp:attachment":[{"href":"https:\/\/akuku.com.pl\/fr\/wp-json\/wp\/v2\/media?parent=9800"}],"wp:term":[{"taxonomy":"product_cat","embeddable":true,"href":"https:\/\/akuku.com.pl\/fr\/wp-json\/wp\/v2\/product_cat?post=9800"},{"taxonomy":"product_tag","embeddable":true,"href":"https:\/\/akuku.com.pl\/fr\/wp-json\/wp\/v2\/product_tag?post=9800"}],"curies":[{"name":"wp","href":"https:\/\/api.w.org\/{rel}","templated":true}]}}