{"id":9737,"date":"2024-07-04T23:08:24","date_gmt":"2024-07-04T21:08:24","guid":{"rendered":"https:\/\/wp.akuku.com.pl\/sklep\/non%20class\u00e9\/brosse-a-dents-a-doigts-en-silicone-a0263\/"},"modified":"2024-07-29T21:52:24","modified_gmt":"2024-07-29T19:52:24","slug":"brosse-a-dents-a-doigts-en-silicone-a0263","status":"publish","type":"product","link":"https:\/\/akuku.com.pl\/fr\/catalogue-de-produits\/soins\/accessoires-de-peuriculture\/brosses-pour-lhygiene-bucco-dentaire\/brosse-a-dents-a-doigts-en-silicone-a0263\/","title":{"rendered":"Brosse \u00e0 dents \u00e0 doigts en silicone"},"content":{"rendered":"<div class=\"textWrap\">\n<p>Brosse \u00e0 dents \u00e0 doigts en silicone A0263<\/p>\n<p>Notre brosse \u00e0 dents en silicone est d\u00e9stin\u00e9e \u00e0 brosser les toutes premi\u00e8res dents de votre enfant et \u00e0 masser ses gencives. <br \/>Elle peut \u00eatre utilis\u00e9e m\u00eame par ces enfants qui n&rsquo;ont pas encore de dents, <br \/>pour leur apprendre l&rsquo;habitude de maintenir une hygi\u00e8ne bucco-dentaire et de masser en profondeur leurs gencives d\u00e9licates. <br \/>La forme de notre brosse vous permet d&rsquo;atteindre les endroits dans la bouche dont l\u2019acc\u00e8s est difficile pour y \u00e9liminer les restes de nourriture. <br \/>Elle permet aux parents de nettoyer en toute s\u00e9curit\u00e9 les gencives et dents sensibles du b\u00e9b\u00e9 sans craindre de les endommager, <br \/>ce qui peut arriver lors de l&rsquo;utilisation de brosses \u00e0 dents traditionnelles et d\u00e9courager l&rsquo;enfant de se brosser les dents \u00e0 l&rsquo;avenir. <br \/>Fabriqu\u00e9e en silicone d\u00e9licat, sans danger pour la sant\u00e9 humaine.<br \/>Munie d\u2019un \u00e9tui pour le rangement hygi\u00e9nique.<\/p>\n<div class=\"textWrap\" style=\"text-align: justify\"><span style=\"font-size: 12pt\"><img decoding=\"async\" alt=\"\" src=\"https:\/\/akuku.com.pl\/wp-content\/uploads\/2024\/09\/BPA-Free-logo-png_1.png\" \/><\/span><\/p>\n","protected":false},"excerpt":{"rendered":"<p>Brosse \u00e0 dents \u00e0 doigts en silicone A0263 Notre brosse \u00e0 dents en silicone est d\u00e9stin\u00e9e \u00e0 brosser les toutes premi\u00e8res dents de votre enfant et \u00e0 masser ses gencives. Elle peut \u00eatre utilis\u00e9e m\u00eame par ces enfants qui n&rsquo;ont pas encore de dents, pour leur apprendre l&rsquo;habitude de maintenir une hygi\u00e8ne bucco-dentaire et de [&hellip;]<\/p>\n","protected":false},"featured_media":9722,"template":"","meta":[],"product_cat":[3414,3456],"product_tag":[],"class_list":{"0":"post-9737","1":"product","2":"type-product","3":"status-publish","4":"has-post-thumbnail","6":"product_cat-soins","7":"product_cat-brosses-pour-lhygiene-bucco-dentaire","9":"first","10":"instock","11":"shipping-taxable","12":"product-type-simple"},"yoast_head":"<!-- This site is optimized with the Yoast SEO plugin v26.2 - https:\/\/yoast.com\/wordpress\/plugins\/seo\/ -->\n<title>Brosse \u00e0 dents \u00e0 doigts en silicone - Akuku<\/title>\n<meta name=\"description\" content=\"Sprawd\u017a nasz produkt: Brosse \u00e0 dents \u00e0 doigts en silicone. Produkty Akuku - odpowiednie dla mam i niemowl\u0105t!\" \/>\n<meta name=\"robots\" content=\"index, follow, max-snippet:-1, max-image-preview:large, max-video-preview:-1\" \/>\n<link rel=\"canonical\" href=\"https:\/\/akuku.com.pl\/fr\/catalogue-de-produits\/soins\/accessoires-de-peuriculture\/brosses-pour-lhygiene-bucco-dentaire\/brosse-a-dents-a-doigts-en-silicone-a0263\/\" \/>\n<meta property=\"og:locale\" content=\"fr_FR\" \/>\n<meta property=\"og:type\" content=\"article\" \/>\n<meta property=\"og:title\" content=\"Brosse \u00e0 dents \u00e0 doigts en silicone - Akuku\" \/>\n<meta property=\"og:description\" content=\"Sprawd\u017a nasz produkt: Brosse \u00e0 dents \u00e0 doigts en silicone. Produkty Akuku - odpowiednie dla mam i niemowl\u0105t!\" \/>\n<meta property=\"og:url\" content=\"https:\/\/akuku.com.pl\/fr\/catalogue-de-produits\/soins\/accessoires-de-peuriculture\/brosses-pour-lhygiene-bucco-dentaire\/brosse-a-dents-a-doigts-en-silicone-a0263\/\" \/>\n<meta property=\"og:site_name\" content=\"Akuku\" \/>\n<meta property=\"article:publisher\" content=\"https:\/\/www.facebook.com\/markaAKUKU\" \/>\n<meta property=\"article:modified_time\" content=\"2024-07-29T19:52:24+00:00\" \/>\n<meta property=\"og:image\" content=\"https:\/\/akuku.com.pl\/wp-content\/uploads\/2024\/07\/a0263-blue.jpeg\" \/>\n\t<meta property=\"og:image:width\" content=\"720\" \/>\n\t<meta property=\"og:image:height\" content=\"720\" \/>\n\t<meta property=\"og:image:type\" content=\"image\/jpeg\" \/>\n<meta name=\"twitter:card\" content=\"summary_large_image\" \/>\n<meta name=\"twitter:label1\" content=\"Dur\u00e9e de lecture estim\u00e9e\" \/>\n\t<meta name=\"twitter:data1\" content=\"1 minute\" \/>\n<script type=\"application\/ld+json\" class=\"yoast-schema-graph\">{\"@context\":\"https:\/\/schema.org\",\"@graph\":[{\"@type\":\"WebPage\",\"@id\":\"https:\/\/akuku.com.pl\/fr\/catalogue-de-produits\/soins\/accessoires-de-peuriculture\/brosses-pour-lhygiene-bucco-dentaire\/brosse-a-dents-a-doigts-en-silicone-a0263\/\",\"url\":\"https:\/\/akuku.com.pl\/fr\/catalogue-de-produits\/soins\/accessoires-de-peuriculture\/brosses-pour-lhygiene-bucco-dentaire\/brosse-a-dents-a-doigts-en-silicone-a0263\/\",\"name\":\"Brosse \u00e0 dents \u00e0 doigts en silicone - Akuku\",\"isPartOf\":{\"@id\":\"https:\/\/akuku.com.pl\/fr\/#website\"},\"primaryImageOfPage\":{\"@id\":\"https:\/\/akuku.com.pl\/fr\/catalogue-de-produits\/soins\/accessoires-de-peuriculture\/brosses-pour-lhygiene-bucco-dentaire\/brosse-a-dents-a-doigts-en-silicone-a0263\/#primaryimage\"},\"image\":{\"@id\":\"https:\/\/akuku.com.pl\/fr\/catalogue-de-produits\/soins\/accessoires-de-peuriculture\/brosses-pour-lhygiene-bucco-dentaire\/brosse-a-dents-a-doigts-en-silicone-a0263\/#primaryimage\"},\"thumbnailUrl\":\"https:\/\/akuku.com.pl\/wp-content\/uploads\/2024\/07\/a0263-blue.jpeg\",\"datePublished\":\"2024-07-04T21:08:24+00:00\",\"dateModified\":\"2024-07-29T19:52:24+00:00\",\"description\":\"Sprawd\u017a nasz produkt: Brosse \u00e0 dents \u00e0 doigts en silicone. Produkty Akuku - odpowiednie dla mam i niemowl\u0105t!\",\"breadcrumb\":{\"@id\":\"https:\/\/akuku.com.pl\/fr\/catalogue-de-produits\/soins\/accessoires-de-peuriculture\/brosses-pour-lhygiene-bucco-dentaire\/brosse-a-dents-a-doigts-en-silicone-a0263\/#breadcrumb\"},\"inLanguage\":\"fr-FR\",\"potentialAction\":[{\"@type\":\"ReadAction\",\"target\":[\"https:\/\/akuku.com.pl\/fr\/catalogue-de-produits\/soins\/accessoires-de-peuriculture\/brosses-pour-lhygiene-bucco-dentaire\/brosse-a-dents-a-doigts-en-silicone-a0263\/\"]}]},{\"@type\":\"ImageObject\",\"inLanguage\":\"fr-FR\",\"@id\":\"https:\/\/akuku.com.pl\/fr\/catalogue-de-produits\/soins\/accessoires-de-peuriculture\/brosses-pour-lhygiene-bucco-dentaire\/brosse-a-dents-a-doigts-en-silicone-a0263\/#primaryimage\",\"url\":\"https:\/\/akuku.com.pl\/wp-content\/uploads\/2024\/07\/a0263-blue.jpeg\",\"contentUrl\":\"https:\/\/akuku.com.pl\/wp-content\/uploads\/2024\/07\/a0263-blue.jpeg\",\"width\":720,\"height\":720},{\"@type\":\"BreadcrumbList\",\"@id\":\"https:\/\/akuku.com.pl\/fr\/catalogue-de-produits\/soins\/accessoires-de-peuriculture\/brosses-pour-lhygiene-bucco-dentaire\/brosse-a-dents-a-doigts-en-silicone-a0263\/#breadcrumb\",\"itemListElement\":[{\"@type\":\"ListItem\",\"position\":1,\"name\":\"Strona g\u0142\u00f3wna\",\"item\":\"https:\/\/akuku.com.pl\/fr\/\"},{\"@type\":\"ListItem\",\"position\":2,\"name\":\"Boutique\",\"item\":\"https:\/\/akuku.com.pl\/wszystkie-produkty\/\"},{\"@type\":\"ListItem\",\"position\":3,\"name\":\"Brosse \u00e0 dents \u00e0 doigts en silicone\"}]},{\"@type\":\"WebSite\",\"@id\":\"https:\/\/akuku.com.pl\/fr\/#website\",\"url\":\"https:\/\/akuku.com.pl\/fr\/\",\"name\":\"Akuku.com.pl\",\"description\":\"\",\"publisher\":{\"@id\":\"https:\/\/akuku.com.pl\/fr\/#organization\"},\"potentialAction\":[{\"@type\":\"SearchAction\",\"target\":{\"@type\":\"EntryPoint\",\"urlTemplate\":\"https:\/\/akuku.com.pl\/fr\/?s={search_term_string}\"},\"query-input\":{\"@type\":\"PropertyValueSpecification\",\"valueRequired\":true,\"valueName\":\"search_term_string\"}}],\"inLanguage\":\"fr-FR\"},{\"@type\":\"Organization\",\"@id\":\"https:\/\/akuku.com.pl\/fr\/#organization\",\"name\":\"Akuku.com.pl\",\"url\":\"https:\/\/akuku.com.pl\/fr\/\",\"logo\":{\"@type\":\"ImageObject\",\"inLanguage\":\"fr-FR\",\"@id\":\"https:\/\/akuku.com.pl\/fr\/#\/schema\/logo\/image\/\",\"url\":\"https:\/\/akuku.com.pl\/wp-content\/uploads\/2024\/04\/akuku-logo.svg\",\"contentUrl\":\"https:\/\/akuku.com.pl\/wp-content\/uploads\/2024\/04\/akuku-logo.svg\",\"width\":114,\"height\":50,\"caption\":\"Akuku.com.pl\"},\"image\":{\"@id\":\"https:\/\/akuku.com.pl\/fr\/#\/schema\/logo\/image\/\"},\"sameAs\":[\"https:\/\/www.facebook.com\/markaAKUKU\"]}]}<\/script>\n<!-- \/ Yoast SEO plugin. -->","yoast_head_json":{"title":"Brosse \u00e0 dents \u00e0 doigts en silicone - Akuku","description":"Sprawd\u017a nasz produkt: Brosse \u00e0 dents \u00e0 doigts en silicone. Produkty Akuku - odpowiednie dla mam i niemowl\u0105t!","robots":{"index":"index","follow":"follow","max-snippet":"max-snippet:-1","max-image-preview":"max-image-preview:large","max-video-preview":"max-video-preview:-1"},"canonical":"https:\/\/akuku.com.pl\/fr\/catalogue-de-produits\/soins\/accessoires-de-peuriculture\/brosses-pour-lhygiene-bucco-dentaire\/brosse-a-dents-a-doigts-en-silicone-a0263\/","og_locale":"fr_FR","og_type":"article","og_title":"Brosse \u00e0 dents \u00e0 doigts en silicone - Akuku","og_description":"Sprawd\u017a nasz produkt: Brosse \u00e0 dents \u00e0 doigts en silicone. Produkty Akuku - odpowiednie dla mam i niemowl\u0105t!","og_url":"https:\/\/akuku.com.pl\/fr\/catalogue-de-produits\/soins\/accessoires-de-peuriculture\/brosses-pour-lhygiene-bucco-dentaire\/brosse-a-dents-a-doigts-en-silicone-a0263\/","og_site_name":"Akuku","article_publisher":"https:\/\/www.facebook.com\/markaAKUKU","article_modified_time":"2024-07-29T19:52:24+00:00","og_image":[{"width":720,"height":720,"url":"https:\/\/akuku.com.pl\/wp-content\/uploads\/2024\/07\/a0263-blue.jpeg","type":"image\/jpeg"}],"twitter_card":"summary_large_image","twitter_misc":{"Dur\u00e9e de lecture estim\u00e9e":"1 minute"},"schema":{"@context":"https:\/\/schema.org","@graph":[{"@type":"WebPage","@id":"https:\/\/akuku.com.pl\/fr\/catalogue-de-produits\/soins\/accessoires-de-peuriculture\/brosses-pour-lhygiene-bucco-dentaire\/brosse-a-dents-a-doigts-en-silicone-a0263\/","url":"https:\/\/akuku.com.pl\/fr\/catalogue-de-produits\/soins\/accessoires-de-peuriculture\/brosses-pour-lhygiene-bucco-dentaire\/brosse-a-dents-a-doigts-en-silicone-a0263\/","name":"Brosse \u00e0 dents \u00e0 doigts en silicone - Akuku","isPartOf":{"@id":"https:\/\/akuku.com.pl\/fr\/#website"},"primaryImageOfPage":{"@id":"https:\/\/akuku.com.pl\/fr\/catalogue-de-produits\/soins\/accessoires-de-peuriculture\/brosses-pour-lhygiene-bucco-dentaire\/brosse-a-dents-a-doigts-en-silicone-a0263\/#primaryimage"},"image":{"@id":"https:\/\/akuku.com.pl\/fr\/catalogue-de-produits\/soins\/accessoires-de-peuriculture\/brosses-pour-lhygiene-bucco-dentaire\/brosse-a-dents-a-doigts-en-silicone-a0263\/#primaryimage"},"thumbnailUrl":"https:\/\/akuku.com.pl\/wp-content\/uploads\/2024\/07\/a0263-blue.jpeg","datePublished":"2024-07-04T21:08:24+00:00","dateModified":"2024-07-29T19:52:24+00:00","description":"Sprawd\u017a nasz produkt: Brosse \u00e0 dents \u00e0 doigts en silicone. Produkty Akuku - odpowiednie dla mam i niemowl\u0105t!","breadcrumb":{"@id":"https:\/\/akuku.com.pl\/fr\/catalogue-de-produits\/soins\/accessoires-de-peuriculture\/brosses-pour-lhygiene-bucco-dentaire\/brosse-a-dents-a-doigts-en-silicone-a0263\/#breadcrumb"},"inLanguage":"fr-FR","potentialAction":[{"@type":"ReadAction","target":["https:\/\/akuku.com.pl\/fr\/catalogue-de-produits\/soins\/accessoires-de-peuriculture\/brosses-pour-lhygiene-bucco-dentaire\/brosse-a-dents-a-doigts-en-silicone-a0263\/"]}]},{"@type":"ImageObject","inLanguage":"fr-FR","@id":"https:\/\/akuku.com.pl\/fr\/catalogue-de-produits\/soins\/accessoires-de-peuriculture\/brosses-pour-lhygiene-bucco-dentaire\/brosse-a-dents-a-doigts-en-silicone-a0263\/#primaryimage","url":"https:\/\/akuku.com.pl\/wp-content\/uploads\/2024\/07\/a0263-blue.jpeg","contentUrl":"https:\/\/akuku.com.pl\/wp-content\/uploads\/2024\/07\/a0263-blue.jpeg","width":720,"height":720},{"@type":"BreadcrumbList","@id":"https:\/\/akuku.com.pl\/fr\/catalogue-de-produits\/soins\/accessoires-de-peuriculture\/brosses-pour-lhygiene-bucco-dentaire\/brosse-a-dents-a-doigts-en-silicone-a0263\/#breadcrumb","itemListElement":[{"@type":"ListItem","position":1,"name":"Strona g\u0142\u00f3wna","item":"https:\/\/akuku.com.pl\/fr\/"},{"@type":"ListItem","position":2,"name":"Boutique","item":"https:\/\/akuku.com.pl\/wszystkie-produkty\/"},{"@type":"ListItem","position":3,"name":"Brosse \u00e0 dents \u00e0 doigts en silicone"}]},{"@type":"WebSite","@id":"https:\/\/akuku.com.pl\/fr\/#website","url":"https:\/\/akuku.com.pl\/fr\/","name":"Akuku.com.pl","description":"","publisher":{"@id":"https:\/\/akuku.com.pl\/fr\/#organization"},"potentialAction":[{"@type":"SearchAction","target":{"@type":"EntryPoint","urlTemplate":"https:\/\/akuku.com.pl\/fr\/?s={search_term_string}"},"query-input":{"@type":"PropertyValueSpecification","valueRequired":true,"valueName":"search_term_string"}}],"inLanguage":"fr-FR"},{"@type":"Organization","@id":"https:\/\/akuku.com.pl\/fr\/#organization","name":"Akuku.com.pl","url":"https:\/\/akuku.com.pl\/fr\/","logo":{"@type":"ImageObject","inLanguage":"fr-FR","@id":"https:\/\/akuku.com.pl\/fr\/#\/schema\/logo\/image\/","url":"https:\/\/akuku.com.pl\/wp-content\/uploads\/2024\/04\/akuku-logo.svg","contentUrl":"https:\/\/akuku.com.pl\/wp-content\/uploads\/2024\/04\/akuku-logo.svg","width":114,"height":50,"caption":"Akuku.com.pl"},"image":{"@id":"https:\/\/akuku.com.pl\/fr\/#\/schema\/logo\/image\/"},"sameAs":["https:\/\/www.facebook.com\/markaAKUKU"]}]}},"_links":{"self":[{"href":"https:\/\/akuku.com.pl\/fr\/wp-json\/wp\/v2\/product\/9737","targetHints":{"allow":["GET"]}}],"collection":[{"href":"https:\/\/akuku.com.pl\/fr\/wp-json\/wp\/v2\/product"}],"about":[{"href":"https:\/\/akuku.com.pl\/fr\/wp-json\/wp\/v2\/types\/product"}],"wp:featuredmedia":[{"embeddable":true,"href":"https:\/\/akuku.com.pl\/fr\/wp-json\/wp\/v2\/media\/9722"}],"wp:attachment":[{"href":"https:\/\/akuku.com.pl\/fr\/wp-json\/wp\/v2\/media?parent=9737"}],"wp:term":[{"taxonomy":"product_cat","embeddable":true,"href":"https:\/\/akuku.com.pl\/fr\/wp-json\/wp\/v2\/product_cat?post=9737"},{"taxonomy":"product_tag","embeddable":true,"href":"https:\/\/akuku.com.pl\/fr\/wp-json\/wp\/v2\/product_tag?post=9737"}],"curies":[{"name":"wp","href":"https:\/\/api.w.org\/{rel}","templated":true}]}}