{"id":9632,"date":"2024-07-04T23:07:27","date_gmt":"2024-07-04T21:07:27","guid":{"rendered":"https:\/\/wp.akuku.com.pl\/sklep\/non%20class\u00e9\/coffret-daccessoires-de-soins-a0040\/"},"modified":"2024-10-11T10:44:44","modified_gmt":"2024-10-11T08:44:44","slug":"coffret-daccessoires-de-soins-a0040","status":"publish","type":"product","link":"https:\/\/akuku.com.pl\/fr\/catalogue-de-produits\/soins\/accessoires-de-peuriculture\/lot-de-soins-pour-bebe\/coffret-daccessoires-de-soins-a0040\/","title":{"rendered":"Coffret d\u2019accessoires de soins"},"content":{"rendered":"<div class=\"textWrap\">\n<p style=\"font-weight: 400; text-align: justify;\">\n<p>Un lot pratique de manucure permettra \u00e0 chaque m\u00e8re attentionn\u00e9e de prendre plus facilement soin des ongles de son enfant.<\/p>\n<p>Les ciseaux (avec de fines lames m\u00e9talliques et des bords arrondis) et coupe-ongle vous aideront \u00e0 d\u00e9couper les petits ongles en toute s\u00e9curit\u00e9.<br \/>\nUne lime \u00e0 ongles \u00e9liminera facilement les irr\u00e9gularit\u00e9s, prot\u00e9geant ainsi votre enfant des griffures.<\/p>\n<p>Afin de minimiser le risque que le b\u00e9b\u00e9 bouge de mani\u00e8re inattendue, il est recommand\u00e9 de lui d\u00e9couper les ongles pendant son sommeil.<\/p>\n<p>Lot comprend: ciseaux, coupe-ongle et lime.<\/p>\n<\/div>\n<p>&nbsp;<\/p>\n<p>CODE EAN: 5907644000401<\/p>\n","protected":false},"excerpt":{"rendered":"<p>Un lot pratique de manucure permettra \u00e0 chaque m\u00e8re attentionn\u00e9e de prendre plus facilement soin des ongles de son enfant. Les ciseaux (avec de fines lames m\u00e9talliques et des bords arrondis) et coupe-ongle vous aideront \u00e0 d\u00e9couper les petits ongles en toute s\u00e9curit\u00e9. Une lime \u00e0 ongles \u00e9liminera facilement les irr\u00e9gularit\u00e9s, prot\u00e9geant ainsi votre enfant [&hellip;]<\/p>\n","protected":false},"featured_media":9617,"template":"","meta":[],"product_cat":[3414,3453],"product_tag":[],"class_list":{"0":"post-9632","1":"product","2":"type-product","3":"status-publish","4":"has-post-thumbnail","6":"product_cat-soins","7":"product_cat-lot-de-soins-pour-bebe","9":"first","10":"instock","11":"shipping-taxable","12":"product-type-simple"},"yoast_head":"<!-- This site is optimized with the Yoast SEO plugin v26.2 - https:\/\/yoast.com\/wordpress\/plugins\/seo\/ -->\n<title>Coffret d\u2019accessoires de soins - Akuku<\/title>\n<meta name=\"description\" content=\"Sprawd\u017a nasz produkt: Coffret d\u2019accessoires de soins. Produkty Akuku - odpowiednie dla mam i niemowl\u0105t!\" \/>\n<meta name=\"robots\" content=\"index, follow, max-snippet:-1, max-image-preview:large, max-video-preview:-1\" \/>\n<link rel=\"canonical\" href=\"https:\/\/akuku.com.pl\/fr\/catalogue-de-produits\/soins\/accessoires-de-peuriculture\/lot-de-soins-pour-bebe\/coffret-daccessoires-de-soins-a0040\/\" \/>\n<meta property=\"og:locale\" content=\"fr_FR\" \/>\n<meta property=\"og:type\" content=\"article\" \/>\n<meta property=\"og:title\" content=\"Coffret d\u2019accessoires de soins - Akuku\" \/>\n<meta property=\"og:description\" content=\"Sprawd\u017a nasz produkt: Coffret d\u2019accessoires de soins. Produkty Akuku - odpowiednie dla mam i niemowl\u0105t!\" \/>\n<meta property=\"og:url\" content=\"https:\/\/akuku.com.pl\/fr\/catalogue-de-produits\/soins\/accessoires-de-peuriculture\/lot-de-soins-pour-bebe\/coffret-daccessoires-de-soins-a0040\/\" \/>\n<meta property=\"og:site_name\" content=\"Akuku\" \/>\n<meta property=\"article:publisher\" content=\"https:\/\/www.facebook.com\/markaAKUKU\" \/>\n<meta property=\"article:modified_time\" content=\"2024-10-11T08:44:44+00:00\" \/>\n<meta property=\"og:image\" content=\"https:\/\/akuku.com.pl\/wp-content\/uploads\/2024\/07\/a0040-new-3.jpeg\" \/>\n\t<meta property=\"og:image:width\" content=\"720\" \/>\n\t<meta property=\"og:image:height\" content=\"720\" \/>\n\t<meta property=\"og:image:type\" content=\"image\/jpeg\" \/>\n<meta name=\"twitter:card\" content=\"summary_large_image\" \/>\n<script type=\"application\/ld+json\" class=\"yoast-schema-graph\">{\"@context\":\"https:\/\/schema.org\",\"@graph\":[{\"@type\":\"WebPage\",\"@id\":\"https:\/\/akuku.com.pl\/fr\/catalogue-de-produits\/soins\/accessoires-de-peuriculture\/lot-de-soins-pour-bebe\/coffret-daccessoires-de-soins-a0040\/\",\"url\":\"https:\/\/akuku.com.pl\/fr\/catalogue-de-produits\/soins\/accessoires-de-peuriculture\/lot-de-soins-pour-bebe\/coffret-daccessoires-de-soins-a0040\/\",\"name\":\"Coffret d\u2019accessoires de soins - Akuku\",\"isPartOf\":{\"@id\":\"https:\/\/akuku.com.pl\/fr\/#website\"},\"primaryImageOfPage\":{\"@id\":\"https:\/\/akuku.com.pl\/fr\/catalogue-de-produits\/soins\/accessoires-de-peuriculture\/lot-de-soins-pour-bebe\/coffret-daccessoires-de-soins-a0040\/#primaryimage\"},\"image\":{\"@id\":\"https:\/\/akuku.com.pl\/fr\/catalogue-de-produits\/soins\/accessoires-de-peuriculture\/lot-de-soins-pour-bebe\/coffret-daccessoires-de-soins-a0040\/#primaryimage\"},\"thumbnailUrl\":\"https:\/\/akuku.com.pl\/wp-content\/uploads\/2024\/07\/a0040-new-3.jpeg\",\"datePublished\":\"2024-07-04T21:07:27+00:00\",\"dateModified\":\"2024-10-11T08:44:44+00:00\",\"description\":\"Sprawd\u017a nasz produkt: Coffret d\u2019accessoires de soins. Produkty Akuku - odpowiednie dla mam i niemowl\u0105t!\",\"breadcrumb\":{\"@id\":\"https:\/\/akuku.com.pl\/fr\/catalogue-de-produits\/soins\/accessoires-de-peuriculture\/lot-de-soins-pour-bebe\/coffret-daccessoires-de-soins-a0040\/#breadcrumb\"},\"inLanguage\":\"fr-FR\",\"potentialAction\":[{\"@type\":\"ReadAction\",\"target\":[\"https:\/\/akuku.com.pl\/fr\/catalogue-de-produits\/soins\/accessoires-de-peuriculture\/lot-de-soins-pour-bebe\/coffret-daccessoires-de-soins-a0040\/\"]}]},{\"@type\":\"ImageObject\",\"inLanguage\":\"fr-FR\",\"@id\":\"https:\/\/akuku.com.pl\/fr\/catalogue-de-produits\/soins\/accessoires-de-peuriculture\/lot-de-soins-pour-bebe\/coffret-daccessoires-de-soins-a0040\/#primaryimage\",\"url\":\"https:\/\/akuku.com.pl\/wp-content\/uploads\/2024\/07\/a0040-new-3.jpeg\",\"contentUrl\":\"https:\/\/akuku.com.pl\/wp-content\/uploads\/2024\/07\/a0040-new-3.jpeg\",\"width\":720,\"height\":720},{\"@type\":\"BreadcrumbList\",\"@id\":\"https:\/\/akuku.com.pl\/fr\/catalogue-de-produits\/soins\/accessoires-de-peuriculture\/lot-de-soins-pour-bebe\/coffret-daccessoires-de-soins-a0040\/#breadcrumb\",\"itemListElement\":[{\"@type\":\"ListItem\",\"position\":1,\"name\":\"Strona g\u0142\u00f3wna\",\"item\":\"https:\/\/akuku.com.pl\/fr\/\"},{\"@type\":\"ListItem\",\"position\":2,\"name\":\"Boutique\",\"item\":\"https:\/\/akuku.com.pl\/wszystkie-produkty\/\"},{\"@type\":\"ListItem\",\"position\":3,\"name\":\"Coffret d\u2019accessoires de soins\"}]},{\"@type\":\"WebSite\",\"@id\":\"https:\/\/akuku.com.pl\/fr\/#website\",\"url\":\"https:\/\/akuku.com.pl\/fr\/\",\"name\":\"Akuku.com.pl\",\"description\":\"\",\"publisher\":{\"@id\":\"https:\/\/akuku.com.pl\/fr\/#organization\"},\"potentialAction\":[{\"@type\":\"SearchAction\",\"target\":{\"@type\":\"EntryPoint\",\"urlTemplate\":\"https:\/\/akuku.com.pl\/fr\/?s={search_term_string}\"},\"query-input\":{\"@type\":\"PropertyValueSpecification\",\"valueRequired\":true,\"valueName\":\"search_term_string\"}}],\"inLanguage\":\"fr-FR\"},{\"@type\":\"Organization\",\"@id\":\"https:\/\/akuku.com.pl\/fr\/#organization\",\"name\":\"Akuku.com.pl\",\"url\":\"https:\/\/akuku.com.pl\/fr\/\",\"logo\":{\"@type\":\"ImageObject\",\"inLanguage\":\"fr-FR\",\"@id\":\"https:\/\/akuku.com.pl\/fr\/#\/schema\/logo\/image\/\",\"url\":\"https:\/\/akuku.com.pl\/wp-content\/uploads\/2024\/04\/akuku-logo.svg\",\"contentUrl\":\"https:\/\/akuku.com.pl\/wp-content\/uploads\/2024\/04\/akuku-logo.svg\",\"width\":114,\"height\":50,\"caption\":\"Akuku.com.pl\"},\"image\":{\"@id\":\"https:\/\/akuku.com.pl\/fr\/#\/schema\/logo\/image\/\"},\"sameAs\":[\"https:\/\/www.facebook.com\/markaAKUKU\"]}]}<\/script>\n<!-- \/ Yoast SEO plugin. -->","yoast_head_json":{"title":"Coffret d\u2019accessoires de soins - Akuku","description":"Sprawd\u017a nasz produkt: Coffret d\u2019accessoires de soins. Produkty Akuku - odpowiednie dla mam i niemowl\u0105t!","robots":{"index":"index","follow":"follow","max-snippet":"max-snippet:-1","max-image-preview":"max-image-preview:large","max-video-preview":"max-video-preview:-1"},"canonical":"https:\/\/akuku.com.pl\/fr\/catalogue-de-produits\/soins\/accessoires-de-peuriculture\/lot-de-soins-pour-bebe\/coffret-daccessoires-de-soins-a0040\/","og_locale":"fr_FR","og_type":"article","og_title":"Coffret d\u2019accessoires de soins - Akuku","og_description":"Sprawd\u017a nasz produkt: Coffret d\u2019accessoires de soins. Produkty Akuku - odpowiednie dla mam i niemowl\u0105t!","og_url":"https:\/\/akuku.com.pl\/fr\/catalogue-de-produits\/soins\/accessoires-de-peuriculture\/lot-de-soins-pour-bebe\/coffret-daccessoires-de-soins-a0040\/","og_site_name":"Akuku","article_publisher":"https:\/\/www.facebook.com\/markaAKUKU","article_modified_time":"2024-10-11T08:44:44+00:00","og_image":[{"width":720,"height":720,"url":"https:\/\/akuku.com.pl\/wp-content\/uploads\/2024\/07\/a0040-new-3.jpeg","type":"image\/jpeg"}],"twitter_card":"summary_large_image","schema":{"@context":"https:\/\/schema.org","@graph":[{"@type":"WebPage","@id":"https:\/\/akuku.com.pl\/fr\/catalogue-de-produits\/soins\/accessoires-de-peuriculture\/lot-de-soins-pour-bebe\/coffret-daccessoires-de-soins-a0040\/","url":"https:\/\/akuku.com.pl\/fr\/catalogue-de-produits\/soins\/accessoires-de-peuriculture\/lot-de-soins-pour-bebe\/coffret-daccessoires-de-soins-a0040\/","name":"Coffret d\u2019accessoires de soins - Akuku","isPartOf":{"@id":"https:\/\/akuku.com.pl\/fr\/#website"},"primaryImageOfPage":{"@id":"https:\/\/akuku.com.pl\/fr\/catalogue-de-produits\/soins\/accessoires-de-peuriculture\/lot-de-soins-pour-bebe\/coffret-daccessoires-de-soins-a0040\/#primaryimage"},"image":{"@id":"https:\/\/akuku.com.pl\/fr\/catalogue-de-produits\/soins\/accessoires-de-peuriculture\/lot-de-soins-pour-bebe\/coffret-daccessoires-de-soins-a0040\/#primaryimage"},"thumbnailUrl":"https:\/\/akuku.com.pl\/wp-content\/uploads\/2024\/07\/a0040-new-3.jpeg","datePublished":"2024-07-04T21:07:27+00:00","dateModified":"2024-10-11T08:44:44+00:00","description":"Sprawd\u017a nasz produkt: Coffret d\u2019accessoires de soins. Produkty Akuku - odpowiednie dla mam i niemowl\u0105t!","breadcrumb":{"@id":"https:\/\/akuku.com.pl\/fr\/catalogue-de-produits\/soins\/accessoires-de-peuriculture\/lot-de-soins-pour-bebe\/coffret-daccessoires-de-soins-a0040\/#breadcrumb"},"inLanguage":"fr-FR","potentialAction":[{"@type":"ReadAction","target":["https:\/\/akuku.com.pl\/fr\/catalogue-de-produits\/soins\/accessoires-de-peuriculture\/lot-de-soins-pour-bebe\/coffret-daccessoires-de-soins-a0040\/"]}]},{"@type":"ImageObject","inLanguage":"fr-FR","@id":"https:\/\/akuku.com.pl\/fr\/catalogue-de-produits\/soins\/accessoires-de-peuriculture\/lot-de-soins-pour-bebe\/coffret-daccessoires-de-soins-a0040\/#primaryimage","url":"https:\/\/akuku.com.pl\/wp-content\/uploads\/2024\/07\/a0040-new-3.jpeg","contentUrl":"https:\/\/akuku.com.pl\/wp-content\/uploads\/2024\/07\/a0040-new-3.jpeg","width":720,"height":720},{"@type":"BreadcrumbList","@id":"https:\/\/akuku.com.pl\/fr\/catalogue-de-produits\/soins\/accessoires-de-peuriculture\/lot-de-soins-pour-bebe\/coffret-daccessoires-de-soins-a0040\/#breadcrumb","itemListElement":[{"@type":"ListItem","position":1,"name":"Strona g\u0142\u00f3wna","item":"https:\/\/akuku.com.pl\/fr\/"},{"@type":"ListItem","position":2,"name":"Boutique","item":"https:\/\/akuku.com.pl\/wszystkie-produkty\/"},{"@type":"ListItem","position":3,"name":"Coffret d\u2019accessoires de soins"}]},{"@type":"WebSite","@id":"https:\/\/akuku.com.pl\/fr\/#website","url":"https:\/\/akuku.com.pl\/fr\/","name":"Akuku.com.pl","description":"","publisher":{"@id":"https:\/\/akuku.com.pl\/fr\/#organization"},"potentialAction":[{"@type":"SearchAction","target":{"@type":"EntryPoint","urlTemplate":"https:\/\/akuku.com.pl\/fr\/?s={search_term_string}"},"query-input":{"@type":"PropertyValueSpecification","valueRequired":true,"valueName":"search_term_string"}}],"inLanguage":"fr-FR"},{"@type":"Organization","@id":"https:\/\/akuku.com.pl\/fr\/#organization","name":"Akuku.com.pl","url":"https:\/\/akuku.com.pl\/fr\/","logo":{"@type":"ImageObject","inLanguage":"fr-FR","@id":"https:\/\/akuku.com.pl\/fr\/#\/schema\/logo\/image\/","url":"https:\/\/akuku.com.pl\/wp-content\/uploads\/2024\/04\/akuku-logo.svg","contentUrl":"https:\/\/akuku.com.pl\/wp-content\/uploads\/2024\/04\/akuku-logo.svg","width":114,"height":50,"caption":"Akuku.com.pl"},"image":{"@id":"https:\/\/akuku.com.pl\/fr\/#\/schema\/logo\/image\/"},"sameAs":["https:\/\/www.facebook.com\/markaAKUKU"]}]}},"_links":{"self":[{"href":"https:\/\/akuku.com.pl\/fr\/wp-json\/wp\/v2\/product\/9632","targetHints":{"allow":["GET"]}}],"collection":[{"href":"https:\/\/akuku.com.pl\/fr\/wp-json\/wp\/v2\/product"}],"about":[{"href":"https:\/\/akuku.com.pl\/fr\/wp-json\/wp\/v2\/types\/product"}],"wp:featuredmedia":[{"embeddable":true,"href":"https:\/\/akuku.com.pl\/fr\/wp-json\/wp\/v2\/media\/9617"}],"wp:attachment":[{"href":"https:\/\/akuku.com.pl\/fr\/wp-json\/wp\/v2\/media?parent=9632"}],"wp:term":[{"taxonomy":"product_cat","embeddable":true,"href":"https:\/\/akuku.com.pl\/fr\/wp-json\/wp\/v2\/product_cat?post=9632"},{"taxonomy":"product_tag","embeddable":true,"href":"https:\/\/akuku.com.pl\/fr\/wp-json\/wp\/v2\/product_tag?post=9632"}],"curies":[{"name":"wp","href":"https:\/\/api.w.org\/{rel}","templated":true}]}}