{"id":9602,"date":"2024-07-04T23:03:54","date_gmt":"2024-07-04T21:03:54","guid":{"rendered":"https:\/\/wp.akuku.com.pl\/sklep\/non%20class\u00e9\/ciseaux-a-ongles-de-securite-a0418\/"},"modified":"2024-07-29T21:52:30","modified_gmt":"2024-07-29T19:52:30","slug":"ciseaux-a-ongles-de-securite-a0418","status":"publish","type":"product","link":"https:\/\/akuku.com.pl\/fr\/catalogue-de-produits\/soins\/accessoires-de-peuriculture\/lot-de-soins-pour-bebe\/ciseaux-a-ongles-de-securite-a0418\/","title":{"rendered":"Ciseaux \u00e0 ongles de s\u00e9curit\u00e9"},"content":{"rendered":"<div class=\"textWrap\">\n<p>Ciseaux \u00e0 ongles de s\u00e9curit\u00e9 A0418<\/p>\n<p>Des ciseaux pratiques de marque Akuku vous aideront \u00e0 d\u00e9couper de petits ongles de votre enfant en toute confiance et en toute s\u00e9curit\u00e9. <br \/>Ses lames m\u00e9talliques extr\u00eamement fines favorisent des mouvements tr\u00e8s pr\u00e9cis et efficaces. <br \/>Les bords arrondis prot\u00e8gent contre d&rsquo;\u00e9ventuelles piq\u00fbres douloureuses.<\/p>\n<\/div>\n","protected":false},"excerpt":{"rendered":"<p>Ciseaux \u00e0 ongles de s\u00e9curit\u00e9 A0418 Des ciseaux pratiques de marque Akuku vous aideront \u00e0 d\u00e9couper de petits ongles de votre enfant en toute confiance et en toute s\u00e9curit\u00e9. Ses lames m\u00e9talliques extr\u00eamement fines favorisent des mouvements tr\u00e8s pr\u00e9cis et efficaces. Les bords arrondis prot\u00e8gent contre d&rsquo;\u00e9ventuelles piq\u00fbres douloureuses.<\/p>\n","protected":false},"featured_media":9599,"template":"","meta":[],"product_cat":[3414,3453],"product_tag":[],"class_list":{"0":"post-9602","1":"product","2":"type-product","3":"status-publish","4":"has-post-thumbnail","6":"product_cat-soins","7":"product_cat-lot-de-soins-pour-bebe","9":"first","10":"instock","11":"shipping-taxable","12":"product-type-simple"},"yoast_head":"<!-- This site is optimized with the Yoast SEO plugin v26.2 - https:\/\/yoast.com\/wordpress\/plugins\/seo\/ -->\n<title>Ciseaux \u00e0 ongles de s\u00e9curit\u00e9 - Akuku<\/title>\n<meta name=\"description\" content=\"Sprawd\u017a nasz produkt: Ciseaux \u00e0 ongles de s\u00e9curit\u00e9. Produkty Akuku - odpowiednie dla mam i niemowl\u0105t!\" \/>\n<meta name=\"robots\" content=\"index, follow, max-snippet:-1, max-image-preview:large, max-video-preview:-1\" \/>\n<link rel=\"canonical\" href=\"https:\/\/akuku.com.pl\/fr\/catalogue-de-produits\/soins\/accessoires-de-peuriculture\/lot-de-soins-pour-bebe\/ciseaux-a-ongles-de-securite-a0418\/\" \/>\n<meta property=\"og:locale\" content=\"fr_FR\" \/>\n<meta property=\"og:type\" content=\"article\" \/>\n<meta property=\"og:title\" content=\"Ciseaux \u00e0 ongles de s\u00e9curit\u00e9 - Akuku\" \/>\n<meta property=\"og:description\" content=\"Sprawd\u017a nasz produkt: Ciseaux \u00e0 ongles de s\u00e9curit\u00e9. Produkty Akuku - odpowiednie dla mam i niemowl\u0105t!\" \/>\n<meta property=\"og:url\" content=\"https:\/\/akuku.com.pl\/fr\/catalogue-de-produits\/soins\/accessoires-de-peuriculture\/lot-de-soins-pour-bebe\/ciseaux-a-ongles-de-securite-a0418\/\" \/>\n<meta property=\"og:site_name\" content=\"Akuku\" \/>\n<meta property=\"article:publisher\" content=\"https:\/\/www.facebook.com\/markaAKUKU\" \/>\n<meta property=\"article:modified_time\" content=\"2024-07-29T19:52:30+00:00\" \/>\n<meta property=\"og:image\" content=\"https:\/\/akuku.com.pl\/wp-content\/uploads\/2024\/07\/A0418-2.jpg\" \/>\n\t<meta property=\"og:image:width\" content=\"2000\" \/>\n\t<meta property=\"og:image:height\" content=\"2000\" \/>\n\t<meta property=\"og:image:type\" content=\"image\/jpeg\" \/>\n<meta name=\"twitter:card\" content=\"summary_large_image\" \/>\n<script type=\"application\/ld+json\" class=\"yoast-schema-graph\">{\"@context\":\"https:\/\/schema.org\",\"@graph\":[{\"@type\":\"WebPage\",\"@id\":\"https:\/\/akuku.com.pl\/fr\/catalogue-de-produits\/soins\/accessoires-de-peuriculture\/lot-de-soins-pour-bebe\/ciseaux-a-ongles-de-securite-a0418\/\",\"url\":\"https:\/\/akuku.com.pl\/fr\/catalogue-de-produits\/soins\/accessoires-de-peuriculture\/lot-de-soins-pour-bebe\/ciseaux-a-ongles-de-securite-a0418\/\",\"name\":\"Ciseaux \u00e0 ongles de s\u00e9curit\u00e9 - Akuku\",\"isPartOf\":{\"@id\":\"https:\/\/akuku.com.pl\/fr\/#website\"},\"primaryImageOfPage\":{\"@id\":\"https:\/\/akuku.com.pl\/fr\/catalogue-de-produits\/soins\/accessoires-de-peuriculture\/lot-de-soins-pour-bebe\/ciseaux-a-ongles-de-securite-a0418\/#primaryimage\"},\"image\":{\"@id\":\"https:\/\/akuku.com.pl\/fr\/catalogue-de-produits\/soins\/accessoires-de-peuriculture\/lot-de-soins-pour-bebe\/ciseaux-a-ongles-de-securite-a0418\/#primaryimage\"},\"thumbnailUrl\":\"https:\/\/akuku.com.pl\/wp-content\/uploads\/2024\/07\/A0418-2.jpg\",\"datePublished\":\"2024-07-04T21:03:54+00:00\",\"dateModified\":\"2024-07-29T19:52:30+00:00\",\"description\":\"Sprawd\u017a nasz produkt: Ciseaux \u00e0 ongles de s\u00e9curit\u00e9. Produkty Akuku - odpowiednie dla mam i niemowl\u0105t!\",\"breadcrumb\":{\"@id\":\"https:\/\/akuku.com.pl\/fr\/catalogue-de-produits\/soins\/accessoires-de-peuriculture\/lot-de-soins-pour-bebe\/ciseaux-a-ongles-de-securite-a0418\/#breadcrumb\"},\"inLanguage\":\"fr-FR\",\"potentialAction\":[{\"@type\":\"ReadAction\",\"target\":[\"https:\/\/akuku.com.pl\/fr\/catalogue-de-produits\/soins\/accessoires-de-peuriculture\/lot-de-soins-pour-bebe\/ciseaux-a-ongles-de-securite-a0418\/\"]}]},{\"@type\":\"ImageObject\",\"inLanguage\":\"fr-FR\",\"@id\":\"https:\/\/akuku.com.pl\/fr\/catalogue-de-produits\/soins\/accessoires-de-peuriculture\/lot-de-soins-pour-bebe\/ciseaux-a-ongles-de-securite-a0418\/#primaryimage\",\"url\":\"https:\/\/akuku.com.pl\/wp-content\/uploads\/2024\/07\/A0418-2.jpg\",\"contentUrl\":\"https:\/\/akuku.com.pl\/wp-content\/uploads\/2024\/07\/A0418-2.jpg\",\"width\":2000,\"height\":2000,\"caption\":\"Ciseaux \u00e0 ongles de s\u00e9curit\u00e9 A0418\"},{\"@type\":\"BreadcrumbList\",\"@id\":\"https:\/\/akuku.com.pl\/fr\/catalogue-de-produits\/soins\/accessoires-de-peuriculture\/lot-de-soins-pour-bebe\/ciseaux-a-ongles-de-securite-a0418\/#breadcrumb\",\"itemListElement\":[{\"@type\":\"ListItem\",\"position\":1,\"name\":\"Strona g\u0142\u00f3wna\",\"item\":\"https:\/\/akuku.com.pl\/fr\/\"},{\"@type\":\"ListItem\",\"position\":2,\"name\":\"Boutique\",\"item\":\"https:\/\/akuku.com.pl\/wszystkie-produkty\/\"},{\"@type\":\"ListItem\",\"position\":3,\"name\":\"Ciseaux \u00e0 ongles de s\u00e9curit\u00e9\"}]},{\"@type\":\"WebSite\",\"@id\":\"https:\/\/akuku.com.pl\/fr\/#website\",\"url\":\"https:\/\/akuku.com.pl\/fr\/\",\"name\":\"Akuku.com.pl\",\"description\":\"\",\"publisher\":{\"@id\":\"https:\/\/akuku.com.pl\/fr\/#organization\"},\"potentialAction\":[{\"@type\":\"SearchAction\",\"target\":{\"@type\":\"EntryPoint\",\"urlTemplate\":\"https:\/\/akuku.com.pl\/fr\/?s={search_term_string}\"},\"query-input\":{\"@type\":\"PropertyValueSpecification\",\"valueRequired\":true,\"valueName\":\"search_term_string\"}}],\"inLanguage\":\"fr-FR\"},{\"@type\":\"Organization\",\"@id\":\"https:\/\/akuku.com.pl\/fr\/#organization\",\"name\":\"Akuku.com.pl\",\"url\":\"https:\/\/akuku.com.pl\/fr\/\",\"logo\":{\"@type\":\"ImageObject\",\"inLanguage\":\"fr-FR\",\"@id\":\"https:\/\/akuku.com.pl\/fr\/#\/schema\/logo\/image\/\",\"url\":\"https:\/\/akuku.com.pl\/wp-content\/uploads\/2024\/04\/akuku-logo.svg\",\"contentUrl\":\"https:\/\/akuku.com.pl\/wp-content\/uploads\/2024\/04\/akuku-logo.svg\",\"width\":114,\"height\":50,\"caption\":\"Akuku.com.pl\"},\"image\":{\"@id\":\"https:\/\/akuku.com.pl\/fr\/#\/schema\/logo\/image\/\"},\"sameAs\":[\"https:\/\/www.facebook.com\/markaAKUKU\"]}]}<\/script>\n<!-- \/ Yoast SEO plugin. -->","yoast_head_json":{"title":"Ciseaux \u00e0 ongles de s\u00e9curit\u00e9 - Akuku","description":"Sprawd\u017a nasz produkt: Ciseaux \u00e0 ongles de s\u00e9curit\u00e9. Produkty Akuku - odpowiednie dla mam i niemowl\u0105t!","robots":{"index":"index","follow":"follow","max-snippet":"max-snippet:-1","max-image-preview":"max-image-preview:large","max-video-preview":"max-video-preview:-1"},"canonical":"https:\/\/akuku.com.pl\/fr\/catalogue-de-produits\/soins\/accessoires-de-peuriculture\/lot-de-soins-pour-bebe\/ciseaux-a-ongles-de-securite-a0418\/","og_locale":"fr_FR","og_type":"article","og_title":"Ciseaux \u00e0 ongles de s\u00e9curit\u00e9 - Akuku","og_description":"Sprawd\u017a nasz produkt: Ciseaux \u00e0 ongles de s\u00e9curit\u00e9. Produkty Akuku - odpowiednie dla mam i niemowl\u0105t!","og_url":"https:\/\/akuku.com.pl\/fr\/catalogue-de-produits\/soins\/accessoires-de-peuriculture\/lot-de-soins-pour-bebe\/ciseaux-a-ongles-de-securite-a0418\/","og_site_name":"Akuku","article_publisher":"https:\/\/www.facebook.com\/markaAKUKU","article_modified_time":"2024-07-29T19:52:30+00:00","og_image":[{"width":2000,"height":2000,"url":"https:\/\/akuku.com.pl\/wp-content\/uploads\/2024\/07\/A0418-2.jpg","type":"image\/jpeg"}],"twitter_card":"summary_large_image","schema":{"@context":"https:\/\/schema.org","@graph":[{"@type":"WebPage","@id":"https:\/\/akuku.com.pl\/fr\/catalogue-de-produits\/soins\/accessoires-de-peuriculture\/lot-de-soins-pour-bebe\/ciseaux-a-ongles-de-securite-a0418\/","url":"https:\/\/akuku.com.pl\/fr\/catalogue-de-produits\/soins\/accessoires-de-peuriculture\/lot-de-soins-pour-bebe\/ciseaux-a-ongles-de-securite-a0418\/","name":"Ciseaux \u00e0 ongles de s\u00e9curit\u00e9 - Akuku","isPartOf":{"@id":"https:\/\/akuku.com.pl\/fr\/#website"},"primaryImageOfPage":{"@id":"https:\/\/akuku.com.pl\/fr\/catalogue-de-produits\/soins\/accessoires-de-peuriculture\/lot-de-soins-pour-bebe\/ciseaux-a-ongles-de-securite-a0418\/#primaryimage"},"image":{"@id":"https:\/\/akuku.com.pl\/fr\/catalogue-de-produits\/soins\/accessoires-de-peuriculture\/lot-de-soins-pour-bebe\/ciseaux-a-ongles-de-securite-a0418\/#primaryimage"},"thumbnailUrl":"https:\/\/akuku.com.pl\/wp-content\/uploads\/2024\/07\/A0418-2.jpg","datePublished":"2024-07-04T21:03:54+00:00","dateModified":"2024-07-29T19:52:30+00:00","description":"Sprawd\u017a nasz produkt: Ciseaux \u00e0 ongles de s\u00e9curit\u00e9. Produkty Akuku - odpowiednie dla mam i niemowl\u0105t!","breadcrumb":{"@id":"https:\/\/akuku.com.pl\/fr\/catalogue-de-produits\/soins\/accessoires-de-peuriculture\/lot-de-soins-pour-bebe\/ciseaux-a-ongles-de-securite-a0418\/#breadcrumb"},"inLanguage":"fr-FR","potentialAction":[{"@type":"ReadAction","target":["https:\/\/akuku.com.pl\/fr\/catalogue-de-produits\/soins\/accessoires-de-peuriculture\/lot-de-soins-pour-bebe\/ciseaux-a-ongles-de-securite-a0418\/"]}]},{"@type":"ImageObject","inLanguage":"fr-FR","@id":"https:\/\/akuku.com.pl\/fr\/catalogue-de-produits\/soins\/accessoires-de-peuriculture\/lot-de-soins-pour-bebe\/ciseaux-a-ongles-de-securite-a0418\/#primaryimage","url":"https:\/\/akuku.com.pl\/wp-content\/uploads\/2024\/07\/A0418-2.jpg","contentUrl":"https:\/\/akuku.com.pl\/wp-content\/uploads\/2024\/07\/A0418-2.jpg","width":2000,"height":2000,"caption":"Ciseaux \u00e0 ongles de s\u00e9curit\u00e9 A0418"},{"@type":"BreadcrumbList","@id":"https:\/\/akuku.com.pl\/fr\/catalogue-de-produits\/soins\/accessoires-de-peuriculture\/lot-de-soins-pour-bebe\/ciseaux-a-ongles-de-securite-a0418\/#breadcrumb","itemListElement":[{"@type":"ListItem","position":1,"name":"Strona g\u0142\u00f3wna","item":"https:\/\/akuku.com.pl\/fr\/"},{"@type":"ListItem","position":2,"name":"Boutique","item":"https:\/\/akuku.com.pl\/wszystkie-produkty\/"},{"@type":"ListItem","position":3,"name":"Ciseaux \u00e0 ongles de s\u00e9curit\u00e9"}]},{"@type":"WebSite","@id":"https:\/\/akuku.com.pl\/fr\/#website","url":"https:\/\/akuku.com.pl\/fr\/","name":"Akuku.com.pl","description":"","publisher":{"@id":"https:\/\/akuku.com.pl\/fr\/#organization"},"potentialAction":[{"@type":"SearchAction","target":{"@type":"EntryPoint","urlTemplate":"https:\/\/akuku.com.pl\/fr\/?s={search_term_string}"},"query-input":{"@type":"PropertyValueSpecification","valueRequired":true,"valueName":"search_term_string"}}],"inLanguage":"fr-FR"},{"@type":"Organization","@id":"https:\/\/akuku.com.pl\/fr\/#organization","name":"Akuku.com.pl","url":"https:\/\/akuku.com.pl\/fr\/","logo":{"@type":"ImageObject","inLanguage":"fr-FR","@id":"https:\/\/akuku.com.pl\/fr\/#\/schema\/logo\/image\/","url":"https:\/\/akuku.com.pl\/wp-content\/uploads\/2024\/04\/akuku-logo.svg","contentUrl":"https:\/\/akuku.com.pl\/wp-content\/uploads\/2024\/04\/akuku-logo.svg","width":114,"height":50,"caption":"Akuku.com.pl"},"image":{"@id":"https:\/\/akuku.com.pl\/fr\/#\/schema\/logo\/image\/"},"sameAs":["https:\/\/www.facebook.com\/markaAKUKU"]}]}},"_links":{"self":[{"href":"https:\/\/akuku.com.pl\/fr\/wp-json\/wp\/v2\/product\/9602","targetHints":{"allow":["GET"]}}],"collection":[{"href":"https:\/\/akuku.com.pl\/fr\/wp-json\/wp\/v2\/product"}],"about":[{"href":"https:\/\/akuku.com.pl\/fr\/wp-json\/wp\/v2\/types\/product"}],"wp:featuredmedia":[{"embeddable":true,"href":"https:\/\/akuku.com.pl\/fr\/wp-json\/wp\/v2\/media\/9599"}],"wp:attachment":[{"href":"https:\/\/akuku.com.pl\/fr\/wp-json\/wp\/v2\/media?parent=9602"}],"wp:term":[{"taxonomy":"product_cat","embeddable":true,"href":"https:\/\/akuku.com.pl\/fr\/wp-json\/wp\/v2\/product_cat?post=9602"},{"taxonomy":"product_tag","embeddable":true,"href":"https:\/\/akuku.com.pl\/fr\/wp-json\/wp\/v2\/product_tag?post=9602"}],"curies":[{"name":"wp","href":"https:\/\/api.w.org\/{rel}","templated":true}]}}