{"id":9482,"date":"2024-07-04T23:02:46","date_gmt":"2024-07-04T21:02:46","guid":{"rendered":"https:\/\/wp.akuku.com.pl\/sklep\/non%20class\u00e9\/lot-daccessoires-de-soins-hooligans-a0015\/"},"modified":"2024-07-29T21:52:36","modified_gmt":"2024-07-29T19:52:36","slug":"lot-daccessoires-de-soins-hooligans-a0015","status":"publish","type":"product","link":"https:\/\/akuku.com.pl\/fr\/catalogue-de-produits\/soins\/accessoires-de-peuriculture\/lot-de-soins-pour-bebe\/lot-daccessoires-de-soins-hooligans-a0015\/","title":{"rendered":"Lot d\u2019accessoires de soins \u00ab\u00a0Hooligans\u00a0\u00bb"},"content":{"rendered":"<div class=\"textWrap\">\n<p>Lot d\u2019accessoires de soins \u00ab\u00a0Hooligans\u00a0\u00bb A0015<\/p>\n<p>Un lot d\u2019accessoires de soins pour votre enfant. <br \/>La trousse confortable et pratique contient : <br \/>ciseaux (avec de fines lames m\u00e9talliques et des bords arrondis), coupe-ongles (d\u00e9coupent en toute s\u00e9curit\u00e9), lime \u00e0 ongles (\u00e9liminera facilement les irr\u00e9gularit\u00e9s des ongles), <br \/>brosse \u00e0 poils naturels et peigne \u00e0 manche antid\u00e9rapante (pour le soin de la petite t\u00eate), aspirateur \u00e0 embout souple (\u00e0 d\u00e9gager les voies respiratoires et \u00e0 \u00e9liminer l&rsquo;eau et le c\u00e9rumen des oreilles du b\u00e9b\u00e9). <br \/>Attention : afin de minimiser les risques que votre b\u00e9b\u00e9 bouge inopin\u00e9ment, il est recommand\u00e9 de lui d\u00e9couper les ongles pendant son sommeil.<br \/>Le lot comprend : ciseaux, coupe-ongles, lime \u00e0 ongles, brosse \u00e0 cheveux et peigne, aspirateur de nez. <br \/>Conseils importants: ne pas utiliser de d\u00e9sinfectants, au premier signe d\u2019usure ou de dommage, jetez le produit \u00e0 la poubelle. Garder hors de vue et de port\u00e9e des enfants.<\/p>\n<p>\u00a0<\/p>\n<p style=\"text-align: justify\"><img decoding=\"async\" alt=\"\" src=\"https:\/\/ect.h2g.pl\/akuku\/images\/0m.png\" \/>\u00a0 \u00a0\u00a0<\/p>\n<\/div>\n","protected":false},"excerpt":{"rendered":"<p>Lot d\u2019accessoires de soins \u00ab\u00a0Hooligans\u00a0\u00bb A0015 Un lot d\u2019accessoires de soins pour votre enfant. La trousse confortable et pratique contient : ciseaux (avec de fines lames m\u00e9talliques et des bords arrondis), coupe-ongles (d\u00e9coupent en toute s\u00e9curit\u00e9), lime \u00e0 ongles (\u00e9liminera facilement les irr\u00e9gularit\u00e9s des ongles), brosse \u00e0 poils naturels et peigne \u00e0 manche antid\u00e9rapante (pour [&hellip;]<\/p>\n","protected":false},"featured_media":9479,"template":"","meta":[],"product_cat":[3414,3444,3453],"product_tag":[],"class_list":{"0":"post-9482","1":"product","2":"type-product","3":"status-publish","4":"has-post-thumbnail","6":"product_cat-soins","7":"product_cat-accessoires-de-peuriculture","8":"product_cat-lot-de-soins-pour-bebe","10":"first","11":"instock","12":"shipping-taxable","13":"product-type-simple"},"yoast_head":"<!-- This site is optimized with the Yoast SEO plugin v26.2 - https:\/\/yoast.com\/wordpress\/plugins\/seo\/ -->\n<title>Lot d\u2019accessoires de soins &quot;Hooligans&quot; - Akuku<\/title>\n<meta name=\"description\" content=\"Sprawd\u017a nasz produkt: Lot d\u2019accessoires de soins &quot;Hooligans&quot;. Produkty Akuku - odpowiednie dla mam i niemowl\u0105t!\" \/>\n<meta name=\"robots\" content=\"index, follow, max-snippet:-1, max-image-preview:large, max-video-preview:-1\" \/>\n<link rel=\"canonical\" href=\"https:\/\/akuku.com.pl\/fr\/catalogue-de-produits\/soins\/accessoires-de-peuriculture\/lot-de-soins-pour-bebe\/lot-daccessoires-de-soins-hooligans-a0015\/\" \/>\n<meta property=\"og:locale\" content=\"fr_FR\" \/>\n<meta property=\"og:type\" content=\"article\" \/>\n<meta property=\"og:title\" content=\"Lot d\u2019accessoires de soins &quot;Hooligans&quot; - Akuku\" \/>\n<meta property=\"og:description\" content=\"Sprawd\u017a nasz produkt: Lot d\u2019accessoires de soins &quot;Hooligans&quot;. Produkty Akuku - odpowiednie dla mam i niemowl\u0105t!\" \/>\n<meta property=\"og:url\" content=\"https:\/\/akuku.com.pl\/fr\/catalogue-de-produits\/soins\/accessoires-de-peuriculture\/lot-de-soins-pour-bebe\/lot-daccessoires-de-soins-hooligans-a0015\/\" \/>\n<meta property=\"og:site_name\" content=\"Akuku\" \/>\n<meta property=\"article:publisher\" content=\"https:\/\/www.facebook.com\/markaAKUKU\" \/>\n<meta property=\"article:modified_time\" content=\"2024-07-29T19:52:36+00:00\" \/>\n<meta property=\"og:image\" content=\"https:\/\/akuku.com.pl\/wp-content\/uploads\/2024\/07\/A0015-4.jpg\" \/>\n\t<meta property=\"og:image:width\" content=\"800\" \/>\n\t<meta property=\"og:image:height\" content=\"800\" \/>\n\t<meta property=\"og:image:type\" content=\"image\/jpeg\" \/>\n<meta name=\"twitter:card\" content=\"summary_large_image\" \/>\n<meta name=\"twitter:label1\" content=\"Dur\u00e9e de lecture estim\u00e9e\" \/>\n\t<meta name=\"twitter:data1\" content=\"1 minute\" \/>\n<script type=\"application\/ld+json\" class=\"yoast-schema-graph\">{\"@context\":\"https:\/\/schema.org\",\"@graph\":[{\"@type\":\"WebPage\",\"@id\":\"https:\/\/akuku.com.pl\/fr\/catalogue-de-produits\/soins\/accessoires-de-peuriculture\/lot-de-soins-pour-bebe\/lot-daccessoires-de-soins-hooligans-a0015\/\",\"url\":\"https:\/\/akuku.com.pl\/fr\/catalogue-de-produits\/soins\/accessoires-de-peuriculture\/lot-de-soins-pour-bebe\/lot-daccessoires-de-soins-hooligans-a0015\/\",\"name\":\"Lot d\u2019accessoires de soins \\\"Hooligans\\\" - Akuku\",\"isPartOf\":{\"@id\":\"https:\/\/akuku.com.pl\/fr\/#website\"},\"primaryImageOfPage\":{\"@id\":\"https:\/\/akuku.com.pl\/fr\/catalogue-de-produits\/soins\/accessoires-de-peuriculture\/lot-de-soins-pour-bebe\/lot-daccessoires-de-soins-hooligans-a0015\/#primaryimage\"},\"image\":{\"@id\":\"https:\/\/akuku.com.pl\/fr\/catalogue-de-produits\/soins\/accessoires-de-peuriculture\/lot-de-soins-pour-bebe\/lot-daccessoires-de-soins-hooligans-a0015\/#primaryimage\"},\"thumbnailUrl\":\"https:\/\/akuku.com.pl\/wp-content\/uploads\/2024\/07\/A0015-4.jpg\",\"datePublished\":\"2024-07-04T21:02:46+00:00\",\"dateModified\":\"2024-07-29T19:52:36+00:00\",\"description\":\"Sprawd\u017a nasz produkt: Lot d\u2019accessoires de soins \\\"Hooligans\\\". Produkty Akuku - odpowiednie dla mam i niemowl\u0105t!\",\"breadcrumb\":{\"@id\":\"https:\/\/akuku.com.pl\/fr\/catalogue-de-produits\/soins\/accessoires-de-peuriculture\/lot-de-soins-pour-bebe\/lot-daccessoires-de-soins-hooligans-a0015\/#breadcrumb\"},\"inLanguage\":\"fr-FR\",\"potentialAction\":[{\"@type\":\"ReadAction\",\"target\":[\"https:\/\/akuku.com.pl\/fr\/catalogue-de-produits\/soins\/accessoires-de-peuriculture\/lot-de-soins-pour-bebe\/lot-daccessoires-de-soins-hooligans-a0015\/\"]}]},{\"@type\":\"ImageObject\",\"inLanguage\":\"fr-FR\",\"@id\":\"https:\/\/akuku.com.pl\/fr\/catalogue-de-produits\/soins\/accessoires-de-peuriculture\/lot-de-soins-pour-bebe\/lot-daccessoires-de-soins-hooligans-a0015\/#primaryimage\",\"url\":\"https:\/\/akuku.com.pl\/wp-content\/uploads\/2024\/07\/A0015-4.jpg\",\"contentUrl\":\"https:\/\/akuku.com.pl\/wp-content\/uploads\/2024\/07\/A0015-4.jpg\",\"width\":800,\"height\":800,\"caption\":\"Lot d\u2019accessoires de soins \\\"Hooligans\\\" A0015\"},{\"@type\":\"BreadcrumbList\",\"@id\":\"https:\/\/akuku.com.pl\/fr\/catalogue-de-produits\/soins\/accessoires-de-peuriculture\/lot-de-soins-pour-bebe\/lot-daccessoires-de-soins-hooligans-a0015\/#breadcrumb\",\"itemListElement\":[{\"@type\":\"ListItem\",\"position\":1,\"name\":\"Strona g\u0142\u00f3wna\",\"item\":\"https:\/\/akuku.com.pl\/fr\/\"},{\"@type\":\"ListItem\",\"position\":2,\"name\":\"Boutique\",\"item\":\"https:\/\/akuku.com.pl\/wszystkie-produkty\/\"},{\"@type\":\"ListItem\",\"position\":3,\"name\":\"Lot d\u2019accessoires de soins \u00ab\u00a0Hooligans\u00a0\u00bb\"}]},{\"@type\":\"WebSite\",\"@id\":\"https:\/\/akuku.com.pl\/fr\/#website\",\"url\":\"https:\/\/akuku.com.pl\/fr\/\",\"name\":\"Akuku.com.pl\",\"description\":\"\",\"publisher\":{\"@id\":\"https:\/\/akuku.com.pl\/fr\/#organization\"},\"potentialAction\":[{\"@type\":\"SearchAction\",\"target\":{\"@type\":\"EntryPoint\",\"urlTemplate\":\"https:\/\/akuku.com.pl\/fr\/?s={search_term_string}\"},\"query-input\":{\"@type\":\"PropertyValueSpecification\",\"valueRequired\":true,\"valueName\":\"search_term_string\"}}],\"inLanguage\":\"fr-FR\"},{\"@type\":\"Organization\",\"@id\":\"https:\/\/akuku.com.pl\/fr\/#organization\",\"name\":\"Akuku.com.pl\",\"url\":\"https:\/\/akuku.com.pl\/fr\/\",\"logo\":{\"@type\":\"ImageObject\",\"inLanguage\":\"fr-FR\",\"@id\":\"https:\/\/akuku.com.pl\/fr\/#\/schema\/logo\/image\/\",\"url\":\"https:\/\/akuku.com.pl\/wp-content\/uploads\/2024\/04\/akuku-logo.svg\",\"contentUrl\":\"https:\/\/akuku.com.pl\/wp-content\/uploads\/2024\/04\/akuku-logo.svg\",\"width\":114,\"height\":50,\"caption\":\"Akuku.com.pl\"},\"image\":{\"@id\":\"https:\/\/akuku.com.pl\/fr\/#\/schema\/logo\/image\/\"},\"sameAs\":[\"https:\/\/www.facebook.com\/markaAKUKU\"]}]}<\/script>\n<!-- \/ Yoast SEO plugin. -->","yoast_head_json":{"title":"Lot d\u2019accessoires de soins \"Hooligans\" - Akuku","description":"Sprawd\u017a nasz produkt: Lot d\u2019accessoires de soins \"Hooligans\". Produkty Akuku - odpowiednie dla mam i niemowl\u0105t!","robots":{"index":"index","follow":"follow","max-snippet":"max-snippet:-1","max-image-preview":"max-image-preview:large","max-video-preview":"max-video-preview:-1"},"canonical":"https:\/\/akuku.com.pl\/fr\/catalogue-de-produits\/soins\/accessoires-de-peuriculture\/lot-de-soins-pour-bebe\/lot-daccessoires-de-soins-hooligans-a0015\/","og_locale":"fr_FR","og_type":"article","og_title":"Lot d\u2019accessoires de soins \"Hooligans\" - Akuku","og_description":"Sprawd\u017a nasz produkt: Lot d\u2019accessoires de soins \"Hooligans\". Produkty Akuku - odpowiednie dla mam i niemowl\u0105t!","og_url":"https:\/\/akuku.com.pl\/fr\/catalogue-de-produits\/soins\/accessoires-de-peuriculture\/lot-de-soins-pour-bebe\/lot-daccessoires-de-soins-hooligans-a0015\/","og_site_name":"Akuku","article_publisher":"https:\/\/www.facebook.com\/markaAKUKU","article_modified_time":"2024-07-29T19:52:36+00:00","og_image":[{"width":800,"height":800,"url":"https:\/\/akuku.com.pl\/wp-content\/uploads\/2024\/07\/A0015-4.jpg","type":"image\/jpeg"}],"twitter_card":"summary_large_image","twitter_misc":{"Dur\u00e9e de lecture estim\u00e9e":"1 minute"},"schema":{"@context":"https:\/\/schema.org","@graph":[{"@type":"WebPage","@id":"https:\/\/akuku.com.pl\/fr\/catalogue-de-produits\/soins\/accessoires-de-peuriculture\/lot-de-soins-pour-bebe\/lot-daccessoires-de-soins-hooligans-a0015\/","url":"https:\/\/akuku.com.pl\/fr\/catalogue-de-produits\/soins\/accessoires-de-peuriculture\/lot-de-soins-pour-bebe\/lot-daccessoires-de-soins-hooligans-a0015\/","name":"Lot d\u2019accessoires de soins \"Hooligans\" - Akuku","isPartOf":{"@id":"https:\/\/akuku.com.pl\/fr\/#website"},"primaryImageOfPage":{"@id":"https:\/\/akuku.com.pl\/fr\/catalogue-de-produits\/soins\/accessoires-de-peuriculture\/lot-de-soins-pour-bebe\/lot-daccessoires-de-soins-hooligans-a0015\/#primaryimage"},"image":{"@id":"https:\/\/akuku.com.pl\/fr\/catalogue-de-produits\/soins\/accessoires-de-peuriculture\/lot-de-soins-pour-bebe\/lot-daccessoires-de-soins-hooligans-a0015\/#primaryimage"},"thumbnailUrl":"https:\/\/akuku.com.pl\/wp-content\/uploads\/2024\/07\/A0015-4.jpg","datePublished":"2024-07-04T21:02:46+00:00","dateModified":"2024-07-29T19:52:36+00:00","description":"Sprawd\u017a nasz produkt: Lot d\u2019accessoires de soins \"Hooligans\". Produkty Akuku - odpowiednie dla mam i niemowl\u0105t!","breadcrumb":{"@id":"https:\/\/akuku.com.pl\/fr\/catalogue-de-produits\/soins\/accessoires-de-peuriculture\/lot-de-soins-pour-bebe\/lot-daccessoires-de-soins-hooligans-a0015\/#breadcrumb"},"inLanguage":"fr-FR","potentialAction":[{"@type":"ReadAction","target":["https:\/\/akuku.com.pl\/fr\/catalogue-de-produits\/soins\/accessoires-de-peuriculture\/lot-de-soins-pour-bebe\/lot-daccessoires-de-soins-hooligans-a0015\/"]}]},{"@type":"ImageObject","inLanguage":"fr-FR","@id":"https:\/\/akuku.com.pl\/fr\/catalogue-de-produits\/soins\/accessoires-de-peuriculture\/lot-de-soins-pour-bebe\/lot-daccessoires-de-soins-hooligans-a0015\/#primaryimage","url":"https:\/\/akuku.com.pl\/wp-content\/uploads\/2024\/07\/A0015-4.jpg","contentUrl":"https:\/\/akuku.com.pl\/wp-content\/uploads\/2024\/07\/A0015-4.jpg","width":800,"height":800,"caption":"Lot d\u2019accessoires de soins \"Hooligans\" A0015"},{"@type":"BreadcrumbList","@id":"https:\/\/akuku.com.pl\/fr\/catalogue-de-produits\/soins\/accessoires-de-peuriculture\/lot-de-soins-pour-bebe\/lot-daccessoires-de-soins-hooligans-a0015\/#breadcrumb","itemListElement":[{"@type":"ListItem","position":1,"name":"Strona g\u0142\u00f3wna","item":"https:\/\/akuku.com.pl\/fr\/"},{"@type":"ListItem","position":2,"name":"Boutique","item":"https:\/\/akuku.com.pl\/wszystkie-produkty\/"},{"@type":"ListItem","position":3,"name":"Lot d\u2019accessoires de soins \u00ab\u00a0Hooligans\u00a0\u00bb"}]},{"@type":"WebSite","@id":"https:\/\/akuku.com.pl\/fr\/#website","url":"https:\/\/akuku.com.pl\/fr\/","name":"Akuku.com.pl","description":"","publisher":{"@id":"https:\/\/akuku.com.pl\/fr\/#organization"},"potentialAction":[{"@type":"SearchAction","target":{"@type":"EntryPoint","urlTemplate":"https:\/\/akuku.com.pl\/fr\/?s={search_term_string}"},"query-input":{"@type":"PropertyValueSpecification","valueRequired":true,"valueName":"search_term_string"}}],"inLanguage":"fr-FR"},{"@type":"Organization","@id":"https:\/\/akuku.com.pl\/fr\/#organization","name":"Akuku.com.pl","url":"https:\/\/akuku.com.pl\/fr\/","logo":{"@type":"ImageObject","inLanguage":"fr-FR","@id":"https:\/\/akuku.com.pl\/fr\/#\/schema\/logo\/image\/","url":"https:\/\/akuku.com.pl\/wp-content\/uploads\/2024\/04\/akuku-logo.svg","contentUrl":"https:\/\/akuku.com.pl\/wp-content\/uploads\/2024\/04\/akuku-logo.svg","width":114,"height":50,"caption":"Akuku.com.pl"},"image":{"@id":"https:\/\/akuku.com.pl\/fr\/#\/schema\/logo\/image\/"},"sameAs":["https:\/\/www.facebook.com\/markaAKUKU"]}]}},"_links":{"self":[{"href":"https:\/\/akuku.com.pl\/fr\/wp-json\/wp\/v2\/product\/9482","targetHints":{"allow":["GET"]}}],"collection":[{"href":"https:\/\/akuku.com.pl\/fr\/wp-json\/wp\/v2\/product"}],"about":[{"href":"https:\/\/akuku.com.pl\/fr\/wp-json\/wp\/v2\/types\/product"}],"wp:featuredmedia":[{"embeddable":true,"href":"https:\/\/akuku.com.pl\/fr\/wp-json\/wp\/v2\/media\/9479"}],"wp:attachment":[{"href":"https:\/\/akuku.com.pl\/fr\/wp-json\/wp\/v2\/media?parent=9482"}],"wp:term":[{"taxonomy":"product_cat","embeddable":true,"href":"https:\/\/akuku.com.pl\/fr\/wp-json\/wp\/v2\/product_cat?post=9482"},{"taxonomy":"product_tag","embeddable":true,"href":"https:\/\/akuku.com.pl\/fr\/wp-json\/wp\/v2\/product_tag?post=9482"}],"curies":[{"name":"wp","href":"https:\/\/api.w.org\/{rel}","templated":true}]}}