{"id":9398,"date":"2024-07-04T23:02:01","date_gmt":"2024-07-04T21:02:01","guid":{"rendered":"https:\/\/wp.akuku.com.pl\/sklep\/non%20class\u00e9\/rondelles-en-coton-bebes-60-pieces-a0003\/"},"modified":"2026-02-16T10:26:24","modified_gmt":"2026-02-16T09:26:24","slug":"rondelles-en-coton-bebes-60-pieces-a0003","status":"publish","type":"product","link":"https:\/\/akuku.com.pl\/fr\/catalogue-de-produits\/soins\/accessoires-de-peuriculture\/rondelles-en-coton-bebe\/rondelles-en-coton-bebes-60-pieces-a0003\/","title":{"rendered":"Rondelles en coton b\u00e9b\u00e9s, 60 pi\u00e8ces"},"content":{"rendered":"<div class=\"textWrap\">\n<p data-path-to-node=\"28\">D\u00e8s le premier jour de vie, la peau de votre tout-petit n\u00e9cessite des soins et une attention particuli\u00e8re. C\u2019est pourquoi nous avons cr\u00e9\u00e9 des <b data-path-to-node=\"28\" data-index-in-node=\"142\">carr\u00e9s de coton extr\u00eamement d\u00e9licats et r\u00e9sistants<\/b>. Nos cotons sont incroyablement doux, parfaits pour la peau sensible de b\u00e9b\u00e9.<\/p>\n<p data-path-to-node=\"28\">\n<h2 style=\"font-size: 18px;\">Pourquoi choisir les carr\u00e9s de coton pour b\u00e9b\u00e9 Akuku ?<\/h2>\n<p data-path-to-node=\"30\">\u2601\ufe0f <b data-path-to-node=\"30\" data-index-in-node=\"3\">100% pur coton<\/b> \u2013 les fibres naturelles et douces sont exceptionnellement d\u00e9licates, ce qui en fait le choix id\u00e9al pour la peau de votre enfant, sujette aux irritations et aux allergies.<\/p>\n<p data-path-to-node=\"30\">\ud83d\udccf <b data-path-to-node=\"30\" data-index-in-node=\"192\">Taille XXL (9\u00d711 cm)<\/b> \u2013 une grande taille pratique qui permet un nettoyage rapide et efficace de votre b\u00e9b\u00e9.<\/p>\n<p data-path-to-node=\"30\">\u2728 <b data-path-to-node=\"30\" data-index-in-node=\"302\">Ne peluchent pas<\/b> \u2013 la structure sp\u00e9cialement d\u00e9velopp\u00e9e garantit que les cotons ne se d\u00e9doublent pas et ne laissent pas de fibres sur la peau, assurant un confort et une hygi\u00e8ne totale.<\/p>\n<p data-path-to-node=\"30\">\ud83c\udf3f <b data-path-to-node=\"30\" data-index-in-node=\"491\">Sans parfum et s\u00fbrs<\/b> \u2013 un produit cr\u00e9\u00e9 selon les normes de s\u00e9curit\u00e9 les plus strictes ! Sans ajout de parfums ni de colorants.<\/p>\n<p data-path-to-node=\"30\">\ud83d\udca7 <b data-path-to-node=\"30\" data-index-in-node=\"620\">R\u00e9sistants et absorbants<\/b> \u2013 les carr\u00e9s de coton Akuku fonctionnent parfaitement avec de l&rsquo;eau, de l&rsquo;huile pour b\u00e9b\u00e9, de la cr\u00e8me ou de la poudre, conservant leur r\u00e9sistance m\u00eame lorsqu&rsquo;ils sont mouill\u00e9s.<\/p>\n<h3 style=\"font-size: 16px;\"><b data-path-to-node=\"31\" data-index-in-node=\"0\">Nos carr\u00e9s de coton sont un soutien irrempla\u00e7able dans l&rsquo;hygi\u00e8ne quotidienne de votre enfant d\u00e8s le premier jour.<\/b><\/h3>\n<p>&nbsp;<\/p>\n<h2 style=\"font-size: 18px;\">Carr\u00e9s de coton hygi\u00e9niques pour b\u00e9b\u00e9s \u2013 L&rsquo;hygi\u00e8ne de votre tout-petit<\/h2>\n<p data-path-to-node=\"33\">Con\u00e7us pour les peaux les plus exigeantes, les cotons Akuku offrent une douceur velout\u00e9e et une grande surface absorbante. Ils rendent le change, le nettoyage du visage ou des plis de la peau plus simples, plus rapides et plus confortables. C\u2019est un produit indispensable dans chaque coin de pu\u00e9riculture.<\/p>\n<h2 style=\"font-size: 18px;\">Comment utiliser les carr\u00e9s de coton pour b\u00e9b\u00e9 ?<\/h2>\n<p data-path-to-node=\"35\">Les cotons sont destin\u00e9s \u00e0 un usage unique lors de la toilette quotidienne de l&rsquo;enfant. Ils s&rsquo;utilisent parfaitement avec de l&rsquo;eau propre ou des cosm\u00e9tiques d\u00e9di\u00e9s aux b\u00e9b\u00e9s. Apr\u00e8s usage, jetez le coton \u00e0 la poubelle.<\/p>\n<blockquote data-path-to-node=\"36\">\n<p data-path-to-node=\"36,0\"><b data-path-to-node=\"36,0\" data-index-in-node=\"0\">Attention !<\/b> Ce produit n&rsquo;est pas un jouet. Conservez-le hors de port\u00e9e des enfants.<\/p>\n<\/blockquote>\n<p data-path-to-node=\"36,0\">\n<h2 style=\"font-size: 18px;\">Carr\u00e9s de coton pour b\u00e9b\u00e9 \u2013 Un soin doux et pratique<\/h2>\n<p data-path-to-node=\"38\"><b data-path-to-node=\"38\" data-index-in-node=\"0\">Dans le kit :<\/b><\/p>\n<ul data-path-to-node=\"39\">\n<li>\n<p data-path-to-node=\"39,0,0\">60 grands carr\u00e9s de coton (9\u00d711 cm)<\/p>\n<\/li>\n<li>\n<p data-path-to-node=\"39,1,0\">Emballage perfor\u00e9 pratique pour une ouverture facile<\/p>\n<\/li>\n<li>\n<p data-path-to-node=\"39,2,0\"><strong>100% coton<\/strong><\/p>\n<\/li>\n<\/ul>\n<p>&nbsp;<\/p>\n<p data-path-to-node=\"40\"><b data-path-to-node=\"40\" data-index-in-node=\"0\">CODE EAN :<\/b> 5907644000036<\/p>\n<\/div>\n","protected":false},"excerpt":{"rendered":"<p>D\u00e8s le premier jour de vie, la peau de votre tout-petit n\u00e9cessite des soins et une attention particuli\u00e8re. C\u2019est pourquoi nous avons cr\u00e9\u00e9 des carr\u00e9s de coton extr\u00eamement d\u00e9licats et r\u00e9sistants. Nos cotons sont incroyablement doux, parfaits pour la peau sensible de b\u00e9b\u00e9. Pourquoi choisir les carr\u00e9s de coton pour b\u00e9b\u00e9 Akuku ? \u2601\ufe0f 100% [&hellip;]<\/p>\n","protected":false},"featured_media":9374,"template":"","meta":[],"product_cat":[3414,3444,3447],"product_tag":[],"class_list":{"0":"post-9398","1":"product","2":"type-product","3":"status-publish","4":"has-post-thumbnail","6":"product_cat-soins","7":"product_cat-accessoires-de-peuriculture","8":"product_cat-rondelles-en-coton-bebe","10":"first","11":"instock","12":"shipping-taxable","13":"product-type-simple"},"yoast_head":"<!-- This site is optimized with the Yoast SEO plugin v26.2 - https:\/\/yoast.com\/wordpress\/plugins\/seo\/ -->\n<title>Rondelles en coton b\u00e9b\u00e9s, 60 pi\u00e8ces - Akuku<\/title>\n<meta name=\"description\" content=\"Carr\u00e9s de coton pour b\u00e9b\u00e9 Akuku (60 pcs). 100% pur coton, taille XXL (9x11 cm). Extra doux, ne peluchent pas et sans parfum. Id\u00e9al pour la peau sensible d\u00e8s la naissance.\" \/>\n<meta name=\"robots\" content=\"index, follow, max-snippet:-1, max-image-preview:large, max-video-preview:-1\" \/>\n<link rel=\"canonical\" href=\"https:\/\/akuku.com.pl\/fr\/catalogue-de-produits\/soins\/accessoires-de-peuriculture\/rondelles-en-coton-bebe\/rondelles-en-coton-bebes-60-pieces-a0003\/\" \/>\n<meta property=\"og:locale\" content=\"fr_FR\" \/>\n<meta property=\"og:type\" content=\"article\" \/>\n<meta property=\"og:title\" content=\"Rondelles en coton b\u00e9b\u00e9s, 60 pi\u00e8ces - Akuku\" \/>\n<meta property=\"og:description\" content=\"Carr\u00e9s de coton pour b\u00e9b\u00e9 Akuku (60 pcs). 100% pur coton, taille XXL (9x11 cm). Extra doux, ne peluchent pas et sans parfum. Id\u00e9al pour la peau sensible d\u00e8s la naissance.\" \/>\n<meta property=\"og:url\" content=\"https:\/\/akuku.com.pl\/fr\/catalogue-de-produits\/soins\/accessoires-de-peuriculture\/rondelles-en-coton-bebe\/rondelles-en-coton-bebes-60-pieces-a0003\/\" \/>\n<meta property=\"og:site_name\" content=\"Akuku\" \/>\n<meta property=\"article:publisher\" content=\"https:\/\/www.facebook.com\/markaAKUKU\" \/>\n<meta property=\"article:modified_time\" content=\"2026-02-16T09:26:24+00:00\" \/>\n<meta property=\"og:image\" content=\"https:\/\/akuku.com.pl\/wp-content\/uploads\/2024\/07\/a0003.jpeg\" \/>\n\t<meta property=\"og:image:width\" content=\"720\" \/>\n\t<meta property=\"og:image:height\" content=\"720\" \/>\n\t<meta property=\"og:image:type\" content=\"image\/jpeg\" \/>\n<meta name=\"twitter:card\" content=\"summary_large_image\" \/>\n<meta name=\"twitter:label1\" content=\"Dur\u00e9e de lecture estim\u00e9e\" \/>\n\t<meta name=\"twitter:data1\" content=\"2 minutes\" \/>\n<script type=\"application\/ld+json\" class=\"yoast-schema-graph\">{\"@context\":\"https:\/\/schema.org\",\"@graph\":[{\"@type\":\"WebPage\",\"@id\":\"https:\/\/akuku.com.pl\/fr\/catalogue-de-produits\/soins\/accessoires-de-peuriculture\/rondelles-en-coton-bebe\/rondelles-en-coton-bebes-60-pieces-a0003\/\",\"url\":\"https:\/\/akuku.com.pl\/fr\/catalogue-de-produits\/soins\/accessoires-de-peuriculture\/rondelles-en-coton-bebe\/rondelles-en-coton-bebes-60-pieces-a0003\/\",\"name\":\"Rondelles en coton b\u00e9b\u00e9s, 60 pi\u00e8ces - Akuku\",\"isPartOf\":{\"@id\":\"https:\/\/akuku.com.pl\/fr\/#website\"},\"primaryImageOfPage\":{\"@id\":\"https:\/\/akuku.com.pl\/fr\/catalogue-de-produits\/soins\/accessoires-de-peuriculture\/rondelles-en-coton-bebe\/rondelles-en-coton-bebes-60-pieces-a0003\/#primaryimage\"},\"image\":{\"@id\":\"https:\/\/akuku.com.pl\/fr\/catalogue-de-produits\/soins\/accessoires-de-peuriculture\/rondelles-en-coton-bebe\/rondelles-en-coton-bebes-60-pieces-a0003\/#primaryimage\"},\"thumbnailUrl\":\"https:\/\/akuku.com.pl\/wp-content\/uploads\/2024\/07\/a0003.jpeg\",\"datePublished\":\"2024-07-04T21:02:01+00:00\",\"dateModified\":\"2026-02-16T09:26:24+00:00\",\"description\":\"Carr\u00e9s de coton pour b\u00e9b\u00e9 Akuku (60 pcs). 100% pur coton, taille XXL (9x11 cm). Extra doux, ne peluchent pas et sans parfum. Id\u00e9al pour la peau sensible d\u00e8s la naissance.\",\"breadcrumb\":{\"@id\":\"https:\/\/akuku.com.pl\/fr\/catalogue-de-produits\/soins\/accessoires-de-peuriculture\/rondelles-en-coton-bebe\/rondelles-en-coton-bebes-60-pieces-a0003\/#breadcrumb\"},\"inLanguage\":\"fr-FR\",\"potentialAction\":[{\"@type\":\"ReadAction\",\"target\":[\"https:\/\/akuku.com.pl\/fr\/catalogue-de-produits\/soins\/accessoires-de-peuriculture\/rondelles-en-coton-bebe\/rondelles-en-coton-bebes-60-pieces-a0003\/\"]}]},{\"@type\":\"ImageObject\",\"inLanguage\":\"fr-FR\",\"@id\":\"https:\/\/akuku.com.pl\/fr\/catalogue-de-produits\/soins\/accessoires-de-peuriculture\/rondelles-en-coton-bebe\/rondelles-en-coton-bebes-60-pieces-a0003\/#primaryimage\",\"url\":\"https:\/\/akuku.com.pl\/wp-content\/uploads\/2024\/07\/a0003.jpeg\",\"contentUrl\":\"https:\/\/akuku.com.pl\/wp-content\/uploads\/2024\/07\/a0003.jpeg\",\"width\":720,\"height\":720},{\"@type\":\"BreadcrumbList\",\"@id\":\"https:\/\/akuku.com.pl\/fr\/catalogue-de-produits\/soins\/accessoires-de-peuriculture\/rondelles-en-coton-bebe\/rondelles-en-coton-bebes-60-pieces-a0003\/#breadcrumb\",\"itemListElement\":[{\"@type\":\"ListItem\",\"position\":1,\"name\":\"Strona g\u0142\u00f3wna\",\"item\":\"https:\/\/akuku.com.pl\/fr\/\"},{\"@type\":\"ListItem\",\"position\":2,\"name\":\"Boutique\",\"item\":\"https:\/\/akuku.com.pl\/wszystkie-produkty\/\"},{\"@type\":\"ListItem\",\"position\":3,\"name\":\"Rondelles en coton b\u00e9b\u00e9s, 60 pi\u00e8ces\"}]},{\"@type\":\"WebSite\",\"@id\":\"https:\/\/akuku.com.pl\/fr\/#website\",\"url\":\"https:\/\/akuku.com.pl\/fr\/\",\"name\":\"Akuku.com.pl\",\"description\":\"\",\"publisher\":{\"@id\":\"https:\/\/akuku.com.pl\/fr\/#organization\"},\"potentialAction\":[{\"@type\":\"SearchAction\",\"target\":{\"@type\":\"EntryPoint\",\"urlTemplate\":\"https:\/\/akuku.com.pl\/fr\/?s={search_term_string}\"},\"query-input\":{\"@type\":\"PropertyValueSpecification\",\"valueRequired\":true,\"valueName\":\"search_term_string\"}}],\"inLanguage\":\"fr-FR\"},{\"@type\":\"Organization\",\"@id\":\"https:\/\/akuku.com.pl\/fr\/#organization\",\"name\":\"Akuku.com.pl\",\"url\":\"https:\/\/akuku.com.pl\/fr\/\",\"logo\":{\"@type\":\"ImageObject\",\"inLanguage\":\"fr-FR\",\"@id\":\"https:\/\/akuku.com.pl\/fr\/#\/schema\/logo\/image\/\",\"url\":\"https:\/\/akuku.com.pl\/wp-content\/uploads\/2024\/04\/akuku-logo.svg\",\"contentUrl\":\"https:\/\/akuku.com.pl\/wp-content\/uploads\/2024\/04\/akuku-logo.svg\",\"width\":114,\"height\":50,\"caption\":\"Akuku.com.pl\"},\"image\":{\"@id\":\"https:\/\/akuku.com.pl\/fr\/#\/schema\/logo\/image\/\"},\"sameAs\":[\"https:\/\/www.facebook.com\/markaAKUKU\"]}]}<\/script>\n<!-- \/ Yoast SEO plugin. -->","yoast_head_json":{"title":"Rondelles en coton b\u00e9b\u00e9s, 60 pi\u00e8ces - Akuku","description":"Carr\u00e9s de coton pour b\u00e9b\u00e9 Akuku (60 pcs). 100% pur coton, taille XXL (9x11 cm). Extra doux, ne peluchent pas et sans parfum. Id\u00e9al pour la peau sensible d\u00e8s la naissance.","robots":{"index":"index","follow":"follow","max-snippet":"max-snippet:-1","max-image-preview":"max-image-preview:large","max-video-preview":"max-video-preview:-1"},"canonical":"https:\/\/akuku.com.pl\/fr\/catalogue-de-produits\/soins\/accessoires-de-peuriculture\/rondelles-en-coton-bebe\/rondelles-en-coton-bebes-60-pieces-a0003\/","og_locale":"fr_FR","og_type":"article","og_title":"Rondelles en coton b\u00e9b\u00e9s, 60 pi\u00e8ces - Akuku","og_description":"Carr\u00e9s de coton pour b\u00e9b\u00e9 Akuku (60 pcs). 100% pur coton, taille XXL (9x11 cm). Extra doux, ne peluchent pas et sans parfum. Id\u00e9al pour la peau sensible d\u00e8s la naissance.","og_url":"https:\/\/akuku.com.pl\/fr\/catalogue-de-produits\/soins\/accessoires-de-peuriculture\/rondelles-en-coton-bebe\/rondelles-en-coton-bebes-60-pieces-a0003\/","og_site_name":"Akuku","article_publisher":"https:\/\/www.facebook.com\/markaAKUKU","article_modified_time":"2026-02-16T09:26:24+00:00","og_image":[{"width":720,"height":720,"url":"https:\/\/akuku.com.pl\/wp-content\/uploads\/2024\/07\/a0003.jpeg","type":"image\/jpeg"}],"twitter_card":"summary_large_image","twitter_misc":{"Dur\u00e9e de lecture estim\u00e9e":"2 minutes"},"schema":{"@context":"https:\/\/schema.org","@graph":[{"@type":"WebPage","@id":"https:\/\/akuku.com.pl\/fr\/catalogue-de-produits\/soins\/accessoires-de-peuriculture\/rondelles-en-coton-bebe\/rondelles-en-coton-bebes-60-pieces-a0003\/","url":"https:\/\/akuku.com.pl\/fr\/catalogue-de-produits\/soins\/accessoires-de-peuriculture\/rondelles-en-coton-bebe\/rondelles-en-coton-bebes-60-pieces-a0003\/","name":"Rondelles en coton b\u00e9b\u00e9s, 60 pi\u00e8ces - Akuku","isPartOf":{"@id":"https:\/\/akuku.com.pl\/fr\/#website"},"primaryImageOfPage":{"@id":"https:\/\/akuku.com.pl\/fr\/catalogue-de-produits\/soins\/accessoires-de-peuriculture\/rondelles-en-coton-bebe\/rondelles-en-coton-bebes-60-pieces-a0003\/#primaryimage"},"image":{"@id":"https:\/\/akuku.com.pl\/fr\/catalogue-de-produits\/soins\/accessoires-de-peuriculture\/rondelles-en-coton-bebe\/rondelles-en-coton-bebes-60-pieces-a0003\/#primaryimage"},"thumbnailUrl":"https:\/\/akuku.com.pl\/wp-content\/uploads\/2024\/07\/a0003.jpeg","datePublished":"2024-07-04T21:02:01+00:00","dateModified":"2026-02-16T09:26:24+00:00","description":"Carr\u00e9s de coton pour b\u00e9b\u00e9 Akuku (60 pcs). 100% pur coton, taille XXL (9x11 cm). Extra doux, ne peluchent pas et sans parfum. Id\u00e9al pour la peau sensible d\u00e8s la naissance.","breadcrumb":{"@id":"https:\/\/akuku.com.pl\/fr\/catalogue-de-produits\/soins\/accessoires-de-peuriculture\/rondelles-en-coton-bebe\/rondelles-en-coton-bebes-60-pieces-a0003\/#breadcrumb"},"inLanguage":"fr-FR","potentialAction":[{"@type":"ReadAction","target":["https:\/\/akuku.com.pl\/fr\/catalogue-de-produits\/soins\/accessoires-de-peuriculture\/rondelles-en-coton-bebe\/rondelles-en-coton-bebes-60-pieces-a0003\/"]}]},{"@type":"ImageObject","inLanguage":"fr-FR","@id":"https:\/\/akuku.com.pl\/fr\/catalogue-de-produits\/soins\/accessoires-de-peuriculture\/rondelles-en-coton-bebe\/rondelles-en-coton-bebes-60-pieces-a0003\/#primaryimage","url":"https:\/\/akuku.com.pl\/wp-content\/uploads\/2024\/07\/a0003.jpeg","contentUrl":"https:\/\/akuku.com.pl\/wp-content\/uploads\/2024\/07\/a0003.jpeg","width":720,"height":720},{"@type":"BreadcrumbList","@id":"https:\/\/akuku.com.pl\/fr\/catalogue-de-produits\/soins\/accessoires-de-peuriculture\/rondelles-en-coton-bebe\/rondelles-en-coton-bebes-60-pieces-a0003\/#breadcrumb","itemListElement":[{"@type":"ListItem","position":1,"name":"Strona g\u0142\u00f3wna","item":"https:\/\/akuku.com.pl\/fr\/"},{"@type":"ListItem","position":2,"name":"Boutique","item":"https:\/\/akuku.com.pl\/wszystkie-produkty\/"},{"@type":"ListItem","position":3,"name":"Rondelles en coton b\u00e9b\u00e9s, 60 pi\u00e8ces"}]},{"@type":"WebSite","@id":"https:\/\/akuku.com.pl\/fr\/#website","url":"https:\/\/akuku.com.pl\/fr\/","name":"Akuku.com.pl","description":"","publisher":{"@id":"https:\/\/akuku.com.pl\/fr\/#organization"},"potentialAction":[{"@type":"SearchAction","target":{"@type":"EntryPoint","urlTemplate":"https:\/\/akuku.com.pl\/fr\/?s={search_term_string}"},"query-input":{"@type":"PropertyValueSpecification","valueRequired":true,"valueName":"search_term_string"}}],"inLanguage":"fr-FR"},{"@type":"Organization","@id":"https:\/\/akuku.com.pl\/fr\/#organization","name":"Akuku.com.pl","url":"https:\/\/akuku.com.pl\/fr\/","logo":{"@type":"ImageObject","inLanguage":"fr-FR","@id":"https:\/\/akuku.com.pl\/fr\/#\/schema\/logo\/image\/","url":"https:\/\/akuku.com.pl\/wp-content\/uploads\/2024\/04\/akuku-logo.svg","contentUrl":"https:\/\/akuku.com.pl\/wp-content\/uploads\/2024\/04\/akuku-logo.svg","width":114,"height":50,"caption":"Akuku.com.pl"},"image":{"@id":"https:\/\/akuku.com.pl\/fr\/#\/schema\/logo\/image\/"},"sameAs":["https:\/\/www.facebook.com\/markaAKUKU"]}]}},"_links":{"self":[{"href":"https:\/\/akuku.com.pl\/fr\/wp-json\/wp\/v2\/product\/9398","targetHints":{"allow":["GET"]}}],"collection":[{"href":"https:\/\/akuku.com.pl\/fr\/wp-json\/wp\/v2\/product"}],"about":[{"href":"https:\/\/akuku.com.pl\/fr\/wp-json\/wp\/v2\/types\/product"}],"wp:featuredmedia":[{"embeddable":true,"href":"https:\/\/akuku.com.pl\/fr\/wp-json\/wp\/v2\/media\/9374"}],"wp:attachment":[{"href":"https:\/\/akuku.com.pl\/fr\/wp-json\/wp\/v2\/media?parent=9398"}],"wp:term":[{"taxonomy":"product_cat","embeddable":true,"href":"https:\/\/akuku.com.pl\/fr\/wp-json\/wp\/v2\/product_cat?post=9398"},{"taxonomy":"product_tag","embeddable":true,"href":"https:\/\/akuku.com.pl\/fr\/wp-json\/wp\/v2\/product_tag?post=9398"}],"curies":[{"name":"wp","href":"https:\/\/api.w.org\/{rel}","templated":true}]}}