{"id":9326,"date":"2024-07-04T23:01:17","date_gmt":"2024-07-04T21:01:17","guid":{"rendered":"https:\/\/wp.akuku.com.pl\/sklep\/non%20class\u00e9\/filtres-hygieniques-jetables-pour-laspirateur-nasal-a0037\/"},"modified":"2024-07-29T21:52:43","modified_gmt":"2024-07-29T19:52:43","slug":"filtres-hygieniques-jetables-pour-laspirateur-nasal-a0037","status":"publish","type":"product","link":"https:\/\/akuku.com.pl\/fr\/catalogue-de-produits\/pour-maman\/filtres-hygieniques-jetables-pour-laspirateur-nasal-a0037\/","title":{"rendered":"Filtres hygi\u00e9niques jetables pour l&rsquo;aspirateur nasal"},"content":{"rendered":"<div class=\"textWrap\">\n<p>Filtres hygi\u00e9niques jetables pour l&rsquo;aspirateur nasal A0037<\/p>\n<p>Filtres rempla\u00e7ables pour l&rsquo;aspirateur AKUKU qui emp\u00eachent les s\u00e9cr\u00e9tions nasales de p\u00e9n\u00e9trer dans le tube avec l&#8217;embout buccal. <br \/>Ils emp\u00eachent ainsi la personne qui nettoie le nez de l&rsquo;enfant d&rsquo;\u00eatre infect\u00e9e. <br \/>Ces filtres sont n\u00e9cessaires au fonctionnement correct et hygi\u00e9nique de l&rsquo;aspirateur. <br \/>Ils conservent les s\u00e9cr\u00e9tions nasales dans l&rsquo;appareil et prot\u00e8gent la personne qui s&rsquo;occupe de l&rsquo;enfant contre les infections.<br \/>Le filtre doit \u00eatre remplac\u00e9 apr\u00e8s chaque utilisation de l&rsquo;aspirateur.<br \/>Le produit n&rsquo;est pas un jouet. Tenir hors de port\u00e9e des enfants.<br \/>Sans BPA (0% BPA)<br \/>Emballages de 25 pi\u00e8ces<\/p>\n<p><img decoding=\"async\" alt=\"\" src=\"https:\/\/akuku.com.pl\/wp-content\/uploads\/2024\/09\/BPA-Free-logo-png_1.png\" \/><\/p>\n<\/div>\n","protected":false},"excerpt":{"rendered":"<p>Filtres hygi\u00e9niques jetables pour l&rsquo;aspirateur nasal A0037 Filtres rempla\u00e7ables pour l&rsquo;aspirateur AKUKU qui emp\u00eachent les s\u00e9cr\u00e9tions nasales de p\u00e9n\u00e9trer dans le tube avec l&#8217;embout buccal. Ils emp\u00eachent ainsi la personne qui nettoie le nez de l&rsquo;enfant d&rsquo;\u00eatre infect\u00e9e. Ces filtres sont n\u00e9cessaires au fonctionnement correct et hygi\u00e9nique de l&rsquo;aspirateur. Ils conservent les s\u00e9cr\u00e9tions nasales dans [&hellip;]<\/p>\n","protected":false},"featured_media":9302,"template":"","meta":[],"product_cat":[3317],"product_tag":[],"class_list":{"0":"post-9326","1":"product","2":"type-product","3":"status-publish","4":"has-post-thumbnail","6":"product_cat-pour-maman","8":"first","9":"instock","10":"shipping-taxable","11":"product-type-simple"},"yoast_head":"<!-- This site is optimized with the Yoast SEO plugin v26.2 - https:\/\/yoast.com\/wordpress\/plugins\/seo\/ -->\n<title>Filtres hygi\u00e9niques jetables pour l&#039;aspirateur nasal - Akuku<\/title>\n<meta name=\"description\" content=\"Sprawd\u017a nasz produkt: Filtres hygi\u00e9niques jetables pour l&#039;aspirateur nasal. Produkty Akuku - odpowiednie dla mam i niemowl\u0105t!\" \/>\n<meta name=\"robots\" content=\"index, follow, max-snippet:-1, max-image-preview:large, max-video-preview:-1\" \/>\n<link rel=\"canonical\" href=\"https:\/\/akuku.com.pl\/fr\/catalogue-de-produits\/pour-maman\/filtres-hygieniques-jetables-pour-laspirateur-nasal-a0037\/\" \/>\n<meta property=\"og:locale\" content=\"fr_FR\" \/>\n<meta property=\"og:type\" content=\"article\" \/>\n<meta property=\"og:title\" content=\"Filtres hygi\u00e9niques jetables pour l&#039;aspirateur nasal - Akuku\" \/>\n<meta property=\"og:description\" content=\"Sprawd\u017a nasz produkt: Filtres hygi\u00e9niques jetables pour l&#039;aspirateur nasal. Produkty Akuku - odpowiednie dla mam i niemowl\u0105t!\" \/>\n<meta property=\"og:url\" content=\"https:\/\/akuku.com.pl\/fr\/catalogue-de-produits\/pour-maman\/filtres-hygieniques-jetables-pour-laspirateur-nasal-a0037\/\" \/>\n<meta property=\"og:site_name\" content=\"Akuku\" \/>\n<meta property=\"article:publisher\" content=\"https:\/\/www.facebook.com\/markaAKUKU\" \/>\n<meta property=\"article:modified_time\" content=\"2024-07-29T19:52:43+00:00\" \/>\n<meta property=\"og:image\" content=\"https:\/\/akuku.com.pl\/wp-content\/uploads\/2024\/07\/A0037_5-1.jpg\" \/>\n\t<meta property=\"og:image:width\" content=\"1500\" \/>\n\t<meta property=\"og:image:height\" content=\"1500\" \/>\n\t<meta property=\"og:image:type\" content=\"image\/jpeg\" \/>\n<meta name=\"twitter:card\" content=\"summary_large_image\" \/>\n<meta name=\"twitter:label1\" content=\"Dur\u00e9e de lecture estim\u00e9e\" \/>\n\t<meta name=\"twitter:data1\" content=\"1 minute\" \/>\n<script type=\"application\/ld+json\" class=\"yoast-schema-graph\">{\"@context\":\"https:\/\/schema.org\",\"@graph\":[{\"@type\":\"WebPage\",\"@id\":\"https:\/\/akuku.com.pl\/fr\/catalogue-de-produits\/pour-maman\/filtres-hygieniques-jetables-pour-laspirateur-nasal-a0037\/\",\"url\":\"https:\/\/akuku.com.pl\/fr\/catalogue-de-produits\/pour-maman\/filtres-hygieniques-jetables-pour-laspirateur-nasal-a0037\/\",\"name\":\"Filtres hygi\u00e9niques jetables pour l'aspirateur nasal - Akuku\",\"isPartOf\":{\"@id\":\"https:\/\/akuku.com.pl\/fr\/#website\"},\"primaryImageOfPage\":{\"@id\":\"https:\/\/akuku.com.pl\/fr\/catalogue-de-produits\/pour-maman\/filtres-hygieniques-jetables-pour-laspirateur-nasal-a0037\/#primaryimage\"},\"image\":{\"@id\":\"https:\/\/akuku.com.pl\/fr\/catalogue-de-produits\/pour-maman\/filtres-hygieniques-jetables-pour-laspirateur-nasal-a0037\/#primaryimage\"},\"thumbnailUrl\":\"https:\/\/akuku.com.pl\/wp-content\/uploads\/2024\/07\/a0037-5.jpeg\",\"datePublished\":\"2024-07-04T21:01:17+00:00\",\"dateModified\":\"2024-07-29T19:52:43+00:00\",\"description\":\"Sprawd\u017a nasz produkt: Filtres hygi\u00e9niques jetables pour l'aspirateur nasal. Produkty Akuku - odpowiednie dla mam i niemowl\u0105t!\",\"breadcrumb\":{\"@id\":\"https:\/\/akuku.com.pl\/fr\/catalogue-de-produits\/pour-maman\/filtres-hygieniques-jetables-pour-laspirateur-nasal-a0037\/#breadcrumb\"},\"inLanguage\":\"fr-FR\",\"potentialAction\":[{\"@type\":\"ReadAction\",\"target\":[\"https:\/\/akuku.com.pl\/fr\/catalogue-de-produits\/pour-maman\/filtres-hygieniques-jetables-pour-laspirateur-nasal-a0037\/\"]}]},{\"@type\":\"ImageObject\",\"inLanguage\":\"fr-FR\",\"@id\":\"https:\/\/akuku.com.pl\/fr\/catalogue-de-produits\/pour-maman\/filtres-hygieniques-jetables-pour-laspirateur-nasal-a0037\/#primaryimage\",\"url\":\"https:\/\/akuku.com.pl\/wp-content\/uploads\/2024\/07\/a0037-5.jpeg\",\"contentUrl\":\"https:\/\/akuku.com.pl\/wp-content\/uploads\/2024\/07\/a0037-5.jpeg\",\"width\":720,\"height\":720},{\"@type\":\"BreadcrumbList\",\"@id\":\"https:\/\/akuku.com.pl\/fr\/catalogue-de-produits\/pour-maman\/filtres-hygieniques-jetables-pour-laspirateur-nasal-a0037\/#breadcrumb\",\"itemListElement\":[{\"@type\":\"ListItem\",\"position\":1,\"name\":\"Strona g\u0142\u00f3wna\",\"item\":\"https:\/\/akuku.com.pl\/fr\/\"},{\"@type\":\"ListItem\",\"position\":2,\"name\":\"Boutique\",\"item\":\"https:\/\/akuku.com.pl\/wszystkie-produkty\/\"},{\"@type\":\"ListItem\",\"position\":3,\"name\":\"Filtres hygi\u00e9niques jetables pour l&rsquo;aspirateur nasal\"}]},{\"@type\":\"WebSite\",\"@id\":\"https:\/\/akuku.com.pl\/fr\/#website\",\"url\":\"https:\/\/akuku.com.pl\/fr\/\",\"name\":\"Akuku.com.pl\",\"description\":\"\",\"publisher\":{\"@id\":\"https:\/\/akuku.com.pl\/fr\/#organization\"},\"potentialAction\":[{\"@type\":\"SearchAction\",\"target\":{\"@type\":\"EntryPoint\",\"urlTemplate\":\"https:\/\/akuku.com.pl\/fr\/?s={search_term_string}\"},\"query-input\":{\"@type\":\"PropertyValueSpecification\",\"valueRequired\":true,\"valueName\":\"search_term_string\"}}],\"inLanguage\":\"fr-FR\"},{\"@type\":\"Organization\",\"@id\":\"https:\/\/akuku.com.pl\/fr\/#organization\",\"name\":\"Akuku.com.pl\",\"url\":\"https:\/\/akuku.com.pl\/fr\/\",\"logo\":{\"@type\":\"ImageObject\",\"inLanguage\":\"fr-FR\",\"@id\":\"https:\/\/akuku.com.pl\/fr\/#\/schema\/logo\/image\/\",\"url\":\"https:\/\/akuku.com.pl\/wp-content\/uploads\/2024\/04\/akuku-logo.svg\",\"contentUrl\":\"https:\/\/akuku.com.pl\/wp-content\/uploads\/2024\/04\/akuku-logo.svg\",\"width\":114,\"height\":50,\"caption\":\"Akuku.com.pl\"},\"image\":{\"@id\":\"https:\/\/akuku.com.pl\/fr\/#\/schema\/logo\/image\/\"},\"sameAs\":[\"https:\/\/www.facebook.com\/markaAKUKU\"]}]}<\/script>\n<!-- \/ Yoast SEO plugin. -->","yoast_head_json":{"title":"Filtres hygi\u00e9niques jetables pour l'aspirateur nasal - Akuku","description":"Sprawd\u017a nasz produkt: Filtres hygi\u00e9niques jetables pour l'aspirateur nasal. Produkty Akuku - odpowiednie dla mam i niemowl\u0105t!","robots":{"index":"index","follow":"follow","max-snippet":"max-snippet:-1","max-image-preview":"max-image-preview:large","max-video-preview":"max-video-preview:-1"},"canonical":"https:\/\/akuku.com.pl\/fr\/catalogue-de-produits\/pour-maman\/filtres-hygieniques-jetables-pour-laspirateur-nasal-a0037\/","og_locale":"fr_FR","og_type":"article","og_title":"Filtres hygi\u00e9niques jetables pour l'aspirateur nasal - Akuku","og_description":"Sprawd\u017a nasz produkt: Filtres hygi\u00e9niques jetables pour l'aspirateur nasal. Produkty Akuku - odpowiednie dla mam i niemowl\u0105t!","og_url":"https:\/\/akuku.com.pl\/fr\/catalogue-de-produits\/pour-maman\/filtres-hygieniques-jetables-pour-laspirateur-nasal-a0037\/","og_site_name":"Akuku","article_publisher":"https:\/\/www.facebook.com\/markaAKUKU","article_modified_time":"2024-07-29T19:52:43+00:00","og_image":[{"width":1500,"height":1500,"url":"https:\/\/akuku.com.pl\/wp-content\/uploads\/2024\/07\/A0037_5-1.jpg","type":"image\/jpeg"}],"twitter_card":"summary_large_image","twitter_misc":{"Dur\u00e9e de lecture estim\u00e9e":"1 minute"},"schema":{"@context":"https:\/\/schema.org","@graph":[{"@type":"WebPage","@id":"https:\/\/akuku.com.pl\/fr\/catalogue-de-produits\/pour-maman\/filtres-hygieniques-jetables-pour-laspirateur-nasal-a0037\/","url":"https:\/\/akuku.com.pl\/fr\/catalogue-de-produits\/pour-maman\/filtres-hygieniques-jetables-pour-laspirateur-nasal-a0037\/","name":"Filtres hygi\u00e9niques jetables pour l'aspirateur nasal - Akuku","isPartOf":{"@id":"https:\/\/akuku.com.pl\/fr\/#website"},"primaryImageOfPage":{"@id":"https:\/\/akuku.com.pl\/fr\/catalogue-de-produits\/pour-maman\/filtres-hygieniques-jetables-pour-laspirateur-nasal-a0037\/#primaryimage"},"image":{"@id":"https:\/\/akuku.com.pl\/fr\/catalogue-de-produits\/pour-maman\/filtres-hygieniques-jetables-pour-laspirateur-nasal-a0037\/#primaryimage"},"thumbnailUrl":"https:\/\/akuku.com.pl\/wp-content\/uploads\/2024\/07\/a0037-5.jpeg","datePublished":"2024-07-04T21:01:17+00:00","dateModified":"2024-07-29T19:52:43+00:00","description":"Sprawd\u017a nasz produkt: Filtres hygi\u00e9niques jetables pour l'aspirateur nasal. Produkty Akuku - odpowiednie dla mam i niemowl\u0105t!","breadcrumb":{"@id":"https:\/\/akuku.com.pl\/fr\/catalogue-de-produits\/pour-maman\/filtres-hygieniques-jetables-pour-laspirateur-nasal-a0037\/#breadcrumb"},"inLanguage":"fr-FR","potentialAction":[{"@type":"ReadAction","target":["https:\/\/akuku.com.pl\/fr\/catalogue-de-produits\/pour-maman\/filtres-hygieniques-jetables-pour-laspirateur-nasal-a0037\/"]}]},{"@type":"ImageObject","inLanguage":"fr-FR","@id":"https:\/\/akuku.com.pl\/fr\/catalogue-de-produits\/pour-maman\/filtres-hygieniques-jetables-pour-laspirateur-nasal-a0037\/#primaryimage","url":"https:\/\/akuku.com.pl\/wp-content\/uploads\/2024\/07\/a0037-5.jpeg","contentUrl":"https:\/\/akuku.com.pl\/wp-content\/uploads\/2024\/07\/a0037-5.jpeg","width":720,"height":720},{"@type":"BreadcrumbList","@id":"https:\/\/akuku.com.pl\/fr\/catalogue-de-produits\/pour-maman\/filtres-hygieniques-jetables-pour-laspirateur-nasal-a0037\/#breadcrumb","itemListElement":[{"@type":"ListItem","position":1,"name":"Strona g\u0142\u00f3wna","item":"https:\/\/akuku.com.pl\/fr\/"},{"@type":"ListItem","position":2,"name":"Boutique","item":"https:\/\/akuku.com.pl\/wszystkie-produkty\/"},{"@type":"ListItem","position":3,"name":"Filtres hygi\u00e9niques jetables pour l&rsquo;aspirateur nasal"}]},{"@type":"WebSite","@id":"https:\/\/akuku.com.pl\/fr\/#website","url":"https:\/\/akuku.com.pl\/fr\/","name":"Akuku.com.pl","description":"","publisher":{"@id":"https:\/\/akuku.com.pl\/fr\/#organization"},"potentialAction":[{"@type":"SearchAction","target":{"@type":"EntryPoint","urlTemplate":"https:\/\/akuku.com.pl\/fr\/?s={search_term_string}"},"query-input":{"@type":"PropertyValueSpecification","valueRequired":true,"valueName":"search_term_string"}}],"inLanguage":"fr-FR"},{"@type":"Organization","@id":"https:\/\/akuku.com.pl\/fr\/#organization","name":"Akuku.com.pl","url":"https:\/\/akuku.com.pl\/fr\/","logo":{"@type":"ImageObject","inLanguage":"fr-FR","@id":"https:\/\/akuku.com.pl\/fr\/#\/schema\/logo\/image\/","url":"https:\/\/akuku.com.pl\/wp-content\/uploads\/2024\/04\/akuku-logo.svg","contentUrl":"https:\/\/akuku.com.pl\/wp-content\/uploads\/2024\/04\/akuku-logo.svg","width":114,"height":50,"caption":"Akuku.com.pl"},"image":{"@id":"https:\/\/akuku.com.pl\/fr\/#\/schema\/logo\/image\/"},"sameAs":["https:\/\/www.facebook.com\/markaAKUKU"]}]}},"_links":{"self":[{"href":"https:\/\/akuku.com.pl\/fr\/wp-json\/wp\/v2\/product\/9326","targetHints":{"allow":["GET"]}}],"collection":[{"href":"https:\/\/akuku.com.pl\/fr\/wp-json\/wp\/v2\/product"}],"about":[{"href":"https:\/\/akuku.com.pl\/fr\/wp-json\/wp\/v2\/types\/product"}],"wp:featuredmedia":[{"embeddable":true,"href":"https:\/\/akuku.com.pl\/fr\/wp-json\/wp\/v2\/media\/9302"}],"wp:attachment":[{"href":"https:\/\/akuku.com.pl\/fr\/wp-json\/wp\/v2\/media?parent=9326"}],"wp:term":[{"taxonomy":"product_cat","embeddable":true,"href":"https:\/\/akuku.com.pl\/fr\/wp-json\/wp\/v2\/product_cat?post=9326"},{"taxonomy":"product_tag","embeddable":true,"href":"https:\/\/akuku.com.pl\/fr\/wp-json\/wp\/v2\/product_tag?post=9326"}],"curies":[{"name":"wp","href":"https:\/\/api.w.org\/{rel}","templated":true}]}}