{"id":9299,"date":"2024-07-04T23:00:59","date_gmt":"2024-07-04T21:00:59","guid":{"rendered":"https:\/\/wp.akuku.com.pl\/sklep\/non%20class\u00e9\/sacs-parfumes-a-couches-a0002\/"},"modified":"2024-07-29T21:52:44","modified_gmt":"2024-07-29T19:52:44","slug":"sacs-parfumes-a-couches-a0002","status":"publish","type":"product","link":"https:\/\/akuku.com.pl\/fr\/catalogue-de-produits\/soins\/accessoires-a-langer\/sacs-parfumes-a-couches\/sacs-parfumes-a-couches-a0002\/","title":{"rendered":"Sacs parfum\u00e9s \u00e0 couches"},"content":{"rendered":"<div class=\"textWrap\">\n<p>\u00a0<\/p>\n<p>Sacs parfum\u00e9s\u00a0 \u00e0 couches A0002<\/p>\n<p>Nos sacs \u00e0 couches sales sont parfum\u00e9s et hygi\u00e9niques. <br \/>Ils neutralisent facilement l&rsquo;odeur d\u00e9sagr\u00e9able des couches et des lingettes humides utilis\u00e9es lors du changement des couches du b\u00e9b\u00e9. <br \/>La taille du sachet vous permet de disposer \u00e0 l\u2019int\u00e9rieur des couches de chaque taille. <br \/>Ils se referment facilement. <br \/>L&#8217;emballage est \u00e9quip\u00e9 d&rsquo;un m\u00e9canisme de fermeture pratique. <br \/>Ils sont parfaits pour une utilisation \u00e0 la maison, en promenade ou en voyage.<br \/>Le paquet contient 100 pi\u00e8ces.<\/p>\n<\/div>\n","protected":false},"excerpt":{"rendered":"<p>\u00a0 Sacs parfum\u00e9s\u00a0 \u00e0 couches A0002 Nos sacs \u00e0 couches sales sont parfum\u00e9s et hygi\u00e9niques. Ils neutralisent facilement l&rsquo;odeur d\u00e9sagr\u00e9able des couches et des lingettes humides utilis\u00e9es lors du changement des couches du b\u00e9b\u00e9. La taille du sachet vous permet de disposer \u00e0 l\u2019int\u00e9rieur des couches de chaque taille. Ils se referment facilement. L&#8217;emballage est [&hellip;]<\/p>\n","protected":false},"featured_media":9272,"template":"","meta":[],"product_cat":[3414,3441],"product_tag":[],"class_list":{"0":"post-9299","1":"product","2":"type-product","3":"status-publish","4":"has-post-thumbnail","6":"product_cat-soins","7":"product_cat-sacs-parfumes-a-couches","9":"first","10":"instock","11":"shipping-taxable","12":"product-type-simple"},"yoast_head":"<!-- This site is optimized with the Yoast SEO plugin v26.2 - https:\/\/yoast.com\/wordpress\/plugins\/seo\/ -->\n<title>Sacs parfum\u00e9s \u00e0 couches - Akuku<\/title>\n<meta name=\"description\" content=\"Sprawd\u017a nasz produkt: Sacs parfum\u00e9s \u00e0 couches. Produkty Akuku - odpowiednie dla mam i niemowl\u0105t!\" \/>\n<meta name=\"robots\" content=\"index, follow, max-snippet:-1, max-image-preview:large, max-video-preview:-1\" \/>\n<link rel=\"canonical\" href=\"https:\/\/akuku.com.pl\/fr\/catalogue-de-produits\/soins\/accessoires-a-langer\/sacs-parfumes-a-couches\/sacs-parfumes-a-couches-a0002\/\" \/>\n<meta property=\"og:locale\" content=\"fr_FR\" \/>\n<meta property=\"og:type\" content=\"article\" \/>\n<meta property=\"og:title\" content=\"Sacs parfum\u00e9s \u00e0 couches - Akuku\" \/>\n<meta property=\"og:description\" content=\"Sprawd\u017a nasz produkt: Sacs parfum\u00e9s \u00e0 couches. Produkty Akuku - odpowiednie dla mam i niemowl\u0105t!\" \/>\n<meta property=\"og:url\" content=\"https:\/\/akuku.com.pl\/fr\/catalogue-de-produits\/soins\/accessoires-a-langer\/sacs-parfumes-a-couches\/sacs-parfumes-a-couches-a0002\/\" \/>\n<meta property=\"og:site_name\" content=\"Akuku\" \/>\n<meta property=\"article:publisher\" content=\"https:\/\/www.facebook.com\/markaAKUKU\" \/>\n<meta property=\"article:modified_time\" content=\"2024-07-29T19:52:44+00:00\" \/>\n<meta property=\"og:image\" content=\"https:\/\/akuku.com.pl\/wp-content\/uploads\/2024\/07\/a0002-33.jpeg\" \/>\n\t<meta property=\"og:image:width\" content=\"720\" \/>\n\t<meta property=\"og:image:height\" content=\"720\" \/>\n\t<meta property=\"og:image:type\" content=\"image\/jpeg\" \/>\n<meta name=\"twitter:card\" content=\"summary_large_image\" \/>\n<script type=\"application\/ld+json\" class=\"yoast-schema-graph\">{\"@context\":\"https:\/\/schema.org\",\"@graph\":[{\"@type\":\"WebPage\",\"@id\":\"https:\/\/akuku.com.pl\/fr\/catalogue-de-produits\/soins\/accessoires-a-langer\/sacs-parfumes-a-couches\/sacs-parfumes-a-couches-a0002\/\",\"url\":\"https:\/\/akuku.com.pl\/fr\/catalogue-de-produits\/soins\/accessoires-a-langer\/sacs-parfumes-a-couches\/sacs-parfumes-a-couches-a0002\/\",\"name\":\"Sacs parfum\u00e9s \u00e0 couches - Akuku\",\"isPartOf\":{\"@id\":\"https:\/\/akuku.com.pl\/fr\/#website\"},\"primaryImageOfPage\":{\"@id\":\"https:\/\/akuku.com.pl\/fr\/catalogue-de-produits\/soins\/accessoires-a-langer\/sacs-parfumes-a-couches\/sacs-parfumes-a-couches-a0002\/#primaryimage\"},\"image\":{\"@id\":\"https:\/\/akuku.com.pl\/fr\/catalogue-de-produits\/soins\/accessoires-a-langer\/sacs-parfumes-a-couches\/sacs-parfumes-a-couches-a0002\/#primaryimage\"},\"thumbnailUrl\":\"https:\/\/akuku.com.pl\/wp-content\/uploads\/2024\/07\/a0002-33.jpeg\",\"datePublished\":\"2024-07-04T21:00:59+00:00\",\"dateModified\":\"2024-07-29T19:52:44+00:00\",\"description\":\"Sprawd\u017a nasz produkt: Sacs parfum\u00e9s \u00e0 couches. Produkty Akuku - odpowiednie dla mam i niemowl\u0105t!\",\"breadcrumb\":{\"@id\":\"https:\/\/akuku.com.pl\/fr\/catalogue-de-produits\/soins\/accessoires-a-langer\/sacs-parfumes-a-couches\/sacs-parfumes-a-couches-a0002\/#breadcrumb\"},\"inLanguage\":\"fr-FR\",\"potentialAction\":[{\"@type\":\"ReadAction\",\"target\":[\"https:\/\/akuku.com.pl\/fr\/catalogue-de-produits\/soins\/accessoires-a-langer\/sacs-parfumes-a-couches\/sacs-parfumes-a-couches-a0002\/\"]}]},{\"@type\":\"ImageObject\",\"inLanguage\":\"fr-FR\",\"@id\":\"https:\/\/akuku.com.pl\/fr\/catalogue-de-produits\/soins\/accessoires-a-langer\/sacs-parfumes-a-couches\/sacs-parfumes-a-couches-a0002\/#primaryimage\",\"url\":\"https:\/\/akuku.com.pl\/wp-content\/uploads\/2024\/07\/a0002-33.jpeg\",\"contentUrl\":\"https:\/\/akuku.com.pl\/wp-content\/uploads\/2024\/07\/a0002-33.jpeg\",\"width\":720,\"height\":720},{\"@type\":\"BreadcrumbList\",\"@id\":\"https:\/\/akuku.com.pl\/fr\/catalogue-de-produits\/soins\/accessoires-a-langer\/sacs-parfumes-a-couches\/sacs-parfumes-a-couches-a0002\/#breadcrumb\",\"itemListElement\":[{\"@type\":\"ListItem\",\"position\":1,\"name\":\"Strona g\u0142\u00f3wna\",\"item\":\"https:\/\/akuku.com.pl\/fr\/\"},{\"@type\":\"ListItem\",\"position\":2,\"name\":\"Boutique\",\"item\":\"https:\/\/akuku.com.pl\/wszystkie-produkty\/\"},{\"@type\":\"ListItem\",\"position\":3,\"name\":\"Sacs parfum\u00e9s \u00e0 couches\"}]},{\"@type\":\"WebSite\",\"@id\":\"https:\/\/akuku.com.pl\/fr\/#website\",\"url\":\"https:\/\/akuku.com.pl\/fr\/\",\"name\":\"Akuku.com.pl\",\"description\":\"\",\"publisher\":{\"@id\":\"https:\/\/akuku.com.pl\/fr\/#organization\"},\"potentialAction\":[{\"@type\":\"SearchAction\",\"target\":{\"@type\":\"EntryPoint\",\"urlTemplate\":\"https:\/\/akuku.com.pl\/fr\/?s={search_term_string}\"},\"query-input\":{\"@type\":\"PropertyValueSpecification\",\"valueRequired\":true,\"valueName\":\"search_term_string\"}}],\"inLanguage\":\"fr-FR\"},{\"@type\":\"Organization\",\"@id\":\"https:\/\/akuku.com.pl\/fr\/#organization\",\"name\":\"Akuku.com.pl\",\"url\":\"https:\/\/akuku.com.pl\/fr\/\",\"logo\":{\"@type\":\"ImageObject\",\"inLanguage\":\"fr-FR\",\"@id\":\"https:\/\/akuku.com.pl\/fr\/#\/schema\/logo\/image\/\",\"url\":\"https:\/\/akuku.com.pl\/wp-content\/uploads\/2024\/04\/akuku-logo.svg\",\"contentUrl\":\"https:\/\/akuku.com.pl\/wp-content\/uploads\/2024\/04\/akuku-logo.svg\",\"width\":114,\"height\":50,\"caption\":\"Akuku.com.pl\"},\"image\":{\"@id\":\"https:\/\/akuku.com.pl\/fr\/#\/schema\/logo\/image\/\"},\"sameAs\":[\"https:\/\/www.facebook.com\/markaAKUKU\"]}]}<\/script>\n<!-- \/ Yoast SEO plugin. -->","yoast_head_json":{"title":"Sacs parfum\u00e9s \u00e0 couches - Akuku","description":"Sprawd\u017a nasz produkt: Sacs parfum\u00e9s \u00e0 couches. Produkty Akuku - odpowiednie dla mam i niemowl\u0105t!","robots":{"index":"index","follow":"follow","max-snippet":"max-snippet:-1","max-image-preview":"max-image-preview:large","max-video-preview":"max-video-preview:-1"},"canonical":"https:\/\/akuku.com.pl\/fr\/catalogue-de-produits\/soins\/accessoires-a-langer\/sacs-parfumes-a-couches\/sacs-parfumes-a-couches-a0002\/","og_locale":"fr_FR","og_type":"article","og_title":"Sacs parfum\u00e9s \u00e0 couches - Akuku","og_description":"Sprawd\u017a nasz produkt: Sacs parfum\u00e9s \u00e0 couches. Produkty Akuku - odpowiednie dla mam i niemowl\u0105t!","og_url":"https:\/\/akuku.com.pl\/fr\/catalogue-de-produits\/soins\/accessoires-a-langer\/sacs-parfumes-a-couches\/sacs-parfumes-a-couches-a0002\/","og_site_name":"Akuku","article_publisher":"https:\/\/www.facebook.com\/markaAKUKU","article_modified_time":"2024-07-29T19:52:44+00:00","og_image":[{"width":720,"height":720,"url":"https:\/\/akuku.com.pl\/wp-content\/uploads\/2024\/07\/a0002-33.jpeg","type":"image\/jpeg"}],"twitter_card":"summary_large_image","schema":{"@context":"https:\/\/schema.org","@graph":[{"@type":"WebPage","@id":"https:\/\/akuku.com.pl\/fr\/catalogue-de-produits\/soins\/accessoires-a-langer\/sacs-parfumes-a-couches\/sacs-parfumes-a-couches-a0002\/","url":"https:\/\/akuku.com.pl\/fr\/catalogue-de-produits\/soins\/accessoires-a-langer\/sacs-parfumes-a-couches\/sacs-parfumes-a-couches-a0002\/","name":"Sacs parfum\u00e9s \u00e0 couches - Akuku","isPartOf":{"@id":"https:\/\/akuku.com.pl\/fr\/#website"},"primaryImageOfPage":{"@id":"https:\/\/akuku.com.pl\/fr\/catalogue-de-produits\/soins\/accessoires-a-langer\/sacs-parfumes-a-couches\/sacs-parfumes-a-couches-a0002\/#primaryimage"},"image":{"@id":"https:\/\/akuku.com.pl\/fr\/catalogue-de-produits\/soins\/accessoires-a-langer\/sacs-parfumes-a-couches\/sacs-parfumes-a-couches-a0002\/#primaryimage"},"thumbnailUrl":"https:\/\/akuku.com.pl\/wp-content\/uploads\/2024\/07\/a0002-33.jpeg","datePublished":"2024-07-04T21:00:59+00:00","dateModified":"2024-07-29T19:52:44+00:00","description":"Sprawd\u017a nasz produkt: Sacs parfum\u00e9s \u00e0 couches. Produkty Akuku - odpowiednie dla mam i niemowl\u0105t!","breadcrumb":{"@id":"https:\/\/akuku.com.pl\/fr\/catalogue-de-produits\/soins\/accessoires-a-langer\/sacs-parfumes-a-couches\/sacs-parfumes-a-couches-a0002\/#breadcrumb"},"inLanguage":"fr-FR","potentialAction":[{"@type":"ReadAction","target":["https:\/\/akuku.com.pl\/fr\/catalogue-de-produits\/soins\/accessoires-a-langer\/sacs-parfumes-a-couches\/sacs-parfumes-a-couches-a0002\/"]}]},{"@type":"ImageObject","inLanguage":"fr-FR","@id":"https:\/\/akuku.com.pl\/fr\/catalogue-de-produits\/soins\/accessoires-a-langer\/sacs-parfumes-a-couches\/sacs-parfumes-a-couches-a0002\/#primaryimage","url":"https:\/\/akuku.com.pl\/wp-content\/uploads\/2024\/07\/a0002-33.jpeg","contentUrl":"https:\/\/akuku.com.pl\/wp-content\/uploads\/2024\/07\/a0002-33.jpeg","width":720,"height":720},{"@type":"BreadcrumbList","@id":"https:\/\/akuku.com.pl\/fr\/catalogue-de-produits\/soins\/accessoires-a-langer\/sacs-parfumes-a-couches\/sacs-parfumes-a-couches-a0002\/#breadcrumb","itemListElement":[{"@type":"ListItem","position":1,"name":"Strona g\u0142\u00f3wna","item":"https:\/\/akuku.com.pl\/fr\/"},{"@type":"ListItem","position":2,"name":"Boutique","item":"https:\/\/akuku.com.pl\/wszystkie-produkty\/"},{"@type":"ListItem","position":3,"name":"Sacs parfum\u00e9s \u00e0 couches"}]},{"@type":"WebSite","@id":"https:\/\/akuku.com.pl\/fr\/#website","url":"https:\/\/akuku.com.pl\/fr\/","name":"Akuku.com.pl","description":"","publisher":{"@id":"https:\/\/akuku.com.pl\/fr\/#organization"},"potentialAction":[{"@type":"SearchAction","target":{"@type":"EntryPoint","urlTemplate":"https:\/\/akuku.com.pl\/fr\/?s={search_term_string}"},"query-input":{"@type":"PropertyValueSpecification","valueRequired":true,"valueName":"search_term_string"}}],"inLanguage":"fr-FR"},{"@type":"Organization","@id":"https:\/\/akuku.com.pl\/fr\/#organization","name":"Akuku.com.pl","url":"https:\/\/akuku.com.pl\/fr\/","logo":{"@type":"ImageObject","inLanguage":"fr-FR","@id":"https:\/\/akuku.com.pl\/fr\/#\/schema\/logo\/image\/","url":"https:\/\/akuku.com.pl\/wp-content\/uploads\/2024\/04\/akuku-logo.svg","contentUrl":"https:\/\/akuku.com.pl\/wp-content\/uploads\/2024\/04\/akuku-logo.svg","width":114,"height":50,"caption":"Akuku.com.pl"},"image":{"@id":"https:\/\/akuku.com.pl\/fr\/#\/schema\/logo\/image\/"},"sameAs":["https:\/\/www.facebook.com\/markaAKUKU"]}]}},"_links":{"self":[{"href":"https:\/\/akuku.com.pl\/fr\/wp-json\/wp\/v2\/product\/9299","targetHints":{"allow":["GET"]}}],"collection":[{"href":"https:\/\/akuku.com.pl\/fr\/wp-json\/wp\/v2\/product"}],"about":[{"href":"https:\/\/akuku.com.pl\/fr\/wp-json\/wp\/v2\/types\/product"}],"wp:featuredmedia":[{"embeddable":true,"href":"https:\/\/akuku.com.pl\/fr\/wp-json\/wp\/v2\/media\/9272"}],"wp:attachment":[{"href":"https:\/\/akuku.com.pl\/fr\/wp-json\/wp\/v2\/media?parent=9299"}],"wp:term":[{"taxonomy":"product_cat","embeddable":true,"href":"https:\/\/akuku.com.pl\/fr\/wp-json\/wp\/v2\/product_cat?post=9299"},{"taxonomy":"product_tag","embeddable":true,"href":"https:\/\/akuku.com.pl\/fr\/wp-json\/wp\/v2\/product_tag?post=9299"}],"curies":[{"name":"wp","href":"https:\/\/api.w.org\/{rel}","templated":true}]}}