{"id":9239,"date":"2024-07-04T23:00:29","date_gmt":"2024-07-04T21:00:29","guid":{"rendered":"https:\/\/wp.akuku.com.pl\/sklep\/non%20class\u00e9\/tapis-a-langer-avec-toile-ciree-a1043\/"},"modified":"2024-07-29T21:52:46","modified_gmt":"2024-07-29T19:52:46","slug":"tapis-a-langer-avec-toile-ciree-a1043","status":"publish","type":"product","link":"https:\/\/akuku.com.pl\/fr\/catalogue-de-produits\/soins\/accessoires-a-langer\/tapis-a-langer\/tapis-a-langer-avec-toile-ciree-a1043\/","title":{"rendered":"Tapis \u00e0 langer avec toile cir\u00e9e"},"content":{"rendered":"<div class=\"textWrap\">\n<p>Matelas \u00e0 langer imperm\u00e9able et r\u00e9utilisable.<\/p>\n<p>Couche sup\u00e9rieure en coton \u00e9ponge.<\/p>\n<p>Couche int\u00e9rieure en toile cir\u00e9e.<\/p>\n<p>Parfait pour la maison et les voyages.<\/p>\n<p>La toile cir\u00e9e prot\u00e8ge cotre l\u2019humidit\u00e9.<\/p>\n<p>Ne provoque pas d&rsquo;\u00e9ruptions cutan\u00e9es.<\/p>\n<p>Dimensions: 50 x 70 cm<\/p>\n<p>Composition: tissu \u00e9ponge (coton 82%, polyester 18%), toile cir\u00e9e PVC<\/p>\n<p><img decoding=\"async\" alt=\"\" src=\"https:\/\/ect.h2g.pl\/akuku\/images\/03.png\" \/><\/p>\n<p>\u00a0<\/p>\n<\/div>\n","protected":false},"excerpt":{"rendered":"<p>Matelas \u00e0 langer imperm\u00e9able et r\u00e9utilisable. Couche sup\u00e9rieure en coton \u00e9ponge. Couche int\u00e9rieure en toile cir\u00e9e. Parfait pour la maison et les voyages. La toile cir\u00e9e prot\u00e8ge cotre l\u2019humidit\u00e9. Ne provoque pas d&rsquo;\u00e9ruptions cutan\u00e9es. Dimensions: 50 x 70 cm Composition: tissu \u00e9ponge (coton 82%, polyester 18%), toile cir\u00e9e PVC \u00a0<\/p>\n","protected":false},"featured_media":9236,"template":"","meta":[],"product_cat":[3414,3435,3438],"product_tag":[],"class_list":{"0":"post-9239","1":"product","2":"type-product","3":"status-publish","4":"has-post-thumbnail","6":"product_cat-soins","7":"product_cat-accessoires-a-langer","8":"product_cat-tapis-a-langer","10":"first","11":"instock","12":"shipping-taxable","13":"product-type-simple"},"yoast_head":"<!-- This site is optimized with the Yoast SEO plugin v26.2 - https:\/\/yoast.com\/wordpress\/plugins\/seo\/ -->\n<title>Tapis \u00e0 langer avec toile cir\u00e9e - Akuku<\/title>\n<meta name=\"description\" content=\"Sprawd\u017a nasz produkt: Tapis \u00e0 langer avec toile cir\u00e9e. Produkty Akuku - odpowiednie dla mam i niemowl\u0105t!\" \/>\n<meta name=\"robots\" content=\"index, follow, max-snippet:-1, max-image-preview:large, max-video-preview:-1\" \/>\n<link rel=\"canonical\" href=\"https:\/\/akuku.com.pl\/fr\/catalogue-de-produits\/soins\/accessoires-a-langer\/tapis-a-langer\/tapis-a-langer-avec-toile-ciree-a1043\/\" \/>\n<meta property=\"og:locale\" content=\"fr_FR\" \/>\n<meta property=\"og:type\" content=\"article\" \/>\n<meta property=\"og:title\" content=\"Tapis \u00e0 langer avec toile cir\u00e9e - Akuku\" \/>\n<meta property=\"og:description\" content=\"Sprawd\u017a nasz produkt: Tapis \u00e0 langer avec toile cir\u00e9e. Produkty Akuku - odpowiednie dla mam i niemowl\u0105t!\" \/>\n<meta property=\"og:url\" content=\"https:\/\/akuku.com.pl\/fr\/catalogue-de-produits\/soins\/accessoires-a-langer\/tapis-a-langer\/tapis-a-langer-avec-toile-ciree-a1043\/\" \/>\n<meta property=\"og:site_name\" content=\"Akuku\" \/>\n<meta property=\"article:publisher\" content=\"https:\/\/www.facebook.com\/markaAKUKU\" \/>\n<meta property=\"article:modified_time\" content=\"2024-07-29T19:52:46+00:00\" \/>\n<meta property=\"og:image\" content=\"https:\/\/akuku.com.pl\/wp-content\/uploads\/2024\/07\/A1043-2.jpg\" \/>\n\t<meta property=\"og:image:width\" content=\"1000\" \/>\n\t<meta property=\"og:image:height\" content=\"1000\" \/>\n\t<meta property=\"og:image:type\" content=\"image\/jpeg\" \/>\n<meta name=\"twitter:card\" content=\"summary_large_image\" \/>\n<script type=\"application\/ld+json\" class=\"yoast-schema-graph\">{\"@context\":\"https:\/\/schema.org\",\"@graph\":[{\"@type\":\"WebPage\",\"@id\":\"https:\/\/akuku.com.pl\/fr\/catalogue-de-produits\/soins\/accessoires-a-langer\/tapis-a-langer\/tapis-a-langer-avec-toile-ciree-a1043\/\",\"url\":\"https:\/\/akuku.com.pl\/fr\/catalogue-de-produits\/soins\/accessoires-a-langer\/tapis-a-langer\/tapis-a-langer-avec-toile-ciree-a1043\/\",\"name\":\"Tapis \u00e0 langer avec toile cir\u00e9e - Akuku\",\"isPartOf\":{\"@id\":\"https:\/\/akuku.com.pl\/fr\/#website\"},\"primaryImageOfPage\":{\"@id\":\"https:\/\/akuku.com.pl\/fr\/catalogue-de-produits\/soins\/accessoires-a-langer\/tapis-a-langer\/tapis-a-langer-avec-toile-ciree-a1043\/#primaryimage\"},\"image\":{\"@id\":\"https:\/\/akuku.com.pl\/fr\/catalogue-de-produits\/soins\/accessoires-a-langer\/tapis-a-langer\/tapis-a-langer-avec-toile-ciree-a1043\/#primaryimage\"},\"thumbnailUrl\":\"https:\/\/akuku.com.pl\/wp-content\/uploads\/2024\/07\/A1043-2.jpg\",\"datePublished\":\"2024-07-04T21:00:29+00:00\",\"dateModified\":\"2024-07-29T19:52:46+00:00\",\"description\":\"Sprawd\u017a nasz produkt: Tapis \u00e0 langer avec toile cir\u00e9e. Produkty Akuku - odpowiednie dla mam i niemowl\u0105t!\",\"breadcrumb\":{\"@id\":\"https:\/\/akuku.com.pl\/fr\/catalogue-de-produits\/soins\/accessoires-a-langer\/tapis-a-langer\/tapis-a-langer-avec-toile-ciree-a1043\/#breadcrumb\"},\"inLanguage\":\"fr-FR\",\"potentialAction\":[{\"@type\":\"ReadAction\",\"target\":[\"https:\/\/akuku.com.pl\/fr\/catalogue-de-produits\/soins\/accessoires-a-langer\/tapis-a-langer\/tapis-a-langer-avec-toile-ciree-a1043\/\"]}]},{\"@type\":\"ImageObject\",\"inLanguage\":\"fr-FR\",\"@id\":\"https:\/\/akuku.com.pl\/fr\/catalogue-de-produits\/soins\/accessoires-a-langer\/tapis-a-langer\/tapis-a-langer-avec-toile-ciree-a1043\/#primaryimage\",\"url\":\"https:\/\/akuku.com.pl\/wp-content\/uploads\/2024\/07\/A1043-2.jpg\",\"contentUrl\":\"https:\/\/akuku.com.pl\/wp-content\/uploads\/2024\/07\/A1043-2.jpg\",\"width\":1000,\"height\":1000,\"caption\":\"Tapis \u00e0 langer avec toile cir\u00e9e A1043\"},{\"@type\":\"BreadcrumbList\",\"@id\":\"https:\/\/akuku.com.pl\/fr\/catalogue-de-produits\/soins\/accessoires-a-langer\/tapis-a-langer\/tapis-a-langer-avec-toile-ciree-a1043\/#breadcrumb\",\"itemListElement\":[{\"@type\":\"ListItem\",\"position\":1,\"name\":\"Strona g\u0142\u00f3wna\",\"item\":\"https:\/\/akuku.com.pl\/fr\/\"},{\"@type\":\"ListItem\",\"position\":2,\"name\":\"Boutique\",\"item\":\"https:\/\/akuku.com.pl\/wszystkie-produkty\/\"},{\"@type\":\"ListItem\",\"position\":3,\"name\":\"Tapis \u00e0 langer avec toile cir\u00e9e\"}]},{\"@type\":\"WebSite\",\"@id\":\"https:\/\/akuku.com.pl\/fr\/#website\",\"url\":\"https:\/\/akuku.com.pl\/fr\/\",\"name\":\"Akuku.com.pl\",\"description\":\"\",\"publisher\":{\"@id\":\"https:\/\/akuku.com.pl\/fr\/#organization\"},\"potentialAction\":[{\"@type\":\"SearchAction\",\"target\":{\"@type\":\"EntryPoint\",\"urlTemplate\":\"https:\/\/akuku.com.pl\/fr\/?s={search_term_string}\"},\"query-input\":{\"@type\":\"PropertyValueSpecification\",\"valueRequired\":true,\"valueName\":\"search_term_string\"}}],\"inLanguage\":\"fr-FR\"},{\"@type\":\"Organization\",\"@id\":\"https:\/\/akuku.com.pl\/fr\/#organization\",\"name\":\"Akuku.com.pl\",\"url\":\"https:\/\/akuku.com.pl\/fr\/\",\"logo\":{\"@type\":\"ImageObject\",\"inLanguage\":\"fr-FR\",\"@id\":\"https:\/\/akuku.com.pl\/fr\/#\/schema\/logo\/image\/\",\"url\":\"https:\/\/akuku.com.pl\/wp-content\/uploads\/2024\/04\/akuku-logo.svg\",\"contentUrl\":\"https:\/\/akuku.com.pl\/wp-content\/uploads\/2024\/04\/akuku-logo.svg\",\"width\":114,\"height\":50,\"caption\":\"Akuku.com.pl\"},\"image\":{\"@id\":\"https:\/\/akuku.com.pl\/fr\/#\/schema\/logo\/image\/\"},\"sameAs\":[\"https:\/\/www.facebook.com\/markaAKUKU\"]}]}<\/script>\n<!-- \/ Yoast SEO plugin. -->","yoast_head_json":{"title":"Tapis \u00e0 langer avec toile cir\u00e9e - Akuku","description":"Sprawd\u017a nasz produkt: Tapis \u00e0 langer avec toile cir\u00e9e. Produkty Akuku - odpowiednie dla mam i niemowl\u0105t!","robots":{"index":"index","follow":"follow","max-snippet":"max-snippet:-1","max-image-preview":"max-image-preview:large","max-video-preview":"max-video-preview:-1"},"canonical":"https:\/\/akuku.com.pl\/fr\/catalogue-de-produits\/soins\/accessoires-a-langer\/tapis-a-langer\/tapis-a-langer-avec-toile-ciree-a1043\/","og_locale":"fr_FR","og_type":"article","og_title":"Tapis \u00e0 langer avec toile cir\u00e9e - Akuku","og_description":"Sprawd\u017a nasz produkt: Tapis \u00e0 langer avec toile cir\u00e9e. Produkty Akuku - odpowiednie dla mam i niemowl\u0105t!","og_url":"https:\/\/akuku.com.pl\/fr\/catalogue-de-produits\/soins\/accessoires-a-langer\/tapis-a-langer\/tapis-a-langer-avec-toile-ciree-a1043\/","og_site_name":"Akuku","article_publisher":"https:\/\/www.facebook.com\/markaAKUKU","article_modified_time":"2024-07-29T19:52:46+00:00","og_image":[{"width":1000,"height":1000,"url":"https:\/\/akuku.com.pl\/wp-content\/uploads\/2024\/07\/A1043-2.jpg","type":"image\/jpeg"}],"twitter_card":"summary_large_image","schema":{"@context":"https:\/\/schema.org","@graph":[{"@type":"WebPage","@id":"https:\/\/akuku.com.pl\/fr\/catalogue-de-produits\/soins\/accessoires-a-langer\/tapis-a-langer\/tapis-a-langer-avec-toile-ciree-a1043\/","url":"https:\/\/akuku.com.pl\/fr\/catalogue-de-produits\/soins\/accessoires-a-langer\/tapis-a-langer\/tapis-a-langer-avec-toile-ciree-a1043\/","name":"Tapis \u00e0 langer avec toile cir\u00e9e - Akuku","isPartOf":{"@id":"https:\/\/akuku.com.pl\/fr\/#website"},"primaryImageOfPage":{"@id":"https:\/\/akuku.com.pl\/fr\/catalogue-de-produits\/soins\/accessoires-a-langer\/tapis-a-langer\/tapis-a-langer-avec-toile-ciree-a1043\/#primaryimage"},"image":{"@id":"https:\/\/akuku.com.pl\/fr\/catalogue-de-produits\/soins\/accessoires-a-langer\/tapis-a-langer\/tapis-a-langer-avec-toile-ciree-a1043\/#primaryimage"},"thumbnailUrl":"https:\/\/akuku.com.pl\/wp-content\/uploads\/2024\/07\/A1043-2.jpg","datePublished":"2024-07-04T21:00:29+00:00","dateModified":"2024-07-29T19:52:46+00:00","description":"Sprawd\u017a nasz produkt: Tapis \u00e0 langer avec toile cir\u00e9e. Produkty Akuku - odpowiednie dla mam i niemowl\u0105t!","breadcrumb":{"@id":"https:\/\/akuku.com.pl\/fr\/catalogue-de-produits\/soins\/accessoires-a-langer\/tapis-a-langer\/tapis-a-langer-avec-toile-ciree-a1043\/#breadcrumb"},"inLanguage":"fr-FR","potentialAction":[{"@type":"ReadAction","target":["https:\/\/akuku.com.pl\/fr\/catalogue-de-produits\/soins\/accessoires-a-langer\/tapis-a-langer\/tapis-a-langer-avec-toile-ciree-a1043\/"]}]},{"@type":"ImageObject","inLanguage":"fr-FR","@id":"https:\/\/akuku.com.pl\/fr\/catalogue-de-produits\/soins\/accessoires-a-langer\/tapis-a-langer\/tapis-a-langer-avec-toile-ciree-a1043\/#primaryimage","url":"https:\/\/akuku.com.pl\/wp-content\/uploads\/2024\/07\/A1043-2.jpg","contentUrl":"https:\/\/akuku.com.pl\/wp-content\/uploads\/2024\/07\/A1043-2.jpg","width":1000,"height":1000,"caption":"Tapis \u00e0 langer avec toile cir\u00e9e A1043"},{"@type":"BreadcrumbList","@id":"https:\/\/akuku.com.pl\/fr\/catalogue-de-produits\/soins\/accessoires-a-langer\/tapis-a-langer\/tapis-a-langer-avec-toile-ciree-a1043\/#breadcrumb","itemListElement":[{"@type":"ListItem","position":1,"name":"Strona g\u0142\u00f3wna","item":"https:\/\/akuku.com.pl\/fr\/"},{"@type":"ListItem","position":2,"name":"Boutique","item":"https:\/\/akuku.com.pl\/wszystkie-produkty\/"},{"@type":"ListItem","position":3,"name":"Tapis \u00e0 langer avec toile cir\u00e9e"}]},{"@type":"WebSite","@id":"https:\/\/akuku.com.pl\/fr\/#website","url":"https:\/\/akuku.com.pl\/fr\/","name":"Akuku.com.pl","description":"","publisher":{"@id":"https:\/\/akuku.com.pl\/fr\/#organization"},"potentialAction":[{"@type":"SearchAction","target":{"@type":"EntryPoint","urlTemplate":"https:\/\/akuku.com.pl\/fr\/?s={search_term_string}"},"query-input":{"@type":"PropertyValueSpecification","valueRequired":true,"valueName":"search_term_string"}}],"inLanguage":"fr-FR"},{"@type":"Organization","@id":"https:\/\/akuku.com.pl\/fr\/#organization","name":"Akuku.com.pl","url":"https:\/\/akuku.com.pl\/fr\/","logo":{"@type":"ImageObject","inLanguage":"fr-FR","@id":"https:\/\/akuku.com.pl\/fr\/#\/schema\/logo\/image\/","url":"https:\/\/akuku.com.pl\/wp-content\/uploads\/2024\/04\/akuku-logo.svg","contentUrl":"https:\/\/akuku.com.pl\/wp-content\/uploads\/2024\/04\/akuku-logo.svg","width":114,"height":50,"caption":"Akuku.com.pl"},"image":{"@id":"https:\/\/akuku.com.pl\/fr\/#\/schema\/logo\/image\/"},"sameAs":["https:\/\/www.facebook.com\/markaAKUKU"]}]}},"_links":{"self":[{"href":"https:\/\/akuku.com.pl\/fr\/wp-json\/wp\/v2\/product\/9239","targetHints":{"allow":["GET"]}}],"collection":[{"href":"https:\/\/akuku.com.pl\/fr\/wp-json\/wp\/v2\/product"}],"about":[{"href":"https:\/\/akuku.com.pl\/fr\/wp-json\/wp\/v2\/types\/product"}],"wp:featuredmedia":[{"embeddable":true,"href":"https:\/\/akuku.com.pl\/fr\/wp-json\/wp\/v2\/media\/9236"}],"wp:attachment":[{"href":"https:\/\/akuku.com.pl\/fr\/wp-json\/wp\/v2\/media?parent=9239"}],"wp:term":[{"taxonomy":"product_cat","embeddable":true,"href":"https:\/\/akuku.com.pl\/fr\/wp-json\/wp\/v2\/product_cat?post=9239"},{"taxonomy":"product_tag","embeddable":true,"href":"https:\/\/akuku.com.pl\/fr\/wp-json\/wp\/v2\/product_tag?post=9239"}],"curies":[{"name":"wp","href":"https:\/\/api.w.org\/{rel}","templated":true}]}}