{"id":9146,"date":"2024-07-04T22:59:24","date_gmt":"2024-07-04T20:59:24","guid":{"rendered":"https:\/\/wp.akuku.com.pl\/sklep\/non%20class\u00e9\/tapis-a-langer-jetable-sensitive-a0500\/"},"modified":"2024-07-29T21:52:53","modified_gmt":"2024-07-29T19:52:53","slug":"tapis-a-langer-jetable-sensitive-a0500","status":"publish","type":"product","link":"https:\/\/akuku.com.pl\/fr\/catalogue-de-produits\/soins\/accessoires-a-langer\/tapis-a-langer\/tapis-a-langer-jetable-sensitive-a0500\/","title":{"rendered":"Tapis \u00e0 langer jetable Sensitive"},"content":{"rendered":"<div class=\"textWrap\">\n<p>Tapis \u00e0 langer jetable Sensitive A0500<\/p>\n<p>\u00ab Sensitive \u00bb est un tapis jetable ayant un insert qui est tr\u00e8s absorbant.<br \/>Il est parfait pour prot\u00e9ger le matelas de toute salet\u00e9. <br \/>Gr\u00e2ce \u00e0 la technologie moderne de p\u00e2te de cellulose utilis\u00e9e, sa couche sup\u00e9rieure est tr\u00e8s d\u00e9licate, agr\u00e9able au toucher et sans danger pour la peau du b\u00e9b\u00e9. <br \/>Le film du dessous prot\u00e8ge la table \u00e0 langer de l&rsquo;humidit\u00e9. <br \/>Ce produit de haute qualit\u00e9 fabriqu\u00e9 \u00e0 l&rsquo;UE sp\u00e9cialement pour les plus jeunes, ne provoque pas d&rsquo;irritation cutan\u00e9e lors du changement de couche.<br \/>Notre tapis est aussi un produit id\u00e9al aussit\u00f4t pour des personnes ag\u00e9s souffrant d&rsquo;incontinence urinaire et en tant qu\u2019une protection suppl\u00e9mentaire pour la literie d&rsquo;h\u00f4pital.<br \/>Compos\u00e9 de huit couches, il offre une bonne protection contre les infiltrations.<br \/>Le paquet contient 15 pi\u00e8ces.<br \/>Dimensions 40 x 60 cm.<\/p>\n<\/div>\n","protected":false},"excerpt":{"rendered":"<p>Tapis \u00e0 langer jetable Sensitive A0500 \u00ab Sensitive \u00bb est un tapis jetable ayant un insert qui est tr\u00e8s absorbant.Il est parfait pour prot\u00e9ger le matelas de toute salet\u00e9. Gr\u00e2ce \u00e0 la technologie moderne de p\u00e2te de cellulose utilis\u00e9e, sa couche sup\u00e9rieure est tr\u00e8s d\u00e9licate, agr\u00e9able au toucher et sans danger pour la peau du [&hellip;]<\/p>\n","protected":false},"featured_media":9134,"template":"","meta":[],"product_cat":[3414,3435,3438],"product_tag":[],"class_list":{"0":"post-9146","1":"product","2":"type-product","3":"status-publish","4":"has-post-thumbnail","6":"product_cat-soins","7":"product_cat-accessoires-a-langer","8":"product_cat-tapis-a-langer","10":"first","11":"instock","12":"shipping-taxable","13":"product-type-simple"},"yoast_head":"<!-- This site is optimized with the Yoast SEO plugin v26.2 - https:\/\/yoast.com\/wordpress\/plugins\/seo\/ -->\n<title>Tapis \u00e0 langer jetable Sensitive - Akuku<\/title>\n<meta name=\"description\" content=\"Sprawd\u017a nasz produkt: Tapis \u00e0 langer jetable Sensitive. Produkty Akuku - odpowiednie dla mam i niemowl\u0105t!\" \/>\n<meta name=\"robots\" content=\"index, follow, max-snippet:-1, max-image-preview:large, max-video-preview:-1\" \/>\n<link rel=\"canonical\" href=\"https:\/\/akuku.com.pl\/fr\/catalogue-de-produits\/soins\/accessoires-a-langer\/tapis-a-langer\/tapis-a-langer-jetable-sensitive-a0500\/\" \/>\n<meta property=\"og:locale\" content=\"fr_FR\" \/>\n<meta property=\"og:type\" content=\"article\" \/>\n<meta property=\"og:title\" content=\"Tapis \u00e0 langer jetable Sensitive - Akuku\" \/>\n<meta property=\"og:description\" content=\"Sprawd\u017a nasz produkt: Tapis \u00e0 langer jetable Sensitive. Produkty Akuku - odpowiednie dla mam i niemowl\u0105t!\" \/>\n<meta property=\"og:url\" content=\"https:\/\/akuku.com.pl\/fr\/catalogue-de-produits\/soins\/accessoires-a-langer\/tapis-a-langer\/tapis-a-langer-jetable-sensitive-a0500\/\" \/>\n<meta property=\"og:site_name\" content=\"Akuku\" \/>\n<meta property=\"article:publisher\" content=\"https:\/\/www.facebook.com\/markaAKUKU\" \/>\n<meta property=\"article:modified_time\" content=\"2024-07-29T19:52:53+00:00\" \/>\n<meta property=\"og:image\" content=\"https:\/\/akuku.com.pl\/wp-content\/uploads\/2024\/07\/akuku-skadka-podkady-01a.jpg\" \/>\n\t<meta property=\"og:image:width\" content=\"800\" \/>\n\t<meta property=\"og:image:height\" content=\"800\" \/>\n\t<meta property=\"og:image:type\" content=\"image\/jpeg\" \/>\n<meta name=\"twitter:card\" content=\"summary_large_image\" \/>\n<meta name=\"twitter:label1\" content=\"Dur\u00e9e de lecture estim\u00e9e\" \/>\n\t<meta name=\"twitter:data1\" content=\"1 minute\" \/>\n<script type=\"application\/ld+json\" class=\"yoast-schema-graph\">{\"@context\":\"https:\/\/schema.org\",\"@graph\":[{\"@type\":\"WebPage\",\"@id\":\"https:\/\/akuku.com.pl\/fr\/catalogue-de-produits\/soins\/accessoires-a-langer\/tapis-a-langer\/tapis-a-langer-jetable-sensitive-a0500\/\",\"url\":\"https:\/\/akuku.com.pl\/fr\/catalogue-de-produits\/soins\/accessoires-a-langer\/tapis-a-langer\/tapis-a-langer-jetable-sensitive-a0500\/\",\"name\":\"Tapis \u00e0 langer jetable Sensitive - Akuku\",\"isPartOf\":{\"@id\":\"https:\/\/akuku.com.pl\/fr\/#website\"},\"primaryImageOfPage\":{\"@id\":\"https:\/\/akuku.com.pl\/fr\/catalogue-de-produits\/soins\/accessoires-a-langer\/tapis-a-langer\/tapis-a-langer-jetable-sensitive-a0500\/#primaryimage\"},\"image\":{\"@id\":\"https:\/\/akuku.com.pl\/fr\/catalogue-de-produits\/soins\/accessoires-a-langer\/tapis-a-langer\/tapis-a-langer-jetable-sensitive-a0500\/#primaryimage\"},\"thumbnailUrl\":\"https:\/\/akuku.com.pl\/wp-content\/uploads\/2024\/07\/akuku-skadka-podkady-01a.jpg\",\"datePublished\":\"2024-07-04T20:59:24+00:00\",\"dateModified\":\"2024-07-29T19:52:53+00:00\",\"description\":\"Sprawd\u017a nasz produkt: Tapis \u00e0 langer jetable Sensitive. Produkty Akuku - odpowiednie dla mam i niemowl\u0105t!\",\"breadcrumb\":{\"@id\":\"https:\/\/akuku.com.pl\/fr\/catalogue-de-produits\/soins\/accessoires-a-langer\/tapis-a-langer\/tapis-a-langer-jetable-sensitive-a0500\/#breadcrumb\"},\"inLanguage\":\"fr-FR\",\"potentialAction\":[{\"@type\":\"ReadAction\",\"target\":[\"https:\/\/akuku.com.pl\/fr\/catalogue-de-produits\/soins\/accessoires-a-langer\/tapis-a-langer\/tapis-a-langer-jetable-sensitive-a0500\/\"]}]},{\"@type\":\"ImageObject\",\"inLanguage\":\"fr-FR\",\"@id\":\"https:\/\/akuku.com.pl\/fr\/catalogue-de-produits\/soins\/accessoires-a-langer\/tapis-a-langer\/tapis-a-langer-jetable-sensitive-a0500\/#primaryimage\",\"url\":\"https:\/\/akuku.com.pl\/wp-content\/uploads\/2024\/07\/akuku-skadka-podkady-01a.jpg\",\"contentUrl\":\"https:\/\/akuku.com.pl\/wp-content\/uploads\/2024\/07\/akuku-skadka-podkady-01a.jpg\",\"width\":800,\"height\":800},{\"@type\":\"BreadcrumbList\",\"@id\":\"https:\/\/akuku.com.pl\/fr\/catalogue-de-produits\/soins\/accessoires-a-langer\/tapis-a-langer\/tapis-a-langer-jetable-sensitive-a0500\/#breadcrumb\",\"itemListElement\":[{\"@type\":\"ListItem\",\"position\":1,\"name\":\"Strona g\u0142\u00f3wna\",\"item\":\"https:\/\/akuku.com.pl\/fr\/\"},{\"@type\":\"ListItem\",\"position\":2,\"name\":\"Boutique\",\"item\":\"https:\/\/akuku.com.pl\/wszystkie-produkty\/\"},{\"@type\":\"ListItem\",\"position\":3,\"name\":\"Tapis \u00e0 langer jetable Sensitive\"}]},{\"@type\":\"WebSite\",\"@id\":\"https:\/\/akuku.com.pl\/fr\/#website\",\"url\":\"https:\/\/akuku.com.pl\/fr\/\",\"name\":\"Akuku.com.pl\",\"description\":\"\",\"publisher\":{\"@id\":\"https:\/\/akuku.com.pl\/fr\/#organization\"},\"potentialAction\":[{\"@type\":\"SearchAction\",\"target\":{\"@type\":\"EntryPoint\",\"urlTemplate\":\"https:\/\/akuku.com.pl\/fr\/?s={search_term_string}\"},\"query-input\":{\"@type\":\"PropertyValueSpecification\",\"valueRequired\":true,\"valueName\":\"search_term_string\"}}],\"inLanguage\":\"fr-FR\"},{\"@type\":\"Organization\",\"@id\":\"https:\/\/akuku.com.pl\/fr\/#organization\",\"name\":\"Akuku.com.pl\",\"url\":\"https:\/\/akuku.com.pl\/fr\/\",\"logo\":{\"@type\":\"ImageObject\",\"inLanguage\":\"fr-FR\",\"@id\":\"https:\/\/akuku.com.pl\/fr\/#\/schema\/logo\/image\/\",\"url\":\"https:\/\/akuku.com.pl\/wp-content\/uploads\/2024\/04\/akuku-logo.svg\",\"contentUrl\":\"https:\/\/akuku.com.pl\/wp-content\/uploads\/2024\/04\/akuku-logo.svg\",\"width\":114,\"height\":50,\"caption\":\"Akuku.com.pl\"},\"image\":{\"@id\":\"https:\/\/akuku.com.pl\/fr\/#\/schema\/logo\/image\/\"},\"sameAs\":[\"https:\/\/www.facebook.com\/markaAKUKU\"]}]}<\/script>\n<!-- \/ Yoast SEO plugin. -->","yoast_head_json":{"title":"Tapis \u00e0 langer jetable Sensitive - Akuku","description":"Sprawd\u017a nasz produkt: Tapis \u00e0 langer jetable Sensitive. Produkty Akuku - odpowiednie dla mam i niemowl\u0105t!","robots":{"index":"index","follow":"follow","max-snippet":"max-snippet:-1","max-image-preview":"max-image-preview:large","max-video-preview":"max-video-preview:-1"},"canonical":"https:\/\/akuku.com.pl\/fr\/catalogue-de-produits\/soins\/accessoires-a-langer\/tapis-a-langer\/tapis-a-langer-jetable-sensitive-a0500\/","og_locale":"fr_FR","og_type":"article","og_title":"Tapis \u00e0 langer jetable Sensitive - Akuku","og_description":"Sprawd\u017a nasz produkt: Tapis \u00e0 langer jetable Sensitive. Produkty Akuku - odpowiednie dla mam i niemowl\u0105t!","og_url":"https:\/\/akuku.com.pl\/fr\/catalogue-de-produits\/soins\/accessoires-a-langer\/tapis-a-langer\/tapis-a-langer-jetable-sensitive-a0500\/","og_site_name":"Akuku","article_publisher":"https:\/\/www.facebook.com\/markaAKUKU","article_modified_time":"2024-07-29T19:52:53+00:00","og_image":[{"width":800,"height":800,"url":"https:\/\/akuku.com.pl\/wp-content\/uploads\/2024\/07\/akuku-skadka-podkady-01a.jpg","type":"image\/jpeg"}],"twitter_card":"summary_large_image","twitter_misc":{"Dur\u00e9e de lecture estim\u00e9e":"1 minute"},"schema":{"@context":"https:\/\/schema.org","@graph":[{"@type":"WebPage","@id":"https:\/\/akuku.com.pl\/fr\/catalogue-de-produits\/soins\/accessoires-a-langer\/tapis-a-langer\/tapis-a-langer-jetable-sensitive-a0500\/","url":"https:\/\/akuku.com.pl\/fr\/catalogue-de-produits\/soins\/accessoires-a-langer\/tapis-a-langer\/tapis-a-langer-jetable-sensitive-a0500\/","name":"Tapis \u00e0 langer jetable Sensitive - Akuku","isPartOf":{"@id":"https:\/\/akuku.com.pl\/fr\/#website"},"primaryImageOfPage":{"@id":"https:\/\/akuku.com.pl\/fr\/catalogue-de-produits\/soins\/accessoires-a-langer\/tapis-a-langer\/tapis-a-langer-jetable-sensitive-a0500\/#primaryimage"},"image":{"@id":"https:\/\/akuku.com.pl\/fr\/catalogue-de-produits\/soins\/accessoires-a-langer\/tapis-a-langer\/tapis-a-langer-jetable-sensitive-a0500\/#primaryimage"},"thumbnailUrl":"https:\/\/akuku.com.pl\/wp-content\/uploads\/2024\/07\/akuku-skadka-podkady-01a.jpg","datePublished":"2024-07-04T20:59:24+00:00","dateModified":"2024-07-29T19:52:53+00:00","description":"Sprawd\u017a nasz produkt: Tapis \u00e0 langer jetable Sensitive. Produkty Akuku - odpowiednie dla mam i niemowl\u0105t!","breadcrumb":{"@id":"https:\/\/akuku.com.pl\/fr\/catalogue-de-produits\/soins\/accessoires-a-langer\/tapis-a-langer\/tapis-a-langer-jetable-sensitive-a0500\/#breadcrumb"},"inLanguage":"fr-FR","potentialAction":[{"@type":"ReadAction","target":["https:\/\/akuku.com.pl\/fr\/catalogue-de-produits\/soins\/accessoires-a-langer\/tapis-a-langer\/tapis-a-langer-jetable-sensitive-a0500\/"]}]},{"@type":"ImageObject","inLanguage":"fr-FR","@id":"https:\/\/akuku.com.pl\/fr\/catalogue-de-produits\/soins\/accessoires-a-langer\/tapis-a-langer\/tapis-a-langer-jetable-sensitive-a0500\/#primaryimage","url":"https:\/\/akuku.com.pl\/wp-content\/uploads\/2024\/07\/akuku-skadka-podkady-01a.jpg","contentUrl":"https:\/\/akuku.com.pl\/wp-content\/uploads\/2024\/07\/akuku-skadka-podkady-01a.jpg","width":800,"height":800},{"@type":"BreadcrumbList","@id":"https:\/\/akuku.com.pl\/fr\/catalogue-de-produits\/soins\/accessoires-a-langer\/tapis-a-langer\/tapis-a-langer-jetable-sensitive-a0500\/#breadcrumb","itemListElement":[{"@type":"ListItem","position":1,"name":"Strona g\u0142\u00f3wna","item":"https:\/\/akuku.com.pl\/fr\/"},{"@type":"ListItem","position":2,"name":"Boutique","item":"https:\/\/akuku.com.pl\/wszystkie-produkty\/"},{"@type":"ListItem","position":3,"name":"Tapis \u00e0 langer jetable Sensitive"}]},{"@type":"WebSite","@id":"https:\/\/akuku.com.pl\/fr\/#website","url":"https:\/\/akuku.com.pl\/fr\/","name":"Akuku.com.pl","description":"","publisher":{"@id":"https:\/\/akuku.com.pl\/fr\/#organization"},"potentialAction":[{"@type":"SearchAction","target":{"@type":"EntryPoint","urlTemplate":"https:\/\/akuku.com.pl\/fr\/?s={search_term_string}"},"query-input":{"@type":"PropertyValueSpecification","valueRequired":true,"valueName":"search_term_string"}}],"inLanguage":"fr-FR"},{"@type":"Organization","@id":"https:\/\/akuku.com.pl\/fr\/#organization","name":"Akuku.com.pl","url":"https:\/\/akuku.com.pl\/fr\/","logo":{"@type":"ImageObject","inLanguage":"fr-FR","@id":"https:\/\/akuku.com.pl\/fr\/#\/schema\/logo\/image\/","url":"https:\/\/akuku.com.pl\/wp-content\/uploads\/2024\/04\/akuku-logo.svg","contentUrl":"https:\/\/akuku.com.pl\/wp-content\/uploads\/2024\/04\/akuku-logo.svg","width":114,"height":50,"caption":"Akuku.com.pl"},"image":{"@id":"https:\/\/akuku.com.pl\/fr\/#\/schema\/logo\/image\/"},"sameAs":["https:\/\/www.facebook.com\/markaAKUKU"]}]}},"_links":{"self":[{"href":"https:\/\/akuku.com.pl\/fr\/wp-json\/wp\/v2\/product\/9146","targetHints":{"allow":["GET"]}}],"collection":[{"href":"https:\/\/akuku.com.pl\/fr\/wp-json\/wp\/v2\/product"}],"about":[{"href":"https:\/\/akuku.com.pl\/fr\/wp-json\/wp\/v2\/types\/product"}],"wp:featuredmedia":[{"embeddable":true,"href":"https:\/\/akuku.com.pl\/fr\/wp-json\/wp\/v2\/media\/9134"}],"wp:attachment":[{"href":"https:\/\/akuku.com.pl\/fr\/wp-json\/wp\/v2\/media?parent=9146"}],"wp:term":[{"taxonomy":"product_cat","embeddable":true,"href":"https:\/\/akuku.com.pl\/fr\/wp-json\/wp\/v2\/product_cat?post=9146"},{"taxonomy":"product_tag","embeddable":true,"href":"https:\/\/akuku.com.pl\/fr\/wp-json\/wp\/v2\/product_tag?post=9146"}],"curies":[{"name":"wp","href":"https:\/\/api.w.org\/{rel}","templated":true}]}}