{"id":9125,"date":"2024-07-04T22:59:09","date_gmt":"2024-07-04T20:59:09","guid":{"rendered":"https:\/\/wp.akuku.com.pl\/sklep\/non%20class\u00e9\/tapis-a-langer-jetable-promed-60x90cm-20-pieces-a0144\/"},"modified":"2025-04-30T15:11:42","modified_gmt":"2025-04-30T13:11:42","slug":"tapis-a-langer-jetable-promed-60x90cm-20-pieces-a0144","status":"publish","type":"product","link":"https:\/\/akuku.com.pl\/fr\/catalogue-de-produits\/soins\/accessoires-a-langer\/tapis-a-langer\/tapis-a-langer-jetable-promed-60x90cm-20-pieces-a0144\/","title":{"rendered":"Tapis \u00e0 langer jetable"},"content":{"rendered":"<p>&nbsp;<\/p>\n<p style=\"text-align: justify;\"><strong>ProMED<\/strong> est un tapis jetable avec un <strong>insert tr\u00e8s absorbant<\/strong>. Il est parfait <strong>pour prot\u00e9ger le matelas de toute salet\u00e9<\/strong>. Gr\u00e2ce \u00e0 la technologie moderne de p\u00e2te de cellulose utilis\u00e9e, sa couche sup\u00e9rieure est tr\u00e8s d\u00e9licate, agr\u00e9able au toucher et sans danger pour la peau du b\u00e9b\u00e9. Le film du dessous prot\u00e8ge la table \u00e0 langer de l&rsquo;humidit\u00e9.<\/p>\n<p style=\"text-align: justify;\">Ce produit de haute qualit\u00e9 fabriqu\u00e9 \u00e0 l&rsquo;UE sp\u00e9cialement pour les plus jeunes, ne provoque pas d&rsquo;irritation cutan\u00e9e lors du changement de couche. Notre tapis hygi\u00e8nique est aussi un produit id\u00e9al pour des personnes ag\u00e9es souffrantes d&rsquo;incontinence urinaire et en tant qu\u2019une protection suppl\u00e9mentaire pour la literie d&rsquo;h\u00f4pital.<\/p>\n<p style=\"text-align: justify;\"><strong>Application en soins :<\/strong> les patients alit\u00e9s, les personnes souffrantes d&rsquo;incontinence urinaire, les nourrissons et de petits enfants, en tant que protection suppl\u00e9mentaire pour le lit d&rsquo;h\u00f4pital, lors des soins palliatifs.<\/p>\n<p style=\"text-align: justify;\">Le paquet contient 20 pi\u00e8ces.<\/p>\n<p style=\"text-align: justify;\">Dimensions: 60 x 90 cm.<\/p>\n<p style=\"text-align: justify;\"><strong>Fabrication: UE<\/strong><\/p>\n<p>&nbsp;<\/p>\n<p><img decoding=\"async\" class=\"alignnone size-full wp-image-15997\" src=\"https:\/\/akuku.com.pl\/wp-content\/uploads\/2024\/07\/0m.jpg\" alt=\"\" width=\"60\" height=\"60\" \/>\u00a0 \u00a0<img decoding=\"async\" class=\"alignnone wp-image-16504\" src=\"https:\/\/akuku.com.pl\/wp-content\/uploads\/2025\/04\/ce-mark-300x211.jpg\" alt=\"\" width=\"88\" height=\"62\" srcset=\"https:\/\/akuku.com.pl\/wp-content\/uploads\/2025\/04\/ce-mark-300x211.jpg 300w, https:\/\/akuku.com.pl\/wp-content\/uploads\/2025\/04\/ce-mark-1024x722.jpg 1024w, https:\/\/akuku.com.pl\/wp-content\/uploads\/2025\/04\/ce-mark-768x541.jpg 768w, https:\/\/akuku.com.pl\/wp-content\/uploads\/2025\/04\/ce-mark-600x423.jpg 600w, https:\/\/akuku.com.pl\/wp-content\/uploads\/2025\/04\/ce-mark.jpg 1192w\" sizes=\"(max-width: 88px) 100vw, 88px\" \/><\/p>\n<p>&nbsp;<\/p>\n<p>&nbsp;<\/p>\n<p>CODE EAN: 5907644001446<\/p>\n<p style=\"text-align: justify;\">\n","protected":false},"excerpt":{"rendered":"<p>&nbsp; ProMED est un tapis jetable avec un insert tr\u00e8s absorbant. Il est parfait pour prot\u00e9ger le matelas de toute salet\u00e9. Gr\u00e2ce \u00e0 la technologie moderne de p\u00e2te de cellulose utilis\u00e9e, sa couche sup\u00e9rieure est tr\u00e8s d\u00e9licate, agr\u00e9able au toucher et sans danger pour la peau du b\u00e9b\u00e9. Le film du dessous prot\u00e8ge la table [&hellip;]<\/p>\n","protected":false},"featured_media":9113,"template":"","meta":[],"product_cat":[3414,3435,3438,3525],"product_tag":[],"class_list":{"0":"post-9125","1":"product","2":"type-product","3":"status-publish","4":"has-post-thumbnail","6":"product_cat-soins","7":"product_cat-accessoires-a-langer","8":"product_cat-tapis-a-langer","9":"product_cat-produits-medicaux","11":"first","12":"instock","13":"shipping-taxable","14":"product-type-simple"},"yoast_head":"<!-- This site is optimized with the Yoast SEO plugin v26.2 - https:\/\/yoast.com\/wordpress\/plugins\/seo\/ -->\n<title>Tapis \u00e0 langer jetable - Akuku<\/title>\n<meta name=\"description\" content=\"Sprawd\u017a nasz produkt: Tapis \u00e0 langer jetable. Produkty Akuku - odpowiednie dla mam i niemowl\u0105t!\" \/>\n<meta name=\"robots\" content=\"index, follow, max-snippet:-1, max-image-preview:large, max-video-preview:-1\" \/>\n<link rel=\"canonical\" href=\"https:\/\/akuku.com.pl\/fr\/catalogue-de-produits\/soins\/accessoires-a-langer\/tapis-a-langer\/tapis-a-langer-jetable-promed-60x90cm-20-pieces-a0144\/\" \/>\n<meta property=\"og:locale\" content=\"fr_FR\" \/>\n<meta property=\"og:type\" content=\"article\" \/>\n<meta property=\"og:title\" content=\"Tapis \u00e0 langer jetable - Akuku\" \/>\n<meta property=\"og:description\" content=\"Sprawd\u017a nasz produkt: Tapis \u00e0 langer jetable. Produkty Akuku - odpowiednie dla mam i niemowl\u0105t!\" \/>\n<meta property=\"og:url\" content=\"https:\/\/akuku.com.pl\/fr\/catalogue-de-produits\/soins\/accessoires-a-langer\/tapis-a-langer\/tapis-a-langer-jetable-promed-60x90cm-20-pieces-a0144\/\" \/>\n<meta property=\"og:site_name\" content=\"Akuku\" \/>\n<meta property=\"article:publisher\" content=\"https:\/\/www.facebook.com\/markaAKUKU\" \/>\n<meta property=\"article:modified_time\" content=\"2025-04-30T13:11:42+00:00\" \/>\n<meta property=\"og:image\" content=\"https:\/\/akuku.com.pl\/wp-content\/uploads\/2024\/07\/a0500-4.jpg\" \/>\n\t<meta property=\"og:image:width\" content=\"500\" \/>\n\t<meta property=\"og:image:height\" content=\"500\" \/>\n\t<meta property=\"og:image:type\" content=\"image\/jpeg\" \/>\n<meta name=\"twitter:card\" content=\"summary_large_image\" \/>\n<meta name=\"twitter:label1\" content=\"Dur\u00e9e de lecture estim\u00e9e\" \/>\n\t<meta name=\"twitter:data1\" content=\"1 minute\" \/>\n<script type=\"application\/ld+json\" class=\"yoast-schema-graph\">{\"@context\":\"https:\/\/schema.org\",\"@graph\":[{\"@type\":\"WebPage\",\"@id\":\"https:\/\/akuku.com.pl\/fr\/catalogue-de-produits\/soins\/accessoires-a-langer\/tapis-a-langer\/tapis-a-langer-jetable-promed-60x90cm-20-pieces-a0144\/\",\"url\":\"https:\/\/akuku.com.pl\/fr\/catalogue-de-produits\/soins\/accessoires-a-langer\/tapis-a-langer\/tapis-a-langer-jetable-promed-60x90cm-20-pieces-a0144\/\",\"name\":\"Tapis \u00e0 langer jetable - Akuku\",\"isPartOf\":{\"@id\":\"https:\/\/akuku.com.pl\/fr\/#website\"},\"primaryImageOfPage\":{\"@id\":\"https:\/\/akuku.com.pl\/fr\/catalogue-de-produits\/soins\/accessoires-a-langer\/tapis-a-langer\/tapis-a-langer-jetable-promed-60x90cm-20-pieces-a0144\/#primaryimage\"},\"image\":{\"@id\":\"https:\/\/akuku.com.pl\/fr\/catalogue-de-produits\/soins\/accessoires-a-langer\/tapis-a-langer\/tapis-a-langer-jetable-promed-60x90cm-20-pieces-a0144\/#primaryimage\"},\"thumbnailUrl\":\"https:\/\/akuku.com.pl\/wp-content\/uploads\/2024\/07\/a0500-4.jpg\",\"datePublished\":\"2024-07-04T20:59:09+00:00\",\"dateModified\":\"2025-04-30T13:11:42+00:00\",\"description\":\"Sprawd\u017a nasz produkt: Tapis \u00e0 langer jetable. Produkty Akuku - odpowiednie dla mam i niemowl\u0105t!\",\"breadcrumb\":{\"@id\":\"https:\/\/akuku.com.pl\/fr\/catalogue-de-produits\/soins\/accessoires-a-langer\/tapis-a-langer\/tapis-a-langer-jetable-promed-60x90cm-20-pieces-a0144\/#breadcrumb\"},\"inLanguage\":\"fr-FR\",\"potentialAction\":[{\"@type\":\"ReadAction\",\"target\":[\"https:\/\/akuku.com.pl\/fr\/catalogue-de-produits\/soins\/accessoires-a-langer\/tapis-a-langer\/tapis-a-langer-jetable-promed-60x90cm-20-pieces-a0144\/\"]}]},{\"@type\":\"ImageObject\",\"inLanguage\":\"fr-FR\",\"@id\":\"https:\/\/akuku.com.pl\/fr\/catalogue-de-produits\/soins\/accessoires-a-langer\/tapis-a-langer\/tapis-a-langer-jetable-promed-60x90cm-20-pieces-a0144\/#primaryimage\",\"url\":\"https:\/\/akuku.com.pl\/wp-content\/uploads\/2024\/07\/a0500-4.jpg\",\"contentUrl\":\"https:\/\/akuku.com.pl\/wp-content\/uploads\/2024\/07\/a0500-4.jpg\",\"width\":500,\"height\":500},{\"@type\":\"BreadcrumbList\",\"@id\":\"https:\/\/akuku.com.pl\/fr\/catalogue-de-produits\/soins\/accessoires-a-langer\/tapis-a-langer\/tapis-a-langer-jetable-promed-60x90cm-20-pieces-a0144\/#breadcrumb\",\"itemListElement\":[{\"@type\":\"ListItem\",\"position\":1,\"name\":\"Strona g\u0142\u00f3wna\",\"item\":\"https:\/\/akuku.com.pl\/fr\/\"},{\"@type\":\"ListItem\",\"position\":2,\"name\":\"Boutique\",\"item\":\"https:\/\/akuku.com.pl\/wszystkie-produkty\/\"},{\"@type\":\"ListItem\",\"position\":3,\"name\":\"Tapis \u00e0 langer jetable\"}]},{\"@type\":\"WebSite\",\"@id\":\"https:\/\/akuku.com.pl\/fr\/#website\",\"url\":\"https:\/\/akuku.com.pl\/fr\/\",\"name\":\"Akuku.com.pl\",\"description\":\"\",\"publisher\":{\"@id\":\"https:\/\/akuku.com.pl\/fr\/#organization\"},\"potentialAction\":[{\"@type\":\"SearchAction\",\"target\":{\"@type\":\"EntryPoint\",\"urlTemplate\":\"https:\/\/akuku.com.pl\/fr\/?s={search_term_string}\"},\"query-input\":{\"@type\":\"PropertyValueSpecification\",\"valueRequired\":true,\"valueName\":\"search_term_string\"}}],\"inLanguage\":\"fr-FR\"},{\"@type\":\"Organization\",\"@id\":\"https:\/\/akuku.com.pl\/fr\/#organization\",\"name\":\"Akuku.com.pl\",\"url\":\"https:\/\/akuku.com.pl\/fr\/\",\"logo\":{\"@type\":\"ImageObject\",\"inLanguage\":\"fr-FR\",\"@id\":\"https:\/\/akuku.com.pl\/fr\/#\/schema\/logo\/image\/\",\"url\":\"https:\/\/akuku.com.pl\/wp-content\/uploads\/2024\/04\/akuku-logo.svg\",\"contentUrl\":\"https:\/\/akuku.com.pl\/wp-content\/uploads\/2024\/04\/akuku-logo.svg\",\"width\":114,\"height\":50,\"caption\":\"Akuku.com.pl\"},\"image\":{\"@id\":\"https:\/\/akuku.com.pl\/fr\/#\/schema\/logo\/image\/\"},\"sameAs\":[\"https:\/\/www.facebook.com\/markaAKUKU\"]}]}<\/script>\n<!-- \/ Yoast SEO plugin. -->","yoast_head_json":{"title":"Tapis \u00e0 langer jetable - Akuku","description":"Sprawd\u017a nasz produkt: Tapis \u00e0 langer jetable. Produkty Akuku - odpowiednie dla mam i niemowl\u0105t!","robots":{"index":"index","follow":"follow","max-snippet":"max-snippet:-1","max-image-preview":"max-image-preview:large","max-video-preview":"max-video-preview:-1"},"canonical":"https:\/\/akuku.com.pl\/fr\/catalogue-de-produits\/soins\/accessoires-a-langer\/tapis-a-langer\/tapis-a-langer-jetable-promed-60x90cm-20-pieces-a0144\/","og_locale":"fr_FR","og_type":"article","og_title":"Tapis \u00e0 langer jetable - Akuku","og_description":"Sprawd\u017a nasz produkt: Tapis \u00e0 langer jetable. Produkty Akuku - odpowiednie dla mam i niemowl\u0105t!","og_url":"https:\/\/akuku.com.pl\/fr\/catalogue-de-produits\/soins\/accessoires-a-langer\/tapis-a-langer\/tapis-a-langer-jetable-promed-60x90cm-20-pieces-a0144\/","og_site_name":"Akuku","article_publisher":"https:\/\/www.facebook.com\/markaAKUKU","article_modified_time":"2025-04-30T13:11:42+00:00","og_image":[{"width":500,"height":500,"url":"https:\/\/akuku.com.pl\/wp-content\/uploads\/2024\/07\/a0500-4.jpg","type":"image\/jpeg"}],"twitter_card":"summary_large_image","twitter_misc":{"Dur\u00e9e de lecture estim\u00e9e":"1 minute"},"schema":{"@context":"https:\/\/schema.org","@graph":[{"@type":"WebPage","@id":"https:\/\/akuku.com.pl\/fr\/catalogue-de-produits\/soins\/accessoires-a-langer\/tapis-a-langer\/tapis-a-langer-jetable-promed-60x90cm-20-pieces-a0144\/","url":"https:\/\/akuku.com.pl\/fr\/catalogue-de-produits\/soins\/accessoires-a-langer\/tapis-a-langer\/tapis-a-langer-jetable-promed-60x90cm-20-pieces-a0144\/","name":"Tapis \u00e0 langer jetable - Akuku","isPartOf":{"@id":"https:\/\/akuku.com.pl\/fr\/#website"},"primaryImageOfPage":{"@id":"https:\/\/akuku.com.pl\/fr\/catalogue-de-produits\/soins\/accessoires-a-langer\/tapis-a-langer\/tapis-a-langer-jetable-promed-60x90cm-20-pieces-a0144\/#primaryimage"},"image":{"@id":"https:\/\/akuku.com.pl\/fr\/catalogue-de-produits\/soins\/accessoires-a-langer\/tapis-a-langer\/tapis-a-langer-jetable-promed-60x90cm-20-pieces-a0144\/#primaryimage"},"thumbnailUrl":"https:\/\/akuku.com.pl\/wp-content\/uploads\/2024\/07\/a0500-4.jpg","datePublished":"2024-07-04T20:59:09+00:00","dateModified":"2025-04-30T13:11:42+00:00","description":"Sprawd\u017a nasz produkt: Tapis \u00e0 langer jetable. Produkty Akuku - odpowiednie dla mam i niemowl\u0105t!","breadcrumb":{"@id":"https:\/\/akuku.com.pl\/fr\/catalogue-de-produits\/soins\/accessoires-a-langer\/tapis-a-langer\/tapis-a-langer-jetable-promed-60x90cm-20-pieces-a0144\/#breadcrumb"},"inLanguage":"fr-FR","potentialAction":[{"@type":"ReadAction","target":["https:\/\/akuku.com.pl\/fr\/catalogue-de-produits\/soins\/accessoires-a-langer\/tapis-a-langer\/tapis-a-langer-jetable-promed-60x90cm-20-pieces-a0144\/"]}]},{"@type":"ImageObject","inLanguage":"fr-FR","@id":"https:\/\/akuku.com.pl\/fr\/catalogue-de-produits\/soins\/accessoires-a-langer\/tapis-a-langer\/tapis-a-langer-jetable-promed-60x90cm-20-pieces-a0144\/#primaryimage","url":"https:\/\/akuku.com.pl\/wp-content\/uploads\/2024\/07\/a0500-4.jpg","contentUrl":"https:\/\/akuku.com.pl\/wp-content\/uploads\/2024\/07\/a0500-4.jpg","width":500,"height":500},{"@type":"BreadcrumbList","@id":"https:\/\/akuku.com.pl\/fr\/catalogue-de-produits\/soins\/accessoires-a-langer\/tapis-a-langer\/tapis-a-langer-jetable-promed-60x90cm-20-pieces-a0144\/#breadcrumb","itemListElement":[{"@type":"ListItem","position":1,"name":"Strona g\u0142\u00f3wna","item":"https:\/\/akuku.com.pl\/fr\/"},{"@type":"ListItem","position":2,"name":"Boutique","item":"https:\/\/akuku.com.pl\/wszystkie-produkty\/"},{"@type":"ListItem","position":3,"name":"Tapis \u00e0 langer jetable"}]},{"@type":"WebSite","@id":"https:\/\/akuku.com.pl\/fr\/#website","url":"https:\/\/akuku.com.pl\/fr\/","name":"Akuku.com.pl","description":"","publisher":{"@id":"https:\/\/akuku.com.pl\/fr\/#organization"},"potentialAction":[{"@type":"SearchAction","target":{"@type":"EntryPoint","urlTemplate":"https:\/\/akuku.com.pl\/fr\/?s={search_term_string}"},"query-input":{"@type":"PropertyValueSpecification","valueRequired":true,"valueName":"search_term_string"}}],"inLanguage":"fr-FR"},{"@type":"Organization","@id":"https:\/\/akuku.com.pl\/fr\/#organization","name":"Akuku.com.pl","url":"https:\/\/akuku.com.pl\/fr\/","logo":{"@type":"ImageObject","inLanguage":"fr-FR","@id":"https:\/\/akuku.com.pl\/fr\/#\/schema\/logo\/image\/","url":"https:\/\/akuku.com.pl\/wp-content\/uploads\/2024\/04\/akuku-logo.svg","contentUrl":"https:\/\/akuku.com.pl\/wp-content\/uploads\/2024\/04\/akuku-logo.svg","width":114,"height":50,"caption":"Akuku.com.pl"},"image":{"@id":"https:\/\/akuku.com.pl\/fr\/#\/schema\/logo\/image\/"},"sameAs":["https:\/\/www.facebook.com\/markaAKUKU"]}]}},"_links":{"self":[{"href":"https:\/\/akuku.com.pl\/fr\/wp-json\/wp\/v2\/product\/9125","targetHints":{"allow":["GET"]}}],"collection":[{"href":"https:\/\/akuku.com.pl\/fr\/wp-json\/wp\/v2\/product"}],"about":[{"href":"https:\/\/akuku.com.pl\/fr\/wp-json\/wp\/v2\/types\/product"}],"wp:featuredmedia":[{"embeddable":true,"href":"https:\/\/akuku.com.pl\/fr\/wp-json\/wp\/v2\/media\/9113"}],"wp:attachment":[{"href":"https:\/\/akuku.com.pl\/fr\/wp-json\/wp\/v2\/media?parent=9125"}],"wp:term":[{"taxonomy":"product_cat","embeddable":true,"href":"https:\/\/akuku.com.pl\/fr\/wp-json\/wp\/v2\/product_cat?post=9125"},{"taxonomy":"product_tag","embeddable":true,"href":"https:\/\/akuku.com.pl\/fr\/wp-json\/wp\/v2\/product_tag?post=9125"}],"curies":[{"name":"wp","href":"https:\/\/api.w.org\/{rel}","templated":true}]}}