{"id":9086,"date":"2024-07-04T22:59:00","date_gmt":"2024-07-04T20:59:00","guid":{"rendered":"https:\/\/wp.akuku.com.pl\/sklep\/bez-kategorii\/okrycie-kapielowe-ecru\/"},"modified":"2024-07-29T21:53:00","modified_gmt":"2024-07-29T19:53:00","slug":"okrycie-kapielowe-ecru","status":"publish","type":"product","link":"https:\/\/akuku.com.pl\/fr\/katalog-produktow\/pielegnacja\/akcesoria-kapielowe-dla-niemowlat\/okrycia-kapielowe-dla-dzieci\/okrycie-kapielowe-ecru\/","title":{"rendered":"Okrycie k\u0105pielowe ECRU"},"content":{"rendered":"<div class=\"textWrap\">\n<p>\u00a0<\/p>\n<p style=\"font-weight: 400;text-align: justify\">Praktyczne i delikatne okrycie z kapturkiem jest niezast\u0105pione ju\u017c od pierwszej k\u0105pieli. Wykonane z wysokiej jako\u015bci mi\u0119kkiej 100% bawe\u0142ny typu frotte. Znakomicie wch\u0142ania wod\u0119 i stanowi skuteczn\u0105 ochron\u0119 przed zimnem dla delikatnej sk\u00f3ry dziecka. Lu\u017any fason nie ogranicza i nie kr\u0119puje ruch\u00f3w wyk\u0105panego maluszka, a wszyty kapturek chroni mokr\u0105 g\u0142ow\u0119 dziecka przed ozi\u0119bieniem. Dost\u0119pne w sze\u015bciu kolorach: turkusowy, ecru, niebieski i r\u00f3\u017cowy.<\/p>\n<p style=\"font-weight: 400\"><strong>Dost\u0119pne rozmiary:<\/strong><\/p>\n<p style=\"font-weight: 400\">80 x 80 cm<\/p>\n<p style=\"font-weight: 400\">100 x 100 cm<\/p>\n<p style=\"font-weight: 400\"><img decoding=\"async\" alt=\"\" src=\"https:\/\/ect.h2g.pl\/akuku\/images\/Max-temp-prania-40_1.png\" \/><\/p>\n<\/div>\n","protected":false},"excerpt":{"rendered":"<p>\u00a0 Praktyczne i delikatne okrycie z kapturkiem jest niezast\u0105pione ju\u017c od pierwszej k\u0105pieli. Wykonane z wysokiej jako\u015bci mi\u0119kkiej 100% bawe\u0142ny typu frotte. Znakomicie wch\u0142ania wod\u0119 i stanowi skuteczn\u0105 ochron\u0119 przed zimnem dla delikatnej sk\u00f3ry dziecka. Lu\u017any fason nie ogranicza i nie kr\u0119puje ruch\u00f3w wyk\u0105panego maluszka, a wszyty kapturek chroni mokr\u0105 g\u0142ow\u0119 dziecka przed ozi\u0119bieniem. Dost\u0119pne [&hellip;]<\/p>\n","protected":false},"featured_media":9083,"template":"","meta":[],"product_cat":[3412,3430],"product_tag":[],"class_list":{"0":"post-9086","1":"product","2":"type-product","3":"status-publish","4":"has-post-thumbnail","6":"product_cat-pielegnacja","7":"product_cat-okrycia-kapielowe-dla-dzieci","9":"first","10":"instock","11":"shipping-taxable","12":"product-type-simple"},"yoast_head":"<!-- This site is optimized with the Yoast SEO plugin v26.2 - https:\/\/yoast.com\/wordpress\/plugins\/seo\/ -->\n<title>Okrycie k\u0105pielowe ECRU - Akuku<\/title>\n<meta name=\"description\" content=\"Sprawd\u017a nasz produkt: Okrycie k\u0105pielowe ECRU. Produkty Akuku - odpowiednie dla mam i niemowl\u0105t!\" \/>\n<meta name=\"robots\" content=\"index, follow, max-snippet:-1, max-image-preview:large, max-video-preview:-1\" \/>\n<link rel=\"canonical\" href=\"https:\/\/akuku.com.pl\/fr\/katalog-produktow\/pielegnacja\/akcesoria-kapielowe-dla-niemowlat\/okrycia-kapielowe-dla-dzieci\/okrycie-kapielowe-ecru\/\" \/>\n<meta property=\"og:locale\" content=\"fr_FR\" \/>\n<meta property=\"og:type\" content=\"article\" \/>\n<meta property=\"og:title\" content=\"Okrycie k\u0105pielowe ECRU - Akuku\" \/>\n<meta property=\"og:description\" content=\"Sprawd\u017a nasz produkt: Okrycie k\u0105pielowe ECRU. Produkty Akuku - odpowiednie dla mam i niemowl\u0105t!\" \/>\n<meta property=\"og:url\" content=\"https:\/\/akuku.com.pl\/fr\/katalog-produktow\/pielegnacja\/akcesoria-kapielowe-dla-niemowlat\/okrycia-kapielowe-dla-dzieci\/okrycie-kapielowe-ecru\/\" \/>\n<meta property=\"og:site_name\" content=\"Akuku\" \/>\n<meta property=\"article:publisher\" content=\"https:\/\/www.facebook.com\/markaAKUKU\" \/>\n<meta property=\"article:modified_time\" content=\"2024-07-29T19:53:00+00:00\" \/>\n<meta property=\"og:image\" content=\"https:\/\/akuku.com.pl\/wp-content\/uploads\/2024\/07\/sowa-ecru.jpg\" \/>\n\t<meta property=\"og:image:width\" content=\"500\" \/>\n\t<meta property=\"og:image:height\" content=\"500\" \/>\n\t<meta property=\"og:image:type\" content=\"image\/jpeg\" \/>\n<meta name=\"twitter:card\" content=\"summary_large_image\" \/>\n<script type=\"application\/ld+json\" class=\"yoast-schema-graph\">{\"@context\":\"https:\/\/schema.org\",\"@graph\":[{\"@type\":\"WebPage\",\"@id\":\"https:\/\/akuku.com.pl\/fr\/katalog-produktow\/pielegnacja\/akcesoria-kapielowe-dla-niemowlat\/okrycia-kapielowe-dla-dzieci\/okrycie-kapielowe-ecru\/\",\"url\":\"https:\/\/akuku.com.pl\/fr\/katalog-produktow\/pielegnacja\/akcesoria-kapielowe-dla-niemowlat\/okrycia-kapielowe-dla-dzieci\/okrycie-kapielowe-ecru\/\",\"name\":\"Okrycie k\u0105pielowe ECRU - Akuku\",\"isPartOf\":{\"@id\":\"https:\/\/akuku.com.pl\/fr\/#website\"},\"primaryImageOfPage\":{\"@id\":\"https:\/\/akuku.com.pl\/fr\/katalog-produktow\/pielegnacja\/akcesoria-kapielowe-dla-niemowlat\/okrycia-kapielowe-dla-dzieci\/okrycie-kapielowe-ecru\/#primaryimage\"},\"image\":{\"@id\":\"https:\/\/akuku.com.pl\/fr\/katalog-produktow\/pielegnacja\/akcesoria-kapielowe-dla-niemowlat\/okrycia-kapielowe-dla-dzieci\/okrycie-kapielowe-ecru\/#primaryimage\"},\"thumbnailUrl\":\"https:\/\/akuku.com.pl\/wp-content\/uploads\/2024\/07\/sowa-ecru.jpg\",\"datePublished\":\"2024-07-04T20:59:00+00:00\",\"dateModified\":\"2024-07-29T19:53:00+00:00\",\"description\":\"Sprawd\u017a nasz produkt: Okrycie k\u0105pielowe ECRU. Produkty Akuku - odpowiednie dla mam i niemowl\u0105t!\",\"breadcrumb\":{\"@id\":\"https:\/\/akuku.com.pl\/fr\/katalog-produktow\/pielegnacja\/akcesoria-kapielowe-dla-niemowlat\/okrycia-kapielowe-dla-dzieci\/okrycie-kapielowe-ecru\/#breadcrumb\"},\"inLanguage\":\"fr-FR\",\"potentialAction\":[{\"@type\":\"ReadAction\",\"target\":[\"https:\/\/akuku.com.pl\/fr\/katalog-produktow\/pielegnacja\/akcesoria-kapielowe-dla-niemowlat\/okrycia-kapielowe-dla-dzieci\/okrycie-kapielowe-ecru\/\"]}]},{\"@type\":\"ImageObject\",\"inLanguage\":\"fr-FR\",\"@id\":\"https:\/\/akuku.com.pl\/fr\/katalog-produktow\/pielegnacja\/akcesoria-kapielowe-dla-niemowlat\/okrycia-kapielowe-dla-dzieci\/okrycie-kapielowe-ecru\/#primaryimage\",\"url\":\"https:\/\/akuku.com.pl\/wp-content\/uploads\/2024\/07\/sowa-ecru.jpg\",\"contentUrl\":\"https:\/\/akuku.com.pl\/wp-content\/uploads\/2024\/07\/sowa-ecru.jpg\",\"width\":500,\"height\":500,\"caption\":\"Okrycie k\u0105pielowe ECRU\"},{\"@type\":\"BreadcrumbList\",\"@id\":\"https:\/\/akuku.com.pl\/fr\/katalog-produktow\/pielegnacja\/akcesoria-kapielowe-dla-niemowlat\/okrycia-kapielowe-dla-dzieci\/okrycie-kapielowe-ecru\/#breadcrumb\",\"itemListElement\":[{\"@type\":\"ListItem\",\"position\":1,\"name\":\"Strona g\u0142\u00f3wna\",\"item\":\"https:\/\/akuku.com.pl\/fr\/\"},{\"@type\":\"ListItem\",\"position\":2,\"name\":\"Boutique\",\"item\":\"https:\/\/akuku.com.pl\/wszystkie-produkty\/\"},{\"@type\":\"ListItem\",\"position\":3,\"name\":\"Okrycie k\u0105pielowe ECRU\"}]},{\"@type\":\"WebSite\",\"@id\":\"https:\/\/akuku.com.pl\/fr\/#website\",\"url\":\"https:\/\/akuku.com.pl\/fr\/\",\"name\":\"Akuku.com.pl\",\"description\":\"\",\"publisher\":{\"@id\":\"https:\/\/akuku.com.pl\/fr\/#organization\"},\"potentialAction\":[{\"@type\":\"SearchAction\",\"target\":{\"@type\":\"EntryPoint\",\"urlTemplate\":\"https:\/\/akuku.com.pl\/fr\/?s={search_term_string}\"},\"query-input\":{\"@type\":\"PropertyValueSpecification\",\"valueRequired\":true,\"valueName\":\"search_term_string\"}}],\"inLanguage\":\"fr-FR\"},{\"@type\":\"Organization\",\"@id\":\"https:\/\/akuku.com.pl\/fr\/#organization\",\"name\":\"Akuku.com.pl\",\"url\":\"https:\/\/akuku.com.pl\/fr\/\",\"logo\":{\"@type\":\"ImageObject\",\"inLanguage\":\"fr-FR\",\"@id\":\"https:\/\/akuku.com.pl\/fr\/#\/schema\/logo\/image\/\",\"url\":\"https:\/\/akuku.com.pl\/wp-content\/uploads\/2024\/04\/akuku-logo.svg\",\"contentUrl\":\"https:\/\/akuku.com.pl\/wp-content\/uploads\/2024\/04\/akuku-logo.svg\",\"width\":114,\"height\":50,\"caption\":\"Akuku.com.pl\"},\"image\":{\"@id\":\"https:\/\/akuku.com.pl\/fr\/#\/schema\/logo\/image\/\"},\"sameAs\":[\"https:\/\/www.facebook.com\/markaAKUKU\"]}]}<\/script>\n<!-- \/ Yoast SEO plugin. -->","yoast_head_json":{"title":"Okrycie k\u0105pielowe ECRU - Akuku","description":"Sprawd\u017a nasz produkt: Okrycie k\u0105pielowe ECRU. Produkty Akuku - odpowiednie dla mam i niemowl\u0105t!","robots":{"index":"index","follow":"follow","max-snippet":"max-snippet:-1","max-image-preview":"max-image-preview:large","max-video-preview":"max-video-preview:-1"},"canonical":"https:\/\/akuku.com.pl\/fr\/katalog-produktow\/pielegnacja\/akcesoria-kapielowe-dla-niemowlat\/okrycia-kapielowe-dla-dzieci\/okrycie-kapielowe-ecru\/","og_locale":"fr_FR","og_type":"article","og_title":"Okrycie k\u0105pielowe ECRU - Akuku","og_description":"Sprawd\u017a nasz produkt: Okrycie k\u0105pielowe ECRU. Produkty Akuku - odpowiednie dla mam i niemowl\u0105t!","og_url":"https:\/\/akuku.com.pl\/fr\/katalog-produktow\/pielegnacja\/akcesoria-kapielowe-dla-niemowlat\/okrycia-kapielowe-dla-dzieci\/okrycie-kapielowe-ecru\/","og_site_name":"Akuku","article_publisher":"https:\/\/www.facebook.com\/markaAKUKU","article_modified_time":"2024-07-29T19:53:00+00:00","og_image":[{"width":500,"height":500,"url":"https:\/\/akuku.com.pl\/wp-content\/uploads\/2024\/07\/sowa-ecru.jpg","type":"image\/jpeg"}],"twitter_card":"summary_large_image","schema":{"@context":"https:\/\/schema.org","@graph":[{"@type":"WebPage","@id":"https:\/\/akuku.com.pl\/fr\/katalog-produktow\/pielegnacja\/akcesoria-kapielowe-dla-niemowlat\/okrycia-kapielowe-dla-dzieci\/okrycie-kapielowe-ecru\/","url":"https:\/\/akuku.com.pl\/fr\/katalog-produktow\/pielegnacja\/akcesoria-kapielowe-dla-niemowlat\/okrycia-kapielowe-dla-dzieci\/okrycie-kapielowe-ecru\/","name":"Okrycie k\u0105pielowe ECRU - Akuku","isPartOf":{"@id":"https:\/\/akuku.com.pl\/fr\/#website"},"primaryImageOfPage":{"@id":"https:\/\/akuku.com.pl\/fr\/katalog-produktow\/pielegnacja\/akcesoria-kapielowe-dla-niemowlat\/okrycia-kapielowe-dla-dzieci\/okrycie-kapielowe-ecru\/#primaryimage"},"image":{"@id":"https:\/\/akuku.com.pl\/fr\/katalog-produktow\/pielegnacja\/akcesoria-kapielowe-dla-niemowlat\/okrycia-kapielowe-dla-dzieci\/okrycie-kapielowe-ecru\/#primaryimage"},"thumbnailUrl":"https:\/\/akuku.com.pl\/wp-content\/uploads\/2024\/07\/sowa-ecru.jpg","datePublished":"2024-07-04T20:59:00+00:00","dateModified":"2024-07-29T19:53:00+00:00","description":"Sprawd\u017a nasz produkt: Okrycie k\u0105pielowe ECRU. Produkty Akuku - odpowiednie dla mam i niemowl\u0105t!","breadcrumb":{"@id":"https:\/\/akuku.com.pl\/fr\/katalog-produktow\/pielegnacja\/akcesoria-kapielowe-dla-niemowlat\/okrycia-kapielowe-dla-dzieci\/okrycie-kapielowe-ecru\/#breadcrumb"},"inLanguage":"fr-FR","potentialAction":[{"@type":"ReadAction","target":["https:\/\/akuku.com.pl\/fr\/katalog-produktow\/pielegnacja\/akcesoria-kapielowe-dla-niemowlat\/okrycia-kapielowe-dla-dzieci\/okrycie-kapielowe-ecru\/"]}]},{"@type":"ImageObject","inLanguage":"fr-FR","@id":"https:\/\/akuku.com.pl\/fr\/katalog-produktow\/pielegnacja\/akcesoria-kapielowe-dla-niemowlat\/okrycia-kapielowe-dla-dzieci\/okrycie-kapielowe-ecru\/#primaryimage","url":"https:\/\/akuku.com.pl\/wp-content\/uploads\/2024\/07\/sowa-ecru.jpg","contentUrl":"https:\/\/akuku.com.pl\/wp-content\/uploads\/2024\/07\/sowa-ecru.jpg","width":500,"height":500,"caption":"Okrycie k\u0105pielowe ECRU"},{"@type":"BreadcrumbList","@id":"https:\/\/akuku.com.pl\/fr\/katalog-produktow\/pielegnacja\/akcesoria-kapielowe-dla-niemowlat\/okrycia-kapielowe-dla-dzieci\/okrycie-kapielowe-ecru\/#breadcrumb","itemListElement":[{"@type":"ListItem","position":1,"name":"Strona g\u0142\u00f3wna","item":"https:\/\/akuku.com.pl\/fr\/"},{"@type":"ListItem","position":2,"name":"Boutique","item":"https:\/\/akuku.com.pl\/wszystkie-produkty\/"},{"@type":"ListItem","position":3,"name":"Okrycie k\u0105pielowe ECRU"}]},{"@type":"WebSite","@id":"https:\/\/akuku.com.pl\/fr\/#website","url":"https:\/\/akuku.com.pl\/fr\/","name":"Akuku.com.pl","description":"","publisher":{"@id":"https:\/\/akuku.com.pl\/fr\/#organization"},"potentialAction":[{"@type":"SearchAction","target":{"@type":"EntryPoint","urlTemplate":"https:\/\/akuku.com.pl\/fr\/?s={search_term_string}"},"query-input":{"@type":"PropertyValueSpecification","valueRequired":true,"valueName":"search_term_string"}}],"inLanguage":"fr-FR"},{"@type":"Organization","@id":"https:\/\/akuku.com.pl\/fr\/#organization","name":"Akuku.com.pl","url":"https:\/\/akuku.com.pl\/fr\/","logo":{"@type":"ImageObject","inLanguage":"fr-FR","@id":"https:\/\/akuku.com.pl\/fr\/#\/schema\/logo\/image\/","url":"https:\/\/akuku.com.pl\/wp-content\/uploads\/2024\/04\/akuku-logo.svg","contentUrl":"https:\/\/akuku.com.pl\/wp-content\/uploads\/2024\/04\/akuku-logo.svg","width":114,"height":50,"caption":"Akuku.com.pl"},"image":{"@id":"https:\/\/akuku.com.pl\/fr\/#\/schema\/logo\/image\/"},"sameAs":["https:\/\/www.facebook.com\/markaAKUKU"]}]}},"_links":{"self":[{"href":"https:\/\/akuku.com.pl\/fr\/wp-json\/wp\/v2\/product\/9086","targetHints":{"allow":["GET"]}}],"collection":[{"href":"https:\/\/akuku.com.pl\/fr\/wp-json\/wp\/v2\/product"}],"about":[{"href":"https:\/\/akuku.com.pl\/fr\/wp-json\/wp\/v2\/types\/product"}],"wp:featuredmedia":[{"embeddable":true,"href":"https:\/\/akuku.com.pl\/fr\/wp-json\/wp\/v2\/media\/9083"}],"wp:attachment":[{"href":"https:\/\/akuku.com.pl\/fr\/wp-json\/wp\/v2\/media?parent=9086"}],"wp:term":[{"taxonomy":"product_cat","embeddable":true,"href":"https:\/\/akuku.com.pl\/fr\/wp-json\/wp\/v2\/product_cat?post=9086"},{"taxonomy":"product_tag","embeddable":true,"href":"https:\/\/akuku.com.pl\/fr\/wp-json\/wp\/v2\/product_tag?post=9086"}],"curies":[{"name":"wp","href":"https:\/\/api.w.org\/{rel}","templated":true}]}}