{"id":8974,"date":"2024-07-04T22:57:56","date_gmt":"2024-07-04T20:57:56","guid":{"rendered":"https:\/\/wp.akuku.com.pl\/sklep\/non%20class\u00e9\/gobelet-de-rincage-des-cheveux-a0430\/"},"modified":"2024-07-29T21:53:06","modified_gmt":"2024-07-29T19:53:06","slug":"gobelet-de-rincage-des-cheveux-a0430","status":"publish","type":"product","link":"https:\/\/akuku.com.pl\/fr\/catalogue-de-produits\/soins\/accessoires-de-bain-bebe\/gobelets-de-rincage-pour-les-cheveux\/gobelet-de-rincage-des-cheveux-a0430\/","title":{"rendered":"Gobelet de rin\u00e7age des cheveux"},"content":{"rendered":"<div class=\"textWrap\">\n<p style=\"text-align: left\">\n<p>Gobelet de rin\u00e7age des cheveux A0430<\/p>\n<p>Votre enfant d\u00e9teste le lavage des cheveux ? Nous avons une solution!!!<br \/>Un gobelet de rin\u00e7age des cheveux, fabriqu\u00e9 pour prot\u00e9ger les yeux de votre enfant de l&rsquo;eau qui coule dans les yeux lorsque vous lui lavez les cheveux.<br \/>Votre enfant commen\u00e7era \u00e0 aimer de se faire laver les cheveux rapidement et sans larmes! Le produit propos\u00e9 est pratique \u00e0 utiliser.<br \/>La forme profil\u00e9e facilite le lavage de la t\u00eate et des cheveux du b\u00e9b\u00e9 pendant le bain.<br \/>La mati\u00e8re premi\u00e8re flexible s&rsquo;adapte \u00e0 la forme de la t\u00eate et emp\u00eache l&rsquo;eau de couler dans les yeux.<br \/>Deux compartiments assurent un rin\u00e7age id\u00e9al : le premier compartiment sert \u00e0 rincer les cheveux du c\u00f4t\u00e9 de la t\u00eate,<br \/>tandis que le deuxi\u00e8me rince simultan\u00e9ment le haut et l&rsquo;arri\u00e8re de la t\u00eate de l&rsquo;enfant, ce qui rend tout le processus beaucoup plus rapide.<br \/>Fabriqu\u00e9 avec de la mati\u00e8re premi\u00e8re sans danger pour la sant\u00e9 humaine.<\/p>\n<p>Important! V\u00e9rifiez toujours la temp\u00e9rature de l&rsquo;eau avant de rincer le corps et la t\u00eate de votre b\u00e9b\u00e9.<br \/>Taille : 8 cm (largeur) x 16 cm (hauteur)<\/p>\n<\/p>\n<\/div>\n","protected":false},"excerpt":{"rendered":"<p>Gobelet de rin\u00e7age des cheveux A0430 Votre enfant d\u00e9teste le lavage des cheveux ? Nous avons une solution!!!Un gobelet de rin\u00e7age des cheveux, fabriqu\u00e9 pour prot\u00e9ger les yeux de votre enfant de l&rsquo;eau qui coule dans les yeux lorsque vous lui lavez les cheveux.Votre enfant commen\u00e7era \u00e0 aimer de se faire laver les cheveux rapidement [&hellip;]<\/p>\n","protected":false},"featured_media":8959,"template":"","meta":[],"product_cat":[3414,3429],"product_tag":[],"class_list":{"0":"post-8974","1":"product","2":"type-product","3":"status-publish","4":"has-post-thumbnail","6":"product_cat-soins","7":"product_cat-gobelets-de-rincage-pour-les-cheveux","9":"first","10":"instock","11":"shipping-taxable","12":"product-type-simple"},"yoast_head":"<!-- This site is optimized with the Yoast SEO plugin v26.2 - https:\/\/yoast.com\/wordpress\/plugins\/seo\/ -->\n<title>Gobelet de rin\u00e7age des cheveux - Akuku<\/title>\n<meta name=\"description\" content=\"Sprawd\u017a nasz produkt: Gobelet de rin\u00e7age des cheveux. Produkty Akuku - odpowiednie dla mam i niemowl\u0105t!\" \/>\n<meta name=\"robots\" content=\"index, follow, max-snippet:-1, max-image-preview:large, max-video-preview:-1\" \/>\n<link rel=\"canonical\" href=\"https:\/\/akuku.com.pl\/fr\/catalogue-de-produits\/soins\/accessoires-de-bain-bebe\/gobelets-de-rincage-pour-les-cheveux\/gobelet-de-rincage-des-cheveux-a0430\/\" \/>\n<meta property=\"og:locale\" content=\"fr_FR\" \/>\n<meta property=\"og:type\" content=\"article\" \/>\n<meta property=\"og:title\" content=\"Gobelet de rin\u00e7age des cheveux - Akuku\" \/>\n<meta property=\"og:description\" content=\"Sprawd\u017a nasz produkt: Gobelet de rin\u00e7age des cheveux. Produkty Akuku - odpowiednie dla mam i niemowl\u0105t!\" \/>\n<meta property=\"og:url\" content=\"https:\/\/akuku.com.pl\/fr\/catalogue-de-produits\/soins\/accessoires-de-bain-bebe\/gobelets-de-rincage-pour-les-cheveux\/gobelet-de-rincage-des-cheveux-a0430\/\" \/>\n<meta property=\"og:site_name\" content=\"Akuku\" \/>\n<meta property=\"article:publisher\" content=\"https:\/\/www.facebook.com\/markaAKUKU\" \/>\n<meta property=\"article:modified_time\" content=\"2024-07-29T19:53:06+00:00\" \/>\n<meta property=\"og:image\" content=\"https:\/\/akuku.com.pl\/wp-content\/uploads\/2024\/07\/a0430-3.jpg\" \/>\n\t<meta property=\"og:image:width\" content=\"500\" \/>\n\t<meta property=\"og:image:height\" content=\"500\" \/>\n\t<meta property=\"og:image:type\" content=\"image\/jpeg\" \/>\n<meta name=\"twitter:card\" content=\"summary_large_image\" \/>\n<meta name=\"twitter:label1\" content=\"Dur\u00e9e de lecture estim\u00e9e\" \/>\n\t<meta name=\"twitter:data1\" content=\"1 minute\" \/>\n<script type=\"application\/ld+json\" class=\"yoast-schema-graph\">{\"@context\":\"https:\/\/schema.org\",\"@graph\":[{\"@type\":\"WebPage\",\"@id\":\"https:\/\/akuku.com.pl\/fr\/catalogue-de-produits\/soins\/accessoires-de-bain-bebe\/gobelets-de-rincage-pour-les-cheveux\/gobelet-de-rincage-des-cheveux-a0430\/\",\"url\":\"https:\/\/akuku.com.pl\/fr\/catalogue-de-produits\/soins\/accessoires-de-bain-bebe\/gobelets-de-rincage-pour-les-cheveux\/gobelet-de-rincage-des-cheveux-a0430\/\",\"name\":\"Gobelet de rin\u00e7age des cheveux - Akuku\",\"isPartOf\":{\"@id\":\"https:\/\/akuku.com.pl\/fr\/#website\"},\"primaryImageOfPage\":{\"@id\":\"https:\/\/akuku.com.pl\/fr\/catalogue-de-produits\/soins\/accessoires-de-bain-bebe\/gobelets-de-rincage-pour-les-cheveux\/gobelet-de-rincage-des-cheveux-a0430\/#primaryimage\"},\"image\":{\"@id\":\"https:\/\/akuku.com.pl\/fr\/catalogue-de-produits\/soins\/accessoires-de-bain-bebe\/gobelets-de-rincage-pour-les-cheveux\/gobelet-de-rincage-des-cheveux-a0430\/#primaryimage\"},\"thumbnailUrl\":\"https:\/\/akuku.com.pl\/wp-content\/uploads\/2024\/07\/a0430-3.jpg\",\"datePublished\":\"2024-07-04T20:57:56+00:00\",\"dateModified\":\"2024-07-29T19:53:06+00:00\",\"description\":\"Sprawd\u017a nasz produkt: Gobelet de rin\u00e7age des cheveux. Produkty Akuku - odpowiednie dla mam i niemowl\u0105t!\",\"breadcrumb\":{\"@id\":\"https:\/\/akuku.com.pl\/fr\/catalogue-de-produits\/soins\/accessoires-de-bain-bebe\/gobelets-de-rincage-pour-les-cheveux\/gobelet-de-rincage-des-cheveux-a0430\/#breadcrumb\"},\"inLanguage\":\"fr-FR\",\"potentialAction\":[{\"@type\":\"ReadAction\",\"target\":[\"https:\/\/akuku.com.pl\/fr\/catalogue-de-produits\/soins\/accessoires-de-bain-bebe\/gobelets-de-rincage-pour-les-cheveux\/gobelet-de-rincage-des-cheveux-a0430\/\"]}]},{\"@type\":\"ImageObject\",\"inLanguage\":\"fr-FR\",\"@id\":\"https:\/\/akuku.com.pl\/fr\/catalogue-de-produits\/soins\/accessoires-de-bain-bebe\/gobelets-de-rincage-pour-les-cheveux\/gobelet-de-rincage-des-cheveux-a0430\/#primaryimage\",\"url\":\"https:\/\/akuku.com.pl\/wp-content\/uploads\/2024\/07\/a0430-3.jpg\",\"contentUrl\":\"https:\/\/akuku.com.pl\/wp-content\/uploads\/2024\/07\/a0430-3.jpg\",\"width\":500,\"height\":500},{\"@type\":\"BreadcrumbList\",\"@id\":\"https:\/\/akuku.com.pl\/fr\/catalogue-de-produits\/soins\/accessoires-de-bain-bebe\/gobelets-de-rincage-pour-les-cheveux\/gobelet-de-rincage-des-cheveux-a0430\/#breadcrumb\",\"itemListElement\":[{\"@type\":\"ListItem\",\"position\":1,\"name\":\"Strona g\u0142\u00f3wna\",\"item\":\"https:\/\/akuku.com.pl\/fr\/\"},{\"@type\":\"ListItem\",\"position\":2,\"name\":\"Boutique\",\"item\":\"https:\/\/akuku.com.pl\/wszystkie-produkty\/\"},{\"@type\":\"ListItem\",\"position\":3,\"name\":\"Gobelet de rin\u00e7age des cheveux\"}]},{\"@type\":\"WebSite\",\"@id\":\"https:\/\/akuku.com.pl\/fr\/#website\",\"url\":\"https:\/\/akuku.com.pl\/fr\/\",\"name\":\"Akuku.com.pl\",\"description\":\"\",\"publisher\":{\"@id\":\"https:\/\/akuku.com.pl\/fr\/#organization\"},\"potentialAction\":[{\"@type\":\"SearchAction\",\"target\":{\"@type\":\"EntryPoint\",\"urlTemplate\":\"https:\/\/akuku.com.pl\/fr\/?s={search_term_string}\"},\"query-input\":{\"@type\":\"PropertyValueSpecification\",\"valueRequired\":true,\"valueName\":\"search_term_string\"}}],\"inLanguage\":\"fr-FR\"},{\"@type\":\"Organization\",\"@id\":\"https:\/\/akuku.com.pl\/fr\/#organization\",\"name\":\"Akuku.com.pl\",\"url\":\"https:\/\/akuku.com.pl\/fr\/\",\"logo\":{\"@type\":\"ImageObject\",\"inLanguage\":\"fr-FR\",\"@id\":\"https:\/\/akuku.com.pl\/fr\/#\/schema\/logo\/image\/\",\"url\":\"https:\/\/akuku.com.pl\/wp-content\/uploads\/2024\/04\/akuku-logo.svg\",\"contentUrl\":\"https:\/\/akuku.com.pl\/wp-content\/uploads\/2024\/04\/akuku-logo.svg\",\"width\":114,\"height\":50,\"caption\":\"Akuku.com.pl\"},\"image\":{\"@id\":\"https:\/\/akuku.com.pl\/fr\/#\/schema\/logo\/image\/\"},\"sameAs\":[\"https:\/\/www.facebook.com\/markaAKUKU\"]}]}<\/script>\n<!-- \/ Yoast SEO plugin. -->","yoast_head_json":{"title":"Gobelet de rin\u00e7age des cheveux - Akuku","description":"Sprawd\u017a nasz produkt: Gobelet de rin\u00e7age des cheveux. Produkty Akuku - odpowiednie dla mam i niemowl\u0105t!","robots":{"index":"index","follow":"follow","max-snippet":"max-snippet:-1","max-image-preview":"max-image-preview:large","max-video-preview":"max-video-preview:-1"},"canonical":"https:\/\/akuku.com.pl\/fr\/catalogue-de-produits\/soins\/accessoires-de-bain-bebe\/gobelets-de-rincage-pour-les-cheveux\/gobelet-de-rincage-des-cheveux-a0430\/","og_locale":"fr_FR","og_type":"article","og_title":"Gobelet de rin\u00e7age des cheveux - Akuku","og_description":"Sprawd\u017a nasz produkt: Gobelet de rin\u00e7age des cheveux. Produkty Akuku - odpowiednie dla mam i niemowl\u0105t!","og_url":"https:\/\/akuku.com.pl\/fr\/catalogue-de-produits\/soins\/accessoires-de-bain-bebe\/gobelets-de-rincage-pour-les-cheveux\/gobelet-de-rincage-des-cheveux-a0430\/","og_site_name":"Akuku","article_publisher":"https:\/\/www.facebook.com\/markaAKUKU","article_modified_time":"2024-07-29T19:53:06+00:00","og_image":[{"width":500,"height":500,"url":"https:\/\/akuku.com.pl\/wp-content\/uploads\/2024\/07\/a0430-3.jpg","type":"image\/jpeg"}],"twitter_card":"summary_large_image","twitter_misc":{"Dur\u00e9e de lecture estim\u00e9e":"1 minute"},"schema":{"@context":"https:\/\/schema.org","@graph":[{"@type":"WebPage","@id":"https:\/\/akuku.com.pl\/fr\/catalogue-de-produits\/soins\/accessoires-de-bain-bebe\/gobelets-de-rincage-pour-les-cheveux\/gobelet-de-rincage-des-cheveux-a0430\/","url":"https:\/\/akuku.com.pl\/fr\/catalogue-de-produits\/soins\/accessoires-de-bain-bebe\/gobelets-de-rincage-pour-les-cheveux\/gobelet-de-rincage-des-cheveux-a0430\/","name":"Gobelet de rin\u00e7age des cheveux - Akuku","isPartOf":{"@id":"https:\/\/akuku.com.pl\/fr\/#website"},"primaryImageOfPage":{"@id":"https:\/\/akuku.com.pl\/fr\/catalogue-de-produits\/soins\/accessoires-de-bain-bebe\/gobelets-de-rincage-pour-les-cheveux\/gobelet-de-rincage-des-cheveux-a0430\/#primaryimage"},"image":{"@id":"https:\/\/akuku.com.pl\/fr\/catalogue-de-produits\/soins\/accessoires-de-bain-bebe\/gobelets-de-rincage-pour-les-cheveux\/gobelet-de-rincage-des-cheveux-a0430\/#primaryimage"},"thumbnailUrl":"https:\/\/akuku.com.pl\/wp-content\/uploads\/2024\/07\/a0430-3.jpg","datePublished":"2024-07-04T20:57:56+00:00","dateModified":"2024-07-29T19:53:06+00:00","description":"Sprawd\u017a nasz produkt: Gobelet de rin\u00e7age des cheveux. Produkty Akuku - odpowiednie dla mam i niemowl\u0105t!","breadcrumb":{"@id":"https:\/\/akuku.com.pl\/fr\/catalogue-de-produits\/soins\/accessoires-de-bain-bebe\/gobelets-de-rincage-pour-les-cheveux\/gobelet-de-rincage-des-cheveux-a0430\/#breadcrumb"},"inLanguage":"fr-FR","potentialAction":[{"@type":"ReadAction","target":["https:\/\/akuku.com.pl\/fr\/catalogue-de-produits\/soins\/accessoires-de-bain-bebe\/gobelets-de-rincage-pour-les-cheveux\/gobelet-de-rincage-des-cheveux-a0430\/"]}]},{"@type":"ImageObject","inLanguage":"fr-FR","@id":"https:\/\/akuku.com.pl\/fr\/catalogue-de-produits\/soins\/accessoires-de-bain-bebe\/gobelets-de-rincage-pour-les-cheveux\/gobelet-de-rincage-des-cheveux-a0430\/#primaryimage","url":"https:\/\/akuku.com.pl\/wp-content\/uploads\/2024\/07\/a0430-3.jpg","contentUrl":"https:\/\/akuku.com.pl\/wp-content\/uploads\/2024\/07\/a0430-3.jpg","width":500,"height":500},{"@type":"BreadcrumbList","@id":"https:\/\/akuku.com.pl\/fr\/catalogue-de-produits\/soins\/accessoires-de-bain-bebe\/gobelets-de-rincage-pour-les-cheveux\/gobelet-de-rincage-des-cheveux-a0430\/#breadcrumb","itemListElement":[{"@type":"ListItem","position":1,"name":"Strona g\u0142\u00f3wna","item":"https:\/\/akuku.com.pl\/fr\/"},{"@type":"ListItem","position":2,"name":"Boutique","item":"https:\/\/akuku.com.pl\/wszystkie-produkty\/"},{"@type":"ListItem","position":3,"name":"Gobelet de rin\u00e7age des cheveux"}]},{"@type":"WebSite","@id":"https:\/\/akuku.com.pl\/fr\/#website","url":"https:\/\/akuku.com.pl\/fr\/","name":"Akuku.com.pl","description":"","publisher":{"@id":"https:\/\/akuku.com.pl\/fr\/#organization"},"potentialAction":[{"@type":"SearchAction","target":{"@type":"EntryPoint","urlTemplate":"https:\/\/akuku.com.pl\/fr\/?s={search_term_string}"},"query-input":{"@type":"PropertyValueSpecification","valueRequired":true,"valueName":"search_term_string"}}],"inLanguage":"fr-FR"},{"@type":"Organization","@id":"https:\/\/akuku.com.pl\/fr\/#organization","name":"Akuku.com.pl","url":"https:\/\/akuku.com.pl\/fr\/","logo":{"@type":"ImageObject","inLanguage":"fr-FR","@id":"https:\/\/akuku.com.pl\/fr\/#\/schema\/logo\/image\/","url":"https:\/\/akuku.com.pl\/wp-content\/uploads\/2024\/04\/akuku-logo.svg","contentUrl":"https:\/\/akuku.com.pl\/wp-content\/uploads\/2024\/04\/akuku-logo.svg","width":114,"height":50,"caption":"Akuku.com.pl"},"image":{"@id":"https:\/\/akuku.com.pl\/fr\/#\/schema\/logo\/image\/"},"sameAs":["https:\/\/www.facebook.com\/markaAKUKU"]}]}},"_links":{"self":[{"href":"https:\/\/akuku.com.pl\/fr\/wp-json\/wp\/v2\/product\/8974","targetHints":{"allow":["GET"]}}],"collection":[{"href":"https:\/\/akuku.com.pl\/fr\/wp-json\/wp\/v2\/product"}],"about":[{"href":"https:\/\/akuku.com.pl\/fr\/wp-json\/wp\/v2\/types\/product"}],"wp:featuredmedia":[{"embeddable":true,"href":"https:\/\/akuku.com.pl\/fr\/wp-json\/wp\/v2\/media\/8959"}],"wp:attachment":[{"href":"https:\/\/akuku.com.pl\/fr\/wp-json\/wp\/v2\/media?parent=8974"}],"wp:term":[{"taxonomy":"product_cat","embeddable":true,"href":"https:\/\/akuku.com.pl\/fr\/wp-json\/wp\/v2\/product_cat?post=8974"},{"taxonomy":"product_tag","embeddable":true,"href":"https:\/\/akuku.com.pl\/fr\/wp-json\/wp\/v2\/product_tag?post=8974"}],"curies":[{"name":"wp","href":"https:\/\/api.w.org\/{rel}","templated":true}]}}