{"id":8836,"date":"2024-07-04T22:56:50","date_gmt":"2024-07-04T20:56:50","guid":{"rendered":"https:\/\/wp.akuku.com.pl\/sklep\/non%20class\u00e9\/gant-de-toilette-turquoise-a1126\/"},"modified":"2024-07-29T21:53:15","modified_gmt":"2024-07-29T19:53:15","slug":"gant-de-toilette-turquoise-a1126","status":"publish","type":"product","link":"https:\/\/akuku.com.pl\/fr\/catalogue-de-produits\/soins\/accessoires-de-bain-bebe\/gants-de-toilette-pour-lhygiene-du-bebe\/gant-de-toilette-turquoise-a1126\/","title":{"rendered":"Gant de toilette, turquoise"},"content":{"rendered":"<div class=\"textWrap\">\n<p>\u00a0<\/p>\n<p>Gant de toilette, turquoise A1126<\/p>\n<p>Un gant de toilette est un objet indispensable d\u00e8s le premier bain du b\u00e9b\u00e9. <br \/>Sa forme est parfaite aussi pour donner un bain que pour assurer des soins quotidiens, par exemple pour se laver les mains et la bouche durant la journ\u00e9e. <br \/>Notre gant est fabriqu\u00e9 avec du coton doux de haute qualit\u00e9, il n&rsquo;irritera donc pas la peau d\u00e9licate de votre enfant. <br \/>Chaque pi\u00e8ce est \u00e9quip\u00e9e d&rsquo;un ruban de suspension pour faciliter le s\u00e9chage. Fabriqu\u00e9 en Pologne.<br \/>Dimensions: 18 x 9,5 cm<br \/>100% coton<\/p>\n<p style=\"font-weight: 400\"><img decoding=\"async\" alt=\"\" src=\"https:\/\/ect.h2g.pl\/akuku\/images\/03.png\" \/><\/p>\n<\/div>\n","protected":false},"excerpt":{"rendered":"<p>\u00a0 Gant de toilette, turquoise A1126 Un gant de toilette est un objet indispensable d\u00e8s le premier bain du b\u00e9b\u00e9. Sa forme est parfaite aussi pour donner un bain que pour assurer des soins quotidiens, par exemple pour se laver les mains et la bouche durant la journ\u00e9e. Notre gant est fabriqu\u00e9 avec du coton [&hellip;]<\/p>\n","protected":false},"featured_media":8833,"template":"","meta":[],"product_cat":[3414,3417,3423],"product_tag":[],"class_list":{"0":"post-8836","1":"product","2":"type-product","3":"status-publish","4":"has-post-thumbnail","6":"product_cat-soins","7":"product_cat-accessoires-de-bain-bebe","8":"product_cat-gants-de-toilette-pour-lhygiene-du-bebe","10":"first","11":"instock","12":"shipping-taxable","13":"product-type-simple"},"yoast_head":"<!-- This site is optimized with the Yoast SEO plugin v26.2 - https:\/\/yoast.com\/wordpress\/plugins\/seo\/ -->\n<title>Gant de toilette, turquoise - Akuku<\/title>\n<meta name=\"description\" content=\"Sprawd\u017a nasz produkt: Gant de toilette, turquoise. Produkty Akuku - odpowiednie dla mam i niemowl\u0105t!\" \/>\n<meta name=\"robots\" content=\"index, follow, max-snippet:-1, max-image-preview:large, max-video-preview:-1\" \/>\n<link rel=\"canonical\" href=\"https:\/\/akuku.com.pl\/fr\/catalogue-de-produits\/soins\/accessoires-de-bain-bebe\/gants-de-toilette-pour-lhygiene-du-bebe\/gant-de-toilette-turquoise-a1126\/\" \/>\n<meta property=\"og:locale\" content=\"fr_FR\" \/>\n<meta property=\"og:type\" content=\"article\" \/>\n<meta property=\"og:title\" content=\"Gant de toilette, turquoise - Akuku\" \/>\n<meta property=\"og:description\" content=\"Sprawd\u017a nasz produkt: Gant de toilette, turquoise. Produkty Akuku - odpowiednie dla mam i niemowl\u0105t!\" \/>\n<meta property=\"og:url\" content=\"https:\/\/akuku.com.pl\/fr\/catalogue-de-produits\/soins\/accessoires-de-bain-bebe\/gants-de-toilette-pour-lhygiene-du-bebe\/gant-de-toilette-turquoise-a1126\/\" \/>\n<meta property=\"og:site_name\" content=\"Akuku\" \/>\n<meta property=\"article:publisher\" content=\"https:\/\/www.facebook.com\/markaAKUKU\" \/>\n<meta property=\"article:modified_time\" content=\"2024-07-29T19:53:15+00:00\" \/>\n<meta property=\"og:image\" content=\"https:\/\/akuku.com.pl\/wp-content\/uploads\/2024\/07\/A1142_turkus2-1.jpg\" \/>\n\t<meta property=\"og:image:width\" content=\"300\" \/>\n\t<meta property=\"og:image:height\" content=\"300\" \/>\n\t<meta property=\"og:image:type\" content=\"image\/jpeg\" \/>\n<meta name=\"twitter:card\" content=\"summary_large_image\" \/>\n<script type=\"application\/ld+json\" class=\"yoast-schema-graph\">{\"@context\":\"https:\/\/schema.org\",\"@graph\":[{\"@type\":\"WebPage\",\"@id\":\"https:\/\/akuku.com.pl\/fr\/catalogue-de-produits\/soins\/accessoires-de-bain-bebe\/gants-de-toilette-pour-lhygiene-du-bebe\/gant-de-toilette-turquoise-a1126\/\",\"url\":\"https:\/\/akuku.com.pl\/fr\/catalogue-de-produits\/soins\/accessoires-de-bain-bebe\/gants-de-toilette-pour-lhygiene-du-bebe\/gant-de-toilette-turquoise-a1126\/\",\"name\":\"Gant de toilette, turquoise - Akuku\",\"isPartOf\":{\"@id\":\"https:\/\/akuku.com.pl\/fr\/#website\"},\"primaryImageOfPage\":{\"@id\":\"https:\/\/akuku.com.pl\/fr\/catalogue-de-produits\/soins\/accessoires-de-bain-bebe\/gants-de-toilette-pour-lhygiene-du-bebe\/gant-de-toilette-turquoise-a1126\/#primaryimage\"},\"image\":{\"@id\":\"https:\/\/akuku.com.pl\/fr\/catalogue-de-produits\/soins\/accessoires-de-bain-bebe\/gants-de-toilette-pour-lhygiene-du-bebe\/gant-de-toilette-turquoise-a1126\/#primaryimage\"},\"thumbnailUrl\":\"https:\/\/akuku.com.pl\/wp-content\/uploads\/2024\/07\/A1142_turkus2-1.jpg\",\"datePublished\":\"2024-07-04T20:56:50+00:00\",\"dateModified\":\"2024-07-29T19:53:15+00:00\",\"description\":\"Sprawd\u017a nasz produkt: Gant de toilette, turquoise. Produkty Akuku - odpowiednie dla mam i niemowl\u0105t!\",\"breadcrumb\":{\"@id\":\"https:\/\/akuku.com.pl\/fr\/catalogue-de-produits\/soins\/accessoires-de-bain-bebe\/gants-de-toilette-pour-lhygiene-du-bebe\/gant-de-toilette-turquoise-a1126\/#breadcrumb\"},\"inLanguage\":\"fr-FR\",\"potentialAction\":[{\"@type\":\"ReadAction\",\"target\":[\"https:\/\/akuku.com.pl\/fr\/catalogue-de-produits\/soins\/accessoires-de-bain-bebe\/gants-de-toilette-pour-lhygiene-du-bebe\/gant-de-toilette-turquoise-a1126\/\"]}]},{\"@type\":\"ImageObject\",\"inLanguage\":\"fr-FR\",\"@id\":\"https:\/\/akuku.com.pl\/fr\/catalogue-de-produits\/soins\/accessoires-de-bain-bebe\/gants-de-toilette-pour-lhygiene-du-bebe\/gant-de-toilette-turquoise-a1126\/#primaryimage\",\"url\":\"https:\/\/akuku.com.pl\/wp-content\/uploads\/2024\/07\/A1142_turkus2-1.jpg\",\"contentUrl\":\"https:\/\/akuku.com.pl\/wp-content\/uploads\/2024\/07\/A1142_turkus2-1.jpg\",\"width\":300,\"height\":300,\"caption\":\"Gant de toilette, turquoise A1126\"},{\"@type\":\"BreadcrumbList\",\"@id\":\"https:\/\/akuku.com.pl\/fr\/catalogue-de-produits\/soins\/accessoires-de-bain-bebe\/gants-de-toilette-pour-lhygiene-du-bebe\/gant-de-toilette-turquoise-a1126\/#breadcrumb\",\"itemListElement\":[{\"@type\":\"ListItem\",\"position\":1,\"name\":\"Strona g\u0142\u00f3wna\",\"item\":\"https:\/\/akuku.com.pl\/fr\/\"},{\"@type\":\"ListItem\",\"position\":2,\"name\":\"Boutique\",\"item\":\"https:\/\/akuku.com.pl\/wszystkie-produkty\/\"},{\"@type\":\"ListItem\",\"position\":3,\"name\":\"Gant de toilette, turquoise\"}]},{\"@type\":\"WebSite\",\"@id\":\"https:\/\/akuku.com.pl\/fr\/#website\",\"url\":\"https:\/\/akuku.com.pl\/fr\/\",\"name\":\"Akuku.com.pl\",\"description\":\"\",\"publisher\":{\"@id\":\"https:\/\/akuku.com.pl\/fr\/#organization\"},\"potentialAction\":[{\"@type\":\"SearchAction\",\"target\":{\"@type\":\"EntryPoint\",\"urlTemplate\":\"https:\/\/akuku.com.pl\/fr\/?s={search_term_string}\"},\"query-input\":{\"@type\":\"PropertyValueSpecification\",\"valueRequired\":true,\"valueName\":\"search_term_string\"}}],\"inLanguage\":\"fr-FR\"},{\"@type\":\"Organization\",\"@id\":\"https:\/\/akuku.com.pl\/fr\/#organization\",\"name\":\"Akuku.com.pl\",\"url\":\"https:\/\/akuku.com.pl\/fr\/\",\"logo\":{\"@type\":\"ImageObject\",\"inLanguage\":\"fr-FR\",\"@id\":\"https:\/\/akuku.com.pl\/fr\/#\/schema\/logo\/image\/\",\"url\":\"https:\/\/akuku.com.pl\/wp-content\/uploads\/2024\/04\/akuku-logo.svg\",\"contentUrl\":\"https:\/\/akuku.com.pl\/wp-content\/uploads\/2024\/04\/akuku-logo.svg\",\"width\":114,\"height\":50,\"caption\":\"Akuku.com.pl\"},\"image\":{\"@id\":\"https:\/\/akuku.com.pl\/fr\/#\/schema\/logo\/image\/\"},\"sameAs\":[\"https:\/\/www.facebook.com\/markaAKUKU\"]}]}<\/script>\n<!-- \/ Yoast SEO plugin. -->","yoast_head_json":{"title":"Gant de toilette, turquoise - Akuku","description":"Sprawd\u017a nasz produkt: Gant de toilette, turquoise. Produkty Akuku - odpowiednie dla mam i niemowl\u0105t!","robots":{"index":"index","follow":"follow","max-snippet":"max-snippet:-1","max-image-preview":"max-image-preview:large","max-video-preview":"max-video-preview:-1"},"canonical":"https:\/\/akuku.com.pl\/fr\/catalogue-de-produits\/soins\/accessoires-de-bain-bebe\/gants-de-toilette-pour-lhygiene-du-bebe\/gant-de-toilette-turquoise-a1126\/","og_locale":"fr_FR","og_type":"article","og_title":"Gant de toilette, turquoise - Akuku","og_description":"Sprawd\u017a nasz produkt: Gant de toilette, turquoise. Produkty Akuku - odpowiednie dla mam i niemowl\u0105t!","og_url":"https:\/\/akuku.com.pl\/fr\/catalogue-de-produits\/soins\/accessoires-de-bain-bebe\/gants-de-toilette-pour-lhygiene-du-bebe\/gant-de-toilette-turquoise-a1126\/","og_site_name":"Akuku","article_publisher":"https:\/\/www.facebook.com\/markaAKUKU","article_modified_time":"2024-07-29T19:53:15+00:00","og_image":[{"width":300,"height":300,"url":"https:\/\/akuku.com.pl\/wp-content\/uploads\/2024\/07\/A1142_turkus2-1.jpg","type":"image\/jpeg"}],"twitter_card":"summary_large_image","schema":{"@context":"https:\/\/schema.org","@graph":[{"@type":"WebPage","@id":"https:\/\/akuku.com.pl\/fr\/catalogue-de-produits\/soins\/accessoires-de-bain-bebe\/gants-de-toilette-pour-lhygiene-du-bebe\/gant-de-toilette-turquoise-a1126\/","url":"https:\/\/akuku.com.pl\/fr\/catalogue-de-produits\/soins\/accessoires-de-bain-bebe\/gants-de-toilette-pour-lhygiene-du-bebe\/gant-de-toilette-turquoise-a1126\/","name":"Gant de toilette, turquoise - Akuku","isPartOf":{"@id":"https:\/\/akuku.com.pl\/fr\/#website"},"primaryImageOfPage":{"@id":"https:\/\/akuku.com.pl\/fr\/catalogue-de-produits\/soins\/accessoires-de-bain-bebe\/gants-de-toilette-pour-lhygiene-du-bebe\/gant-de-toilette-turquoise-a1126\/#primaryimage"},"image":{"@id":"https:\/\/akuku.com.pl\/fr\/catalogue-de-produits\/soins\/accessoires-de-bain-bebe\/gants-de-toilette-pour-lhygiene-du-bebe\/gant-de-toilette-turquoise-a1126\/#primaryimage"},"thumbnailUrl":"https:\/\/akuku.com.pl\/wp-content\/uploads\/2024\/07\/A1142_turkus2-1.jpg","datePublished":"2024-07-04T20:56:50+00:00","dateModified":"2024-07-29T19:53:15+00:00","description":"Sprawd\u017a nasz produkt: Gant de toilette, turquoise. Produkty Akuku - odpowiednie dla mam i niemowl\u0105t!","breadcrumb":{"@id":"https:\/\/akuku.com.pl\/fr\/catalogue-de-produits\/soins\/accessoires-de-bain-bebe\/gants-de-toilette-pour-lhygiene-du-bebe\/gant-de-toilette-turquoise-a1126\/#breadcrumb"},"inLanguage":"fr-FR","potentialAction":[{"@type":"ReadAction","target":["https:\/\/akuku.com.pl\/fr\/catalogue-de-produits\/soins\/accessoires-de-bain-bebe\/gants-de-toilette-pour-lhygiene-du-bebe\/gant-de-toilette-turquoise-a1126\/"]}]},{"@type":"ImageObject","inLanguage":"fr-FR","@id":"https:\/\/akuku.com.pl\/fr\/catalogue-de-produits\/soins\/accessoires-de-bain-bebe\/gants-de-toilette-pour-lhygiene-du-bebe\/gant-de-toilette-turquoise-a1126\/#primaryimage","url":"https:\/\/akuku.com.pl\/wp-content\/uploads\/2024\/07\/A1142_turkus2-1.jpg","contentUrl":"https:\/\/akuku.com.pl\/wp-content\/uploads\/2024\/07\/A1142_turkus2-1.jpg","width":300,"height":300,"caption":"Gant de toilette, turquoise A1126"},{"@type":"BreadcrumbList","@id":"https:\/\/akuku.com.pl\/fr\/catalogue-de-produits\/soins\/accessoires-de-bain-bebe\/gants-de-toilette-pour-lhygiene-du-bebe\/gant-de-toilette-turquoise-a1126\/#breadcrumb","itemListElement":[{"@type":"ListItem","position":1,"name":"Strona g\u0142\u00f3wna","item":"https:\/\/akuku.com.pl\/fr\/"},{"@type":"ListItem","position":2,"name":"Boutique","item":"https:\/\/akuku.com.pl\/wszystkie-produkty\/"},{"@type":"ListItem","position":3,"name":"Gant de toilette, turquoise"}]},{"@type":"WebSite","@id":"https:\/\/akuku.com.pl\/fr\/#website","url":"https:\/\/akuku.com.pl\/fr\/","name":"Akuku.com.pl","description":"","publisher":{"@id":"https:\/\/akuku.com.pl\/fr\/#organization"},"potentialAction":[{"@type":"SearchAction","target":{"@type":"EntryPoint","urlTemplate":"https:\/\/akuku.com.pl\/fr\/?s={search_term_string}"},"query-input":{"@type":"PropertyValueSpecification","valueRequired":true,"valueName":"search_term_string"}}],"inLanguage":"fr-FR"},{"@type":"Organization","@id":"https:\/\/akuku.com.pl\/fr\/#organization","name":"Akuku.com.pl","url":"https:\/\/akuku.com.pl\/fr\/","logo":{"@type":"ImageObject","inLanguage":"fr-FR","@id":"https:\/\/akuku.com.pl\/fr\/#\/schema\/logo\/image\/","url":"https:\/\/akuku.com.pl\/wp-content\/uploads\/2024\/04\/akuku-logo.svg","contentUrl":"https:\/\/akuku.com.pl\/wp-content\/uploads\/2024\/04\/akuku-logo.svg","width":114,"height":50,"caption":"Akuku.com.pl"},"image":{"@id":"https:\/\/akuku.com.pl\/fr\/#\/schema\/logo\/image\/"},"sameAs":["https:\/\/www.facebook.com\/markaAKUKU"]}]}},"_links":{"self":[{"href":"https:\/\/akuku.com.pl\/fr\/wp-json\/wp\/v2\/product\/8836","targetHints":{"allow":["GET"]}}],"collection":[{"href":"https:\/\/akuku.com.pl\/fr\/wp-json\/wp\/v2\/product"}],"about":[{"href":"https:\/\/akuku.com.pl\/fr\/wp-json\/wp\/v2\/types\/product"}],"wp:featuredmedia":[{"embeddable":true,"href":"https:\/\/akuku.com.pl\/fr\/wp-json\/wp\/v2\/media\/8833"}],"wp:attachment":[{"href":"https:\/\/akuku.com.pl\/fr\/wp-json\/wp\/v2\/media?parent=8836"}],"wp:term":[{"taxonomy":"product_cat","embeddable":true,"href":"https:\/\/akuku.com.pl\/fr\/wp-json\/wp\/v2\/product_cat?post=8836"},{"taxonomy":"product_tag","embeddable":true,"href":"https:\/\/akuku.com.pl\/fr\/wp-json\/wp\/v2\/product_tag?post=8836"}],"curies":[{"name":"wp","href":"https:\/\/api.w.org\/{rel}","templated":true}]}}