{"id":8746,"date":"2024-07-04T22:56:03","date_gmt":"2024-07-04T20:56:03","guid":{"rendered":"https:\/\/wp.akuku.com.pl\/sklep\/non%20class\u00e9\/eponge-de-bain-a1132\/"},"modified":"2024-07-29T21:53:21","modified_gmt":"2024-07-29T19:53:21","slug":"eponge-de-bain-a1132","status":"publish","type":"product","link":"https:\/\/akuku.com.pl\/fr\/catalogue-de-produits\/soins\/accessoires-de-bain-bebe\/esponges-pour-le-bain-de-bebe\/eponge-de-bain-a1132\/","title":{"rendered":"\u00c9ponge de bain"},"content":{"rendered":"<div class=\"textWrap\">\n<p>\u00c9ponge de bain A1132<\/p>\n<p>Une \u00e9ponge de bain tr\u00e8s d\u00e9licate, certifi\u00e9e et \u00e9cologique pr\u00e9vue pour la peau sensible des enfants. <br \/>Parfaite pour un bain quotidien. <br \/>Destin\u00e9e aussi bien aux enfants qu&rsquo;aux nourrissons. <br \/>Diff\u00e9rentes couleurs attirent l&rsquo;attention du tout-petit et permettent de laver le corps entier. <br \/>Permet \u00e0 l\u2019enfant d\u2019apprendre \u00e0 prendre soin de sa propre hygi\u00e8ne. <br \/>Fabriqu\u00e9 en Pologne. Couleur jaune. <br \/>Dimensions : 95 x 95 x 35 mm<\/p>\n<p style=\"font-weight: 400\">\u00a0<\/p>\n<\/div>\n","protected":false},"excerpt":{"rendered":"<p>\u00c9ponge de bain A1132 Une \u00e9ponge de bain tr\u00e8s d\u00e9licate, certifi\u00e9e et \u00e9cologique pr\u00e9vue pour la peau sensible des enfants. Parfaite pour un bain quotidien. Destin\u00e9e aussi bien aux enfants qu&rsquo;aux nourrissons. Diff\u00e9rentes couleurs attirent l&rsquo;attention du tout-petit et permettent de laver le corps entier. Permet \u00e0 l\u2019enfant d\u2019apprendre \u00e0 prendre soin de sa propre [&hellip;]<\/p>\n","protected":false},"featured_media":8731,"template":"","meta":[],"product_cat":[3414,3417,3420],"product_tag":[],"class_list":{"0":"post-8746","1":"product","2":"type-product","3":"status-publish","4":"has-post-thumbnail","6":"product_cat-soins","7":"product_cat-accessoires-de-bain-bebe","8":"product_cat-esponges-pour-le-bain-de-bebe","10":"first","11":"instock","12":"shipping-taxable","13":"product-type-simple"},"yoast_head":"<!-- This site is optimized with the Yoast SEO plugin v26.2 - https:\/\/yoast.com\/wordpress\/plugins\/seo\/ -->\n<title>\u00c9ponge de bain - Akuku<\/title>\n<meta name=\"description\" content=\"Sprawd\u017a nasz produkt: \u00c9ponge de bain. Produkty Akuku - odpowiednie dla mam i niemowl\u0105t!\" \/>\n<meta name=\"robots\" content=\"index, follow, max-snippet:-1, max-image-preview:large, max-video-preview:-1\" \/>\n<link rel=\"canonical\" href=\"https:\/\/akuku.com.pl\/fr\/catalogue-de-produits\/soins\/accessoires-de-bain-bebe\/esponges-pour-le-bain-de-bebe\/eponge-de-bain-a1132\/\" \/>\n<meta property=\"og:locale\" content=\"fr_FR\" \/>\n<meta property=\"og:type\" content=\"article\" \/>\n<meta property=\"og:title\" content=\"\u00c9ponge de bain - Akuku\" \/>\n<meta property=\"og:description\" content=\"Sprawd\u017a nasz produkt: \u00c9ponge de bain. Produkty Akuku - odpowiednie dla mam i niemowl\u0105t!\" \/>\n<meta property=\"og:url\" content=\"https:\/\/akuku.com.pl\/fr\/catalogue-de-produits\/soins\/accessoires-de-bain-bebe\/esponges-pour-le-bain-de-bebe\/eponge-de-bain-a1132\/\" \/>\n<meta property=\"og:site_name\" content=\"Akuku\" \/>\n<meta property=\"article:publisher\" content=\"https:\/\/www.facebook.com\/markaAKUKU\" \/>\n<meta property=\"article:modified_time\" content=\"2024-07-29T19:53:21+00:00\" \/>\n<meta property=\"og:image\" content=\"https:\/\/akuku.com.pl\/wp-content\/uploads\/2024\/07\/a1132-2-ta-gbka.jpeg\" \/>\n\t<meta property=\"og:image:width\" content=\"720\" \/>\n\t<meta property=\"og:image:height\" content=\"720\" \/>\n\t<meta property=\"og:image:type\" content=\"image\/jpeg\" \/>\n<meta name=\"twitter:card\" content=\"summary_large_image\" \/>\n<script type=\"application\/ld+json\" class=\"yoast-schema-graph\">{\"@context\":\"https:\/\/schema.org\",\"@graph\":[{\"@type\":\"WebPage\",\"@id\":\"https:\/\/akuku.com.pl\/fr\/catalogue-de-produits\/soins\/accessoires-de-bain-bebe\/esponges-pour-le-bain-de-bebe\/eponge-de-bain-a1132\/\",\"url\":\"https:\/\/akuku.com.pl\/fr\/catalogue-de-produits\/soins\/accessoires-de-bain-bebe\/esponges-pour-le-bain-de-bebe\/eponge-de-bain-a1132\/\",\"name\":\"\u00c9ponge de bain - Akuku\",\"isPartOf\":{\"@id\":\"https:\/\/akuku.com.pl\/fr\/#website\"},\"primaryImageOfPage\":{\"@id\":\"https:\/\/akuku.com.pl\/fr\/catalogue-de-produits\/soins\/accessoires-de-bain-bebe\/esponges-pour-le-bain-de-bebe\/eponge-de-bain-a1132\/#primaryimage\"},\"image\":{\"@id\":\"https:\/\/akuku.com.pl\/fr\/catalogue-de-produits\/soins\/accessoires-de-bain-bebe\/esponges-pour-le-bain-de-bebe\/eponge-de-bain-a1132\/#primaryimage\"},\"thumbnailUrl\":\"https:\/\/akuku.com.pl\/wp-content\/uploads\/2024\/07\/a1132-2-ta-gbka.jpeg\",\"datePublished\":\"2024-07-04T20:56:03+00:00\",\"dateModified\":\"2024-07-29T19:53:21+00:00\",\"description\":\"Sprawd\u017a nasz produkt: \u00c9ponge de bain. Produkty Akuku - odpowiednie dla mam i niemowl\u0105t!\",\"breadcrumb\":{\"@id\":\"https:\/\/akuku.com.pl\/fr\/catalogue-de-produits\/soins\/accessoires-de-bain-bebe\/esponges-pour-le-bain-de-bebe\/eponge-de-bain-a1132\/#breadcrumb\"},\"inLanguage\":\"fr-FR\",\"potentialAction\":[{\"@type\":\"ReadAction\",\"target\":[\"https:\/\/akuku.com.pl\/fr\/catalogue-de-produits\/soins\/accessoires-de-bain-bebe\/esponges-pour-le-bain-de-bebe\/eponge-de-bain-a1132\/\"]}]},{\"@type\":\"ImageObject\",\"inLanguage\":\"fr-FR\",\"@id\":\"https:\/\/akuku.com.pl\/fr\/catalogue-de-produits\/soins\/accessoires-de-bain-bebe\/esponges-pour-le-bain-de-bebe\/eponge-de-bain-a1132\/#primaryimage\",\"url\":\"https:\/\/akuku.com.pl\/wp-content\/uploads\/2024\/07\/a1132-2-ta-gbka.jpeg\",\"contentUrl\":\"https:\/\/akuku.com.pl\/wp-content\/uploads\/2024\/07\/a1132-2-ta-gbka.jpeg\",\"width\":720,\"height\":720},{\"@type\":\"BreadcrumbList\",\"@id\":\"https:\/\/akuku.com.pl\/fr\/catalogue-de-produits\/soins\/accessoires-de-bain-bebe\/esponges-pour-le-bain-de-bebe\/eponge-de-bain-a1132\/#breadcrumb\",\"itemListElement\":[{\"@type\":\"ListItem\",\"position\":1,\"name\":\"Strona g\u0142\u00f3wna\",\"item\":\"https:\/\/akuku.com.pl\/fr\/\"},{\"@type\":\"ListItem\",\"position\":2,\"name\":\"Boutique\",\"item\":\"https:\/\/akuku.com.pl\/wszystkie-produkty\/\"},{\"@type\":\"ListItem\",\"position\":3,\"name\":\"\u00c9ponge de bain\"}]},{\"@type\":\"WebSite\",\"@id\":\"https:\/\/akuku.com.pl\/fr\/#website\",\"url\":\"https:\/\/akuku.com.pl\/fr\/\",\"name\":\"Akuku.com.pl\",\"description\":\"\",\"publisher\":{\"@id\":\"https:\/\/akuku.com.pl\/fr\/#organization\"},\"potentialAction\":[{\"@type\":\"SearchAction\",\"target\":{\"@type\":\"EntryPoint\",\"urlTemplate\":\"https:\/\/akuku.com.pl\/fr\/?s={search_term_string}\"},\"query-input\":{\"@type\":\"PropertyValueSpecification\",\"valueRequired\":true,\"valueName\":\"search_term_string\"}}],\"inLanguage\":\"fr-FR\"},{\"@type\":\"Organization\",\"@id\":\"https:\/\/akuku.com.pl\/fr\/#organization\",\"name\":\"Akuku.com.pl\",\"url\":\"https:\/\/akuku.com.pl\/fr\/\",\"logo\":{\"@type\":\"ImageObject\",\"inLanguage\":\"fr-FR\",\"@id\":\"https:\/\/akuku.com.pl\/fr\/#\/schema\/logo\/image\/\",\"url\":\"https:\/\/akuku.com.pl\/wp-content\/uploads\/2024\/04\/akuku-logo.svg\",\"contentUrl\":\"https:\/\/akuku.com.pl\/wp-content\/uploads\/2024\/04\/akuku-logo.svg\",\"width\":114,\"height\":50,\"caption\":\"Akuku.com.pl\"},\"image\":{\"@id\":\"https:\/\/akuku.com.pl\/fr\/#\/schema\/logo\/image\/\"},\"sameAs\":[\"https:\/\/www.facebook.com\/markaAKUKU\"]}]}<\/script>\n<!-- \/ Yoast SEO plugin. -->","yoast_head_json":{"title":"\u00c9ponge de bain - Akuku","description":"Sprawd\u017a nasz produkt: \u00c9ponge de bain. Produkty Akuku - odpowiednie dla mam i niemowl\u0105t!","robots":{"index":"index","follow":"follow","max-snippet":"max-snippet:-1","max-image-preview":"max-image-preview:large","max-video-preview":"max-video-preview:-1"},"canonical":"https:\/\/akuku.com.pl\/fr\/catalogue-de-produits\/soins\/accessoires-de-bain-bebe\/esponges-pour-le-bain-de-bebe\/eponge-de-bain-a1132\/","og_locale":"fr_FR","og_type":"article","og_title":"\u00c9ponge de bain - Akuku","og_description":"Sprawd\u017a nasz produkt: \u00c9ponge de bain. Produkty Akuku - odpowiednie dla mam i niemowl\u0105t!","og_url":"https:\/\/akuku.com.pl\/fr\/catalogue-de-produits\/soins\/accessoires-de-bain-bebe\/esponges-pour-le-bain-de-bebe\/eponge-de-bain-a1132\/","og_site_name":"Akuku","article_publisher":"https:\/\/www.facebook.com\/markaAKUKU","article_modified_time":"2024-07-29T19:53:21+00:00","og_image":[{"width":720,"height":720,"url":"https:\/\/akuku.com.pl\/wp-content\/uploads\/2024\/07\/a1132-2-ta-gbka.jpeg","type":"image\/jpeg"}],"twitter_card":"summary_large_image","schema":{"@context":"https:\/\/schema.org","@graph":[{"@type":"WebPage","@id":"https:\/\/akuku.com.pl\/fr\/catalogue-de-produits\/soins\/accessoires-de-bain-bebe\/esponges-pour-le-bain-de-bebe\/eponge-de-bain-a1132\/","url":"https:\/\/akuku.com.pl\/fr\/catalogue-de-produits\/soins\/accessoires-de-bain-bebe\/esponges-pour-le-bain-de-bebe\/eponge-de-bain-a1132\/","name":"\u00c9ponge de bain - Akuku","isPartOf":{"@id":"https:\/\/akuku.com.pl\/fr\/#website"},"primaryImageOfPage":{"@id":"https:\/\/akuku.com.pl\/fr\/catalogue-de-produits\/soins\/accessoires-de-bain-bebe\/esponges-pour-le-bain-de-bebe\/eponge-de-bain-a1132\/#primaryimage"},"image":{"@id":"https:\/\/akuku.com.pl\/fr\/catalogue-de-produits\/soins\/accessoires-de-bain-bebe\/esponges-pour-le-bain-de-bebe\/eponge-de-bain-a1132\/#primaryimage"},"thumbnailUrl":"https:\/\/akuku.com.pl\/wp-content\/uploads\/2024\/07\/a1132-2-ta-gbka.jpeg","datePublished":"2024-07-04T20:56:03+00:00","dateModified":"2024-07-29T19:53:21+00:00","description":"Sprawd\u017a nasz produkt: \u00c9ponge de bain. Produkty Akuku - odpowiednie dla mam i niemowl\u0105t!","breadcrumb":{"@id":"https:\/\/akuku.com.pl\/fr\/catalogue-de-produits\/soins\/accessoires-de-bain-bebe\/esponges-pour-le-bain-de-bebe\/eponge-de-bain-a1132\/#breadcrumb"},"inLanguage":"fr-FR","potentialAction":[{"@type":"ReadAction","target":["https:\/\/akuku.com.pl\/fr\/catalogue-de-produits\/soins\/accessoires-de-bain-bebe\/esponges-pour-le-bain-de-bebe\/eponge-de-bain-a1132\/"]}]},{"@type":"ImageObject","inLanguage":"fr-FR","@id":"https:\/\/akuku.com.pl\/fr\/catalogue-de-produits\/soins\/accessoires-de-bain-bebe\/esponges-pour-le-bain-de-bebe\/eponge-de-bain-a1132\/#primaryimage","url":"https:\/\/akuku.com.pl\/wp-content\/uploads\/2024\/07\/a1132-2-ta-gbka.jpeg","contentUrl":"https:\/\/akuku.com.pl\/wp-content\/uploads\/2024\/07\/a1132-2-ta-gbka.jpeg","width":720,"height":720},{"@type":"BreadcrumbList","@id":"https:\/\/akuku.com.pl\/fr\/catalogue-de-produits\/soins\/accessoires-de-bain-bebe\/esponges-pour-le-bain-de-bebe\/eponge-de-bain-a1132\/#breadcrumb","itemListElement":[{"@type":"ListItem","position":1,"name":"Strona g\u0142\u00f3wna","item":"https:\/\/akuku.com.pl\/fr\/"},{"@type":"ListItem","position":2,"name":"Boutique","item":"https:\/\/akuku.com.pl\/wszystkie-produkty\/"},{"@type":"ListItem","position":3,"name":"\u00c9ponge de bain"}]},{"@type":"WebSite","@id":"https:\/\/akuku.com.pl\/fr\/#website","url":"https:\/\/akuku.com.pl\/fr\/","name":"Akuku.com.pl","description":"","publisher":{"@id":"https:\/\/akuku.com.pl\/fr\/#organization"},"potentialAction":[{"@type":"SearchAction","target":{"@type":"EntryPoint","urlTemplate":"https:\/\/akuku.com.pl\/fr\/?s={search_term_string}"},"query-input":{"@type":"PropertyValueSpecification","valueRequired":true,"valueName":"search_term_string"}}],"inLanguage":"fr-FR"},{"@type":"Organization","@id":"https:\/\/akuku.com.pl\/fr\/#organization","name":"Akuku.com.pl","url":"https:\/\/akuku.com.pl\/fr\/","logo":{"@type":"ImageObject","inLanguage":"fr-FR","@id":"https:\/\/akuku.com.pl\/fr\/#\/schema\/logo\/image\/","url":"https:\/\/akuku.com.pl\/wp-content\/uploads\/2024\/04\/akuku-logo.svg","contentUrl":"https:\/\/akuku.com.pl\/wp-content\/uploads\/2024\/04\/akuku-logo.svg","width":114,"height":50,"caption":"Akuku.com.pl"},"image":{"@id":"https:\/\/akuku.com.pl\/fr\/#\/schema\/logo\/image\/"},"sameAs":["https:\/\/www.facebook.com\/markaAKUKU"]}]}},"_links":{"self":[{"href":"https:\/\/akuku.com.pl\/fr\/wp-json\/wp\/v2\/product\/8746","targetHints":{"allow":["GET"]}}],"collection":[{"href":"https:\/\/akuku.com.pl\/fr\/wp-json\/wp\/v2\/product"}],"about":[{"href":"https:\/\/akuku.com.pl\/fr\/wp-json\/wp\/v2\/types\/product"}],"wp:featuredmedia":[{"embeddable":true,"href":"https:\/\/akuku.com.pl\/fr\/wp-json\/wp\/v2\/media\/8731"}],"wp:attachment":[{"href":"https:\/\/akuku.com.pl\/fr\/wp-json\/wp\/v2\/media?parent=8746"}],"wp:term":[{"taxonomy":"product_cat","embeddable":true,"href":"https:\/\/akuku.com.pl\/fr\/wp-json\/wp\/v2\/product_cat?post=8746"},{"taxonomy":"product_tag","embeddable":true,"href":"https:\/\/akuku.com.pl\/fr\/wp-json\/wp\/v2\/product_tag?post=8746"}],"curies":[{"name":"wp","href":"https:\/\/api.w.org\/{rel}","templated":true}]}}