{"id":8674,"date":"2024-07-04T22:55:21","date_gmt":"2024-07-04T20:55:21","guid":{"rendered":"https:\/\/wp.akuku.com.pl\/sklep\/non%20class\u00e9\/attache-sucettes-apaisantes-ruban-modele-etoilles-bleues-a0584\/"},"modified":"2024-07-29T21:53:24","modified_gmt":"2024-07-29T19:53:24","slug":"attache-sucettes-apaisantes-ruban-modele-etoilles-bleues-a0584","status":"publish","type":"product","link":"https:\/\/akuku.com.pl\/fr\/catalogue-de-produits\/sucettes-calmates-et-accessoires\/accessories-fr-2\/attache-sucettes-apaisantes-ruban-modele-etoilles-bleues-a0584\/","title":{"rendered":"Attache-sucettes apaisantes, ruban mod\u00e8le, Etoilles Bleues,"},"content":{"rendered":"<div class=\"textWrap\">\n<p>Attache-sucettes apaisantes, ruban mod\u00e8le Etoilles Bleues A0584<\/p>\n<p>Ruban avec attache pour sucettes apaisantes.<br \/>Un ruban pour attacher une sucette de votre enfant est un accessoire int\u00e9ressant et \u00e9l\u00e9gant pour la garder tout pr\u00e8s de votre b\u00e9b\u00e9. <br \/>Ce produit emp\u00eache la t\u00e9tine de se perdre, de tomber au sol et de se salir. <br \/>Il est parfait pour une utilisation quotidienne \u00e0 la maison, en promenade ou en voyage. <br \/>De plus, il est sp\u00e9cialement adapt\u00e9 \u00e0 assumer la s\u00e9curit\u00e9 de l&rsquo;enfant. <br \/>Le ruban est \u00e9quip\u00e9 d\u2019un fermoir en bois pour le clipser d\u2019une fa\u00e7on facile et rapide. <br \/>De plus, gr\u00e2ce \u00e0 ce produit, la sucette est toujours \u00e0 la port\u00e9e de main. <br \/>Il s\u2019adapte \u00e0 tous les mod\u00e8les de sucettes disponibles, sans ab\u00eemer les v\u00eatements. <br \/>Longueur totale du ruban: 24 cm<br \/>Cet produit est universel, il s&rsquo;adapte aux t\u00e9tines avec et sans poign\u00e9e<br \/>Le produit est conforme \u00e0 la norme europ\u00e9enne PN EN 12586<br \/>Attention! Le produit n&rsquo;est pas un jouet. <br \/>Il ne doit \u00eatre utilis\u00e9 que sous la surveillance d&rsquo;un adulte.<\/p>\n<\/div>\n","protected":false},"excerpt":{"rendered":"<p>Attache-sucettes apaisantes, ruban mod\u00e8le Etoilles Bleues A0584 Ruban avec attache pour sucettes apaisantes.Un ruban pour attacher une sucette de votre enfant est un accessoire int\u00e9ressant et \u00e9l\u00e9gant pour la garder tout pr\u00e8s de votre b\u00e9b\u00e9. Ce produit emp\u00eache la t\u00e9tine de se perdre, de tomber au sol et de se salir. Il est parfait pour [&hellip;]<\/p>\n","protected":false},"featured_media":8650,"template":"","meta":[],"product_cat":[3405,3411],"product_tag":[],"class_list":{"0":"post-8674","1":"product","2":"type-product","3":"status-publish","4":"has-post-thumbnail","6":"product_cat-sucettes-calmates-et-accessoires","7":"product_cat-accessories-fr-2","9":"first","10":"instock","11":"shipping-taxable","12":"product-type-simple"},"yoast_head":"<!-- This site is optimized with the Yoast SEO plugin v26.2 - https:\/\/yoast.com\/wordpress\/plugins\/seo\/ -->\n<title>Attache-sucettes apaisantes, ruban mod\u00e8le, Etoilles Bleues, - Akuku<\/title>\n<meta name=\"description\" content=\"Sprawd\u017a nasz produkt: Attache-sucettes apaisantes, ruban mod\u00e8le, Etoilles Bleues,. Produkty Akuku - odpowiednie dla mam i niemowl\u0105t!\" \/>\n<meta name=\"robots\" content=\"index, follow, max-snippet:-1, max-image-preview:large, max-video-preview:-1\" \/>\n<link rel=\"canonical\" href=\"https:\/\/akuku.com.pl\/fr\/catalogue-de-produits\/sucettes-calmates-et-accessoires\/accessories-fr-2\/attache-sucettes-apaisantes-ruban-modele-etoilles-bleues-a0584\/\" \/>\n<meta property=\"og:locale\" content=\"fr_FR\" \/>\n<meta property=\"og:type\" content=\"article\" \/>\n<meta property=\"og:title\" content=\"Attache-sucettes apaisantes, ruban mod\u00e8le, Etoilles Bleues, - Akuku\" \/>\n<meta property=\"og:description\" content=\"Sprawd\u017a nasz produkt: Attache-sucettes apaisantes, ruban mod\u00e8le, Etoilles Bleues,. Produkty Akuku - odpowiednie dla mam i niemowl\u0105t!\" \/>\n<meta property=\"og:url\" content=\"https:\/\/akuku.com.pl\/fr\/catalogue-de-produits\/sucettes-calmates-et-accessoires\/accessories-fr-2\/attache-sucettes-apaisantes-ruban-modele-etoilles-bleues-a0584\/\" \/>\n<meta property=\"og:site_name\" content=\"Akuku\" \/>\n<meta property=\"article:publisher\" content=\"https:\/\/www.facebook.com\/markaAKUKU\" \/>\n<meta property=\"article:modified_time\" content=\"2024-07-29T19:53:24+00:00\" \/>\n<meta property=\"og:image\" content=\"https:\/\/akuku.com.pl\/wp-content\/uploads\/2024\/07\/a0584-55.jpeg\" \/>\n\t<meta property=\"og:image:width\" content=\"720\" \/>\n\t<meta property=\"og:image:height\" content=\"720\" \/>\n\t<meta property=\"og:image:type\" content=\"image\/jpeg\" \/>\n<meta name=\"twitter:card\" content=\"summary_large_image\" \/>\n<meta name=\"twitter:label1\" content=\"Dur\u00e9e de lecture estim\u00e9e\" \/>\n\t<meta name=\"twitter:data1\" content=\"1 minute\" \/>\n<script type=\"application\/ld+json\" class=\"yoast-schema-graph\">{\"@context\":\"https:\/\/schema.org\",\"@graph\":[{\"@type\":\"WebPage\",\"@id\":\"https:\/\/akuku.com.pl\/fr\/catalogue-de-produits\/sucettes-calmates-et-accessoires\/accessories-fr-2\/attache-sucettes-apaisantes-ruban-modele-etoilles-bleues-a0584\/\",\"url\":\"https:\/\/akuku.com.pl\/fr\/catalogue-de-produits\/sucettes-calmates-et-accessoires\/accessories-fr-2\/attache-sucettes-apaisantes-ruban-modele-etoilles-bleues-a0584\/\",\"name\":\"Attache-sucettes apaisantes, ruban mod\u00e8le, Etoilles Bleues, - Akuku\",\"isPartOf\":{\"@id\":\"https:\/\/akuku.com.pl\/fr\/#website\"},\"primaryImageOfPage\":{\"@id\":\"https:\/\/akuku.com.pl\/fr\/catalogue-de-produits\/sucettes-calmates-et-accessoires\/accessories-fr-2\/attache-sucettes-apaisantes-ruban-modele-etoilles-bleues-a0584\/#primaryimage\"},\"image\":{\"@id\":\"https:\/\/akuku.com.pl\/fr\/catalogue-de-produits\/sucettes-calmates-et-accessoires\/accessories-fr-2\/attache-sucettes-apaisantes-ruban-modele-etoilles-bleues-a0584\/#primaryimage\"},\"thumbnailUrl\":\"https:\/\/akuku.com.pl\/wp-content\/uploads\/2024\/07\/a0584-55.jpeg\",\"datePublished\":\"2024-07-04T20:55:21+00:00\",\"dateModified\":\"2024-07-29T19:53:24+00:00\",\"description\":\"Sprawd\u017a nasz produkt: Attache-sucettes apaisantes, ruban mod\u00e8le, Etoilles Bleues,. Produkty Akuku - odpowiednie dla mam i niemowl\u0105t!\",\"breadcrumb\":{\"@id\":\"https:\/\/akuku.com.pl\/fr\/catalogue-de-produits\/sucettes-calmates-et-accessoires\/accessories-fr-2\/attache-sucettes-apaisantes-ruban-modele-etoilles-bleues-a0584\/#breadcrumb\"},\"inLanguage\":\"fr-FR\",\"potentialAction\":[{\"@type\":\"ReadAction\",\"target\":[\"https:\/\/akuku.com.pl\/fr\/catalogue-de-produits\/sucettes-calmates-et-accessoires\/accessories-fr-2\/attache-sucettes-apaisantes-ruban-modele-etoilles-bleues-a0584\/\"]}]},{\"@type\":\"ImageObject\",\"inLanguage\":\"fr-FR\",\"@id\":\"https:\/\/akuku.com.pl\/fr\/catalogue-de-produits\/sucettes-calmates-et-accessoires\/accessories-fr-2\/attache-sucettes-apaisantes-ruban-modele-etoilles-bleues-a0584\/#primaryimage\",\"url\":\"https:\/\/akuku.com.pl\/wp-content\/uploads\/2024\/07\/a0584-55.jpeg\",\"contentUrl\":\"https:\/\/akuku.com.pl\/wp-content\/uploads\/2024\/07\/a0584-55.jpeg\",\"width\":720,\"height\":720},{\"@type\":\"BreadcrumbList\",\"@id\":\"https:\/\/akuku.com.pl\/fr\/catalogue-de-produits\/sucettes-calmates-et-accessoires\/accessories-fr-2\/attache-sucettes-apaisantes-ruban-modele-etoilles-bleues-a0584\/#breadcrumb\",\"itemListElement\":[{\"@type\":\"ListItem\",\"position\":1,\"name\":\"Strona g\u0142\u00f3wna\",\"item\":\"https:\/\/akuku.com.pl\/fr\/\"},{\"@type\":\"ListItem\",\"position\":2,\"name\":\"Boutique\",\"item\":\"https:\/\/akuku.com.pl\/wszystkie-produkty\/\"},{\"@type\":\"ListItem\",\"position\":3,\"name\":\"Attache-sucettes apaisantes, ruban mod\u00e8le, Etoilles Bleues,\"}]},{\"@type\":\"WebSite\",\"@id\":\"https:\/\/akuku.com.pl\/fr\/#website\",\"url\":\"https:\/\/akuku.com.pl\/fr\/\",\"name\":\"Akuku.com.pl\",\"description\":\"\",\"publisher\":{\"@id\":\"https:\/\/akuku.com.pl\/fr\/#organization\"},\"potentialAction\":[{\"@type\":\"SearchAction\",\"target\":{\"@type\":\"EntryPoint\",\"urlTemplate\":\"https:\/\/akuku.com.pl\/fr\/?s={search_term_string}\"},\"query-input\":{\"@type\":\"PropertyValueSpecification\",\"valueRequired\":true,\"valueName\":\"search_term_string\"}}],\"inLanguage\":\"fr-FR\"},{\"@type\":\"Organization\",\"@id\":\"https:\/\/akuku.com.pl\/fr\/#organization\",\"name\":\"Akuku.com.pl\",\"url\":\"https:\/\/akuku.com.pl\/fr\/\",\"logo\":{\"@type\":\"ImageObject\",\"inLanguage\":\"fr-FR\",\"@id\":\"https:\/\/akuku.com.pl\/fr\/#\/schema\/logo\/image\/\",\"url\":\"https:\/\/akuku.com.pl\/wp-content\/uploads\/2024\/04\/akuku-logo.svg\",\"contentUrl\":\"https:\/\/akuku.com.pl\/wp-content\/uploads\/2024\/04\/akuku-logo.svg\",\"width\":114,\"height\":50,\"caption\":\"Akuku.com.pl\"},\"image\":{\"@id\":\"https:\/\/akuku.com.pl\/fr\/#\/schema\/logo\/image\/\"},\"sameAs\":[\"https:\/\/www.facebook.com\/markaAKUKU\"]}]}<\/script>\n<!-- \/ Yoast SEO plugin. -->","yoast_head_json":{"title":"Attache-sucettes apaisantes, ruban mod\u00e8le, Etoilles Bleues, - Akuku","description":"Sprawd\u017a nasz produkt: Attache-sucettes apaisantes, ruban mod\u00e8le, Etoilles Bleues,. Produkty Akuku - odpowiednie dla mam i niemowl\u0105t!","robots":{"index":"index","follow":"follow","max-snippet":"max-snippet:-1","max-image-preview":"max-image-preview:large","max-video-preview":"max-video-preview:-1"},"canonical":"https:\/\/akuku.com.pl\/fr\/catalogue-de-produits\/sucettes-calmates-et-accessoires\/accessories-fr-2\/attache-sucettes-apaisantes-ruban-modele-etoilles-bleues-a0584\/","og_locale":"fr_FR","og_type":"article","og_title":"Attache-sucettes apaisantes, ruban mod\u00e8le, Etoilles Bleues, - Akuku","og_description":"Sprawd\u017a nasz produkt: Attache-sucettes apaisantes, ruban mod\u00e8le, Etoilles Bleues,. Produkty Akuku - odpowiednie dla mam i niemowl\u0105t!","og_url":"https:\/\/akuku.com.pl\/fr\/catalogue-de-produits\/sucettes-calmates-et-accessoires\/accessories-fr-2\/attache-sucettes-apaisantes-ruban-modele-etoilles-bleues-a0584\/","og_site_name":"Akuku","article_publisher":"https:\/\/www.facebook.com\/markaAKUKU","article_modified_time":"2024-07-29T19:53:24+00:00","og_image":[{"width":720,"height":720,"url":"https:\/\/akuku.com.pl\/wp-content\/uploads\/2024\/07\/a0584-55.jpeg","type":"image\/jpeg"}],"twitter_card":"summary_large_image","twitter_misc":{"Dur\u00e9e de lecture estim\u00e9e":"1 minute"},"schema":{"@context":"https:\/\/schema.org","@graph":[{"@type":"WebPage","@id":"https:\/\/akuku.com.pl\/fr\/catalogue-de-produits\/sucettes-calmates-et-accessoires\/accessories-fr-2\/attache-sucettes-apaisantes-ruban-modele-etoilles-bleues-a0584\/","url":"https:\/\/akuku.com.pl\/fr\/catalogue-de-produits\/sucettes-calmates-et-accessoires\/accessories-fr-2\/attache-sucettes-apaisantes-ruban-modele-etoilles-bleues-a0584\/","name":"Attache-sucettes apaisantes, ruban mod\u00e8le, Etoilles Bleues, - Akuku","isPartOf":{"@id":"https:\/\/akuku.com.pl\/fr\/#website"},"primaryImageOfPage":{"@id":"https:\/\/akuku.com.pl\/fr\/catalogue-de-produits\/sucettes-calmates-et-accessoires\/accessories-fr-2\/attache-sucettes-apaisantes-ruban-modele-etoilles-bleues-a0584\/#primaryimage"},"image":{"@id":"https:\/\/akuku.com.pl\/fr\/catalogue-de-produits\/sucettes-calmates-et-accessoires\/accessories-fr-2\/attache-sucettes-apaisantes-ruban-modele-etoilles-bleues-a0584\/#primaryimage"},"thumbnailUrl":"https:\/\/akuku.com.pl\/wp-content\/uploads\/2024\/07\/a0584-55.jpeg","datePublished":"2024-07-04T20:55:21+00:00","dateModified":"2024-07-29T19:53:24+00:00","description":"Sprawd\u017a nasz produkt: Attache-sucettes apaisantes, ruban mod\u00e8le, Etoilles Bleues,. Produkty Akuku - odpowiednie dla mam i niemowl\u0105t!","breadcrumb":{"@id":"https:\/\/akuku.com.pl\/fr\/catalogue-de-produits\/sucettes-calmates-et-accessoires\/accessories-fr-2\/attache-sucettes-apaisantes-ruban-modele-etoilles-bleues-a0584\/#breadcrumb"},"inLanguage":"fr-FR","potentialAction":[{"@type":"ReadAction","target":["https:\/\/akuku.com.pl\/fr\/catalogue-de-produits\/sucettes-calmates-et-accessoires\/accessories-fr-2\/attache-sucettes-apaisantes-ruban-modele-etoilles-bleues-a0584\/"]}]},{"@type":"ImageObject","inLanguage":"fr-FR","@id":"https:\/\/akuku.com.pl\/fr\/catalogue-de-produits\/sucettes-calmates-et-accessoires\/accessories-fr-2\/attache-sucettes-apaisantes-ruban-modele-etoilles-bleues-a0584\/#primaryimage","url":"https:\/\/akuku.com.pl\/wp-content\/uploads\/2024\/07\/a0584-55.jpeg","contentUrl":"https:\/\/akuku.com.pl\/wp-content\/uploads\/2024\/07\/a0584-55.jpeg","width":720,"height":720},{"@type":"BreadcrumbList","@id":"https:\/\/akuku.com.pl\/fr\/catalogue-de-produits\/sucettes-calmates-et-accessoires\/accessories-fr-2\/attache-sucettes-apaisantes-ruban-modele-etoilles-bleues-a0584\/#breadcrumb","itemListElement":[{"@type":"ListItem","position":1,"name":"Strona g\u0142\u00f3wna","item":"https:\/\/akuku.com.pl\/fr\/"},{"@type":"ListItem","position":2,"name":"Boutique","item":"https:\/\/akuku.com.pl\/wszystkie-produkty\/"},{"@type":"ListItem","position":3,"name":"Attache-sucettes apaisantes, ruban mod\u00e8le, Etoilles Bleues,"}]},{"@type":"WebSite","@id":"https:\/\/akuku.com.pl\/fr\/#website","url":"https:\/\/akuku.com.pl\/fr\/","name":"Akuku.com.pl","description":"","publisher":{"@id":"https:\/\/akuku.com.pl\/fr\/#organization"},"potentialAction":[{"@type":"SearchAction","target":{"@type":"EntryPoint","urlTemplate":"https:\/\/akuku.com.pl\/fr\/?s={search_term_string}"},"query-input":{"@type":"PropertyValueSpecification","valueRequired":true,"valueName":"search_term_string"}}],"inLanguage":"fr-FR"},{"@type":"Organization","@id":"https:\/\/akuku.com.pl\/fr\/#organization","name":"Akuku.com.pl","url":"https:\/\/akuku.com.pl\/fr\/","logo":{"@type":"ImageObject","inLanguage":"fr-FR","@id":"https:\/\/akuku.com.pl\/fr\/#\/schema\/logo\/image\/","url":"https:\/\/akuku.com.pl\/wp-content\/uploads\/2024\/04\/akuku-logo.svg","contentUrl":"https:\/\/akuku.com.pl\/wp-content\/uploads\/2024\/04\/akuku-logo.svg","width":114,"height":50,"caption":"Akuku.com.pl"},"image":{"@id":"https:\/\/akuku.com.pl\/fr\/#\/schema\/logo\/image\/"},"sameAs":["https:\/\/www.facebook.com\/markaAKUKU"]}]}},"_links":{"self":[{"href":"https:\/\/akuku.com.pl\/fr\/wp-json\/wp\/v2\/product\/8674","targetHints":{"allow":["GET"]}}],"collection":[{"href":"https:\/\/akuku.com.pl\/fr\/wp-json\/wp\/v2\/product"}],"about":[{"href":"https:\/\/akuku.com.pl\/fr\/wp-json\/wp\/v2\/types\/product"}],"wp:featuredmedia":[{"embeddable":true,"href":"https:\/\/akuku.com.pl\/fr\/wp-json\/wp\/v2\/media\/8650"}],"wp:attachment":[{"href":"https:\/\/akuku.com.pl\/fr\/wp-json\/wp\/v2\/media?parent=8674"}],"wp:term":[{"taxonomy":"product_cat","embeddable":true,"href":"https:\/\/akuku.com.pl\/fr\/wp-json\/wp\/v2\/product_cat?post=8674"},{"taxonomy":"product_tag","embeddable":true,"href":"https:\/\/akuku.com.pl\/fr\/wp-json\/wp\/v2\/product_tag?post=8674"}],"curies":[{"name":"wp","href":"https:\/\/api.w.org\/{rel}","templated":true}]}}