{"id":8515,"date":"2024-07-04T22:53:53","date_gmt":"2024-07-04T20:53:53","guid":{"rendered":"https:\/\/wp.akuku.com.pl\/sklep\/non%20class\u00e9\/sucette-apaisante-12m-etoiles-dorees-a0591\/"},"modified":"2024-07-29T21:53:29","modified_gmt":"2024-07-29T19:53:29","slug":"sucette-apaisante-12m-etoiles-dorees-a0591","status":"publish","type":"product","link":"https:\/\/akuku.com.pl\/fr\/catalogue-de-produits\/sucettes-calmates-et-accessoires\/sucettes-calmantes\/sucette-apaisante-12m-etoiles-dorees-a0591\/","title":{"rendered":"Sucette apaisante 12m+ \u00e9toiles dor\u00e9es"},"content":{"rendered":"<div class=\"textWrap\">\n<p>Sucette apaisante 12m+ \u00e9toiles dor\u00e9es\u00a0<\/p>\n<p style=\"text-align: justify\">Sucette en silicone de la plus haute qualit\u00e9, sans go\u00fbt ni odeur. Equip\u00e9e d&rsquo;un \u00e9lastique sym\u00e9trique. Notre sucette sssure une respiration libre et une d\u00e9glutition de la salive. La sucette s&rsquo;a\u00e8re bien, gr\u00e2ce \u00e0 des ouvertures d&rsquo;a\u00e9ration. Instructions : gardez la t\u00e9tine propre. Avant la premi\u00e8re utilisation, faites bouillir la t\u00e9tine dans de l&rsquo;eau chaude pendant 5 minutes. Ensuite, apr\u00e8s refroidissement, essorez l\u2019eau restante \u00e0 l\u2019int\u00e9rieur de la t\u00e9tine. Pour garder l&rsquo;hygi\u00e8ne, lavez r\u00e9guli\u00e8rement la t\u00e9tine sous l&rsquo;eau courante ti\u00e8de. Au moins une fois par jour et \u00e0 chaque fois lorsque la t\u00e9tine tombe du lit ou de la poussette, lavez-la \u00e0 l&rsquo;eau chaude. Ne pas placer la t\u00e9tine au lave-vaisselle et au micro-ondes, par contre, elle peut \u00eatre d\u00e9sinfect\u00e9 et cuite \u00e0 la vapeur. N&rsquo;utilisez pas de produits de nettoyage antibact\u00e9riens ou abrasifs pour le nettoyage. Leur concentration trop \u00e9lev\u00e9e risque d&rsquo;endommager les \u00e9l\u00e9ments en plastique. Ne laissez pas la t\u00e9tine expos\u00e9e \u00e0 la lumi\u00e8re directe du soleil, \u00e0 proximit\u00e9 de sources de chaleur ou plong\u00e9e dans un produit d\u00e9sinfectant (solution \u00ab d\u00e9sinfectante \u00bb) plus longtemps que recommand\u00e9, car cela pourrait fragiliser la t\u00e9tine. Attention! Ne mettez jamais la t\u00e9tine de votre b\u00e9b\u00e9 dans votre bouche ! Vous pouvez lui transmettre une infection. Ne plongez jamais la t\u00e9tine dans du miel, du sucre ou tout autre liquide sucr\u00e9, car cela pourrait exposer votre b\u00e9b\u00e9 \u00e0 la carie dentaire et \u00e0 d&rsquo;autres maladies bucco-dentaires.<br \/>Conservez les sucettes dans une boite \u00e0 sucettes propre et seche. Remplacez une t\u00e9tine dont l&rsquo;\u00e9lastique est fissur\u00e9 par une nouvelle avant que votre enfant n&rsquo;en morde une partie et ne s&rsquo;\u00e9touffe. V\u00e9rifiez soigneusement le produit avant chaque utilisation. \u00c9tirez la sucette dans toutes les directions. En cas de dommage, jetez-la. Si votre enfant a des dents et constinue \u00e0 utiliser une t\u00e9tine, v\u00e9rifiez r\u00e9guli\u00e8rement si l&rsquo;\u00e9lastique n&rsquo;a pas \u00e9t\u00e9 mordu. Pour assurer le confort et la s\u00e9curit\u00e9 de votre b\u00e9b\u00e9, remplacez sa t\u00e9tine tous les 1 \u00e0 2 mois. S\u2019il arrive que votre enfant mette la sucette enti\u00e8re dans sa bouche, PAS DE PANIQUE. La t\u00e9tine apaisante est con\u00e7ue de telle sorte qu&rsquo;elle ne puisse pas \u00eatre aval\u00e9e par le b\u00e9b\u00e9. D\u00e8s que vous constatez que votre b\u00e9b\u00e9 a mis la t\u00e9tine enti\u00e8re dans sa bouche, retirez-la le plus doucement possible.<br \/>Nous recommandons aux enfants d&rsquo;arr\u00eater d&rsquo;utiliser les t\u00e9tines \u00e0 l&rsquo;\u00e2ge de 3 ans.<br \/>Le produit sans bisph\u00e9nol A (0% BPA), pr\u00e9vu pour les enfants \u00e2g\u00e9s de 0 mois et plus.<br \/>1 pi\u00e8ce dans emballage<\/p>\n<\/div>\n","protected":false},"excerpt":{"rendered":"<p>Sucette apaisante 12m+ \u00e9toiles dor\u00e9es\u00a0 Sucette en silicone de la plus haute qualit\u00e9, sans go\u00fbt ni odeur. Equip\u00e9e d&rsquo;un \u00e9lastique sym\u00e9trique. Notre sucette sssure une respiration libre et une d\u00e9glutition de la salive. La sucette s&rsquo;a\u00e8re bien, gr\u00e2ce \u00e0 des ouvertures d&rsquo;a\u00e9ration. Instructions : gardez la t\u00e9tine propre. Avant la premi\u00e8re utilisation, faites bouillir la [&hellip;]<\/p>\n","protected":false},"featured_media":8500,"template":"","meta":[],"product_cat":[3405,3408],"product_tag":[],"class_list":{"0":"post-8515","1":"product","2":"type-product","3":"status-publish","4":"has-post-thumbnail","6":"product_cat-sucettes-calmates-et-accessoires","7":"product_cat-sucettes-calmantes","9":"first","10":"instock","11":"shipping-taxable","12":"product-type-simple"},"yoast_head":"<!-- This site is optimized with the Yoast SEO plugin v26.2 - https:\/\/yoast.com\/wordpress\/plugins\/seo\/ -->\n<title>Sucette apaisante 12m+ \u00e9toiles dor\u00e9es - Akuku<\/title>\n<meta name=\"description\" content=\"Sprawd\u017a nasz produkt: Sucette apaisante 12m+ \u00e9toiles dor\u00e9es. Produkty Akuku - odpowiednie dla mam i niemowl\u0105t!\" \/>\n<meta name=\"robots\" content=\"index, follow, max-snippet:-1, max-image-preview:large, max-video-preview:-1\" \/>\n<link rel=\"canonical\" href=\"https:\/\/akuku.com.pl\/fr\/catalogue-de-produits\/sucettes-calmates-et-accessoires\/sucettes-calmantes\/sucette-apaisante-12m-etoiles-dorees-a0591\/\" \/>\n<meta property=\"og:locale\" content=\"fr_FR\" \/>\n<meta property=\"og:type\" content=\"article\" \/>\n<meta property=\"og:title\" content=\"Sucette apaisante 12m+ \u00e9toiles dor\u00e9es - Akuku\" \/>\n<meta property=\"og:description\" content=\"Sprawd\u017a nasz produkt: Sucette apaisante 12m+ \u00e9toiles dor\u00e9es. Produkty Akuku - odpowiednie dla mam i niemowl\u0105t!\" \/>\n<meta property=\"og:url\" content=\"https:\/\/akuku.com.pl\/fr\/catalogue-de-produits\/sucettes-calmates-et-accessoires\/sucettes-calmantes\/sucette-apaisante-12m-etoiles-dorees-a0591\/\" \/>\n<meta property=\"og:site_name\" content=\"Akuku\" \/>\n<meta property=\"article:publisher\" content=\"https:\/\/www.facebook.com\/markaAKUKU\" \/>\n<meta property=\"article:modified_time\" content=\"2024-07-29T19:53:29+00:00\" \/>\n<meta property=\"og:image\" content=\"https:\/\/akuku.com.pl\/wp-content\/uploads\/2024\/07\/a0591.jpeg\" \/>\n\t<meta property=\"og:image:width\" content=\"720\" \/>\n\t<meta property=\"og:image:height\" content=\"720\" \/>\n\t<meta property=\"og:image:type\" content=\"image\/jpeg\" \/>\n<meta name=\"twitter:card\" content=\"summary_large_image\" \/>\n<meta name=\"twitter:label1\" content=\"Dur\u00e9e de lecture estim\u00e9e\" \/>\n\t<meta name=\"twitter:data1\" content=\"2 minutes\" \/>\n<script type=\"application\/ld+json\" class=\"yoast-schema-graph\">{\"@context\":\"https:\/\/schema.org\",\"@graph\":[{\"@type\":\"WebPage\",\"@id\":\"https:\/\/akuku.com.pl\/fr\/catalogue-de-produits\/sucettes-calmates-et-accessoires\/sucettes-calmantes\/sucette-apaisante-12m-etoiles-dorees-a0591\/\",\"url\":\"https:\/\/akuku.com.pl\/fr\/catalogue-de-produits\/sucettes-calmates-et-accessoires\/sucettes-calmantes\/sucette-apaisante-12m-etoiles-dorees-a0591\/\",\"name\":\"Sucette apaisante 12m+ \u00e9toiles dor\u00e9es - Akuku\",\"isPartOf\":{\"@id\":\"https:\/\/akuku.com.pl\/fr\/#website\"},\"primaryImageOfPage\":{\"@id\":\"https:\/\/akuku.com.pl\/fr\/catalogue-de-produits\/sucettes-calmates-et-accessoires\/sucettes-calmantes\/sucette-apaisante-12m-etoiles-dorees-a0591\/#primaryimage\"},\"image\":{\"@id\":\"https:\/\/akuku.com.pl\/fr\/catalogue-de-produits\/sucettes-calmates-et-accessoires\/sucettes-calmantes\/sucette-apaisante-12m-etoiles-dorees-a0591\/#primaryimage\"},\"thumbnailUrl\":\"https:\/\/akuku.com.pl\/wp-content\/uploads\/2024\/07\/a0591.jpeg\",\"datePublished\":\"2024-07-04T20:53:53+00:00\",\"dateModified\":\"2024-07-29T19:53:29+00:00\",\"description\":\"Sprawd\u017a nasz produkt: Sucette apaisante 12m+ \u00e9toiles dor\u00e9es. Produkty Akuku - odpowiednie dla mam i niemowl\u0105t!\",\"breadcrumb\":{\"@id\":\"https:\/\/akuku.com.pl\/fr\/catalogue-de-produits\/sucettes-calmates-et-accessoires\/sucettes-calmantes\/sucette-apaisante-12m-etoiles-dorees-a0591\/#breadcrumb\"},\"inLanguage\":\"fr-FR\",\"potentialAction\":[{\"@type\":\"ReadAction\",\"target\":[\"https:\/\/akuku.com.pl\/fr\/catalogue-de-produits\/sucettes-calmates-et-accessoires\/sucettes-calmantes\/sucette-apaisante-12m-etoiles-dorees-a0591\/\"]}]},{\"@type\":\"ImageObject\",\"inLanguage\":\"fr-FR\",\"@id\":\"https:\/\/akuku.com.pl\/fr\/catalogue-de-produits\/sucettes-calmates-et-accessoires\/sucettes-calmantes\/sucette-apaisante-12m-etoiles-dorees-a0591\/#primaryimage\",\"url\":\"https:\/\/akuku.com.pl\/wp-content\/uploads\/2024\/07\/a0591.jpeg\",\"contentUrl\":\"https:\/\/akuku.com.pl\/wp-content\/uploads\/2024\/07\/a0591.jpeg\",\"width\":720,\"height\":720},{\"@type\":\"BreadcrumbList\",\"@id\":\"https:\/\/akuku.com.pl\/fr\/catalogue-de-produits\/sucettes-calmates-et-accessoires\/sucettes-calmantes\/sucette-apaisante-12m-etoiles-dorees-a0591\/#breadcrumb\",\"itemListElement\":[{\"@type\":\"ListItem\",\"position\":1,\"name\":\"Strona g\u0142\u00f3wna\",\"item\":\"https:\/\/akuku.com.pl\/fr\/\"},{\"@type\":\"ListItem\",\"position\":2,\"name\":\"Boutique\",\"item\":\"https:\/\/akuku.com.pl\/wszystkie-produkty\/\"},{\"@type\":\"ListItem\",\"position\":3,\"name\":\"Sucette apaisante 12m+ \u00e9toiles dor\u00e9es\"}]},{\"@type\":\"WebSite\",\"@id\":\"https:\/\/akuku.com.pl\/fr\/#website\",\"url\":\"https:\/\/akuku.com.pl\/fr\/\",\"name\":\"Akuku.com.pl\",\"description\":\"\",\"publisher\":{\"@id\":\"https:\/\/akuku.com.pl\/fr\/#organization\"},\"potentialAction\":[{\"@type\":\"SearchAction\",\"target\":{\"@type\":\"EntryPoint\",\"urlTemplate\":\"https:\/\/akuku.com.pl\/fr\/?s={search_term_string}\"},\"query-input\":{\"@type\":\"PropertyValueSpecification\",\"valueRequired\":true,\"valueName\":\"search_term_string\"}}],\"inLanguage\":\"fr-FR\"},{\"@type\":\"Organization\",\"@id\":\"https:\/\/akuku.com.pl\/fr\/#organization\",\"name\":\"Akuku.com.pl\",\"url\":\"https:\/\/akuku.com.pl\/fr\/\",\"logo\":{\"@type\":\"ImageObject\",\"inLanguage\":\"fr-FR\",\"@id\":\"https:\/\/akuku.com.pl\/fr\/#\/schema\/logo\/image\/\",\"url\":\"https:\/\/akuku.com.pl\/wp-content\/uploads\/2024\/04\/akuku-logo.svg\",\"contentUrl\":\"https:\/\/akuku.com.pl\/wp-content\/uploads\/2024\/04\/akuku-logo.svg\",\"width\":114,\"height\":50,\"caption\":\"Akuku.com.pl\"},\"image\":{\"@id\":\"https:\/\/akuku.com.pl\/fr\/#\/schema\/logo\/image\/\"},\"sameAs\":[\"https:\/\/www.facebook.com\/markaAKUKU\"]}]}<\/script>\n<!-- \/ Yoast SEO plugin. -->","yoast_head_json":{"title":"Sucette apaisante 12m+ \u00e9toiles dor\u00e9es - Akuku","description":"Sprawd\u017a nasz produkt: Sucette apaisante 12m+ \u00e9toiles dor\u00e9es. Produkty Akuku - odpowiednie dla mam i niemowl\u0105t!","robots":{"index":"index","follow":"follow","max-snippet":"max-snippet:-1","max-image-preview":"max-image-preview:large","max-video-preview":"max-video-preview:-1"},"canonical":"https:\/\/akuku.com.pl\/fr\/catalogue-de-produits\/sucettes-calmates-et-accessoires\/sucettes-calmantes\/sucette-apaisante-12m-etoiles-dorees-a0591\/","og_locale":"fr_FR","og_type":"article","og_title":"Sucette apaisante 12m+ \u00e9toiles dor\u00e9es - Akuku","og_description":"Sprawd\u017a nasz produkt: Sucette apaisante 12m+ \u00e9toiles dor\u00e9es. Produkty Akuku - odpowiednie dla mam i niemowl\u0105t!","og_url":"https:\/\/akuku.com.pl\/fr\/catalogue-de-produits\/sucettes-calmates-et-accessoires\/sucettes-calmantes\/sucette-apaisante-12m-etoiles-dorees-a0591\/","og_site_name":"Akuku","article_publisher":"https:\/\/www.facebook.com\/markaAKUKU","article_modified_time":"2024-07-29T19:53:29+00:00","og_image":[{"width":720,"height":720,"url":"https:\/\/akuku.com.pl\/wp-content\/uploads\/2024\/07\/a0591.jpeg","type":"image\/jpeg"}],"twitter_card":"summary_large_image","twitter_misc":{"Dur\u00e9e de lecture estim\u00e9e":"2 minutes"},"schema":{"@context":"https:\/\/schema.org","@graph":[{"@type":"WebPage","@id":"https:\/\/akuku.com.pl\/fr\/catalogue-de-produits\/sucettes-calmates-et-accessoires\/sucettes-calmantes\/sucette-apaisante-12m-etoiles-dorees-a0591\/","url":"https:\/\/akuku.com.pl\/fr\/catalogue-de-produits\/sucettes-calmates-et-accessoires\/sucettes-calmantes\/sucette-apaisante-12m-etoiles-dorees-a0591\/","name":"Sucette apaisante 12m+ \u00e9toiles dor\u00e9es - Akuku","isPartOf":{"@id":"https:\/\/akuku.com.pl\/fr\/#website"},"primaryImageOfPage":{"@id":"https:\/\/akuku.com.pl\/fr\/catalogue-de-produits\/sucettes-calmates-et-accessoires\/sucettes-calmantes\/sucette-apaisante-12m-etoiles-dorees-a0591\/#primaryimage"},"image":{"@id":"https:\/\/akuku.com.pl\/fr\/catalogue-de-produits\/sucettes-calmates-et-accessoires\/sucettes-calmantes\/sucette-apaisante-12m-etoiles-dorees-a0591\/#primaryimage"},"thumbnailUrl":"https:\/\/akuku.com.pl\/wp-content\/uploads\/2024\/07\/a0591.jpeg","datePublished":"2024-07-04T20:53:53+00:00","dateModified":"2024-07-29T19:53:29+00:00","description":"Sprawd\u017a nasz produkt: Sucette apaisante 12m+ \u00e9toiles dor\u00e9es. Produkty Akuku - odpowiednie dla mam i niemowl\u0105t!","breadcrumb":{"@id":"https:\/\/akuku.com.pl\/fr\/catalogue-de-produits\/sucettes-calmates-et-accessoires\/sucettes-calmantes\/sucette-apaisante-12m-etoiles-dorees-a0591\/#breadcrumb"},"inLanguage":"fr-FR","potentialAction":[{"@type":"ReadAction","target":["https:\/\/akuku.com.pl\/fr\/catalogue-de-produits\/sucettes-calmates-et-accessoires\/sucettes-calmantes\/sucette-apaisante-12m-etoiles-dorees-a0591\/"]}]},{"@type":"ImageObject","inLanguage":"fr-FR","@id":"https:\/\/akuku.com.pl\/fr\/catalogue-de-produits\/sucettes-calmates-et-accessoires\/sucettes-calmantes\/sucette-apaisante-12m-etoiles-dorees-a0591\/#primaryimage","url":"https:\/\/akuku.com.pl\/wp-content\/uploads\/2024\/07\/a0591.jpeg","contentUrl":"https:\/\/akuku.com.pl\/wp-content\/uploads\/2024\/07\/a0591.jpeg","width":720,"height":720},{"@type":"BreadcrumbList","@id":"https:\/\/akuku.com.pl\/fr\/catalogue-de-produits\/sucettes-calmates-et-accessoires\/sucettes-calmantes\/sucette-apaisante-12m-etoiles-dorees-a0591\/#breadcrumb","itemListElement":[{"@type":"ListItem","position":1,"name":"Strona g\u0142\u00f3wna","item":"https:\/\/akuku.com.pl\/fr\/"},{"@type":"ListItem","position":2,"name":"Boutique","item":"https:\/\/akuku.com.pl\/wszystkie-produkty\/"},{"@type":"ListItem","position":3,"name":"Sucette apaisante 12m+ \u00e9toiles dor\u00e9es"}]},{"@type":"WebSite","@id":"https:\/\/akuku.com.pl\/fr\/#website","url":"https:\/\/akuku.com.pl\/fr\/","name":"Akuku.com.pl","description":"","publisher":{"@id":"https:\/\/akuku.com.pl\/fr\/#organization"},"potentialAction":[{"@type":"SearchAction","target":{"@type":"EntryPoint","urlTemplate":"https:\/\/akuku.com.pl\/fr\/?s={search_term_string}"},"query-input":{"@type":"PropertyValueSpecification","valueRequired":true,"valueName":"search_term_string"}}],"inLanguage":"fr-FR"},{"@type":"Organization","@id":"https:\/\/akuku.com.pl\/fr\/#organization","name":"Akuku.com.pl","url":"https:\/\/akuku.com.pl\/fr\/","logo":{"@type":"ImageObject","inLanguage":"fr-FR","@id":"https:\/\/akuku.com.pl\/fr\/#\/schema\/logo\/image\/","url":"https:\/\/akuku.com.pl\/wp-content\/uploads\/2024\/04\/akuku-logo.svg","contentUrl":"https:\/\/akuku.com.pl\/wp-content\/uploads\/2024\/04\/akuku-logo.svg","width":114,"height":50,"caption":"Akuku.com.pl"},"image":{"@id":"https:\/\/akuku.com.pl\/fr\/#\/schema\/logo\/image\/"},"sameAs":["https:\/\/www.facebook.com\/markaAKUKU"]}]}},"_links":{"self":[{"href":"https:\/\/akuku.com.pl\/fr\/wp-json\/wp\/v2\/product\/8515","targetHints":{"allow":["GET"]}}],"collection":[{"href":"https:\/\/akuku.com.pl\/fr\/wp-json\/wp\/v2\/product"}],"about":[{"href":"https:\/\/akuku.com.pl\/fr\/wp-json\/wp\/v2\/types\/product"}],"wp:featuredmedia":[{"embeddable":true,"href":"https:\/\/akuku.com.pl\/fr\/wp-json\/wp\/v2\/media\/8500"}],"wp:attachment":[{"href":"https:\/\/akuku.com.pl\/fr\/wp-json\/wp\/v2\/media?parent=8515"}],"wp:term":[{"taxonomy":"product_cat","embeddable":true,"href":"https:\/\/akuku.com.pl\/fr\/wp-json\/wp\/v2\/product_cat?post=8515"},{"taxonomy":"product_tag","embeddable":true,"href":"https:\/\/akuku.com.pl\/fr\/wp-json\/wp\/v2\/product_tag?post=8515"}],"curies":[{"name":"wp","href":"https:\/\/api.w.org\/{rel}","templated":true}]}}