{"id":8355,"date":"2024-07-04T22:52:34","date_gmt":"2024-07-04T20:52:34","guid":{"rendered":"https:\/\/wp.akuku.com.pl\/sklep\/bez-kategorii\/apaszka-serduszka-a1505\/"},"modified":"2025-01-23T13:07:16","modified_gmt":"2025-01-23T12:07:16","slug":"apaszka-serduszka-a1505","status":"publish","type":"product","link":"https:\/\/akuku.com.pl\/fr\/katalog-produktow\/karmienie\/sliniaki\/sliniaki-apaszki\/apaszka-serduszka-a1505\/","title":{"rendered":"Apaszka Serduszka"},"content":{"rendered":"<p>&nbsp;<\/p>\n<p style=\"text-align: justify;\">Apaszka dzieci\u0119ca, dwuwarstwowa, kt\u00f3ra poprzez sw\u00f3j kszta\u0142t i spos\u00f3b wykonania spe\u0142nia 2 funkcje: mo\u017cna j\u0105 traktowa\u0107 zar\u00f3wno jako<strong> \u015bliniak<\/strong> \u2013 os\u0142ania bowiem ubranie dziecka podczas karmienia; a tak\u017ce jako <strong>apaszka<\/strong> dla dziecka, os\u0142aniaj\u0105ca szyj\u0119 i stanowi\u0105ca element ubioru. Posiada <strong>regulowane zapi\u0119cie na napy<\/strong>, co daje mo\u017cliwo\u015b\u0107 skr\u00f3cenia lub wyd\u0142u\u017cenia d\u0142ugo\u015bci, dzi\u0119ki czemu mo\u017ce by\u0107 u\u017cywana zar\u00f3wno przez niemowlaka, jak i przedszkolaka. Produkt jest wykonany z dw\u00f3ch warstw materia\u0142u \u2013 <strong>100% bawe\u0142na<\/strong>, wierzchnia mi\u0119kka warstwa ozdobiona jest kolorowymi dzieci\u0119cymi nadrukami.<\/p>\n<p>Zalety:<\/p>\n<p>&#8211; 2 w 1 (apaszka i \u015bliniak)<\/p>\n<p>&#8211; regulowane zapi\u0119cie na napy<\/p>\n<p>&#8211; atrakcyjny kolorowy wz\u00f3r<\/p>\n<p>&#8211; dwie warstwy chroni\u0105ce ubranie przed zabrudzeniem<\/p>\n<p>Specyfikacja techniczna:<\/p>\n<p>&#8211; 100% bawe\u0142na<\/p>\n<p>&#8211; opakowanie: 1 szt.<\/p>\n<p><img decoding=\"async\" src=\"https:\/\/ect.h2g.pl\/akuku\/images\/Max-temp-prania-40_1.png\" alt=\"\" \/><\/p>\n<p>&nbsp;<\/p>\n<p><strong>Ostrze\u017cenie!<\/strong> Zawsze u\u017cywa\u0107 pod nadzorem doros\u0142ych. Sprawd\u017a jako\u015b\u0107 produktu przed podaniem dziecku. Produkt uszkodzony lub zu\u017cyty wymie\u0144 na nowy. Usu\u0144 wszystkie elementy opakowania zanim podasz dziecku.<\/p>\n<p>KOD EAN: 5907644015054<\/p>\n","protected":false},"excerpt":{"rendered":"<p>&nbsp; Apaszka dzieci\u0119ca, dwuwarstwowa, kt\u00f3ra poprzez sw\u00f3j kszta\u0142t i spos\u00f3b wykonania spe\u0142nia 2 funkcje: mo\u017cna j\u0105 traktowa\u0107 zar\u00f3wno jako \u015bliniak \u2013 os\u0142ania bowiem ubranie dziecka podczas karmienia; a tak\u017ce jako apaszka dla dziecka, os\u0142aniaj\u0105ca szyj\u0119 i stanowi\u0105ca element ubioru. Posiada regulowane zapi\u0119cie na napy, co daje mo\u017cliwo\u015b\u0107 skr\u00f3cenia lub wyd\u0142u\u017cenia d\u0142ugo\u015bci, dzi\u0119ki czemu mo\u017ce by\u0107 [&hellip;]<\/p>\n","protected":false},"featured_media":8337,"template":"","meta":[],"product_cat":[3331,3397],"product_tag":[],"class_list":{"0":"post-8355","1":"product","2":"type-product","3":"status-publish","4":"has-post-thumbnail","6":"product_cat-karmienie","7":"product_cat-sliniaki-apaszki","9":"first","10":"instock","11":"shipping-taxable","12":"product-type-simple"},"yoast_head":"<!-- This site is optimized with the Yoast SEO plugin v26.2 - https:\/\/yoast.com\/wordpress\/plugins\/seo\/ -->\n<title>Apaszka Serduszka - Akuku<\/title>\n<meta name=\"description\" content=\"Sprawd\u017a nasz produkt: Apaszka Serduszka. Produkty Akuku - odpowiednie dla mam i niemowl\u0105t!\" \/>\n<meta name=\"robots\" content=\"index, follow, max-snippet:-1, max-image-preview:large, max-video-preview:-1\" \/>\n<link rel=\"canonical\" href=\"https:\/\/akuku.com.pl\/fr\/katalog-produktow\/karmienie\/sliniaki\/sliniaki-apaszki\/apaszka-serduszka-a1505\/\" \/>\n<meta property=\"og:locale\" content=\"fr_FR\" \/>\n<meta property=\"og:type\" content=\"article\" \/>\n<meta property=\"og:title\" content=\"Apaszka Serduszka - Akuku\" \/>\n<meta property=\"og:description\" content=\"Sprawd\u017a nasz produkt: Apaszka Serduszka. Produkty Akuku - odpowiednie dla mam i niemowl\u0105t!\" \/>\n<meta property=\"og:url\" content=\"https:\/\/akuku.com.pl\/fr\/katalog-produktow\/karmienie\/sliniaki\/sliniaki-apaszki\/apaszka-serduszka-a1505\/\" \/>\n<meta property=\"og:site_name\" content=\"Akuku\" \/>\n<meta property=\"article:publisher\" content=\"https:\/\/www.facebook.com\/markaAKUKU\" \/>\n<meta property=\"article:modified_time\" content=\"2025-01-23T12:07:16+00:00\" \/>\n<meta property=\"og:image\" content=\"https:\/\/akuku.com.pl\/wp-content\/uploads\/2024\/07\/a1505-4.jpeg\" \/>\n\t<meta property=\"og:image:width\" content=\"720\" \/>\n\t<meta property=\"og:image:height\" content=\"720\" \/>\n\t<meta property=\"og:image:type\" content=\"image\/jpeg\" \/>\n<meta name=\"twitter:card\" content=\"summary_large_image\" \/>\n<meta name=\"twitter:label1\" content=\"Dur\u00e9e de lecture estim\u00e9e\" \/>\n\t<meta name=\"twitter:data1\" content=\"2 minutes\" \/>\n<script type=\"application\/ld+json\" class=\"yoast-schema-graph\">{\"@context\":\"https:\/\/schema.org\",\"@graph\":[{\"@type\":\"WebPage\",\"@id\":\"https:\/\/akuku.com.pl\/fr\/katalog-produktow\/karmienie\/sliniaki\/sliniaki-apaszki\/apaszka-serduszka-a1505\/\",\"url\":\"https:\/\/akuku.com.pl\/fr\/katalog-produktow\/karmienie\/sliniaki\/sliniaki-apaszki\/apaszka-serduszka-a1505\/\",\"name\":\"Apaszka Serduszka - Akuku\",\"isPartOf\":{\"@id\":\"https:\/\/akuku.com.pl\/fr\/#website\"},\"primaryImageOfPage\":{\"@id\":\"https:\/\/akuku.com.pl\/fr\/katalog-produktow\/karmienie\/sliniaki\/sliniaki-apaszki\/apaszka-serduszka-a1505\/#primaryimage\"},\"image\":{\"@id\":\"https:\/\/akuku.com.pl\/fr\/katalog-produktow\/karmienie\/sliniaki\/sliniaki-apaszki\/apaszka-serduszka-a1505\/#primaryimage\"},\"thumbnailUrl\":\"https:\/\/akuku.com.pl\/wp-content\/uploads\/2024\/07\/a1505-4.jpeg\",\"datePublished\":\"2024-07-04T20:52:34+00:00\",\"dateModified\":\"2025-01-23T12:07:16+00:00\",\"description\":\"Sprawd\u017a nasz produkt: Apaszka Serduszka. Produkty Akuku - odpowiednie dla mam i niemowl\u0105t!\",\"breadcrumb\":{\"@id\":\"https:\/\/akuku.com.pl\/fr\/katalog-produktow\/karmienie\/sliniaki\/sliniaki-apaszki\/apaszka-serduszka-a1505\/#breadcrumb\"},\"inLanguage\":\"fr-FR\",\"potentialAction\":[{\"@type\":\"ReadAction\",\"target\":[\"https:\/\/akuku.com.pl\/fr\/katalog-produktow\/karmienie\/sliniaki\/sliniaki-apaszki\/apaszka-serduszka-a1505\/\"]}]},{\"@type\":\"ImageObject\",\"inLanguage\":\"fr-FR\",\"@id\":\"https:\/\/akuku.com.pl\/fr\/katalog-produktow\/karmienie\/sliniaki\/sliniaki-apaszki\/apaszka-serduszka-a1505\/#primaryimage\",\"url\":\"https:\/\/akuku.com.pl\/wp-content\/uploads\/2024\/07\/a1505-4.jpeg\",\"contentUrl\":\"https:\/\/akuku.com.pl\/wp-content\/uploads\/2024\/07\/a1505-4.jpeg\",\"width\":720,\"height\":720,\"caption\":\"Apaszka Serduszka A1505\"},{\"@type\":\"BreadcrumbList\",\"@id\":\"https:\/\/akuku.com.pl\/fr\/katalog-produktow\/karmienie\/sliniaki\/sliniaki-apaszki\/apaszka-serduszka-a1505\/#breadcrumb\",\"itemListElement\":[{\"@type\":\"ListItem\",\"position\":1,\"name\":\"Strona g\u0142\u00f3wna\",\"item\":\"https:\/\/akuku.com.pl\/fr\/\"},{\"@type\":\"ListItem\",\"position\":2,\"name\":\"Boutique\",\"item\":\"https:\/\/akuku.com.pl\/wszystkie-produkty\/\"},{\"@type\":\"ListItem\",\"position\":3,\"name\":\"Apaszka Serduszka\"}]},{\"@type\":\"WebSite\",\"@id\":\"https:\/\/akuku.com.pl\/fr\/#website\",\"url\":\"https:\/\/akuku.com.pl\/fr\/\",\"name\":\"Akuku.com.pl\",\"description\":\"\",\"publisher\":{\"@id\":\"https:\/\/akuku.com.pl\/fr\/#organization\"},\"potentialAction\":[{\"@type\":\"SearchAction\",\"target\":{\"@type\":\"EntryPoint\",\"urlTemplate\":\"https:\/\/akuku.com.pl\/fr\/?s={search_term_string}\"},\"query-input\":{\"@type\":\"PropertyValueSpecification\",\"valueRequired\":true,\"valueName\":\"search_term_string\"}}],\"inLanguage\":\"fr-FR\"},{\"@type\":\"Organization\",\"@id\":\"https:\/\/akuku.com.pl\/fr\/#organization\",\"name\":\"Akuku.com.pl\",\"url\":\"https:\/\/akuku.com.pl\/fr\/\",\"logo\":{\"@type\":\"ImageObject\",\"inLanguage\":\"fr-FR\",\"@id\":\"https:\/\/akuku.com.pl\/fr\/#\/schema\/logo\/image\/\",\"url\":\"https:\/\/akuku.com.pl\/wp-content\/uploads\/2024\/04\/akuku-logo.svg\",\"contentUrl\":\"https:\/\/akuku.com.pl\/wp-content\/uploads\/2024\/04\/akuku-logo.svg\",\"width\":114,\"height\":50,\"caption\":\"Akuku.com.pl\"},\"image\":{\"@id\":\"https:\/\/akuku.com.pl\/fr\/#\/schema\/logo\/image\/\"},\"sameAs\":[\"https:\/\/www.facebook.com\/markaAKUKU\"]}]}<\/script>\n<!-- \/ Yoast SEO plugin. -->","yoast_head_json":{"title":"Apaszka Serduszka - Akuku","description":"Sprawd\u017a nasz produkt: Apaszka Serduszka. Produkty Akuku - odpowiednie dla mam i niemowl\u0105t!","robots":{"index":"index","follow":"follow","max-snippet":"max-snippet:-1","max-image-preview":"max-image-preview:large","max-video-preview":"max-video-preview:-1"},"canonical":"https:\/\/akuku.com.pl\/fr\/katalog-produktow\/karmienie\/sliniaki\/sliniaki-apaszki\/apaszka-serduszka-a1505\/","og_locale":"fr_FR","og_type":"article","og_title":"Apaszka Serduszka - Akuku","og_description":"Sprawd\u017a nasz produkt: Apaszka Serduszka. Produkty Akuku - odpowiednie dla mam i niemowl\u0105t!","og_url":"https:\/\/akuku.com.pl\/fr\/katalog-produktow\/karmienie\/sliniaki\/sliniaki-apaszki\/apaszka-serduszka-a1505\/","og_site_name":"Akuku","article_publisher":"https:\/\/www.facebook.com\/markaAKUKU","article_modified_time":"2025-01-23T12:07:16+00:00","og_image":[{"width":720,"height":720,"url":"https:\/\/akuku.com.pl\/wp-content\/uploads\/2024\/07\/a1505-4.jpeg","type":"image\/jpeg"}],"twitter_card":"summary_large_image","twitter_misc":{"Dur\u00e9e de lecture estim\u00e9e":"2 minutes"},"schema":{"@context":"https:\/\/schema.org","@graph":[{"@type":"WebPage","@id":"https:\/\/akuku.com.pl\/fr\/katalog-produktow\/karmienie\/sliniaki\/sliniaki-apaszki\/apaszka-serduszka-a1505\/","url":"https:\/\/akuku.com.pl\/fr\/katalog-produktow\/karmienie\/sliniaki\/sliniaki-apaszki\/apaszka-serduszka-a1505\/","name":"Apaszka Serduszka - Akuku","isPartOf":{"@id":"https:\/\/akuku.com.pl\/fr\/#website"},"primaryImageOfPage":{"@id":"https:\/\/akuku.com.pl\/fr\/katalog-produktow\/karmienie\/sliniaki\/sliniaki-apaszki\/apaszka-serduszka-a1505\/#primaryimage"},"image":{"@id":"https:\/\/akuku.com.pl\/fr\/katalog-produktow\/karmienie\/sliniaki\/sliniaki-apaszki\/apaszka-serduszka-a1505\/#primaryimage"},"thumbnailUrl":"https:\/\/akuku.com.pl\/wp-content\/uploads\/2024\/07\/a1505-4.jpeg","datePublished":"2024-07-04T20:52:34+00:00","dateModified":"2025-01-23T12:07:16+00:00","description":"Sprawd\u017a nasz produkt: Apaszka Serduszka. Produkty Akuku - odpowiednie dla mam i niemowl\u0105t!","breadcrumb":{"@id":"https:\/\/akuku.com.pl\/fr\/katalog-produktow\/karmienie\/sliniaki\/sliniaki-apaszki\/apaszka-serduszka-a1505\/#breadcrumb"},"inLanguage":"fr-FR","potentialAction":[{"@type":"ReadAction","target":["https:\/\/akuku.com.pl\/fr\/katalog-produktow\/karmienie\/sliniaki\/sliniaki-apaszki\/apaszka-serduszka-a1505\/"]}]},{"@type":"ImageObject","inLanguage":"fr-FR","@id":"https:\/\/akuku.com.pl\/fr\/katalog-produktow\/karmienie\/sliniaki\/sliniaki-apaszki\/apaszka-serduszka-a1505\/#primaryimage","url":"https:\/\/akuku.com.pl\/wp-content\/uploads\/2024\/07\/a1505-4.jpeg","contentUrl":"https:\/\/akuku.com.pl\/wp-content\/uploads\/2024\/07\/a1505-4.jpeg","width":720,"height":720,"caption":"Apaszka Serduszka A1505"},{"@type":"BreadcrumbList","@id":"https:\/\/akuku.com.pl\/fr\/katalog-produktow\/karmienie\/sliniaki\/sliniaki-apaszki\/apaszka-serduszka-a1505\/#breadcrumb","itemListElement":[{"@type":"ListItem","position":1,"name":"Strona g\u0142\u00f3wna","item":"https:\/\/akuku.com.pl\/fr\/"},{"@type":"ListItem","position":2,"name":"Boutique","item":"https:\/\/akuku.com.pl\/wszystkie-produkty\/"},{"@type":"ListItem","position":3,"name":"Apaszka Serduszka"}]},{"@type":"WebSite","@id":"https:\/\/akuku.com.pl\/fr\/#website","url":"https:\/\/akuku.com.pl\/fr\/","name":"Akuku.com.pl","description":"","publisher":{"@id":"https:\/\/akuku.com.pl\/fr\/#organization"},"potentialAction":[{"@type":"SearchAction","target":{"@type":"EntryPoint","urlTemplate":"https:\/\/akuku.com.pl\/fr\/?s={search_term_string}"},"query-input":{"@type":"PropertyValueSpecification","valueRequired":true,"valueName":"search_term_string"}}],"inLanguage":"fr-FR"},{"@type":"Organization","@id":"https:\/\/akuku.com.pl\/fr\/#organization","name":"Akuku.com.pl","url":"https:\/\/akuku.com.pl\/fr\/","logo":{"@type":"ImageObject","inLanguage":"fr-FR","@id":"https:\/\/akuku.com.pl\/fr\/#\/schema\/logo\/image\/","url":"https:\/\/akuku.com.pl\/wp-content\/uploads\/2024\/04\/akuku-logo.svg","contentUrl":"https:\/\/akuku.com.pl\/wp-content\/uploads\/2024\/04\/akuku-logo.svg","width":114,"height":50,"caption":"Akuku.com.pl"},"image":{"@id":"https:\/\/akuku.com.pl\/fr\/#\/schema\/logo\/image\/"},"sameAs":["https:\/\/www.facebook.com\/markaAKUKU"]}]}},"_links":{"self":[{"href":"https:\/\/akuku.com.pl\/fr\/wp-json\/wp\/v2\/product\/8355","targetHints":{"allow":["GET"]}}],"collection":[{"href":"https:\/\/akuku.com.pl\/fr\/wp-json\/wp\/v2\/product"}],"about":[{"href":"https:\/\/akuku.com.pl\/fr\/wp-json\/wp\/v2\/types\/product"}],"wp:featuredmedia":[{"embeddable":true,"href":"https:\/\/akuku.com.pl\/fr\/wp-json\/wp\/v2\/media\/8337"}],"wp:attachment":[{"href":"https:\/\/akuku.com.pl\/fr\/wp-json\/wp\/v2\/media?parent=8355"}],"wp:term":[{"taxonomy":"product_cat","embeddable":true,"href":"https:\/\/akuku.com.pl\/fr\/wp-json\/wp\/v2\/product_cat?post=8355"},{"taxonomy":"product_tag","embeddable":true,"href":"https:\/\/akuku.com.pl\/fr\/wp-json\/wp\/v2\/product_tag?post=8355"}],"curies":[{"name":"wp","href":"https:\/\/api.w.org\/{rel}","templated":true}]}}