{"id":8236,"date":"2024-07-04T22:51:36","date_gmt":"2024-07-04T20:51:36","guid":{"rendered":"https:\/\/wp.akuku.com.pl\/sklep\/non%20class\u00e9\/tablier-denfant-a-manches-ballons-a1745-2\/"},"modified":"2024-07-29T21:53:41","modified_gmt":"2024-07-29T19:53:41","slug":"tablier-denfant-a-manches-ballons-a1745-2","status":"publish","type":"product","link":"https:\/\/akuku.com.pl\/fr\/catalogue-de-produits\/nutrition\/bavoirs\/tabliers-pour-enfants\/tablier-denfant-a-manches-ballons-a1745-2\/","title":{"rendered":"Tablier d&rsquo;enfant \u00e0 manches BALLONS"},"content":{"rendered":"<div class=\"textWrap\">\n<p style=\"text-align: justify\">Le tablier \u00e0 lacets et \u00e0 manches est fabriqu\u00e9 en coton 100% de haute qualit\u00e9. <br \/>La partie int\u00e9rieure est doubl\u00e9e d&rsquo;une couche imperm\u00e9able de toile cir\u00e9e douce, qui prot\u00e8ge les v\u00eatements du b\u00e9b\u00e9 de la salet\u00e9 et rend \u00e9galement le tablier imperm\u00e9able. <br \/>Des applications color\u00e9es rendent les repas de votre enfant agr\u00e9able. <br \/>Produit fabriqu\u00e9 en Pologne.<br \/>Composition : 100% coton \/ toile cir\u00e9e PVC assouplie<br \/>Taille : 34 cm (largeur) x 34 cm (longueur \u00e0 partir du cou)<\/p>\n<p style=\"text-align: justify\">\u00a0<\/p>\n<p><img decoding=\"async\" alt=\"\" src=\"https:\/\/ect.h2g.pl\/akuku\/images\/Max-temp-prania-40_1.png\" \/><\/p>\n<\/div>\n","protected":false},"excerpt":{"rendered":"<p>Le tablier \u00e0 lacets et \u00e0 manches est fabriqu\u00e9 en coton 100% de haute qualit\u00e9. La partie int\u00e9rieure est doubl\u00e9e d&rsquo;une couche imperm\u00e9able de toile cir\u00e9e douce, qui prot\u00e8ge les v\u00eatements du b\u00e9b\u00e9 de la salet\u00e9 et rend \u00e9galement le tablier imperm\u00e9able. Des applications color\u00e9es rendent les repas de votre enfant agr\u00e9able. Produit fabriqu\u00e9 en [&hellip;]<\/p>\n","protected":false},"featured_media":8227,"template":"","meta":[],"product_cat":[3333,3396],"product_tag":[],"class_list":{"0":"post-8236","1":"product","2":"type-product","3":"status-publish","4":"has-post-thumbnail","6":"product_cat-nutrition","7":"product_cat-tabliers-pour-enfants","9":"first","10":"instock","11":"shipping-taxable","12":"product-type-simple"},"yoast_head":"<!-- This site is optimized with the Yoast SEO plugin v26.2 - https:\/\/yoast.com\/wordpress\/plugins\/seo\/ -->\n<title>Tablier d&#039;enfant \u00e0 manches BALLONS - Akuku<\/title>\n<meta name=\"description\" content=\"Sprawd\u017a nasz produkt: Tablier d&#039;enfant \u00e0 manches BALLONS. Produkty Akuku - odpowiednie dla mam i niemowl\u0105t!\" \/>\n<meta name=\"robots\" content=\"index, follow, max-snippet:-1, max-image-preview:large, max-video-preview:-1\" \/>\n<link rel=\"canonical\" href=\"https:\/\/akuku.com.pl\/fr\/catalogue-de-produits\/nutrition\/bavoirs\/tabliers-pour-enfants\/tablier-denfant-a-manches-ballons-a1745-2\/\" \/>\n<meta property=\"og:locale\" content=\"fr_FR\" \/>\n<meta property=\"og:type\" content=\"article\" \/>\n<meta property=\"og:title\" content=\"Tablier d&#039;enfant \u00e0 manches BALLONS - Akuku\" \/>\n<meta property=\"og:description\" content=\"Sprawd\u017a nasz produkt: Tablier d&#039;enfant \u00e0 manches BALLONS. Produkty Akuku - odpowiednie dla mam i niemowl\u0105t!\" \/>\n<meta property=\"og:url\" content=\"https:\/\/akuku.com.pl\/fr\/catalogue-de-produits\/nutrition\/bavoirs\/tabliers-pour-enfants\/tablier-denfant-a-manches-ballons-a1745-2\/\" \/>\n<meta property=\"og:site_name\" content=\"Akuku\" \/>\n<meta property=\"article:publisher\" content=\"https:\/\/www.facebook.com\/markaAKUKU\" \/>\n<meta property=\"article:modified_time\" content=\"2024-07-29T19:53:41+00:00\" \/>\n<meta property=\"og:image\" content=\"https:\/\/akuku.com.pl\/wp-content\/uploads\/2024\/07\/a1740-3-1.jpg\" \/>\n\t<meta property=\"og:image:width\" content=\"500\" \/>\n\t<meta property=\"og:image:height\" content=\"500\" \/>\n\t<meta property=\"og:image:type\" content=\"image\/jpeg\" \/>\n<meta name=\"twitter:card\" content=\"summary_large_image\" \/>\n<script type=\"application\/ld+json\" class=\"yoast-schema-graph\">{\"@context\":\"https:\/\/schema.org\",\"@graph\":[{\"@type\":\"WebPage\",\"@id\":\"https:\/\/akuku.com.pl\/fr\/catalogue-de-produits\/nutrition\/bavoirs\/tabliers-pour-enfants\/tablier-denfant-a-manches-ballons-a1745-2\/\",\"url\":\"https:\/\/akuku.com.pl\/fr\/catalogue-de-produits\/nutrition\/bavoirs\/tabliers-pour-enfants\/tablier-denfant-a-manches-ballons-a1745-2\/\",\"name\":\"Tablier d'enfant \u00e0 manches BALLONS - Akuku\",\"isPartOf\":{\"@id\":\"https:\/\/akuku.com.pl\/fr\/#website\"},\"primaryImageOfPage\":{\"@id\":\"https:\/\/akuku.com.pl\/fr\/catalogue-de-produits\/nutrition\/bavoirs\/tabliers-pour-enfants\/tablier-denfant-a-manches-ballons-a1745-2\/#primaryimage\"},\"image\":{\"@id\":\"https:\/\/akuku.com.pl\/fr\/catalogue-de-produits\/nutrition\/bavoirs\/tabliers-pour-enfants\/tablier-denfant-a-manches-ballons-a1745-2\/#primaryimage\"},\"thumbnailUrl\":\"https:\/\/akuku.com.pl\/wp-content\/uploads\/2024\/07\/a1740-3-1.jpg\",\"datePublished\":\"2024-07-04T20:51:36+00:00\",\"dateModified\":\"2024-07-29T19:53:41+00:00\",\"description\":\"Sprawd\u017a nasz produkt: Tablier d'enfant \u00e0 manches BALLONS. Produkty Akuku - odpowiednie dla mam i niemowl\u0105t!\",\"breadcrumb\":{\"@id\":\"https:\/\/akuku.com.pl\/fr\/catalogue-de-produits\/nutrition\/bavoirs\/tabliers-pour-enfants\/tablier-denfant-a-manches-ballons-a1745-2\/#breadcrumb\"},\"inLanguage\":\"fr-FR\",\"potentialAction\":[{\"@type\":\"ReadAction\",\"target\":[\"https:\/\/akuku.com.pl\/fr\/catalogue-de-produits\/nutrition\/bavoirs\/tabliers-pour-enfants\/tablier-denfant-a-manches-ballons-a1745-2\/\"]}]},{\"@type\":\"ImageObject\",\"inLanguage\":\"fr-FR\",\"@id\":\"https:\/\/akuku.com.pl\/fr\/catalogue-de-produits\/nutrition\/bavoirs\/tabliers-pour-enfants\/tablier-denfant-a-manches-ballons-a1745-2\/#primaryimage\",\"url\":\"https:\/\/akuku.com.pl\/wp-content\/uploads\/2024\/07\/a1740-3-1.jpg\",\"contentUrl\":\"https:\/\/akuku.com.pl\/wp-content\/uploads\/2024\/07\/a1740-3-1.jpg\",\"width\":500,\"height\":500},{\"@type\":\"BreadcrumbList\",\"@id\":\"https:\/\/akuku.com.pl\/fr\/catalogue-de-produits\/nutrition\/bavoirs\/tabliers-pour-enfants\/tablier-denfant-a-manches-ballons-a1745-2\/#breadcrumb\",\"itemListElement\":[{\"@type\":\"ListItem\",\"position\":1,\"name\":\"Strona g\u0142\u00f3wna\",\"item\":\"https:\/\/akuku.com.pl\/fr\/\"},{\"@type\":\"ListItem\",\"position\":2,\"name\":\"Boutique\",\"item\":\"https:\/\/akuku.com.pl\/wszystkie-produkty\/\"},{\"@type\":\"ListItem\",\"position\":3,\"name\":\"Tablier d&#8217;enfant \u00e0 manches BALLONS\"}]},{\"@type\":\"WebSite\",\"@id\":\"https:\/\/akuku.com.pl\/fr\/#website\",\"url\":\"https:\/\/akuku.com.pl\/fr\/\",\"name\":\"Akuku.com.pl\",\"description\":\"\",\"publisher\":{\"@id\":\"https:\/\/akuku.com.pl\/fr\/#organization\"},\"potentialAction\":[{\"@type\":\"SearchAction\",\"target\":{\"@type\":\"EntryPoint\",\"urlTemplate\":\"https:\/\/akuku.com.pl\/fr\/?s={search_term_string}\"},\"query-input\":{\"@type\":\"PropertyValueSpecification\",\"valueRequired\":true,\"valueName\":\"search_term_string\"}}],\"inLanguage\":\"fr-FR\"},{\"@type\":\"Organization\",\"@id\":\"https:\/\/akuku.com.pl\/fr\/#organization\",\"name\":\"Akuku.com.pl\",\"url\":\"https:\/\/akuku.com.pl\/fr\/\",\"logo\":{\"@type\":\"ImageObject\",\"inLanguage\":\"fr-FR\",\"@id\":\"https:\/\/akuku.com.pl\/fr\/#\/schema\/logo\/image\/\",\"url\":\"https:\/\/akuku.com.pl\/wp-content\/uploads\/2024\/04\/akuku-logo.svg\",\"contentUrl\":\"https:\/\/akuku.com.pl\/wp-content\/uploads\/2024\/04\/akuku-logo.svg\",\"width\":114,\"height\":50,\"caption\":\"Akuku.com.pl\"},\"image\":{\"@id\":\"https:\/\/akuku.com.pl\/fr\/#\/schema\/logo\/image\/\"},\"sameAs\":[\"https:\/\/www.facebook.com\/markaAKUKU\"]}]}<\/script>\n<!-- \/ Yoast SEO plugin. -->","yoast_head_json":{"title":"Tablier d'enfant \u00e0 manches BALLONS - Akuku","description":"Sprawd\u017a nasz produkt: Tablier d'enfant \u00e0 manches BALLONS. Produkty Akuku - odpowiednie dla mam i niemowl\u0105t!","robots":{"index":"index","follow":"follow","max-snippet":"max-snippet:-1","max-image-preview":"max-image-preview:large","max-video-preview":"max-video-preview:-1"},"canonical":"https:\/\/akuku.com.pl\/fr\/catalogue-de-produits\/nutrition\/bavoirs\/tabliers-pour-enfants\/tablier-denfant-a-manches-ballons-a1745-2\/","og_locale":"fr_FR","og_type":"article","og_title":"Tablier d'enfant \u00e0 manches BALLONS - Akuku","og_description":"Sprawd\u017a nasz produkt: Tablier d'enfant \u00e0 manches BALLONS. Produkty Akuku - odpowiednie dla mam i niemowl\u0105t!","og_url":"https:\/\/akuku.com.pl\/fr\/catalogue-de-produits\/nutrition\/bavoirs\/tabliers-pour-enfants\/tablier-denfant-a-manches-ballons-a1745-2\/","og_site_name":"Akuku","article_publisher":"https:\/\/www.facebook.com\/markaAKUKU","article_modified_time":"2024-07-29T19:53:41+00:00","og_image":[{"width":500,"height":500,"url":"https:\/\/akuku.com.pl\/wp-content\/uploads\/2024\/07\/a1740-3-1.jpg","type":"image\/jpeg"}],"twitter_card":"summary_large_image","schema":{"@context":"https:\/\/schema.org","@graph":[{"@type":"WebPage","@id":"https:\/\/akuku.com.pl\/fr\/catalogue-de-produits\/nutrition\/bavoirs\/tabliers-pour-enfants\/tablier-denfant-a-manches-ballons-a1745-2\/","url":"https:\/\/akuku.com.pl\/fr\/catalogue-de-produits\/nutrition\/bavoirs\/tabliers-pour-enfants\/tablier-denfant-a-manches-ballons-a1745-2\/","name":"Tablier d'enfant \u00e0 manches BALLONS - Akuku","isPartOf":{"@id":"https:\/\/akuku.com.pl\/fr\/#website"},"primaryImageOfPage":{"@id":"https:\/\/akuku.com.pl\/fr\/catalogue-de-produits\/nutrition\/bavoirs\/tabliers-pour-enfants\/tablier-denfant-a-manches-ballons-a1745-2\/#primaryimage"},"image":{"@id":"https:\/\/akuku.com.pl\/fr\/catalogue-de-produits\/nutrition\/bavoirs\/tabliers-pour-enfants\/tablier-denfant-a-manches-ballons-a1745-2\/#primaryimage"},"thumbnailUrl":"https:\/\/akuku.com.pl\/wp-content\/uploads\/2024\/07\/a1740-3-1.jpg","datePublished":"2024-07-04T20:51:36+00:00","dateModified":"2024-07-29T19:53:41+00:00","description":"Sprawd\u017a nasz produkt: Tablier d'enfant \u00e0 manches BALLONS. Produkty Akuku - odpowiednie dla mam i niemowl\u0105t!","breadcrumb":{"@id":"https:\/\/akuku.com.pl\/fr\/catalogue-de-produits\/nutrition\/bavoirs\/tabliers-pour-enfants\/tablier-denfant-a-manches-ballons-a1745-2\/#breadcrumb"},"inLanguage":"fr-FR","potentialAction":[{"@type":"ReadAction","target":["https:\/\/akuku.com.pl\/fr\/catalogue-de-produits\/nutrition\/bavoirs\/tabliers-pour-enfants\/tablier-denfant-a-manches-ballons-a1745-2\/"]}]},{"@type":"ImageObject","inLanguage":"fr-FR","@id":"https:\/\/akuku.com.pl\/fr\/catalogue-de-produits\/nutrition\/bavoirs\/tabliers-pour-enfants\/tablier-denfant-a-manches-ballons-a1745-2\/#primaryimage","url":"https:\/\/akuku.com.pl\/wp-content\/uploads\/2024\/07\/a1740-3-1.jpg","contentUrl":"https:\/\/akuku.com.pl\/wp-content\/uploads\/2024\/07\/a1740-3-1.jpg","width":500,"height":500},{"@type":"BreadcrumbList","@id":"https:\/\/akuku.com.pl\/fr\/catalogue-de-produits\/nutrition\/bavoirs\/tabliers-pour-enfants\/tablier-denfant-a-manches-ballons-a1745-2\/#breadcrumb","itemListElement":[{"@type":"ListItem","position":1,"name":"Strona g\u0142\u00f3wna","item":"https:\/\/akuku.com.pl\/fr\/"},{"@type":"ListItem","position":2,"name":"Boutique","item":"https:\/\/akuku.com.pl\/wszystkie-produkty\/"},{"@type":"ListItem","position":3,"name":"Tablier d&#8217;enfant \u00e0 manches BALLONS"}]},{"@type":"WebSite","@id":"https:\/\/akuku.com.pl\/fr\/#website","url":"https:\/\/akuku.com.pl\/fr\/","name":"Akuku.com.pl","description":"","publisher":{"@id":"https:\/\/akuku.com.pl\/fr\/#organization"},"potentialAction":[{"@type":"SearchAction","target":{"@type":"EntryPoint","urlTemplate":"https:\/\/akuku.com.pl\/fr\/?s={search_term_string}"},"query-input":{"@type":"PropertyValueSpecification","valueRequired":true,"valueName":"search_term_string"}}],"inLanguage":"fr-FR"},{"@type":"Organization","@id":"https:\/\/akuku.com.pl\/fr\/#organization","name":"Akuku.com.pl","url":"https:\/\/akuku.com.pl\/fr\/","logo":{"@type":"ImageObject","inLanguage":"fr-FR","@id":"https:\/\/akuku.com.pl\/fr\/#\/schema\/logo\/image\/","url":"https:\/\/akuku.com.pl\/wp-content\/uploads\/2024\/04\/akuku-logo.svg","contentUrl":"https:\/\/akuku.com.pl\/wp-content\/uploads\/2024\/04\/akuku-logo.svg","width":114,"height":50,"caption":"Akuku.com.pl"},"image":{"@id":"https:\/\/akuku.com.pl\/fr\/#\/schema\/logo\/image\/"},"sameAs":["https:\/\/www.facebook.com\/markaAKUKU"]}]}},"_links":{"self":[{"href":"https:\/\/akuku.com.pl\/fr\/wp-json\/wp\/v2\/product\/8236","targetHints":{"allow":["GET"]}}],"collection":[{"href":"https:\/\/akuku.com.pl\/fr\/wp-json\/wp\/v2\/product"}],"about":[{"href":"https:\/\/akuku.com.pl\/fr\/wp-json\/wp\/v2\/types\/product"}],"wp:featuredmedia":[{"embeddable":true,"href":"https:\/\/akuku.com.pl\/fr\/wp-json\/wp\/v2\/media\/8227"}],"wp:attachment":[{"href":"https:\/\/akuku.com.pl\/fr\/wp-json\/wp\/v2\/media?parent=8236"}],"wp:term":[{"taxonomy":"product_cat","embeddable":true,"href":"https:\/\/akuku.com.pl\/fr\/wp-json\/wp\/v2\/product_cat?post=8236"},{"taxonomy":"product_tag","embeddable":true,"href":"https:\/\/akuku.com.pl\/fr\/wp-json\/wp\/v2\/product_tag?post=8236"}],"curies":[{"name":"wp","href":"https:\/\/api.w.org\/{rel}","templated":true}]}}