{"id":7744,"date":"2024-07-04T22:47:05","date_gmt":"2024-07-04T20:47:05","guid":{"rendered":"https:\/\/wp.akuku.com.pl\/sklep\/non%20class\u00e9\/bavoir-a-manches-blaireau-a0517\/"},"modified":"2024-07-29T21:54:01","modified_gmt":"2024-07-29T19:54:01","slug":"bavoir-a-manches-blaireau-a0517","status":"publish","type":"product","link":"https:\/\/akuku.com.pl\/fr\/catalogue-de-produits\/nutrition\/bavoirs\/bavoirs-en-toile-ciree\/bavoir-a-manches-blaireau-a0517\/","title":{"rendered":"Bavoir \u00e0 manches Blaireau,"},"content":{"rendered":"<div class=\"textWrap\">\n \u00a0<\/p>\n<p style=\"font-weight: 400\">Bavoir \u00e0 manches Blaireau, A0517<\/p>\n<p>Un tablier pour enfants \u00e0 manches prot\u00e9gera efficacement les v\u00eatements de votre enfant de la salet\u00e9 lorsqu\u2019il mange ou joue. <br \/>Fabriqu\u00e9 en EVA l\u00e9ger, doux et lavable facilement. <br \/>Equip\u00e9 d&rsquo;une grande poche pour garder les restes de nourriture et d\u2019une fermeture velcro pratique. <br \/>Facile \u00e0 nettoyer. <br \/>Pour le garder propre il suffit de le laver \u00e0 l&rsquo;eau ti\u00e8de avec du savon pour b\u00e9b\u00e9 juste apr\u00e8s le repas.<br \/>Composition : 100% EVA<br \/>Taille : 33 cm (largeur) x 35 cm (longueur \u00e0 partir du cou).<\/p>\n<\/div>\n","protected":false},"excerpt":{"rendered":"<p>\u00a0 Bavoir \u00e0 manches Blaireau, A0517 Un tablier pour enfants \u00e0 manches prot\u00e9gera efficacement les v\u00eatements de votre enfant de la salet\u00e9 lorsqu\u2019il mange ou joue. Fabriqu\u00e9 en EVA l\u00e9ger, doux et lavable facilement. Equip\u00e9 d&rsquo;une grande poche pour garder les restes de nourriture et d\u2019une fermeture velcro pratique. Facile \u00e0 nettoyer. Pour le garder [&hellip;]<\/p>\n","protected":false},"featured_media":7730,"template":"","meta":[],"product_cat":[3333,3384,3387],"product_tag":[],"class_list":{"0":"post-7744","1":"product","2":"type-product","3":"status-publish","4":"has-post-thumbnail","6":"product_cat-nutrition","7":"product_cat-bavoirs","8":"product_cat-bavoirs-en-toile-ciree","10":"first","11":"instock","12":"shipping-taxable","13":"product-type-simple"},"yoast_head":"<!-- This site is optimized with the Yoast SEO plugin v26.2 - https:\/\/yoast.com\/wordpress\/plugins\/seo\/ -->\n<title>Bavoir \u00e0 manches Blaireau, - Akuku<\/title>\n<meta name=\"description\" content=\"Sprawd\u017a nasz produkt: Bavoir \u00e0 manches Blaireau,. Produkty Akuku - odpowiednie dla mam i niemowl\u0105t!\" \/>\n<meta name=\"robots\" content=\"index, follow, max-snippet:-1, max-image-preview:large, max-video-preview:-1\" \/>\n<link rel=\"canonical\" href=\"https:\/\/akuku.com.pl\/fr\/catalogue-de-produits\/nutrition\/bavoirs\/bavoirs-en-toile-ciree\/bavoir-a-manches-blaireau-a0517\/\" \/>\n<meta property=\"og:locale\" content=\"fr_FR\" \/>\n<meta property=\"og:type\" content=\"article\" \/>\n<meta property=\"og:title\" content=\"Bavoir \u00e0 manches Blaireau, - Akuku\" \/>\n<meta property=\"og:description\" content=\"Sprawd\u017a nasz produkt: Bavoir \u00e0 manches Blaireau,. Produkty Akuku - odpowiednie dla mam i niemowl\u0105t!\" \/>\n<meta property=\"og:url\" content=\"https:\/\/akuku.com.pl\/fr\/catalogue-de-produits\/nutrition\/bavoirs\/bavoirs-en-toile-ciree\/bavoir-a-manches-blaireau-a0517\/\" \/>\n<meta property=\"og:site_name\" content=\"Akuku\" \/>\n<meta property=\"article:publisher\" content=\"https:\/\/www.facebook.com\/markaAKUKU\" \/>\n<meta property=\"article:modified_time\" content=\"2024-07-29T19:54:01+00:00\" \/>\n<meta property=\"og:image\" content=\"https:\/\/akuku.com.pl\/wp-content\/uploads\/2024\/07\/a0517.jpeg\" \/>\n\t<meta property=\"og:image:width\" content=\"720\" \/>\n\t<meta property=\"og:image:height\" content=\"720\" \/>\n\t<meta property=\"og:image:type\" content=\"image\/jpeg\" \/>\n<meta name=\"twitter:card\" content=\"summary_large_image\" \/>\n<script type=\"application\/ld+json\" class=\"yoast-schema-graph\">{\"@context\":\"https:\/\/schema.org\",\"@graph\":[{\"@type\":\"WebPage\",\"@id\":\"https:\/\/akuku.com.pl\/fr\/catalogue-de-produits\/nutrition\/bavoirs\/bavoirs-en-toile-ciree\/bavoir-a-manches-blaireau-a0517\/\",\"url\":\"https:\/\/akuku.com.pl\/fr\/catalogue-de-produits\/nutrition\/bavoirs\/bavoirs-en-toile-ciree\/bavoir-a-manches-blaireau-a0517\/\",\"name\":\"Bavoir \u00e0 manches Blaireau, - Akuku\",\"isPartOf\":{\"@id\":\"https:\/\/akuku.com.pl\/fr\/#website\"},\"primaryImageOfPage\":{\"@id\":\"https:\/\/akuku.com.pl\/fr\/catalogue-de-produits\/nutrition\/bavoirs\/bavoirs-en-toile-ciree\/bavoir-a-manches-blaireau-a0517\/#primaryimage\"},\"image\":{\"@id\":\"https:\/\/akuku.com.pl\/fr\/catalogue-de-produits\/nutrition\/bavoirs\/bavoirs-en-toile-ciree\/bavoir-a-manches-blaireau-a0517\/#primaryimage\"},\"thumbnailUrl\":\"https:\/\/akuku.com.pl\/wp-content\/uploads\/2024\/07\/a0517.jpeg\",\"datePublished\":\"2024-07-04T20:47:05+00:00\",\"dateModified\":\"2024-07-29T19:54:01+00:00\",\"description\":\"Sprawd\u017a nasz produkt: Bavoir \u00e0 manches Blaireau,. Produkty Akuku - odpowiednie dla mam i niemowl\u0105t!\",\"breadcrumb\":{\"@id\":\"https:\/\/akuku.com.pl\/fr\/catalogue-de-produits\/nutrition\/bavoirs\/bavoirs-en-toile-ciree\/bavoir-a-manches-blaireau-a0517\/#breadcrumb\"},\"inLanguage\":\"fr-FR\",\"potentialAction\":[{\"@type\":\"ReadAction\",\"target\":[\"https:\/\/akuku.com.pl\/fr\/catalogue-de-produits\/nutrition\/bavoirs\/bavoirs-en-toile-ciree\/bavoir-a-manches-blaireau-a0517\/\"]}]},{\"@type\":\"ImageObject\",\"inLanguage\":\"fr-FR\",\"@id\":\"https:\/\/akuku.com.pl\/fr\/catalogue-de-produits\/nutrition\/bavoirs\/bavoirs-en-toile-ciree\/bavoir-a-manches-blaireau-a0517\/#primaryimage\",\"url\":\"https:\/\/akuku.com.pl\/wp-content\/uploads\/2024\/07\/a0517.jpeg\",\"contentUrl\":\"https:\/\/akuku.com.pl\/wp-content\/uploads\/2024\/07\/a0517.jpeg\",\"width\":720,\"height\":720},{\"@type\":\"BreadcrumbList\",\"@id\":\"https:\/\/akuku.com.pl\/fr\/catalogue-de-produits\/nutrition\/bavoirs\/bavoirs-en-toile-ciree\/bavoir-a-manches-blaireau-a0517\/#breadcrumb\",\"itemListElement\":[{\"@type\":\"ListItem\",\"position\":1,\"name\":\"Strona g\u0142\u00f3wna\",\"item\":\"https:\/\/akuku.com.pl\/fr\/\"},{\"@type\":\"ListItem\",\"position\":2,\"name\":\"Boutique\",\"item\":\"https:\/\/akuku.com.pl\/wszystkie-produkty\/\"},{\"@type\":\"ListItem\",\"position\":3,\"name\":\"Bavoir \u00e0 manches Blaireau,\"}]},{\"@type\":\"WebSite\",\"@id\":\"https:\/\/akuku.com.pl\/fr\/#website\",\"url\":\"https:\/\/akuku.com.pl\/fr\/\",\"name\":\"Akuku.com.pl\",\"description\":\"\",\"publisher\":{\"@id\":\"https:\/\/akuku.com.pl\/fr\/#organization\"},\"potentialAction\":[{\"@type\":\"SearchAction\",\"target\":{\"@type\":\"EntryPoint\",\"urlTemplate\":\"https:\/\/akuku.com.pl\/fr\/?s={search_term_string}\"},\"query-input\":{\"@type\":\"PropertyValueSpecification\",\"valueRequired\":true,\"valueName\":\"search_term_string\"}}],\"inLanguage\":\"fr-FR\"},{\"@type\":\"Organization\",\"@id\":\"https:\/\/akuku.com.pl\/fr\/#organization\",\"name\":\"Akuku.com.pl\",\"url\":\"https:\/\/akuku.com.pl\/fr\/\",\"logo\":{\"@type\":\"ImageObject\",\"inLanguage\":\"fr-FR\",\"@id\":\"https:\/\/akuku.com.pl\/fr\/#\/schema\/logo\/image\/\",\"url\":\"https:\/\/akuku.com.pl\/wp-content\/uploads\/2024\/04\/akuku-logo.svg\",\"contentUrl\":\"https:\/\/akuku.com.pl\/wp-content\/uploads\/2024\/04\/akuku-logo.svg\",\"width\":114,\"height\":50,\"caption\":\"Akuku.com.pl\"},\"image\":{\"@id\":\"https:\/\/akuku.com.pl\/fr\/#\/schema\/logo\/image\/\"},\"sameAs\":[\"https:\/\/www.facebook.com\/markaAKUKU\"]}]}<\/script>\n<!-- \/ Yoast SEO plugin. -->","yoast_head_json":{"title":"Bavoir \u00e0 manches Blaireau, - Akuku","description":"Sprawd\u017a nasz produkt: Bavoir \u00e0 manches Blaireau,. Produkty Akuku - odpowiednie dla mam i niemowl\u0105t!","robots":{"index":"index","follow":"follow","max-snippet":"max-snippet:-1","max-image-preview":"max-image-preview:large","max-video-preview":"max-video-preview:-1"},"canonical":"https:\/\/akuku.com.pl\/fr\/catalogue-de-produits\/nutrition\/bavoirs\/bavoirs-en-toile-ciree\/bavoir-a-manches-blaireau-a0517\/","og_locale":"fr_FR","og_type":"article","og_title":"Bavoir \u00e0 manches Blaireau, - Akuku","og_description":"Sprawd\u017a nasz produkt: Bavoir \u00e0 manches Blaireau,. Produkty Akuku - odpowiednie dla mam i niemowl\u0105t!","og_url":"https:\/\/akuku.com.pl\/fr\/catalogue-de-produits\/nutrition\/bavoirs\/bavoirs-en-toile-ciree\/bavoir-a-manches-blaireau-a0517\/","og_site_name":"Akuku","article_publisher":"https:\/\/www.facebook.com\/markaAKUKU","article_modified_time":"2024-07-29T19:54:01+00:00","og_image":[{"width":720,"height":720,"url":"https:\/\/akuku.com.pl\/wp-content\/uploads\/2024\/07\/a0517.jpeg","type":"image\/jpeg"}],"twitter_card":"summary_large_image","schema":{"@context":"https:\/\/schema.org","@graph":[{"@type":"WebPage","@id":"https:\/\/akuku.com.pl\/fr\/catalogue-de-produits\/nutrition\/bavoirs\/bavoirs-en-toile-ciree\/bavoir-a-manches-blaireau-a0517\/","url":"https:\/\/akuku.com.pl\/fr\/catalogue-de-produits\/nutrition\/bavoirs\/bavoirs-en-toile-ciree\/bavoir-a-manches-blaireau-a0517\/","name":"Bavoir \u00e0 manches Blaireau, - Akuku","isPartOf":{"@id":"https:\/\/akuku.com.pl\/fr\/#website"},"primaryImageOfPage":{"@id":"https:\/\/akuku.com.pl\/fr\/catalogue-de-produits\/nutrition\/bavoirs\/bavoirs-en-toile-ciree\/bavoir-a-manches-blaireau-a0517\/#primaryimage"},"image":{"@id":"https:\/\/akuku.com.pl\/fr\/catalogue-de-produits\/nutrition\/bavoirs\/bavoirs-en-toile-ciree\/bavoir-a-manches-blaireau-a0517\/#primaryimage"},"thumbnailUrl":"https:\/\/akuku.com.pl\/wp-content\/uploads\/2024\/07\/a0517.jpeg","datePublished":"2024-07-04T20:47:05+00:00","dateModified":"2024-07-29T19:54:01+00:00","description":"Sprawd\u017a nasz produkt: Bavoir \u00e0 manches Blaireau,. Produkty Akuku - odpowiednie dla mam i niemowl\u0105t!","breadcrumb":{"@id":"https:\/\/akuku.com.pl\/fr\/catalogue-de-produits\/nutrition\/bavoirs\/bavoirs-en-toile-ciree\/bavoir-a-manches-blaireau-a0517\/#breadcrumb"},"inLanguage":"fr-FR","potentialAction":[{"@type":"ReadAction","target":["https:\/\/akuku.com.pl\/fr\/catalogue-de-produits\/nutrition\/bavoirs\/bavoirs-en-toile-ciree\/bavoir-a-manches-blaireau-a0517\/"]}]},{"@type":"ImageObject","inLanguage":"fr-FR","@id":"https:\/\/akuku.com.pl\/fr\/catalogue-de-produits\/nutrition\/bavoirs\/bavoirs-en-toile-ciree\/bavoir-a-manches-blaireau-a0517\/#primaryimage","url":"https:\/\/akuku.com.pl\/wp-content\/uploads\/2024\/07\/a0517.jpeg","contentUrl":"https:\/\/akuku.com.pl\/wp-content\/uploads\/2024\/07\/a0517.jpeg","width":720,"height":720},{"@type":"BreadcrumbList","@id":"https:\/\/akuku.com.pl\/fr\/catalogue-de-produits\/nutrition\/bavoirs\/bavoirs-en-toile-ciree\/bavoir-a-manches-blaireau-a0517\/#breadcrumb","itemListElement":[{"@type":"ListItem","position":1,"name":"Strona g\u0142\u00f3wna","item":"https:\/\/akuku.com.pl\/fr\/"},{"@type":"ListItem","position":2,"name":"Boutique","item":"https:\/\/akuku.com.pl\/wszystkie-produkty\/"},{"@type":"ListItem","position":3,"name":"Bavoir \u00e0 manches Blaireau,"}]},{"@type":"WebSite","@id":"https:\/\/akuku.com.pl\/fr\/#website","url":"https:\/\/akuku.com.pl\/fr\/","name":"Akuku.com.pl","description":"","publisher":{"@id":"https:\/\/akuku.com.pl\/fr\/#organization"},"potentialAction":[{"@type":"SearchAction","target":{"@type":"EntryPoint","urlTemplate":"https:\/\/akuku.com.pl\/fr\/?s={search_term_string}"},"query-input":{"@type":"PropertyValueSpecification","valueRequired":true,"valueName":"search_term_string"}}],"inLanguage":"fr-FR"},{"@type":"Organization","@id":"https:\/\/akuku.com.pl\/fr\/#organization","name":"Akuku.com.pl","url":"https:\/\/akuku.com.pl\/fr\/","logo":{"@type":"ImageObject","inLanguage":"fr-FR","@id":"https:\/\/akuku.com.pl\/fr\/#\/schema\/logo\/image\/","url":"https:\/\/akuku.com.pl\/wp-content\/uploads\/2024\/04\/akuku-logo.svg","contentUrl":"https:\/\/akuku.com.pl\/wp-content\/uploads\/2024\/04\/akuku-logo.svg","width":114,"height":50,"caption":"Akuku.com.pl"},"image":{"@id":"https:\/\/akuku.com.pl\/fr\/#\/schema\/logo\/image\/"},"sameAs":["https:\/\/www.facebook.com\/markaAKUKU"]}]}},"_links":{"self":[{"href":"https:\/\/akuku.com.pl\/fr\/wp-json\/wp\/v2\/product\/7744","targetHints":{"allow":["GET"]}}],"collection":[{"href":"https:\/\/akuku.com.pl\/fr\/wp-json\/wp\/v2\/product"}],"about":[{"href":"https:\/\/akuku.com.pl\/fr\/wp-json\/wp\/v2\/types\/product"}],"wp:featuredmedia":[{"embeddable":true,"href":"https:\/\/akuku.com.pl\/fr\/wp-json\/wp\/v2\/media\/7730"}],"wp:attachment":[{"href":"https:\/\/akuku.com.pl\/fr\/wp-json\/wp\/v2\/media?parent=7744"}],"wp:term":[{"taxonomy":"product_cat","embeddable":true,"href":"https:\/\/akuku.com.pl\/fr\/wp-json\/wp\/v2\/product_cat?post=7744"},{"taxonomy":"product_tag","embeddable":true,"href":"https:\/\/akuku.com.pl\/fr\/wp-json\/wp\/v2\/product_tag?post=7744"}],"curies":[{"name":"wp","href":"https:\/\/api.w.org\/{rel}","templated":true}]}}