{"id":7727,"date":"2024-07-04T22:46:44","date_gmt":"2024-07-04T20:46:44","guid":{"rendered":"https:\/\/wp.akuku.com.pl\/sklep\/non%20class\u00e9\/sachets-alimentaires-reutilisables-a0056\/"},"modified":"2024-07-29T21:54:02","modified_gmt":"2024-07-29T19:54:02","slug":"sachets-alimentaires-reutilisables-a0056","status":"publish","type":"product","link":"https:\/\/akuku.com.pl\/fr\/catalogue-de-produits\/nutrition\/nourriture-et-boissons\/sachets-alimentaires-reutilisables\/sachets-alimentaires-reutilisables-a0056\/","title":{"rendered":"Sachets alimentaires r\u00e9utilisables"},"content":{"rendered":"<div class=\"textWrap\">\n<p>Les sachets de marque Akuku sont une excellente solution pour les mamans qui pr\u00e9parent elles-m\u00eames des mousses, yaourts ou soupes. <br \/>Vous avez la possibilit\u00e9 d\u2019utiliser ces sachets \u00e0 la maison ou en promenade ou voyage. <br \/>Gr\u00e2ce \u00e0 nos produits r\u00e9utilisables, vous donnez \u00e0 votre enfant les meilleurs produits pr\u00e9par\u00e9s par vous-m\u00eame tout en lui assurrant une alimentation nutritive. <br \/>Nos sachets sont \u00e9quip\u00e9s d\u2019une double fermeture, qui emp\u00eache le contenu d\u2019\u00eatre perdu. Tr\u00e8s faciles \u00e0 remplir, \u00e0 laver et \u00e0 ranger.<\/p>\n<p>Informations compl\u00e9mentaires:<br \/>&#8211; passe au lave-vaisselle sur l&rsquo;\u00e9tag\u00e8re sup\u00e9rieure,<br \/>&#8211; peut \u00eatre conserv\u00e9 au r\u00e9frig\u00e9rateur,<br \/>&#8211; peut \u00eatre chauff\u00e9 dans l&rsquo;eau chaude \u00e0 42\u00b0C<br \/>&#8211; produit sans BPA, PVC et phtalates.<br \/>Avantages de l&rsquo;utilisation de sachets:<br \/>&#8211; alimentation nutritive,<br \/>&#8211; confort,<br \/>&#8211; ordre,<br \/>&#8211; \u00e9conomie,<br \/>&#8211; \u00e9cologie.<br \/>Avertissement!!!<br \/>&#8211; ne pas utiliser dans un four \u00e0 micro-ondes,<br \/>&#8211; ne pas faire cuir,<br \/>&#8211; ne pas verser l&rsquo;eau bouillante dessus,<br \/>&#8211; ne pas st\u00e9riliser.<br \/>Pour des raisons de s\u00e9curit\u00e9, ne laissez jamais votre enfant jouer avec le sachet et le bouchon.<br \/>Le produit N&rsquo;EST PAS UN JOUET !!! <br \/>Lors de son utilisation, conserver le bouchon hors de port\u00e9e des enfants.<br \/>Capacit\u00e9 150 ml<br \/>Lot comprend : 5 sacs<\/p>\n<p>\u00a0<\/p>\n<p>\u00a0<\/p>\n<p><img decoding=\"async\" alt=\"\" src=\"https:\/\/ect.h2g.pl\/akuku\/images\/6m.png\" \/>\u00a0\u00a0<img decoding=\"async\" alt=\"\" src=\"https:\/\/ect.h2g.pl\/akuku\/images\/004.png\" \/>\u00a0\u00a0<img decoding=\"async\" alt=\"\" src=\"https:\/\/ect.h2g.pl\/akuku\/images\/002.png\" \/>\u00a0\u00a0<img decoding=\"async\" alt=\"\" src=\"https:\/\/akuku.com.pl\/wp-content\/uploads\/2024\/09\/BPA-Free-logo-png_1.png\" \/><\/p>\n<\/div>\n","protected":false},"excerpt":{"rendered":"<p>Les sachets de marque Akuku sont une excellente solution pour les mamans qui pr\u00e9parent elles-m\u00eames des mousses, yaourts ou soupes. Vous avez la possibilit\u00e9 d\u2019utiliser ces sachets \u00e0 la maison ou en promenade ou voyage. Gr\u00e2ce \u00e0 nos produits r\u00e9utilisables, vous donnez \u00e0 votre enfant les meilleurs produits pr\u00e9par\u00e9s par vous-m\u00eame tout en lui assurrant [&hellip;]<\/p>\n","protected":false},"featured_media":7703,"template":"","meta":[],"product_cat":[3333,3381],"product_tag":[],"class_list":{"0":"post-7727","1":"product","2":"type-product","3":"status-publish","4":"has-post-thumbnail","6":"product_cat-nutrition","7":"product_cat-sachets-alimentaires-reutilisables","9":"first","10":"instock","11":"shipping-taxable","12":"product-type-simple"},"yoast_head":"<!-- This site is optimized with the Yoast SEO plugin v26.2 - https:\/\/yoast.com\/wordpress\/plugins\/seo\/ -->\n<title>Sachets alimentaires r\u00e9utilisables - Akuku<\/title>\n<meta name=\"description\" content=\"Sprawd\u017a nasz produkt: Sachets alimentaires r\u00e9utilisables. Produkty Akuku - odpowiednie dla mam i niemowl\u0105t!\" \/>\n<meta name=\"robots\" content=\"index, follow, max-snippet:-1, max-image-preview:large, max-video-preview:-1\" \/>\n<link rel=\"canonical\" href=\"https:\/\/akuku.com.pl\/fr\/catalogue-de-produits\/nutrition\/nourriture-et-boissons\/sachets-alimentaires-reutilisables\/sachets-alimentaires-reutilisables-a0056\/\" \/>\n<meta property=\"og:locale\" content=\"fr_FR\" \/>\n<meta property=\"og:type\" content=\"article\" \/>\n<meta property=\"og:title\" content=\"Sachets alimentaires r\u00e9utilisables - Akuku\" \/>\n<meta property=\"og:description\" content=\"Sprawd\u017a nasz produkt: Sachets alimentaires r\u00e9utilisables. Produkty Akuku - odpowiednie dla mam i niemowl\u0105t!\" \/>\n<meta property=\"og:url\" content=\"https:\/\/akuku.com.pl\/fr\/catalogue-de-produits\/nutrition\/nourriture-et-boissons\/sachets-alimentaires-reutilisables\/sachets-alimentaires-reutilisables-a0056\/\" \/>\n<meta property=\"og:site_name\" content=\"Akuku\" \/>\n<meta property=\"article:publisher\" content=\"https:\/\/www.facebook.com\/markaAKUKU\" \/>\n<meta property=\"article:modified_time\" content=\"2024-07-29T19:54:02+00:00\" \/>\n<meta property=\"og:image\" content=\"https:\/\/akuku.com.pl\/wp-content\/uploads\/2024\/07\/a0056-5.jpg\" \/>\n\t<meta property=\"og:image:width\" content=\"500\" \/>\n\t<meta property=\"og:image:height\" content=\"500\" \/>\n\t<meta property=\"og:image:type\" content=\"image\/jpeg\" \/>\n<meta name=\"twitter:card\" content=\"summary_large_image\" \/>\n<meta name=\"twitter:label1\" content=\"Dur\u00e9e de lecture estim\u00e9e\" \/>\n\t<meta name=\"twitter:data1\" content=\"1 minute\" \/>\n<script type=\"application\/ld+json\" class=\"yoast-schema-graph\">{\"@context\":\"https:\/\/schema.org\",\"@graph\":[{\"@type\":\"WebPage\",\"@id\":\"https:\/\/akuku.com.pl\/fr\/catalogue-de-produits\/nutrition\/nourriture-et-boissons\/sachets-alimentaires-reutilisables\/sachets-alimentaires-reutilisables-a0056\/\",\"url\":\"https:\/\/akuku.com.pl\/fr\/catalogue-de-produits\/nutrition\/nourriture-et-boissons\/sachets-alimentaires-reutilisables\/sachets-alimentaires-reutilisables-a0056\/\",\"name\":\"Sachets alimentaires r\u00e9utilisables - Akuku\",\"isPartOf\":{\"@id\":\"https:\/\/akuku.com.pl\/fr\/#website\"},\"primaryImageOfPage\":{\"@id\":\"https:\/\/akuku.com.pl\/fr\/catalogue-de-produits\/nutrition\/nourriture-et-boissons\/sachets-alimentaires-reutilisables\/sachets-alimentaires-reutilisables-a0056\/#primaryimage\"},\"image\":{\"@id\":\"https:\/\/akuku.com.pl\/fr\/catalogue-de-produits\/nutrition\/nourriture-et-boissons\/sachets-alimentaires-reutilisables\/sachets-alimentaires-reutilisables-a0056\/#primaryimage\"},\"thumbnailUrl\":\"https:\/\/akuku.com.pl\/wp-content\/uploads\/2024\/07\/a0056-5.jpg\",\"datePublished\":\"2024-07-04T20:46:44+00:00\",\"dateModified\":\"2024-07-29T19:54:02+00:00\",\"description\":\"Sprawd\u017a nasz produkt: Sachets alimentaires r\u00e9utilisables. Produkty Akuku - odpowiednie dla mam i niemowl\u0105t!\",\"breadcrumb\":{\"@id\":\"https:\/\/akuku.com.pl\/fr\/catalogue-de-produits\/nutrition\/nourriture-et-boissons\/sachets-alimentaires-reutilisables\/sachets-alimentaires-reutilisables-a0056\/#breadcrumb\"},\"inLanguage\":\"fr-FR\",\"potentialAction\":[{\"@type\":\"ReadAction\",\"target\":[\"https:\/\/akuku.com.pl\/fr\/catalogue-de-produits\/nutrition\/nourriture-et-boissons\/sachets-alimentaires-reutilisables\/sachets-alimentaires-reutilisables-a0056\/\"]}]},{\"@type\":\"ImageObject\",\"inLanguage\":\"fr-FR\",\"@id\":\"https:\/\/akuku.com.pl\/fr\/catalogue-de-produits\/nutrition\/nourriture-et-boissons\/sachets-alimentaires-reutilisables\/sachets-alimentaires-reutilisables-a0056\/#primaryimage\",\"url\":\"https:\/\/akuku.com.pl\/wp-content\/uploads\/2024\/07\/a0056-5.jpg\",\"contentUrl\":\"https:\/\/akuku.com.pl\/wp-content\/uploads\/2024\/07\/a0056-5.jpg\",\"width\":500,\"height\":500},{\"@type\":\"BreadcrumbList\",\"@id\":\"https:\/\/akuku.com.pl\/fr\/catalogue-de-produits\/nutrition\/nourriture-et-boissons\/sachets-alimentaires-reutilisables\/sachets-alimentaires-reutilisables-a0056\/#breadcrumb\",\"itemListElement\":[{\"@type\":\"ListItem\",\"position\":1,\"name\":\"Strona g\u0142\u00f3wna\",\"item\":\"https:\/\/akuku.com.pl\/fr\/\"},{\"@type\":\"ListItem\",\"position\":2,\"name\":\"Boutique\",\"item\":\"https:\/\/akuku.com.pl\/wszystkie-produkty\/\"},{\"@type\":\"ListItem\",\"position\":3,\"name\":\"Sachets alimentaires r\u00e9utilisables\"}]},{\"@type\":\"WebSite\",\"@id\":\"https:\/\/akuku.com.pl\/fr\/#website\",\"url\":\"https:\/\/akuku.com.pl\/fr\/\",\"name\":\"Akuku.com.pl\",\"description\":\"\",\"publisher\":{\"@id\":\"https:\/\/akuku.com.pl\/fr\/#organization\"},\"potentialAction\":[{\"@type\":\"SearchAction\",\"target\":{\"@type\":\"EntryPoint\",\"urlTemplate\":\"https:\/\/akuku.com.pl\/fr\/?s={search_term_string}\"},\"query-input\":{\"@type\":\"PropertyValueSpecification\",\"valueRequired\":true,\"valueName\":\"search_term_string\"}}],\"inLanguage\":\"fr-FR\"},{\"@type\":\"Organization\",\"@id\":\"https:\/\/akuku.com.pl\/fr\/#organization\",\"name\":\"Akuku.com.pl\",\"url\":\"https:\/\/akuku.com.pl\/fr\/\",\"logo\":{\"@type\":\"ImageObject\",\"inLanguage\":\"fr-FR\",\"@id\":\"https:\/\/akuku.com.pl\/fr\/#\/schema\/logo\/image\/\",\"url\":\"https:\/\/akuku.com.pl\/wp-content\/uploads\/2024\/04\/akuku-logo.svg\",\"contentUrl\":\"https:\/\/akuku.com.pl\/wp-content\/uploads\/2024\/04\/akuku-logo.svg\",\"width\":114,\"height\":50,\"caption\":\"Akuku.com.pl\"},\"image\":{\"@id\":\"https:\/\/akuku.com.pl\/fr\/#\/schema\/logo\/image\/\"},\"sameAs\":[\"https:\/\/www.facebook.com\/markaAKUKU\"]}]}<\/script>\n<!-- \/ Yoast SEO plugin. -->","yoast_head_json":{"title":"Sachets alimentaires r\u00e9utilisables - Akuku","description":"Sprawd\u017a nasz produkt: Sachets alimentaires r\u00e9utilisables. Produkty Akuku - odpowiednie dla mam i niemowl\u0105t!","robots":{"index":"index","follow":"follow","max-snippet":"max-snippet:-1","max-image-preview":"max-image-preview:large","max-video-preview":"max-video-preview:-1"},"canonical":"https:\/\/akuku.com.pl\/fr\/catalogue-de-produits\/nutrition\/nourriture-et-boissons\/sachets-alimentaires-reutilisables\/sachets-alimentaires-reutilisables-a0056\/","og_locale":"fr_FR","og_type":"article","og_title":"Sachets alimentaires r\u00e9utilisables - Akuku","og_description":"Sprawd\u017a nasz produkt: Sachets alimentaires r\u00e9utilisables. Produkty Akuku - odpowiednie dla mam i niemowl\u0105t!","og_url":"https:\/\/akuku.com.pl\/fr\/catalogue-de-produits\/nutrition\/nourriture-et-boissons\/sachets-alimentaires-reutilisables\/sachets-alimentaires-reutilisables-a0056\/","og_site_name":"Akuku","article_publisher":"https:\/\/www.facebook.com\/markaAKUKU","article_modified_time":"2024-07-29T19:54:02+00:00","og_image":[{"width":500,"height":500,"url":"https:\/\/akuku.com.pl\/wp-content\/uploads\/2024\/07\/a0056-5.jpg","type":"image\/jpeg"}],"twitter_card":"summary_large_image","twitter_misc":{"Dur\u00e9e de lecture estim\u00e9e":"1 minute"},"schema":{"@context":"https:\/\/schema.org","@graph":[{"@type":"WebPage","@id":"https:\/\/akuku.com.pl\/fr\/catalogue-de-produits\/nutrition\/nourriture-et-boissons\/sachets-alimentaires-reutilisables\/sachets-alimentaires-reutilisables-a0056\/","url":"https:\/\/akuku.com.pl\/fr\/catalogue-de-produits\/nutrition\/nourriture-et-boissons\/sachets-alimentaires-reutilisables\/sachets-alimentaires-reutilisables-a0056\/","name":"Sachets alimentaires r\u00e9utilisables - Akuku","isPartOf":{"@id":"https:\/\/akuku.com.pl\/fr\/#website"},"primaryImageOfPage":{"@id":"https:\/\/akuku.com.pl\/fr\/catalogue-de-produits\/nutrition\/nourriture-et-boissons\/sachets-alimentaires-reutilisables\/sachets-alimentaires-reutilisables-a0056\/#primaryimage"},"image":{"@id":"https:\/\/akuku.com.pl\/fr\/catalogue-de-produits\/nutrition\/nourriture-et-boissons\/sachets-alimentaires-reutilisables\/sachets-alimentaires-reutilisables-a0056\/#primaryimage"},"thumbnailUrl":"https:\/\/akuku.com.pl\/wp-content\/uploads\/2024\/07\/a0056-5.jpg","datePublished":"2024-07-04T20:46:44+00:00","dateModified":"2024-07-29T19:54:02+00:00","description":"Sprawd\u017a nasz produkt: Sachets alimentaires r\u00e9utilisables. Produkty Akuku - odpowiednie dla mam i niemowl\u0105t!","breadcrumb":{"@id":"https:\/\/akuku.com.pl\/fr\/catalogue-de-produits\/nutrition\/nourriture-et-boissons\/sachets-alimentaires-reutilisables\/sachets-alimentaires-reutilisables-a0056\/#breadcrumb"},"inLanguage":"fr-FR","potentialAction":[{"@type":"ReadAction","target":["https:\/\/akuku.com.pl\/fr\/catalogue-de-produits\/nutrition\/nourriture-et-boissons\/sachets-alimentaires-reutilisables\/sachets-alimentaires-reutilisables-a0056\/"]}]},{"@type":"ImageObject","inLanguage":"fr-FR","@id":"https:\/\/akuku.com.pl\/fr\/catalogue-de-produits\/nutrition\/nourriture-et-boissons\/sachets-alimentaires-reutilisables\/sachets-alimentaires-reutilisables-a0056\/#primaryimage","url":"https:\/\/akuku.com.pl\/wp-content\/uploads\/2024\/07\/a0056-5.jpg","contentUrl":"https:\/\/akuku.com.pl\/wp-content\/uploads\/2024\/07\/a0056-5.jpg","width":500,"height":500},{"@type":"BreadcrumbList","@id":"https:\/\/akuku.com.pl\/fr\/catalogue-de-produits\/nutrition\/nourriture-et-boissons\/sachets-alimentaires-reutilisables\/sachets-alimentaires-reutilisables-a0056\/#breadcrumb","itemListElement":[{"@type":"ListItem","position":1,"name":"Strona g\u0142\u00f3wna","item":"https:\/\/akuku.com.pl\/fr\/"},{"@type":"ListItem","position":2,"name":"Boutique","item":"https:\/\/akuku.com.pl\/wszystkie-produkty\/"},{"@type":"ListItem","position":3,"name":"Sachets alimentaires r\u00e9utilisables"}]},{"@type":"WebSite","@id":"https:\/\/akuku.com.pl\/fr\/#website","url":"https:\/\/akuku.com.pl\/fr\/","name":"Akuku.com.pl","description":"","publisher":{"@id":"https:\/\/akuku.com.pl\/fr\/#organization"},"potentialAction":[{"@type":"SearchAction","target":{"@type":"EntryPoint","urlTemplate":"https:\/\/akuku.com.pl\/fr\/?s={search_term_string}"},"query-input":{"@type":"PropertyValueSpecification","valueRequired":true,"valueName":"search_term_string"}}],"inLanguage":"fr-FR"},{"@type":"Organization","@id":"https:\/\/akuku.com.pl\/fr\/#organization","name":"Akuku.com.pl","url":"https:\/\/akuku.com.pl\/fr\/","logo":{"@type":"ImageObject","inLanguage":"fr-FR","@id":"https:\/\/akuku.com.pl\/fr\/#\/schema\/logo\/image\/","url":"https:\/\/akuku.com.pl\/wp-content\/uploads\/2024\/04\/akuku-logo.svg","contentUrl":"https:\/\/akuku.com.pl\/wp-content\/uploads\/2024\/04\/akuku-logo.svg","width":114,"height":50,"caption":"Akuku.com.pl"},"image":{"@id":"https:\/\/akuku.com.pl\/fr\/#\/schema\/logo\/image\/"},"sameAs":["https:\/\/www.facebook.com\/markaAKUKU"]}]}},"_links":{"self":[{"href":"https:\/\/akuku.com.pl\/fr\/wp-json\/wp\/v2\/product\/7727","targetHints":{"allow":["GET"]}}],"collection":[{"href":"https:\/\/akuku.com.pl\/fr\/wp-json\/wp\/v2\/product"}],"about":[{"href":"https:\/\/akuku.com.pl\/fr\/wp-json\/wp\/v2\/types\/product"}],"wp:featuredmedia":[{"embeddable":true,"href":"https:\/\/akuku.com.pl\/fr\/wp-json\/wp\/v2\/media\/7703"}],"wp:attachment":[{"href":"https:\/\/akuku.com.pl\/fr\/wp-json\/wp\/v2\/media?parent=7727"}],"wp:term":[{"taxonomy":"product_cat","embeddable":true,"href":"https:\/\/akuku.com.pl\/fr\/wp-json\/wp\/v2\/product_cat?post=7727"},{"taxonomy":"product_tag","embeddable":true,"href":"https:\/\/akuku.com.pl\/fr\/wp-json\/wp\/v2\/product_tag?post=7727"}],"curies":[{"name":"wp","href":"https:\/\/api.w.org\/{rel}","templated":true}]}}