{"id":7610,"date":"2024-07-04T22:45:47","date_gmt":"2024-07-04T20:45:47","guid":{"rendered":"https:\/\/wp.akuku.com.pl\/sklep\/non%20class\u00e9\/filet-a-aliments-etoile-a0516\/"},"modified":"2024-07-29T21:54:07","modified_gmt":"2024-07-29T19:54:07","slug":"filet-a-aliments-etoile-a0516","status":"publish","type":"product","link":"https:\/\/akuku.com.pl\/fr\/catalogue-de-produits\/nutrition\/nourriture-et-boissons\/filets-a-aliments\/filet-a-aliments-etoile-a0516\/","title":{"rendered":"Filet \u00e0 aliments, \u00e9toile"},"content":{"rendered":"<div class=\"textWrap\">\n<p>Filet \u00e0 aliments, \u00e9toile A0516<\/p>\n<p>Filet \u00e0 servir des aliments<br \/>Le filet de marque Akuku est utilis\u00e9 pour servir au b\u00e9b\u00e9 en toute s\u00e9curit\u00e9 des fruits et l\u00e9gumes frais, du fromage ou des biscuits.<br \/>Ce produit est particuli\u00e8rement utile lors du passage vers des repas solides.<br \/>Il \u00e9limine le risque d&rsquo;\u00e9touffement avec des morceaux d&rsquo;aliments incompl\u00e8tement m\u00e2ch\u00e9s.<br \/>Parfait pour de petites mains de b\u00e9b\u00e9. Id\u00e9al pour marcher ou voyager avec.<br \/>Le lot comprend un bouchon pour le prot\u00e9ger contre la salet\u00e9.<br \/>Il peut \u00e9galement \u00eatre utilis\u00e9 comme anneau de dentition lors de la pouss\u00e9e dentaire.<br \/>Mode d&#8217;emploi : le produit doit rester propre.<br \/>Avant la premi\u00e8re utilisation et chaque utilisation ult\u00e9rieure, laver \u00e0 l&rsquo;eau avec un produit doux et bien rincer.<br \/>Versez de l&rsquo;eau bouillante dessus.<br \/>Apr\u00e8s avoir servi des fruits dont la pulpe est difficile \u00e0 enl\u00e8ver, comme des bananes, pour bien nettoyer le filet, vous pouvez utiliser une brosse pour le nettoyer soigneusement.<br \/>Le filet ne passe pas ni au lave-vaisselle, ni au micro-ondes ni \u00e0 la d\u00e9sinfection.<br \/>De temps en temps, vous pouvez passer de l&rsquo;eau chaude dessus pour le d\u00e9sinfecter.<br \/>Attention! Le produit n&rsquo;est pas un jouet.<br \/>Gardez-le hors de la port\u00e9e des enfants.<br \/>V\u00e9rifiez le filet avant chaque utilisation.<br \/>D\u00e8s les premiers signes d\u2019endommagement ou d\u2019usure, jetez-le.<br \/>Un nettoyage, un stockage et une utilisation inappropri\u00e9s peuvent endommager le produit.<br \/>N\u2019oubliez pas de ne jamais laisser votre enfant sans surveillance pendant qu&rsquo;il mange.<br \/>Filet de rechange inclus dans le pacquet.<br \/>Sans bisph\u00e9nol A (0% BPA).<br \/>Recommand\u00e9 pour les enfants de 6 mois et plus.<\/p>\n<p>\u00a0<\/p>\n<p><img decoding=\"async\" alt=\"\" src=\"https:\/\/ect.h2g.pl\/akuku\/images\/05.png\" \/>\u00a0\u00a0<img decoding=\"async\" alt=\"\" src=\"https:\/\/ect.h2g.pl\/akuku\/images\/004.png\" \/>\u00a0\u00a0<img decoding=\"async\" alt=\"\" src=\"https:\/\/akuku.com.pl\/wp-content\/uploads\/2024\/09\/BPA-Free-logo-png_1.png\" \/><\/p>\n<\/div>\n","protected":false},"excerpt":{"rendered":"<p>Filet \u00e0 aliments, \u00e9toile A0516 Filet \u00e0 servir des alimentsLe filet de marque Akuku est utilis\u00e9 pour servir au b\u00e9b\u00e9 en toute s\u00e9curit\u00e9 des fruits et l\u00e9gumes frais, du fromage ou des biscuits.Ce produit est particuli\u00e8rement utile lors du passage vers des repas solides.Il \u00e9limine le risque d&rsquo;\u00e9touffement avec des morceaux d&rsquo;aliments incompl\u00e8tement m\u00e2ch\u00e9s.Parfait pour [&hellip;]<\/p>\n","protected":false},"featured_media":7592,"template":"","meta":[],"product_cat":[3333,3378],"product_tag":[],"class_list":{"0":"post-7610","1":"product","2":"type-product","3":"status-publish","4":"has-post-thumbnail","6":"product_cat-nutrition","7":"product_cat-filets-a-aliments","9":"first","10":"instock","11":"shipping-taxable","12":"product-type-simple"},"yoast_head":"<!-- This site is optimized with the Yoast SEO plugin v26.2 - https:\/\/yoast.com\/wordpress\/plugins\/seo\/ -->\n<title>Filet \u00e0 aliments, \u00e9toile - Akuku<\/title>\n<meta name=\"description\" content=\"Sprawd\u017a nasz produkt: Filet \u00e0 aliments, \u00e9toile. Produkty Akuku - odpowiednie dla mam i niemowl\u0105t!\" \/>\n<meta name=\"robots\" content=\"index, follow, max-snippet:-1, max-image-preview:large, max-video-preview:-1\" \/>\n<link rel=\"canonical\" href=\"https:\/\/akuku.com.pl\/fr\/catalogue-de-produits\/nutrition\/nourriture-et-boissons\/filets-a-aliments\/filet-a-aliments-etoile-a0516\/\" \/>\n<meta property=\"og:locale\" content=\"fr_FR\" \/>\n<meta property=\"og:type\" content=\"article\" \/>\n<meta property=\"og:title\" content=\"Filet \u00e0 aliments, \u00e9toile - Akuku\" \/>\n<meta property=\"og:description\" content=\"Sprawd\u017a nasz produkt: Filet \u00e0 aliments, \u00e9toile. Produkty Akuku - odpowiednie dla mam i niemowl\u0105t!\" \/>\n<meta property=\"og:url\" content=\"https:\/\/akuku.com.pl\/fr\/catalogue-de-produits\/nutrition\/nourriture-et-boissons\/filets-a-aliments\/filet-a-aliments-etoile-a0516\/\" \/>\n<meta property=\"og:site_name\" content=\"Akuku\" \/>\n<meta property=\"article:publisher\" content=\"https:\/\/www.facebook.com\/markaAKUKU\" \/>\n<meta property=\"article:modified_time\" content=\"2024-07-29T19:54:07+00:00\" \/>\n<meta property=\"og:image\" content=\"https:\/\/akuku.com.pl\/wp-content\/uploads\/2024\/07\/a0516-1-siateczka-do-karmienia.jpeg\" \/>\n\t<meta property=\"og:image:width\" content=\"720\" \/>\n\t<meta property=\"og:image:height\" content=\"720\" \/>\n\t<meta property=\"og:image:type\" content=\"image\/jpeg\" \/>\n<meta name=\"twitter:card\" content=\"summary_large_image\" \/>\n<meta name=\"twitter:label1\" content=\"Dur\u00e9e de lecture estim\u00e9e\" \/>\n\t<meta name=\"twitter:data1\" content=\"1 minute\" \/>\n<script type=\"application\/ld+json\" class=\"yoast-schema-graph\">{\"@context\":\"https:\/\/schema.org\",\"@graph\":[{\"@type\":\"WebPage\",\"@id\":\"https:\/\/akuku.com.pl\/fr\/catalogue-de-produits\/nutrition\/nourriture-et-boissons\/filets-a-aliments\/filet-a-aliments-etoile-a0516\/\",\"url\":\"https:\/\/akuku.com.pl\/fr\/catalogue-de-produits\/nutrition\/nourriture-et-boissons\/filets-a-aliments\/filet-a-aliments-etoile-a0516\/\",\"name\":\"Filet \u00e0 aliments, \u00e9toile - Akuku\",\"isPartOf\":{\"@id\":\"https:\/\/akuku.com.pl\/fr\/#website\"},\"primaryImageOfPage\":{\"@id\":\"https:\/\/akuku.com.pl\/fr\/catalogue-de-produits\/nutrition\/nourriture-et-boissons\/filets-a-aliments\/filet-a-aliments-etoile-a0516\/#primaryimage\"},\"image\":{\"@id\":\"https:\/\/akuku.com.pl\/fr\/catalogue-de-produits\/nutrition\/nourriture-et-boissons\/filets-a-aliments\/filet-a-aliments-etoile-a0516\/#primaryimage\"},\"thumbnailUrl\":\"https:\/\/akuku.com.pl\/wp-content\/uploads\/2024\/07\/a0516-1-siateczka-do-karmienia.jpeg\",\"datePublished\":\"2024-07-04T20:45:47+00:00\",\"dateModified\":\"2024-07-29T19:54:07+00:00\",\"description\":\"Sprawd\u017a nasz produkt: Filet \u00e0 aliments, \u00e9toile. Produkty Akuku - odpowiednie dla mam i niemowl\u0105t!\",\"breadcrumb\":{\"@id\":\"https:\/\/akuku.com.pl\/fr\/catalogue-de-produits\/nutrition\/nourriture-et-boissons\/filets-a-aliments\/filet-a-aliments-etoile-a0516\/#breadcrumb\"},\"inLanguage\":\"fr-FR\",\"potentialAction\":[{\"@type\":\"ReadAction\",\"target\":[\"https:\/\/akuku.com.pl\/fr\/catalogue-de-produits\/nutrition\/nourriture-et-boissons\/filets-a-aliments\/filet-a-aliments-etoile-a0516\/\"]}]},{\"@type\":\"ImageObject\",\"inLanguage\":\"fr-FR\",\"@id\":\"https:\/\/akuku.com.pl\/fr\/catalogue-de-produits\/nutrition\/nourriture-et-boissons\/filets-a-aliments\/filet-a-aliments-etoile-a0516\/#primaryimage\",\"url\":\"https:\/\/akuku.com.pl\/wp-content\/uploads\/2024\/07\/a0516-1-siateczka-do-karmienia.jpeg\",\"contentUrl\":\"https:\/\/akuku.com.pl\/wp-content\/uploads\/2024\/07\/a0516-1-siateczka-do-karmienia.jpeg\",\"width\":720,\"height\":720},{\"@type\":\"BreadcrumbList\",\"@id\":\"https:\/\/akuku.com.pl\/fr\/catalogue-de-produits\/nutrition\/nourriture-et-boissons\/filets-a-aliments\/filet-a-aliments-etoile-a0516\/#breadcrumb\",\"itemListElement\":[{\"@type\":\"ListItem\",\"position\":1,\"name\":\"Strona g\u0142\u00f3wna\",\"item\":\"https:\/\/akuku.com.pl\/fr\/\"},{\"@type\":\"ListItem\",\"position\":2,\"name\":\"Boutique\",\"item\":\"https:\/\/akuku.com.pl\/wszystkie-produkty\/\"},{\"@type\":\"ListItem\",\"position\":3,\"name\":\"Filet \u00e0 aliments, \u00e9toile\"}]},{\"@type\":\"WebSite\",\"@id\":\"https:\/\/akuku.com.pl\/fr\/#website\",\"url\":\"https:\/\/akuku.com.pl\/fr\/\",\"name\":\"Akuku.com.pl\",\"description\":\"\",\"publisher\":{\"@id\":\"https:\/\/akuku.com.pl\/fr\/#organization\"},\"potentialAction\":[{\"@type\":\"SearchAction\",\"target\":{\"@type\":\"EntryPoint\",\"urlTemplate\":\"https:\/\/akuku.com.pl\/fr\/?s={search_term_string}\"},\"query-input\":{\"@type\":\"PropertyValueSpecification\",\"valueRequired\":true,\"valueName\":\"search_term_string\"}}],\"inLanguage\":\"fr-FR\"},{\"@type\":\"Organization\",\"@id\":\"https:\/\/akuku.com.pl\/fr\/#organization\",\"name\":\"Akuku.com.pl\",\"url\":\"https:\/\/akuku.com.pl\/fr\/\",\"logo\":{\"@type\":\"ImageObject\",\"inLanguage\":\"fr-FR\",\"@id\":\"https:\/\/akuku.com.pl\/fr\/#\/schema\/logo\/image\/\",\"url\":\"https:\/\/akuku.com.pl\/wp-content\/uploads\/2024\/04\/akuku-logo.svg\",\"contentUrl\":\"https:\/\/akuku.com.pl\/wp-content\/uploads\/2024\/04\/akuku-logo.svg\",\"width\":114,\"height\":50,\"caption\":\"Akuku.com.pl\"},\"image\":{\"@id\":\"https:\/\/akuku.com.pl\/fr\/#\/schema\/logo\/image\/\"},\"sameAs\":[\"https:\/\/www.facebook.com\/markaAKUKU\"]}]}<\/script>\n<!-- \/ Yoast SEO plugin. -->","yoast_head_json":{"title":"Filet \u00e0 aliments, \u00e9toile - Akuku","description":"Sprawd\u017a nasz produkt: Filet \u00e0 aliments, \u00e9toile. Produkty Akuku - odpowiednie dla mam i niemowl\u0105t!","robots":{"index":"index","follow":"follow","max-snippet":"max-snippet:-1","max-image-preview":"max-image-preview:large","max-video-preview":"max-video-preview:-1"},"canonical":"https:\/\/akuku.com.pl\/fr\/catalogue-de-produits\/nutrition\/nourriture-et-boissons\/filets-a-aliments\/filet-a-aliments-etoile-a0516\/","og_locale":"fr_FR","og_type":"article","og_title":"Filet \u00e0 aliments, \u00e9toile - Akuku","og_description":"Sprawd\u017a nasz produkt: Filet \u00e0 aliments, \u00e9toile. Produkty Akuku - odpowiednie dla mam i niemowl\u0105t!","og_url":"https:\/\/akuku.com.pl\/fr\/catalogue-de-produits\/nutrition\/nourriture-et-boissons\/filets-a-aliments\/filet-a-aliments-etoile-a0516\/","og_site_name":"Akuku","article_publisher":"https:\/\/www.facebook.com\/markaAKUKU","article_modified_time":"2024-07-29T19:54:07+00:00","og_image":[{"width":720,"height":720,"url":"https:\/\/akuku.com.pl\/wp-content\/uploads\/2024\/07\/a0516-1-siateczka-do-karmienia.jpeg","type":"image\/jpeg"}],"twitter_card":"summary_large_image","twitter_misc":{"Dur\u00e9e de lecture estim\u00e9e":"1 minute"},"schema":{"@context":"https:\/\/schema.org","@graph":[{"@type":"WebPage","@id":"https:\/\/akuku.com.pl\/fr\/catalogue-de-produits\/nutrition\/nourriture-et-boissons\/filets-a-aliments\/filet-a-aliments-etoile-a0516\/","url":"https:\/\/akuku.com.pl\/fr\/catalogue-de-produits\/nutrition\/nourriture-et-boissons\/filets-a-aliments\/filet-a-aliments-etoile-a0516\/","name":"Filet \u00e0 aliments, \u00e9toile - Akuku","isPartOf":{"@id":"https:\/\/akuku.com.pl\/fr\/#website"},"primaryImageOfPage":{"@id":"https:\/\/akuku.com.pl\/fr\/catalogue-de-produits\/nutrition\/nourriture-et-boissons\/filets-a-aliments\/filet-a-aliments-etoile-a0516\/#primaryimage"},"image":{"@id":"https:\/\/akuku.com.pl\/fr\/catalogue-de-produits\/nutrition\/nourriture-et-boissons\/filets-a-aliments\/filet-a-aliments-etoile-a0516\/#primaryimage"},"thumbnailUrl":"https:\/\/akuku.com.pl\/wp-content\/uploads\/2024\/07\/a0516-1-siateczka-do-karmienia.jpeg","datePublished":"2024-07-04T20:45:47+00:00","dateModified":"2024-07-29T19:54:07+00:00","description":"Sprawd\u017a nasz produkt: Filet \u00e0 aliments, \u00e9toile. Produkty Akuku - odpowiednie dla mam i niemowl\u0105t!","breadcrumb":{"@id":"https:\/\/akuku.com.pl\/fr\/catalogue-de-produits\/nutrition\/nourriture-et-boissons\/filets-a-aliments\/filet-a-aliments-etoile-a0516\/#breadcrumb"},"inLanguage":"fr-FR","potentialAction":[{"@type":"ReadAction","target":["https:\/\/akuku.com.pl\/fr\/catalogue-de-produits\/nutrition\/nourriture-et-boissons\/filets-a-aliments\/filet-a-aliments-etoile-a0516\/"]}]},{"@type":"ImageObject","inLanguage":"fr-FR","@id":"https:\/\/akuku.com.pl\/fr\/catalogue-de-produits\/nutrition\/nourriture-et-boissons\/filets-a-aliments\/filet-a-aliments-etoile-a0516\/#primaryimage","url":"https:\/\/akuku.com.pl\/wp-content\/uploads\/2024\/07\/a0516-1-siateczka-do-karmienia.jpeg","contentUrl":"https:\/\/akuku.com.pl\/wp-content\/uploads\/2024\/07\/a0516-1-siateczka-do-karmienia.jpeg","width":720,"height":720},{"@type":"BreadcrumbList","@id":"https:\/\/akuku.com.pl\/fr\/catalogue-de-produits\/nutrition\/nourriture-et-boissons\/filets-a-aliments\/filet-a-aliments-etoile-a0516\/#breadcrumb","itemListElement":[{"@type":"ListItem","position":1,"name":"Strona g\u0142\u00f3wna","item":"https:\/\/akuku.com.pl\/fr\/"},{"@type":"ListItem","position":2,"name":"Boutique","item":"https:\/\/akuku.com.pl\/wszystkie-produkty\/"},{"@type":"ListItem","position":3,"name":"Filet \u00e0 aliments, \u00e9toile"}]},{"@type":"WebSite","@id":"https:\/\/akuku.com.pl\/fr\/#website","url":"https:\/\/akuku.com.pl\/fr\/","name":"Akuku.com.pl","description":"","publisher":{"@id":"https:\/\/akuku.com.pl\/fr\/#organization"},"potentialAction":[{"@type":"SearchAction","target":{"@type":"EntryPoint","urlTemplate":"https:\/\/akuku.com.pl\/fr\/?s={search_term_string}"},"query-input":{"@type":"PropertyValueSpecification","valueRequired":true,"valueName":"search_term_string"}}],"inLanguage":"fr-FR"},{"@type":"Organization","@id":"https:\/\/akuku.com.pl\/fr\/#organization","name":"Akuku.com.pl","url":"https:\/\/akuku.com.pl\/fr\/","logo":{"@type":"ImageObject","inLanguage":"fr-FR","@id":"https:\/\/akuku.com.pl\/fr\/#\/schema\/logo\/image\/","url":"https:\/\/akuku.com.pl\/wp-content\/uploads\/2024\/04\/akuku-logo.svg","contentUrl":"https:\/\/akuku.com.pl\/wp-content\/uploads\/2024\/04\/akuku-logo.svg","width":114,"height":50,"caption":"Akuku.com.pl"},"image":{"@id":"https:\/\/akuku.com.pl\/fr\/#\/schema\/logo\/image\/"},"sameAs":["https:\/\/www.facebook.com\/markaAKUKU"]}]}},"_links":{"self":[{"href":"https:\/\/akuku.com.pl\/fr\/wp-json\/wp\/v2\/product\/7610","targetHints":{"allow":["GET"]}}],"collection":[{"href":"https:\/\/akuku.com.pl\/fr\/wp-json\/wp\/v2\/product"}],"about":[{"href":"https:\/\/akuku.com.pl\/fr\/wp-json\/wp\/v2\/types\/product"}],"wp:featuredmedia":[{"embeddable":true,"href":"https:\/\/akuku.com.pl\/fr\/wp-json\/wp\/v2\/media\/7592"}],"wp:attachment":[{"href":"https:\/\/akuku.com.pl\/fr\/wp-json\/wp\/v2\/media?parent=7610"}],"wp:term":[{"taxonomy":"product_cat","embeddable":true,"href":"https:\/\/akuku.com.pl\/fr\/wp-json\/wp\/v2\/product_cat?post=7610"},{"taxonomy":"product_tag","embeddable":true,"href":"https:\/\/akuku.com.pl\/fr\/wp-json\/wp\/v2\/product_tag?post=7610"}],"curies":[{"name":"wp","href":"https:\/\/api.w.org\/{rel}","templated":true}]}}