{"id":7426,"date":"2024-07-04T22:43:50","date_gmt":"2024-07-04T20:43:50","guid":{"rendered":"https:\/\/wp.akuku.com.pl\/sklep\/bez-kategorii\/zapasowa-slomka-z-odwaznikiem-a0462\/"},"modified":"2025-01-22T15:44:04","modified_gmt":"2025-01-22T14:44:04","slug":"zapasowa-slomka-z-odwaznikiem-a0462","status":"publish","type":"product","link":"https:\/\/akuku.com.pl\/fr\/katalog-produktow\/karmienie\/jedzenie-i-picie\/bidony-i-kubki\/zapasowa-slomka-z-odwaznikiem-a0462\/","title":{"rendered":"Zapasowa s\u0142omka z odwa\u017cnikiem"},"content":{"rendered":"<p><span style=\"font-size: 12pt;\">Zapasowa s\u0142omka do bidonu z obci\u0105\u017ceniem A0033 i A0034\u00a0<\/span><\/p>\n<p><span style=\"font-size: 12pt;\">Wa\u017cne: W ustniku znajduje si\u0119 dwukierunkowy silikonowy zaworek-niekapek, aby si\u0119 z niego napi\u0107 nale\u017cy \u015bcisn\u0105\u0107 ustnik.<\/span><\/p>\n<p><img decoding=\"async\" src=\"https:\/\/akuku.com.pl\/wp-content\/uploads\/2024\/09\/BPA-Free-logo-png_1.png\" alt=\"\" \/>\u00a0 \u00a0<img decoding=\"async\" class=\"alignnone size-full wp-image-15955\" src=\"https:\/\/akuku.com.pl\/wp-content\/uploads\/2024\/07\/9-wiek.jpg\" alt=\"\" width=\"60\" height=\"60\" \/> <img decoding=\"async\" src=\"https:\/\/akuku.com.pl\/wp-content\/uploads\/2024\/09\/niekapek.jpg\" alt=\"\" \/> <img decoding=\"async\" src=\"https:\/\/akuku.com.pl\/wp-content\/uploads\/2024\/09\/nie-do-uytku-w-mikrofali.jpg\" alt=\"\" \/>\u00a0<img decoding=\"async\" src=\"https:\/\/ect.h2g.pl\/akuku\/images\/nie-do-uytku-w-zmywarce.jpg\" alt=\"\" \/><\/p>\n<p>&nbsp;<\/p>\n<p><strong>Ostrze\u017cenie!<\/strong> Zawsze u\u017cywa\u0107 pod nadzorem doros\u0142ych. Ci\u0105g\u0142e i przed\u0142u\u017cone ssanie p\u0142yn\u00f3w mo\u017ce powodowa\u0107 pr\u00f3chnic\u0119. Zawsze sprawdza\u0107 temperatur\u0119 pokarmu przed karmieniem. Produkt nie jest zabawk\u0105. Wszystkie cz\u0119\u015bci produktu przechowuj w miejscu niedost\u0119pnym dla dziecka.<\/p>\n<p>KOD EAN: 5907644004621<\/p>\n","protected":false},"excerpt":{"rendered":"<p>Zapasowa s\u0142omka do bidonu z obci\u0105\u017ceniem A0033 i A0034\u00a0 Wa\u017cne: W ustniku znajduje si\u0119 dwukierunkowy silikonowy zaworek-niekapek, aby si\u0119 z niego napi\u0107 nale\u017cy \u015bcisn\u0105\u0107 ustnik. \u00a0 \u00a0 \u00a0 &nbsp; Ostrze\u017cenie! Zawsze u\u017cywa\u0107 pod nadzorem doros\u0142ych. Ci\u0105g\u0142e i przed\u0142u\u017cone ssanie p\u0142yn\u00f3w mo\u017ce powodowa\u0107 pr\u00f3chnic\u0119. Zawsze sprawdza\u0107 temperatur\u0119 pokarmu przed karmieniem. Produkt nie jest zabawk\u0105. Wszystkie cz\u0119\u015bci [&hellip;]<\/p>\n","protected":false},"featured_media":7423,"template":"","meta":[],"product_cat":[3331,3355,3367],"product_tag":[],"class_list":{"0":"post-7426","1":"product","2":"type-product","3":"status-publish","4":"has-post-thumbnail","6":"product_cat-karmienie","7":"product_cat-jedzenie-i-picie","8":"product_cat-bidony-i-kubki","10":"first","11":"instock","12":"shipping-taxable","13":"product-type-simple"},"yoast_head":"<!-- This site is optimized with the Yoast SEO plugin v26.2 - https:\/\/yoast.com\/wordpress\/plugins\/seo\/ -->\n<title>Zapasowa s\u0142omka z odwa\u017cnikiem - Akuku<\/title>\n<meta name=\"description\" content=\"Sprawd\u017a nasz produkt: Zapasowa s\u0142omka z odwa\u017cnikiem. Produkty Akuku - odpowiednie dla mam i niemowl\u0105t!\" \/>\n<meta name=\"robots\" content=\"index, follow, max-snippet:-1, max-image-preview:large, max-video-preview:-1\" \/>\n<link rel=\"canonical\" href=\"https:\/\/akuku.com.pl\/fr\/katalog-produktow\/karmienie\/jedzenie-i-picie\/bidony-i-kubki\/zapasowa-slomka-z-odwaznikiem-a0462\/\" \/>\n<meta property=\"og:locale\" content=\"fr_FR\" \/>\n<meta property=\"og:type\" content=\"article\" \/>\n<meta property=\"og:title\" content=\"Zapasowa s\u0142omka z odwa\u017cnikiem - Akuku\" \/>\n<meta property=\"og:description\" content=\"Sprawd\u017a nasz produkt: Zapasowa s\u0142omka z odwa\u017cnikiem. Produkty Akuku - odpowiednie dla mam i niemowl\u0105t!\" \/>\n<meta property=\"og:url\" content=\"https:\/\/akuku.com.pl\/fr\/katalog-produktow\/karmienie\/jedzenie-i-picie\/bidony-i-kubki\/zapasowa-slomka-z-odwaznikiem-a0462\/\" \/>\n<meta property=\"og:site_name\" content=\"Akuku\" \/>\n<meta property=\"article:publisher\" content=\"https:\/\/www.facebook.com\/markaAKUKU\" \/>\n<meta property=\"article:modified_time\" content=\"2025-01-22T14:44:04+00:00\" \/>\n<meta property=\"og:image\" content=\"https:\/\/akuku.com.pl\/wp-content\/uploads\/2024\/07\/a0462-3-1.jpeg\" \/>\n\t<meta property=\"og:image:width\" content=\"720\" \/>\n\t<meta property=\"og:image:height\" content=\"720\" \/>\n\t<meta property=\"og:image:type\" content=\"image\/jpeg\" \/>\n<meta name=\"twitter:card\" content=\"summary_large_image\" \/>\n<meta name=\"twitter:label1\" content=\"Dur\u00e9e de lecture estim\u00e9e\" \/>\n\t<meta name=\"twitter:data1\" content=\"2 minutes\" \/>\n<script type=\"application\/ld+json\" class=\"yoast-schema-graph\">{\"@context\":\"https:\/\/schema.org\",\"@graph\":[{\"@type\":\"WebPage\",\"@id\":\"https:\/\/akuku.com.pl\/fr\/katalog-produktow\/karmienie\/jedzenie-i-picie\/bidony-i-kubki\/zapasowa-slomka-z-odwaznikiem-a0462\/\",\"url\":\"https:\/\/akuku.com.pl\/fr\/katalog-produktow\/karmienie\/jedzenie-i-picie\/bidony-i-kubki\/zapasowa-slomka-z-odwaznikiem-a0462\/\",\"name\":\"Zapasowa s\u0142omka z odwa\u017cnikiem - Akuku\",\"isPartOf\":{\"@id\":\"https:\/\/akuku.com.pl\/fr\/#website\"},\"primaryImageOfPage\":{\"@id\":\"https:\/\/akuku.com.pl\/fr\/katalog-produktow\/karmienie\/jedzenie-i-picie\/bidony-i-kubki\/zapasowa-slomka-z-odwaznikiem-a0462\/#primaryimage\"},\"image\":{\"@id\":\"https:\/\/akuku.com.pl\/fr\/katalog-produktow\/karmienie\/jedzenie-i-picie\/bidony-i-kubki\/zapasowa-slomka-z-odwaznikiem-a0462\/#primaryimage\"},\"thumbnailUrl\":\"https:\/\/akuku.com.pl\/wp-content\/uploads\/2024\/07\/a0462-3-1.jpeg\",\"datePublished\":\"2024-07-04T20:43:50+00:00\",\"dateModified\":\"2025-01-22T14:44:04+00:00\",\"description\":\"Sprawd\u017a nasz produkt: Zapasowa s\u0142omka z odwa\u017cnikiem. Produkty Akuku - odpowiednie dla mam i niemowl\u0105t!\",\"breadcrumb\":{\"@id\":\"https:\/\/akuku.com.pl\/fr\/katalog-produktow\/karmienie\/jedzenie-i-picie\/bidony-i-kubki\/zapasowa-slomka-z-odwaznikiem-a0462\/#breadcrumb\"},\"inLanguage\":\"fr-FR\",\"potentialAction\":[{\"@type\":\"ReadAction\",\"target\":[\"https:\/\/akuku.com.pl\/fr\/katalog-produktow\/karmienie\/jedzenie-i-picie\/bidony-i-kubki\/zapasowa-slomka-z-odwaznikiem-a0462\/\"]}]},{\"@type\":\"ImageObject\",\"inLanguage\":\"fr-FR\",\"@id\":\"https:\/\/akuku.com.pl\/fr\/katalog-produktow\/karmienie\/jedzenie-i-picie\/bidony-i-kubki\/zapasowa-slomka-z-odwaznikiem-a0462\/#primaryimage\",\"url\":\"https:\/\/akuku.com.pl\/wp-content\/uploads\/2024\/07\/a0462-3-1.jpeg\",\"contentUrl\":\"https:\/\/akuku.com.pl\/wp-content\/uploads\/2024\/07\/a0462-3-1.jpeg\",\"width\":720,\"height\":720,\"caption\":\"Zapasowa s\u0142omka z odwa\u017cnikiem A0462\"},{\"@type\":\"BreadcrumbList\",\"@id\":\"https:\/\/akuku.com.pl\/fr\/katalog-produktow\/karmienie\/jedzenie-i-picie\/bidony-i-kubki\/zapasowa-slomka-z-odwaznikiem-a0462\/#breadcrumb\",\"itemListElement\":[{\"@type\":\"ListItem\",\"position\":1,\"name\":\"Strona g\u0142\u00f3wna\",\"item\":\"https:\/\/akuku.com.pl\/fr\/\"},{\"@type\":\"ListItem\",\"position\":2,\"name\":\"Boutique\",\"item\":\"https:\/\/akuku.com.pl\/wszystkie-produkty\/\"},{\"@type\":\"ListItem\",\"position\":3,\"name\":\"Zapasowa s\u0142omka z odwa\u017cnikiem\"}]},{\"@type\":\"WebSite\",\"@id\":\"https:\/\/akuku.com.pl\/fr\/#website\",\"url\":\"https:\/\/akuku.com.pl\/fr\/\",\"name\":\"Akuku.com.pl\",\"description\":\"\",\"publisher\":{\"@id\":\"https:\/\/akuku.com.pl\/fr\/#organization\"},\"potentialAction\":[{\"@type\":\"SearchAction\",\"target\":{\"@type\":\"EntryPoint\",\"urlTemplate\":\"https:\/\/akuku.com.pl\/fr\/?s={search_term_string}\"},\"query-input\":{\"@type\":\"PropertyValueSpecification\",\"valueRequired\":true,\"valueName\":\"search_term_string\"}}],\"inLanguage\":\"fr-FR\"},{\"@type\":\"Organization\",\"@id\":\"https:\/\/akuku.com.pl\/fr\/#organization\",\"name\":\"Akuku.com.pl\",\"url\":\"https:\/\/akuku.com.pl\/fr\/\",\"logo\":{\"@type\":\"ImageObject\",\"inLanguage\":\"fr-FR\",\"@id\":\"https:\/\/akuku.com.pl\/fr\/#\/schema\/logo\/image\/\",\"url\":\"https:\/\/akuku.com.pl\/wp-content\/uploads\/2024\/04\/akuku-logo.svg\",\"contentUrl\":\"https:\/\/akuku.com.pl\/wp-content\/uploads\/2024\/04\/akuku-logo.svg\",\"width\":114,\"height\":50,\"caption\":\"Akuku.com.pl\"},\"image\":{\"@id\":\"https:\/\/akuku.com.pl\/fr\/#\/schema\/logo\/image\/\"},\"sameAs\":[\"https:\/\/www.facebook.com\/markaAKUKU\"]}]}<\/script>\n<!-- \/ Yoast SEO plugin. -->","yoast_head_json":{"title":"Zapasowa s\u0142omka z odwa\u017cnikiem - Akuku","description":"Sprawd\u017a nasz produkt: Zapasowa s\u0142omka z odwa\u017cnikiem. Produkty Akuku - odpowiednie dla mam i niemowl\u0105t!","robots":{"index":"index","follow":"follow","max-snippet":"max-snippet:-1","max-image-preview":"max-image-preview:large","max-video-preview":"max-video-preview:-1"},"canonical":"https:\/\/akuku.com.pl\/fr\/katalog-produktow\/karmienie\/jedzenie-i-picie\/bidony-i-kubki\/zapasowa-slomka-z-odwaznikiem-a0462\/","og_locale":"fr_FR","og_type":"article","og_title":"Zapasowa s\u0142omka z odwa\u017cnikiem - Akuku","og_description":"Sprawd\u017a nasz produkt: Zapasowa s\u0142omka z odwa\u017cnikiem. Produkty Akuku - odpowiednie dla mam i niemowl\u0105t!","og_url":"https:\/\/akuku.com.pl\/fr\/katalog-produktow\/karmienie\/jedzenie-i-picie\/bidony-i-kubki\/zapasowa-slomka-z-odwaznikiem-a0462\/","og_site_name":"Akuku","article_publisher":"https:\/\/www.facebook.com\/markaAKUKU","article_modified_time":"2025-01-22T14:44:04+00:00","og_image":[{"width":720,"height":720,"url":"https:\/\/akuku.com.pl\/wp-content\/uploads\/2024\/07\/a0462-3-1.jpeg","type":"image\/jpeg"}],"twitter_card":"summary_large_image","twitter_misc":{"Dur\u00e9e de lecture estim\u00e9e":"2 minutes"},"schema":{"@context":"https:\/\/schema.org","@graph":[{"@type":"WebPage","@id":"https:\/\/akuku.com.pl\/fr\/katalog-produktow\/karmienie\/jedzenie-i-picie\/bidony-i-kubki\/zapasowa-slomka-z-odwaznikiem-a0462\/","url":"https:\/\/akuku.com.pl\/fr\/katalog-produktow\/karmienie\/jedzenie-i-picie\/bidony-i-kubki\/zapasowa-slomka-z-odwaznikiem-a0462\/","name":"Zapasowa s\u0142omka z odwa\u017cnikiem - Akuku","isPartOf":{"@id":"https:\/\/akuku.com.pl\/fr\/#website"},"primaryImageOfPage":{"@id":"https:\/\/akuku.com.pl\/fr\/katalog-produktow\/karmienie\/jedzenie-i-picie\/bidony-i-kubki\/zapasowa-slomka-z-odwaznikiem-a0462\/#primaryimage"},"image":{"@id":"https:\/\/akuku.com.pl\/fr\/katalog-produktow\/karmienie\/jedzenie-i-picie\/bidony-i-kubki\/zapasowa-slomka-z-odwaznikiem-a0462\/#primaryimage"},"thumbnailUrl":"https:\/\/akuku.com.pl\/wp-content\/uploads\/2024\/07\/a0462-3-1.jpeg","datePublished":"2024-07-04T20:43:50+00:00","dateModified":"2025-01-22T14:44:04+00:00","description":"Sprawd\u017a nasz produkt: Zapasowa s\u0142omka z odwa\u017cnikiem. Produkty Akuku - odpowiednie dla mam i niemowl\u0105t!","breadcrumb":{"@id":"https:\/\/akuku.com.pl\/fr\/katalog-produktow\/karmienie\/jedzenie-i-picie\/bidony-i-kubki\/zapasowa-slomka-z-odwaznikiem-a0462\/#breadcrumb"},"inLanguage":"fr-FR","potentialAction":[{"@type":"ReadAction","target":["https:\/\/akuku.com.pl\/fr\/katalog-produktow\/karmienie\/jedzenie-i-picie\/bidony-i-kubki\/zapasowa-slomka-z-odwaznikiem-a0462\/"]}]},{"@type":"ImageObject","inLanguage":"fr-FR","@id":"https:\/\/akuku.com.pl\/fr\/katalog-produktow\/karmienie\/jedzenie-i-picie\/bidony-i-kubki\/zapasowa-slomka-z-odwaznikiem-a0462\/#primaryimage","url":"https:\/\/akuku.com.pl\/wp-content\/uploads\/2024\/07\/a0462-3-1.jpeg","contentUrl":"https:\/\/akuku.com.pl\/wp-content\/uploads\/2024\/07\/a0462-3-1.jpeg","width":720,"height":720,"caption":"Zapasowa s\u0142omka z odwa\u017cnikiem A0462"},{"@type":"BreadcrumbList","@id":"https:\/\/akuku.com.pl\/fr\/katalog-produktow\/karmienie\/jedzenie-i-picie\/bidony-i-kubki\/zapasowa-slomka-z-odwaznikiem-a0462\/#breadcrumb","itemListElement":[{"@type":"ListItem","position":1,"name":"Strona g\u0142\u00f3wna","item":"https:\/\/akuku.com.pl\/fr\/"},{"@type":"ListItem","position":2,"name":"Boutique","item":"https:\/\/akuku.com.pl\/wszystkie-produkty\/"},{"@type":"ListItem","position":3,"name":"Zapasowa s\u0142omka z odwa\u017cnikiem"}]},{"@type":"WebSite","@id":"https:\/\/akuku.com.pl\/fr\/#website","url":"https:\/\/akuku.com.pl\/fr\/","name":"Akuku.com.pl","description":"","publisher":{"@id":"https:\/\/akuku.com.pl\/fr\/#organization"},"potentialAction":[{"@type":"SearchAction","target":{"@type":"EntryPoint","urlTemplate":"https:\/\/akuku.com.pl\/fr\/?s={search_term_string}"},"query-input":{"@type":"PropertyValueSpecification","valueRequired":true,"valueName":"search_term_string"}}],"inLanguage":"fr-FR"},{"@type":"Organization","@id":"https:\/\/akuku.com.pl\/fr\/#organization","name":"Akuku.com.pl","url":"https:\/\/akuku.com.pl\/fr\/","logo":{"@type":"ImageObject","inLanguage":"fr-FR","@id":"https:\/\/akuku.com.pl\/fr\/#\/schema\/logo\/image\/","url":"https:\/\/akuku.com.pl\/wp-content\/uploads\/2024\/04\/akuku-logo.svg","contentUrl":"https:\/\/akuku.com.pl\/wp-content\/uploads\/2024\/04\/akuku-logo.svg","width":114,"height":50,"caption":"Akuku.com.pl"},"image":{"@id":"https:\/\/akuku.com.pl\/fr\/#\/schema\/logo\/image\/"},"sameAs":["https:\/\/www.facebook.com\/markaAKUKU"]}]}},"_links":{"self":[{"href":"https:\/\/akuku.com.pl\/fr\/wp-json\/wp\/v2\/product\/7426","targetHints":{"allow":["GET"]}}],"collection":[{"href":"https:\/\/akuku.com.pl\/fr\/wp-json\/wp\/v2\/product"}],"about":[{"href":"https:\/\/akuku.com.pl\/fr\/wp-json\/wp\/v2\/types\/product"}],"wp:featuredmedia":[{"embeddable":true,"href":"https:\/\/akuku.com.pl\/fr\/wp-json\/wp\/v2\/media\/7423"}],"wp:attachment":[{"href":"https:\/\/akuku.com.pl\/fr\/wp-json\/wp\/v2\/media?parent=7426"}],"wp:term":[{"taxonomy":"product_cat","embeddable":true,"href":"https:\/\/akuku.com.pl\/fr\/wp-json\/wp\/v2\/product_cat?post=7426"},{"taxonomy":"product_tag","embeddable":true,"href":"https:\/\/akuku.com.pl\/fr\/wp-json\/wp\/v2\/product_tag?post=7426"}],"curies":[{"name":"wp","href":"https:\/\/api.w.org\/{rel}","templated":true}]}}