{"id":7404,"date":"2024-07-04T22:43:30","date_gmt":"2024-07-04T20:43:30","guid":{"rendered":"https:\/\/wp.akuku.com.pl\/sklep\/non%20class\u00e9\/gobelet-avec-paille-ponderee-a0034\/"},"modified":"2024-07-29T21:54:21","modified_gmt":"2024-07-29T19:54:21","slug":"gobelet-avec-paille-ponderee-a0034","status":"publish","type":"product","link":"https:\/\/akuku.com.pl\/fr\/catalogue-de-produits\/nutrition\/nourriture-et-boissons\/gobelets-pour-enfant\/gobelet-avec-paille-ponderee-a0034\/","title":{"rendered":"Gobelet avec paille pond\u00e9r\u00e9e"},"content":{"rendered":"<div class=\"textWrap\">\n<div class=\"textWrap\">\u00a0<\/div>\n<div class=\"textWrap\">\n<div class=\"textWrap\">\u00a0<\/div>\n<div class=\"textWrap\">\n<p>Gobelet avec paille pond\u00e9r\u00e9e A0034<\/p>\n<p>Gobelet \u00e9quip\u00e9 d\u2019une paille pond\u00e9r\u00e9e en silicone permet de boire quel que soit l\u2019angle de son inclinaison.<br \/>Fabriqu\u00e9 en TRITAN, sans bisph\u00e9nol A (0% BPA).<br \/>Cette technologie emp\u00eache le gobelet d\u2019\u00eatre ray\u00e9 et d\u00e9color\u00e9.<br \/>Il est tr\u00e8s r\u00e9sistant aux endommagements et son aspect visuel ressemble au verre.<br \/>L&rsquo;enfant boit jusqu&rsquo;\u00e0 la derni\u00e8re goutte. Votre b\u00e9b\u00e9 peut boire en inclinant le gobelet m\u00eame compl\u00e9tement \u00e0 l&rsquo;envers.<br \/>Ce produit est indispensable \u00e0 la maison et en voyage.<br \/>Une fermeture \u00e9tanche emp\u00eache la boisson de se renverser et prot\u00e8ge la paille de toute salet\u00e9. Ouverture du gobelet est tr\u00e8s pratique, il suffit d\u2019appuyer sur un bouton.<br \/>La transparence et une graduation claire permettent de contr\u00f4ler la quantit\u00e9 de liquide bu. Passe facilement au lave-vaisselle sur l&rsquo;\u00e9tag\u00e8re sup\u00e9rieure (sans la paille).<br \/>Capacit\u00e9 250 ml.<br \/>Important : l&#8217;embout buccal est exuip\u00e9 d&rsquo;une mini soupape en silicone pour emp\u00eacher le liquide de s\u2019\u00e9couler.<br \/>Pour boire dedans, vous devez appuyer sur l&#8217;embout buccal.<br \/>IMPORTANT : Pour \u00e9viter que le gobelet ne se ferme pas lorsque l\u2019enfant boit dedans, il est indispensable de l\u2019ouvrir \u00e0 180 degr\u00e9s maximum jusqu&rsquo;\u00e0 ce qu&rsquo;il se d\u00e9clique!<br \/>*Tritan ne modifie pas le go\u00fbt des boissons.<br \/>Il ne d\u00e9gage aucune odeur et ne lib\u00e8re aucune substance nocive dans la nourriture.<br \/>En choisissant des produits fabriqu\u00e9s avec cette mati\u00e8re premi\u00e8re nous pouvons \u00eatre s\u00fbrs d\u2019utiliser le produit sans danger pour la sant\u00e9 humaine et acceptable au contact alimentaire.<br \/>Les boissons et les aliments qui y sont gard\u00e9s restent frais longtemps et sont prot\u00e9g\u00e9s contre l\u2019influence n\u00e9gative de l&rsquo;environnement, notamment les rayons UV.<br \/>De plus, le Tritan n&rsquo;absorbe ni les odeurs ni les saveurs, ce qui rend l&rsquo;utilisation de r\u00e9cipients fabriqu\u00e9s \u00e0 partir de ce mat\u00e9riel beaucoup plus agr\u00e9able et hygi\u00e9nique.<\/p>\n<p>\u00a0<\/p>\n<\/div>\n<div class=\"textWrap\">\u00a0<\/div>\n<div class=\"textWrap\"><img decoding=\"async\" alt=\"\" src=\"https:\/\/akuku.com.pl\/wp-content\/uploads\/2024\/09\/niekapek.jpg\" \/><img decoding=\"async\" alt=\"\" src=\"https:\/\/ect.h2g.pl\/akuku\/images\/002.png\" \/>\u00a0\u00a0<img decoding=\"async\" alt=\"\" src=\"https:\/\/ect.h2g.pl\/akuku\/images\/004.png\" \/>\u00a0\u00a0<img decoding=\"async\" alt=\"\" src=\"https:\/\/akuku.com.pl\/wp-content\/uploads\/2024\/09\/BPA-Free-logo-png_1.png\" \/><\/div>\n<p>\u00a0<\/p><\/div>\n<p>\u00a0<\/p>\n<p>\u00a0<\/p>\n<p>\u00a0<\/p>\n<p>\u00a0<\/p>\n<p>\u00a0<\/p>\n<\/div>\n","protected":false},"excerpt":{"rendered":"<p>\u00a0 \u00a0 Gobelet avec paille pond\u00e9r\u00e9e A0034 Gobelet \u00e9quip\u00e9 d\u2019une paille pond\u00e9r\u00e9e en silicone permet de boire quel que soit l\u2019angle de son inclinaison.Fabriqu\u00e9 en TRITAN, sans bisph\u00e9nol A (0% BPA).Cette technologie emp\u00eache le gobelet d\u2019\u00eatre ray\u00e9 et d\u00e9color\u00e9.Il est tr\u00e8s r\u00e9sistant aux endommagements et son aspect visuel ressemble au verre.L&rsquo;enfant boit jusqu&rsquo;\u00e0 la derni\u00e8re [&hellip;]<\/p>\n","protected":false},"featured_media":7392,"template":"","meta":[],"product_cat":[3333,3369],"product_tag":[],"class_list":{"0":"post-7404","1":"product","2":"type-product","3":"status-publish","4":"has-post-thumbnail","6":"product_cat-nutrition","7":"product_cat-gobelets-pour-enfant","9":"first","10":"instock","11":"shipping-taxable","12":"product-type-simple"},"yoast_head":"<!-- This site is optimized with the Yoast SEO plugin v26.2 - https:\/\/yoast.com\/wordpress\/plugins\/seo\/ -->\n<title>Gobelet avec paille pond\u00e9r\u00e9e - Akuku<\/title>\n<meta name=\"description\" content=\"Sprawd\u017a nasz produkt: Gobelet avec paille pond\u00e9r\u00e9e. Produkty Akuku - odpowiednie dla mam i niemowl\u0105t!\" \/>\n<meta name=\"robots\" content=\"index, follow, max-snippet:-1, max-image-preview:large, max-video-preview:-1\" \/>\n<link rel=\"canonical\" href=\"https:\/\/akuku.com.pl\/fr\/catalogue-de-produits\/nutrition\/nourriture-et-boissons\/gobelets-pour-enfant\/gobelet-avec-paille-ponderee-a0034\/\" \/>\n<meta property=\"og:locale\" content=\"fr_FR\" \/>\n<meta property=\"og:type\" content=\"article\" \/>\n<meta property=\"og:title\" content=\"Gobelet avec paille pond\u00e9r\u00e9e - Akuku\" \/>\n<meta property=\"og:description\" content=\"Sprawd\u017a nasz produkt: Gobelet avec paille pond\u00e9r\u00e9e. Produkty Akuku - odpowiednie dla mam i niemowl\u0105t!\" \/>\n<meta property=\"og:url\" content=\"https:\/\/akuku.com.pl\/fr\/catalogue-de-produits\/nutrition\/nourriture-et-boissons\/gobelets-pour-enfant\/gobelet-avec-paille-ponderee-a0034\/\" \/>\n<meta property=\"og:site_name\" content=\"Akuku\" \/>\n<meta property=\"article:publisher\" content=\"https:\/\/www.facebook.com\/markaAKUKU\" \/>\n<meta property=\"article:modified_time\" content=\"2024-07-29T19:54:21+00:00\" \/>\n<meta property=\"og:image\" content=\"https:\/\/akuku.com.pl\/wp-content\/uploads\/2024\/07\/a0034-1.jpeg\" \/>\n\t<meta property=\"og:image:width\" content=\"720\" \/>\n\t<meta property=\"og:image:height\" content=\"720\" \/>\n\t<meta property=\"og:image:type\" content=\"image\/jpeg\" \/>\n<meta name=\"twitter:card\" content=\"summary_large_image\" \/>\n<meta name=\"twitter:label1\" content=\"Dur\u00e9e de lecture estim\u00e9e\" \/>\n\t<meta name=\"twitter:data1\" content=\"2 minutes\" \/>\n<script type=\"application\/ld+json\" class=\"yoast-schema-graph\">{\"@context\":\"https:\/\/schema.org\",\"@graph\":[{\"@type\":\"WebPage\",\"@id\":\"https:\/\/akuku.com.pl\/fr\/catalogue-de-produits\/nutrition\/nourriture-et-boissons\/gobelets-pour-enfant\/gobelet-avec-paille-ponderee-a0034\/\",\"url\":\"https:\/\/akuku.com.pl\/fr\/catalogue-de-produits\/nutrition\/nourriture-et-boissons\/gobelets-pour-enfant\/gobelet-avec-paille-ponderee-a0034\/\",\"name\":\"Gobelet avec paille pond\u00e9r\u00e9e - Akuku\",\"isPartOf\":{\"@id\":\"https:\/\/akuku.com.pl\/fr\/#website\"},\"primaryImageOfPage\":{\"@id\":\"https:\/\/akuku.com.pl\/fr\/catalogue-de-produits\/nutrition\/nourriture-et-boissons\/gobelets-pour-enfant\/gobelet-avec-paille-ponderee-a0034\/#primaryimage\"},\"image\":{\"@id\":\"https:\/\/akuku.com.pl\/fr\/catalogue-de-produits\/nutrition\/nourriture-et-boissons\/gobelets-pour-enfant\/gobelet-avec-paille-ponderee-a0034\/#primaryimage\"},\"thumbnailUrl\":\"https:\/\/akuku.com.pl\/wp-content\/uploads\/2024\/07\/a0034-1.jpeg\",\"datePublished\":\"2024-07-04T20:43:30+00:00\",\"dateModified\":\"2024-07-29T19:54:21+00:00\",\"description\":\"Sprawd\u017a nasz produkt: Gobelet avec paille pond\u00e9r\u00e9e. Produkty Akuku - odpowiednie dla mam i niemowl\u0105t!\",\"breadcrumb\":{\"@id\":\"https:\/\/akuku.com.pl\/fr\/catalogue-de-produits\/nutrition\/nourriture-et-boissons\/gobelets-pour-enfant\/gobelet-avec-paille-ponderee-a0034\/#breadcrumb\"},\"inLanguage\":\"fr-FR\",\"potentialAction\":[{\"@type\":\"ReadAction\",\"target\":[\"https:\/\/akuku.com.pl\/fr\/catalogue-de-produits\/nutrition\/nourriture-et-boissons\/gobelets-pour-enfant\/gobelet-avec-paille-ponderee-a0034\/\"]}]},{\"@type\":\"ImageObject\",\"inLanguage\":\"fr-FR\",\"@id\":\"https:\/\/akuku.com.pl\/fr\/catalogue-de-produits\/nutrition\/nourriture-et-boissons\/gobelets-pour-enfant\/gobelet-avec-paille-ponderee-a0034\/#primaryimage\",\"url\":\"https:\/\/akuku.com.pl\/wp-content\/uploads\/2024\/07\/a0034-1.jpeg\",\"contentUrl\":\"https:\/\/akuku.com.pl\/wp-content\/uploads\/2024\/07\/a0034-1.jpeg\",\"width\":720,\"height\":720},{\"@type\":\"BreadcrumbList\",\"@id\":\"https:\/\/akuku.com.pl\/fr\/catalogue-de-produits\/nutrition\/nourriture-et-boissons\/gobelets-pour-enfant\/gobelet-avec-paille-ponderee-a0034\/#breadcrumb\",\"itemListElement\":[{\"@type\":\"ListItem\",\"position\":1,\"name\":\"Strona g\u0142\u00f3wna\",\"item\":\"https:\/\/akuku.com.pl\/fr\/\"},{\"@type\":\"ListItem\",\"position\":2,\"name\":\"Boutique\",\"item\":\"https:\/\/akuku.com.pl\/wszystkie-produkty\/\"},{\"@type\":\"ListItem\",\"position\":3,\"name\":\"Gobelet avec paille pond\u00e9r\u00e9e\"}]},{\"@type\":\"WebSite\",\"@id\":\"https:\/\/akuku.com.pl\/fr\/#website\",\"url\":\"https:\/\/akuku.com.pl\/fr\/\",\"name\":\"Akuku.com.pl\",\"description\":\"\",\"publisher\":{\"@id\":\"https:\/\/akuku.com.pl\/fr\/#organization\"},\"potentialAction\":[{\"@type\":\"SearchAction\",\"target\":{\"@type\":\"EntryPoint\",\"urlTemplate\":\"https:\/\/akuku.com.pl\/fr\/?s={search_term_string}\"},\"query-input\":{\"@type\":\"PropertyValueSpecification\",\"valueRequired\":true,\"valueName\":\"search_term_string\"}}],\"inLanguage\":\"fr-FR\"},{\"@type\":\"Organization\",\"@id\":\"https:\/\/akuku.com.pl\/fr\/#organization\",\"name\":\"Akuku.com.pl\",\"url\":\"https:\/\/akuku.com.pl\/fr\/\",\"logo\":{\"@type\":\"ImageObject\",\"inLanguage\":\"fr-FR\",\"@id\":\"https:\/\/akuku.com.pl\/fr\/#\/schema\/logo\/image\/\",\"url\":\"https:\/\/akuku.com.pl\/wp-content\/uploads\/2024\/04\/akuku-logo.svg\",\"contentUrl\":\"https:\/\/akuku.com.pl\/wp-content\/uploads\/2024\/04\/akuku-logo.svg\",\"width\":114,\"height\":50,\"caption\":\"Akuku.com.pl\"},\"image\":{\"@id\":\"https:\/\/akuku.com.pl\/fr\/#\/schema\/logo\/image\/\"},\"sameAs\":[\"https:\/\/www.facebook.com\/markaAKUKU\"]}]}<\/script>\n<!-- \/ Yoast SEO plugin. -->","yoast_head_json":{"title":"Gobelet avec paille pond\u00e9r\u00e9e - Akuku","description":"Sprawd\u017a nasz produkt: Gobelet avec paille pond\u00e9r\u00e9e. Produkty Akuku - odpowiednie dla mam i niemowl\u0105t!","robots":{"index":"index","follow":"follow","max-snippet":"max-snippet:-1","max-image-preview":"max-image-preview:large","max-video-preview":"max-video-preview:-1"},"canonical":"https:\/\/akuku.com.pl\/fr\/catalogue-de-produits\/nutrition\/nourriture-et-boissons\/gobelets-pour-enfant\/gobelet-avec-paille-ponderee-a0034\/","og_locale":"fr_FR","og_type":"article","og_title":"Gobelet avec paille pond\u00e9r\u00e9e - Akuku","og_description":"Sprawd\u017a nasz produkt: Gobelet avec paille pond\u00e9r\u00e9e. Produkty Akuku - odpowiednie dla mam i niemowl\u0105t!","og_url":"https:\/\/akuku.com.pl\/fr\/catalogue-de-produits\/nutrition\/nourriture-et-boissons\/gobelets-pour-enfant\/gobelet-avec-paille-ponderee-a0034\/","og_site_name":"Akuku","article_publisher":"https:\/\/www.facebook.com\/markaAKUKU","article_modified_time":"2024-07-29T19:54:21+00:00","og_image":[{"width":720,"height":720,"url":"https:\/\/akuku.com.pl\/wp-content\/uploads\/2024\/07\/a0034-1.jpeg","type":"image\/jpeg"}],"twitter_card":"summary_large_image","twitter_misc":{"Dur\u00e9e de lecture estim\u00e9e":"2 minutes"},"schema":{"@context":"https:\/\/schema.org","@graph":[{"@type":"WebPage","@id":"https:\/\/akuku.com.pl\/fr\/catalogue-de-produits\/nutrition\/nourriture-et-boissons\/gobelets-pour-enfant\/gobelet-avec-paille-ponderee-a0034\/","url":"https:\/\/akuku.com.pl\/fr\/catalogue-de-produits\/nutrition\/nourriture-et-boissons\/gobelets-pour-enfant\/gobelet-avec-paille-ponderee-a0034\/","name":"Gobelet avec paille pond\u00e9r\u00e9e - Akuku","isPartOf":{"@id":"https:\/\/akuku.com.pl\/fr\/#website"},"primaryImageOfPage":{"@id":"https:\/\/akuku.com.pl\/fr\/catalogue-de-produits\/nutrition\/nourriture-et-boissons\/gobelets-pour-enfant\/gobelet-avec-paille-ponderee-a0034\/#primaryimage"},"image":{"@id":"https:\/\/akuku.com.pl\/fr\/catalogue-de-produits\/nutrition\/nourriture-et-boissons\/gobelets-pour-enfant\/gobelet-avec-paille-ponderee-a0034\/#primaryimage"},"thumbnailUrl":"https:\/\/akuku.com.pl\/wp-content\/uploads\/2024\/07\/a0034-1.jpeg","datePublished":"2024-07-04T20:43:30+00:00","dateModified":"2024-07-29T19:54:21+00:00","description":"Sprawd\u017a nasz produkt: Gobelet avec paille pond\u00e9r\u00e9e. Produkty Akuku - odpowiednie dla mam i niemowl\u0105t!","breadcrumb":{"@id":"https:\/\/akuku.com.pl\/fr\/catalogue-de-produits\/nutrition\/nourriture-et-boissons\/gobelets-pour-enfant\/gobelet-avec-paille-ponderee-a0034\/#breadcrumb"},"inLanguage":"fr-FR","potentialAction":[{"@type":"ReadAction","target":["https:\/\/akuku.com.pl\/fr\/catalogue-de-produits\/nutrition\/nourriture-et-boissons\/gobelets-pour-enfant\/gobelet-avec-paille-ponderee-a0034\/"]}]},{"@type":"ImageObject","inLanguage":"fr-FR","@id":"https:\/\/akuku.com.pl\/fr\/catalogue-de-produits\/nutrition\/nourriture-et-boissons\/gobelets-pour-enfant\/gobelet-avec-paille-ponderee-a0034\/#primaryimage","url":"https:\/\/akuku.com.pl\/wp-content\/uploads\/2024\/07\/a0034-1.jpeg","contentUrl":"https:\/\/akuku.com.pl\/wp-content\/uploads\/2024\/07\/a0034-1.jpeg","width":720,"height":720},{"@type":"BreadcrumbList","@id":"https:\/\/akuku.com.pl\/fr\/catalogue-de-produits\/nutrition\/nourriture-et-boissons\/gobelets-pour-enfant\/gobelet-avec-paille-ponderee-a0034\/#breadcrumb","itemListElement":[{"@type":"ListItem","position":1,"name":"Strona g\u0142\u00f3wna","item":"https:\/\/akuku.com.pl\/fr\/"},{"@type":"ListItem","position":2,"name":"Boutique","item":"https:\/\/akuku.com.pl\/wszystkie-produkty\/"},{"@type":"ListItem","position":3,"name":"Gobelet avec paille pond\u00e9r\u00e9e"}]},{"@type":"WebSite","@id":"https:\/\/akuku.com.pl\/fr\/#website","url":"https:\/\/akuku.com.pl\/fr\/","name":"Akuku.com.pl","description":"","publisher":{"@id":"https:\/\/akuku.com.pl\/fr\/#organization"},"potentialAction":[{"@type":"SearchAction","target":{"@type":"EntryPoint","urlTemplate":"https:\/\/akuku.com.pl\/fr\/?s={search_term_string}"},"query-input":{"@type":"PropertyValueSpecification","valueRequired":true,"valueName":"search_term_string"}}],"inLanguage":"fr-FR"},{"@type":"Organization","@id":"https:\/\/akuku.com.pl\/fr\/#organization","name":"Akuku.com.pl","url":"https:\/\/akuku.com.pl\/fr\/","logo":{"@type":"ImageObject","inLanguage":"fr-FR","@id":"https:\/\/akuku.com.pl\/fr\/#\/schema\/logo\/image\/","url":"https:\/\/akuku.com.pl\/wp-content\/uploads\/2024\/04\/akuku-logo.svg","contentUrl":"https:\/\/akuku.com.pl\/wp-content\/uploads\/2024\/04\/akuku-logo.svg","width":114,"height":50,"caption":"Akuku.com.pl"},"image":{"@id":"https:\/\/akuku.com.pl\/fr\/#\/schema\/logo\/image\/"},"sameAs":["https:\/\/www.facebook.com\/markaAKUKU"]}]}},"_links":{"self":[{"href":"https:\/\/akuku.com.pl\/fr\/wp-json\/wp\/v2\/product\/7404","targetHints":{"allow":["GET"]}}],"collection":[{"href":"https:\/\/akuku.com.pl\/fr\/wp-json\/wp\/v2\/product"}],"about":[{"href":"https:\/\/akuku.com.pl\/fr\/wp-json\/wp\/v2\/types\/product"}],"wp:featuredmedia":[{"embeddable":true,"href":"https:\/\/akuku.com.pl\/fr\/wp-json\/wp\/v2\/media\/7392"}],"wp:attachment":[{"href":"https:\/\/akuku.com.pl\/fr\/wp-json\/wp\/v2\/media?parent=7404"}],"wp:term":[{"taxonomy":"product_cat","embeddable":true,"href":"https:\/\/akuku.com.pl\/fr\/wp-json\/wp\/v2\/product_cat?post=7404"},{"taxonomy":"product_tag","embeddable":true,"href":"https:\/\/akuku.com.pl\/fr\/wp-json\/wp\/v2\/product_tag?post=7404"}],"curies":[{"name":"wp","href":"https:\/\/api.w.org\/{rel}","templated":true}]}}