{"id":7104,"date":"2024-07-04T22:39:09","date_gmt":"2024-07-04T20:39:09","guid":{"rendered":"https:\/\/wp.akuku.com.pl\/sklep\/non%20class\u00e9\/sachets-steriles-pour-conservation-de-la-nourriture-30-pcs-a0011\/"},"modified":"2024-07-29T21:54:45","modified_gmt":"2024-07-29T19:54:45","slug":"sachets-steriles-pour-conservation-de-la-nourriture-30-pcs-a0011","status":"publish","type":"product","link":"https:\/\/akuku.com.pl\/fr\/catalogue-de-produits\/nutrition\/accessories-fr\/sachets-steriles-pour-conserver-la-nourriture\/sachets-steriles-pour-conservation-de-la-nourriture-30-pcs-a0011\/","title":{"rendered":"Sachets st\u00e9riles pour conservation de la nourriture (30 pcs.)"},"content":{"rendered":"<div class=\"textWrap\">\n<p>Sachets st\u00e9riles pour conservation de la nourriture (30 pcs.) A0011<\/p>\n<p>Des sachets st\u00e9riles jetables sont utilis\u00e9s pour conserver et\/ou congeler la nourriture. <br \/>Ils r\u00e9pondent aux normes d&rsquo;hygi\u00e8ne les plus \u00e9lev\u00e9es gr\u00e2ce \u00e0 la st\u00e9rilisation par faisceau d\u2019\u00e9lectrons E. <br \/>Le fond du sac, stabilis\u00e9, permet de stocker la nourriture verticalement, ce qui est tr\u00e8s pratique et prot\u00e8ge contre le d\u00e9bordement. <br \/>Une double, \u00e9tanche fermeture facilite l&rsquo;ouverture et assure la s\u00e9curit\u00e9 de la nourriture, en la prot\u00e9geant contre la p\u00e9n\u00e9tration des odeurs. <br \/>Gr\u00e2ce \u00e0 la graduation imprim\u00e9e sur chaque sachet, vous pouvez mesurer avec pr\u00e9cision la quantit\u00e9 du lait souhait\u00e9e, <br \/>marquer la date, l&rsquo;heure et la quantit\u00e9 de lait exprim\u00e9e sur l&rsquo;\u00e9tiquette blanche du sac.<\/p>\n<p>M\u00e9thode de conservation:<br \/> lait fra\u00eechement exprim\u00e9 lait maternel d\u00e9congel\u00e9 <br \/>r\u00e9frig\u00e9rateur (+4\u00b0C) jusqu&rsquo;\u00e0 96 heures jusqu&rsquo;\u00e0 24 heures<br \/>cong\u00e9lateur (-20\u00b0C) 3-6 mois ne pas recong\u00e9ler<\/p>\n<p>M\u00e9thode de d\u00e9cong\u00e9lation :<br \/>\u2022 utiliser le bain d\u2019eau chaude dont la temp\u00e9rature ne d\u00e9passe pas 50\u00b0C pour ti\u00e9dissement progressif de la nourriture. <br \/>Cependant, il est recommand\u00e9 de d\u00e9congeler lentement toute la nuit au r\u00e9frig\u00e9rateur jusqu&rsquo;\u00e0 ce qu\u2019elle atteigne une consistance liquide. <br \/>\u2022 ne pas d\u00e9congeler au micro-ondes ou par cuisson. <br \/>\u2022 v\u00e9rifiez la temp\u00e9rature de la nourriture avant de la passer \u00e0 l\u2019enfant.<br \/>Avertissements:<br \/>\u2022 produit jetable \u00e0 usage unique ;<br \/>\u2022 avant d&rsquo;utiliser les sachets, respectez les r\u00e8gles d\u2019hygi\u00e8ne en vous lavant soigneusement les mains ;<br \/>\u2022 seul le lait frais doit \u00eatre congel\u00e9 ;<br \/>\u2022 ne jamais m\u00e9langer de la nourriture d\u00e9congel\u00e9e avec de la nourriture fraiche;<br \/>\u2022 ne jamais recongeler du lait pr\u00e9alablement d\u00e9congel\u00e9 ;<br \/>\u2022 ne remplissez jamais le sachet de liquides chauds ;<br \/>\u2022 jeter les restes de nourriture ;<br \/>\u2022 les sachets doivent \u00eatre rang\u00e9s hors de port\u00e9e des enfants.<br \/>Ce produit ne contient pas de bisph\u00e9nol A.<br \/>Capacit\u00e9 du sac : 150 ml<br \/>Un paquet contient 30 sachets<\/p>\n<p>\u00a0<\/p>\n<p>\u00a0<img decoding=\"async\" alt=\"\" src=\"https:\/\/ect.h2g.pl\/akuku\/images\/004.png\" \/>\u00a0\u00a0<img decoding=\"async\" alt=\"\" src=\"https:\/\/akuku.com.pl\/wp-content\/uploads\/2024\/09\/BPA-Free-logo-png_1.png\" \/>\u00a0\u00a0<\/p>\n<\/div>\n","protected":false},"excerpt":{"rendered":"<p>Sachets st\u00e9riles pour conservation de la nourriture (30 pcs.) A0011 Des sachets st\u00e9riles jetables sont utilis\u00e9s pour conserver et\/ou congeler la nourriture. Ils r\u00e9pondent aux normes d&rsquo;hygi\u00e8ne les plus \u00e9lev\u00e9es gr\u00e2ce \u00e0 la st\u00e9rilisation par faisceau d\u2019\u00e9lectrons E. Le fond du sac, stabilis\u00e9, permet de stocker la nourriture verticalement, ce qui est tr\u00e8s pratique et [&hellip;]<\/p>\n","protected":false},"featured_media":7095,"template":"","meta":[],"product_cat":[3333,3351],"product_tag":[],"class_list":{"0":"post-7104","1":"product","2":"type-product","3":"status-publish","4":"has-post-thumbnail","6":"product_cat-nutrition","7":"product_cat-sachets-steriles-pour-conserver-la-nourriture","9":"first","10":"instock","11":"shipping-taxable","12":"product-type-simple"},"yoast_head":"<!-- This site is optimized with the Yoast SEO plugin v26.2 - https:\/\/yoast.com\/wordpress\/plugins\/seo\/ -->\n<title>Sachets st\u00e9riles pour conservation de la nourriture (30 pcs.) - Akuku<\/title>\n<meta name=\"description\" content=\"Sprawd\u017a nasz produkt: Sachets st\u00e9riles pour conservation de la nourriture (30 pcs.). Produkty Akuku - odpowiednie dla mam i niemowl\u0105t!\" \/>\n<meta name=\"robots\" content=\"index, follow, max-snippet:-1, max-image-preview:large, max-video-preview:-1\" \/>\n<link rel=\"canonical\" href=\"https:\/\/akuku.com.pl\/fr\/catalogue-de-produits\/nutrition\/accessories-fr\/sachets-steriles-pour-conserver-la-nourriture\/sachets-steriles-pour-conservation-de-la-nourriture-30-pcs-a0011\/\" \/>\n<meta property=\"og:locale\" content=\"fr_FR\" \/>\n<meta property=\"og:type\" content=\"article\" \/>\n<meta property=\"og:title\" content=\"Sachets st\u00e9riles pour conservation de la nourriture (30 pcs.) - Akuku\" \/>\n<meta property=\"og:description\" content=\"Sprawd\u017a nasz produkt: Sachets st\u00e9riles pour conservation de la nourriture (30 pcs.). Produkty Akuku - odpowiednie dla mam i niemowl\u0105t!\" \/>\n<meta property=\"og:url\" content=\"https:\/\/akuku.com.pl\/fr\/catalogue-de-produits\/nutrition\/accessories-fr\/sachets-steriles-pour-conserver-la-nourriture\/sachets-steriles-pour-conservation-de-la-nourriture-30-pcs-a0011\/\" \/>\n<meta property=\"og:site_name\" content=\"Akuku\" \/>\n<meta property=\"article:publisher\" content=\"https:\/\/www.facebook.com\/markaAKUKU\" \/>\n<meta property=\"article:modified_time\" content=\"2024-07-29T19:54:45+00:00\" \/>\n<meta property=\"og:image\" content=\"https:\/\/akuku.com.pl\/wp-content\/uploads\/2024\/07\/a0011-4b-1.jpeg\" \/>\n\t<meta property=\"og:image:width\" content=\"720\" \/>\n\t<meta property=\"og:image:height\" content=\"720\" \/>\n\t<meta property=\"og:image:type\" content=\"image\/jpeg\" \/>\n<meta name=\"twitter:card\" content=\"summary_large_image\" \/>\n<meta name=\"twitter:label1\" content=\"Dur\u00e9e de lecture estim\u00e9e\" \/>\n\t<meta name=\"twitter:data1\" content=\"2 minutes\" \/>\n<script type=\"application\/ld+json\" class=\"yoast-schema-graph\">{\"@context\":\"https:\/\/schema.org\",\"@graph\":[{\"@type\":\"WebPage\",\"@id\":\"https:\/\/akuku.com.pl\/fr\/catalogue-de-produits\/nutrition\/accessories-fr\/sachets-steriles-pour-conserver-la-nourriture\/sachets-steriles-pour-conservation-de-la-nourriture-30-pcs-a0011\/\",\"url\":\"https:\/\/akuku.com.pl\/fr\/catalogue-de-produits\/nutrition\/accessories-fr\/sachets-steriles-pour-conserver-la-nourriture\/sachets-steriles-pour-conservation-de-la-nourriture-30-pcs-a0011\/\",\"name\":\"Sachets st\u00e9riles pour conservation de la nourriture (30 pcs.) - Akuku\",\"isPartOf\":{\"@id\":\"https:\/\/akuku.com.pl\/fr\/#website\"},\"primaryImageOfPage\":{\"@id\":\"https:\/\/akuku.com.pl\/fr\/catalogue-de-produits\/nutrition\/accessories-fr\/sachets-steriles-pour-conserver-la-nourriture\/sachets-steriles-pour-conservation-de-la-nourriture-30-pcs-a0011\/#primaryimage\"},\"image\":{\"@id\":\"https:\/\/akuku.com.pl\/fr\/catalogue-de-produits\/nutrition\/accessories-fr\/sachets-steriles-pour-conserver-la-nourriture\/sachets-steriles-pour-conservation-de-la-nourriture-30-pcs-a0011\/#primaryimage\"},\"thumbnailUrl\":\"https:\/\/akuku.com.pl\/wp-content\/uploads\/2024\/07\/a0011-4b-1.jpeg\",\"datePublished\":\"2024-07-04T20:39:09+00:00\",\"dateModified\":\"2024-07-29T19:54:45+00:00\",\"description\":\"Sprawd\u017a nasz produkt: Sachets st\u00e9riles pour conservation de la nourriture (30 pcs.). Produkty Akuku - odpowiednie dla mam i niemowl\u0105t!\",\"breadcrumb\":{\"@id\":\"https:\/\/akuku.com.pl\/fr\/catalogue-de-produits\/nutrition\/accessories-fr\/sachets-steriles-pour-conserver-la-nourriture\/sachets-steriles-pour-conservation-de-la-nourriture-30-pcs-a0011\/#breadcrumb\"},\"inLanguage\":\"fr-FR\",\"potentialAction\":[{\"@type\":\"ReadAction\",\"target\":[\"https:\/\/akuku.com.pl\/fr\/catalogue-de-produits\/nutrition\/accessories-fr\/sachets-steriles-pour-conserver-la-nourriture\/sachets-steriles-pour-conservation-de-la-nourriture-30-pcs-a0011\/\"]}]},{\"@type\":\"ImageObject\",\"inLanguage\":\"fr-FR\",\"@id\":\"https:\/\/akuku.com.pl\/fr\/catalogue-de-produits\/nutrition\/accessories-fr\/sachets-steriles-pour-conserver-la-nourriture\/sachets-steriles-pour-conservation-de-la-nourriture-30-pcs-a0011\/#primaryimage\",\"url\":\"https:\/\/akuku.com.pl\/wp-content\/uploads\/2024\/07\/a0011-4b-1.jpeg\",\"contentUrl\":\"https:\/\/akuku.com.pl\/wp-content\/uploads\/2024\/07\/a0011-4b-1.jpeg\",\"width\":720,\"height\":720},{\"@type\":\"BreadcrumbList\",\"@id\":\"https:\/\/akuku.com.pl\/fr\/catalogue-de-produits\/nutrition\/accessories-fr\/sachets-steriles-pour-conserver-la-nourriture\/sachets-steriles-pour-conservation-de-la-nourriture-30-pcs-a0011\/#breadcrumb\",\"itemListElement\":[{\"@type\":\"ListItem\",\"position\":1,\"name\":\"Strona g\u0142\u00f3wna\",\"item\":\"https:\/\/akuku.com.pl\/fr\/\"},{\"@type\":\"ListItem\",\"position\":2,\"name\":\"Boutique\",\"item\":\"https:\/\/akuku.com.pl\/wszystkie-produkty\/\"},{\"@type\":\"ListItem\",\"position\":3,\"name\":\"Sachets st\u00e9riles pour conservation de la nourriture (30 pcs.)\"}]},{\"@type\":\"WebSite\",\"@id\":\"https:\/\/akuku.com.pl\/fr\/#website\",\"url\":\"https:\/\/akuku.com.pl\/fr\/\",\"name\":\"Akuku.com.pl\",\"description\":\"\",\"publisher\":{\"@id\":\"https:\/\/akuku.com.pl\/fr\/#organization\"},\"potentialAction\":[{\"@type\":\"SearchAction\",\"target\":{\"@type\":\"EntryPoint\",\"urlTemplate\":\"https:\/\/akuku.com.pl\/fr\/?s={search_term_string}\"},\"query-input\":{\"@type\":\"PropertyValueSpecification\",\"valueRequired\":true,\"valueName\":\"search_term_string\"}}],\"inLanguage\":\"fr-FR\"},{\"@type\":\"Organization\",\"@id\":\"https:\/\/akuku.com.pl\/fr\/#organization\",\"name\":\"Akuku.com.pl\",\"url\":\"https:\/\/akuku.com.pl\/fr\/\",\"logo\":{\"@type\":\"ImageObject\",\"inLanguage\":\"fr-FR\",\"@id\":\"https:\/\/akuku.com.pl\/fr\/#\/schema\/logo\/image\/\",\"url\":\"https:\/\/akuku.com.pl\/wp-content\/uploads\/2024\/04\/akuku-logo.svg\",\"contentUrl\":\"https:\/\/akuku.com.pl\/wp-content\/uploads\/2024\/04\/akuku-logo.svg\",\"width\":114,\"height\":50,\"caption\":\"Akuku.com.pl\"},\"image\":{\"@id\":\"https:\/\/akuku.com.pl\/fr\/#\/schema\/logo\/image\/\"},\"sameAs\":[\"https:\/\/www.facebook.com\/markaAKUKU\"]}]}<\/script>\n<!-- \/ Yoast SEO plugin. -->","yoast_head_json":{"title":"Sachets st\u00e9riles pour conservation de la nourriture (30 pcs.) - Akuku","description":"Sprawd\u017a nasz produkt: Sachets st\u00e9riles pour conservation de la nourriture (30 pcs.). Produkty Akuku - odpowiednie dla mam i niemowl\u0105t!","robots":{"index":"index","follow":"follow","max-snippet":"max-snippet:-1","max-image-preview":"max-image-preview:large","max-video-preview":"max-video-preview:-1"},"canonical":"https:\/\/akuku.com.pl\/fr\/catalogue-de-produits\/nutrition\/accessories-fr\/sachets-steriles-pour-conserver-la-nourriture\/sachets-steriles-pour-conservation-de-la-nourriture-30-pcs-a0011\/","og_locale":"fr_FR","og_type":"article","og_title":"Sachets st\u00e9riles pour conservation de la nourriture (30 pcs.) - Akuku","og_description":"Sprawd\u017a nasz produkt: Sachets st\u00e9riles pour conservation de la nourriture (30 pcs.). Produkty Akuku - odpowiednie dla mam i niemowl\u0105t!","og_url":"https:\/\/akuku.com.pl\/fr\/catalogue-de-produits\/nutrition\/accessories-fr\/sachets-steriles-pour-conserver-la-nourriture\/sachets-steriles-pour-conservation-de-la-nourriture-30-pcs-a0011\/","og_site_name":"Akuku","article_publisher":"https:\/\/www.facebook.com\/markaAKUKU","article_modified_time":"2024-07-29T19:54:45+00:00","og_image":[{"width":720,"height":720,"url":"https:\/\/akuku.com.pl\/wp-content\/uploads\/2024\/07\/a0011-4b-1.jpeg","type":"image\/jpeg"}],"twitter_card":"summary_large_image","twitter_misc":{"Dur\u00e9e de lecture estim\u00e9e":"2 minutes"},"schema":{"@context":"https:\/\/schema.org","@graph":[{"@type":"WebPage","@id":"https:\/\/akuku.com.pl\/fr\/catalogue-de-produits\/nutrition\/accessories-fr\/sachets-steriles-pour-conserver-la-nourriture\/sachets-steriles-pour-conservation-de-la-nourriture-30-pcs-a0011\/","url":"https:\/\/akuku.com.pl\/fr\/catalogue-de-produits\/nutrition\/accessories-fr\/sachets-steriles-pour-conserver-la-nourriture\/sachets-steriles-pour-conservation-de-la-nourriture-30-pcs-a0011\/","name":"Sachets st\u00e9riles pour conservation de la nourriture (30 pcs.) - Akuku","isPartOf":{"@id":"https:\/\/akuku.com.pl\/fr\/#website"},"primaryImageOfPage":{"@id":"https:\/\/akuku.com.pl\/fr\/catalogue-de-produits\/nutrition\/accessories-fr\/sachets-steriles-pour-conserver-la-nourriture\/sachets-steriles-pour-conservation-de-la-nourriture-30-pcs-a0011\/#primaryimage"},"image":{"@id":"https:\/\/akuku.com.pl\/fr\/catalogue-de-produits\/nutrition\/accessories-fr\/sachets-steriles-pour-conserver-la-nourriture\/sachets-steriles-pour-conservation-de-la-nourriture-30-pcs-a0011\/#primaryimage"},"thumbnailUrl":"https:\/\/akuku.com.pl\/wp-content\/uploads\/2024\/07\/a0011-4b-1.jpeg","datePublished":"2024-07-04T20:39:09+00:00","dateModified":"2024-07-29T19:54:45+00:00","description":"Sprawd\u017a nasz produkt: Sachets st\u00e9riles pour conservation de la nourriture (30 pcs.). Produkty Akuku - odpowiednie dla mam i niemowl\u0105t!","breadcrumb":{"@id":"https:\/\/akuku.com.pl\/fr\/catalogue-de-produits\/nutrition\/accessories-fr\/sachets-steriles-pour-conserver-la-nourriture\/sachets-steriles-pour-conservation-de-la-nourriture-30-pcs-a0011\/#breadcrumb"},"inLanguage":"fr-FR","potentialAction":[{"@type":"ReadAction","target":["https:\/\/akuku.com.pl\/fr\/catalogue-de-produits\/nutrition\/accessories-fr\/sachets-steriles-pour-conserver-la-nourriture\/sachets-steriles-pour-conservation-de-la-nourriture-30-pcs-a0011\/"]}]},{"@type":"ImageObject","inLanguage":"fr-FR","@id":"https:\/\/akuku.com.pl\/fr\/catalogue-de-produits\/nutrition\/accessories-fr\/sachets-steriles-pour-conserver-la-nourriture\/sachets-steriles-pour-conservation-de-la-nourriture-30-pcs-a0011\/#primaryimage","url":"https:\/\/akuku.com.pl\/wp-content\/uploads\/2024\/07\/a0011-4b-1.jpeg","contentUrl":"https:\/\/akuku.com.pl\/wp-content\/uploads\/2024\/07\/a0011-4b-1.jpeg","width":720,"height":720},{"@type":"BreadcrumbList","@id":"https:\/\/akuku.com.pl\/fr\/catalogue-de-produits\/nutrition\/accessories-fr\/sachets-steriles-pour-conserver-la-nourriture\/sachets-steriles-pour-conservation-de-la-nourriture-30-pcs-a0011\/#breadcrumb","itemListElement":[{"@type":"ListItem","position":1,"name":"Strona g\u0142\u00f3wna","item":"https:\/\/akuku.com.pl\/fr\/"},{"@type":"ListItem","position":2,"name":"Boutique","item":"https:\/\/akuku.com.pl\/wszystkie-produkty\/"},{"@type":"ListItem","position":3,"name":"Sachets st\u00e9riles pour conservation de la nourriture (30 pcs.)"}]},{"@type":"WebSite","@id":"https:\/\/akuku.com.pl\/fr\/#website","url":"https:\/\/akuku.com.pl\/fr\/","name":"Akuku.com.pl","description":"","publisher":{"@id":"https:\/\/akuku.com.pl\/fr\/#organization"},"potentialAction":[{"@type":"SearchAction","target":{"@type":"EntryPoint","urlTemplate":"https:\/\/akuku.com.pl\/fr\/?s={search_term_string}"},"query-input":{"@type":"PropertyValueSpecification","valueRequired":true,"valueName":"search_term_string"}}],"inLanguage":"fr-FR"},{"@type":"Organization","@id":"https:\/\/akuku.com.pl\/fr\/#organization","name":"Akuku.com.pl","url":"https:\/\/akuku.com.pl\/fr\/","logo":{"@type":"ImageObject","inLanguage":"fr-FR","@id":"https:\/\/akuku.com.pl\/fr\/#\/schema\/logo\/image\/","url":"https:\/\/akuku.com.pl\/wp-content\/uploads\/2024\/04\/akuku-logo.svg","contentUrl":"https:\/\/akuku.com.pl\/wp-content\/uploads\/2024\/04\/akuku-logo.svg","width":114,"height":50,"caption":"Akuku.com.pl"},"image":{"@id":"https:\/\/akuku.com.pl\/fr\/#\/schema\/logo\/image\/"},"sameAs":["https:\/\/www.facebook.com\/markaAKUKU"]}]}},"_links":{"self":[{"href":"https:\/\/akuku.com.pl\/fr\/wp-json\/wp\/v2\/product\/7104","targetHints":{"allow":["GET"]}}],"collection":[{"href":"https:\/\/akuku.com.pl\/fr\/wp-json\/wp\/v2\/product"}],"about":[{"href":"https:\/\/akuku.com.pl\/fr\/wp-json\/wp\/v2\/types\/product"}],"wp:featuredmedia":[{"embeddable":true,"href":"https:\/\/akuku.com.pl\/fr\/wp-json\/wp\/v2\/media\/7095"}],"wp:attachment":[{"href":"https:\/\/akuku.com.pl\/fr\/wp-json\/wp\/v2\/media?parent=7104"}],"wp:term":[{"taxonomy":"product_cat","embeddable":true,"href":"https:\/\/akuku.com.pl\/fr\/wp-json\/wp\/v2\/product_cat?post=7104"},{"taxonomy":"product_tag","embeddable":true,"href":"https:\/\/akuku.com.pl\/fr\/wp-json\/wp\/v2\/product_tag?post=7104"}],"curies":[{"name":"wp","href":"https:\/\/api.w.org\/{rel}","templated":true}]}}