{"id":7072,"date":"2024-07-04T22:38:44","date_gmt":"2024-07-04T20:38:44","guid":{"rendered":"https:\/\/wp.akuku.com.pl\/sklep\/non%20class\u00e9\/goupillon-a-nettoyer-les-biberons-et-tetines-rose-a0571\/"},"modified":"2024-07-29T21:54:48","modified_gmt":"2024-07-29T19:54:48","slug":"goupillon-a-nettoyer-les-biberons-et-tetines-rose-a0571","status":"publish","type":"product","link":"https:\/\/akuku.com.pl\/fr\/catalogue-de-produits\/nutrition\/goupillon-a-nettoyer-les-biberons-et-tetines-rose-a0571\/","title":{"rendered":"Goupillon \u00e0 nettoyer les biberons et t\u00e9tines rose"},"content":{"rendered":"<div class=\"textWrap\">\n<p>\u00a0<\/p>\n<p>Goupillon \u00e0 nettoyer les biberons et t\u00e9tines A0571<\/p>\n<p>Lot de goupillons (grand et petit) fabriqu\u00e9 pour un nettoyage profond de vos biberons et t\u00e9tines. <br \/>Il permet d&rsquo;\u00e9liminer avec pr\u00e9cision la salet\u00e9 des coins difficiles. <br \/>Fabriqu\u00e9 avec de la mati\u00e8re premi\u00e8re s\u00fbre. Couleur rose.<br \/>N&rsquo;oubliez pas de laver les biberons et les t\u00e9tines imm\u00e9diatement apr\u00e8s avoir nourri votre b\u00e9b\u00e9.<br \/>Le goupillon doit rester propre.<\/p>\n<\/div>\n","protected":false},"excerpt":{"rendered":"<p>\u00a0 Goupillon \u00e0 nettoyer les biberons et t\u00e9tines A0571 Lot de goupillons (grand et petit) fabriqu\u00e9 pour un nettoyage profond de vos biberons et t\u00e9tines. Il permet d&rsquo;\u00e9liminer avec pr\u00e9cision la salet\u00e9 des coins difficiles. Fabriqu\u00e9 avec de la mati\u00e8re premi\u00e8re s\u00fbre. Couleur rose.N&rsquo;oubliez pas de laver les biberons et les t\u00e9tines imm\u00e9diatement apr\u00e8s avoir [&hellip;]<\/p>\n","protected":false},"featured_media":7069,"template":"","meta":[],"product_cat":[3333],"product_tag":[],"class_list":{"0":"post-7072","1":"product","2":"type-product","3":"status-publish","4":"has-post-thumbnail","6":"product_cat-nutrition","8":"first","9":"instock","10":"shipping-taxable","11":"product-type-simple"},"yoast_head":"<!-- This site is optimized with the Yoast SEO plugin v26.2 - https:\/\/yoast.com\/wordpress\/plugins\/seo\/ -->\n<title>Goupillon \u00e0 nettoyer les biberons et t\u00e9tines rose - Akuku<\/title>\n<meta name=\"description\" content=\"Sprawd\u017a nasz produkt: Goupillon \u00e0 nettoyer les biberons et t\u00e9tines rose. Produkty Akuku - odpowiednie dla mam i niemowl\u0105t!\" \/>\n<meta name=\"robots\" content=\"index, follow, max-snippet:-1, max-image-preview:large, max-video-preview:-1\" \/>\n<link rel=\"canonical\" href=\"https:\/\/akuku.com.pl\/fr\/catalogue-de-produits\/nutrition\/goupillon-a-nettoyer-les-biberons-et-tetines-rose-a0571\/\" \/>\n<meta property=\"og:locale\" content=\"fr_FR\" \/>\n<meta property=\"og:type\" content=\"article\" \/>\n<meta property=\"og:title\" content=\"Goupillon \u00e0 nettoyer les biberons et t\u00e9tines rose - Akuku\" \/>\n<meta property=\"og:description\" content=\"Sprawd\u017a nasz produkt: Goupillon \u00e0 nettoyer les biberons et t\u00e9tines rose. Produkty Akuku - odpowiednie dla mam i niemowl\u0105t!\" \/>\n<meta property=\"og:url\" content=\"https:\/\/akuku.com.pl\/fr\/catalogue-de-produits\/nutrition\/goupillon-a-nettoyer-les-biberons-et-tetines-rose-a0571\/\" \/>\n<meta property=\"og:site_name\" content=\"Akuku\" \/>\n<meta property=\"article:publisher\" content=\"https:\/\/www.facebook.com\/markaAKUKU\" \/>\n<meta property=\"article:modified_time\" content=\"2024-07-29T19:54:48+00:00\" \/>\n<meta property=\"og:image\" content=\"https:\/\/akuku.com.pl\/wp-content\/uploads\/2024\/07\/A0337_1_szczotka_rowa-1.jpg\" \/>\n\t<meta property=\"og:image:width\" content=\"1000\" \/>\n\t<meta property=\"og:image:height\" content=\"1000\" \/>\n\t<meta property=\"og:image:type\" content=\"image\/jpeg\" \/>\n<meta name=\"twitter:card\" content=\"summary_large_image\" \/>\n<script type=\"application\/ld+json\" class=\"yoast-schema-graph\">{\"@context\":\"https:\/\/schema.org\",\"@graph\":[{\"@type\":\"WebPage\",\"@id\":\"https:\/\/akuku.com.pl\/fr\/catalogue-de-produits\/nutrition\/goupillon-a-nettoyer-les-biberons-et-tetines-rose-a0571\/\",\"url\":\"https:\/\/akuku.com.pl\/fr\/catalogue-de-produits\/nutrition\/goupillon-a-nettoyer-les-biberons-et-tetines-rose-a0571\/\",\"name\":\"Goupillon \u00e0 nettoyer les biberons et t\u00e9tines rose - Akuku\",\"isPartOf\":{\"@id\":\"https:\/\/akuku.com.pl\/fr\/#website\"},\"primaryImageOfPage\":{\"@id\":\"https:\/\/akuku.com.pl\/fr\/catalogue-de-produits\/nutrition\/goupillon-a-nettoyer-les-biberons-et-tetines-rose-a0571\/#primaryimage\"},\"image\":{\"@id\":\"https:\/\/akuku.com.pl\/fr\/catalogue-de-produits\/nutrition\/goupillon-a-nettoyer-les-biberons-et-tetines-rose-a0571\/#primaryimage\"},\"thumbnailUrl\":\"https:\/\/akuku.com.pl\/wp-content\/uploads\/2024\/07\/A0337_1_szczotka_rowa-1.jpg\",\"datePublished\":\"2024-07-04T20:38:44+00:00\",\"dateModified\":\"2024-07-29T19:54:48+00:00\",\"description\":\"Sprawd\u017a nasz produkt: Goupillon \u00e0 nettoyer les biberons et t\u00e9tines rose. Produkty Akuku - odpowiednie dla mam i niemowl\u0105t!\",\"breadcrumb\":{\"@id\":\"https:\/\/akuku.com.pl\/fr\/catalogue-de-produits\/nutrition\/goupillon-a-nettoyer-les-biberons-et-tetines-rose-a0571\/#breadcrumb\"},\"inLanguage\":\"fr-FR\",\"potentialAction\":[{\"@type\":\"ReadAction\",\"target\":[\"https:\/\/akuku.com.pl\/fr\/catalogue-de-produits\/nutrition\/goupillon-a-nettoyer-les-biberons-et-tetines-rose-a0571\/\"]}]},{\"@type\":\"ImageObject\",\"inLanguage\":\"fr-FR\",\"@id\":\"https:\/\/akuku.com.pl\/fr\/catalogue-de-produits\/nutrition\/goupillon-a-nettoyer-les-biberons-et-tetines-rose-a0571\/#primaryimage\",\"url\":\"https:\/\/akuku.com.pl\/wp-content\/uploads\/2024\/07\/A0337_1_szczotka_rowa-1.jpg\",\"contentUrl\":\"https:\/\/akuku.com.pl\/wp-content\/uploads\/2024\/07\/A0337_1_szczotka_rowa-1.jpg\",\"width\":1000,\"height\":1000,\"caption\":\"Goupillon \u00e0 nettoyer les biberons et t\u00e9tines rose A0571\"},{\"@type\":\"BreadcrumbList\",\"@id\":\"https:\/\/akuku.com.pl\/fr\/catalogue-de-produits\/nutrition\/goupillon-a-nettoyer-les-biberons-et-tetines-rose-a0571\/#breadcrumb\",\"itemListElement\":[{\"@type\":\"ListItem\",\"position\":1,\"name\":\"Strona g\u0142\u00f3wna\",\"item\":\"https:\/\/akuku.com.pl\/fr\/\"},{\"@type\":\"ListItem\",\"position\":2,\"name\":\"Boutique\",\"item\":\"https:\/\/akuku.com.pl\/wszystkie-produkty\/\"},{\"@type\":\"ListItem\",\"position\":3,\"name\":\"Goupillon \u00e0 nettoyer les biberons et t\u00e9tines rose\"}]},{\"@type\":\"WebSite\",\"@id\":\"https:\/\/akuku.com.pl\/fr\/#website\",\"url\":\"https:\/\/akuku.com.pl\/fr\/\",\"name\":\"Akuku.com.pl\",\"description\":\"\",\"publisher\":{\"@id\":\"https:\/\/akuku.com.pl\/fr\/#organization\"},\"potentialAction\":[{\"@type\":\"SearchAction\",\"target\":{\"@type\":\"EntryPoint\",\"urlTemplate\":\"https:\/\/akuku.com.pl\/fr\/?s={search_term_string}\"},\"query-input\":{\"@type\":\"PropertyValueSpecification\",\"valueRequired\":true,\"valueName\":\"search_term_string\"}}],\"inLanguage\":\"fr-FR\"},{\"@type\":\"Organization\",\"@id\":\"https:\/\/akuku.com.pl\/fr\/#organization\",\"name\":\"Akuku.com.pl\",\"url\":\"https:\/\/akuku.com.pl\/fr\/\",\"logo\":{\"@type\":\"ImageObject\",\"inLanguage\":\"fr-FR\",\"@id\":\"https:\/\/akuku.com.pl\/fr\/#\/schema\/logo\/image\/\",\"url\":\"https:\/\/akuku.com.pl\/wp-content\/uploads\/2024\/04\/akuku-logo.svg\",\"contentUrl\":\"https:\/\/akuku.com.pl\/wp-content\/uploads\/2024\/04\/akuku-logo.svg\",\"width\":114,\"height\":50,\"caption\":\"Akuku.com.pl\"},\"image\":{\"@id\":\"https:\/\/akuku.com.pl\/fr\/#\/schema\/logo\/image\/\"},\"sameAs\":[\"https:\/\/www.facebook.com\/markaAKUKU\"]}]}<\/script>\n<!-- \/ Yoast SEO plugin. -->","yoast_head_json":{"title":"Goupillon \u00e0 nettoyer les biberons et t\u00e9tines rose - Akuku","description":"Sprawd\u017a nasz produkt: Goupillon \u00e0 nettoyer les biberons et t\u00e9tines rose. Produkty Akuku - odpowiednie dla mam i niemowl\u0105t!","robots":{"index":"index","follow":"follow","max-snippet":"max-snippet:-1","max-image-preview":"max-image-preview:large","max-video-preview":"max-video-preview:-1"},"canonical":"https:\/\/akuku.com.pl\/fr\/catalogue-de-produits\/nutrition\/goupillon-a-nettoyer-les-biberons-et-tetines-rose-a0571\/","og_locale":"fr_FR","og_type":"article","og_title":"Goupillon \u00e0 nettoyer les biberons et t\u00e9tines rose - Akuku","og_description":"Sprawd\u017a nasz produkt: Goupillon \u00e0 nettoyer les biberons et t\u00e9tines rose. Produkty Akuku - odpowiednie dla mam i niemowl\u0105t!","og_url":"https:\/\/akuku.com.pl\/fr\/catalogue-de-produits\/nutrition\/goupillon-a-nettoyer-les-biberons-et-tetines-rose-a0571\/","og_site_name":"Akuku","article_publisher":"https:\/\/www.facebook.com\/markaAKUKU","article_modified_time":"2024-07-29T19:54:48+00:00","og_image":[{"width":1000,"height":1000,"url":"https:\/\/akuku.com.pl\/wp-content\/uploads\/2024\/07\/A0337_1_szczotka_rowa-1.jpg","type":"image\/jpeg"}],"twitter_card":"summary_large_image","schema":{"@context":"https:\/\/schema.org","@graph":[{"@type":"WebPage","@id":"https:\/\/akuku.com.pl\/fr\/catalogue-de-produits\/nutrition\/goupillon-a-nettoyer-les-biberons-et-tetines-rose-a0571\/","url":"https:\/\/akuku.com.pl\/fr\/catalogue-de-produits\/nutrition\/goupillon-a-nettoyer-les-biberons-et-tetines-rose-a0571\/","name":"Goupillon \u00e0 nettoyer les biberons et t\u00e9tines rose - Akuku","isPartOf":{"@id":"https:\/\/akuku.com.pl\/fr\/#website"},"primaryImageOfPage":{"@id":"https:\/\/akuku.com.pl\/fr\/catalogue-de-produits\/nutrition\/goupillon-a-nettoyer-les-biberons-et-tetines-rose-a0571\/#primaryimage"},"image":{"@id":"https:\/\/akuku.com.pl\/fr\/catalogue-de-produits\/nutrition\/goupillon-a-nettoyer-les-biberons-et-tetines-rose-a0571\/#primaryimage"},"thumbnailUrl":"https:\/\/akuku.com.pl\/wp-content\/uploads\/2024\/07\/A0337_1_szczotka_rowa-1.jpg","datePublished":"2024-07-04T20:38:44+00:00","dateModified":"2024-07-29T19:54:48+00:00","description":"Sprawd\u017a nasz produkt: Goupillon \u00e0 nettoyer les biberons et t\u00e9tines rose. Produkty Akuku - odpowiednie dla mam i niemowl\u0105t!","breadcrumb":{"@id":"https:\/\/akuku.com.pl\/fr\/catalogue-de-produits\/nutrition\/goupillon-a-nettoyer-les-biberons-et-tetines-rose-a0571\/#breadcrumb"},"inLanguage":"fr-FR","potentialAction":[{"@type":"ReadAction","target":["https:\/\/akuku.com.pl\/fr\/catalogue-de-produits\/nutrition\/goupillon-a-nettoyer-les-biberons-et-tetines-rose-a0571\/"]}]},{"@type":"ImageObject","inLanguage":"fr-FR","@id":"https:\/\/akuku.com.pl\/fr\/catalogue-de-produits\/nutrition\/goupillon-a-nettoyer-les-biberons-et-tetines-rose-a0571\/#primaryimage","url":"https:\/\/akuku.com.pl\/wp-content\/uploads\/2024\/07\/A0337_1_szczotka_rowa-1.jpg","contentUrl":"https:\/\/akuku.com.pl\/wp-content\/uploads\/2024\/07\/A0337_1_szczotka_rowa-1.jpg","width":1000,"height":1000,"caption":"Goupillon \u00e0 nettoyer les biberons et t\u00e9tines rose A0571"},{"@type":"BreadcrumbList","@id":"https:\/\/akuku.com.pl\/fr\/catalogue-de-produits\/nutrition\/goupillon-a-nettoyer-les-biberons-et-tetines-rose-a0571\/#breadcrumb","itemListElement":[{"@type":"ListItem","position":1,"name":"Strona g\u0142\u00f3wna","item":"https:\/\/akuku.com.pl\/fr\/"},{"@type":"ListItem","position":2,"name":"Boutique","item":"https:\/\/akuku.com.pl\/wszystkie-produkty\/"},{"@type":"ListItem","position":3,"name":"Goupillon \u00e0 nettoyer les biberons et t\u00e9tines rose"}]},{"@type":"WebSite","@id":"https:\/\/akuku.com.pl\/fr\/#website","url":"https:\/\/akuku.com.pl\/fr\/","name":"Akuku.com.pl","description":"","publisher":{"@id":"https:\/\/akuku.com.pl\/fr\/#organization"},"potentialAction":[{"@type":"SearchAction","target":{"@type":"EntryPoint","urlTemplate":"https:\/\/akuku.com.pl\/fr\/?s={search_term_string}"},"query-input":{"@type":"PropertyValueSpecification","valueRequired":true,"valueName":"search_term_string"}}],"inLanguage":"fr-FR"},{"@type":"Organization","@id":"https:\/\/akuku.com.pl\/fr\/#organization","name":"Akuku.com.pl","url":"https:\/\/akuku.com.pl\/fr\/","logo":{"@type":"ImageObject","inLanguage":"fr-FR","@id":"https:\/\/akuku.com.pl\/fr\/#\/schema\/logo\/image\/","url":"https:\/\/akuku.com.pl\/wp-content\/uploads\/2024\/04\/akuku-logo.svg","contentUrl":"https:\/\/akuku.com.pl\/wp-content\/uploads\/2024\/04\/akuku-logo.svg","width":114,"height":50,"caption":"Akuku.com.pl"},"image":{"@id":"https:\/\/akuku.com.pl\/fr\/#\/schema\/logo\/image\/"},"sameAs":["https:\/\/www.facebook.com\/markaAKUKU"]}]}},"_links":{"self":[{"href":"https:\/\/akuku.com.pl\/fr\/wp-json\/wp\/v2\/product\/7072","targetHints":{"allow":["GET"]}}],"collection":[{"href":"https:\/\/akuku.com.pl\/fr\/wp-json\/wp\/v2\/product"}],"about":[{"href":"https:\/\/akuku.com.pl\/fr\/wp-json\/wp\/v2\/types\/product"}],"wp:featuredmedia":[{"embeddable":true,"href":"https:\/\/akuku.com.pl\/fr\/wp-json\/wp\/v2\/media\/7069"}],"wp:attachment":[{"href":"https:\/\/akuku.com.pl\/fr\/wp-json\/wp\/v2\/media?parent=7072"}],"wp:term":[{"taxonomy":"product_cat","embeddable":true,"href":"https:\/\/akuku.com.pl\/fr\/wp-json\/wp\/v2\/product_cat?post=7072"},{"taxonomy":"product_tag","embeddable":true,"href":"https:\/\/akuku.com.pl\/fr\/wp-json\/wp\/v2\/product_tag?post=7072"}],"curies":[{"name":"wp","href":"https:\/\/api.w.org\/{rel}","templated":true}]}}