{"id":6997,"date":"2024-07-04T22:38:03","date_gmt":"2024-07-04T20:38:03","guid":{"rendered":"https:\/\/wp.akuku.com.pl\/sklep\/bez-kategorii\/szczotka-do-butelek-i-smoczkow-mis-a0573\/"},"modified":"2025-01-22T10:35:33","modified_gmt":"2025-01-22T09:35:33","slug":"szczotka-do-butelek-i-smoczkow-mis-a0573","status":"publish","type":"product","link":"https:\/\/akuku.com.pl\/fr\/katalog-produktow\/karmienie\/akcesoria-do-karmienia\/szczotki-do-czyszczenia-butelek-i-smoczkow\/szczotka-do-butelek-i-smoczkow-mis-a0573\/","title":{"rendered":"Szczotka do butelek i smoczk\u00f3w, Mi\u015b"},"content":{"rendered":"<p>&nbsp;<\/p>\n<p>Zestaw specjalnie zaprojektowanych szczotek (du\u017ca i ma\u0142a) <strong>do dok\u0142adnego mycia butelek i smoczk\u00f3w<\/strong>. Pozwalaj\u0105 na precyzyjne usuwanie zabrudze\u0144 w trudno dost\u0119pnych miejscach. <strong>Szczotka wykonana jest z trwa\u0142ych i bezpiecznych materia\u0142\u00f3w<\/strong>, nie zawieraj\u0105cych bisfenolu A.<\/p>\n<p>Dost\u0119pna tylko w kolorze r\u00f3\u017cowym.<\/p>\n<p>Pami\u0119taj, aby butelki i smoczki my\u0107 bezpo\u015brednio po karmieniu dziecka.<\/p>\n<p>Szczotk\u0119 nale\u017cy utrzymywa\u0107 w czysto\u015bci.<\/p>\n<p>&nbsp;<\/p>\n<p><img decoding=\"async\" src=\"https:\/\/akuku.com.pl\/wp-content\/uploads\/2024\/09\/BPA-Free-logo-png_1.png\" alt=\"\" \/>\u00a0 \u00a0 <img decoding=\"async\" src=\"https:\/\/ect.h2g.pl\/akuku\/images\/nie-do-uytku-w-zmywarce.jpg\" alt=\"\" \/><\/p>\n<p>&nbsp;<\/p>\n<p><strong>Ostrze\u017cenie!<\/strong> Produkt nie jest zabawk\u0105. Przechowuj go w miejscu niedost\u0119pnym dla dziecka.<\/p>\n<p>KOD EAN: 5907644005734<\/p>\n","protected":false},"excerpt":{"rendered":"<p>&nbsp; Zestaw specjalnie zaprojektowanych szczotek (du\u017ca i ma\u0142a) do dok\u0142adnego mycia butelek i smoczk\u00f3w. Pozwalaj\u0105 na precyzyjne usuwanie zabrudze\u0144 w trudno dost\u0119pnych miejscach. Szczotka wykonana jest z trwa\u0142ych i bezpiecznych materia\u0142\u00f3w, nie zawieraj\u0105cych bisfenolu A. Dost\u0119pna tylko w kolorze r\u00f3\u017cowym. Pami\u0119taj, aby butelki i smoczki my\u0107 bezpo\u015brednio po karmieniu dziecka. Szczotk\u0119 nale\u017cy utrzymywa\u0107 w czysto\u015bci. [&hellip;]<\/p>\n","protected":false},"featured_media":6994,"template":"","meta":[],"product_cat":[3331,3337,3343],"product_tag":[],"class_list":{"0":"post-6997","1":"product","2":"type-product","3":"status-publish","4":"has-post-thumbnail","6":"product_cat-karmienie","7":"product_cat-akcesoria-do-karmienia","8":"product_cat-szczotki-do-czyszczenia-butelek-i-smoczkow","10":"first","11":"instock","12":"shipping-taxable","13":"product-type-simple"},"yoast_head":"<!-- This site is optimized with the Yoast SEO plugin v26.2 - https:\/\/yoast.com\/wordpress\/plugins\/seo\/ -->\n<title>Szczotka do butelek i smoczk\u00f3w, Mi\u015b - Akuku<\/title>\n<meta name=\"description\" content=\"Sprawd\u017a nasz produkt: Szczotka do butelek i smoczk\u00f3w, Mi\u015b. Produkty Akuku - odpowiednie dla mam i niemowl\u0105t!\" \/>\n<meta name=\"robots\" content=\"index, follow, max-snippet:-1, max-image-preview:large, max-video-preview:-1\" \/>\n<link rel=\"canonical\" href=\"https:\/\/akuku.com.pl\/fr\/katalog-produktow\/karmienie\/akcesoria-do-karmienia\/szczotki-do-czyszczenia-butelek-i-smoczkow\/szczotka-do-butelek-i-smoczkow-mis-a0573\/\" \/>\n<meta property=\"og:locale\" content=\"fr_FR\" \/>\n<meta property=\"og:type\" content=\"article\" \/>\n<meta property=\"og:title\" content=\"Szczotka do butelek i smoczk\u00f3w, Mi\u015b - Akuku\" \/>\n<meta property=\"og:description\" content=\"Sprawd\u017a nasz produkt: Szczotka do butelek i smoczk\u00f3w, Mi\u015b. Produkty Akuku - odpowiednie dla mam i niemowl\u0105t!\" \/>\n<meta property=\"og:url\" content=\"https:\/\/akuku.com.pl\/fr\/katalog-produktow\/karmienie\/akcesoria-do-karmienia\/szczotki-do-czyszczenia-butelek-i-smoczkow\/szczotka-do-butelek-i-smoczkow-mis-a0573\/\" \/>\n<meta property=\"og:site_name\" content=\"Akuku\" \/>\n<meta property=\"article:publisher\" content=\"https:\/\/www.facebook.com\/markaAKUKU\" \/>\n<meta property=\"article:modified_time\" content=\"2025-01-22T09:35:33+00:00\" \/>\n<meta property=\"og:image\" content=\"https:\/\/akuku.com.pl\/wp-content\/uploads\/2024\/07\/a0573-szczotka-r-1.jpeg\" \/>\n\t<meta property=\"og:image:width\" content=\"720\" \/>\n\t<meta property=\"og:image:height\" content=\"720\" \/>\n\t<meta property=\"og:image:type\" content=\"image\/jpeg\" \/>\n<meta name=\"twitter:card\" content=\"summary_large_image\" \/>\n<meta name=\"twitter:label1\" content=\"Dur\u00e9e de lecture estim\u00e9e\" \/>\n\t<meta name=\"twitter:data1\" content=\"1 minute\" \/>\n<script type=\"application\/ld+json\" class=\"yoast-schema-graph\">{\"@context\":\"https:\/\/schema.org\",\"@graph\":[{\"@type\":\"WebPage\",\"@id\":\"https:\/\/akuku.com.pl\/fr\/katalog-produktow\/karmienie\/akcesoria-do-karmienia\/szczotki-do-czyszczenia-butelek-i-smoczkow\/szczotka-do-butelek-i-smoczkow-mis-a0573\/\",\"url\":\"https:\/\/akuku.com.pl\/fr\/katalog-produktow\/karmienie\/akcesoria-do-karmienia\/szczotki-do-czyszczenia-butelek-i-smoczkow\/szczotka-do-butelek-i-smoczkow-mis-a0573\/\",\"name\":\"Szczotka do butelek i smoczk\u00f3w, Mi\u015b - Akuku\",\"isPartOf\":{\"@id\":\"https:\/\/akuku.com.pl\/fr\/#website\"},\"primaryImageOfPage\":{\"@id\":\"https:\/\/akuku.com.pl\/fr\/katalog-produktow\/karmienie\/akcesoria-do-karmienia\/szczotki-do-czyszczenia-butelek-i-smoczkow\/szczotka-do-butelek-i-smoczkow-mis-a0573\/#primaryimage\"},\"image\":{\"@id\":\"https:\/\/akuku.com.pl\/fr\/katalog-produktow\/karmienie\/akcesoria-do-karmienia\/szczotki-do-czyszczenia-butelek-i-smoczkow\/szczotka-do-butelek-i-smoczkow-mis-a0573\/#primaryimage\"},\"thumbnailUrl\":\"https:\/\/akuku.com.pl\/wp-content\/uploads\/2024\/07\/a0573-szczotka-r-1.jpeg\",\"datePublished\":\"2024-07-04T20:38:03+00:00\",\"dateModified\":\"2025-01-22T09:35:33+00:00\",\"description\":\"Sprawd\u017a nasz produkt: Szczotka do butelek i smoczk\u00f3w, Mi\u015b. Produkty Akuku - odpowiednie dla mam i niemowl\u0105t!\",\"breadcrumb\":{\"@id\":\"https:\/\/akuku.com.pl\/fr\/katalog-produktow\/karmienie\/akcesoria-do-karmienia\/szczotki-do-czyszczenia-butelek-i-smoczkow\/szczotka-do-butelek-i-smoczkow-mis-a0573\/#breadcrumb\"},\"inLanguage\":\"fr-FR\",\"potentialAction\":[{\"@type\":\"ReadAction\",\"target\":[\"https:\/\/akuku.com.pl\/fr\/katalog-produktow\/karmienie\/akcesoria-do-karmienia\/szczotki-do-czyszczenia-butelek-i-smoczkow\/szczotka-do-butelek-i-smoczkow-mis-a0573\/\"]}]},{\"@type\":\"ImageObject\",\"inLanguage\":\"fr-FR\",\"@id\":\"https:\/\/akuku.com.pl\/fr\/katalog-produktow\/karmienie\/akcesoria-do-karmienia\/szczotki-do-czyszczenia-butelek-i-smoczkow\/szczotka-do-butelek-i-smoczkow-mis-a0573\/#primaryimage\",\"url\":\"https:\/\/akuku.com.pl\/wp-content\/uploads\/2024\/07\/a0573-szczotka-r-1.jpeg\",\"contentUrl\":\"https:\/\/akuku.com.pl\/wp-content\/uploads\/2024\/07\/a0573-szczotka-r-1.jpeg\",\"width\":720,\"height\":720,\"caption\":\"Szczotka do butelek i smoczk\u00f3w, Mi\u015b A0573\"},{\"@type\":\"BreadcrumbList\",\"@id\":\"https:\/\/akuku.com.pl\/fr\/katalog-produktow\/karmienie\/akcesoria-do-karmienia\/szczotki-do-czyszczenia-butelek-i-smoczkow\/szczotka-do-butelek-i-smoczkow-mis-a0573\/#breadcrumb\",\"itemListElement\":[{\"@type\":\"ListItem\",\"position\":1,\"name\":\"Strona g\u0142\u00f3wna\",\"item\":\"https:\/\/akuku.com.pl\/fr\/\"},{\"@type\":\"ListItem\",\"position\":2,\"name\":\"Boutique\",\"item\":\"https:\/\/akuku.com.pl\/wszystkie-produkty\/\"},{\"@type\":\"ListItem\",\"position\":3,\"name\":\"Szczotka do butelek i smoczk\u00f3w, Mi\u015b\"}]},{\"@type\":\"WebSite\",\"@id\":\"https:\/\/akuku.com.pl\/fr\/#website\",\"url\":\"https:\/\/akuku.com.pl\/fr\/\",\"name\":\"Akuku.com.pl\",\"description\":\"\",\"publisher\":{\"@id\":\"https:\/\/akuku.com.pl\/fr\/#organization\"},\"potentialAction\":[{\"@type\":\"SearchAction\",\"target\":{\"@type\":\"EntryPoint\",\"urlTemplate\":\"https:\/\/akuku.com.pl\/fr\/?s={search_term_string}\"},\"query-input\":{\"@type\":\"PropertyValueSpecification\",\"valueRequired\":true,\"valueName\":\"search_term_string\"}}],\"inLanguage\":\"fr-FR\"},{\"@type\":\"Organization\",\"@id\":\"https:\/\/akuku.com.pl\/fr\/#organization\",\"name\":\"Akuku.com.pl\",\"url\":\"https:\/\/akuku.com.pl\/fr\/\",\"logo\":{\"@type\":\"ImageObject\",\"inLanguage\":\"fr-FR\",\"@id\":\"https:\/\/akuku.com.pl\/fr\/#\/schema\/logo\/image\/\",\"url\":\"https:\/\/akuku.com.pl\/wp-content\/uploads\/2024\/04\/akuku-logo.svg\",\"contentUrl\":\"https:\/\/akuku.com.pl\/wp-content\/uploads\/2024\/04\/akuku-logo.svg\",\"width\":114,\"height\":50,\"caption\":\"Akuku.com.pl\"},\"image\":{\"@id\":\"https:\/\/akuku.com.pl\/fr\/#\/schema\/logo\/image\/\"},\"sameAs\":[\"https:\/\/www.facebook.com\/markaAKUKU\"]}]}<\/script>\n<!-- \/ Yoast SEO plugin. -->","yoast_head_json":{"title":"Szczotka do butelek i smoczk\u00f3w, Mi\u015b - Akuku","description":"Sprawd\u017a nasz produkt: Szczotka do butelek i smoczk\u00f3w, Mi\u015b. Produkty Akuku - odpowiednie dla mam i niemowl\u0105t!","robots":{"index":"index","follow":"follow","max-snippet":"max-snippet:-1","max-image-preview":"max-image-preview:large","max-video-preview":"max-video-preview:-1"},"canonical":"https:\/\/akuku.com.pl\/fr\/katalog-produktow\/karmienie\/akcesoria-do-karmienia\/szczotki-do-czyszczenia-butelek-i-smoczkow\/szczotka-do-butelek-i-smoczkow-mis-a0573\/","og_locale":"fr_FR","og_type":"article","og_title":"Szczotka do butelek i smoczk\u00f3w, Mi\u015b - Akuku","og_description":"Sprawd\u017a nasz produkt: Szczotka do butelek i smoczk\u00f3w, Mi\u015b. Produkty Akuku - odpowiednie dla mam i niemowl\u0105t!","og_url":"https:\/\/akuku.com.pl\/fr\/katalog-produktow\/karmienie\/akcesoria-do-karmienia\/szczotki-do-czyszczenia-butelek-i-smoczkow\/szczotka-do-butelek-i-smoczkow-mis-a0573\/","og_site_name":"Akuku","article_publisher":"https:\/\/www.facebook.com\/markaAKUKU","article_modified_time":"2025-01-22T09:35:33+00:00","og_image":[{"width":720,"height":720,"url":"https:\/\/akuku.com.pl\/wp-content\/uploads\/2024\/07\/a0573-szczotka-r-1.jpeg","type":"image\/jpeg"}],"twitter_card":"summary_large_image","twitter_misc":{"Dur\u00e9e de lecture estim\u00e9e":"1 minute"},"schema":{"@context":"https:\/\/schema.org","@graph":[{"@type":"WebPage","@id":"https:\/\/akuku.com.pl\/fr\/katalog-produktow\/karmienie\/akcesoria-do-karmienia\/szczotki-do-czyszczenia-butelek-i-smoczkow\/szczotka-do-butelek-i-smoczkow-mis-a0573\/","url":"https:\/\/akuku.com.pl\/fr\/katalog-produktow\/karmienie\/akcesoria-do-karmienia\/szczotki-do-czyszczenia-butelek-i-smoczkow\/szczotka-do-butelek-i-smoczkow-mis-a0573\/","name":"Szczotka do butelek i smoczk\u00f3w, Mi\u015b - Akuku","isPartOf":{"@id":"https:\/\/akuku.com.pl\/fr\/#website"},"primaryImageOfPage":{"@id":"https:\/\/akuku.com.pl\/fr\/katalog-produktow\/karmienie\/akcesoria-do-karmienia\/szczotki-do-czyszczenia-butelek-i-smoczkow\/szczotka-do-butelek-i-smoczkow-mis-a0573\/#primaryimage"},"image":{"@id":"https:\/\/akuku.com.pl\/fr\/katalog-produktow\/karmienie\/akcesoria-do-karmienia\/szczotki-do-czyszczenia-butelek-i-smoczkow\/szczotka-do-butelek-i-smoczkow-mis-a0573\/#primaryimage"},"thumbnailUrl":"https:\/\/akuku.com.pl\/wp-content\/uploads\/2024\/07\/a0573-szczotka-r-1.jpeg","datePublished":"2024-07-04T20:38:03+00:00","dateModified":"2025-01-22T09:35:33+00:00","description":"Sprawd\u017a nasz produkt: Szczotka do butelek i smoczk\u00f3w, Mi\u015b. Produkty Akuku - odpowiednie dla mam i niemowl\u0105t!","breadcrumb":{"@id":"https:\/\/akuku.com.pl\/fr\/katalog-produktow\/karmienie\/akcesoria-do-karmienia\/szczotki-do-czyszczenia-butelek-i-smoczkow\/szczotka-do-butelek-i-smoczkow-mis-a0573\/#breadcrumb"},"inLanguage":"fr-FR","potentialAction":[{"@type":"ReadAction","target":["https:\/\/akuku.com.pl\/fr\/katalog-produktow\/karmienie\/akcesoria-do-karmienia\/szczotki-do-czyszczenia-butelek-i-smoczkow\/szczotka-do-butelek-i-smoczkow-mis-a0573\/"]}]},{"@type":"ImageObject","inLanguage":"fr-FR","@id":"https:\/\/akuku.com.pl\/fr\/katalog-produktow\/karmienie\/akcesoria-do-karmienia\/szczotki-do-czyszczenia-butelek-i-smoczkow\/szczotka-do-butelek-i-smoczkow-mis-a0573\/#primaryimage","url":"https:\/\/akuku.com.pl\/wp-content\/uploads\/2024\/07\/a0573-szczotka-r-1.jpeg","contentUrl":"https:\/\/akuku.com.pl\/wp-content\/uploads\/2024\/07\/a0573-szczotka-r-1.jpeg","width":720,"height":720,"caption":"Szczotka do butelek i smoczk\u00f3w, Mi\u015b A0573"},{"@type":"BreadcrumbList","@id":"https:\/\/akuku.com.pl\/fr\/katalog-produktow\/karmienie\/akcesoria-do-karmienia\/szczotki-do-czyszczenia-butelek-i-smoczkow\/szczotka-do-butelek-i-smoczkow-mis-a0573\/#breadcrumb","itemListElement":[{"@type":"ListItem","position":1,"name":"Strona g\u0142\u00f3wna","item":"https:\/\/akuku.com.pl\/fr\/"},{"@type":"ListItem","position":2,"name":"Boutique","item":"https:\/\/akuku.com.pl\/wszystkie-produkty\/"},{"@type":"ListItem","position":3,"name":"Szczotka do butelek i smoczk\u00f3w, Mi\u015b"}]},{"@type":"WebSite","@id":"https:\/\/akuku.com.pl\/fr\/#website","url":"https:\/\/akuku.com.pl\/fr\/","name":"Akuku.com.pl","description":"","publisher":{"@id":"https:\/\/akuku.com.pl\/fr\/#organization"},"potentialAction":[{"@type":"SearchAction","target":{"@type":"EntryPoint","urlTemplate":"https:\/\/akuku.com.pl\/fr\/?s={search_term_string}"},"query-input":{"@type":"PropertyValueSpecification","valueRequired":true,"valueName":"search_term_string"}}],"inLanguage":"fr-FR"},{"@type":"Organization","@id":"https:\/\/akuku.com.pl\/fr\/#organization","name":"Akuku.com.pl","url":"https:\/\/akuku.com.pl\/fr\/","logo":{"@type":"ImageObject","inLanguage":"fr-FR","@id":"https:\/\/akuku.com.pl\/fr\/#\/schema\/logo\/image\/","url":"https:\/\/akuku.com.pl\/wp-content\/uploads\/2024\/04\/akuku-logo.svg","contentUrl":"https:\/\/akuku.com.pl\/wp-content\/uploads\/2024\/04\/akuku-logo.svg","width":114,"height":50,"caption":"Akuku.com.pl"},"image":{"@id":"https:\/\/akuku.com.pl\/fr\/#\/schema\/logo\/image\/"},"sameAs":["https:\/\/www.facebook.com\/markaAKUKU"]}]}},"_links":{"self":[{"href":"https:\/\/akuku.com.pl\/fr\/wp-json\/wp\/v2\/product\/6997","targetHints":{"allow":["GET"]}}],"collection":[{"href":"https:\/\/akuku.com.pl\/fr\/wp-json\/wp\/v2\/product"}],"about":[{"href":"https:\/\/akuku.com.pl\/fr\/wp-json\/wp\/v2\/types\/product"}],"wp:featuredmedia":[{"embeddable":true,"href":"https:\/\/akuku.com.pl\/fr\/wp-json\/wp\/v2\/media\/6994"}],"wp:attachment":[{"href":"https:\/\/akuku.com.pl\/fr\/wp-json\/wp\/v2\/media?parent=6997"}],"wp:term":[{"taxonomy":"product_cat","embeddable":true,"href":"https:\/\/akuku.com.pl\/fr\/wp-json\/wp\/v2\/product_cat?post=6997"},{"taxonomy":"product_tag","embeddable":true,"href":"https:\/\/akuku.com.pl\/fr\/wp-json\/wp\/v2\/product_tag?post=6997"}],"curies":[{"name":"wp","href":"https:\/\/api.w.org\/{rel}","templated":true}]}}