{"id":6974,"date":"2024-07-04T22:37:35","date_gmt":"2024-07-04T20:37:35","guid":{"rendered":"https:\/\/wp.akuku.com.pl\/sklep\/non%20class\u00e9\/goupillon-a-biberons-et-tetines-avec-ventouse-et-mini-brosse-retractable-a0102\/"},"modified":"2024-07-29T21:54:56","modified_gmt":"2024-07-29T19:54:56","slug":"goupillon-a-biberons-et-tetines-avec-ventouse-et-mini-brosse-retractable-a0102","status":"publish","type":"product","link":"https:\/\/akuku.com.pl\/fr\/catalogue-de-produits\/nutrition\/accessories-fr\/goupillons-aux-biberons-et-tetines\/goupillon-a-biberons-et-tetines-avec-ventouse-et-mini-brosse-retractable-a0102\/","title":{"rendered":"Goupillon \u00e0 biberons et t\u00e9tines avec ventouse et mini brosse r\u00e9tractable"},"content":{"rendered":"<div class=\"textWrap\">\n<p>Goupillon pour biberons et t\u00e9tines avec ventouse et mini brosse r\u00e9tractable A0102.<\/p>\n<p>Le goupillon avec une \u00e9ponge douce permet de nettoyer en profondeur les biberons et t\u00e9tines. <br \/>Equip\u00e9 d&rsquo;une ventouse permettant de la fixer debout sur des surfaces lisses favorise un s\u00e9chage plus facile. <br \/>A l\u2019int\u00e9rieur de la manche vous allez trouver une petite brosse \u00e0 nettoyer les t\u00e9tines. <br \/>Les poils doux de la brosse et l&rsquo;\u00e9ponge aident \u00e0 laver tous les coins difficiles. <br \/>Nos brosses sont fabriqu\u00e9es avec une mati\u00e8re premi\u00e8re durable et s\u00fbre, qui ne contient pas de bisph\u00e9nol A.<\/p>\n<p>\u00a0<\/p>\n<\/div>\n","protected":false},"excerpt":{"rendered":"<p>Goupillon pour biberons et t\u00e9tines avec ventouse et mini brosse r\u00e9tractable A0102. Le goupillon avec une \u00e9ponge douce permet de nettoyer en profondeur les biberons et t\u00e9tines. Equip\u00e9 d&rsquo;une ventouse permettant de la fixer debout sur des surfaces lisses favorise un s\u00e9chage plus facile. A l\u2019int\u00e9rieur de la manche vous allez trouver une petite brosse [&hellip;]<\/p>\n","protected":false},"featured_media":6968,"template":"","meta":[],"product_cat":[3333,3339,3345],"product_tag":[],"class_list":{"0":"post-6974","1":"product","2":"type-product","3":"status-publish","4":"has-post-thumbnail","6":"product_cat-nutrition","7":"product_cat-accessories-fr","8":"product_cat-goupillons-aux-biberons-et-tetines","10":"first","11":"instock","12":"shipping-taxable","13":"product-type-simple"},"yoast_head":"<!-- This site is optimized with the Yoast SEO plugin v26.2 - https:\/\/yoast.com\/wordpress\/plugins\/seo\/ -->\n<title>Goupillon \u00e0 biberons et t\u00e9tines avec ventouse et mini brosse r\u00e9tractable - Akuku<\/title>\n<meta name=\"description\" content=\"Sprawd\u017a nasz produkt: Goupillon \u00e0 biberons et t\u00e9tines avec ventouse et mini brosse r\u00e9tractable. Produkty Akuku - odpowiednie dla mam i niemowl\u0105t!\" \/>\n<meta name=\"robots\" content=\"index, follow, max-snippet:-1, max-image-preview:large, max-video-preview:-1\" \/>\n<link rel=\"canonical\" href=\"https:\/\/akuku.com.pl\/fr\/catalogue-de-produits\/nutrition\/accessories-fr\/goupillons-aux-biberons-et-tetines\/goupillon-a-biberons-et-tetines-avec-ventouse-et-mini-brosse-retractable-a0102\/\" \/>\n<meta property=\"og:locale\" content=\"fr_FR\" \/>\n<meta property=\"og:type\" content=\"article\" \/>\n<meta property=\"og:title\" content=\"Goupillon \u00e0 biberons et t\u00e9tines avec ventouse et mini brosse r\u00e9tractable - Akuku\" \/>\n<meta property=\"og:description\" content=\"Sprawd\u017a nasz produkt: Goupillon \u00e0 biberons et t\u00e9tines avec ventouse et mini brosse r\u00e9tractable. Produkty Akuku - odpowiednie dla mam i niemowl\u0105t!\" \/>\n<meta property=\"og:url\" content=\"https:\/\/akuku.com.pl\/fr\/catalogue-de-produits\/nutrition\/accessories-fr\/goupillons-aux-biberons-et-tetines\/goupillon-a-biberons-et-tetines-avec-ventouse-et-mini-brosse-retractable-a0102\/\" \/>\n<meta property=\"og:site_name\" content=\"Akuku\" \/>\n<meta property=\"article:publisher\" content=\"https:\/\/www.facebook.com\/markaAKUKU\" \/>\n<meta property=\"article:modified_time\" content=\"2024-07-29T19:54:56+00:00\" \/>\n<meta property=\"og:image\" content=\"https:\/\/akuku.com.pl\/wp-content\/uploads\/2024\/07\/A0102_4.jpg\" \/>\n\t<meta property=\"og:image:width\" content=\"1700\" \/>\n\t<meta property=\"og:image:height\" content=\"1700\" \/>\n\t<meta property=\"og:image:type\" content=\"image\/jpeg\" \/>\n<meta name=\"twitter:card\" content=\"summary_large_image\" \/>\n<meta name=\"twitter:label1\" content=\"Dur\u00e9e de lecture estim\u00e9e\" \/>\n\t<meta name=\"twitter:data1\" content=\"1 minute\" \/>\n<script type=\"application\/ld+json\" class=\"yoast-schema-graph\">{\"@context\":\"https:\/\/schema.org\",\"@graph\":[{\"@type\":\"WebPage\",\"@id\":\"https:\/\/akuku.com.pl\/fr\/catalogue-de-produits\/nutrition\/accessories-fr\/goupillons-aux-biberons-et-tetines\/goupillon-a-biberons-et-tetines-avec-ventouse-et-mini-brosse-retractable-a0102\/\",\"url\":\"https:\/\/akuku.com.pl\/fr\/catalogue-de-produits\/nutrition\/accessories-fr\/goupillons-aux-biberons-et-tetines\/goupillon-a-biberons-et-tetines-avec-ventouse-et-mini-brosse-retractable-a0102\/\",\"name\":\"Goupillon \u00e0 biberons et t\u00e9tines avec ventouse et mini brosse r\u00e9tractable - Akuku\",\"isPartOf\":{\"@id\":\"https:\/\/akuku.com.pl\/fr\/#website\"},\"primaryImageOfPage\":{\"@id\":\"https:\/\/akuku.com.pl\/fr\/catalogue-de-produits\/nutrition\/accessories-fr\/goupillons-aux-biberons-et-tetines\/goupillon-a-biberons-et-tetines-avec-ventouse-et-mini-brosse-retractable-a0102\/#primaryimage\"},\"image\":{\"@id\":\"https:\/\/akuku.com.pl\/fr\/catalogue-de-produits\/nutrition\/accessories-fr\/goupillons-aux-biberons-et-tetines\/goupillon-a-biberons-et-tetines-avec-ventouse-et-mini-brosse-retractable-a0102\/#primaryimage\"},\"thumbnailUrl\":\"https:\/\/akuku.com.pl\/wp-content\/uploads\/2024\/07\/A0102_4.jpg\",\"datePublished\":\"2024-07-04T20:37:35+00:00\",\"dateModified\":\"2024-07-29T19:54:56+00:00\",\"description\":\"Sprawd\u017a nasz produkt: Goupillon \u00e0 biberons et t\u00e9tines avec ventouse et mini brosse r\u00e9tractable. Produkty Akuku - odpowiednie dla mam i niemowl\u0105t!\",\"breadcrumb\":{\"@id\":\"https:\/\/akuku.com.pl\/fr\/catalogue-de-produits\/nutrition\/accessories-fr\/goupillons-aux-biberons-et-tetines\/goupillon-a-biberons-et-tetines-avec-ventouse-et-mini-brosse-retractable-a0102\/#breadcrumb\"},\"inLanguage\":\"fr-FR\",\"potentialAction\":[{\"@type\":\"ReadAction\",\"target\":[\"https:\/\/akuku.com.pl\/fr\/catalogue-de-produits\/nutrition\/accessories-fr\/goupillons-aux-biberons-et-tetines\/goupillon-a-biberons-et-tetines-avec-ventouse-et-mini-brosse-retractable-a0102\/\"]}]},{\"@type\":\"ImageObject\",\"inLanguage\":\"fr-FR\",\"@id\":\"https:\/\/akuku.com.pl\/fr\/catalogue-de-produits\/nutrition\/accessories-fr\/goupillons-aux-biberons-et-tetines\/goupillon-a-biberons-et-tetines-avec-ventouse-et-mini-brosse-retractable-a0102\/#primaryimage\",\"url\":\"https:\/\/akuku.com.pl\/wp-content\/uploads\/2024\/07\/A0102_4.jpg\",\"contentUrl\":\"https:\/\/akuku.com.pl\/wp-content\/uploads\/2024\/07\/A0102_4.jpg\",\"width\":1700,\"height\":1700,\"caption\":\"Szczotka do butelek i smoczk\u00f3w na przyssawce i chowan\u0105 mini szczoteczk\u0105 A0102\"},{\"@type\":\"BreadcrumbList\",\"@id\":\"https:\/\/akuku.com.pl\/fr\/catalogue-de-produits\/nutrition\/accessories-fr\/goupillons-aux-biberons-et-tetines\/goupillon-a-biberons-et-tetines-avec-ventouse-et-mini-brosse-retractable-a0102\/#breadcrumb\",\"itemListElement\":[{\"@type\":\"ListItem\",\"position\":1,\"name\":\"Strona g\u0142\u00f3wna\",\"item\":\"https:\/\/akuku.com.pl\/fr\/\"},{\"@type\":\"ListItem\",\"position\":2,\"name\":\"Boutique\",\"item\":\"https:\/\/akuku.com.pl\/wszystkie-produkty\/\"},{\"@type\":\"ListItem\",\"position\":3,\"name\":\"Goupillon \u00e0 biberons et t\u00e9tines avec ventouse et mini brosse r\u00e9tractable\"}]},{\"@type\":\"WebSite\",\"@id\":\"https:\/\/akuku.com.pl\/fr\/#website\",\"url\":\"https:\/\/akuku.com.pl\/fr\/\",\"name\":\"Akuku.com.pl\",\"description\":\"\",\"publisher\":{\"@id\":\"https:\/\/akuku.com.pl\/fr\/#organization\"},\"potentialAction\":[{\"@type\":\"SearchAction\",\"target\":{\"@type\":\"EntryPoint\",\"urlTemplate\":\"https:\/\/akuku.com.pl\/fr\/?s={search_term_string}\"},\"query-input\":{\"@type\":\"PropertyValueSpecification\",\"valueRequired\":true,\"valueName\":\"search_term_string\"}}],\"inLanguage\":\"fr-FR\"},{\"@type\":\"Organization\",\"@id\":\"https:\/\/akuku.com.pl\/fr\/#organization\",\"name\":\"Akuku.com.pl\",\"url\":\"https:\/\/akuku.com.pl\/fr\/\",\"logo\":{\"@type\":\"ImageObject\",\"inLanguage\":\"fr-FR\",\"@id\":\"https:\/\/akuku.com.pl\/fr\/#\/schema\/logo\/image\/\",\"url\":\"https:\/\/akuku.com.pl\/wp-content\/uploads\/2024\/04\/akuku-logo.svg\",\"contentUrl\":\"https:\/\/akuku.com.pl\/wp-content\/uploads\/2024\/04\/akuku-logo.svg\",\"width\":114,\"height\":50,\"caption\":\"Akuku.com.pl\"},\"image\":{\"@id\":\"https:\/\/akuku.com.pl\/fr\/#\/schema\/logo\/image\/\"},\"sameAs\":[\"https:\/\/www.facebook.com\/markaAKUKU\"]}]}<\/script>\n<!-- \/ Yoast SEO plugin. -->","yoast_head_json":{"title":"Goupillon \u00e0 biberons et t\u00e9tines avec ventouse et mini brosse r\u00e9tractable - Akuku","description":"Sprawd\u017a nasz produkt: Goupillon \u00e0 biberons et t\u00e9tines avec ventouse et mini brosse r\u00e9tractable. Produkty Akuku - odpowiednie dla mam i niemowl\u0105t!","robots":{"index":"index","follow":"follow","max-snippet":"max-snippet:-1","max-image-preview":"max-image-preview:large","max-video-preview":"max-video-preview:-1"},"canonical":"https:\/\/akuku.com.pl\/fr\/catalogue-de-produits\/nutrition\/accessories-fr\/goupillons-aux-biberons-et-tetines\/goupillon-a-biberons-et-tetines-avec-ventouse-et-mini-brosse-retractable-a0102\/","og_locale":"fr_FR","og_type":"article","og_title":"Goupillon \u00e0 biberons et t\u00e9tines avec ventouse et mini brosse r\u00e9tractable - Akuku","og_description":"Sprawd\u017a nasz produkt: Goupillon \u00e0 biberons et t\u00e9tines avec ventouse et mini brosse r\u00e9tractable. Produkty Akuku - odpowiednie dla mam i niemowl\u0105t!","og_url":"https:\/\/akuku.com.pl\/fr\/catalogue-de-produits\/nutrition\/accessories-fr\/goupillons-aux-biberons-et-tetines\/goupillon-a-biberons-et-tetines-avec-ventouse-et-mini-brosse-retractable-a0102\/","og_site_name":"Akuku","article_publisher":"https:\/\/www.facebook.com\/markaAKUKU","article_modified_time":"2024-07-29T19:54:56+00:00","og_image":[{"width":1700,"height":1700,"url":"https:\/\/akuku.com.pl\/wp-content\/uploads\/2024\/07\/A0102_4.jpg","type":"image\/jpeg"}],"twitter_card":"summary_large_image","twitter_misc":{"Dur\u00e9e de lecture estim\u00e9e":"1 minute"},"schema":{"@context":"https:\/\/schema.org","@graph":[{"@type":"WebPage","@id":"https:\/\/akuku.com.pl\/fr\/catalogue-de-produits\/nutrition\/accessories-fr\/goupillons-aux-biberons-et-tetines\/goupillon-a-biberons-et-tetines-avec-ventouse-et-mini-brosse-retractable-a0102\/","url":"https:\/\/akuku.com.pl\/fr\/catalogue-de-produits\/nutrition\/accessories-fr\/goupillons-aux-biberons-et-tetines\/goupillon-a-biberons-et-tetines-avec-ventouse-et-mini-brosse-retractable-a0102\/","name":"Goupillon \u00e0 biberons et t\u00e9tines avec ventouse et mini brosse r\u00e9tractable - Akuku","isPartOf":{"@id":"https:\/\/akuku.com.pl\/fr\/#website"},"primaryImageOfPage":{"@id":"https:\/\/akuku.com.pl\/fr\/catalogue-de-produits\/nutrition\/accessories-fr\/goupillons-aux-biberons-et-tetines\/goupillon-a-biberons-et-tetines-avec-ventouse-et-mini-brosse-retractable-a0102\/#primaryimage"},"image":{"@id":"https:\/\/akuku.com.pl\/fr\/catalogue-de-produits\/nutrition\/accessories-fr\/goupillons-aux-biberons-et-tetines\/goupillon-a-biberons-et-tetines-avec-ventouse-et-mini-brosse-retractable-a0102\/#primaryimage"},"thumbnailUrl":"https:\/\/akuku.com.pl\/wp-content\/uploads\/2024\/07\/A0102_4.jpg","datePublished":"2024-07-04T20:37:35+00:00","dateModified":"2024-07-29T19:54:56+00:00","description":"Sprawd\u017a nasz produkt: Goupillon \u00e0 biberons et t\u00e9tines avec ventouse et mini brosse r\u00e9tractable. Produkty Akuku - odpowiednie dla mam i niemowl\u0105t!","breadcrumb":{"@id":"https:\/\/akuku.com.pl\/fr\/catalogue-de-produits\/nutrition\/accessories-fr\/goupillons-aux-biberons-et-tetines\/goupillon-a-biberons-et-tetines-avec-ventouse-et-mini-brosse-retractable-a0102\/#breadcrumb"},"inLanguage":"fr-FR","potentialAction":[{"@type":"ReadAction","target":["https:\/\/akuku.com.pl\/fr\/catalogue-de-produits\/nutrition\/accessories-fr\/goupillons-aux-biberons-et-tetines\/goupillon-a-biberons-et-tetines-avec-ventouse-et-mini-brosse-retractable-a0102\/"]}]},{"@type":"ImageObject","inLanguage":"fr-FR","@id":"https:\/\/akuku.com.pl\/fr\/catalogue-de-produits\/nutrition\/accessories-fr\/goupillons-aux-biberons-et-tetines\/goupillon-a-biberons-et-tetines-avec-ventouse-et-mini-brosse-retractable-a0102\/#primaryimage","url":"https:\/\/akuku.com.pl\/wp-content\/uploads\/2024\/07\/A0102_4.jpg","contentUrl":"https:\/\/akuku.com.pl\/wp-content\/uploads\/2024\/07\/A0102_4.jpg","width":1700,"height":1700,"caption":"Szczotka do butelek i smoczk\u00f3w na przyssawce i chowan\u0105 mini szczoteczk\u0105 A0102"},{"@type":"BreadcrumbList","@id":"https:\/\/akuku.com.pl\/fr\/catalogue-de-produits\/nutrition\/accessories-fr\/goupillons-aux-biberons-et-tetines\/goupillon-a-biberons-et-tetines-avec-ventouse-et-mini-brosse-retractable-a0102\/#breadcrumb","itemListElement":[{"@type":"ListItem","position":1,"name":"Strona g\u0142\u00f3wna","item":"https:\/\/akuku.com.pl\/fr\/"},{"@type":"ListItem","position":2,"name":"Boutique","item":"https:\/\/akuku.com.pl\/wszystkie-produkty\/"},{"@type":"ListItem","position":3,"name":"Goupillon \u00e0 biberons et t\u00e9tines avec ventouse et mini brosse r\u00e9tractable"}]},{"@type":"WebSite","@id":"https:\/\/akuku.com.pl\/fr\/#website","url":"https:\/\/akuku.com.pl\/fr\/","name":"Akuku.com.pl","description":"","publisher":{"@id":"https:\/\/akuku.com.pl\/fr\/#organization"},"potentialAction":[{"@type":"SearchAction","target":{"@type":"EntryPoint","urlTemplate":"https:\/\/akuku.com.pl\/fr\/?s={search_term_string}"},"query-input":{"@type":"PropertyValueSpecification","valueRequired":true,"valueName":"search_term_string"}}],"inLanguage":"fr-FR"},{"@type":"Organization","@id":"https:\/\/akuku.com.pl\/fr\/#organization","name":"Akuku.com.pl","url":"https:\/\/akuku.com.pl\/fr\/","logo":{"@type":"ImageObject","inLanguage":"fr-FR","@id":"https:\/\/akuku.com.pl\/fr\/#\/schema\/logo\/image\/","url":"https:\/\/akuku.com.pl\/wp-content\/uploads\/2024\/04\/akuku-logo.svg","contentUrl":"https:\/\/akuku.com.pl\/wp-content\/uploads\/2024\/04\/akuku-logo.svg","width":114,"height":50,"caption":"Akuku.com.pl"},"image":{"@id":"https:\/\/akuku.com.pl\/fr\/#\/schema\/logo\/image\/"},"sameAs":["https:\/\/www.facebook.com\/markaAKUKU"]}]}},"_links":{"self":[{"href":"https:\/\/akuku.com.pl\/fr\/wp-json\/wp\/v2\/product\/6974","targetHints":{"allow":["GET"]}}],"collection":[{"href":"https:\/\/akuku.com.pl\/fr\/wp-json\/wp\/v2\/product"}],"about":[{"href":"https:\/\/akuku.com.pl\/fr\/wp-json\/wp\/v2\/types\/product"}],"wp:featuredmedia":[{"embeddable":true,"href":"https:\/\/akuku.com.pl\/fr\/wp-json\/wp\/v2\/media\/6968"}],"wp:attachment":[{"href":"https:\/\/akuku.com.pl\/fr\/wp-json\/wp\/v2\/media?parent=6974"}],"wp:term":[{"taxonomy":"product_cat","embeddable":true,"href":"https:\/\/akuku.com.pl\/fr\/wp-json\/wp\/v2\/product_cat?post=6974"},{"taxonomy":"product_tag","embeddable":true,"href":"https:\/\/akuku.com.pl\/fr\/wp-json\/wp\/v2\/product_tag?post=6974"}],"curies":[{"name":"wp","href":"https:\/\/api.w.org\/{rel}","templated":true}]}}