{"id":6962,"date":"2024-07-04T22:37:16","date_gmt":"2024-07-04T20:37:16","guid":{"rendered":"https:\/\/wp.akuku.com.pl\/sklep\/non%20class\u00e9\/goupillon-en-silicone-avec-embout-remplacable-a0512\/"},"modified":"2024-07-29T21:54:57","modified_gmt":"2024-07-29T19:54:57","slug":"goupillon-en-silicone-avec-embout-remplacable-a0512","status":"publish","type":"product","link":"https:\/\/akuku.com.pl\/fr\/catalogue-de-produits\/nutrition\/accessories-fr\/goupillons-aux-biberons-et-tetines\/goupillon-en-silicone-avec-embout-remplacable-a0512\/","title":{"rendered":"Goupillon en silicone avec embout rempla\u00e7able"},"content":{"rendered":"<div class=\"textWrap\">\n<p>\u00a0\u00a0<\/p>\n<p>Lot de goupillons \u00e0 laver les biberons et t\u00e9tines<\/p>\n<p>Ce lot est \u00e9quip\u00e9 de deux embouts rempla\u00e7ables. <br \/>Contenant un goupillon\u00a0\u00e0 poils souples en silicone, pour nettoyer aussi bien des biberons que des goblets et bouteilles sans laisser rayures ni traces, <br \/>et un embout rempla\u00e7able avec une \u00e9ponge profil\u00e9e pour pouvoir nettoyer encore plus pr\u00e9cis\u00e9ment. <br \/>L\u2019embout profil\u00e9 atteint les endroits difficiles et la poign\u00e9e antid\u00e9rapante confortable assure une prise stable. <br \/>Ce lot comprend \u00e9galement un embout en silicone pour nettoyer les t\u00e9tines. <br \/>La brosse a un trou pour pouvoir accrocher votre brosse et la faire s\u00e9cher avant une prochaine utilisation. <br \/>Fabriqu\u00e9e \u00e0 partir d\u2019une mati\u00e8re premi\u00e8re durable et s\u00fbre, ne contient pas de bisph\u00e9nol A (% BPA).<\/p>\n<p>Dimensions : 30 x 3,5 cm<\/p>\n<p style=\"text-align: justify\"><img decoding=\"async\" alt=\"\" src=\"https:\/\/akuku.com.pl\/wp-content\/uploads\/2024\/09\/BPA-Free-logo-png_1.png\" \/>\u00a0 \u00a0 \u00a0 \u00a0 \u00a0 \u00a0 \u00a0 \u00a0 \u00a0 \u00a0 \u00a0 \u00a0<\/p>\n<p>\u00a0<\/p>\n<\/div>\n","protected":false},"excerpt":{"rendered":"<p>\u00a0\u00a0 Lot de goupillons \u00e0 laver les biberons et t\u00e9tines Ce lot est \u00e9quip\u00e9 de deux embouts rempla\u00e7ables. Contenant un goupillon\u00a0\u00e0 poils souples en silicone, pour nettoyer aussi bien des biberons que des goblets et bouteilles sans laisser rayures ni traces, et un embout rempla\u00e7able avec une \u00e9ponge profil\u00e9e pour pouvoir nettoyer encore plus pr\u00e9cis\u00e9ment. [&hellip;]<\/p>\n","protected":false},"featured_media":6953,"template":"","meta":[],"product_cat":[3333,3339,3345],"product_tag":[],"class_list":{"0":"post-6962","1":"product","2":"type-product","3":"status-publish","4":"has-post-thumbnail","6":"product_cat-nutrition","7":"product_cat-accessories-fr","8":"product_cat-goupillons-aux-biberons-et-tetines","10":"first","11":"instock","12":"shipping-taxable","13":"product-type-simple"},"yoast_head":"<!-- This site is optimized with the Yoast SEO plugin v26.2 - https:\/\/yoast.com\/wordpress\/plugins\/seo\/ -->\n<title>Goupillon en silicone avec embout rempla\u00e7able - Akuku<\/title>\n<meta name=\"description\" content=\"Sprawd\u017a nasz produkt: Goupillon en silicone avec embout rempla\u00e7able. Produkty Akuku - odpowiednie dla mam i niemowl\u0105t!\" \/>\n<meta name=\"robots\" content=\"index, follow, max-snippet:-1, max-image-preview:large, max-video-preview:-1\" \/>\n<link rel=\"canonical\" href=\"https:\/\/akuku.com.pl\/fr\/catalogue-de-produits\/nutrition\/accessories-fr\/goupillons-aux-biberons-et-tetines\/goupillon-en-silicone-avec-embout-remplacable-a0512\/\" \/>\n<meta property=\"og:locale\" content=\"fr_FR\" \/>\n<meta property=\"og:type\" content=\"article\" \/>\n<meta property=\"og:title\" content=\"Goupillon en silicone avec embout rempla\u00e7able - Akuku\" \/>\n<meta property=\"og:description\" content=\"Sprawd\u017a nasz produkt: Goupillon en silicone avec embout rempla\u00e7able. Produkty Akuku - odpowiednie dla mam i niemowl\u0105t!\" \/>\n<meta property=\"og:url\" content=\"https:\/\/akuku.com.pl\/fr\/catalogue-de-produits\/nutrition\/accessories-fr\/goupillons-aux-biberons-et-tetines\/goupillon-en-silicone-avec-embout-remplacable-a0512\/\" \/>\n<meta property=\"og:site_name\" content=\"Akuku\" \/>\n<meta property=\"article:publisher\" content=\"https:\/\/www.facebook.com\/markaAKUKU\" \/>\n<meta property=\"article:modified_time\" content=\"2024-07-29T19:54:57+00:00\" \/>\n<meta property=\"og:image\" content=\"https:\/\/akuku.com.pl\/wp-content\/uploads\/2024\/07\/a0512-11-1.jpeg\" \/>\n\t<meta property=\"og:image:width\" content=\"720\" \/>\n\t<meta property=\"og:image:height\" content=\"720\" \/>\n\t<meta property=\"og:image:type\" content=\"image\/jpeg\" \/>\n<meta name=\"twitter:card\" content=\"summary_large_image\" \/>\n<meta name=\"twitter:label1\" content=\"Dur\u00e9e de lecture estim\u00e9e\" \/>\n\t<meta name=\"twitter:data1\" content=\"1 minute\" \/>\n<script type=\"application\/ld+json\" class=\"yoast-schema-graph\">{\"@context\":\"https:\/\/schema.org\",\"@graph\":[{\"@type\":\"WebPage\",\"@id\":\"https:\/\/akuku.com.pl\/fr\/catalogue-de-produits\/nutrition\/accessories-fr\/goupillons-aux-biberons-et-tetines\/goupillon-en-silicone-avec-embout-remplacable-a0512\/\",\"url\":\"https:\/\/akuku.com.pl\/fr\/catalogue-de-produits\/nutrition\/accessories-fr\/goupillons-aux-biberons-et-tetines\/goupillon-en-silicone-avec-embout-remplacable-a0512\/\",\"name\":\"Goupillon en silicone avec embout rempla\u00e7able - Akuku\",\"isPartOf\":{\"@id\":\"https:\/\/akuku.com.pl\/fr\/#website\"},\"primaryImageOfPage\":{\"@id\":\"https:\/\/akuku.com.pl\/fr\/catalogue-de-produits\/nutrition\/accessories-fr\/goupillons-aux-biberons-et-tetines\/goupillon-en-silicone-avec-embout-remplacable-a0512\/#primaryimage\"},\"image\":{\"@id\":\"https:\/\/akuku.com.pl\/fr\/catalogue-de-produits\/nutrition\/accessories-fr\/goupillons-aux-biberons-et-tetines\/goupillon-en-silicone-avec-embout-remplacable-a0512\/#primaryimage\"},\"thumbnailUrl\":\"https:\/\/akuku.com.pl\/wp-content\/uploads\/2024\/07\/a0512-11-1.jpeg\",\"datePublished\":\"2024-07-04T20:37:16+00:00\",\"dateModified\":\"2024-07-29T19:54:57+00:00\",\"description\":\"Sprawd\u017a nasz produkt: Goupillon en silicone avec embout rempla\u00e7able. Produkty Akuku - odpowiednie dla mam i niemowl\u0105t!\",\"breadcrumb\":{\"@id\":\"https:\/\/akuku.com.pl\/fr\/catalogue-de-produits\/nutrition\/accessories-fr\/goupillons-aux-biberons-et-tetines\/goupillon-en-silicone-avec-embout-remplacable-a0512\/#breadcrumb\"},\"inLanguage\":\"fr-FR\",\"potentialAction\":[{\"@type\":\"ReadAction\",\"target\":[\"https:\/\/akuku.com.pl\/fr\/catalogue-de-produits\/nutrition\/accessories-fr\/goupillons-aux-biberons-et-tetines\/goupillon-en-silicone-avec-embout-remplacable-a0512\/\"]}]},{\"@type\":\"ImageObject\",\"inLanguage\":\"fr-FR\",\"@id\":\"https:\/\/akuku.com.pl\/fr\/catalogue-de-produits\/nutrition\/accessories-fr\/goupillons-aux-biberons-et-tetines\/goupillon-en-silicone-avec-embout-remplacable-a0512\/#primaryimage\",\"url\":\"https:\/\/akuku.com.pl\/wp-content\/uploads\/2024\/07\/a0512-11-1.jpeg\",\"contentUrl\":\"https:\/\/akuku.com.pl\/wp-content\/uploads\/2024\/07\/a0512-11-1.jpeg\",\"width\":720,\"height\":720},{\"@type\":\"BreadcrumbList\",\"@id\":\"https:\/\/akuku.com.pl\/fr\/catalogue-de-produits\/nutrition\/accessories-fr\/goupillons-aux-biberons-et-tetines\/goupillon-en-silicone-avec-embout-remplacable-a0512\/#breadcrumb\",\"itemListElement\":[{\"@type\":\"ListItem\",\"position\":1,\"name\":\"Strona g\u0142\u00f3wna\",\"item\":\"https:\/\/akuku.com.pl\/fr\/\"},{\"@type\":\"ListItem\",\"position\":2,\"name\":\"Boutique\",\"item\":\"https:\/\/akuku.com.pl\/wszystkie-produkty\/\"},{\"@type\":\"ListItem\",\"position\":3,\"name\":\"Goupillon en silicone avec embout rempla\u00e7able\"}]},{\"@type\":\"WebSite\",\"@id\":\"https:\/\/akuku.com.pl\/fr\/#website\",\"url\":\"https:\/\/akuku.com.pl\/fr\/\",\"name\":\"Akuku.com.pl\",\"description\":\"\",\"publisher\":{\"@id\":\"https:\/\/akuku.com.pl\/fr\/#organization\"},\"potentialAction\":[{\"@type\":\"SearchAction\",\"target\":{\"@type\":\"EntryPoint\",\"urlTemplate\":\"https:\/\/akuku.com.pl\/fr\/?s={search_term_string}\"},\"query-input\":{\"@type\":\"PropertyValueSpecification\",\"valueRequired\":true,\"valueName\":\"search_term_string\"}}],\"inLanguage\":\"fr-FR\"},{\"@type\":\"Organization\",\"@id\":\"https:\/\/akuku.com.pl\/fr\/#organization\",\"name\":\"Akuku.com.pl\",\"url\":\"https:\/\/akuku.com.pl\/fr\/\",\"logo\":{\"@type\":\"ImageObject\",\"inLanguage\":\"fr-FR\",\"@id\":\"https:\/\/akuku.com.pl\/fr\/#\/schema\/logo\/image\/\",\"url\":\"https:\/\/akuku.com.pl\/wp-content\/uploads\/2024\/04\/akuku-logo.svg\",\"contentUrl\":\"https:\/\/akuku.com.pl\/wp-content\/uploads\/2024\/04\/akuku-logo.svg\",\"width\":114,\"height\":50,\"caption\":\"Akuku.com.pl\"},\"image\":{\"@id\":\"https:\/\/akuku.com.pl\/fr\/#\/schema\/logo\/image\/\"},\"sameAs\":[\"https:\/\/www.facebook.com\/markaAKUKU\"]}]}<\/script>\n<!-- \/ Yoast SEO plugin. -->","yoast_head_json":{"title":"Goupillon en silicone avec embout rempla\u00e7able - Akuku","description":"Sprawd\u017a nasz produkt: Goupillon en silicone avec embout rempla\u00e7able. Produkty Akuku - odpowiednie dla mam i niemowl\u0105t!","robots":{"index":"index","follow":"follow","max-snippet":"max-snippet:-1","max-image-preview":"max-image-preview:large","max-video-preview":"max-video-preview:-1"},"canonical":"https:\/\/akuku.com.pl\/fr\/catalogue-de-produits\/nutrition\/accessories-fr\/goupillons-aux-biberons-et-tetines\/goupillon-en-silicone-avec-embout-remplacable-a0512\/","og_locale":"fr_FR","og_type":"article","og_title":"Goupillon en silicone avec embout rempla\u00e7able - Akuku","og_description":"Sprawd\u017a nasz produkt: Goupillon en silicone avec embout rempla\u00e7able. Produkty Akuku - odpowiednie dla mam i niemowl\u0105t!","og_url":"https:\/\/akuku.com.pl\/fr\/catalogue-de-produits\/nutrition\/accessories-fr\/goupillons-aux-biberons-et-tetines\/goupillon-en-silicone-avec-embout-remplacable-a0512\/","og_site_name":"Akuku","article_publisher":"https:\/\/www.facebook.com\/markaAKUKU","article_modified_time":"2024-07-29T19:54:57+00:00","og_image":[{"width":720,"height":720,"url":"https:\/\/akuku.com.pl\/wp-content\/uploads\/2024\/07\/a0512-11-1.jpeg","type":"image\/jpeg"}],"twitter_card":"summary_large_image","twitter_misc":{"Dur\u00e9e de lecture estim\u00e9e":"1 minute"},"schema":{"@context":"https:\/\/schema.org","@graph":[{"@type":"WebPage","@id":"https:\/\/akuku.com.pl\/fr\/catalogue-de-produits\/nutrition\/accessories-fr\/goupillons-aux-biberons-et-tetines\/goupillon-en-silicone-avec-embout-remplacable-a0512\/","url":"https:\/\/akuku.com.pl\/fr\/catalogue-de-produits\/nutrition\/accessories-fr\/goupillons-aux-biberons-et-tetines\/goupillon-en-silicone-avec-embout-remplacable-a0512\/","name":"Goupillon en silicone avec embout rempla\u00e7able - Akuku","isPartOf":{"@id":"https:\/\/akuku.com.pl\/fr\/#website"},"primaryImageOfPage":{"@id":"https:\/\/akuku.com.pl\/fr\/catalogue-de-produits\/nutrition\/accessories-fr\/goupillons-aux-biberons-et-tetines\/goupillon-en-silicone-avec-embout-remplacable-a0512\/#primaryimage"},"image":{"@id":"https:\/\/akuku.com.pl\/fr\/catalogue-de-produits\/nutrition\/accessories-fr\/goupillons-aux-biberons-et-tetines\/goupillon-en-silicone-avec-embout-remplacable-a0512\/#primaryimage"},"thumbnailUrl":"https:\/\/akuku.com.pl\/wp-content\/uploads\/2024\/07\/a0512-11-1.jpeg","datePublished":"2024-07-04T20:37:16+00:00","dateModified":"2024-07-29T19:54:57+00:00","description":"Sprawd\u017a nasz produkt: Goupillon en silicone avec embout rempla\u00e7able. Produkty Akuku - odpowiednie dla mam i niemowl\u0105t!","breadcrumb":{"@id":"https:\/\/akuku.com.pl\/fr\/catalogue-de-produits\/nutrition\/accessories-fr\/goupillons-aux-biberons-et-tetines\/goupillon-en-silicone-avec-embout-remplacable-a0512\/#breadcrumb"},"inLanguage":"fr-FR","potentialAction":[{"@type":"ReadAction","target":["https:\/\/akuku.com.pl\/fr\/catalogue-de-produits\/nutrition\/accessories-fr\/goupillons-aux-biberons-et-tetines\/goupillon-en-silicone-avec-embout-remplacable-a0512\/"]}]},{"@type":"ImageObject","inLanguage":"fr-FR","@id":"https:\/\/akuku.com.pl\/fr\/catalogue-de-produits\/nutrition\/accessories-fr\/goupillons-aux-biberons-et-tetines\/goupillon-en-silicone-avec-embout-remplacable-a0512\/#primaryimage","url":"https:\/\/akuku.com.pl\/wp-content\/uploads\/2024\/07\/a0512-11-1.jpeg","contentUrl":"https:\/\/akuku.com.pl\/wp-content\/uploads\/2024\/07\/a0512-11-1.jpeg","width":720,"height":720},{"@type":"BreadcrumbList","@id":"https:\/\/akuku.com.pl\/fr\/catalogue-de-produits\/nutrition\/accessories-fr\/goupillons-aux-biberons-et-tetines\/goupillon-en-silicone-avec-embout-remplacable-a0512\/#breadcrumb","itemListElement":[{"@type":"ListItem","position":1,"name":"Strona g\u0142\u00f3wna","item":"https:\/\/akuku.com.pl\/fr\/"},{"@type":"ListItem","position":2,"name":"Boutique","item":"https:\/\/akuku.com.pl\/wszystkie-produkty\/"},{"@type":"ListItem","position":3,"name":"Goupillon en silicone avec embout rempla\u00e7able"}]},{"@type":"WebSite","@id":"https:\/\/akuku.com.pl\/fr\/#website","url":"https:\/\/akuku.com.pl\/fr\/","name":"Akuku.com.pl","description":"","publisher":{"@id":"https:\/\/akuku.com.pl\/fr\/#organization"},"potentialAction":[{"@type":"SearchAction","target":{"@type":"EntryPoint","urlTemplate":"https:\/\/akuku.com.pl\/fr\/?s={search_term_string}"},"query-input":{"@type":"PropertyValueSpecification","valueRequired":true,"valueName":"search_term_string"}}],"inLanguage":"fr-FR"},{"@type":"Organization","@id":"https:\/\/akuku.com.pl\/fr\/#organization","name":"Akuku.com.pl","url":"https:\/\/akuku.com.pl\/fr\/","logo":{"@type":"ImageObject","inLanguage":"fr-FR","@id":"https:\/\/akuku.com.pl\/fr\/#\/schema\/logo\/image\/","url":"https:\/\/akuku.com.pl\/wp-content\/uploads\/2024\/04\/akuku-logo.svg","contentUrl":"https:\/\/akuku.com.pl\/wp-content\/uploads\/2024\/04\/akuku-logo.svg","width":114,"height":50,"caption":"Akuku.com.pl"},"image":{"@id":"https:\/\/akuku.com.pl\/fr\/#\/schema\/logo\/image\/"},"sameAs":["https:\/\/www.facebook.com\/markaAKUKU"]}]}},"_links":{"self":[{"href":"https:\/\/akuku.com.pl\/fr\/wp-json\/wp\/v2\/product\/6962","targetHints":{"allow":["GET"]}}],"collection":[{"href":"https:\/\/akuku.com.pl\/fr\/wp-json\/wp\/v2\/product"}],"about":[{"href":"https:\/\/akuku.com.pl\/fr\/wp-json\/wp\/v2\/types\/product"}],"wp:featuredmedia":[{"embeddable":true,"href":"https:\/\/akuku.com.pl\/fr\/wp-json\/wp\/v2\/media\/6953"}],"wp:attachment":[{"href":"https:\/\/akuku.com.pl\/fr\/wp-json\/wp\/v2\/media?parent=6962"}],"wp:term":[{"taxonomy":"product_cat","embeddable":true,"href":"https:\/\/akuku.com.pl\/fr\/wp-json\/wp\/v2\/product_cat?post=6962"},{"taxonomy":"product_tag","embeddable":true,"href":"https:\/\/akuku.com.pl\/fr\/wp-json\/wp\/v2\/product_tag?post=6962"}],"curies":[{"name":"wp","href":"https:\/\/api.w.org\/{rel}","templated":true}]}}