{"id":6872,"date":"2024-07-04T22:35:15","date_gmt":"2024-07-04T20:35:15","guid":{"rendered":"https:\/\/wp.akuku.com.pl\/sklep\/non%20class\u00e9\/tetine-a0120-pour-biberon-a-col-large-a0107-2\/"},"modified":"2024-07-29T21:55:04","modified_gmt":"2024-07-29T19:55:04","slug":"tetine-a0120-pour-biberon-a-col-large-a0107-2","status":"publish","type":"product","link":"https:\/\/akuku.com.pl\/fr\/catalogue-de-produits\/nutrition\/biberons\/tetine-a0120-pour-biberon-a-col-large-a0107-2\/","title":{"rendered":"T\u00e9tine A0120 pour biberon \u00e0 col large"},"content":{"rendered":"<div class=\"textWrap\">\n<p>\u00a0\u00a0<\/p>\n<p>T\u00e9tine A0120 pour biberon \u00e0 col large A0107<\/p>\n<p>T\u00e9tine anti-colique \u00e0 d\u00e9bit moyen pour biberon \u00e0 col large, article n\u00b0 A0107.<\/p>\n<p>La t\u00e9tine r\u00e9duit consid\u00e9rablement le risques des coliques.<br \/>Il est fabriqu\u00e9 \u00e0 100 % en silicone de haute qualit\u00e9 qui est adapt\u00e9 aux d\u00e9sinfections r\u00e9p\u00e9t\u00e9es.<br \/>Destin\u00e9 aux enfants de 3-6 mois. Le paquet contient 2 pi\u00e8ces.<br \/>Mode d\u2019utilisation : Avant la premi\u00e8re utilisation, nettoyer et d\u00e9sinfecter la t\u00e9tine dans l&rsquo;eau bouillante.<br \/>Apr\u00e8s chaque utilisation, nettoyez la t\u00e9tine des restes de nourriture, lavez-la sous l&rsquo;eau courante avec un liquide doux, rincez bien puis d\u00e9sinfectez.<br \/>Nous vous d\u00e9conseillons de laver la t\u00e9tine au lave-vaisselle, car des produits de nettoyage risquent de l\u2019endommager.<br \/>N&rsquo;utilisez pas de produits antibact\u00e9riens pour le nettoyage.<br \/>La t\u00e9tine peut \u00eatre d\u00e9sinfect\u00e9e dans un st\u00e9rilisateur vapeur\/\u00e9lectrique et cuite \u00e0 la vapeur.<br \/>La cuisson et l&rsquo;eau dure peuvent provoquer la formation des d\u00e9p\u00f4ts.<br \/>V\u00e9rifiez la t\u00e9tine avant chaque utilisation. \u00c9tirez-le dans toutes les directions.<br \/>V\u00e9rifiez particuli\u00e8rement attentivement la t\u00e9tine lorsque votre b\u00e9b\u00e9 a des dents.<br \/>Jetez-la d\u00e8s que vous remarquez les premiers signes d\u2019endommagements sur la t\u00e9tine.<br \/>Ne serrez pas trop le biberon, car la t\u00e9tine pourrait ne pas s&rsquo;a\u00e9rer correctement.<br \/>Ne percez pas et n&rsquo;agrandissez pas l\u2019ouverture de la t\u00e9tine, vous risquez de l&rsquo;endommager.<br \/>Les jus de fruits ou les tisanes risquent de laisser des d\u00e9p\u00f4ts dessus ou une d\u00e9coloration, ce qui ne modifie pas les propri\u00e9t\u00e9s du produit.<br \/>Ne laissez pas la t\u00e9tine dans un endroit ensoleill\u00e9 ou chaud ou dans des d\u00e9sinfectants (\u00absolution de st\u00e9rilisation\u00bb) plus longtemps que recommand\u00e9, car cela pourrait affaiblir la t\u00e9tine.<br \/>Pour des raisons de s\u00e9curit\u00e9 et d&rsquo;hygi\u00e8ne, nous vous recommandons de remplacer la t\u00e9tine par une neuve tous les 1-2 mois.<br \/>Important! Pour des raisons de s\u00e9curit\u00e9, le b\u00e9b\u00e9 doit \u00eatre surveill\u00e9 par un adulte pendant la t\u00e9t\u00e9e.<br \/>N\u2019utilisez jamais une t\u00e9tine de biberon comme sucette apaisante.<br \/>Le sucement de liquides continu et prolong\u00e9 peut provoquer des caries dentaires.<br \/>V\u00e9rifiez toujours la temp\u00e9rature des aliments avant de nourrir votre enfant.<br \/>Attention! Ce produit n&rsquo;est pas un jouet. Gardez-le hors de port\u00e9e de l&rsquo;enfant.<br \/>Le produit ne contient pas de bisph\u00e9nol A (0% BPA).<br \/>Con\u00e7u pour les enfants de 3-6 mois.<\/p>\n<p>\u00a0<\/p>\n<p>\u00a0<img decoding=\"async\" alt=\"\" src=\"https:\/\/akuku.com.pl\/wp-content\/uploads\/2024\/09\/BPA-Free-logo-png_1.png\" \/>\u00a0 \u00a0<img decoding=\"async\" alt=\"\" src=\"https:\/\/ect.h2g.pl\/akuku\/images\/3-wiek.jpg\" \/>\u00a0<img decoding=\"async\" alt=\"\" src=\"https:\/\/akuku.com.pl\/wp-content\/uploads\/2024\/09\/nie-do-uytku-w-mikrofali.jpg\" \/><img decoding=\"async\" alt=\"\" src=\"https:\/\/ect.h2g.pl\/akuku\/images\/nie-do-uytku-w-zmywarce.jpg\" \/><\/p>\n<\/div>\n","protected":false},"excerpt":{"rendered":"<p>\u00a0\u00a0 T\u00e9tine A0120 pour biberon \u00e0 col large A0107 T\u00e9tine anti-colique \u00e0 d\u00e9bit moyen pour biberon \u00e0 col large, article n\u00b0 A0107. La t\u00e9tine r\u00e9duit consid\u00e9rablement le risques des coliques.Il est fabriqu\u00e9 \u00e0 100 % en silicone de haute qualit\u00e9 qui est adapt\u00e9 aux d\u00e9sinfections r\u00e9p\u00e9t\u00e9es.Destin\u00e9 aux enfants de 3-6 mois. Le paquet contient 2 [&hellip;]<\/p>\n","protected":false},"featured_media":6011,"template":"","meta":[],"product_cat":[3333,3336],"product_tag":[],"class_list":{"0":"post-6872","1":"product","2":"type-product","3":"status-publish","4":"has-post-thumbnail","6":"product_cat-nutrition","7":"product_cat-biberons","9":"first","10":"instock","11":"shipping-taxable","12":"product-type-simple"},"yoast_head":"<!-- This site is optimized with the Yoast SEO plugin v26.2 - https:\/\/yoast.com\/wordpress\/plugins\/seo\/ -->\n<title>T\u00e9tine A0120 pour biberon \u00e0 col large - Akuku<\/title>\n<meta name=\"description\" content=\"Sprawd\u017a nasz produkt: T\u00e9tine A0120 pour biberon \u00e0 col large. Produkty Akuku - odpowiednie dla mam i niemowl\u0105t!\" \/>\n<meta name=\"robots\" content=\"index, follow, max-snippet:-1, max-image-preview:large, max-video-preview:-1\" \/>\n<link rel=\"canonical\" href=\"https:\/\/akuku.com.pl\/fr\/catalogue-de-produits\/nutrition\/biberons\/tetine-a0120-pour-biberon-a-col-large-a0107-2\/\" \/>\n<meta property=\"og:locale\" content=\"fr_FR\" \/>\n<meta property=\"og:type\" content=\"article\" \/>\n<meta property=\"og:title\" content=\"T\u00e9tine A0120 pour biberon \u00e0 col large - Akuku\" \/>\n<meta property=\"og:description\" content=\"Sprawd\u017a nasz produkt: T\u00e9tine A0120 pour biberon \u00e0 col large. Produkty Akuku - odpowiednie dla mam i niemowl\u0105t!\" \/>\n<meta property=\"og:url\" content=\"https:\/\/akuku.com.pl\/fr\/catalogue-de-produits\/nutrition\/biberons\/tetine-a0120-pour-biberon-a-col-large-a0107-2\/\" \/>\n<meta property=\"og:site_name\" content=\"Akuku\" \/>\n<meta property=\"article:publisher\" content=\"https:\/\/www.facebook.com\/markaAKUKU\" \/>\n<meta property=\"article:modified_time\" content=\"2024-07-29T19:55:04+00:00\" \/>\n<meta property=\"og:image\" content=\"https:\/\/akuku.com.pl\/wp-content\/uploads\/2024\/07\/a0107-3.jpg\" \/>\n\t<meta property=\"og:image:width\" content=\"800\" \/>\n\t<meta property=\"og:image:height\" content=\"800\" \/>\n\t<meta property=\"og:image:type\" content=\"image\/jpeg\" \/>\n<meta name=\"twitter:card\" content=\"summary_large_image\" \/>\n<meta name=\"twitter:label1\" content=\"Dur\u00e9e de lecture estim\u00e9e\" \/>\n\t<meta name=\"twitter:data1\" content=\"2 minutes\" \/>\n<script type=\"application\/ld+json\" class=\"yoast-schema-graph\">{\"@context\":\"https:\/\/schema.org\",\"@graph\":[{\"@type\":\"WebPage\",\"@id\":\"https:\/\/akuku.com.pl\/fr\/catalogue-de-produits\/nutrition\/biberons\/tetine-a0120-pour-biberon-a-col-large-a0107-2\/\",\"url\":\"https:\/\/akuku.com.pl\/fr\/catalogue-de-produits\/nutrition\/biberons\/tetine-a0120-pour-biberon-a-col-large-a0107-2\/\",\"name\":\"T\u00e9tine A0120 pour biberon \u00e0 col large - Akuku\",\"isPartOf\":{\"@id\":\"https:\/\/akuku.com.pl\/fr\/#website\"},\"primaryImageOfPage\":{\"@id\":\"https:\/\/akuku.com.pl\/fr\/catalogue-de-produits\/nutrition\/biberons\/tetine-a0120-pour-biberon-a-col-large-a0107-2\/#primaryimage\"},\"image\":{\"@id\":\"https:\/\/akuku.com.pl\/fr\/catalogue-de-produits\/nutrition\/biberons\/tetine-a0120-pour-biberon-a-col-large-a0107-2\/#primaryimage\"},\"thumbnailUrl\":\"https:\/\/akuku.com.pl\/wp-content\/uploads\/2024\/07\/a0107-3.jpg\",\"datePublished\":\"2024-07-04T20:35:15+00:00\",\"dateModified\":\"2024-07-29T19:55:04+00:00\",\"description\":\"Sprawd\u017a nasz produkt: T\u00e9tine A0120 pour biberon \u00e0 col large. Produkty Akuku - odpowiednie dla mam i niemowl\u0105t!\",\"breadcrumb\":{\"@id\":\"https:\/\/akuku.com.pl\/fr\/catalogue-de-produits\/nutrition\/biberons\/tetine-a0120-pour-biberon-a-col-large-a0107-2\/#breadcrumb\"},\"inLanguage\":\"fr-FR\",\"potentialAction\":[{\"@type\":\"ReadAction\",\"target\":[\"https:\/\/akuku.com.pl\/fr\/catalogue-de-produits\/nutrition\/biberons\/tetine-a0120-pour-biberon-a-col-large-a0107-2\/\"]}]},{\"@type\":\"ImageObject\",\"inLanguage\":\"fr-FR\",\"@id\":\"https:\/\/akuku.com.pl\/fr\/catalogue-de-produits\/nutrition\/biberons\/tetine-a0120-pour-biberon-a-col-large-a0107-2\/#primaryimage\",\"url\":\"https:\/\/akuku.com.pl\/wp-content\/uploads\/2024\/07\/a0107-3.jpg\",\"contentUrl\":\"https:\/\/akuku.com.pl\/wp-content\/uploads\/2024\/07\/a0107-3.jpg\",\"width\":800,\"height\":800},{\"@type\":\"BreadcrumbList\",\"@id\":\"https:\/\/akuku.com.pl\/fr\/catalogue-de-produits\/nutrition\/biberons\/tetine-a0120-pour-biberon-a-col-large-a0107-2\/#breadcrumb\",\"itemListElement\":[{\"@type\":\"ListItem\",\"position\":1,\"name\":\"Strona g\u0142\u00f3wna\",\"item\":\"https:\/\/akuku.com.pl\/fr\/\"},{\"@type\":\"ListItem\",\"position\":2,\"name\":\"Boutique\",\"item\":\"https:\/\/akuku.com.pl\/wszystkie-produkty\/\"},{\"@type\":\"ListItem\",\"position\":3,\"name\":\"T\u00e9tine A0120 pour biberon \u00e0 col large\"}]},{\"@type\":\"WebSite\",\"@id\":\"https:\/\/akuku.com.pl\/fr\/#website\",\"url\":\"https:\/\/akuku.com.pl\/fr\/\",\"name\":\"Akuku.com.pl\",\"description\":\"\",\"publisher\":{\"@id\":\"https:\/\/akuku.com.pl\/fr\/#organization\"},\"potentialAction\":[{\"@type\":\"SearchAction\",\"target\":{\"@type\":\"EntryPoint\",\"urlTemplate\":\"https:\/\/akuku.com.pl\/fr\/?s={search_term_string}\"},\"query-input\":{\"@type\":\"PropertyValueSpecification\",\"valueRequired\":true,\"valueName\":\"search_term_string\"}}],\"inLanguage\":\"fr-FR\"},{\"@type\":\"Organization\",\"@id\":\"https:\/\/akuku.com.pl\/fr\/#organization\",\"name\":\"Akuku.com.pl\",\"url\":\"https:\/\/akuku.com.pl\/fr\/\",\"logo\":{\"@type\":\"ImageObject\",\"inLanguage\":\"fr-FR\",\"@id\":\"https:\/\/akuku.com.pl\/fr\/#\/schema\/logo\/image\/\",\"url\":\"https:\/\/akuku.com.pl\/wp-content\/uploads\/2024\/04\/akuku-logo.svg\",\"contentUrl\":\"https:\/\/akuku.com.pl\/wp-content\/uploads\/2024\/04\/akuku-logo.svg\",\"width\":114,\"height\":50,\"caption\":\"Akuku.com.pl\"},\"image\":{\"@id\":\"https:\/\/akuku.com.pl\/fr\/#\/schema\/logo\/image\/\"},\"sameAs\":[\"https:\/\/www.facebook.com\/markaAKUKU\"]}]}<\/script>\n<!-- \/ Yoast SEO plugin. -->","yoast_head_json":{"title":"T\u00e9tine A0120 pour biberon \u00e0 col large - Akuku","description":"Sprawd\u017a nasz produkt: T\u00e9tine A0120 pour biberon \u00e0 col large. Produkty Akuku - odpowiednie dla mam i niemowl\u0105t!","robots":{"index":"index","follow":"follow","max-snippet":"max-snippet:-1","max-image-preview":"max-image-preview:large","max-video-preview":"max-video-preview:-1"},"canonical":"https:\/\/akuku.com.pl\/fr\/catalogue-de-produits\/nutrition\/biberons\/tetine-a0120-pour-biberon-a-col-large-a0107-2\/","og_locale":"fr_FR","og_type":"article","og_title":"T\u00e9tine A0120 pour biberon \u00e0 col large - Akuku","og_description":"Sprawd\u017a nasz produkt: T\u00e9tine A0120 pour biberon \u00e0 col large. Produkty Akuku - odpowiednie dla mam i niemowl\u0105t!","og_url":"https:\/\/akuku.com.pl\/fr\/catalogue-de-produits\/nutrition\/biberons\/tetine-a0120-pour-biberon-a-col-large-a0107-2\/","og_site_name":"Akuku","article_publisher":"https:\/\/www.facebook.com\/markaAKUKU","article_modified_time":"2024-07-29T19:55:04+00:00","og_image":[{"width":800,"height":800,"url":"https:\/\/akuku.com.pl\/wp-content\/uploads\/2024\/07\/a0107-3.jpg","type":"image\/jpeg"}],"twitter_card":"summary_large_image","twitter_misc":{"Dur\u00e9e de lecture estim\u00e9e":"2 minutes"},"schema":{"@context":"https:\/\/schema.org","@graph":[{"@type":"WebPage","@id":"https:\/\/akuku.com.pl\/fr\/catalogue-de-produits\/nutrition\/biberons\/tetine-a0120-pour-biberon-a-col-large-a0107-2\/","url":"https:\/\/akuku.com.pl\/fr\/catalogue-de-produits\/nutrition\/biberons\/tetine-a0120-pour-biberon-a-col-large-a0107-2\/","name":"T\u00e9tine A0120 pour biberon \u00e0 col large - Akuku","isPartOf":{"@id":"https:\/\/akuku.com.pl\/fr\/#website"},"primaryImageOfPage":{"@id":"https:\/\/akuku.com.pl\/fr\/catalogue-de-produits\/nutrition\/biberons\/tetine-a0120-pour-biberon-a-col-large-a0107-2\/#primaryimage"},"image":{"@id":"https:\/\/akuku.com.pl\/fr\/catalogue-de-produits\/nutrition\/biberons\/tetine-a0120-pour-biberon-a-col-large-a0107-2\/#primaryimage"},"thumbnailUrl":"https:\/\/akuku.com.pl\/wp-content\/uploads\/2024\/07\/a0107-3.jpg","datePublished":"2024-07-04T20:35:15+00:00","dateModified":"2024-07-29T19:55:04+00:00","description":"Sprawd\u017a nasz produkt: T\u00e9tine A0120 pour biberon \u00e0 col large. Produkty Akuku - odpowiednie dla mam i niemowl\u0105t!","breadcrumb":{"@id":"https:\/\/akuku.com.pl\/fr\/catalogue-de-produits\/nutrition\/biberons\/tetine-a0120-pour-biberon-a-col-large-a0107-2\/#breadcrumb"},"inLanguage":"fr-FR","potentialAction":[{"@type":"ReadAction","target":["https:\/\/akuku.com.pl\/fr\/catalogue-de-produits\/nutrition\/biberons\/tetine-a0120-pour-biberon-a-col-large-a0107-2\/"]}]},{"@type":"ImageObject","inLanguage":"fr-FR","@id":"https:\/\/akuku.com.pl\/fr\/catalogue-de-produits\/nutrition\/biberons\/tetine-a0120-pour-biberon-a-col-large-a0107-2\/#primaryimage","url":"https:\/\/akuku.com.pl\/wp-content\/uploads\/2024\/07\/a0107-3.jpg","contentUrl":"https:\/\/akuku.com.pl\/wp-content\/uploads\/2024\/07\/a0107-3.jpg","width":800,"height":800},{"@type":"BreadcrumbList","@id":"https:\/\/akuku.com.pl\/fr\/catalogue-de-produits\/nutrition\/biberons\/tetine-a0120-pour-biberon-a-col-large-a0107-2\/#breadcrumb","itemListElement":[{"@type":"ListItem","position":1,"name":"Strona g\u0142\u00f3wna","item":"https:\/\/akuku.com.pl\/fr\/"},{"@type":"ListItem","position":2,"name":"Boutique","item":"https:\/\/akuku.com.pl\/wszystkie-produkty\/"},{"@type":"ListItem","position":3,"name":"T\u00e9tine A0120 pour biberon \u00e0 col large"}]},{"@type":"WebSite","@id":"https:\/\/akuku.com.pl\/fr\/#website","url":"https:\/\/akuku.com.pl\/fr\/","name":"Akuku.com.pl","description":"","publisher":{"@id":"https:\/\/akuku.com.pl\/fr\/#organization"},"potentialAction":[{"@type":"SearchAction","target":{"@type":"EntryPoint","urlTemplate":"https:\/\/akuku.com.pl\/fr\/?s={search_term_string}"},"query-input":{"@type":"PropertyValueSpecification","valueRequired":true,"valueName":"search_term_string"}}],"inLanguage":"fr-FR"},{"@type":"Organization","@id":"https:\/\/akuku.com.pl\/fr\/#organization","name":"Akuku.com.pl","url":"https:\/\/akuku.com.pl\/fr\/","logo":{"@type":"ImageObject","inLanguage":"fr-FR","@id":"https:\/\/akuku.com.pl\/fr\/#\/schema\/logo\/image\/","url":"https:\/\/akuku.com.pl\/wp-content\/uploads\/2024\/04\/akuku-logo.svg","contentUrl":"https:\/\/akuku.com.pl\/wp-content\/uploads\/2024\/04\/akuku-logo.svg","width":114,"height":50,"caption":"Akuku.com.pl"},"image":{"@id":"https:\/\/akuku.com.pl\/fr\/#\/schema\/logo\/image\/"},"sameAs":["https:\/\/www.facebook.com\/markaAKUKU"]}]}},"_links":{"self":[{"href":"https:\/\/akuku.com.pl\/fr\/wp-json\/wp\/v2\/product\/6872","targetHints":{"allow":["GET"]}}],"collection":[{"href":"https:\/\/akuku.com.pl\/fr\/wp-json\/wp\/v2\/product"}],"about":[{"href":"https:\/\/akuku.com.pl\/fr\/wp-json\/wp\/v2\/types\/product"}],"wp:featuredmedia":[{"embeddable":true,"href":"https:\/\/akuku.com.pl\/fr\/wp-json\/wp\/v2\/media\/6011"}],"wp:attachment":[{"href":"https:\/\/akuku.com.pl\/fr\/wp-json\/wp\/v2\/media?parent=6872"}],"wp:term":[{"taxonomy":"product_cat","embeddable":true,"href":"https:\/\/akuku.com.pl\/fr\/wp-json\/wp\/v2\/product_cat?post=6872"},{"taxonomy":"product_tag","embeddable":true,"href":"https:\/\/akuku.com.pl\/fr\/wp-json\/wp\/v2\/product_tag?post=6872"}],"curies":[{"name":"wp","href":"https:\/\/api.w.org\/{rel}","templated":true}]}}