{"id":6829,"date":"2024-07-04T22:33:48","date_gmt":"2024-07-04T20:33:48","guid":{"rendered":"https:\/\/wp.akuku.com.pl\/sklep\/non%20class\u00e9\/serviettes-de-maternite-avec-ailettes-slim-a0069\/"},"modified":"2024-07-29T21:55:08","modified_gmt":"2024-07-29T19:55:08","slug":"serviettes-de-maternite-avec-ailettes-slim-a0069","status":"publish","type":"product","link":"https:\/\/akuku.com.pl\/fr\/catalogue-de-produits\/pour-maman\/serviettes-hygieniques-post-partum-fr\/serviettes-de-maternite-avec-ailettes-slim-a0069\/","title":{"rendered":"Serviettes de maternit\u00e9 avec ailettes SLIM"},"content":{"rendered":"<div class=\"textWrap\">\n<p style=\"text-align: justify\">\u00a0<\/p>\n<p style=\"text-align: justify\">Serviettes hygi\u00e9niques post partum avec ailettes SLIM A0069<\/p>\n<p style=\"text-align: justify\">Nous proposons des serviettes hygi\u00e9niques \u00e9cologiques post-partum en coton respirant avec ailettes qui sont destin\u00e9es aux femmes en p\u00e9riode post-partum, afin de leur garantir le confort dans toutes les situations. <br \/>Hypoallerg\u00e9niques, sans chlore ni m\u00e9taux lourds, elles absorbent des odeurs d\u00e9sagr\u00e9ables. Produit fabriqu\u00e9 uniquement avec des mat\u00e9riaux europ\u00e9ens.<br \/>La forme sp\u00e9ciale donne une sensation de confort et de discr\u00e9tion. <br \/>Une d\u00e9licate couche int\u00e9rieure emp\u00eache la serviette de coller et d&rsquo;irriter votre peau. <br \/>La couche sup\u00e9rieure favorise une libre circulation de l&rsquo;air, procurant une sensation de fra\u00eecheur. <br \/>La bande autocollante maintient la serviette en place pendant votre activit\u00e9.<br \/>Les serviettes hygi\u00e9niques post partum avec ailettes Akuku sont \u00e9galement parfaites en cas des:<br \/>\u2022 r\u00e8gles abondantes &#8211; gr\u00e2ce \u00e0 la grande capacit\u00e9 d&rsquo;absorption, ainsi la dame se sent \u00e0 l&rsquo;aise et le mat\u00e9riel d\u00e9licat de la serviette \u00e9vite toute irritation. <br \/>\u2022 op\u00e9rations chirurgicales, vu des saignements \u00e9ventuels, puisque apr\u00e8s intervention la peau doit respirer pour favoriser la cicatrisation de la plaie. <br \/>Une capacit\u00e9 d&rsquo;absorption \u00e9lev\u00e9e de notre serviette gardera tout fluide \u00e0 l&rsquo;int\u00e9rieur du coussin.<br \/>En cas de l\u2019incontinence urinaire, notre serviette permet de garder les confort et discr\u00e9tion lors des activit\u00e9s quotidiennes.<br \/>Ce produit est recommand\u00e9 \u00e0 \u00eatre utilis\u00e9 avec des culottes en maille ou des culottes jetables.<br \/>Le paquet contient 10 serviettes post-partum.<br \/>Dimensions : 28 cm x 9 cm x 0,5 cm<br \/>Fabriqu\u00e9s en UE<\/p>\n<p style=\"text-align: justify\"><img decoding=\"async\" alt=\"\" src=\"https:\/\/ect.h2g.pl\/akuku\/images\/LOGOBIOBR_4.jpg\" \/><\/p>\n<\/div>\n","protected":false},"excerpt":{"rendered":"<p>\u00a0 Serviettes hygi\u00e9niques post partum avec ailettes SLIM A0069 Nous proposons des serviettes hygi\u00e9niques \u00e9cologiques post-partum en coton respirant avec ailettes qui sont destin\u00e9es aux femmes en p\u00e9riode post-partum, afin de leur garantir le confort dans toutes les situations. Hypoallerg\u00e9niques, sans chlore ni m\u00e9taux lourds, elles absorbent des odeurs d\u00e9sagr\u00e9ables. Produit fabriqu\u00e9 uniquement avec des [&hellip;]<\/p>\n","protected":false},"featured_media":6817,"template":"","meta":[],"product_cat":[3317,3327],"product_tag":[],"class_list":{"0":"post-6829","1":"product","2":"type-product","3":"status-publish","4":"has-post-thumbnail","6":"product_cat-pour-maman","7":"product_cat-serviettes-hygieniques-post-partum-fr","9":"first","10":"instock","11":"shipping-taxable","12":"product-type-simple"},"yoast_head":"<!-- This site is optimized with the Yoast SEO plugin v26.2 - https:\/\/yoast.com\/wordpress\/plugins\/seo\/ -->\n<title>Serviettes de maternit\u00e9 avec ailettes SLIM - Akuku<\/title>\n<meta name=\"description\" content=\"Sprawd\u017a nasz produkt: Serviettes de maternit\u00e9 avec ailettes SLIM. Produkty Akuku - odpowiednie dla mam i niemowl\u0105t!\" \/>\n<meta name=\"robots\" content=\"index, follow, max-snippet:-1, max-image-preview:large, max-video-preview:-1\" \/>\n<link rel=\"canonical\" href=\"https:\/\/akuku.com.pl\/fr\/catalogue-de-produits\/pour-maman\/serviettes-hygieniques-post-partum-fr\/serviettes-de-maternite-avec-ailettes-slim-a0069\/\" \/>\n<meta property=\"og:locale\" content=\"fr_FR\" \/>\n<meta property=\"og:type\" content=\"article\" \/>\n<meta property=\"og:title\" content=\"Serviettes de maternit\u00e9 avec ailettes SLIM - Akuku\" \/>\n<meta property=\"og:description\" content=\"Sprawd\u017a nasz produkt: Serviettes de maternit\u00e9 avec ailettes SLIM. Produkty Akuku - odpowiednie dla mam i niemowl\u0105t!\" \/>\n<meta property=\"og:url\" content=\"https:\/\/akuku.com.pl\/fr\/catalogue-de-produits\/pour-maman\/serviettes-hygieniques-post-partum-fr\/serviettes-de-maternite-avec-ailettes-slim-a0069\/\" \/>\n<meta property=\"og:site_name\" content=\"Akuku\" \/>\n<meta property=\"article:publisher\" content=\"https:\/\/www.facebook.com\/markaAKUKU\" \/>\n<meta property=\"article:modified_time\" content=\"2024-07-29T19:55:08+00:00\" \/>\n<meta property=\"og:image\" content=\"https:\/\/akuku.com.pl\/wp-content\/uploads\/2024\/07\/a0069-1.jpeg\" \/>\n\t<meta property=\"og:image:width\" content=\"720\" \/>\n\t<meta property=\"og:image:height\" content=\"720\" \/>\n\t<meta property=\"og:image:type\" content=\"image\/jpeg\" \/>\n<meta name=\"twitter:card\" content=\"summary_large_image\" \/>\n<meta name=\"twitter:label1\" content=\"Dur\u00e9e de lecture estim\u00e9e\" \/>\n\t<meta name=\"twitter:data1\" content=\"1 minute\" \/>\n<script type=\"application\/ld+json\" class=\"yoast-schema-graph\">{\"@context\":\"https:\/\/schema.org\",\"@graph\":[{\"@type\":\"WebPage\",\"@id\":\"https:\/\/akuku.com.pl\/fr\/catalogue-de-produits\/pour-maman\/serviettes-hygieniques-post-partum-fr\/serviettes-de-maternite-avec-ailettes-slim-a0069\/\",\"url\":\"https:\/\/akuku.com.pl\/fr\/catalogue-de-produits\/pour-maman\/serviettes-hygieniques-post-partum-fr\/serviettes-de-maternite-avec-ailettes-slim-a0069\/\",\"name\":\"Serviettes de maternit\u00e9 avec ailettes SLIM - Akuku\",\"isPartOf\":{\"@id\":\"https:\/\/akuku.com.pl\/fr\/#website\"},\"primaryImageOfPage\":{\"@id\":\"https:\/\/akuku.com.pl\/fr\/catalogue-de-produits\/pour-maman\/serviettes-hygieniques-post-partum-fr\/serviettes-de-maternite-avec-ailettes-slim-a0069\/#primaryimage\"},\"image\":{\"@id\":\"https:\/\/akuku.com.pl\/fr\/catalogue-de-produits\/pour-maman\/serviettes-hygieniques-post-partum-fr\/serviettes-de-maternite-avec-ailettes-slim-a0069\/#primaryimage\"},\"thumbnailUrl\":\"https:\/\/akuku.com.pl\/wp-content\/uploads\/2024\/07\/a0069-1.jpeg\",\"datePublished\":\"2024-07-04T20:33:48+00:00\",\"dateModified\":\"2024-07-29T19:55:08+00:00\",\"description\":\"Sprawd\u017a nasz produkt: Serviettes de maternit\u00e9 avec ailettes SLIM. Produkty Akuku - odpowiednie dla mam i niemowl\u0105t!\",\"breadcrumb\":{\"@id\":\"https:\/\/akuku.com.pl\/fr\/catalogue-de-produits\/pour-maman\/serviettes-hygieniques-post-partum-fr\/serviettes-de-maternite-avec-ailettes-slim-a0069\/#breadcrumb\"},\"inLanguage\":\"fr-FR\",\"potentialAction\":[{\"@type\":\"ReadAction\",\"target\":[\"https:\/\/akuku.com.pl\/fr\/catalogue-de-produits\/pour-maman\/serviettes-hygieniques-post-partum-fr\/serviettes-de-maternite-avec-ailettes-slim-a0069\/\"]}]},{\"@type\":\"ImageObject\",\"inLanguage\":\"fr-FR\",\"@id\":\"https:\/\/akuku.com.pl\/fr\/catalogue-de-produits\/pour-maman\/serviettes-hygieniques-post-partum-fr\/serviettes-de-maternite-avec-ailettes-slim-a0069\/#primaryimage\",\"url\":\"https:\/\/akuku.com.pl\/wp-content\/uploads\/2024\/07\/a0069-1.jpeg\",\"contentUrl\":\"https:\/\/akuku.com.pl\/wp-content\/uploads\/2024\/07\/a0069-1.jpeg\",\"width\":720,\"height\":720},{\"@type\":\"BreadcrumbList\",\"@id\":\"https:\/\/akuku.com.pl\/fr\/catalogue-de-produits\/pour-maman\/serviettes-hygieniques-post-partum-fr\/serviettes-de-maternite-avec-ailettes-slim-a0069\/#breadcrumb\",\"itemListElement\":[{\"@type\":\"ListItem\",\"position\":1,\"name\":\"Strona g\u0142\u00f3wna\",\"item\":\"https:\/\/akuku.com.pl\/fr\/\"},{\"@type\":\"ListItem\",\"position\":2,\"name\":\"Boutique\",\"item\":\"https:\/\/akuku.com.pl\/wszystkie-produkty\/\"},{\"@type\":\"ListItem\",\"position\":3,\"name\":\"Serviettes de maternit\u00e9 avec ailettes SLIM\"}]},{\"@type\":\"WebSite\",\"@id\":\"https:\/\/akuku.com.pl\/fr\/#website\",\"url\":\"https:\/\/akuku.com.pl\/fr\/\",\"name\":\"Akuku.com.pl\",\"description\":\"\",\"publisher\":{\"@id\":\"https:\/\/akuku.com.pl\/fr\/#organization\"},\"potentialAction\":[{\"@type\":\"SearchAction\",\"target\":{\"@type\":\"EntryPoint\",\"urlTemplate\":\"https:\/\/akuku.com.pl\/fr\/?s={search_term_string}\"},\"query-input\":{\"@type\":\"PropertyValueSpecification\",\"valueRequired\":true,\"valueName\":\"search_term_string\"}}],\"inLanguage\":\"fr-FR\"},{\"@type\":\"Organization\",\"@id\":\"https:\/\/akuku.com.pl\/fr\/#organization\",\"name\":\"Akuku.com.pl\",\"url\":\"https:\/\/akuku.com.pl\/fr\/\",\"logo\":{\"@type\":\"ImageObject\",\"inLanguage\":\"fr-FR\",\"@id\":\"https:\/\/akuku.com.pl\/fr\/#\/schema\/logo\/image\/\",\"url\":\"https:\/\/akuku.com.pl\/wp-content\/uploads\/2024\/04\/akuku-logo.svg\",\"contentUrl\":\"https:\/\/akuku.com.pl\/wp-content\/uploads\/2024\/04\/akuku-logo.svg\",\"width\":114,\"height\":50,\"caption\":\"Akuku.com.pl\"},\"image\":{\"@id\":\"https:\/\/akuku.com.pl\/fr\/#\/schema\/logo\/image\/\"},\"sameAs\":[\"https:\/\/www.facebook.com\/markaAKUKU\"]}]}<\/script>\n<!-- \/ Yoast SEO plugin. -->","yoast_head_json":{"title":"Serviettes de maternit\u00e9 avec ailettes SLIM - Akuku","description":"Sprawd\u017a nasz produkt: Serviettes de maternit\u00e9 avec ailettes SLIM. Produkty Akuku - odpowiednie dla mam i niemowl\u0105t!","robots":{"index":"index","follow":"follow","max-snippet":"max-snippet:-1","max-image-preview":"max-image-preview:large","max-video-preview":"max-video-preview:-1"},"canonical":"https:\/\/akuku.com.pl\/fr\/catalogue-de-produits\/pour-maman\/serviettes-hygieniques-post-partum-fr\/serviettes-de-maternite-avec-ailettes-slim-a0069\/","og_locale":"fr_FR","og_type":"article","og_title":"Serviettes de maternit\u00e9 avec ailettes SLIM - Akuku","og_description":"Sprawd\u017a nasz produkt: Serviettes de maternit\u00e9 avec ailettes SLIM. Produkty Akuku - odpowiednie dla mam i niemowl\u0105t!","og_url":"https:\/\/akuku.com.pl\/fr\/catalogue-de-produits\/pour-maman\/serviettes-hygieniques-post-partum-fr\/serviettes-de-maternite-avec-ailettes-slim-a0069\/","og_site_name":"Akuku","article_publisher":"https:\/\/www.facebook.com\/markaAKUKU","article_modified_time":"2024-07-29T19:55:08+00:00","og_image":[{"width":720,"height":720,"url":"https:\/\/akuku.com.pl\/wp-content\/uploads\/2024\/07\/a0069-1.jpeg","type":"image\/jpeg"}],"twitter_card":"summary_large_image","twitter_misc":{"Dur\u00e9e de lecture estim\u00e9e":"1 minute"},"schema":{"@context":"https:\/\/schema.org","@graph":[{"@type":"WebPage","@id":"https:\/\/akuku.com.pl\/fr\/catalogue-de-produits\/pour-maman\/serviettes-hygieniques-post-partum-fr\/serviettes-de-maternite-avec-ailettes-slim-a0069\/","url":"https:\/\/akuku.com.pl\/fr\/catalogue-de-produits\/pour-maman\/serviettes-hygieniques-post-partum-fr\/serviettes-de-maternite-avec-ailettes-slim-a0069\/","name":"Serviettes de maternit\u00e9 avec ailettes SLIM - Akuku","isPartOf":{"@id":"https:\/\/akuku.com.pl\/fr\/#website"},"primaryImageOfPage":{"@id":"https:\/\/akuku.com.pl\/fr\/catalogue-de-produits\/pour-maman\/serviettes-hygieniques-post-partum-fr\/serviettes-de-maternite-avec-ailettes-slim-a0069\/#primaryimage"},"image":{"@id":"https:\/\/akuku.com.pl\/fr\/catalogue-de-produits\/pour-maman\/serviettes-hygieniques-post-partum-fr\/serviettes-de-maternite-avec-ailettes-slim-a0069\/#primaryimage"},"thumbnailUrl":"https:\/\/akuku.com.pl\/wp-content\/uploads\/2024\/07\/a0069-1.jpeg","datePublished":"2024-07-04T20:33:48+00:00","dateModified":"2024-07-29T19:55:08+00:00","description":"Sprawd\u017a nasz produkt: Serviettes de maternit\u00e9 avec ailettes SLIM. Produkty Akuku - odpowiednie dla mam i niemowl\u0105t!","breadcrumb":{"@id":"https:\/\/akuku.com.pl\/fr\/catalogue-de-produits\/pour-maman\/serviettes-hygieniques-post-partum-fr\/serviettes-de-maternite-avec-ailettes-slim-a0069\/#breadcrumb"},"inLanguage":"fr-FR","potentialAction":[{"@type":"ReadAction","target":["https:\/\/akuku.com.pl\/fr\/catalogue-de-produits\/pour-maman\/serviettes-hygieniques-post-partum-fr\/serviettes-de-maternite-avec-ailettes-slim-a0069\/"]}]},{"@type":"ImageObject","inLanguage":"fr-FR","@id":"https:\/\/akuku.com.pl\/fr\/catalogue-de-produits\/pour-maman\/serviettes-hygieniques-post-partum-fr\/serviettes-de-maternite-avec-ailettes-slim-a0069\/#primaryimage","url":"https:\/\/akuku.com.pl\/wp-content\/uploads\/2024\/07\/a0069-1.jpeg","contentUrl":"https:\/\/akuku.com.pl\/wp-content\/uploads\/2024\/07\/a0069-1.jpeg","width":720,"height":720},{"@type":"BreadcrumbList","@id":"https:\/\/akuku.com.pl\/fr\/catalogue-de-produits\/pour-maman\/serviettes-hygieniques-post-partum-fr\/serviettes-de-maternite-avec-ailettes-slim-a0069\/#breadcrumb","itemListElement":[{"@type":"ListItem","position":1,"name":"Strona g\u0142\u00f3wna","item":"https:\/\/akuku.com.pl\/fr\/"},{"@type":"ListItem","position":2,"name":"Boutique","item":"https:\/\/akuku.com.pl\/wszystkie-produkty\/"},{"@type":"ListItem","position":3,"name":"Serviettes de maternit\u00e9 avec ailettes SLIM"}]},{"@type":"WebSite","@id":"https:\/\/akuku.com.pl\/fr\/#website","url":"https:\/\/akuku.com.pl\/fr\/","name":"Akuku.com.pl","description":"","publisher":{"@id":"https:\/\/akuku.com.pl\/fr\/#organization"},"potentialAction":[{"@type":"SearchAction","target":{"@type":"EntryPoint","urlTemplate":"https:\/\/akuku.com.pl\/fr\/?s={search_term_string}"},"query-input":{"@type":"PropertyValueSpecification","valueRequired":true,"valueName":"search_term_string"}}],"inLanguage":"fr-FR"},{"@type":"Organization","@id":"https:\/\/akuku.com.pl\/fr\/#organization","name":"Akuku.com.pl","url":"https:\/\/akuku.com.pl\/fr\/","logo":{"@type":"ImageObject","inLanguage":"fr-FR","@id":"https:\/\/akuku.com.pl\/fr\/#\/schema\/logo\/image\/","url":"https:\/\/akuku.com.pl\/wp-content\/uploads\/2024\/04\/akuku-logo.svg","contentUrl":"https:\/\/akuku.com.pl\/wp-content\/uploads\/2024\/04\/akuku-logo.svg","width":114,"height":50,"caption":"Akuku.com.pl"},"image":{"@id":"https:\/\/akuku.com.pl\/fr\/#\/schema\/logo\/image\/"},"sameAs":["https:\/\/www.facebook.com\/markaAKUKU"]}]}},"_links":{"self":[{"href":"https:\/\/akuku.com.pl\/fr\/wp-json\/wp\/v2\/product\/6829","targetHints":{"allow":["GET"]}}],"collection":[{"href":"https:\/\/akuku.com.pl\/fr\/wp-json\/wp\/v2\/product"}],"about":[{"href":"https:\/\/akuku.com.pl\/fr\/wp-json\/wp\/v2\/types\/product"}],"wp:featuredmedia":[{"embeddable":true,"href":"https:\/\/akuku.com.pl\/fr\/wp-json\/wp\/v2\/media\/6817"}],"wp:attachment":[{"href":"https:\/\/akuku.com.pl\/fr\/wp-json\/wp\/v2\/media?parent=6829"}],"wp:term":[{"taxonomy":"product_cat","embeddable":true,"href":"https:\/\/akuku.com.pl\/fr\/wp-json\/wp\/v2\/product_cat?post=6829"},{"taxonomy":"product_tag","embeddable":true,"href":"https:\/\/akuku.com.pl\/fr\/wp-json\/wp\/v2\/product_tag?post=6829"}],"curies":[{"name":"wp","href":"https:\/\/api.w.org\/{rel}","templated":true}]}}