{"id":6814,"date":"2024-07-04T22:33:44","date_gmt":"2024-07-04T20:33:44","guid":{"rendered":"https:\/\/wp.akuku.com.pl\/sklep\/bez-kategorii\/wielorazowe-majtki-poporodowe-siateczkowe\/"},"modified":"2025-09-24T13:25:44","modified_gmt":"2025-09-24T11:25:44","slug":"wielorazowe-majtki-poporodowe-siateczkowe","status":"publish","type":"product","link":"https:\/\/akuku.com.pl\/fr\/katalog-produktow\/dla-mamy\/produkty-okoloporodowe\/wielorazowe-majtki-poporodowe-siateczkowe\/","title":{"rendered":"Wielorazowe majtki poporodowe"},"content":{"rendered":"<h2 style=\"font-size: 16px;\">Majtki siateczkowe poporodowe &#8211; wygodne, dopasowane i przewiewne<\/h2>\n<p>&nbsp;<\/p>\n<p data-start=\"222\" data-end=\"513\">\u2728 <strong data-start=\"224\" data-end=\"257\">Komfort i higiena po porodzie<\/strong> \u2013 wielorazowe majtki poporodowe \u201eakuku\u201d przeznaczone s\u0105 dla kobiet w okresie po\u0142ogu oraz na oddzia\u0142ach ginekologicznych i urologicznych, kiedy utrzymanie w\u0142a\u015bciwej higieny jest niezwykle istotne. Umo\u017cliwiaj\u0105 niezawodne podtrzymanie <strong>podk\u0142ad\u00f3w poporodowych i wk\u0142ad\u00f3w ch\u0142onnych<\/strong>.<\/p>\n<p data-start=\"515\" data-end=\"803\">\ud83c\udf3f <strong data-start=\"518\" data-end=\"554\">Przewiewna konstrukcja i komfort<\/strong> &#8211; specjalnie zaprojektowana, niezwykle przewiewna konstrukcja naszych majtek siateczkowych umo\u017cliwia swobodn\u0105 cyrkulacj\u0119 powietrza, zapewniaj\u0105c poczucie komfortu i \u015bwie\u017co\u015bci przez ca\u0142y dzie\u0144. Dzi\u0119ki temu majtki poporodowe wielorazowe \u015bwietnie wspieraj\u0105 regeneracj\u0119 okolic intymnych.<\/p>\n<p data-start=\"805\" data-end=\"1058\">\ud83d\udca7 <strong data-start=\"808\" data-end=\"840\">Delikatny materia\u0142 i higiena<\/strong> &#8211; wykonane z trwa\u0142ego i jednocze\u015bnie delikatnego dla sk\u00f3ry materia\u0142u (91% poliester, 9% w\u0142\u00f3kna poliuretanowe), wielorazowe majtki poporodowe zapobiegaj\u0105 podra\u017cnieniom, gwarantuj\u0105c odpowiedni\u0105 higien\u0119, wygod\u0119 i bezpiecze\u0144stwo.<\/p>\n<p data-start=\"1060\" data-end=\"1244\">\ud83d\udd04 <strong data-start=\"1063\" data-end=\"1109\">\u0141atwe w stosowaniu i wielokrotnego u\u017cytku<\/strong> &#8211; mo\u017cna je wielokrotnie <strong>pra\u0107 r\u0119cznie<\/strong>. Po porodzie zaleca si\u0119 pranie w delikatnym mydle, co zapewnia higien\u0119 i bezpiecze\u0144stwo produktu dla wra\u017cliwych okolic intymnych.<\/p>\n<p>&nbsp;<\/p>\n<h2 style=\"font-size: 16px;\">Wielorazowe majtki siateczkowe Akuku &#8211; Idealne dla kobiet w okresie po\u0142ogu<\/h2>\n<p>Dla zachowania w\u0142a\u015bciwej higieny ka\u017cda para majtek zapakowana jest w osobny woreczek foliowy.<\/p>\n<p>&nbsp;<\/p>\n<h3 style=\"font-size: 16px;\">Dost\u0119pne rozmiary bielizny poporodowej:<\/h3>\n<p>A0233 &#8211; rozmiar M, obw\u00f3d bioder ok. 90 cm<\/p>\n<p>A0234 &#8211; rozmiar L, obw\u00f3d bioder ok. 100 cm<\/p>\n<p>A0235 &#8211; rozmiar XL, obw\u00f3d bioder ok. 110 cm<\/p>\n<p>A0236 &#8211; rozmiar XXL, obw\u00f3d bioder ok. 125 cm<\/p>\n<p>&nbsp;<\/p>\n<h3 style=\"font-size: 16px;\">Opakowanie zawiera <strong>2 szt.<\/strong> majtek wielorazowych.<\/h3>\n<p>&nbsp;<\/p>\n<p>KODY EAN:<\/p>\n<p>A0233 &#8211; 5907644002337<\/p>\n<p>A0234 &#8211; 5907644002344<\/p>\n<p>A0235 &#8211; 5907644002351<\/p>\n<p>A0236 &#8211; 5907644002368<\/p>\n<p>&nbsp;<\/p>\n<p><strong>Ostrze\u017cenie!<\/strong> Produkt nie jest zabawk\u0105. Przechowuj go w miejscu niedost\u0119pnym dla dziecka.<\/p>\n","protected":false},"excerpt":{"rendered":"<p>Majtki siateczkowe poporodowe &#8211; wygodne, dopasowane i przewiewne &nbsp; \u2728 Komfort i higiena po porodzie \u2013 wielorazowe majtki poporodowe \u201eakuku\u201d przeznaczone s\u0105 dla kobiet w okresie po\u0142ogu oraz na oddzia\u0142ach ginekologicznych i urologicznych, kiedy utrzymanie w\u0142a\u015bciwej higieny jest niezwykle istotne. Umo\u017cliwiaj\u0105 niezawodne podtrzymanie podk\u0142ad\u00f3w poporodowych i wk\u0142ad\u00f3w ch\u0142onnych. \ud83c\udf3f Przewiewna konstrukcja i komfort &#8211; specjalnie [&hellip;]<\/p>\n","protected":false},"featured_media":15817,"template":"","meta":[],"product_cat":[3310,3314],"product_tag":[],"class_list":{"0":"post-6814","1":"product","2":"type-product","3":"status-publish","4":"has-post-thumbnail","6":"product_cat-dla-mamy","7":"product_cat-produkty-okoloporodowe","9":"first","10":"instock","11":"shipping-taxable","12":"product-type-simple"},"yoast_head":"<!-- This site is optimized with the Yoast SEO plugin v26.2 - https:\/\/yoast.com\/wordpress\/plugins\/seo\/ -->\n<title>Wielorazowe majtki poporodowe - Akuku<\/title>\n<meta name=\"description\" content=\"Bielizna poporodowa siateczkowa to idealne rozwi\u0105zanie dla kobiet w po\u0142ogu. Przewiewne, wygodne, wielokrotnego u\u017cytku. Sprawd\u017a majtki siateczkowe Akuku!\" \/>\n<meta name=\"robots\" content=\"index, follow, max-snippet:-1, max-image-preview:large, max-video-preview:-1\" \/>\n<link rel=\"canonical\" href=\"https:\/\/akuku.com.pl\/fr\/katalog-produktow\/dla-mamy\/produkty-okoloporodowe\/wielorazowe-majtki-poporodowe-siateczkowe\/\" \/>\n<meta property=\"og:locale\" content=\"fr_FR\" \/>\n<meta property=\"og:type\" content=\"article\" \/>\n<meta property=\"og:title\" content=\"Wielorazowe majtki poporodowe - Akuku\" \/>\n<meta property=\"og:description\" content=\"Bielizna poporodowa siateczkowa to idealne rozwi\u0105zanie dla kobiet w po\u0142ogu. Przewiewne, wygodne, wielokrotnego u\u017cytku. Sprawd\u017a majtki siateczkowe Akuku!\" \/>\n<meta property=\"og:url\" content=\"https:\/\/akuku.com.pl\/fr\/katalog-produktow\/dla-mamy\/produkty-okoloporodowe\/wielorazowe-majtki-poporodowe-siateczkowe\/\" \/>\n<meta property=\"og:site_name\" content=\"Akuku\" \/>\n<meta property=\"article:publisher\" content=\"https:\/\/www.facebook.com\/markaAKUKU\" \/>\n<meta property=\"article:modified_time\" content=\"2025-09-24T11:25:44+00:00\" \/>\n<meta property=\"og:image\" content=\"https:\/\/akuku.com.pl\/wp-content\/uploads\/2024\/12\/A0233.jpg\" \/>\n\t<meta property=\"og:image:width\" content=\"1000\" \/>\n\t<meta property=\"og:image:height\" content=\"1000\" \/>\n\t<meta property=\"og:image:type\" content=\"image\/jpeg\" \/>\n<meta name=\"twitter:card\" content=\"summary_large_image\" \/>\n<meta name=\"twitter:label1\" content=\"Dur\u00e9e de lecture estim\u00e9e\" \/>\n\t<meta name=\"twitter:data1\" content=\"2 minutes\" \/>\n<script type=\"application\/ld+json\" class=\"yoast-schema-graph\">{\"@context\":\"https:\/\/schema.org\",\"@graph\":[{\"@type\":\"WebPage\",\"@id\":\"https:\/\/akuku.com.pl\/fr\/katalog-produktow\/dla-mamy\/produkty-okoloporodowe\/wielorazowe-majtki-poporodowe-siateczkowe\/\",\"url\":\"https:\/\/akuku.com.pl\/fr\/katalog-produktow\/dla-mamy\/produkty-okoloporodowe\/wielorazowe-majtki-poporodowe-siateczkowe\/\",\"name\":\"Wielorazowe majtki poporodowe - Akuku\",\"isPartOf\":{\"@id\":\"https:\/\/akuku.com.pl\/fr\/#website\"},\"primaryImageOfPage\":{\"@id\":\"https:\/\/akuku.com.pl\/fr\/katalog-produktow\/dla-mamy\/produkty-okoloporodowe\/wielorazowe-majtki-poporodowe-siateczkowe\/#primaryimage\"},\"image\":{\"@id\":\"https:\/\/akuku.com.pl\/fr\/katalog-produktow\/dla-mamy\/produkty-okoloporodowe\/wielorazowe-majtki-poporodowe-siateczkowe\/#primaryimage\"},\"thumbnailUrl\":\"https:\/\/akuku.com.pl\/wp-content\/uploads\/2024\/12\/A0233.jpg\",\"datePublished\":\"2024-07-04T20:33:44+00:00\",\"dateModified\":\"2025-09-24T11:25:44+00:00\",\"description\":\"Bielizna poporodowa siateczkowa to idealne rozwi\u0105zanie dla kobiet w po\u0142ogu. Przewiewne, wygodne, wielokrotnego u\u017cytku. Sprawd\u017a majtki siateczkowe Akuku!\",\"breadcrumb\":{\"@id\":\"https:\/\/akuku.com.pl\/fr\/katalog-produktow\/dla-mamy\/produkty-okoloporodowe\/wielorazowe-majtki-poporodowe-siateczkowe\/#breadcrumb\"},\"inLanguage\":\"fr-FR\",\"potentialAction\":[{\"@type\":\"ReadAction\",\"target\":[\"https:\/\/akuku.com.pl\/fr\/katalog-produktow\/dla-mamy\/produkty-okoloporodowe\/wielorazowe-majtki-poporodowe-siateczkowe\/\"]}]},{\"@type\":\"ImageObject\",\"inLanguage\":\"fr-FR\",\"@id\":\"https:\/\/akuku.com.pl\/fr\/katalog-produktow\/dla-mamy\/produkty-okoloporodowe\/wielorazowe-majtki-poporodowe-siateczkowe\/#primaryimage\",\"url\":\"https:\/\/akuku.com.pl\/wp-content\/uploads\/2024\/12\/A0233.jpg\",\"contentUrl\":\"https:\/\/akuku.com.pl\/wp-content\/uploads\/2024\/12\/A0233.jpg\",\"width\":1000,\"height\":1000,\"caption\":\"Wielorazowe majtki poporodowe\"},{\"@type\":\"BreadcrumbList\",\"@id\":\"https:\/\/akuku.com.pl\/fr\/katalog-produktow\/dla-mamy\/produkty-okoloporodowe\/wielorazowe-majtki-poporodowe-siateczkowe\/#breadcrumb\",\"itemListElement\":[{\"@type\":\"ListItem\",\"position\":1,\"name\":\"Strona g\u0142\u00f3wna\",\"item\":\"https:\/\/akuku.com.pl\/fr\/\"},{\"@type\":\"ListItem\",\"position\":2,\"name\":\"Boutique\",\"item\":\"https:\/\/akuku.com.pl\/wszystkie-produkty\/\"},{\"@type\":\"ListItem\",\"position\":3,\"name\":\"Wielorazowe majtki poporodowe\"}]},{\"@type\":\"WebSite\",\"@id\":\"https:\/\/akuku.com.pl\/fr\/#website\",\"url\":\"https:\/\/akuku.com.pl\/fr\/\",\"name\":\"Akuku.com.pl\",\"description\":\"\",\"publisher\":{\"@id\":\"https:\/\/akuku.com.pl\/fr\/#organization\"},\"potentialAction\":[{\"@type\":\"SearchAction\",\"target\":{\"@type\":\"EntryPoint\",\"urlTemplate\":\"https:\/\/akuku.com.pl\/fr\/?s={search_term_string}\"},\"query-input\":{\"@type\":\"PropertyValueSpecification\",\"valueRequired\":true,\"valueName\":\"search_term_string\"}}],\"inLanguage\":\"fr-FR\"},{\"@type\":\"Organization\",\"@id\":\"https:\/\/akuku.com.pl\/fr\/#organization\",\"name\":\"Akuku.com.pl\",\"url\":\"https:\/\/akuku.com.pl\/fr\/\",\"logo\":{\"@type\":\"ImageObject\",\"inLanguage\":\"fr-FR\",\"@id\":\"https:\/\/akuku.com.pl\/fr\/#\/schema\/logo\/image\/\",\"url\":\"https:\/\/akuku.com.pl\/wp-content\/uploads\/2024\/04\/akuku-logo.svg\",\"contentUrl\":\"https:\/\/akuku.com.pl\/wp-content\/uploads\/2024\/04\/akuku-logo.svg\",\"width\":114,\"height\":50,\"caption\":\"Akuku.com.pl\"},\"image\":{\"@id\":\"https:\/\/akuku.com.pl\/fr\/#\/schema\/logo\/image\/\"},\"sameAs\":[\"https:\/\/www.facebook.com\/markaAKUKU\"]}]}<\/script>\n<!-- \/ Yoast SEO plugin. -->","yoast_head_json":{"title":"Wielorazowe majtki poporodowe - Akuku","description":"Bielizna poporodowa siateczkowa to idealne rozwi\u0105zanie dla kobiet w po\u0142ogu. Przewiewne, wygodne, wielokrotnego u\u017cytku. Sprawd\u017a majtki siateczkowe Akuku!","robots":{"index":"index","follow":"follow","max-snippet":"max-snippet:-1","max-image-preview":"max-image-preview:large","max-video-preview":"max-video-preview:-1"},"canonical":"https:\/\/akuku.com.pl\/fr\/katalog-produktow\/dla-mamy\/produkty-okoloporodowe\/wielorazowe-majtki-poporodowe-siateczkowe\/","og_locale":"fr_FR","og_type":"article","og_title":"Wielorazowe majtki poporodowe - Akuku","og_description":"Bielizna poporodowa siateczkowa to idealne rozwi\u0105zanie dla kobiet w po\u0142ogu. Przewiewne, wygodne, wielokrotnego u\u017cytku. Sprawd\u017a majtki siateczkowe Akuku!","og_url":"https:\/\/akuku.com.pl\/fr\/katalog-produktow\/dla-mamy\/produkty-okoloporodowe\/wielorazowe-majtki-poporodowe-siateczkowe\/","og_site_name":"Akuku","article_publisher":"https:\/\/www.facebook.com\/markaAKUKU","article_modified_time":"2025-09-24T11:25:44+00:00","og_image":[{"width":1000,"height":1000,"url":"https:\/\/akuku.com.pl\/wp-content\/uploads\/2024\/12\/A0233.jpg","type":"image\/jpeg"}],"twitter_card":"summary_large_image","twitter_misc":{"Dur\u00e9e de lecture estim\u00e9e":"2 minutes"},"schema":{"@context":"https:\/\/schema.org","@graph":[{"@type":"WebPage","@id":"https:\/\/akuku.com.pl\/fr\/katalog-produktow\/dla-mamy\/produkty-okoloporodowe\/wielorazowe-majtki-poporodowe-siateczkowe\/","url":"https:\/\/akuku.com.pl\/fr\/katalog-produktow\/dla-mamy\/produkty-okoloporodowe\/wielorazowe-majtki-poporodowe-siateczkowe\/","name":"Wielorazowe majtki poporodowe - Akuku","isPartOf":{"@id":"https:\/\/akuku.com.pl\/fr\/#website"},"primaryImageOfPage":{"@id":"https:\/\/akuku.com.pl\/fr\/katalog-produktow\/dla-mamy\/produkty-okoloporodowe\/wielorazowe-majtki-poporodowe-siateczkowe\/#primaryimage"},"image":{"@id":"https:\/\/akuku.com.pl\/fr\/katalog-produktow\/dla-mamy\/produkty-okoloporodowe\/wielorazowe-majtki-poporodowe-siateczkowe\/#primaryimage"},"thumbnailUrl":"https:\/\/akuku.com.pl\/wp-content\/uploads\/2024\/12\/A0233.jpg","datePublished":"2024-07-04T20:33:44+00:00","dateModified":"2025-09-24T11:25:44+00:00","description":"Bielizna poporodowa siateczkowa to idealne rozwi\u0105zanie dla kobiet w po\u0142ogu. Przewiewne, wygodne, wielokrotnego u\u017cytku. Sprawd\u017a majtki siateczkowe Akuku!","breadcrumb":{"@id":"https:\/\/akuku.com.pl\/fr\/katalog-produktow\/dla-mamy\/produkty-okoloporodowe\/wielorazowe-majtki-poporodowe-siateczkowe\/#breadcrumb"},"inLanguage":"fr-FR","potentialAction":[{"@type":"ReadAction","target":["https:\/\/akuku.com.pl\/fr\/katalog-produktow\/dla-mamy\/produkty-okoloporodowe\/wielorazowe-majtki-poporodowe-siateczkowe\/"]}]},{"@type":"ImageObject","inLanguage":"fr-FR","@id":"https:\/\/akuku.com.pl\/fr\/katalog-produktow\/dla-mamy\/produkty-okoloporodowe\/wielorazowe-majtki-poporodowe-siateczkowe\/#primaryimage","url":"https:\/\/akuku.com.pl\/wp-content\/uploads\/2024\/12\/A0233.jpg","contentUrl":"https:\/\/akuku.com.pl\/wp-content\/uploads\/2024\/12\/A0233.jpg","width":1000,"height":1000,"caption":"Wielorazowe majtki poporodowe"},{"@type":"BreadcrumbList","@id":"https:\/\/akuku.com.pl\/fr\/katalog-produktow\/dla-mamy\/produkty-okoloporodowe\/wielorazowe-majtki-poporodowe-siateczkowe\/#breadcrumb","itemListElement":[{"@type":"ListItem","position":1,"name":"Strona g\u0142\u00f3wna","item":"https:\/\/akuku.com.pl\/fr\/"},{"@type":"ListItem","position":2,"name":"Boutique","item":"https:\/\/akuku.com.pl\/wszystkie-produkty\/"},{"@type":"ListItem","position":3,"name":"Wielorazowe majtki poporodowe"}]},{"@type":"WebSite","@id":"https:\/\/akuku.com.pl\/fr\/#website","url":"https:\/\/akuku.com.pl\/fr\/","name":"Akuku.com.pl","description":"","publisher":{"@id":"https:\/\/akuku.com.pl\/fr\/#organization"},"potentialAction":[{"@type":"SearchAction","target":{"@type":"EntryPoint","urlTemplate":"https:\/\/akuku.com.pl\/fr\/?s={search_term_string}"},"query-input":{"@type":"PropertyValueSpecification","valueRequired":true,"valueName":"search_term_string"}}],"inLanguage":"fr-FR"},{"@type":"Organization","@id":"https:\/\/akuku.com.pl\/fr\/#organization","name":"Akuku.com.pl","url":"https:\/\/akuku.com.pl\/fr\/","logo":{"@type":"ImageObject","inLanguage":"fr-FR","@id":"https:\/\/akuku.com.pl\/fr\/#\/schema\/logo\/image\/","url":"https:\/\/akuku.com.pl\/wp-content\/uploads\/2024\/04\/akuku-logo.svg","contentUrl":"https:\/\/akuku.com.pl\/wp-content\/uploads\/2024\/04\/akuku-logo.svg","width":114,"height":50,"caption":"Akuku.com.pl"},"image":{"@id":"https:\/\/akuku.com.pl\/fr\/#\/schema\/logo\/image\/"},"sameAs":["https:\/\/www.facebook.com\/markaAKUKU"]}]}},"_links":{"self":[{"href":"https:\/\/akuku.com.pl\/fr\/wp-json\/wp\/v2\/product\/6814","targetHints":{"allow":["GET"]}}],"collection":[{"href":"https:\/\/akuku.com.pl\/fr\/wp-json\/wp\/v2\/product"}],"about":[{"href":"https:\/\/akuku.com.pl\/fr\/wp-json\/wp\/v2\/types\/product"}],"wp:featuredmedia":[{"embeddable":true,"href":"https:\/\/akuku.com.pl\/fr\/wp-json\/wp\/v2\/media\/15817"}],"wp:attachment":[{"href":"https:\/\/akuku.com.pl\/fr\/wp-json\/wp\/v2\/media?parent=6814"}],"wp:term":[{"taxonomy":"product_cat","embeddable":true,"href":"https:\/\/akuku.com.pl\/fr\/wp-json\/wp\/v2\/product_cat?post=6814"},{"taxonomy":"product_tag","embeddable":true,"href":"https:\/\/akuku.com.pl\/fr\/wp-json\/wp\/v2\/product_tag?post=6814"}],"curies":[{"name":"wp","href":"https:\/\/api.w.org\/{rel}","templated":true}]}}