{"id":6810,"date":"2024-07-04T22:33:41","date_gmt":"2024-07-04T20:33:41","guid":{"rendered":"https:\/\/wp.akuku.com.pl\/sklep\/bez-kategorii\/jednorazowe-majtki-poporodowe-premium\/"},"modified":"2025-09-24T13:04:56","modified_gmt":"2025-09-24T11:04:56","slug":"jednorazowe-majtki-poporodowe-premium","status":"publish","type":"product","link":"https:\/\/akuku.com.pl\/fr\/katalog-produktow\/dla-mamy\/produkty-okoloporodowe\/jednorazowe-majtki-poporodowe-premium\/","title":{"rendered":"Jednorazowe majtki poporodowe PREMIUM"},"content":{"rendered":"<h2 style=\"font-size: 16px;\">Bielizna jednorazowa poporodowa &#8211; Komfort i higiena po porodzie<\/h2>\n<p>&nbsp;<\/p>\n<p>\u2728 <strong data-start=\"145\" data-end=\"178\">Komfort i higiena po porodzie<\/strong> &#8211; jednorazowe majtki poporodowe to idealne rozwi\u0105zanie dla kobiet w okresie po\u0142ogu oraz pacjentek ginekologicznych. Zapewniaj\u0105 wygod\u0119, pe\u0142n\u0105 ochron\u0119 i higien\u0119, szczeg\u00f3lnie w pierwszych dniach po porodzie.<\/p>\n<p>\ud83c\udf3f <strong data-start=\"391\" data-end=\"440\">Mi\u0119kka flizelina i przepuszczalno\u015b\u0107 powietrza<\/strong> &#8211; dzi\u0119ki mi\u0119kkiemu materia\u0142owi, nasza bielizna poporodowa jednorazowa jest delikatna dla sk\u00f3ry i przewiewna. Dzi\u0119ki temu wspiera regeneracj\u0119 okolic intymnych i gwarantuje komfort przez d\u0142ugi czas.<\/p>\n<p>\ud83d\udca7 <strong data-start=\"646\" data-end=\"693\">Doskona\u0142e dopasowanie do wk\u0142adek i podpasek<\/strong> &#8211; majtki poporodowe doskonale utrzymuj\u0105 r\u00f3\u017cnego rodzaju wk\u0142ady i podpaski, zapewniaj\u0105c pe\u0142n\u0105 ochron\u0119 i wygod\u0119.<\/p>\n<p>&nbsp;<\/p>\n<p>&nbsp;<\/p>\n<p>Opakowanie zawiera 5 sztuk matek jednorazowych.<\/p>\n<p>&nbsp;<\/p>\n<h3 style=\"font-size: 16px;\">Dost\u0119pne w czterech rozmiarach:<\/h3>\n<p>A0549 &#8211; rozmiar S, obw\u00f3d bioder \u2248 98 cm<\/p>\n<p>A0550 &#8211; rozmiar M, obw\u00f3d bioder \u2248 100 cm<\/p>\n<p>A0551 &#8211; rozmiar L, obw\u00f3d bioder \u2248 104 cm<\/p>\n<p>A0552 &#8211; rozmiar XL, obw\u00f3d bioder \u2248 108 cm<\/p>\n<p>&nbsp;<\/p>\n<h2 style=\"font-size: 16px;\">Majtki jednorazowe dla kobiet po porodzie &#8211; Tw\u00f3j komfort, ochrona i delikatno\u015b\u0107<\/h2>\n<p>&nbsp;<\/p>\n<p>KODY EAN:<\/p>\n<p>A0549 &#8211; 5907644005499<\/p>\n<p>A0550 &#8211; 5907644005505<\/p>\n<p>A0551 &#8211; 5907644005512<\/p>\n<p>A0552 &#8211; 5907644005529<\/p>\n<p>&nbsp;<\/p>\n<p><strong>Ostrze\u017cenie!<\/strong> Produkt nie jest zabawk\u0105. Przechowuj go w miejscu niedost\u0119pnym dla dziecka.<\/p>\n","protected":false},"excerpt":{"rendered":"<p>Bielizna jednorazowa poporodowa &#8211; Komfort i higiena po porodzie &nbsp; \u2728 Komfort i higiena po porodzie &#8211; jednorazowe majtki poporodowe to idealne rozwi\u0105zanie dla kobiet w okresie po\u0142ogu oraz pacjentek ginekologicznych. Zapewniaj\u0105 wygod\u0119, pe\u0142n\u0105 ochron\u0119 i higien\u0119, szczeg\u00f3lnie w pierwszych dniach po porodzie. \ud83c\udf3f Mi\u0119kka flizelina i przepuszczalno\u015b\u0107 powietrza &#8211; dzi\u0119ki mi\u0119kkiemu materia\u0142owi, nasza bielizna [&hellip;]<\/p>\n","protected":false},"featured_media":15846,"template":"","meta":[],"product_cat":[3310,3314],"product_tag":[],"class_list":{"0":"post-6810","1":"product","2":"type-product","3":"status-publish","4":"has-post-thumbnail","6":"product_cat-dla-mamy","7":"product_cat-produkty-okoloporodowe","9":"first","10":"instock","11":"shipping-taxable","12":"product-type-simple"},"yoast_head":"<!-- This site is optimized with the Yoast SEO plugin v26.2 - https:\/\/yoast.com\/wordpress\/plugins\/seo\/ -->\n<title>Jednorazowe majtki poporodowe PREMIUM - Akuku<\/title>\n<meta name=\"description\" content=\"Wygodna i higieniczna bielizna jednorazowa, kt\u00f3ra zapewni Ci komfort i ochron\u0119. Majtki jednorazowe \u2013 idealne dla kobiet po porodzie. Sprawd\u017a teraz\" \/>\n<meta name=\"robots\" content=\"index, follow, max-snippet:-1, max-image-preview:large, max-video-preview:-1\" \/>\n<link rel=\"canonical\" href=\"https:\/\/akuku.com.pl\/fr\/katalog-produktow\/dla-mamy\/produkty-okoloporodowe\/jednorazowe-majtki-poporodowe-premium\/\" \/>\n<meta property=\"og:locale\" content=\"fr_FR\" \/>\n<meta property=\"og:type\" content=\"article\" \/>\n<meta property=\"og:title\" content=\"Jednorazowe majtki poporodowe PREMIUM - Akuku\" \/>\n<meta property=\"og:description\" content=\"Wygodna i higieniczna bielizna jednorazowa, kt\u00f3ra zapewni Ci komfort i ochron\u0119. Majtki jednorazowe \u2013 idealne dla kobiet po porodzie. Sprawd\u017a teraz\" \/>\n<meta property=\"og:url\" content=\"https:\/\/akuku.com.pl\/fr\/katalog-produktow\/dla-mamy\/produkty-okoloporodowe\/jednorazowe-majtki-poporodowe-premium\/\" \/>\n<meta property=\"og:site_name\" content=\"Akuku\" \/>\n<meta property=\"article:publisher\" content=\"https:\/\/www.facebook.com\/markaAKUKU\" \/>\n<meta property=\"article:modified_time\" content=\"2025-09-24T11:04:56+00:00\" \/>\n<meta property=\"og:image\" content=\"https:\/\/akuku.com.pl\/wp-content\/uploads\/2024\/12\/A0549.jpg\" \/>\n\t<meta property=\"og:image:width\" content=\"1000\" \/>\n\t<meta property=\"og:image:height\" content=\"1000\" \/>\n\t<meta property=\"og:image:type\" content=\"image\/jpeg\" \/>\n<meta name=\"twitter:card\" content=\"summary_large_image\" \/>\n<meta name=\"twitter:label1\" content=\"Dur\u00e9e de lecture estim\u00e9e\" \/>\n\t<meta name=\"twitter:data1\" content=\"2 minutes\" \/>\n<script type=\"application\/ld+json\" class=\"yoast-schema-graph\">{\"@context\":\"https:\/\/schema.org\",\"@graph\":[{\"@type\":\"WebPage\",\"@id\":\"https:\/\/akuku.com.pl\/fr\/katalog-produktow\/dla-mamy\/produkty-okoloporodowe\/jednorazowe-majtki-poporodowe-premium\/\",\"url\":\"https:\/\/akuku.com.pl\/fr\/katalog-produktow\/dla-mamy\/produkty-okoloporodowe\/jednorazowe-majtki-poporodowe-premium\/\",\"name\":\"Jednorazowe majtki poporodowe PREMIUM - Akuku\",\"isPartOf\":{\"@id\":\"https:\/\/akuku.com.pl\/fr\/#website\"},\"primaryImageOfPage\":{\"@id\":\"https:\/\/akuku.com.pl\/fr\/katalog-produktow\/dla-mamy\/produkty-okoloporodowe\/jednorazowe-majtki-poporodowe-premium\/#primaryimage\"},\"image\":{\"@id\":\"https:\/\/akuku.com.pl\/fr\/katalog-produktow\/dla-mamy\/produkty-okoloporodowe\/jednorazowe-majtki-poporodowe-premium\/#primaryimage\"},\"thumbnailUrl\":\"https:\/\/akuku.com.pl\/wp-content\/uploads\/2024\/12\/A0549.jpg\",\"datePublished\":\"2024-07-04T20:33:41+00:00\",\"dateModified\":\"2025-09-24T11:04:56+00:00\",\"description\":\"Wygodna i higieniczna bielizna jednorazowa, kt\u00f3ra zapewni Ci komfort i ochron\u0119. Majtki jednorazowe \u2013 idealne dla kobiet po porodzie. Sprawd\u017a teraz\",\"breadcrumb\":{\"@id\":\"https:\/\/akuku.com.pl\/fr\/katalog-produktow\/dla-mamy\/produkty-okoloporodowe\/jednorazowe-majtki-poporodowe-premium\/#breadcrumb\"},\"inLanguage\":\"fr-FR\",\"potentialAction\":[{\"@type\":\"ReadAction\",\"target\":[\"https:\/\/akuku.com.pl\/fr\/katalog-produktow\/dla-mamy\/produkty-okoloporodowe\/jednorazowe-majtki-poporodowe-premium\/\"]}]},{\"@type\":\"ImageObject\",\"inLanguage\":\"fr-FR\",\"@id\":\"https:\/\/akuku.com.pl\/fr\/katalog-produktow\/dla-mamy\/produkty-okoloporodowe\/jednorazowe-majtki-poporodowe-premium\/#primaryimage\",\"url\":\"https:\/\/akuku.com.pl\/wp-content\/uploads\/2024\/12\/A0549.jpg\",\"contentUrl\":\"https:\/\/akuku.com.pl\/wp-content\/uploads\/2024\/12\/A0549.jpg\",\"width\":1000,\"height\":1000,\"caption\":\"image description\"},{\"@type\":\"BreadcrumbList\",\"@id\":\"https:\/\/akuku.com.pl\/fr\/katalog-produktow\/dla-mamy\/produkty-okoloporodowe\/jednorazowe-majtki-poporodowe-premium\/#breadcrumb\",\"itemListElement\":[{\"@type\":\"ListItem\",\"position\":1,\"name\":\"Strona g\u0142\u00f3wna\",\"item\":\"https:\/\/akuku.com.pl\/fr\/\"},{\"@type\":\"ListItem\",\"position\":2,\"name\":\"Boutique\",\"item\":\"https:\/\/akuku.com.pl\/wszystkie-produkty\/\"},{\"@type\":\"ListItem\",\"position\":3,\"name\":\"Jednorazowe majtki poporodowe PREMIUM\"}]},{\"@type\":\"WebSite\",\"@id\":\"https:\/\/akuku.com.pl\/fr\/#website\",\"url\":\"https:\/\/akuku.com.pl\/fr\/\",\"name\":\"Akuku.com.pl\",\"description\":\"\",\"publisher\":{\"@id\":\"https:\/\/akuku.com.pl\/fr\/#organization\"},\"potentialAction\":[{\"@type\":\"SearchAction\",\"target\":{\"@type\":\"EntryPoint\",\"urlTemplate\":\"https:\/\/akuku.com.pl\/fr\/?s={search_term_string}\"},\"query-input\":{\"@type\":\"PropertyValueSpecification\",\"valueRequired\":true,\"valueName\":\"search_term_string\"}}],\"inLanguage\":\"fr-FR\"},{\"@type\":\"Organization\",\"@id\":\"https:\/\/akuku.com.pl\/fr\/#organization\",\"name\":\"Akuku.com.pl\",\"url\":\"https:\/\/akuku.com.pl\/fr\/\",\"logo\":{\"@type\":\"ImageObject\",\"inLanguage\":\"fr-FR\",\"@id\":\"https:\/\/akuku.com.pl\/fr\/#\/schema\/logo\/image\/\",\"url\":\"https:\/\/akuku.com.pl\/wp-content\/uploads\/2024\/04\/akuku-logo.svg\",\"contentUrl\":\"https:\/\/akuku.com.pl\/wp-content\/uploads\/2024\/04\/akuku-logo.svg\",\"width\":114,\"height\":50,\"caption\":\"Akuku.com.pl\"},\"image\":{\"@id\":\"https:\/\/akuku.com.pl\/fr\/#\/schema\/logo\/image\/\"},\"sameAs\":[\"https:\/\/www.facebook.com\/markaAKUKU\"]}]}<\/script>\n<!-- \/ Yoast SEO plugin. -->","yoast_head_json":{"title":"Jednorazowe majtki poporodowe PREMIUM - Akuku","description":"Wygodna i higieniczna bielizna jednorazowa, kt\u00f3ra zapewni Ci komfort i ochron\u0119. Majtki jednorazowe \u2013 idealne dla kobiet po porodzie. Sprawd\u017a teraz","robots":{"index":"index","follow":"follow","max-snippet":"max-snippet:-1","max-image-preview":"max-image-preview:large","max-video-preview":"max-video-preview:-1"},"canonical":"https:\/\/akuku.com.pl\/fr\/katalog-produktow\/dla-mamy\/produkty-okoloporodowe\/jednorazowe-majtki-poporodowe-premium\/","og_locale":"fr_FR","og_type":"article","og_title":"Jednorazowe majtki poporodowe PREMIUM - Akuku","og_description":"Wygodna i higieniczna bielizna jednorazowa, kt\u00f3ra zapewni Ci komfort i ochron\u0119. Majtki jednorazowe \u2013 idealne dla kobiet po porodzie. Sprawd\u017a teraz","og_url":"https:\/\/akuku.com.pl\/fr\/katalog-produktow\/dla-mamy\/produkty-okoloporodowe\/jednorazowe-majtki-poporodowe-premium\/","og_site_name":"Akuku","article_publisher":"https:\/\/www.facebook.com\/markaAKUKU","article_modified_time":"2025-09-24T11:04:56+00:00","og_image":[{"width":1000,"height":1000,"url":"https:\/\/akuku.com.pl\/wp-content\/uploads\/2024\/12\/A0549.jpg","type":"image\/jpeg"}],"twitter_card":"summary_large_image","twitter_misc":{"Dur\u00e9e de lecture estim\u00e9e":"2 minutes"},"schema":{"@context":"https:\/\/schema.org","@graph":[{"@type":"WebPage","@id":"https:\/\/akuku.com.pl\/fr\/katalog-produktow\/dla-mamy\/produkty-okoloporodowe\/jednorazowe-majtki-poporodowe-premium\/","url":"https:\/\/akuku.com.pl\/fr\/katalog-produktow\/dla-mamy\/produkty-okoloporodowe\/jednorazowe-majtki-poporodowe-premium\/","name":"Jednorazowe majtki poporodowe PREMIUM - Akuku","isPartOf":{"@id":"https:\/\/akuku.com.pl\/fr\/#website"},"primaryImageOfPage":{"@id":"https:\/\/akuku.com.pl\/fr\/katalog-produktow\/dla-mamy\/produkty-okoloporodowe\/jednorazowe-majtki-poporodowe-premium\/#primaryimage"},"image":{"@id":"https:\/\/akuku.com.pl\/fr\/katalog-produktow\/dla-mamy\/produkty-okoloporodowe\/jednorazowe-majtki-poporodowe-premium\/#primaryimage"},"thumbnailUrl":"https:\/\/akuku.com.pl\/wp-content\/uploads\/2024\/12\/A0549.jpg","datePublished":"2024-07-04T20:33:41+00:00","dateModified":"2025-09-24T11:04:56+00:00","description":"Wygodna i higieniczna bielizna jednorazowa, kt\u00f3ra zapewni Ci komfort i ochron\u0119. Majtki jednorazowe \u2013 idealne dla kobiet po porodzie. Sprawd\u017a teraz","breadcrumb":{"@id":"https:\/\/akuku.com.pl\/fr\/katalog-produktow\/dla-mamy\/produkty-okoloporodowe\/jednorazowe-majtki-poporodowe-premium\/#breadcrumb"},"inLanguage":"fr-FR","potentialAction":[{"@type":"ReadAction","target":["https:\/\/akuku.com.pl\/fr\/katalog-produktow\/dla-mamy\/produkty-okoloporodowe\/jednorazowe-majtki-poporodowe-premium\/"]}]},{"@type":"ImageObject","inLanguage":"fr-FR","@id":"https:\/\/akuku.com.pl\/fr\/katalog-produktow\/dla-mamy\/produkty-okoloporodowe\/jednorazowe-majtki-poporodowe-premium\/#primaryimage","url":"https:\/\/akuku.com.pl\/wp-content\/uploads\/2024\/12\/A0549.jpg","contentUrl":"https:\/\/akuku.com.pl\/wp-content\/uploads\/2024\/12\/A0549.jpg","width":1000,"height":1000,"caption":"image description"},{"@type":"BreadcrumbList","@id":"https:\/\/akuku.com.pl\/fr\/katalog-produktow\/dla-mamy\/produkty-okoloporodowe\/jednorazowe-majtki-poporodowe-premium\/#breadcrumb","itemListElement":[{"@type":"ListItem","position":1,"name":"Strona g\u0142\u00f3wna","item":"https:\/\/akuku.com.pl\/fr\/"},{"@type":"ListItem","position":2,"name":"Boutique","item":"https:\/\/akuku.com.pl\/wszystkie-produkty\/"},{"@type":"ListItem","position":3,"name":"Jednorazowe majtki poporodowe PREMIUM"}]},{"@type":"WebSite","@id":"https:\/\/akuku.com.pl\/fr\/#website","url":"https:\/\/akuku.com.pl\/fr\/","name":"Akuku.com.pl","description":"","publisher":{"@id":"https:\/\/akuku.com.pl\/fr\/#organization"},"potentialAction":[{"@type":"SearchAction","target":{"@type":"EntryPoint","urlTemplate":"https:\/\/akuku.com.pl\/fr\/?s={search_term_string}"},"query-input":{"@type":"PropertyValueSpecification","valueRequired":true,"valueName":"search_term_string"}}],"inLanguage":"fr-FR"},{"@type":"Organization","@id":"https:\/\/akuku.com.pl\/fr\/#organization","name":"Akuku.com.pl","url":"https:\/\/akuku.com.pl\/fr\/","logo":{"@type":"ImageObject","inLanguage":"fr-FR","@id":"https:\/\/akuku.com.pl\/fr\/#\/schema\/logo\/image\/","url":"https:\/\/akuku.com.pl\/wp-content\/uploads\/2024\/04\/akuku-logo.svg","contentUrl":"https:\/\/akuku.com.pl\/wp-content\/uploads\/2024\/04\/akuku-logo.svg","width":114,"height":50,"caption":"Akuku.com.pl"},"image":{"@id":"https:\/\/akuku.com.pl\/fr\/#\/schema\/logo\/image\/"},"sameAs":["https:\/\/www.facebook.com\/markaAKUKU"]}]}},"_links":{"self":[{"href":"https:\/\/akuku.com.pl\/fr\/wp-json\/wp\/v2\/product\/6810","targetHints":{"allow":["GET"]}}],"collection":[{"href":"https:\/\/akuku.com.pl\/fr\/wp-json\/wp\/v2\/product"}],"about":[{"href":"https:\/\/akuku.com.pl\/fr\/wp-json\/wp\/v2\/types\/product"}],"wp:featuredmedia":[{"embeddable":true,"href":"https:\/\/akuku.com.pl\/fr\/wp-json\/wp\/v2\/media\/15846"}],"wp:attachment":[{"href":"https:\/\/akuku.com.pl\/fr\/wp-json\/wp\/v2\/media?parent=6810"}],"wp:term":[{"taxonomy":"product_cat","embeddable":true,"href":"https:\/\/akuku.com.pl\/fr\/wp-json\/wp\/v2\/product_cat?post=6810"},{"taxonomy":"product_tag","embeddable":true,"href":"https:\/\/akuku.com.pl\/fr\/wp-json\/wp\/v2\/product_tag?post=6810"}],"curies":[{"name":"wp","href":"https:\/\/api.w.org\/{rel}","templated":true}]}}