{"id":6753,"date":"2024-07-04T22:32:00","date_gmt":"2024-07-04T20:32:00","guid":{"rendered":"https:\/\/wp.akuku.com.pl\/sklep\/non%20class\u00e9\/compresses-de-gel-a0534\/"},"modified":"2024-07-29T21:55:14","modified_gmt":"2024-07-29T19:55:14","slug":"compresses-de-gel-a0534","status":"publish","type":"product","link":"https:\/\/akuku.com.pl\/fr\/catalogue-de-produits\/pour-maman\/allaitement\/accessoires-dallaitement\/compresses-de-gel-a0534\/","title":{"rendered":"Compresses de gel"},"content":{"rendered":"<div class=\"textWrap\">\n\u00a0<\/p>\n<p>Compresses de gel A0534\u00a0<\/p>\n<p>Compresses de gel Akuku\u00ae sont un produit cr\u00e9\u00e9 pour le bien-\u00eatre des mamans pendant l&rsquo;allaitement.<br \/>Fabriqu\u00e9 en mat\u00e9riel non toxique, sans latex, plomb et bisph\u00e9nol.<br \/>Les compresses peuvent \u00eatre utilis\u00e9es \u00e0 froid ou ti\u00e8des, selon vos besoins.<br \/>La compresse de gel est couverte d&rsquo;un c\u00f4t\u00e9 d&rsquo;un tissu d\u00e9licat qui assure le confort et ne provoque pas d&rsquo;irritation.<\/p>\n<p>Utilisation \u00e0 chaud.<\/p>\n<p>Nos compresses vous aideront \u00e0 d\u00e9bloquer les canaux galactophores obstru\u00e9s et soulageront les mamelons et les seins gonfl\u00e9s ou trop remplis.<br \/>Ils doivent \u00eatre utilis\u00e9s imm\u00e9diatement avant la t\u00e9t\u00e9e pour faciliter l\u2019\u00e9coulement du lait.<br \/>Ils peuvent \u00e9galement \u00eatre utilis\u00e9s avant ou pendant le pompage du lait pour raccourcir son temps en favorisant un \u00e9coulement de lait plus rapide.<br \/>Mode de pr\u00e9paration: poser la compresse sur une assiette du micro-onde.<br \/>R\u00e9glez le temps en fonction de la puissance du micro-ondes (700 W &#8211; 16 secondes\/1 000 W &#8211; 13 secondes\/1 250 W &#8211; 11 secondes).<br \/>Chaque compresse doit \u00eatre chauff\u00e9e s\u00e9par\u00e9ment. Apr\u00e8s avoir v\u00e9rifi\u00e9 la temp\u00e9rature de la compresse, vous pouvez la chauffer pendant 5 secondes suppl\u00e9mentaires si n\u00e9cessaire.<br \/>Les compresses doivent \u00eatre appliqu\u00e9es sur la peau par le c\u00f4t\u00e9 recouvert de tissu.<\/p>\n<p>Utilisation \u00e0 froid :<\/p>\n<p>Nos compresses soulagent les seins douloureux et gonfl\u00e9s suite \u00e0 un remplissage excessif ou une mastite.<br \/>Pour \u00e9viter que les compresses bougent, vous pouvez les placer dans un soutien-gorge.<br \/>Mode de pr\u00e9paration : placer les compresses au cong\u00e9lateur pendant au moins 2 heures.<br \/>Ils doivent \u00eatre appliqu\u00e9es sur la peau par le c\u00f4t\u00e9 recouvert de tissu.<br \/>Attention! Le produit est destin\u00e9 uniquement \u00e0 usage externe.<br \/>Ne pas utiliser \u00e0 des fins autres que celles mentionn\u00e9es ci-dessus.<br \/>Utiliser pendant 20 minutes maximum.<br \/>Laver avec du savon doux. Ne placez pas d&rsquo;objets lourds sur les compresses.<br \/>Ne pas utiliser sur les enfants. Diam\u00e8tre du produit : 17 cm<br \/>Les compresses de gel ne peuvent pas \u00eatre chauff\u00e9s plus que recommand\u00e9 par le fabricant.<br \/>Le fait de les chauffer contrairement \u00e0 ce qui est indiqu\u00e9, risque de les endommager.<br \/>V\u00e9rifiez toujours la temp\u00e9rature des compresses avant utilisation.<br \/>Un chauffage excessif ou une application trop longue peut entra\u00eener des blessures.<br \/>Ne pas utiliser sur une peau sensible ou sur des plaies ouvertes.<br \/>Utiliser uniquement sous la surveillance d&rsquo;un adulte.<br \/>Ne pas percer et\/ou avaler le contenu des compresses.<br \/>Evitez de vous endormir avec des compresses sur votre corps.<br \/>En cas de douleur intense et persistante, contactez votre m\u00e9decin.<\/p>\n<p><img decoding=\"async\" alt=\"\" src=\"https:\/\/akuku.com.pl\/wp-content\/uploads\/2024\/09\/BPA-Free-logo-png_1.png\" \/>\u00a0 \u00a0<img decoding=\"async\" alt=\"\" src=\"https:\/\/ect.h2g.pl\/akuku\/images\/do-uytku-w-mikrofali-popr.jpg\" \/><\/p>\n<\/div>\n","protected":false},"excerpt":{"rendered":"<p>\u00a0 Compresses de gel A0534\u00a0 Compresses de gel Akuku\u00ae sont un produit cr\u00e9\u00e9 pour le bien-\u00eatre des mamans pendant l&rsquo;allaitement.Fabriqu\u00e9 en mat\u00e9riel non toxique, sans latex, plomb et bisph\u00e9nol.Les compresses peuvent \u00eatre utilis\u00e9es \u00e0 froid ou ti\u00e8des, selon vos besoins.La compresse de gel est couverte d&rsquo;un c\u00f4t\u00e9 d&rsquo;un tissu d\u00e9licat qui assure le confort et [&hellip;]<\/p>\n","protected":false},"featured_media":6744,"template":"","meta":[],"product_cat":[3317,3319,3323],"product_tag":[],"class_list":{"0":"post-6753","1":"product","2":"type-product","3":"status-publish","4":"has-post-thumbnail","6":"product_cat-pour-maman","7":"product_cat-allaitement","8":"product_cat-accessoires-dallaitement","10":"first","11":"instock","12":"shipping-taxable","13":"product-type-simple"},"yoast_head":"<!-- This site is optimized with the Yoast SEO plugin v26.2 - https:\/\/yoast.com\/wordpress\/plugins\/seo\/ -->\n<title>Compresses de gel - Akuku<\/title>\n<meta name=\"description\" content=\"Sprawd\u017a nasz produkt: Compresses de gel. Produkty Akuku - odpowiednie dla mam i niemowl\u0105t!\" \/>\n<meta name=\"robots\" content=\"index, follow, max-snippet:-1, max-image-preview:large, max-video-preview:-1\" \/>\n<link rel=\"canonical\" href=\"https:\/\/akuku.com.pl\/fr\/catalogue-de-produits\/pour-maman\/allaitement\/accessoires-dallaitement\/compresses-de-gel-a0534\/\" \/>\n<meta property=\"og:locale\" content=\"fr_FR\" \/>\n<meta property=\"og:type\" content=\"article\" \/>\n<meta property=\"og:title\" content=\"Compresses de gel - Akuku\" \/>\n<meta property=\"og:description\" content=\"Sprawd\u017a nasz produkt: Compresses de gel. Produkty Akuku - odpowiednie dla mam i niemowl\u0105t!\" \/>\n<meta property=\"og:url\" content=\"https:\/\/akuku.com.pl\/fr\/catalogue-de-produits\/pour-maman\/allaitement\/accessoires-dallaitement\/compresses-de-gel-a0534\/\" \/>\n<meta property=\"og:site_name\" content=\"Akuku\" \/>\n<meta property=\"article:publisher\" content=\"https:\/\/www.facebook.com\/markaAKUKU\" \/>\n<meta property=\"article:modified_time\" content=\"2024-07-29T19:55:14+00:00\" \/>\n<meta property=\"og:image\" content=\"https:\/\/akuku.com.pl\/wp-content\/uploads\/2024\/07\/a0534-8pl-1.jpeg\" \/>\n\t<meta property=\"og:image:width\" content=\"720\" \/>\n\t<meta property=\"og:image:height\" content=\"720\" \/>\n\t<meta property=\"og:image:type\" content=\"image\/jpeg\" \/>\n<meta name=\"twitter:card\" content=\"summary_large_image\" \/>\n<meta name=\"twitter:label1\" content=\"Dur\u00e9e de lecture estim\u00e9e\" \/>\n\t<meta name=\"twitter:data1\" content=\"2 minutes\" \/>\n<script type=\"application\/ld+json\" class=\"yoast-schema-graph\">{\"@context\":\"https:\/\/schema.org\",\"@graph\":[{\"@type\":\"WebPage\",\"@id\":\"https:\/\/akuku.com.pl\/fr\/catalogue-de-produits\/pour-maman\/allaitement\/accessoires-dallaitement\/compresses-de-gel-a0534\/\",\"url\":\"https:\/\/akuku.com.pl\/fr\/catalogue-de-produits\/pour-maman\/allaitement\/accessoires-dallaitement\/compresses-de-gel-a0534\/\",\"name\":\"Compresses de gel - Akuku\",\"isPartOf\":{\"@id\":\"https:\/\/akuku.com.pl\/fr\/#website\"},\"primaryImageOfPage\":{\"@id\":\"https:\/\/akuku.com.pl\/fr\/catalogue-de-produits\/pour-maman\/allaitement\/accessoires-dallaitement\/compresses-de-gel-a0534\/#primaryimage\"},\"image\":{\"@id\":\"https:\/\/akuku.com.pl\/fr\/catalogue-de-produits\/pour-maman\/allaitement\/accessoires-dallaitement\/compresses-de-gel-a0534\/#primaryimage\"},\"thumbnailUrl\":\"https:\/\/akuku.com.pl\/wp-content\/uploads\/2024\/07\/a0534-8pl-1.jpeg\",\"datePublished\":\"2024-07-04T20:32:00+00:00\",\"dateModified\":\"2024-07-29T19:55:14+00:00\",\"description\":\"Sprawd\u017a nasz produkt: Compresses de gel. Produkty Akuku - odpowiednie dla mam i niemowl\u0105t!\",\"breadcrumb\":{\"@id\":\"https:\/\/akuku.com.pl\/fr\/catalogue-de-produits\/pour-maman\/allaitement\/accessoires-dallaitement\/compresses-de-gel-a0534\/#breadcrumb\"},\"inLanguage\":\"fr-FR\",\"potentialAction\":[{\"@type\":\"ReadAction\",\"target\":[\"https:\/\/akuku.com.pl\/fr\/catalogue-de-produits\/pour-maman\/allaitement\/accessoires-dallaitement\/compresses-de-gel-a0534\/\"]}]},{\"@type\":\"ImageObject\",\"inLanguage\":\"fr-FR\",\"@id\":\"https:\/\/akuku.com.pl\/fr\/catalogue-de-produits\/pour-maman\/allaitement\/accessoires-dallaitement\/compresses-de-gel-a0534\/#primaryimage\",\"url\":\"https:\/\/akuku.com.pl\/wp-content\/uploads\/2024\/07\/a0534-8pl-1.jpeg\",\"contentUrl\":\"https:\/\/akuku.com.pl\/wp-content\/uploads\/2024\/07\/a0534-8pl-1.jpeg\",\"width\":720,\"height\":720},{\"@type\":\"BreadcrumbList\",\"@id\":\"https:\/\/akuku.com.pl\/fr\/catalogue-de-produits\/pour-maman\/allaitement\/accessoires-dallaitement\/compresses-de-gel-a0534\/#breadcrumb\",\"itemListElement\":[{\"@type\":\"ListItem\",\"position\":1,\"name\":\"Strona g\u0142\u00f3wna\",\"item\":\"https:\/\/akuku.com.pl\/fr\/\"},{\"@type\":\"ListItem\",\"position\":2,\"name\":\"Boutique\",\"item\":\"https:\/\/akuku.com.pl\/wszystkie-produkty\/\"},{\"@type\":\"ListItem\",\"position\":3,\"name\":\"Compresses de gel\"}]},{\"@type\":\"WebSite\",\"@id\":\"https:\/\/akuku.com.pl\/fr\/#website\",\"url\":\"https:\/\/akuku.com.pl\/fr\/\",\"name\":\"Akuku.com.pl\",\"description\":\"\",\"publisher\":{\"@id\":\"https:\/\/akuku.com.pl\/fr\/#organization\"},\"potentialAction\":[{\"@type\":\"SearchAction\",\"target\":{\"@type\":\"EntryPoint\",\"urlTemplate\":\"https:\/\/akuku.com.pl\/fr\/?s={search_term_string}\"},\"query-input\":{\"@type\":\"PropertyValueSpecification\",\"valueRequired\":true,\"valueName\":\"search_term_string\"}}],\"inLanguage\":\"fr-FR\"},{\"@type\":\"Organization\",\"@id\":\"https:\/\/akuku.com.pl\/fr\/#organization\",\"name\":\"Akuku.com.pl\",\"url\":\"https:\/\/akuku.com.pl\/fr\/\",\"logo\":{\"@type\":\"ImageObject\",\"inLanguage\":\"fr-FR\",\"@id\":\"https:\/\/akuku.com.pl\/fr\/#\/schema\/logo\/image\/\",\"url\":\"https:\/\/akuku.com.pl\/wp-content\/uploads\/2024\/04\/akuku-logo.svg\",\"contentUrl\":\"https:\/\/akuku.com.pl\/wp-content\/uploads\/2024\/04\/akuku-logo.svg\",\"width\":114,\"height\":50,\"caption\":\"Akuku.com.pl\"},\"image\":{\"@id\":\"https:\/\/akuku.com.pl\/fr\/#\/schema\/logo\/image\/\"},\"sameAs\":[\"https:\/\/www.facebook.com\/markaAKUKU\"]}]}<\/script>\n<!-- \/ Yoast SEO plugin. -->","yoast_head_json":{"title":"Compresses de gel - Akuku","description":"Sprawd\u017a nasz produkt: Compresses de gel. Produkty Akuku - odpowiednie dla mam i niemowl\u0105t!","robots":{"index":"index","follow":"follow","max-snippet":"max-snippet:-1","max-image-preview":"max-image-preview:large","max-video-preview":"max-video-preview:-1"},"canonical":"https:\/\/akuku.com.pl\/fr\/catalogue-de-produits\/pour-maman\/allaitement\/accessoires-dallaitement\/compresses-de-gel-a0534\/","og_locale":"fr_FR","og_type":"article","og_title":"Compresses de gel - Akuku","og_description":"Sprawd\u017a nasz produkt: Compresses de gel. Produkty Akuku - odpowiednie dla mam i niemowl\u0105t!","og_url":"https:\/\/akuku.com.pl\/fr\/catalogue-de-produits\/pour-maman\/allaitement\/accessoires-dallaitement\/compresses-de-gel-a0534\/","og_site_name":"Akuku","article_publisher":"https:\/\/www.facebook.com\/markaAKUKU","article_modified_time":"2024-07-29T19:55:14+00:00","og_image":[{"width":720,"height":720,"url":"https:\/\/akuku.com.pl\/wp-content\/uploads\/2024\/07\/a0534-8pl-1.jpeg","type":"image\/jpeg"}],"twitter_card":"summary_large_image","twitter_misc":{"Dur\u00e9e de lecture estim\u00e9e":"2 minutes"},"schema":{"@context":"https:\/\/schema.org","@graph":[{"@type":"WebPage","@id":"https:\/\/akuku.com.pl\/fr\/catalogue-de-produits\/pour-maman\/allaitement\/accessoires-dallaitement\/compresses-de-gel-a0534\/","url":"https:\/\/akuku.com.pl\/fr\/catalogue-de-produits\/pour-maman\/allaitement\/accessoires-dallaitement\/compresses-de-gel-a0534\/","name":"Compresses de gel - Akuku","isPartOf":{"@id":"https:\/\/akuku.com.pl\/fr\/#website"},"primaryImageOfPage":{"@id":"https:\/\/akuku.com.pl\/fr\/catalogue-de-produits\/pour-maman\/allaitement\/accessoires-dallaitement\/compresses-de-gel-a0534\/#primaryimage"},"image":{"@id":"https:\/\/akuku.com.pl\/fr\/catalogue-de-produits\/pour-maman\/allaitement\/accessoires-dallaitement\/compresses-de-gel-a0534\/#primaryimage"},"thumbnailUrl":"https:\/\/akuku.com.pl\/wp-content\/uploads\/2024\/07\/a0534-8pl-1.jpeg","datePublished":"2024-07-04T20:32:00+00:00","dateModified":"2024-07-29T19:55:14+00:00","description":"Sprawd\u017a nasz produkt: Compresses de gel. Produkty Akuku - odpowiednie dla mam i niemowl\u0105t!","breadcrumb":{"@id":"https:\/\/akuku.com.pl\/fr\/catalogue-de-produits\/pour-maman\/allaitement\/accessoires-dallaitement\/compresses-de-gel-a0534\/#breadcrumb"},"inLanguage":"fr-FR","potentialAction":[{"@type":"ReadAction","target":["https:\/\/akuku.com.pl\/fr\/catalogue-de-produits\/pour-maman\/allaitement\/accessoires-dallaitement\/compresses-de-gel-a0534\/"]}]},{"@type":"ImageObject","inLanguage":"fr-FR","@id":"https:\/\/akuku.com.pl\/fr\/catalogue-de-produits\/pour-maman\/allaitement\/accessoires-dallaitement\/compresses-de-gel-a0534\/#primaryimage","url":"https:\/\/akuku.com.pl\/wp-content\/uploads\/2024\/07\/a0534-8pl-1.jpeg","contentUrl":"https:\/\/akuku.com.pl\/wp-content\/uploads\/2024\/07\/a0534-8pl-1.jpeg","width":720,"height":720},{"@type":"BreadcrumbList","@id":"https:\/\/akuku.com.pl\/fr\/catalogue-de-produits\/pour-maman\/allaitement\/accessoires-dallaitement\/compresses-de-gel-a0534\/#breadcrumb","itemListElement":[{"@type":"ListItem","position":1,"name":"Strona g\u0142\u00f3wna","item":"https:\/\/akuku.com.pl\/fr\/"},{"@type":"ListItem","position":2,"name":"Boutique","item":"https:\/\/akuku.com.pl\/wszystkie-produkty\/"},{"@type":"ListItem","position":3,"name":"Compresses de gel"}]},{"@type":"WebSite","@id":"https:\/\/akuku.com.pl\/fr\/#website","url":"https:\/\/akuku.com.pl\/fr\/","name":"Akuku.com.pl","description":"","publisher":{"@id":"https:\/\/akuku.com.pl\/fr\/#organization"},"potentialAction":[{"@type":"SearchAction","target":{"@type":"EntryPoint","urlTemplate":"https:\/\/akuku.com.pl\/fr\/?s={search_term_string}"},"query-input":{"@type":"PropertyValueSpecification","valueRequired":true,"valueName":"search_term_string"}}],"inLanguage":"fr-FR"},{"@type":"Organization","@id":"https:\/\/akuku.com.pl\/fr\/#organization","name":"Akuku.com.pl","url":"https:\/\/akuku.com.pl\/fr\/","logo":{"@type":"ImageObject","inLanguage":"fr-FR","@id":"https:\/\/akuku.com.pl\/fr\/#\/schema\/logo\/image\/","url":"https:\/\/akuku.com.pl\/wp-content\/uploads\/2024\/04\/akuku-logo.svg","contentUrl":"https:\/\/akuku.com.pl\/wp-content\/uploads\/2024\/04\/akuku-logo.svg","width":114,"height":50,"caption":"Akuku.com.pl"},"image":{"@id":"https:\/\/akuku.com.pl\/fr\/#\/schema\/logo\/image\/"},"sameAs":["https:\/\/www.facebook.com\/markaAKUKU"]}]}},"_links":{"self":[{"href":"https:\/\/akuku.com.pl\/fr\/wp-json\/wp\/v2\/product\/6753","targetHints":{"allow":["GET"]}}],"collection":[{"href":"https:\/\/akuku.com.pl\/fr\/wp-json\/wp\/v2\/product"}],"about":[{"href":"https:\/\/akuku.com.pl\/fr\/wp-json\/wp\/v2\/types\/product"}],"wp:featuredmedia":[{"embeddable":true,"href":"https:\/\/akuku.com.pl\/fr\/wp-json\/wp\/v2\/media\/6744"}],"wp:attachment":[{"href":"https:\/\/akuku.com.pl\/fr\/wp-json\/wp\/v2\/media?parent=6753"}],"wp:term":[{"taxonomy":"product_cat","embeddable":true,"href":"https:\/\/akuku.com.pl\/fr\/wp-json\/wp\/v2\/product_cat?post=6753"},{"taxonomy":"product_tag","embeddable":true,"href":"https:\/\/akuku.com.pl\/fr\/wp-json\/wp\/v2\/product_tag?post=6753"}],"curies":[{"name":"wp","href":"https:\/\/api.w.org\/{rel}","templated":true}]}}