{"id":6733,"date":"2024-07-04T22:30:46","date_gmt":"2024-07-04T20:30:46","guid":{"rendered":"https:\/\/wp.akuku.com.pl\/sklep\/non%20class\u00e9\/coussinets-dallaitement-daily-a0160\/"},"modified":"2024-07-29T21:55:16","modified_gmt":"2024-07-29T19:55:16","slug":"coussinets-dallaitement-daily-a0160","status":"publish","type":"product","link":"https:\/\/akuku.com.pl\/fr\/catalogue-de-produits\/pour-maman\/allaitement\/coussinets-dallaitement\/coussinets-dallaitement-daily-a0160\/","title":{"rendered":"Coussinets d&rsquo;allaitement Daily"},"content":{"rendered":"<div class=\"textWrap\">\n\u00a0<\/p>\n<p>\u00a0<\/p>\n<p>Daily \u2013 tous les jours pour votre confort. <br \/>Les coussinets d&rsquo;allaitement jetables \u00ab AKUKU \u00bb tr\u00e8s absorbants, confortables, discrets et profil\u00e9s, sont un produit n\u00e9cessaire pour une maman qui allaite.<br \/> Ils assument un confort incontestable pendant de nombreuses heures.<\/p>\n<p>Nous avons cr\u00e9\u00e9 des coussinets qui donnent une sensation de s\u00e9cheresse et de fra\u00eecheur pendant de longues heures, car ils disposent d&rsquo;un insert g\u00e9lifiant qui garde l&rsquo;humidit\u00e9 loin de votre sous-v\u00eatement.<\/p>\n<p>Sa structure est confortable pour votre corps. Une large bande adh\u00e9sive la maintient en place. Pour garantir la plus grande hygi\u00e8ne, chaque pi\u00e8ce est emball\u00e9e dans un sac plastique s\u00e9par\u00e9, garantissant ainsi un confort aussi bien \u00e0 la maison qu&rsquo;\u00e0 l&rsquo;ext\u00e9rieur.<\/p>\n<p>Gardez une bonne hygi\u00e8ne \u2013 n\u2019oubliez pas de changer vos coussinets fr\u00e9quemment. Un paquet contient 60 coussinets d&rsquo;allaitement.<\/p>\n<\/div>\n","protected":false},"excerpt":{"rendered":"<p>\u00a0 \u00a0 Daily \u2013 tous les jours pour votre confort. Les coussinets d&rsquo;allaitement jetables \u00ab AKUKU \u00bb tr\u00e8s absorbants, confortables, discrets et profil\u00e9s, sont un produit n\u00e9cessaire pour une maman qui allaite. Ils assument un confort incontestable pendant de nombreuses heures. Nous avons cr\u00e9\u00e9 des coussinets qui donnent une sensation de s\u00e9cheresse et de fra\u00eecheur [&hellip;]<\/p>\n","protected":false},"featured_media":6730,"template":"","meta":[],"product_cat":[3317,3319,3321],"product_tag":[],"class_list":{"0":"post-6733","1":"product","2":"type-product","3":"status-publish","4":"has-post-thumbnail","6":"product_cat-pour-maman","7":"product_cat-allaitement","8":"product_cat-coussinets-dallaitement","10":"first","11":"instock","12":"shipping-taxable","13":"product-type-simple"},"yoast_head":"<!-- This site is optimized with the Yoast SEO plugin v26.2 - https:\/\/yoast.com\/wordpress\/plugins\/seo\/ -->\n<title>Coussinets d&#039;allaitement Daily - Akuku<\/title>\n<meta name=\"description\" content=\"Sprawd\u017a nasz produkt: Coussinets d&#039;allaitement Daily. Produkty Akuku - odpowiednie dla mam i niemowl\u0105t!\" \/>\n<meta name=\"robots\" content=\"index, follow, max-snippet:-1, max-image-preview:large, max-video-preview:-1\" \/>\n<link rel=\"canonical\" href=\"https:\/\/akuku.com.pl\/fr\/catalogue-de-produits\/pour-maman\/allaitement\/coussinets-dallaitement\/coussinets-dallaitement-daily-a0160\/\" \/>\n<meta property=\"og:locale\" content=\"fr_FR\" \/>\n<meta property=\"og:type\" content=\"article\" \/>\n<meta property=\"og:title\" content=\"Coussinets d&#039;allaitement Daily - Akuku\" \/>\n<meta property=\"og:description\" content=\"Sprawd\u017a nasz produkt: Coussinets d&#039;allaitement Daily. Produkty Akuku - odpowiednie dla mam i niemowl\u0105t!\" \/>\n<meta property=\"og:url\" content=\"https:\/\/akuku.com.pl\/fr\/catalogue-de-produits\/pour-maman\/allaitement\/coussinets-dallaitement\/coussinets-dallaitement-daily-a0160\/\" \/>\n<meta property=\"og:site_name\" content=\"Akuku\" \/>\n<meta property=\"article:publisher\" content=\"https:\/\/www.facebook.com\/markaAKUKU\" \/>\n<meta property=\"article:modified_time\" content=\"2024-07-29T19:55:16+00:00\" \/>\n<meta property=\"og:image\" content=\"https:\/\/akuku.com.pl\/wp-content\/uploads\/2024\/07\/a0160-wkadki-laktacyjne-2-6.jpg\" \/>\n\t<meta property=\"og:image:width\" content=\"800\" \/>\n\t<meta property=\"og:image:height\" content=\"800\" \/>\n\t<meta property=\"og:image:type\" content=\"image\/jpeg\" \/>\n<meta name=\"twitter:card\" content=\"summary_large_image\" \/>\n<meta name=\"twitter:label1\" content=\"Dur\u00e9e de lecture estim\u00e9e\" \/>\n\t<meta name=\"twitter:data1\" content=\"1 minute\" \/>\n<script type=\"application\/ld+json\" class=\"yoast-schema-graph\">{\"@context\":\"https:\/\/schema.org\",\"@graph\":[{\"@type\":\"WebPage\",\"@id\":\"https:\/\/akuku.com.pl\/fr\/catalogue-de-produits\/pour-maman\/allaitement\/coussinets-dallaitement\/coussinets-dallaitement-daily-a0160\/\",\"url\":\"https:\/\/akuku.com.pl\/fr\/catalogue-de-produits\/pour-maman\/allaitement\/coussinets-dallaitement\/coussinets-dallaitement-daily-a0160\/\",\"name\":\"Coussinets d'allaitement Daily - Akuku\",\"isPartOf\":{\"@id\":\"https:\/\/akuku.com.pl\/fr\/#website\"},\"primaryImageOfPage\":{\"@id\":\"https:\/\/akuku.com.pl\/fr\/catalogue-de-produits\/pour-maman\/allaitement\/coussinets-dallaitement\/coussinets-dallaitement-daily-a0160\/#primaryimage\"},\"image\":{\"@id\":\"https:\/\/akuku.com.pl\/fr\/catalogue-de-produits\/pour-maman\/allaitement\/coussinets-dallaitement\/coussinets-dallaitement-daily-a0160\/#primaryimage\"},\"thumbnailUrl\":\"https:\/\/akuku.com.pl\/wp-content\/uploads\/2024\/07\/a0160-wkadki-laktacyjne-2-6.jpg\",\"datePublished\":\"2024-07-04T20:30:46+00:00\",\"dateModified\":\"2024-07-29T19:55:16+00:00\",\"description\":\"Sprawd\u017a nasz produkt: Coussinets d'allaitement Daily. Produkty Akuku - odpowiednie dla mam i niemowl\u0105t!\",\"breadcrumb\":{\"@id\":\"https:\/\/akuku.com.pl\/fr\/catalogue-de-produits\/pour-maman\/allaitement\/coussinets-dallaitement\/coussinets-dallaitement-daily-a0160\/#breadcrumb\"},\"inLanguage\":\"fr-FR\",\"potentialAction\":[{\"@type\":\"ReadAction\",\"target\":[\"https:\/\/akuku.com.pl\/fr\/catalogue-de-produits\/pour-maman\/allaitement\/coussinets-dallaitement\/coussinets-dallaitement-daily-a0160\/\"]}]},{\"@type\":\"ImageObject\",\"inLanguage\":\"fr-FR\",\"@id\":\"https:\/\/akuku.com.pl\/fr\/catalogue-de-produits\/pour-maman\/allaitement\/coussinets-dallaitement\/coussinets-dallaitement-daily-a0160\/#primaryimage\",\"url\":\"https:\/\/akuku.com.pl\/wp-content\/uploads\/2024\/07\/a0160-wkadki-laktacyjne-2-6.jpg\",\"contentUrl\":\"https:\/\/akuku.com.pl\/wp-content\/uploads\/2024\/07\/a0160-wkadki-laktacyjne-2-6.jpg\",\"width\":800,\"height\":800,\"caption\":\"Coussinets dallaitement Daily A0160 6\"},{\"@type\":\"BreadcrumbList\",\"@id\":\"https:\/\/akuku.com.pl\/fr\/catalogue-de-produits\/pour-maman\/allaitement\/coussinets-dallaitement\/coussinets-dallaitement-daily-a0160\/#breadcrumb\",\"itemListElement\":[{\"@type\":\"ListItem\",\"position\":1,\"name\":\"Strona g\u0142\u00f3wna\",\"item\":\"https:\/\/akuku.com.pl\/fr\/\"},{\"@type\":\"ListItem\",\"position\":2,\"name\":\"Boutique\",\"item\":\"https:\/\/akuku.com.pl\/wszystkie-produkty\/\"},{\"@type\":\"ListItem\",\"position\":3,\"name\":\"Coussinets d&#8217;allaitement Daily\"}]},{\"@type\":\"WebSite\",\"@id\":\"https:\/\/akuku.com.pl\/fr\/#website\",\"url\":\"https:\/\/akuku.com.pl\/fr\/\",\"name\":\"Akuku.com.pl\",\"description\":\"\",\"publisher\":{\"@id\":\"https:\/\/akuku.com.pl\/fr\/#organization\"},\"potentialAction\":[{\"@type\":\"SearchAction\",\"target\":{\"@type\":\"EntryPoint\",\"urlTemplate\":\"https:\/\/akuku.com.pl\/fr\/?s={search_term_string}\"},\"query-input\":{\"@type\":\"PropertyValueSpecification\",\"valueRequired\":true,\"valueName\":\"search_term_string\"}}],\"inLanguage\":\"fr-FR\"},{\"@type\":\"Organization\",\"@id\":\"https:\/\/akuku.com.pl\/fr\/#organization\",\"name\":\"Akuku.com.pl\",\"url\":\"https:\/\/akuku.com.pl\/fr\/\",\"logo\":{\"@type\":\"ImageObject\",\"inLanguage\":\"fr-FR\",\"@id\":\"https:\/\/akuku.com.pl\/fr\/#\/schema\/logo\/image\/\",\"url\":\"https:\/\/akuku.com.pl\/wp-content\/uploads\/2024\/04\/akuku-logo.svg\",\"contentUrl\":\"https:\/\/akuku.com.pl\/wp-content\/uploads\/2024\/04\/akuku-logo.svg\",\"width\":114,\"height\":50,\"caption\":\"Akuku.com.pl\"},\"image\":{\"@id\":\"https:\/\/akuku.com.pl\/fr\/#\/schema\/logo\/image\/\"},\"sameAs\":[\"https:\/\/www.facebook.com\/markaAKUKU\"]}]}<\/script>\n<!-- \/ Yoast SEO plugin. -->","yoast_head_json":{"title":"Coussinets d'allaitement Daily - Akuku","description":"Sprawd\u017a nasz produkt: Coussinets d'allaitement Daily. Produkty Akuku - odpowiednie dla mam i niemowl\u0105t!","robots":{"index":"index","follow":"follow","max-snippet":"max-snippet:-1","max-image-preview":"max-image-preview:large","max-video-preview":"max-video-preview:-1"},"canonical":"https:\/\/akuku.com.pl\/fr\/catalogue-de-produits\/pour-maman\/allaitement\/coussinets-dallaitement\/coussinets-dallaitement-daily-a0160\/","og_locale":"fr_FR","og_type":"article","og_title":"Coussinets d'allaitement Daily - Akuku","og_description":"Sprawd\u017a nasz produkt: Coussinets d'allaitement Daily. Produkty Akuku - odpowiednie dla mam i niemowl\u0105t!","og_url":"https:\/\/akuku.com.pl\/fr\/catalogue-de-produits\/pour-maman\/allaitement\/coussinets-dallaitement\/coussinets-dallaitement-daily-a0160\/","og_site_name":"Akuku","article_publisher":"https:\/\/www.facebook.com\/markaAKUKU","article_modified_time":"2024-07-29T19:55:16+00:00","og_image":[{"width":800,"height":800,"url":"https:\/\/akuku.com.pl\/wp-content\/uploads\/2024\/07\/a0160-wkadki-laktacyjne-2-6.jpg","type":"image\/jpeg"}],"twitter_card":"summary_large_image","twitter_misc":{"Dur\u00e9e de lecture estim\u00e9e":"1 minute"},"schema":{"@context":"https:\/\/schema.org","@graph":[{"@type":"WebPage","@id":"https:\/\/akuku.com.pl\/fr\/catalogue-de-produits\/pour-maman\/allaitement\/coussinets-dallaitement\/coussinets-dallaitement-daily-a0160\/","url":"https:\/\/akuku.com.pl\/fr\/catalogue-de-produits\/pour-maman\/allaitement\/coussinets-dallaitement\/coussinets-dallaitement-daily-a0160\/","name":"Coussinets d'allaitement Daily - Akuku","isPartOf":{"@id":"https:\/\/akuku.com.pl\/fr\/#website"},"primaryImageOfPage":{"@id":"https:\/\/akuku.com.pl\/fr\/catalogue-de-produits\/pour-maman\/allaitement\/coussinets-dallaitement\/coussinets-dallaitement-daily-a0160\/#primaryimage"},"image":{"@id":"https:\/\/akuku.com.pl\/fr\/catalogue-de-produits\/pour-maman\/allaitement\/coussinets-dallaitement\/coussinets-dallaitement-daily-a0160\/#primaryimage"},"thumbnailUrl":"https:\/\/akuku.com.pl\/wp-content\/uploads\/2024\/07\/a0160-wkadki-laktacyjne-2-6.jpg","datePublished":"2024-07-04T20:30:46+00:00","dateModified":"2024-07-29T19:55:16+00:00","description":"Sprawd\u017a nasz produkt: Coussinets d'allaitement Daily. Produkty Akuku - odpowiednie dla mam i niemowl\u0105t!","breadcrumb":{"@id":"https:\/\/akuku.com.pl\/fr\/catalogue-de-produits\/pour-maman\/allaitement\/coussinets-dallaitement\/coussinets-dallaitement-daily-a0160\/#breadcrumb"},"inLanguage":"fr-FR","potentialAction":[{"@type":"ReadAction","target":["https:\/\/akuku.com.pl\/fr\/catalogue-de-produits\/pour-maman\/allaitement\/coussinets-dallaitement\/coussinets-dallaitement-daily-a0160\/"]}]},{"@type":"ImageObject","inLanguage":"fr-FR","@id":"https:\/\/akuku.com.pl\/fr\/catalogue-de-produits\/pour-maman\/allaitement\/coussinets-dallaitement\/coussinets-dallaitement-daily-a0160\/#primaryimage","url":"https:\/\/akuku.com.pl\/wp-content\/uploads\/2024\/07\/a0160-wkadki-laktacyjne-2-6.jpg","contentUrl":"https:\/\/akuku.com.pl\/wp-content\/uploads\/2024\/07\/a0160-wkadki-laktacyjne-2-6.jpg","width":800,"height":800,"caption":"Coussinets dallaitement Daily A0160 6"},{"@type":"BreadcrumbList","@id":"https:\/\/akuku.com.pl\/fr\/catalogue-de-produits\/pour-maman\/allaitement\/coussinets-dallaitement\/coussinets-dallaitement-daily-a0160\/#breadcrumb","itemListElement":[{"@type":"ListItem","position":1,"name":"Strona g\u0142\u00f3wna","item":"https:\/\/akuku.com.pl\/fr\/"},{"@type":"ListItem","position":2,"name":"Boutique","item":"https:\/\/akuku.com.pl\/wszystkie-produkty\/"},{"@type":"ListItem","position":3,"name":"Coussinets d&#8217;allaitement Daily"}]},{"@type":"WebSite","@id":"https:\/\/akuku.com.pl\/fr\/#website","url":"https:\/\/akuku.com.pl\/fr\/","name":"Akuku.com.pl","description":"","publisher":{"@id":"https:\/\/akuku.com.pl\/fr\/#organization"},"potentialAction":[{"@type":"SearchAction","target":{"@type":"EntryPoint","urlTemplate":"https:\/\/akuku.com.pl\/fr\/?s={search_term_string}"},"query-input":{"@type":"PropertyValueSpecification","valueRequired":true,"valueName":"search_term_string"}}],"inLanguage":"fr-FR"},{"@type":"Organization","@id":"https:\/\/akuku.com.pl\/fr\/#organization","name":"Akuku.com.pl","url":"https:\/\/akuku.com.pl\/fr\/","logo":{"@type":"ImageObject","inLanguage":"fr-FR","@id":"https:\/\/akuku.com.pl\/fr\/#\/schema\/logo\/image\/","url":"https:\/\/akuku.com.pl\/wp-content\/uploads\/2024\/04\/akuku-logo.svg","contentUrl":"https:\/\/akuku.com.pl\/wp-content\/uploads\/2024\/04\/akuku-logo.svg","width":114,"height":50,"caption":"Akuku.com.pl"},"image":{"@id":"https:\/\/akuku.com.pl\/fr\/#\/schema\/logo\/image\/"},"sameAs":["https:\/\/www.facebook.com\/markaAKUKU"]}]}},"_links":{"self":[{"href":"https:\/\/akuku.com.pl\/fr\/wp-json\/wp\/v2\/product\/6733","targetHints":{"allow":["GET"]}}],"collection":[{"href":"https:\/\/akuku.com.pl\/fr\/wp-json\/wp\/v2\/product"}],"about":[{"href":"https:\/\/akuku.com.pl\/fr\/wp-json\/wp\/v2\/types\/product"}],"wp:featuredmedia":[{"embeddable":true,"href":"https:\/\/akuku.com.pl\/fr\/wp-json\/wp\/v2\/media\/6730"}],"wp:attachment":[{"href":"https:\/\/akuku.com.pl\/fr\/wp-json\/wp\/v2\/media?parent=6733"}],"wp:term":[{"taxonomy":"product_cat","embeddable":true,"href":"https:\/\/akuku.com.pl\/fr\/wp-json\/wp\/v2\/product_cat?post=6733"},{"taxonomy":"product_tag","embeddable":true,"href":"https:\/\/akuku.com.pl\/fr\/wp-json\/wp\/v2\/product_tag?post=6733"}],"curies":[{"name":"wp","href":"https:\/\/api.w.org\/{rel}","templated":true}]}}