{"id":17621,"date":"2026-04-14T15:19:01","date_gmt":"2026-04-14T13:19:01","guid":{"rendered":"https:\/\/akuku.com.pl\/?post_type=product&#038;p=17621"},"modified":"2026-04-14T15:23:30","modified_gmt":"2026-04-14T13:23:30","slug":"poignees-pour-bouteilles","status":"publish","type":"product","link":"https:\/\/akuku.com.pl\/fr\/catalogue-de-produits\/nutrition\/biberons\/poignees-pour-bouteilles\/","title":{"rendered":"Poign\u00e9es pour bouteilles"},"content":{"rendered":"<div class=\"textWrap\">\n<p>&nbsp;<\/p>\n<p>Elles conviennent uniquement \u00e0 nos bouteilles standard :<\/p>\n<p>SKU A0004 125 ml \u2013 EAN 5907644000043<\/p>\n<p>SKU A0005 250 ml \u2013 EAN 5907644000050<\/p>\n<p>SKU A0104 125 ml \u2013 EAN 5907644001040<\/p>\n<p>SKU A0105 250 ml \u2013 EAN 5907644001057<\/p>\n<p>&nbsp;<\/p>\n<p><strong>Pour la s\u00e9curit\u00e9 et la sant\u00e9 de votre enfant<\/strong><\/p>\n<p><strong>AVERTISSEMENT !<\/strong><\/p>\n<ul>\n<li>Ceci n\u2019est pas un jouet.<\/li>\n<li>Utilisez toujours ce produit sous la surveillance d\u2019un adulte.<\/li>\n<li>Gardez les composants non utilis\u00e9s hors de port\u00e9e des enfants.<\/li>\n<li>Jetez le produit d\u00e8s les premiers signes de dommages ou de faiblesse.<\/li>\n<li>Ne jamais l\u2019attacher \u00e0 des cordons, rubans, lacets ou parties libres de v\u00eatements. Risque d\u2019\u00e9tranglement.<\/li>\n<li>Ne pas utiliser si l\u2019emballage primaire ou le produit lui-m\u00eame pr\u00e9sentent des signes de dommages ou de faiblesse.<\/li>\n<\/ul>\n<p>&nbsp;<\/p>\n<p>1 pi\u00e8ce par paquet.<\/p>\n<p>&nbsp;<\/p>\n<p><img decoding=\"async\" src=\"https:\/\/akuku.com.pl\/wp-content\/uploads\/2024\/09\/BPA-Free-logo-png_1.png\" alt=\"\" \/><\/p>\n<p>&nbsp;<\/p>\n<p>EAN: 5907644007189<\/p>\n<p>&nbsp;<\/p>\n<p><img decoding=\"async\" src=\"https:\/\/ect.h2g.pl\/akuku\/images\/0m.png\" alt=\"\" \/>\u00a0\u00a0<img decoding=\"async\" src=\"https:\/\/ect.h2g.pl\/akuku\/images\/05.png\" alt=\"\" \/>\u00a0\u00a0<img decoding=\"async\" src=\"https:\/\/ect.h2g.pl\/akuku\/images\/004.png\" alt=\"\" \/><\/p>\n<\/div>\n","protected":false},"excerpt":{"rendered":"<p>&nbsp; Elles conviennent uniquement \u00e0 nos bouteilles standard : SKU A0004 125 ml \u2013 EAN 5907644000043 SKU A0005 250 ml \u2013 EAN 5907644000050 SKU A0104 125 ml \u2013 EAN 5907644001040 SKU A0105 250 ml \u2013 EAN 5907644001057 &nbsp; Pour la s\u00e9curit\u00e9 et la sant\u00e9 de votre enfant AVERTISSEMENT ! Ceci n\u2019est pas un jouet. Utilisez [&hellip;]<\/p>\n","protected":false},"featured_media":17624,"template":"","meta":[],"product_cat":[3333,3336],"product_tag":[],"class_list":{"0":"post-17621","1":"product","2":"type-product","3":"status-publish","4":"has-post-thumbnail","6":"product_cat-nutrition","7":"product_cat-biberons","9":"first","10":"instock","11":"featured","12":"shipping-taxable","13":"product-type-simple"},"yoast_head":"<!-- This site is optimized with the Yoast SEO plugin v26.2 - https:\/\/yoast.com\/wordpress\/plugins\/seo\/ -->\n<title>Poign\u00e9es pour bouteilles - Akuku<\/title>\n<meta name=\"description\" content=\"Sprawd\u017a nasz produkt: Poign\u00e9es pour bouteilles. Produkty Akuku - odpowiednie dla mam i niemowl\u0105t!\" \/>\n<meta name=\"robots\" content=\"index, follow, max-snippet:-1, max-image-preview:large, max-video-preview:-1\" \/>\n<link rel=\"canonical\" href=\"https:\/\/akuku.com.pl\/fr\/catalogue-de-produits\/nutrition\/biberons\/poignees-pour-bouteilles\/\" \/>\n<meta property=\"og:locale\" content=\"fr_FR\" \/>\n<meta property=\"og:type\" content=\"article\" \/>\n<meta property=\"og:title\" content=\"Poign\u00e9es pour bouteilles - Akuku\" \/>\n<meta property=\"og:description\" content=\"Sprawd\u017a nasz produkt: Poign\u00e9es pour bouteilles. Produkty Akuku - odpowiednie dla mam i niemowl\u0105t!\" \/>\n<meta property=\"og:url\" content=\"https:\/\/akuku.com.pl\/fr\/catalogue-de-produits\/nutrition\/biberons\/poignees-pour-bouteilles\/\" \/>\n<meta property=\"og:site_name\" content=\"Akuku\" \/>\n<meta property=\"article:publisher\" content=\"https:\/\/www.facebook.com\/markaAKUKU\" \/>\n<meta property=\"article:modified_time\" content=\"2026-04-14T13:23:30+00:00\" \/>\n<meta property=\"og:image\" content=\"https:\/\/akuku.com.pl\/wp-content\/uploads\/2026\/04\/A0718.jpg\" \/>\n\t<meta property=\"og:image:width\" content=\"1000\" \/>\n\t<meta property=\"og:image:height\" content=\"1000\" \/>\n\t<meta property=\"og:image:type\" content=\"image\/jpeg\" \/>\n<meta name=\"twitter:card\" content=\"summary_large_image\" \/>\n<meta name=\"twitter:label1\" content=\"Dur\u00e9e de lecture estim\u00e9e\" \/>\n\t<meta name=\"twitter:data1\" content=\"1 minute\" \/>\n<script type=\"application\/ld+json\" class=\"yoast-schema-graph\">{\"@context\":\"https:\/\/schema.org\",\"@graph\":[{\"@type\":\"WebPage\",\"@id\":\"https:\/\/akuku.com.pl\/fr\/catalogue-de-produits\/nutrition\/biberons\/poignees-pour-bouteilles\/\",\"url\":\"https:\/\/akuku.com.pl\/fr\/catalogue-de-produits\/nutrition\/biberons\/poignees-pour-bouteilles\/\",\"name\":\"Poign\u00e9es pour bouteilles - Akuku\",\"isPartOf\":{\"@id\":\"https:\/\/akuku.com.pl\/fr\/#website\"},\"primaryImageOfPage\":{\"@id\":\"https:\/\/akuku.com.pl\/fr\/catalogue-de-produits\/nutrition\/biberons\/poignees-pour-bouteilles\/#primaryimage\"},\"image\":{\"@id\":\"https:\/\/akuku.com.pl\/fr\/catalogue-de-produits\/nutrition\/biberons\/poignees-pour-bouteilles\/#primaryimage\"},\"thumbnailUrl\":\"https:\/\/akuku.com.pl\/wp-content\/uploads\/2026\/04\/A0718.jpg\",\"datePublished\":\"2026-04-14T13:19:01+00:00\",\"dateModified\":\"2026-04-14T13:23:30+00:00\",\"description\":\"Sprawd\u017a nasz produkt: Poign\u00e9es pour bouteilles. Produkty Akuku - odpowiednie dla mam i niemowl\u0105t!\",\"breadcrumb\":{\"@id\":\"https:\/\/akuku.com.pl\/fr\/catalogue-de-produits\/nutrition\/biberons\/poignees-pour-bouteilles\/#breadcrumb\"},\"inLanguage\":\"fr-FR\",\"potentialAction\":[{\"@type\":\"ReadAction\",\"target\":[\"https:\/\/akuku.com.pl\/fr\/catalogue-de-produits\/nutrition\/biberons\/poignees-pour-bouteilles\/\"]}]},{\"@type\":\"ImageObject\",\"inLanguage\":\"fr-FR\",\"@id\":\"https:\/\/akuku.com.pl\/fr\/catalogue-de-produits\/nutrition\/biberons\/poignees-pour-bouteilles\/#primaryimage\",\"url\":\"https:\/\/akuku.com.pl\/wp-content\/uploads\/2026\/04\/A0718.jpg\",\"contentUrl\":\"https:\/\/akuku.com.pl\/wp-content\/uploads\/2026\/04\/A0718.jpg\",\"width\":1000,\"height\":1000},{\"@type\":\"BreadcrumbList\",\"@id\":\"https:\/\/akuku.com.pl\/fr\/catalogue-de-produits\/nutrition\/biberons\/poignees-pour-bouteilles\/#breadcrumb\",\"itemListElement\":[{\"@type\":\"ListItem\",\"position\":1,\"name\":\"Strona g\u0142\u00f3wna\",\"item\":\"https:\/\/akuku.com.pl\/fr\/\"},{\"@type\":\"ListItem\",\"position\":2,\"name\":\"Boutique\",\"item\":\"https:\/\/akuku.com.pl\/wszystkie-produkty\/\"},{\"@type\":\"ListItem\",\"position\":3,\"name\":\"Poign\u00e9es pour bouteilles\"}]},{\"@type\":\"WebSite\",\"@id\":\"https:\/\/akuku.com.pl\/fr\/#website\",\"url\":\"https:\/\/akuku.com.pl\/fr\/\",\"name\":\"Akuku.com.pl\",\"description\":\"\",\"publisher\":{\"@id\":\"https:\/\/akuku.com.pl\/fr\/#organization\"},\"potentialAction\":[{\"@type\":\"SearchAction\",\"target\":{\"@type\":\"EntryPoint\",\"urlTemplate\":\"https:\/\/akuku.com.pl\/fr\/?s={search_term_string}\"},\"query-input\":{\"@type\":\"PropertyValueSpecification\",\"valueRequired\":true,\"valueName\":\"search_term_string\"}}],\"inLanguage\":\"fr-FR\"},{\"@type\":\"Organization\",\"@id\":\"https:\/\/akuku.com.pl\/fr\/#organization\",\"name\":\"Akuku.com.pl\",\"url\":\"https:\/\/akuku.com.pl\/fr\/\",\"logo\":{\"@type\":\"ImageObject\",\"inLanguage\":\"fr-FR\",\"@id\":\"https:\/\/akuku.com.pl\/fr\/#\/schema\/logo\/image\/\",\"url\":\"https:\/\/akuku.com.pl\/wp-content\/uploads\/2024\/04\/akuku-logo.svg\",\"contentUrl\":\"https:\/\/akuku.com.pl\/wp-content\/uploads\/2024\/04\/akuku-logo.svg\",\"width\":114,\"height\":50,\"caption\":\"Akuku.com.pl\"},\"image\":{\"@id\":\"https:\/\/akuku.com.pl\/fr\/#\/schema\/logo\/image\/\"},\"sameAs\":[\"https:\/\/www.facebook.com\/markaAKUKU\"]}]}<\/script>\n<!-- \/ Yoast SEO plugin. -->","yoast_head_json":{"title":"Poign\u00e9es pour bouteilles - Akuku","description":"Sprawd\u017a nasz produkt: Poign\u00e9es pour bouteilles. Produkty Akuku - odpowiednie dla mam i niemowl\u0105t!","robots":{"index":"index","follow":"follow","max-snippet":"max-snippet:-1","max-image-preview":"max-image-preview:large","max-video-preview":"max-video-preview:-1"},"canonical":"https:\/\/akuku.com.pl\/fr\/catalogue-de-produits\/nutrition\/biberons\/poignees-pour-bouteilles\/","og_locale":"fr_FR","og_type":"article","og_title":"Poign\u00e9es pour bouteilles - Akuku","og_description":"Sprawd\u017a nasz produkt: Poign\u00e9es pour bouteilles. Produkty Akuku - odpowiednie dla mam i niemowl\u0105t!","og_url":"https:\/\/akuku.com.pl\/fr\/catalogue-de-produits\/nutrition\/biberons\/poignees-pour-bouteilles\/","og_site_name":"Akuku","article_publisher":"https:\/\/www.facebook.com\/markaAKUKU","article_modified_time":"2026-04-14T13:23:30+00:00","og_image":[{"width":1000,"height":1000,"url":"https:\/\/akuku.com.pl\/wp-content\/uploads\/2026\/04\/A0718.jpg","type":"image\/jpeg"}],"twitter_card":"summary_large_image","twitter_misc":{"Dur\u00e9e de lecture estim\u00e9e":"1 minute"},"schema":{"@context":"https:\/\/schema.org","@graph":[{"@type":"WebPage","@id":"https:\/\/akuku.com.pl\/fr\/catalogue-de-produits\/nutrition\/biberons\/poignees-pour-bouteilles\/","url":"https:\/\/akuku.com.pl\/fr\/catalogue-de-produits\/nutrition\/biberons\/poignees-pour-bouteilles\/","name":"Poign\u00e9es pour bouteilles - Akuku","isPartOf":{"@id":"https:\/\/akuku.com.pl\/fr\/#website"},"primaryImageOfPage":{"@id":"https:\/\/akuku.com.pl\/fr\/catalogue-de-produits\/nutrition\/biberons\/poignees-pour-bouteilles\/#primaryimage"},"image":{"@id":"https:\/\/akuku.com.pl\/fr\/catalogue-de-produits\/nutrition\/biberons\/poignees-pour-bouteilles\/#primaryimage"},"thumbnailUrl":"https:\/\/akuku.com.pl\/wp-content\/uploads\/2026\/04\/A0718.jpg","datePublished":"2026-04-14T13:19:01+00:00","dateModified":"2026-04-14T13:23:30+00:00","description":"Sprawd\u017a nasz produkt: Poign\u00e9es pour bouteilles. Produkty Akuku - odpowiednie dla mam i niemowl\u0105t!","breadcrumb":{"@id":"https:\/\/akuku.com.pl\/fr\/catalogue-de-produits\/nutrition\/biberons\/poignees-pour-bouteilles\/#breadcrumb"},"inLanguage":"fr-FR","potentialAction":[{"@type":"ReadAction","target":["https:\/\/akuku.com.pl\/fr\/catalogue-de-produits\/nutrition\/biberons\/poignees-pour-bouteilles\/"]}]},{"@type":"ImageObject","inLanguage":"fr-FR","@id":"https:\/\/akuku.com.pl\/fr\/catalogue-de-produits\/nutrition\/biberons\/poignees-pour-bouteilles\/#primaryimage","url":"https:\/\/akuku.com.pl\/wp-content\/uploads\/2026\/04\/A0718.jpg","contentUrl":"https:\/\/akuku.com.pl\/wp-content\/uploads\/2026\/04\/A0718.jpg","width":1000,"height":1000},{"@type":"BreadcrumbList","@id":"https:\/\/akuku.com.pl\/fr\/catalogue-de-produits\/nutrition\/biberons\/poignees-pour-bouteilles\/#breadcrumb","itemListElement":[{"@type":"ListItem","position":1,"name":"Strona g\u0142\u00f3wna","item":"https:\/\/akuku.com.pl\/fr\/"},{"@type":"ListItem","position":2,"name":"Boutique","item":"https:\/\/akuku.com.pl\/wszystkie-produkty\/"},{"@type":"ListItem","position":3,"name":"Poign\u00e9es pour bouteilles"}]},{"@type":"WebSite","@id":"https:\/\/akuku.com.pl\/fr\/#website","url":"https:\/\/akuku.com.pl\/fr\/","name":"Akuku.com.pl","description":"","publisher":{"@id":"https:\/\/akuku.com.pl\/fr\/#organization"},"potentialAction":[{"@type":"SearchAction","target":{"@type":"EntryPoint","urlTemplate":"https:\/\/akuku.com.pl\/fr\/?s={search_term_string}"},"query-input":{"@type":"PropertyValueSpecification","valueRequired":true,"valueName":"search_term_string"}}],"inLanguage":"fr-FR"},{"@type":"Organization","@id":"https:\/\/akuku.com.pl\/fr\/#organization","name":"Akuku.com.pl","url":"https:\/\/akuku.com.pl\/fr\/","logo":{"@type":"ImageObject","inLanguage":"fr-FR","@id":"https:\/\/akuku.com.pl\/fr\/#\/schema\/logo\/image\/","url":"https:\/\/akuku.com.pl\/wp-content\/uploads\/2024\/04\/akuku-logo.svg","contentUrl":"https:\/\/akuku.com.pl\/wp-content\/uploads\/2024\/04\/akuku-logo.svg","width":114,"height":50,"caption":"Akuku.com.pl"},"image":{"@id":"https:\/\/akuku.com.pl\/fr\/#\/schema\/logo\/image\/"},"sameAs":["https:\/\/www.facebook.com\/markaAKUKU"]}]}},"_links":{"self":[{"href":"https:\/\/akuku.com.pl\/fr\/wp-json\/wp\/v2\/product\/17621","targetHints":{"allow":["GET"]}}],"collection":[{"href":"https:\/\/akuku.com.pl\/fr\/wp-json\/wp\/v2\/product"}],"about":[{"href":"https:\/\/akuku.com.pl\/fr\/wp-json\/wp\/v2\/types\/product"}],"wp:featuredmedia":[{"embeddable":true,"href":"https:\/\/akuku.com.pl\/fr\/wp-json\/wp\/v2\/media\/17624"}],"wp:attachment":[{"href":"https:\/\/akuku.com.pl\/fr\/wp-json\/wp\/v2\/media?parent=17621"}],"wp:term":[{"taxonomy":"product_cat","embeddable":true,"href":"https:\/\/akuku.com.pl\/fr\/wp-json\/wp\/v2\/product_cat?post=17621"},{"taxonomy":"product_tag","embeddable":true,"href":"https:\/\/akuku.com.pl\/fr\/wp-json\/wp\/v2\/product_tag?post=17621"}],"curies":[{"name":"wp","href":"https:\/\/api.w.org\/{rel}","templated":true}]}}