{"id":17584,"date":"2024-07-04T22:39:00","date_gmt":"2024-07-04T20:39:00","guid":{"rendered":"https:\/\/akuku.com.pl\/katalog-produktow\/non class\u00e9\/doseur-de-lait-en-poudre-a0561-gris\/"},"modified":"2024-07-04T22:39:00","modified_gmt":"2024-07-04T20:39:00","slug":"doseur-de-lait-en-poudre-a0561-gris","status":"publish","type":"product","link":"https:\/\/akuku.com.pl\/fr\/catalogue-de-produits\/nutrition\/accessories-fr\/boites-a-lait-en-poudre\/doseur-de-lait-en-poudre-a0561-gris\/","title":{"rendered":"Doseur de lait en poudre"},"content":{"rendered":"<p data-path-to-node=\"21\">\ud83c\udf7c <b data-path-to-node=\"21\" data-index-in-node=\"5\">Quatre repas en un seul<\/b> \u2013 le doseur dispose de 4 compartiments s\u00e9par\u00e9s, vous permettant de mesurer pr\u00e9cis\u00e9ment les portions de lait infantile pour toute la journ\u00e9e ou pour un long voyage.<\/p>\n<p data-path-to-node=\"21\">\ud83d\udccf <b data-path-to-node=\"21\" data-index-in-node=\"196\">Grande capacit\u00e9 des compartiments<\/b> \u2013 chaque section peut contenir jusqu&rsquo;\u00e0 8 mesurettes de lait, ce qui rend le produit pratique m\u00eame pour les b\u00e9b\u00e9s plus \u00e2g\u00e9s ayant un plus grand app\u00e9tit.<\/p>\n<p data-path-to-node=\"21\">\u2728 <b data-path-to-node=\"21\" data-index-in-node=\"384\">Bec verseur pratique dans le couvercle<\/b> \u2013 l&rsquo;ouverture sp\u00e9cialement profil\u00e9e facilite l&rsquo;application rapide et propre du lait directement dans le biberon, sans risque de renverser la poudre.<\/p>\n<p data-path-to-node=\"21\">\ud83c\udf0d <b data-path-to-node=\"21\" data-index-in-node=\"575\">Compagnon de voyage id\u00e9al<\/b> \u2013 sa forme compacte permet au doseur de s&rsquo;int\u00e9grer parfaitement dans le sac \u00e0 langer, \u00e9tant indispensable lors des promenades, des excursions ou des repas nocturnes.<\/p>\n<p data-path-to-node=\"21\">\u2705 <b data-path-to-node=\"21\" data-index-in-node=\"769\">S\u00e9curit\u00e9 0% BPA<\/b> \u2013 produit fabriqu\u00e9 \u00e0 partir de mat\u00e9riaux de haute qualit\u00e9, totalement sans bisph\u00e9nol A, garantissant un contact s\u00fbr avec la nourriture de votre enfant.<\/p>\n<p data-path-to-node=\"21\"><b data-path-to-node=\"21\" data-index-in-node=\"939\">Le doseur de lait Akuku est synonyme de confort et de gain de temps pour chaque parent.<\/b><\/p>\n<p data-path-to-node=\"21\">Gr\u00e2ce \u00e0 cette solution pratique, vous n&rsquo;avez plus besoin d&#8217;emporter toute la bo\u00eete de lait avec vous. La couleur moderne du couvercle <b data-path-to-node=\"21\" data-index-in-node=\"1164\">gris<\/b>\u00a0lui donne un aspect \u00e9l\u00e9gant et universel. C&rsquo;est un produit qui rend la pr\u00e9paration des repas hors de la maison incroyablement simple et hygi\u00e9nique.<\/p>\n<h4 data-path-to-node=\"22\">Comment entretenir le doseur de lait infantile ?<\/h4>\n<p data-path-to-node=\"23\">Avant la premi\u00e8re utilisation et apr\u00e8s chaque utilisation suivante, le produit doit \u00eatre soigneusement lav\u00e9. Pour une hygi\u00e8ne maximale, il est recommand\u00e9 de le rincer p\u00e9riodiquement \u00e0 l&rsquo;eau bouillante.<\/p>\n<p data-path-to-node=\"23\"><b data-path-to-node=\"23\" data-index-in-node=\"204\">Instructions de lavage :<\/b><\/p>\n<ol>\n<li data-path-to-node=\"24,0,0\">S\u00e9parez les parties du r\u00e9cipient.<\/li>\n<li data-path-to-node=\"24,1,0\">Lavez \u00e0 l&rsquo;eau ti\u00e8de avec un d\u00e9tergent doux pour b\u00e9b\u00e9.<\/li>\n<li data-path-to-node=\"24,2,0\">Rincez abondamment et plusieurs fois \u00e0 l&rsquo;eau courante.<\/li>\n<li data-path-to-node=\"24,3,0\">Laissez s\u00e9cher compl\u00e8tement avant de le remplir \u00e0 nouveau.<\/li>\n<\/ol>\n<p data-path-to-node=\"24,3,0\"><b data-path-to-node=\"24,3,0\" data-index-in-node=\"61\">Attention !<\/b> Ne pas utiliser de produits chimiques agressifs. Le r\u00e9cipient n&rsquo;est pas con\u00e7u pour \u00eatre bouilli ou st\u00e9rilis\u00e9 dans des st\u00e9rilisateurs \u00e0 vapeur.<\/p>\n<p data-path-to-node=\"24,3,0\"><b data-path-to-node=\"24,3,0\" data-index-in-node=\"218\">Avertissement !<\/b> Ce produit n&rsquo;est pas un jouet. Conservez-le hors de port\u00e9e des enfants. V\u00e9rifiez toujours l&rsquo;\u00e9tat du produit avant chaque utilisation.<\/p>\n<h4 data-path-to-node=\"25\">Doseur de lait \u2013 Conservation hygi\u00e9nique des portions de nourriture<\/h4>\n<p data-path-to-node=\"26\"><b data-path-to-node=\"26\" data-index-in-node=\"2\">Contenu du kit :<\/b><\/p>\n<ul>\n<li data-path-to-node=\"26\">1x R\u00e9cipient \u00e0 4 compartiments<\/li>\n<li data-path-to-node=\"26\">Couvercle avec bec verseur en couleur <b data-path-to-node=\"26\" data-index-in-node=\"92\">gris<\/b><\/li>\n<\/ul>\n","protected":false},"excerpt":{"rendered":"<p>\ud83c\udf7c Quatre repas en un seul \u2013 le doseur dispose de 4 compartiments s\u00e9par\u00e9s, vous permettant de mesurer pr\u00e9cis\u00e9ment les portions de lait infantile pour toute la journ\u00e9e ou pour un long voyage. \ud83d\udccf Grande capacit\u00e9 des compartiments \u2013 chaque section peut contenir jusqu&rsquo;\u00e0 8 mesurettes de lait, ce qui rend le produit pratique m\u00eame [&hellip;]<\/p>\n","protected":false},"featured_media":7087,"template":"","meta":[],"product_cat":[3333,3348],"product_tag":[],"class_list":{"0":"post-17584","1":"product","2":"type-product","3":"status-publish","4":"has-post-thumbnail","6":"product_cat-nutrition","7":"product_cat-boites-a-lait-en-poudre","9":"first","10":"instock","11":"shipping-taxable","12":"product-type-simple"},"yoast_head":"<!-- This site is optimized with the Yoast SEO plugin v26.2 - https:\/\/yoast.com\/wordpress\/plugins\/seo\/ -->\n<title>Doseur de lait en poudre - Akuku<\/title>\n<meta name=\"description\" content=\"Doseur de lait en poudre Akuku avec 4 compartiments (8 mesures chacun). Id\u00e9al pour les voyages et les promenades. Sans BPA, avec bec verseur pratique.\" \/>\n<meta name=\"robots\" content=\"index, follow, max-snippet:-1, max-image-preview:large, max-video-preview:-1\" \/>\n<link rel=\"canonical\" href=\"https:\/\/akuku.com.pl\/fr\/catalogue-de-produits\/nutrition\/accessories-fr\/boites-a-lait-en-poudre\/doseur-de-lait-en-poudre-a0561-gris\/\" \/>\n<meta property=\"og:locale\" content=\"fr_FR\" \/>\n<meta property=\"og:type\" content=\"article\" \/>\n<meta property=\"og:title\" content=\"Doseur de lait en poudre - Akuku\" \/>\n<meta property=\"og:description\" content=\"Doseur de lait en poudre Akuku avec 4 compartiments (8 mesures chacun). Id\u00e9al pour les voyages et les promenades. Sans BPA, avec bec verseur pratique.\" \/>\n<meta property=\"og:url\" content=\"https:\/\/akuku.com.pl\/fr\/catalogue-de-produits\/nutrition\/accessories-fr\/boites-a-lait-en-poudre\/doseur-de-lait-en-poudre-a0561-gris\/\" \/>\n<meta property=\"og:site_name\" content=\"Akuku\" \/>\n<meta property=\"article:publisher\" content=\"https:\/\/www.facebook.com\/markaAKUKU\" \/>\n<meta property=\"og:image\" content=\"https:\/\/akuku.com.pl\/wp-content\/uploads\/2024\/07\/a0561-2-1.jpeg\" \/>\n\t<meta property=\"og:image:width\" content=\"720\" \/>\n\t<meta property=\"og:image:height\" content=\"720\" \/>\n\t<meta property=\"og:image:type\" content=\"image\/jpeg\" \/>\n<meta name=\"twitter:card\" content=\"summary_large_image\" \/>\n<meta name=\"twitter:label1\" content=\"Dur\u00e9e de lecture estim\u00e9e\" \/>\n\t<meta name=\"twitter:data1\" content=\"2 minutes\" \/>\n<script type=\"application\/ld+json\" class=\"yoast-schema-graph\">{\"@context\":\"https:\/\/schema.org\",\"@graph\":[{\"@type\":\"WebPage\",\"@id\":\"https:\/\/akuku.com.pl\/fr\/catalogue-de-produits\/nutrition\/accessories-fr\/boites-a-lait-en-poudre\/doseur-de-lait-en-poudre-a0561-gris\/\",\"url\":\"https:\/\/akuku.com.pl\/fr\/catalogue-de-produits\/nutrition\/accessories-fr\/boites-a-lait-en-poudre\/doseur-de-lait-en-poudre-a0561-gris\/\",\"name\":\"Doseur de lait en poudre - Akuku\",\"isPartOf\":{\"@id\":\"https:\/\/akuku.com.pl\/fr\/#website\"},\"primaryImageOfPage\":{\"@id\":\"https:\/\/akuku.com.pl\/fr\/catalogue-de-produits\/nutrition\/accessories-fr\/boites-a-lait-en-poudre\/doseur-de-lait-en-poudre-a0561-gris\/#primaryimage\"},\"image\":{\"@id\":\"https:\/\/akuku.com.pl\/fr\/catalogue-de-produits\/nutrition\/accessories-fr\/boites-a-lait-en-poudre\/doseur-de-lait-en-poudre-a0561-gris\/#primaryimage\"},\"thumbnailUrl\":\"https:\/\/akuku.com.pl\/wp-content\/uploads\/2024\/07\/a0561-2-1.jpeg\",\"datePublished\":\"2024-07-04T20:39:00+00:00\",\"description\":\"Doseur de lait en poudre Akuku avec 4 compartiments (8 mesures chacun). Id\u00e9al pour les voyages et les promenades. Sans BPA, avec bec verseur pratique.\",\"breadcrumb\":{\"@id\":\"https:\/\/akuku.com.pl\/fr\/catalogue-de-produits\/nutrition\/accessories-fr\/boites-a-lait-en-poudre\/doseur-de-lait-en-poudre-a0561-gris\/#breadcrumb\"},\"inLanguage\":\"fr-FR\",\"potentialAction\":[{\"@type\":\"ReadAction\",\"target\":[\"https:\/\/akuku.com.pl\/fr\/catalogue-de-produits\/nutrition\/accessories-fr\/boites-a-lait-en-poudre\/doseur-de-lait-en-poudre-a0561-gris\/\"]}]},{\"@type\":\"ImageObject\",\"inLanguage\":\"fr-FR\",\"@id\":\"https:\/\/akuku.com.pl\/fr\/catalogue-de-produits\/nutrition\/accessories-fr\/boites-a-lait-en-poudre\/doseur-de-lait-en-poudre-a0561-gris\/#primaryimage\",\"url\":\"https:\/\/akuku.com.pl\/wp-content\/uploads\/2024\/07\/a0561-2-1.jpeg\",\"contentUrl\":\"https:\/\/akuku.com.pl\/wp-content\/uploads\/2024\/07\/a0561-2-1.jpeg\",\"width\":720,\"height\":720},{\"@type\":\"BreadcrumbList\",\"@id\":\"https:\/\/akuku.com.pl\/fr\/catalogue-de-produits\/nutrition\/accessories-fr\/boites-a-lait-en-poudre\/doseur-de-lait-en-poudre-a0561-gris\/#breadcrumb\",\"itemListElement\":[{\"@type\":\"ListItem\",\"position\":1,\"name\":\"Strona g\u0142\u00f3wna\",\"item\":\"https:\/\/akuku.com.pl\/fr\/\"},{\"@type\":\"ListItem\",\"position\":2,\"name\":\"Boutique\",\"item\":\"https:\/\/akuku.com.pl\/wszystkie-produkty\/\"},{\"@type\":\"ListItem\",\"position\":3,\"name\":\"Doseur de lait en poudre\"}]},{\"@type\":\"WebSite\",\"@id\":\"https:\/\/akuku.com.pl\/fr\/#website\",\"url\":\"https:\/\/akuku.com.pl\/fr\/\",\"name\":\"Akuku.com.pl\",\"description\":\"\",\"publisher\":{\"@id\":\"https:\/\/akuku.com.pl\/fr\/#organization\"},\"potentialAction\":[{\"@type\":\"SearchAction\",\"target\":{\"@type\":\"EntryPoint\",\"urlTemplate\":\"https:\/\/akuku.com.pl\/fr\/?s={search_term_string}\"},\"query-input\":{\"@type\":\"PropertyValueSpecification\",\"valueRequired\":true,\"valueName\":\"search_term_string\"}}],\"inLanguage\":\"fr-FR\"},{\"@type\":\"Organization\",\"@id\":\"https:\/\/akuku.com.pl\/fr\/#organization\",\"name\":\"Akuku.com.pl\",\"url\":\"https:\/\/akuku.com.pl\/fr\/\",\"logo\":{\"@type\":\"ImageObject\",\"inLanguage\":\"fr-FR\",\"@id\":\"https:\/\/akuku.com.pl\/fr\/#\/schema\/logo\/image\/\",\"url\":\"https:\/\/akuku.com.pl\/wp-content\/uploads\/2024\/04\/akuku-logo.svg\",\"contentUrl\":\"https:\/\/akuku.com.pl\/wp-content\/uploads\/2024\/04\/akuku-logo.svg\",\"width\":114,\"height\":50,\"caption\":\"Akuku.com.pl\"},\"image\":{\"@id\":\"https:\/\/akuku.com.pl\/fr\/#\/schema\/logo\/image\/\"},\"sameAs\":[\"https:\/\/www.facebook.com\/markaAKUKU\"]}]}<\/script>\n<!-- \/ Yoast SEO plugin. -->","yoast_head_json":{"title":"Doseur de lait en poudre - Akuku","description":"Doseur de lait en poudre Akuku avec 4 compartiments (8 mesures chacun). Id\u00e9al pour les voyages et les promenades. Sans BPA, avec bec verseur pratique.","robots":{"index":"index","follow":"follow","max-snippet":"max-snippet:-1","max-image-preview":"max-image-preview:large","max-video-preview":"max-video-preview:-1"},"canonical":"https:\/\/akuku.com.pl\/fr\/catalogue-de-produits\/nutrition\/accessories-fr\/boites-a-lait-en-poudre\/doseur-de-lait-en-poudre-a0561-gris\/","og_locale":"fr_FR","og_type":"article","og_title":"Doseur de lait en poudre - Akuku","og_description":"Doseur de lait en poudre Akuku avec 4 compartiments (8 mesures chacun). Id\u00e9al pour les voyages et les promenades. Sans BPA, avec bec verseur pratique.","og_url":"https:\/\/akuku.com.pl\/fr\/catalogue-de-produits\/nutrition\/accessories-fr\/boites-a-lait-en-poudre\/doseur-de-lait-en-poudre-a0561-gris\/","og_site_name":"Akuku","article_publisher":"https:\/\/www.facebook.com\/markaAKUKU","og_image":[{"width":720,"height":720,"url":"https:\/\/akuku.com.pl\/wp-content\/uploads\/2024\/07\/a0561-2-1.jpeg","type":"image\/jpeg"}],"twitter_card":"summary_large_image","twitter_misc":{"Dur\u00e9e de lecture estim\u00e9e":"2 minutes"},"schema":{"@context":"https:\/\/schema.org","@graph":[{"@type":"WebPage","@id":"https:\/\/akuku.com.pl\/fr\/catalogue-de-produits\/nutrition\/accessories-fr\/boites-a-lait-en-poudre\/doseur-de-lait-en-poudre-a0561-gris\/","url":"https:\/\/akuku.com.pl\/fr\/catalogue-de-produits\/nutrition\/accessories-fr\/boites-a-lait-en-poudre\/doseur-de-lait-en-poudre-a0561-gris\/","name":"Doseur de lait en poudre - Akuku","isPartOf":{"@id":"https:\/\/akuku.com.pl\/fr\/#website"},"primaryImageOfPage":{"@id":"https:\/\/akuku.com.pl\/fr\/catalogue-de-produits\/nutrition\/accessories-fr\/boites-a-lait-en-poudre\/doseur-de-lait-en-poudre-a0561-gris\/#primaryimage"},"image":{"@id":"https:\/\/akuku.com.pl\/fr\/catalogue-de-produits\/nutrition\/accessories-fr\/boites-a-lait-en-poudre\/doseur-de-lait-en-poudre-a0561-gris\/#primaryimage"},"thumbnailUrl":"https:\/\/akuku.com.pl\/wp-content\/uploads\/2024\/07\/a0561-2-1.jpeg","datePublished":"2024-07-04T20:39:00+00:00","description":"Doseur de lait en poudre Akuku avec 4 compartiments (8 mesures chacun). Id\u00e9al pour les voyages et les promenades. Sans BPA, avec bec verseur pratique.","breadcrumb":{"@id":"https:\/\/akuku.com.pl\/fr\/catalogue-de-produits\/nutrition\/accessories-fr\/boites-a-lait-en-poudre\/doseur-de-lait-en-poudre-a0561-gris\/#breadcrumb"},"inLanguage":"fr-FR","potentialAction":[{"@type":"ReadAction","target":["https:\/\/akuku.com.pl\/fr\/catalogue-de-produits\/nutrition\/accessories-fr\/boites-a-lait-en-poudre\/doseur-de-lait-en-poudre-a0561-gris\/"]}]},{"@type":"ImageObject","inLanguage":"fr-FR","@id":"https:\/\/akuku.com.pl\/fr\/catalogue-de-produits\/nutrition\/accessories-fr\/boites-a-lait-en-poudre\/doseur-de-lait-en-poudre-a0561-gris\/#primaryimage","url":"https:\/\/akuku.com.pl\/wp-content\/uploads\/2024\/07\/a0561-2-1.jpeg","contentUrl":"https:\/\/akuku.com.pl\/wp-content\/uploads\/2024\/07\/a0561-2-1.jpeg","width":720,"height":720},{"@type":"BreadcrumbList","@id":"https:\/\/akuku.com.pl\/fr\/catalogue-de-produits\/nutrition\/accessories-fr\/boites-a-lait-en-poudre\/doseur-de-lait-en-poudre-a0561-gris\/#breadcrumb","itemListElement":[{"@type":"ListItem","position":1,"name":"Strona g\u0142\u00f3wna","item":"https:\/\/akuku.com.pl\/fr\/"},{"@type":"ListItem","position":2,"name":"Boutique","item":"https:\/\/akuku.com.pl\/wszystkie-produkty\/"},{"@type":"ListItem","position":3,"name":"Doseur de lait en poudre"}]},{"@type":"WebSite","@id":"https:\/\/akuku.com.pl\/fr\/#website","url":"https:\/\/akuku.com.pl\/fr\/","name":"Akuku.com.pl","description":"","publisher":{"@id":"https:\/\/akuku.com.pl\/fr\/#organization"},"potentialAction":[{"@type":"SearchAction","target":{"@type":"EntryPoint","urlTemplate":"https:\/\/akuku.com.pl\/fr\/?s={search_term_string}"},"query-input":{"@type":"PropertyValueSpecification","valueRequired":true,"valueName":"search_term_string"}}],"inLanguage":"fr-FR"},{"@type":"Organization","@id":"https:\/\/akuku.com.pl\/fr\/#organization","name":"Akuku.com.pl","url":"https:\/\/akuku.com.pl\/fr\/","logo":{"@type":"ImageObject","inLanguage":"fr-FR","@id":"https:\/\/akuku.com.pl\/fr\/#\/schema\/logo\/image\/","url":"https:\/\/akuku.com.pl\/wp-content\/uploads\/2024\/04\/akuku-logo.svg","contentUrl":"https:\/\/akuku.com.pl\/wp-content\/uploads\/2024\/04\/akuku-logo.svg","width":114,"height":50,"caption":"Akuku.com.pl"},"image":{"@id":"https:\/\/akuku.com.pl\/fr\/#\/schema\/logo\/image\/"},"sameAs":["https:\/\/www.facebook.com\/markaAKUKU"]}]}},"_links":{"self":[{"href":"https:\/\/akuku.com.pl\/fr\/wp-json\/wp\/v2\/product\/17584","targetHints":{"allow":["GET"]}}],"collection":[{"href":"https:\/\/akuku.com.pl\/fr\/wp-json\/wp\/v2\/product"}],"about":[{"href":"https:\/\/akuku.com.pl\/fr\/wp-json\/wp\/v2\/types\/product"}],"wp:featuredmedia":[{"embeddable":true,"href":"https:\/\/akuku.com.pl\/fr\/wp-json\/wp\/v2\/media\/7087"}],"wp:attachment":[{"href":"https:\/\/akuku.com.pl\/fr\/wp-json\/wp\/v2\/media?parent=17584"}],"wp:term":[{"taxonomy":"product_cat","embeddable":true,"href":"https:\/\/akuku.com.pl\/fr\/wp-json\/wp\/v2\/product_cat?post=17584"},{"taxonomy":"product_tag","embeddable":true,"href":"https:\/\/akuku.com.pl\/fr\/wp-json\/wp\/v2\/product_tag?post=17584"}],"curies":[{"name":"wp","href":"https:\/\/api.w.org\/{rel}","templated":true}]}}