{"id":17539,"date":"2026-03-16T09:53:41","date_gmt":"2026-03-16T08:53:41","guid":{"rendered":"https:\/\/akuku.com.pl\/?post_type=product&#038;p=17539"},"modified":"2026-03-16T10:32:27","modified_gmt":"2026-03-16T09:32:27","slug":"la-creme-lanoline-10-g","status":"publish","type":"product","link":"https:\/\/akuku.com.pl\/fr\/catalogue-de-produits\/pour-maman\/allaitement\/accessoires-dallaitement\/la-creme-lanoline-10-g\/","title":{"rendered":"La cr\u00e8me lanoline 10 g"},"content":{"rendered":"<div class=\"textWrap\">\n<p>&nbsp;<\/p>\n<\/div>\n<p>La cr\u00e8me lanoline apaise et prot\u00e8ge les mamelons douloureux et fissur\u00e9s. Compos\u00e9e de 100% de lanoline pure, elle acc\u00e9l\u00e8re la cicatrisation en cr\u00e9ant un film protecteur et hydratant. Hypoallerg\u00e9nique et sans additifs, elle est s\u00fbre \u00e0 utiliser pendant l&rsquo;allaitement sans besoin de rin\u00e7age. Id\u00e9ale aussi pour d&rsquo;autres affections cutan\u00e9es, elle est fabriqu\u00e9e en Pologne. La cr\u00e8me lanoline contient 100% de lanoline et rien d\u2019autre : pas d&rsquo;antioxydants, de produits chimiques, sans conservateurs ou autres additifs. 100% naturelle et totalement hypoallerg\u00e9nique, la cr\u00e8me n&rsquo;a pas besoin d&rsquo;\u00eatre retir\u00e9e avant d&rsquo;allaiter. Elle n&rsquo;a pas de go\u00fbt, de couleur ou de parfum, un atout important qui contribue \u00e0 la r\u00e9ussite de l&rsquo;allaitement maternel prolong\u00e9. Pas besoin de la retirer avant la t\u00e9t\u00e9e. La cr\u00e8me lanoline n&rsquo;a ni d&rsquo;odeur ni de go\u00fbt. Elle est sans danger pour b\u00e9b\u00e9.<\/p>\n<p><strong>Comment l&rsquo;utiliser ?<\/strong><\/p>\n<p>Apr\u00e8s chaque t\u00e9t\u00e9e, applique une petite quantit\u00e9 de cr\u00e8me sur les mamelons propres. Ramollis-la entre tes doigts avant de l\u2019\u00e9taler sur toute la surface du mamelon. Tu peux aussi en ajouter une fine couche au centre du coussinet d\u2019allaitement si n\u00e9cessaire. Astuce pour les mamans : M\u00e9lange une goutte de lait maternel avec une noisette de cr\u00e8me Lanoline pour plus d&rsquo;efficacit\u00e9. Applique sur la zone douloureuse du sein.<\/p>\n<p><strong>Ingr\u00e9dients :<\/strong> Lanoline 100 % pure.<\/p>\n<p>\u00c0 conserver \u00e0 temp\u00e9rature ambiante. Pour usage externe uniquement.<\/p>\n<p>La date de p\u00e9remption est de 2 ans \u00e0 compter de la date de fabrication.<\/p>\n<p>&nbsp;<\/p>\n<p><img decoding=\"async\" class=\"alignnone  wp-image-17549\" src=\"https:\/\/akuku.com.pl\/wp-content\/uploads\/2026\/03\/poland-x-eu-300x135.png\" alt=\"\" width=\"271\" height=\"122\" srcset=\"https:\/\/akuku.com.pl\/wp-content\/uploads\/2026\/03\/poland-x-eu-300x135.png 300w, https:\/\/akuku.com.pl\/wp-content\/uploads\/2026\/03\/poland-x-eu-1024x461.png 1024w, https:\/\/akuku.com.pl\/wp-content\/uploads\/2026\/03\/poland-x-eu-768x346.png 768w, https:\/\/akuku.com.pl\/wp-content\/uploads\/2026\/03\/poland-x-eu-1536x691.png 1536w, https:\/\/akuku.com.pl\/wp-content\/uploads\/2026\/03\/poland-x-eu-2048x921.png 2048w, https:\/\/akuku.com.pl\/wp-content\/uploads\/2026\/03\/poland-x-eu-600x270.png 600w\" sizes=\"(max-width: 271px) 100vw, 271px\" \/><\/p>\n<p>&nbsp;<\/p>\n<p>EAN: 5907644007134<\/p>\n","protected":false},"excerpt":{"rendered":"<p>&nbsp; La cr\u00e8me lanoline apaise et prot\u00e8ge les mamelons douloureux et fissur\u00e9s. Compos\u00e9e de 100% de lanoline pure, elle acc\u00e9l\u00e8re la cicatrisation en cr\u00e9ant un film protecteur et hydratant. Hypoallerg\u00e9nique et sans additifs, elle est s\u00fbre \u00e0 utiliser pendant l&rsquo;allaitement sans besoin de rin\u00e7age. Id\u00e9ale aussi pour d&rsquo;autres affections cutan\u00e9es, elle est fabriqu\u00e9e en Pologne. [&hellip;]<\/p>\n","protected":false},"featured_media":17542,"template":"","meta":[],"product_cat":[3317,3319,3323],"product_tag":[],"class_list":{"0":"post-17539","1":"product","2":"type-product","3":"status-publish","4":"has-post-thumbnail","6":"product_cat-pour-maman","7":"product_cat-allaitement","8":"product_cat-accessoires-dallaitement","10":"first","11":"instock","12":"featured","13":"shipping-taxable","14":"product-type-simple"},"yoast_head":"<!-- This site is optimized with the Yoast SEO plugin v26.2 - https:\/\/yoast.com\/wordpress\/plugins\/seo\/ -->\n<title>La cr\u00e8me lanoline 10 g - Akuku<\/title>\n<meta name=\"description\" content=\"Sprawd\u017a nasz produkt: La cr\u00e8me lanoline 10 g. Produkty Akuku - odpowiednie dla mam i niemowl\u0105t!\" \/>\n<meta name=\"robots\" content=\"index, follow, max-snippet:-1, max-image-preview:large, max-video-preview:-1\" \/>\n<link rel=\"canonical\" href=\"https:\/\/akuku.com.pl\/fr\/catalogue-de-produits\/pour-maman\/allaitement\/accessoires-dallaitement\/la-creme-lanoline-10-g\/\" \/>\n<meta property=\"og:locale\" content=\"fr_FR\" \/>\n<meta property=\"og:type\" content=\"article\" \/>\n<meta property=\"og:title\" content=\"La cr\u00e8me lanoline 10 g - Akuku\" \/>\n<meta property=\"og:description\" content=\"Sprawd\u017a nasz produkt: La cr\u00e8me lanoline 10 g. Produkty Akuku - odpowiednie dla mam i niemowl\u0105t!\" \/>\n<meta property=\"og:url\" content=\"https:\/\/akuku.com.pl\/fr\/catalogue-de-produits\/pour-maman\/allaitement\/accessoires-dallaitement\/la-creme-lanoline-10-g\/\" \/>\n<meta property=\"og:site_name\" content=\"Akuku\" \/>\n<meta property=\"article:publisher\" content=\"https:\/\/www.facebook.com\/markaAKUKU\" \/>\n<meta property=\"article:modified_time\" content=\"2026-03-16T09:32:27+00:00\" \/>\n<meta property=\"og:image\" content=\"https:\/\/akuku.com.pl\/wp-content\/uploads\/2026\/03\/A0713.jpg\" \/>\n\t<meta property=\"og:image:width\" content=\"1000\" \/>\n\t<meta property=\"og:image:height\" content=\"1000\" \/>\n\t<meta property=\"og:image:type\" content=\"image\/jpeg\" \/>\n<meta name=\"twitter:card\" content=\"summary_large_image\" \/>\n<meta name=\"twitter:label1\" content=\"Dur\u00e9e de lecture estim\u00e9e\" \/>\n\t<meta name=\"twitter:data1\" content=\"1 minute\" \/>\n<script type=\"application\/ld+json\" class=\"yoast-schema-graph\">{\"@context\":\"https:\/\/schema.org\",\"@graph\":[{\"@type\":\"WebPage\",\"@id\":\"https:\/\/akuku.com.pl\/fr\/catalogue-de-produits\/pour-maman\/allaitement\/accessoires-dallaitement\/la-creme-lanoline-10-g\/\",\"url\":\"https:\/\/akuku.com.pl\/fr\/catalogue-de-produits\/pour-maman\/allaitement\/accessoires-dallaitement\/la-creme-lanoline-10-g\/\",\"name\":\"La cr\u00e8me lanoline 10 g - Akuku\",\"isPartOf\":{\"@id\":\"https:\/\/akuku.com.pl\/fr\/#website\"},\"primaryImageOfPage\":{\"@id\":\"https:\/\/akuku.com.pl\/fr\/catalogue-de-produits\/pour-maman\/allaitement\/accessoires-dallaitement\/la-creme-lanoline-10-g\/#primaryimage\"},\"image\":{\"@id\":\"https:\/\/akuku.com.pl\/fr\/catalogue-de-produits\/pour-maman\/allaitement\/accessoires-dallaitement\/la-creme-lanoline-10-g\/#primaryimage\"},\"thumbnailUrl\":\"https:\/\/akuku.com.pl\/wp-content\/uploads\/2026\/03\/A0713.jpg\",\"datePublished\":\"2026-03-16T08:53:41+00:00\",\"dateModified\":\"2026-03-16T09:32:27+00:00\",\"description\":\"Sprawd\u017a nasz produkt: La cr\u00e8me lanoline 10 g. Produkty Akuku - odpowiednie dla mam i niemowl\u0105t!\",\"breadcrumb\":{\"@id\":\"https:\/\/akuku.com.pl\/fr\/catalogue-de-produits\/pour-maman\/allaitement\/accessoires-dallaitement\/la-creme-lanoline-10-g\/#breadcrumb\"},\"inLanguage\":\"fr-FR\",\"potentialAction\":[{\"@type\":\"ReadAction\",\"target\":[\"https:\/\/akuku.com.pl\/fr\/catalogue-de-produits\/pour-maman\/allaitement\/accessoires-dallaitement\/la-creme-lanoline-10-g\/\"]}]},{\"@type\":\"ImageObject\",\"inLanguage\":\"fr-FR\",\"@id\":\"https:\/\/akuku.com.pl\/fr\/catalogue-de-produits\/pour-maman\/allaitement\/accessoires-dallaitement\/la-creme-lanoline-10-g\/#primaryimage\",\"url\":\"https:\/\/akuku.com.pl\/wp-content\/uploads\/2026\/03\/A0713.jpg\",\"contentUrl\":\"https:\/\/akuku.com.pl\/wp-content\/uploads\/2026\/03\/A0713.jpg\",\"width\":1000,\"height\":1000},{\"@type\":\"BreadcrumbList\",\"@id\":\"https:\/\/akuku.com.pl\/fr\/catalogue-de-produits\/pour-maman\/allaitement\/accessoires-dallaitement\/la-creme-lanoline-10-g\/#breadcrumb\",\"itemListElement\":[{\"@type\":\"ListItem\",\"position\":1,\"name\":\"Strona g\u0142\u00f3wna\",\"item\":\"https:\/\/akuku.com.pl\/fr\/\"},{\"@type\":\"ListItem\",\"position\":2,\"name\":\"Boutique\",\"item\":\"https:\/\/akuku.com.pl\/wszystkie-produkty\/\"},{\"@type\":\"ListItem\",\"position\":3,\"name\":\"La cr\u00e8me lanoline 10 g\"}]},{\"@type\":\"WebSite\",\"@id\":\"https:\/\/akuku.com.pl\/fr\/#website\",\"url\":\"https:\/\/akuku.com.pl\/fr\/\",\"name\":\"Akuku.com.pl\",\"description\":\"\",\"publisher\":{\"@id\":\"https:\/\/akuku.com.pl\/fr\/#organization\"},\"potentialAction\":[{\"@type\":\"SearchAction\",\"target\":{\"@type\":\"EntryPoint\",\"urlTemplate\":\"https:\/\/akuku.com.pl\/fr\/?s={search_term_string}\"},\"query-input\":{\"@type\":\"PropertyValueSpecification\",\"valueRequired\":true,\"valueName\":\"search_term_string\"}}],\"inLanguage\":\"fr-FR\"},{\"@type\":\"Organization\",\"@id\":\"https:\/\/akuku.com.pl\/fr\/#organization\",\"name\":\"Akuku.com.pl\",\"url\":\"https:\/\/akuku.com.pl\/fr\/\",\"logo\":{\"@type\":\"ImageObject\",\"inLanguage\":\"fr-FR\",\"@id\":\"https:\/\/akuku.com.pl\/fr\/#\/schema\/logo\/image\/\",\"url\":\"https:\/\/akuku.com.pl\/wp-content\/uploads\/2024\/04\/akuku-logo.svg\",\"contentUrl\":\"https:\/\/akuku.com.pl\/wp-content\/uploads\/2024\/04\/akuku-logo.svg\",\"width\":114,\"height\":50,\"caption\":\"Akuku.com.pl\"},\"image\":{\"@id\":\"https:\/\/akuku.com.pl\/fr\/#\/schema\/logo\/image\/\"},\"sameAs\":[\"https:\/\/www.facebook.com\/markaAKUKU\"]}]}<\/script>\n<!-- \/ Yoast SEO plugin. -->","yoast_head_json":{"title":"La cr\u00e8me lanoline 10 g - Akuku","description":"Sprawd\u017a nasz produkt: La cr\u00e8me lanoline 10 g. Produkty Akuku - odpowiednie dla mam i niemowl\u0105t!","robots":{"index":"index","follow":"follow","max-snippet":"max-snippet:-1","max-image-preview":"max-image-preview:large","max-video-preview":"max-video-preview:-1"},"canonical":"https:\/\/akuku.com.pl\/fr\/catalogue-de-produits\/pour-maman\/allaitement\/accessoires-dallaitement\/la-creme-lanoline-10-g\/","og_locale":"fr_FR","og_type":"article","og_title":"La cr\u00e8me lanoline 10 g - Akuku","og_description":"Sprawd\u017a nasz produkt: La cr\u00e8me lanoline 10 g. Produkty Akuku - odpowiednie dla mam i niemowl\u0105t!","og_url":"https:\/\/akuku.com.pl\/fr\/catalogue-de-produits\/pour-maman\/allaitement\/accessoires-dallaitement\/la-creme-lanoline-10-g\/","og_site_name":"Akuku","article_publisher":"https:\/\/www.facebook.com\/markaAKUKU","article_modified_time":"2026-03-16T09:32:27+00:00","og_image":[{"width":1000,"height":1000,"url":"https:\/\/akuku.com.pl\/wp-content\/uploads\/2026\/03\/A0713.jpg","type":"image\/jpeg"}],"twitter_card":"summary_large_image","twitter_misc":{"Dur\u00e9e de lecture estim\u00e9e":"1 minute"},"schema":{"@context":"https:\/\/schema.org","@graph":[{"@type":"WebPage","@id":"https:\/\/akuku.com.pl\/fr\/catalogue-de-produits\/pour-maman\/allaitement\/accessoires-dallaitement\/la-creme-lanoline-10-g\/","url":"https:\/\/akuku.com.pl\/fr\/catalogue-de-produits\/pour-maman\/allaitement\/accessoires-dallaitement\/la-creme-lanoline-10-g\/","name":"La cr\u00e8me lanoline 10 g - Akuku","isPartOf":{"@id":"https:\/\/akuku.com.pl\/fr\/#website"},"primaryImageOfPage":{"@id":"https:\/\/akuku.com.pl\/fr\/catalogue-de-produits\/pour-maman\/allaitement\/accessoires-dallaitement\/la-creme-lanoline-10-g\/#primaryimage"},"image":{"@id":"https:\/\/akuku.com.pl\/fr\/catalogue-de-produits\/pour-maman\/allaitement\/accessoires-dallaitement\/la-creme-lanoline-10-g\/#primaryimage"},"thumbnailUrl":"https:\/\/akuku.com.pl\/wp-content\/uploads\/2026\/03\/A0713.jpg","datePublished":"2026-03-16T08:53:41+00:00","dateModified":"2026-03-16T09:32:27+00:00","description":"Sprawd\u017a nasz produkt: La cr\u00e8me lanoline 10 g. Produkty Akuku - odpowiednie dla mam i niemowl\u0105t!","breadcrumb":{"@id":"https:\/\/akuku.com.pl\/fr\/catalogue-de-produits\/pour-maman\/allaitement\/accessoires-dallaitement\/la-creme-lanoline-10-g\/#breadcrumb"},"inLanguage":"fr-FR","potentialAction":[{"@type":"ReadAction","target":["https:\/\/akuku.com.pl\/fr\/catalogue-de-produits\/pour-maman\/allaitement\/accessoires-dallaitement\/la-creme-lanoline-10-g\/"]}]},{"@type":"ImageObject","inLanguage":"fr-FR","@id":"https:\/\/akuku.com.pl\/fr\/catalogue-de-produits\/pour-maman\/allaitement\/accessoires-dallaitement\/la-creme-lanoline-10-g\/#primaryimage","url":"https:\/\/akuku.com.pl\/wp-content\/uploads\/2026\/03\/A0713.jpg","contentUrl":"https:\/\/akuku.com.pl\/wp-content\/uploads\/2026\/03\/A0713.jpg","width":1000,"height":1000},{"@type":"BreadcrumbList","@id":"https:\/\/akuku.com.pl\/fr\/catalogue-de-produits\/pour-maman\/allaitement\/accessoires-dallaitement\/la-creme-lanoline-10-g\/#breadcrumb","itemListElement":[{"@type":"ListItem","position":1,"name":"Strona g\u0142\u00f3wna","item":"https:\/\/akuku.com.pl\/fr\/"},{"@type":"ListItem","position":2,"name":"Boutique","item":"https:\/\/akuku.com.pl\/wszystkie-produkty\/"},{"@type":"ListItem","position":3,"name":"La cr\u00e8me lanoline 10 g"}]},{"@type":"WebSite","@id":"https:\/\/akuku.com.pl\/fr\/#website","url":"https:\/\/akuku.com.pl\/fr\/","name":"Akuku.com.pl","description":"","publisher":{"@id":"https:\/\/akuku.com.pl\/fr\/#organization"},"potentialAction":[{"@type":"SearchAction","target":{"@type":"EntryPoint","urlTemplate":"https:\/\/akuku.com.pl\/fr\/?s={search_term_string}"},"query-input":{"@type":"PropertyValueSpecification","valueRequired":true,"valueName":"search_term_string"}}],"inLanguage":"fr-FR"},{"@type":"Organization","@id":"https:\/\/akuku.com.pl\/fr\/#organization","name":"Akuku.com.pl","url":"https:\/\/akuku.com.pl\/fr\/","logo":{"@type":"ImageObject","inLanguage":"fr-FR","@id":"https:\/\/akuku.com.pl\/fr\/#\/schema\/logo\/image\/","url":"https:\/\/akuku.com.pl\/wp-content\/uploads\/2024\/04\/akuku-logo.svg","contentUrl":"https:\/\/akuku.com.pl\/wp-content\/uploads\/2024\/04\/akuku-logo.svg","width":114,"height":50,"caption":"Akuku.com.pl"},"image":{"@id":"https:\/\/akuku.com.pl\/fr\/#\/schema\/logo\/image\/"},"sameAs":["https:\/\/www.facebook.com\/markaAKUKU"]}]}},"_links":{"self":[{"href":"https:\/\/akuku.com.pl\/fr\/wp-json\/wp\/v2\/product\/17539","targetHints":{"allow":["GET"]}}],"collection":[{"href":"https:\/\/akuku.com.pl\/fr\/wp-json\/wp\/v2\/product"}],"about":[{"href":"https:\/\/akuku.com.pl\/fr\/wp-json\/wp\/v2\/types\/product"}],"wp:featuredmedia":[{"embeddable":true,"href":"https:\/\/akuku.com.pl\/fr\/wp-json\/wp\/v2\/media\/17542"}],"wp:attachment":[{"href":"https:\/\/akuku.com.pl\/fr\/wp-json\/wp\/v2\/media?parent=17539"}],"wp:term":[{"taxonomy":"product_cat","embeddable":true,"href":"https:\/\/akuku.com.pl\/fr\/wp-json\/wp\/v2\/product_cat?post=17539"},{"taxonomy":"product_tag","embeddable":true,"href":"https:\/\/akuku.com.pl\/fr\/wp-json\/wp\/v2\/product_tag?post=17539"}],"curies":[{"name":"wp","href":"https:\/\/api.w.org\/{rel}","templated":true}]}}