{"id":17523,"date":"2026-02-25T09:32:54","date_gmt":"2026-02-25T08:32:54","guid":{"rendered":"https:\/\/akuku.com.pl\/?post_type=product&#038;p=17523"},"modified":"2026-02-25T09:37:06","modified_gmt":"2026-02-25T08:37:06","slug":"liquide-nettoyant-biberon-2000-ml","status":"publish","type":"product","link":"https:\/\/akuku.com.pl\/fr\/catalogue-de-produits\/nutrition\/accessories-fr\/liquide-nettoyant-biberon-2000-ml\/","title":{"rendered":"Liquide nettoyant biberon 2000 ml"},"content":{"rendered":"<p>&nbsp;<\/p>\n<p>Le liquide nettoyant sp\u00e9cial pour biberons et t\u00e9tines est compos\u00e9 d\u2019enzymes qui \u00e9liminent les prot\u00e9ines de lait et les r\u00e9sidus d\u2019aliment.<\/p>\n<p>Doux avec les \u00e9l\u00e9ments en plastique et en latex, tr\u00e8s efficace aussi sur : \u00e9l\u00e9ments du tire-lait, sucettes, anneaux de dentition, accessoires d\u2019alimentation, jouets.<\/p>\n<p>La plupart des objets pour b\u00e9b\u00e9s sont en plastique, il est donc pratique d\u2019utiliser un nettoyant sp\u00e9cifique pour d\u00e9sinfecter et ainsi contribuer \u00e0 prot\u00e9ger notre sant\u00e9.<\/p>\n<p>Test\u00e9 dermatologiquement.<\/p>\n<p>Un liquide vaisselle classique utilis\u00e9 intensivement et pendant une longue p\u00e9riode peut \u00eatre l\u00e9g\u00e8rement irritant et peut aggraver les l\u00e9sions cutan\u00e9es. Le d\u00e9tergent sp\u00e9cifique de Suavinex, en revanche, nettoie en douceur.<\/p>\n<p>Formule en gel.<\/p>\n<p>Permet de n\u2019utiliser qu\u2019une petite quantit\u00e9 de gel, et r\u00e9aliser des \u00e9conomies.<\/p>\n<p>Sans colorants ni parfums.<\/p>\n<p>&nbsp;<\/p>\n<p><strong>Attention :<\/strong> En cas de d\u00e9versement, rincer \u00e0 l\u2019eau. Se laver soigneusement les mains apr\u00e8s utilisation.<\/p>\n<p><strong>Date de p\u00e9remption :<\/strong> 24 mois \u00e0 compter de la date figurant sur l\u2019emballage. Cette date indique \u00e9galement le num\u00e9ro de lot.<\/p>\n<p><strong>Conservation :<\/strong> \u00c0 conserver \u00e0 une temp\u00e9rature comprise entre 5 et 35 \u00b0C. Prot\u00e9ger du gel. Ne pas exposer directement au soleil.<\/p>\n<p><strong>Contenance :<\/strong> 2000 ml<\/p>\n<p>&nbsp;<\/p>\n<p><strong><em><u>Composition :<\/u><\/em><\/strong><em><u> 5-15% tensioactifs anioniques, &lt;5% tensioactifs non ioniques, &lt;5% tensioactifs amphot\u00e8res, conservateurs (benzoate de sodium, sorbate de potassium, acide lactique), enzymes.<\/u><\/em><\/p>\n<p>&nbsp;<\/p>\n<p>EAN: 5907644007196<\/p>\n","protected":false},"excerpt":{"rendered":"<p>&nbsp; Le liquide nettoyant sp\u00e9cial pour biberons et t\u00e9tines est compos\u00e9 d\u2019enzymes qui \u00e9liminent les prot\u00e9ines de lait et les r\u00e9sidus d\u2019aliment. Doux avec les \u00e9l\u00e9ments en plastique et en latex, tr\u00e8s efficace aussi sur : \u00e9l\u00e9ments du tire-lait, sucettes, anneaux de dentition, accessoires d\u2019alimentation, jouets. La plupart des objets pour b\u00e9b\u00e9s sont en plastique, [&hellip;]<\/p>\n","protected":false},"featured_media":17517,"template":"","meta":[],"product_cat":[3333,3339],"product_tag":[],"class_list":{"0":"post-17523","1":"product","2":"type-product","3":"status-publish","4":"has-post-thumbnail","6":"product_cat-nutrition","7":"product_cat-accessories-fr","9":"first","10":"instock","11":"featured","12":"shipping-taxable","13":"product-type-simple"},"yoast_head":"<!-- This site is optimized with the Yoast SEO plugin v26.2 - https:\/\/yoast.com\/wordpress\/plugins\/seo\/ -->\n<title>Liquide nettoyant biberon 2000 ml - Akuku<\/title>\n<meta name=\"description\" content=\"Sprawd\u017a nasz produkt: Liquide nettoyant biberon 2000 ml. Produkty Akuku - odpowiednie dla mam i niemowl\u0105t!\" \/>\n<meta name=\"robots\" content=\"index, follow, max-snippet:-1, max-image-preview:large, max-video-preview:-1\" \/>\n<link rel=\"canonical\" href=\"https:\/\/akuku.com.pl\/fr\/catalogue-de-produits\/nutrition\/accessories-fr\/liquide-nettoyant-biberon-2000-ml\/\" \/>\n<meta property=\"og:locale\" content=\"fr_FR\" \/>\n<meta property=\"og:type\" content=\"article\" \/>\n<meta property=\"og:title\" content=\"Liquide nettoyant biberon 2000 ml - Akuku\" \/>\n<meta property=\"og:description\" content=\"Sprawd\u017a nasz produkt: Liquide nettoyant biberon 2000 ml. Produkty Akuku - odpowiednie dla mam i niemowl\u0105t!\" \/>\n<meta property=\"og:url\" content=\"https:\/\/akuku.com.pl\/fr\/catalogue-de-produits\/nutrition\/accessories-fr\/liquide-nettoyant-biberon-2000-ml\/\" \/>\n<meta property=\"og:site_name\" content=\"Akuku\" \/>\n<meta property=\"article:publisher\" content=\"https:\/\/www.facebook.com\/markaAKUKU\" \/>\n<meta property=\"article:modified_time\" content=\"2026-02-25T08:37:06+00:00\" \/>\n<meta property=\"og:image\" content=\"https:\/\/akuku.com.pl\/wp-content\/uploads\/2026\/02\/A0719.jpg\" \/>\n\t<meta property=\"og:image:width\" content=\"1000\" \/>\n\t<meta property=\"og:image:height\" content=\"1000\" \/>\n\t<meta property=\"og:image:type\" content=\"image\/jpeg\" \/>\n<meta name=\"twitter:card\" content=\"summary_large_image\" \/>\n<meta name=\"twitter:label1\" content=\"Dur\u00e9e de lecture estim\u00e9e\" \/>\n\t<meta name=\"twitter:data1\" content=\"1 minute\" \/>\n<script type=\"application\/ld+json\" class=\"yoast-schema-graph\">{\"@context\":\"https:\/\/schema.org\",\"@graph\":[{\"@type\":\"WebPage\",\"@id\":\"https:\/\/akuku.com.pl\/fr\/catalogue-de-produits\/nutrition\/accessories-fr\/liquide-nettoyant-biberon-2000-ml\/\",\"url\":\"https:\/\/akuku.com.pl\/fr\/catalogue-de-produits\/nutrition\/accessories-fr\/liquide-nettoyant-biberon-2000-ml\/\",\"name\":\"Liquide nettoyant biberon 2000 ml - Akuku\",\"isPartOf\":{\"@id\":\"https:\/\/akuku.com.pl\/fr\/#website\"},\"primaryImageOfPage\":{\"@id\":\"https:\/\/akuku.com.pl\/fr\/catalogue-de-produits\/nutrition\/accessories-fr\/liquide-nettoyant-biberon-2000-ml\/#primaryimage\"},\"image\":{\"@id\":\"https:\/\/akuku.com.pl\/fr\/catalogue-de-produits\/nutrition\/accessories-fr\/liquide-nettoyant-biberon-2000-ml\/#primaryimage\"},\"thumbnailUrl\":\"https:\/\/akuku.com.pl\/wp-content\/uploads\/2026\/02\/A0719.jpg\",\"datePublished\":\"2026-02-25T08:32:54+00:00\",\"dateModified\":\"2026-02-25T08:37:06+00:00\",\"description\":\"Sprawd\u017a nasz produkt: Liquide nettoyant biberon 2000 ml. Produkty Akuku - odpowiednie dla mam i niemowl\u0105t!\",\"breadcrumb\":{\"@id\":\"https:\/\/akuku.com.pl\/fr\/catalogue-de-produits\/nutrition\/accessories-fr\/liquide-nettoyant-biberon-2000-ml\/#breadcrumb\"},\"inLanguage\":\"fr-FR\",\"potentialAction\":[{\"@type\":\"ReadAction\",\"target\":[\"https:\/\/akuku.com.pl\/fr\/catalogue-de-produits\/nutrition\/accessories-fr\/liquide-nettoyant-biberon-2000-ml\/\"]}]},{\"@type\":\"ImageObject\",\"inLanguage\":\"fr-FR\",\"@id\":\"https:\/\/akuku.com.pl\/fr\/catalogue-de-produits\/nutrition\/accessories-fr\/liquide-nettoyant-biberon-2000-ml\/#primaryimage\",\"url\":\"https:\/\/akuku.com.pl\/wp-content\/uploads\/2026\/02\/A0719.jpg\",\"contentUrl\":\"https:\/\/akuku.com.pl\/wp-content\/uploads\/2026\/02\/A0719.jpg\",\"width\":1000,\"height\":1000},{\"@type\":\"BreadcrumbList\",\"@id\":\"https:\/\/akuku.com.pl\/fr\/catalogue-de-produits\/nutrition\/accessories-fr\/liquide-nettoyant-biberon-2000-ml\/#breadcrumb\",\"itemListElement\":[{\"@type\":\"ListItem\",\"position\":1,\"name\":\"Strona g\u0142\u00f3wna\",\"item\":\"https:\/\/akuku.com.pl\/fr\/\"},{\"@type\":\"ListItem\",\"position\":2,\"name\":\"Boutique\",\"item\":\"https:\/\/akuku.com.pl\/wszystkie-produkty\/\"},{\"@type\":\"ListItem\",\"position\":3,\"name\":\"Liquide nettoyant biberon 2000 ml\"}]},{\"@type\":\"WebSite\",\"@id\":\"https:\/\/akuku.com.pl\/fr\/#website\",\"url\":\"https:\/\/akuku.com.pl\/fr\/\",\"name\":\"Akuku.com.pl\",\"description\":\"\",\"publisher\":{\"@id\":\"https:\/\/akuku.com.pl\/fr\/#organization\"},\"potentialAction\":[{\"@type\":\"SearchAction\",\"target\":{\"@type\":\"EntryPoint\",\"urlTemplate\":\"https:\/\/akuku.com.pl\/fr\/?s={search_term_string}\"},\"query-input\":{\"@type\":\"PropertyValueSpecification\",\"valueRequired\":true,\"valueName\":\"search_term_string\"}}],\"inLanguage\":\"fr-FR\"},{\"@type\":\"Organization\",\"@id\":\"https:\/\/akuku.com.pl\/fr\/#organization\",\"name\":\"Akuku.com.pl\",\"url\":\"https:\/\/akuku.com.pl\/fr\/\",\"logo\":{\"@type\":\"ImageObject\",\"inLanguage\":\"fr-FR\",\"@id\":\"https:\/\/akuku.com.pl\/fr\/#\/schema\/logo\/image\/\",\"url\":\"https:\/\/akuku.com.pl\/wp-content\/uploads\/2024\/04\/akuku-logo.svg\",\"contentUrl\":\"https:\/\/akuku.com.pl\/wp-content\/uploads\/2024\/04\/akuku-logo.svg\",\"width\":114,\"height\":50,\"caption\":\"Akuku.com.pl\"},\"image\":{\"@id\":\"https:\/\/akuku.com.pl\/fr\/#\/schema\/logo\/image\/\"},\"sameAs\":[\"https:\/\/www.facebook.com\/markaAKUKU\"]}]}<\/script>\n<!-- \/ Yoast SEO plugin. -->","yoast_head_json":{"title":"Liquide nettoyant biberon 2000 ml - Akuku","description":"Sprawd\u017a nasz produkt: Liquide nettoyant biberon 2000 ml. Produkty Akuku - odpowiednie dla mam i niemowl\u0105t!","robots":{"index":"index","follow":"follow","max-snippet":"max-snippet:-1","max-image-preview":"max-image-preview:large","max-video-preview":"max-video-preview:-1"},"canonical":"https:\/\/akuku.com.pl\/fr\/catalogue-de-produits\/nutrition\/accessories-fr\/liquide-nettoyant-biberon-2000-ml\/","og_locale":"fr_FR","og_type":"article","og_title":"Liquide nettoyant biberon 2000 ml - Akuku","og_description":"Sprawd\u017a nasz produkt: Liquide nettoyant biberon 2000 ml. Produkty Akuku - odpowiednie dla mam i niemowl\u0105t!","og_url":"https:\/\/akuku.com.pl\/fr\/catalogue-de-produits\/nutrition\/accessories-fr\/liquide-nettoyant-biberon-2000-ml\/","og_site_name":"Akuku","article_publisher":"https:\/\/www.facebook.com\/markaAKUKU","article_modified_time":"2026-02-25T08:37:06+00:00","og_image":[{"width":1000,"height":1000,"url":"https:\/\/akuku.com.pl\/wp-content\/uploads\/2026\/02\/A0719.jpg","type":"image\/jpeg"}],"twitter_card":"summary_large_image","twitter_misc":{"Dur\u00e9e de lecture estim\u00e9e":"1 minute"},"schema":{"@context":"https:\/\/schema.org","@graph":[{"@type":"WebPage","@id":"https:\/\/akuku.com.pl\/fr\/catalogue-de-produits\/nutrition\/accessories-fr\/liquide-nettoyant-biberon-2000-ml\/","url":"https:\/\/akuku.com.pl\/fr\/catalogue-de-produits\/nutrition\/accessories-fr\/liquide-nettoyant-biberon-2000-ml\/","name":"Liquide nettoyant biberon 2000 ml - Akuku","isPartOf":{"@id":"https:\/\/akuku.com.pl\/fr\/#website"},"primaryImageOfPage":{"@id":"https:\/\/akuku.com.pl\/fr\/catalogue-de-produits\/nutrition\/accessories-fr\/liquide-nettoyant-biberon-2000-ml\/#primaryimage"},"image":{"@id":"https:\/\/akuku.com.pl\/fr\/catalogue-de-produits\/nutrition\/accessories-fr\/liquide-nettoyant-biberon-2000-ml\/#primaryimage"},"thumbnailUrl":"https:\/\/akuku.com.pl\/wp-content\/uploads\/2026\/02\/A0719.jpg","datePublished":"2026-02-25T08:32:54+00:00","dateModified":"2026-02-25T08:37:06+00:00","description":"Sprawd\u017a nasz produkt: Liquide nettoyant biberon 2000 ml. Produkty Akuku - odpowiednie dla mam i niemowl\u0105t!","breadcrumb":{"@id":"https:\/\/akuku.com.pl\/fr\/catalogue-de-produits\/nutrition\/accessories-fr\/liquide-nettoyant-biberon-2000-ml\/#breadcrumb"},"inLanguage":"fr-FR","potentialAction":[{"@type":"ReadAction","target":["https:\/\/akuku.com.pl\/fr\/catalogue-de-produits\/nutrition\/accessories-fr\/liquide-nettoyant-biberon-2000-ml\/"]}]},{"@type":"ImageObject","inLanguage":"fr-FR","@id":"https:\/\/akuku.com.pl\/fr\/catalogue-de-produits\/nutrition\/accessories-fr\/liquide-nettoyant-biberon-2000-ml\/#primaryimage","url":"https:\/\/akuku.com.pl\/wp-content\/uploads\/2026\/02\/A0719.jpg","contentUrl":"https:\/\/akuku.com.pl\/wp-content\/uploads\/2026\/02\/A0719.jpg","width":1000,"height":1000},{"@type":"BreadcrumbList","@id":"https:\/\/akuku.com.pl\/fr\/catalogue-de-produits\/nutrition\/accessories-fr\/liquide-nettoyant-biberon-2000-ml\/#breadcrumb","itemListElement":[{"@type":"ListItem","position":1,"name":"Strona g\u0142\u00f3wna","item":"https:\/\/akuku.com.pl\/fr\/"},{"@type":"ListItem","position":2,"name":"Boutique","item":"https:\/\/akuku.com.pl\/wszystkie-produkty\/"},{"@type":"ListItem","position":3,"name":"Liquide nettoyant biberon 2000 ml"}]},{"@type":"WebSite","@id":"https:\/\/akuku.com.pl\/fr\/#website","url":"https:\/\/akuku.com.pl\/fr\/","name":"Akuku.com.pl","description":"","publisher":{"@id":"https:\/\/akuku.com.pl\/fr\/#organization"},"potentialAction":[{"@type":"SearchAction","target":{"@type":"EntryPoint","urlTemplate":"https:\/\/akuku.com.pl\/fr\/?s={search_term_string}"},"query-input":{"@type":"PropertyValueSpecification","valueRequired":true,"valueName":"search_term_string"}}],"inLanguage":"fr-FR"},{"@type":"Organization","@id":"https:\/\/akuku.com.pl\/fr\/#organization","name":"Akuku.com.pl","url":"https:\/\/akuku.com.pl\/fr\/","logo":{"@type":"ImageObject","inLanguage":"fr-FR","@id":"https:\/\/akuku.com.pl\/fr\/#\/schema\/logo\/image\/","url":"https:\/\/akuku.com.pl\/wp-content\/uploads\/2024\/04\/akuku-logo.svg","contentUrl":"https:\/\/akuku.com.pl\/wp-content\/uploads\/2024\/04\/akuku-logo.svg","width":114,"height":50,"caption":"Akuku.com.pl"},"image":{"@id":"https:\/\/akuku.com.pl\/fr\/#\/schema\/logo\/image\/"},"sameAs":["https:\/\/www.facebook.com\/markaAKUKU"]}]}},"_links":{"self":[{"href":"https:\/\/akuku.com.pl\/fr\/wp-json\/wp\/v2\/product\/17523","targetHints":{"allow":["GET"]}}],"collection":[{"href":"https:\/\/akuku.com.pl\/fr\/wp-json\/wp\/v2\/product"}],"about":[{"href":"https:\/\/akuku.com.pl\/fr\/wp-json\/wp\/v2\/types\/product"}],"wp:featuredmedia":[{"embeddable":true,"href":"https:\/\/akuku.com.pl\/fr\/wp-json\/wp\/v2\/media\/17517"}],"wp:attachment":[{"href":"https:\/\/akuku.com.pl\/fr\/wp-json\/wp\/v2\/media?parent=17523"}],"wp:term":[{"taxonomy":"product_cat","embeddable":true,"href":"https:\/\/akuku.com.pl\/fr\/wp-json\/wp\/v2\/product_cat?post=17523"},{"taxonomy":"product_tag","embeddable":true,"href":"https:\/\/akuku.com.pl\/fr\/wp-json\/wp\/v2\/product_tag?post=17523"}],"curies":[{"name":"wp","href":"https:\/\/api.w.org\/{rel}","templated":true}]}}