{"id":17327,"date":"2025-11-17T10:58:29","date_gmt":"2025-11-17T09:58:29","guid":{"rendered":"https:\/\/akuku.com.pl\/?post_type=product&#038;p=17327"},"modified":"2025-11-17T11:48:32","modified_gmt":"2025-11-17T10:48:32","slug":"attache-sucettes-apaisantes-kopia","status":"publish","type":"product","link":"https:\/\/akuku.com.pl\/fr\/catalogue-de-produits\/sucettes-calmates-et-accessoires\/accessories-fr-2\/attache-sucettes-apaisantes-kopia\/","title":{"rendered":"Attache-sucettes apaisantes"},"content":{"rendered":"<div class=\"textWrap\">\n<p>&nbsp;<\/p>\n<p>Un ruban pour attacher une sucette de votre enfant est un accessoire int\u00e9ressant et \u00e9l\u00e9gant pour la garder tout pr\u00e8s de votre b\u00e9b\u00e9.<br \/>\nCe produit emp\u00eache la t\u00e9tine de se perdre, de tomber au sol et de se salir.<br \/>\nIl est parfait pour une utilisation quotidienne \u00e0 la maison, en promenade ou en voyage.<\/p>\n<p>De plus, il est sp\u00e9cialement adapt\u00e9 \u00e0 assumer la s\u00e9curit\u00e9 de l&rsquo;enfant.<br \/>\nLe ruban est \u00e9quip\u00e9 d\u2019un fermoir en bois pour le clipser d\u2019une fa\u00e7on facile et rapide.<br \/>\nDe plus, gr\u00e2ce \u00e0 ce produit, la sucette est toujours \u00e0 la port\u00e9e de main.<br \/>\nIl s\u2019adapte \u00e0 tous les mod\u00e8les de sucettes disponibles, sans ab\u00eemer les v\u00eatements.<\/p>\n<p>Longueur totale du ruban: 24 cm<\/p>\n<p>Cet produit est universel, il s&rsquo;adapte aux t\u00e9tines avec et sans poign\u00e9e<\/p>\n<p>Le produit est conforme \u00e0 la norme europ\u00e9enne PN EN 12586<\/p>\n<p><strong>Attention!<\/strong> Le produit n&rsquo;est pas un jouet.<br \/>\nIl ne doit \u00eatre utilis\u00e9 que sous la surveillance d&rsquo;un adulte.<\/p>\n<\/div>\n<p>&nbsp;<\/p>\n<p>EAN: 5907644007165<\/p>\n<p>&nbsp;<\/p>\n","protected":false},"excerpt":{"rendered":"<p>&nbsp; Un ruban pour attacher une sucette de votre enfant est un accessoire int\u00e9ressant et \u00e9l\u00e9gant pour la garder tout pr\u00e8s de votre b\u00e9b\u00e9. Ce produit emp\u00eache la t\u00e9tine de se perdre, de tomber au sol et de se salir. Il est parfait pour une utilisation quotidienne \u00e0 la maison, en promenade ou en voyage. [&hellip;]<\/p>\n","protected":false},"featured_media":17339,"template":"","meta":[],"product_cat":[3405,3411],"product_tag":[],"class_list":{"0":"post-17327","1":"product","2":"type-product","3":"status-publish","4":"has-post-thumbnail","6":"product_cat-sucettes-calmates-et-accessoires","7":"product_cat-accessories-fr-2","9":"first","10":"instock","11":"shipping-taxable","12":"product-type-simple"},"yoast_head":"<!-- This site is optimized with the Yoast SEO plugin v26.2 - https:\/\/yoast.com\/wordpress\/plugins\/seo\/ -->\n<title>Attache-sucettes apaisantes - Akuku<\/title>\n<meta name=\"description\" content=\"Sprawd\u017a nasz produkt: Attache-sucettes apaisantes. Produkty Akuku - odpowiednie dla mam i niemowl\u0105t!\" \/>\n<meta name=\"robots\" content=\"index, follow, max-snippet:-1, max-image-preview:large, max-video-preview:-1\" \/>\n<link rel=\"canonical\" href=\"https:\/\/akuku.com.pl\/fr\/catalogue-de-produits\/sucettes-calmates-et-accessoires\/accessories-fr-2\/attache-sucettes-apaisantes-kopia\/\" \/>\n<meta property=\"og:locale\" content=\"fr_FR\" \/>\n<meta property=\"og:type\" content=\"article\" \/>\n<meta property=\"og:title\" content=\"Attache-sucettes apaisantes - Akuku\" \/>\n<meta property=\"og:description\" content=\"Sprawd\u017a nasz produkt: Attache-sucettes apaisantes. Produkty Akuku - odpowiednie dla mam i niemowl\u0105t!\" \/>\n<meta property=\"og:url\" content=\"https:\/\/akuku.com.pl\/fr\/catalogue-de-produits\/sucettes-calmates-et-accessoires\/accessories-fr-2\/attache-sucettes-apaisantes-kopia\/\" \/>\n<meta property=\"og:site_name\" content=\"Akuku\" \/>\n<meta property=\"article:publisher\" content=\"https:\/\/www.facebook.com\/markaAKUKU\" \/>\n<meta property=\"article:modified_time\" content=\"2025-11-17T10:48:32+00:00\" \/>\n<meta property=\"og:image\" content=\"https:\/\/akuku.com.pl\/wp-content\/uploads\/2025\/11\/A0716_4.jpg\" \/>\n\t<meta property=\"og:image:width\" content=\"1000\" \/>\n\t<meta property=\"og:image:height\" content=\"1000\" \/>\n\t<meta property=\"og:image:type\" content=\"image\/jpeg\" \/>\n<meta name=\"twitter:card\" content=\"summary_large_image\" \/>\n<meta name=\"twitter:label1\" content=\"Dur\u00e9e de lecture estim\u00e9e\" \/>\n\t<meta name=\"twitter:data1\" content=\"1 minute\" \/>\n<script type=\"application\/ld+json\" class=\"yoast-schema-graph\">{\"@context\":\"https:\/\/schema.org\",\"@graph\":[{\"@type\":\"WebPage\",\"@id\":\"https:\/\/akuku.com.pl\/fr\/catalogue-de-produits\/sucettes-calmates-et-accessoires\/accessories-fr-2\/attache-sucettes-apaisantes-kopia\/\",\"url\":\"https:\/\/akuku.com.pl\/fr\/catalogue-de-produits\/sucettes-calmates-et-accessoires\/accessories-fr-2\/attache-sucettes-apaisantes-kopia\/\",\"name\":\"Attache-sucettes apaisantes - Akuku\",\"isPartOf\":{\"@id\":\"https:\/\/akuku.com.pl\/fr\/#website\"},\"primaryImageOfPage\":{\"@id\":\"https:\/\/akuku.com.pl\/fr\/catalogue-de-produits\/sucettes-calmates-et-accessoires\/accessories-fr-2\/attache-sucettes-apaisantes-kopia\/#primaryimage\"},\"image\":{\"@id\":\"https:\/\/akuku.com.pl\/fr\/catalogue-de-produits\/sucettes-calmates-et-accessoires\/accessories-fr-2\/attache-sucettes-apaisantes-kopia\/#primaryimage\"},\"thumbnailUrl\":\"https:\/\/akuku.com.pl\/wp-content\/uploads\/2025\/11\/A0716_4.jpg\",\"datePublished\":\"2025-11-17T09:58:29+00:00\",\"dateModified\":\"2025-11-17T10:48:32+00:00\",\"description\":\"Sprawd\u017a nasz produkt: Attache-sucettes apaisantes. Produkty Akuku - odpowiednie dla mam i niemowl\u0105t!\",\"breadcrumb\":{\"@id\":\"https:\/\/akuku.com.pl\/fr\/catalogue-de-produits\/sucettes-calmates-et-accessoires\/accessories-fr-2\/attache-sucettes-apaisantes-kopia\/#breadcrumb\"},\"inLanguage\":\"fr-FR\",\"potentialAction\":[{\"@type\":\"ReadAction\",\"target\":[\"https:\/\/akuku.com.pl\/fr\/catalogue-de-produits\/sucettes-calmates-et-accessoires\/accessories-fr-2\/attache-sucettes-apaisantes-kopia\/\"]}]},{\"@type\":\"ImageObject\",\"inLanguage\":\"fr-FR\",\"@id\":\"https:\/\/akuku.com.pl\/fr\/catalogue-de-produits\/sucettes-calmates-et-accessoires\/accessories-fr-2\/attache-sucettes-apaisantes-kopia\/#primaryimage\",\"url\":\"https:\/\/akuku.com.pl\/wp-content\/uploads\/2025\/11\/A0716_4.jpg\",\"contentUrl\":\"https:\/\/akuku.com.pl\/wp-content\/uploads\/2025\/11\/A0716_4.jpg\",\"width\":1000,\"height\":1000,\"caption\":\"Uniwersalna tasiemka do smoczk\u00f3w uspokajaj\u0105cych\"},{\"@type\":\"BreadcrumbList\",\"@id\":\"https:\/\/akuku.com.pl\/fr\/catalogue-de-produits\/sucettes-calmates-et-accessoires\/accessories-fr-2\/attache-sucettes-apaisantes-kopia\/#breadcrumb\",\"itemListElement\":[{\"@type\":\"ListItem\",\"position\":1,\"name\":\"Strona g\u0142\u00f3wna\",\"item\":\"https:\/\/akuku.com.pl\/fr\/\"},{\"@type\":\"ListItem\",\"position\":2,\"name\":\"Boutique\",\"item\":\"https:\/\/akuku.com.pl\/wszystkie-produkty\/\"},{\"@type\":\"ListItem\",\"position\":3,\"name\":\"Attache-sucettes apaisantes\"}]},{\"@type\":\"WebSite\",\"@id\":\"https:\/\/akuku.com.pl\/fr\/#website\",\"url\":\"https:\/\/akuku.com.pl\/fr\/\",\"name\":\"Akuku.com.pl\",\"description\":\"\",\"publisher\":{\"@id\":\"https:\/\/akuku.com.pl\/fr\/#organization\"},\"potentialAction\":[{\"@type\":\"SearchAction\",\"target\":{\"@type\":\"EntryPoint\",\"urlTemplate\":\"https:\/\/akuku.com.pl\/fr\/?s={search_term_string}\"},\"query-input\":{\"@type\":\"PropertyValueSpecification\",\"valueRequired\":true,\"valueName\":\"search_term_string\"}}],\"inLanguage\":\"fr-FR\"},{\"@type\":\"Organization\",\"@id\":\"https:\/\/akuku.com.pl\/fr\/#organization\",\"name\":\"Akuku.com.pl\",\"url\":\"https:\/\/akuku.com.pl\/fr\/\",\"logo\":{\"@type\":\"ImageObject\",\"inLanguage\":\"fr-FR\",\"@id\":\"https:\/\/akuku.com.pl\/fr\/#\/schema\/logo\/image\/\",\"url\":\"https:\/\/akuku.com.pl\/wp-content\/uploads\/2024\/04\/akuku-logo.svg\",\"contentUrl\":\"https:\/\/akuku.com.pl\/wp-content\/uploads\/2024\/04\/akuku-logo.svg\",\"width\":114,\"height\":50,\"caption\":\"Akuku.com.pl\"},\"image\":{\"@id\":\"https:\/\/akuku.com.pl\/fr\/#\/schema\/logo\/image\/\"},\"sameAs\":[\"https:\/\/www.facebook.com\/markaAKUKU\"]}]}<\/script>\n<!-- \/ Yoast SEO plugin. -->","yoast_head_json":{"title":"Attache-sucettes apaisantes - Akuku","description":"Sprawd\u017a nasz produkt: Attache-sucettes apaisantes. Produkty Akuku - odpowiednie dla mam i niemowl\u0105t!","robots":{"index":"index","follow":"follow","max-snippet":"max-snippet:-1","max-image-preview":"max-image-preview:large","max-video-preview":"max-video-preview:-1"},"canonical":"https:\/\/akuku.com.pl\/fr\/catalogue-de-produits\/sucettes-calmates-et-accessoires\/accessories-fr-2\/attache-sucettes-apaisantes-kopia\/","og_locale":"fr_FR","og_type":"article","og_title":"Attache-sucettes apaisantes - Akuku","og_description":"Sprawd\u017a nasz produkt: Attache-sucettes apaisantes. Produkty Akuku - odpowiednie dla mam i niemowl\u0105t!","og_url":"https:\/\/akuku.com.pl\/fr\/catalogue-de-produits\/sucettes-calmates-et-accessoires\/accessories-fr-2\/attache-sucettes-apaisantes-kopia\/","og_site_name":"Akuku","article_publisher":"https:\/\/www.facebook.com\/markaAKUKU","article_modified_time":"2025-11-17T10:48:32+00:00","og_image":[{"width":1000,"height":1000,"url":"https:\/\/akuku.com.pl\/wp-content\/uploads\/2025\/11\/A0716_4.jpg","type":"image\/jpeg"}],"twitter_card":"summary_large_image","twitter_misc":{"Dur\u00e9e de lecture estim\u00e9e":"1 minute"},"schema":{"@context":"https:\/\/schema.org","@graph":[{"@type":"WebPage","@id":"https:\/\/akuku.com.pl\/fr\/catalogue-de-produits\/sucettes-calmates-et-accessoires\/accessories-fr-2\/attache-sucettes-apaisantes-kopia\/","url":"https:\/\/akuku.com.pl\/fr\/catalogue-de-produits\/sucettes-calmates-et-accessoires\/accessories-fr-2\/attache-sucettes-apaisantes-kopia\/","name":"Attache-sucettes apaisantes - Akuku","isPartOf":{"@id":"https:\/\/akuku.com.pl\/fr\/#website"},"primaryImageOfPage":{"@id":"https:\/\/akuku.com.pl\/fr\/catalogue-de-produits\/sucettes-calmates-et-accessoires\/accessories-fr-2\/attache-sucettes-apaisantes-kopia\/#primaryimage"},"image":{"@id":"https:\/\/akuku.com.pl\/fr\/catalogue-de-produits\/sucettes-calmates-et-accessoires\/accessories-fr-2\/attache-sucettes-apaisantes-kopia\/#primaryimage"},"thumbnailUrl":"https:\/\/akuku.com.pl\/wp-content\/uploads\/2025\/11\/A0716_4.jpg","datePublished":"2025-11-17T09:58:29+00:00","dateModified":"2025-11-17T10:48:32+00:00","description":"Sprawd\u017a nasz produkt: Attache-sucettes apaisantes. Produkty Akuku - odpowiednie dla mam i niemowl\u0105t!","breadcrumb":{"@id":"https:\/\/akuku.com.pl\/fr\/catalogue-de-produits\/sucettes-calmates-et-accessoires\/accessories-fr-2\/attache-sucettes-apaisantes-kopia\/#breadcrumb"},"inLanguage":"fr-FR","potentialAction":[{"@type":"ReadAction","target":["https:\/\/akuku.com.pl\/fr\/catalogue-de-produits\/sucettes-calmates-et-accessoires\/accessories-fr-2\/attache-sucettes-apaisantes-kopia\/"]}]},{"@type":"ImageObject","inLanguage":"fr-FR","@id":"https:\/\/akuku.com.pl\/fr\/catalogue-de-produits\/sucettes-calmates-et-accessoires\/accessories-fr-2\/attache-sucettes-apaisantes-kopia\/#primaryimage","url":"https:\/\/akuku.com.pl\/wp-content\/uploads\/2025\/11\/A0716_4.jpg","contentUrl":"https:\/\/akuku.com.pl\/wp-content\/uploads\/2025\/11\/A0716_4.jpg","width":1000,"height":1000,"caption":"Uniwersalna tasiemka do smoczk\u00f3w uspokajaj\u0105cych"},{"@type":"BreadcrumbList","@id":"https:\/\/akuku.com.pl\/fr\/catalogue-de-produits\/sucettes-calmates-et-accessoires\/accessories-fr-2\/attache-sucettes-apaisantes-kopia\/#breadcrumb","itemListElement":[{"@type":"ListItem","position":1,"name":"Strona g\u0142\u00f3wna","item":"https:\/\/akuku.com.pl\/fr\/"},{"@type":"ListItem","position":2,"name":"Boutique","item":"https:\/\/akuku.com.pl\/wszystkie-produkty\/"},{"@type":"ListItem","position":3,"name":"Attache-sucettes apaisantes"}]},{"@type":"WebSite","@id":"https:\/\/akuku.com.pl\/fr\/#website","url":"https:\/\/akuku.com.pl\/fr\/","name":"Akuku.com.pl","description":"","publisher":{"@id":"https:\/\/akuku.com.pl\/fr\/#organization"},"potentialAction":[{"@type":"SearchAction","target":{"@type":"EntryPoint","urlTemplate":"https:\/\/akuku.com.pl\/fr\/?s={search_term_string}"},"query-input":{"@type":"PropertyValueSpecification","valueRequired":true,"valueName":"search_term_string"}}],"inLanguage":"fr-FR"},{"@type":"Organization","@id":"https:\/\/akuku.com.pl\/fr\/#organization","name":"Akuku.com.pl","url":"https:\/\/akuku.com.pl\/fr\/","logo":{"@type":"ImageObject","inLanguage":"fr-FR","@id":"https:\/\/akuku.com.pl\/fr\/#\/schema\/logo\/image\/","url":"https:\/\/akuku.com.pl\/wp-content\/uploads\/2024\/04\/akuku-logo.svg","contentUrl":"https:\/\/akuku.com.pl\/wp-content\/uploads\/2024\/04\/akuku-logo.svg","width":114,"height":50,"caption":"Akuku.com.pl"},"image":{"@id":"https:\/\/akuku.com.pl\/fr\/#\/schema\/logo\/image\/"},"sameAs":["https:\/\/www.facebook.com\/markaAKUKU"]}]}},"_links":{"self":[{"href":"https:\/\/akuku.com.pl\/fr\/wp-json\/wp\/v2\/product\/17327","targetHints":{"allow":["GET"]}}],"collection":[{"href":"https:\/\/akuku.com.pl\/fr\/wp-json\/wp\/v2\/product"}],"about":[{"href":"https:\/\/akuku.com.pl\/fr\/wp-json\/wp\/v2\/types\/product"}],"wp:featuredmedia":[{"embeddable":true,"href":"https:\/\/akuku.com.pl\/fr\/wp-json\/wp\/v2\/media\/17339"}],"wp:attachment":[{"href":"https:\/\/akuku.com.pl\/fr\/wp-json\/wp\/v2\/media?parent=17327"}],"wp:term":[{"taxonomy":"product_cat","embeddable":true,"href":"https:\/\/akuku.com.pl\/fr\/wp-json\/wp\/v2\/product_cat?post=17327"},{"taxonomy":"product_tag","embeddable":true,"href":"https:\/\/akuku.com.pl\/fr\/wp-json\/wp\/v2\/product_tag?post=17327"}],"curies":[{"name":"wp","href":"https:\/\/api.w.org\/{rel}","templated":true}]}}