{"id":17237,"date":"2025-10-14T11:54:12","date_gmt":"2025-10-14T09:54:12","guid":{"rendered":"https:\/\/akuku.com.pl\/?post_type=product&#038;p=17237"},"modified":"2025-10-14T12:26:10","modified_gmt":"2025-10-14T10:26:10","slug":"batonnets-bebes-embout-securite","status":"publish","type":"product","link":"https:\/\/akuku.com.pl\/fr\/catalogue-de-produits\/soins\/accessoires-de-peuriculture\/lingettes-humides-a-99-deau\/batonnets-bebes-embout-securite\/","title":{"rendered":"B\u00e2tonnets b\u00e9b\u00e9s embout s\u00e9curit\u00e9"},"content":{"rendered":"<p>&nbsp;<\/p>\n<p>Sp\u00e9cialis\u00e9e dans les accessoires de pu\u00e9riculture, la marque Akuku propose ces b\u00e2tonnets ouat\u00e9s pour b\u00e9b\u00e9, con\u00e7us sp\u00e9cialement pour l&rsquo;hygi\u00e8ne des oreilles chez les nourrissons. Ils disposent d&rsquo;un embout s\u00e9curit\u00e9 100 % coton.<\/p>\n<p>&nbsp;<\/p>\n<p><strong>Pourquoi utiliser les cotons-tiges embout s\u00e9curit\u00e9 ?<\/strong><\/p>\n<p>Ces cotons-tiges Luc et L\u00e9a ont \u00e9t\u00e9 mis au point pour nettoyer les oreilles de b\u00e9b\u00e9 en douceur et, surtout, en toute s\u00e9curit\u00e9. Plus pr\u00e9cis\u00e9ment, ils doivent \u00eatre utilis\u00e9s pour le nettoyage du conduit auditif externe et du pavillon de l&rsquo;oreille. L&#8217;embout s\u00e9curit\u00e9 garantit de ne pas aller trop profond\u00e9ment dans le conduit auditif, \u00e9vitant ainsi la formation de bouchon de c\u00e9rumen et les l\u00e9sions du tympan. Ces cotons-tiges b\u00e9b\u00e9 peuvent \u00eatre int\u00e9gr\u00e9s au rituel d&rsquo;hygi\u00e8ne d\u00e8s la naissance, de pr\u00e9f\u00e9rence apr\u00e8s avoir donn\u00e9 le bain \u00e0 b\u00e9b\u00e9.<\/p>\n<p>L&#8217;embout des cotons-tiges b\u00e9b\u00e9s est compos\u00e9 \u00e0 100 % de fibres de coton issues de l&rsquo;agriculture biologique.<\/p>\n<p>Id\u00e9alement, utilisez les b\u00e2tonnets b\u00e9b\u00e9 apr\u00e8s le bain pour absorber l&rsquo;eau et l&rsquo;humidit\u00e9, retirer les r\u00e9sidus de savon et \u00e9ventuellement le c\u00e9rumen. Effectuez des mouvements rotatifs avec le coton-tige sur le pavillon de l&rsquo;oreille. N&rsquo;introduisez pas le b\u00e2tonnet trop loin dans le conduit auditif.<\/p>\n<p>Bo\u00eete de 60 b\u00e2tonnets ouat\u00e9s tige papier.<\/p>\n<p>&nbsp;<\/p>\n<p>EAN: 5907644007103<\/p>\n","protected":false},"excerpt":{"rendered":"<p>&nbsp; Sp\u00e9cialis\u00e9e dans les accessoires de pu\u00e9riculture, la marque Akuku propose ces b\u00e2tonnets ouat\u00e9s pour b\u00e9b\u00e9, con\u00e7us sp\u00e9cialement pour l&rsquo;hygi\u00e8ne des oreilles chez les nourrissons. Ils disposent d&rsquo;un embout s\u00e9curit\u00e9 100 % coton. &nbsp; Pourquoi utiliser les cotons-tiges embout s\u00e9curit\u00e9 ? Ces cotons-tiges Luc et L\u00e9a ont \u00e9t\u00e9 mis au point pour nettoyer les oreilles [&hellip;]<\/p>\n","protected":false},"featured_media":17240,"template":"","meta":[],"product_cat":[3414,3465],"product_tag":[],"class_list":{"0":"post-17237","1":"product","2":"type-product","3":"status-publish","4":"has-post-thumbnail","6":"product_cat-soins","7":"product_cat-lingettes-humides-a-99-deau","9":"first","10":"instock","11":"shipping-taxable","12":"product-type-simple"},"yoast_head":"<!-- This site is optimized with the Yoast SEO plugin v26.2 - https:\/\/yoast.com\/wordpress\/plugins\/seo\/ -->\n<title>B\u00e2tonnets b\u00e9b\u00e9s embout s\u00e9curit\u00e9 - Akuku<\/title>\n<meta name=\"description\" content=\"Sprawd\u017a nasz produkt: B\u00e2tonnets b\u00e9b\u00e9s embout s\u00e9curit\u00e9. Produkty Akuku - odpowiednie dla mam i niemowl\u0105t!\" \/>\n<meta name=\"robots\" content=\"index, follow, max-snippet:-1, max-image-preview:large, max-video-preview:-1\" \/>\n<link rel=\"canonical\" href=\"https:\/\/akuku.com.pl\/fr\/catalogue-de-produits\/soins\/accessoires-de-peuriculture\/lingettes-humides-a-99-deau\/batonnets-bebes-embout-securite\/\" \/>\n<meta property=\"og:locale\" content=\"fr_FR\" \/>\n<meta property=\"og:type\" content=\"article\" \/>\n<meta property=\"og:title\" content=\"B\u00e2tonnets b\u00e9b\u00e9s embout s\u00e9curit\u00e9 - Akuku\" \/>\n<meta property=\"og:description\" content=\"Sprawd\u017a nasz produkt: B\u00e2tonnets b\u00e9b\u00e9s embout s\u00e9curit\u00e9. Produkty Akuku - odpowiednie dla mam i niemowl\u0105t!\" \/>\n<meta property=\"og:url\" content=\"https:\/\/akuku.com.pl\/fr\/catalogue-de-produits\/soins\/accessoires-de-peuriculture\/lingettes-humides-a-99-deau\/batonnets-bebes-embout-securite\/\" \/>\n<meta property=\"og:site_name\" content=\"Akuku\" \/>\n<meta property=\"article:publisher\" content=\"https:\/\/www.facebook.com\/markaAKUKU\" \/>\n<meta property=\"article:modified_time\" content=\"2025-10-14T10:26:10+00:00\" \/>\n<meta property=\"og:image\" content=\"https:\/\/akuku.com.pl\/wp-content\/uploads\/2025\/10\/A0710.jpg\" \/>\n\t<meta property=\"og:image:width\" content=\"1000\" \/>\n\t<meta property=\"og:image:height\" content=\"1000\" \/>\n\t<meta property=\"og:image:type\" content=\"image\/jpeg\" \/>\n<meta name=\"twitter:card\" content=\"summary_large_image\" \/>\n<meta name=\"twitter:label1\" content=\"Dur\u00e9e de lecture estim\u00e9e\" \/>\n\t<meta name=\"twitter:data1\" content=\"1 minute\" \/>\n<script type=\"application\/ld+json\" class=\"yoast-schema-graph\">{\"@context\":\"https:\/\/schema.org\",\"@graph\":[{\"@type\":\"WebPage\",\"@id\":\"https:\/\/akuku.com.pl\/fr\/catalogue-de-produits\/soins\/accessoires-de-peuriculture\/lingettes-humides-a-99-deau\/batonnets-bebes-embout-securite\/\",\"url\":\"https:\/\/akuku.com.pl\/fr\/catalogue-de-produits\/soins\/accessoires-de-peuriculture\/lingettes-humides-a-99-deau\/batonnets-bebes-embout-securite\/\",\"name\":\"B\u00e2tonnets b\u00e9b\u00e9s embout s\u00e9curit\u00e9 - Akuku\",\"isPartOf\":{\"@id\":\"https:\/\/akuku.com.pl\/fr\/#website\"},\"primaryImageOfPage\":{\"@id\":\"https:\/\/akuku.com.pl\/fr\/catalogue-de-produits\/soins\/accessoires-de-peuriculture\/lingettes-humides-a-99-deau\/batonnets-bebes-embout-securite\/#primaryimage\"},\"image\":{\"@id\":\"https:\/\/akuku.com.pl\/fr\/catalogue-de-produits\/soins\/accessoires-de-peuriculture\/lingettes-humides-a-99-deau\/batonnets-bebes-embout-securite\/#primaryimage\"},\"thumbnailUrl\":\"https:\/\/akuku.com.pl\/wp-content\/uploads\/2025\/10\/A0710.jpg\",\"datePublished\":\"2025-10-14T09:54:12+00:00\",\"dateModified\":\"2025-10-14T10:26:10+00:00\",\"description\":\"Sprawd\u017a nasz produkt: B\u00e2tonnets b\u00e9b\u00e9s embout s\u00e9curit\u00e9. Produkty Akuku - odpowiednie dla mam i niemowl\u0105t!\",\"breadcrumb\":{\"@id\":\"https:\/\/akuku.com.pl\/fr\/catalogue-de-produits\/soins\/accessoires-de-peuriculture\/lingettes-humides-a-99-deau\/batonnets-bebes-embout-securite\/#breadcrumb\"},\"inLanguage\":\"fr-FR\",\"potentialAction\":[{\"@type\":\"ReadAction\",\"target\":[\"https:\/\/akuku.com.pl\/fr\/catalogue-de-produits\/soins\/accessoires-de-peuriculture\/lingettes-humides-a-99-deau\/batonnets-bebes-embout-securite\/\"]}]},{\"@type\":\"ImageObject\",\"inLanguage\":\"fr-FR\",\"@id\":\"https:\/\/akuku.com.pl\/fr\/catalogue-de-produits\/soins\/accessoires-de-peuriculture\/lingettes-humides-a-99-deau\/batonnets-bebes-embout-securite\/#primaryimage\",\"url\":\"https:\/\/akuku.com.pl\/wp-content\/uploads\/2025\/10\/A0710.jpg\",\"contentUrl\":\"https:\/\/akuku.com.pl\/wp-content\/uploads\/2025\/10\/A0710.jpg\",\"width\":1000,\"height\":1000,\"caption\":\"patyczki higieniczne dla niemowl\u0105t\"},{\"@type\":\"BreadcrumbList\",\"@id\":\"https:\/\/akuku.com.pl\/fr\/catalogue-de-produits\/soins\/accessoires-de-peuriculture\/lingettes-humides-a-99-deau\/batonnets-bebes-embout-securite\/#breadcrumb\",\"itemListElement\":[{\"@type\":\"ListItem\",\"position\":1,\"name\":\"Strona g\u0142\u00f3wna\",\"item\":\"https:\/\/akuku.com.pl\/fr\/\"},{\"@type\":\"ListItem\",\"position\":2,\"name\":\"Boutique\",\"item\":\"https:\/\/akuku.com.pl\/wszystkie-produkty\/\"},{\"@type\":\"ListItem\",\"position\":3,\"name\":\"B\u00e2tonnets b\u00e9b\u00e9s embout s\u00e9curit\u00e9\"}]},{\"@type\":\"WebSite\",\"@id\":\"https:\/\/akuku.com.pl\/fr\/#website\",\"url\":\"https:\/\/akuku.com.pl\/fr\/\",\"name\":\"Akuku.com.pl\",\"description\":\"\",\"publisher\":{\"@id\":\"https:\/\/akuku.com.pl\/fr\/#organization\"},\"potentialAction\":[{\"@type\":\"SearchAction\",\"target\":{\"@type\":\"EntryPoint\",\"urlTemplate\":\"https:\/\/akuku.com.pl\/fr\/?s={search_term_string}\"},\"query-input\":{\"@type\":\"PropertyValueSpecification\",\"valueRequired\":true,\"valueName\":\"search_term_string\"}}],\"inLanguage\":\"fr-FR\"},{\"@type\":\"Organization\",\"@id\":\"https:\/\/akuku.com.pl\/fr\/#organization\",\"name\":\"Akuku.com.pl\",\"url\":\"https:\/\/akuku.com.pl\/fr\/\",\"logo\":{\"@type\":\"ImageObject\",\"inLanguage\":\"fr-FR\",\"@id\":\"https:\/\/akuku.com.pl\/fr\/#\/schema\/logo\/image\/\",\"url\":\"https:\/\/akuku.com.pl\/wp-content\/uploads\/2024\/04\/akuku-logo.svg\",\"contentUrl\":\"https:\/\/akuku.com.pl\/wp-content\/uploads\/2024\/04\/akuku-logo.svg\",\"width\":114,\"height\":50,\"caption\":\"Akuku.com.pl\"},\"image\":{\"@id\":\"https:\/\/akuku.com.pl\/fr\/#\/schema\/logo\/image\/\"},\"sameAs\":[\"https:\/\/www.facebook.com\/markaAKUKU\"]}]}<\/script>\n<!-- \/ Yoast SEO plugin. -->","yoast_head_json":{"title":"B\u00e2tonnets b\u00e9b\u00e9s embout s\u00e9curit\u00e9 - Akuku","description":"Sprawd\u017a nasz produkt: B\u00e2tonnets b\u00e9b\u00e9s embout s\u00e9curit\u00e9. Produkty Akuku - odpowiednie dla mam i niemowl\u0105t!","robots":{"index":"index","follow":"follow","max-snippet":"max-snippet:-1","max-image-preview":"max-image-preview:large","max-video-preview":"max-video-preview:-1"},"canonical":"https:\/\/akuku.com.pl\/fr\/catalogue-de-produits\/soins\/accessoires-de-peuriculture\/lingettes-humides-a-99-deau\/batonnets-bebes-embout-securite\/","og_locale":"fr_FR","og_type":"article","og_title":"B\u00e2tonnets b\u00e9b\u00e9s embout s\u00e9curit\u00e9 - Akuku","og_description":"Sprawd\u017a nasz produkt: B\u00e2tonnets b\u00e9b\u00e9s embout s\u00e9curit\u00e9. Produkty Akuku - odpowiednie dla mam i niemowl\u0105t!","og_url":"https:\/\/akuku.com.pl\/fr\/catalogue-de-produits\/soins\/accessoires-de-peuriculture\/lingettes-humides-a-99-deau\/batonnets-bebes-embout-securite\/","og_site_name":"Akuku","article_publisher":"https:\/\/www.facebook.com\/markaAKUKU","article_modified_time":"2025-10-14T10:26:10+00:00","og_image":[{"width":1000,"height":1000,"url":"https:\/\/akuku.com.pl\/wp-content\/uploads\/2025\/10\/A0710.jpg","type":"image\/jpeg"}],"twitter_card":"summary_large_image","twitter_misc":{"Dur\u00e9e de lecture estim\u00e9e":"1 minute"},"schema":{"@context":"https:\/\/schema.org","@graph":[{"@type":"WebPage","@id":"https:\/\/akuku.com.pl\/fr\/catalogue-de-produits\/soins\/accessoires-de-peuriculture\/lingettes-humides-a-99-deau\/batonnets-bebes-embout-securite\/","url":"https:\/\/akuku.com.pl\/fr\/catalogue-de-produits\/soins\/accessoires-de-peuriculture\/lingettes-humides-a-99-deau\/batonnets-bebes-embout-securite\/","name":"B\u00e2tonnets b\u00e9b\u00e9s embout s\u00e9curit\u00e9 - Akuku","isPartOf":{"@id":"https:\/\/akuku.com.pl\/fr\/#website"},"primaryImageOfPage":{"@id":"https:\/\/akuku.com.pl\/fr\/catalogue-de-produits\/soins\/accessoires-de-peuriculture\/lingettes-humides-a-99-deau\/batonnets-bebes-embout-securite\/#primaryimage"},"image":{"@id":"https:\/\/akuku.com.pl\/fr\/catalogue-de-produits\/soins\/accessoires-de-peuriculture\/lingettes-humides-a-99-deau\/batonnets-bebes-embout-securite\/#primaryimage"},"thumbnailUrl":"https:\/\/akuku.com.pl\/wp-content\/uploads\/2025\/10\/A0710.jpg","datePublished":"2025-10-14T09:54:12+00:00","dateModified":"2025-10-14T10:26:10+00:00","description":"Sprawd\u017a nasz produkt: B\u00e2tonnets b\u00e9b\u00e9s embout s\u00e9curit\u00e9. Produkty Akuku - odpowiednie dla mam i niemowl\u0105t!","breadcrumb":{"@id":"https:\/\/akuku.com.pl\/fr\/catalogue-de-produits\/soins\/accessoires-de-peuriculture\/lingettes-humides-a-99-deau\/batonnets-bebes-embout-securite\/#breadcrumb"},"inLanguage":"fr-FR","potentialAction":[{"@type":"ReadAction","target":["https:\/\/akuku.com.pl\/fr\/catalogue-de-produits\/soins\/accessoires-de-peuriculture\/lingettes-humides-a-99-deau\/batonnets-bebes-embout-securite\/"]}]},{"@type":"ImageObject","inLanguage":"fr-FR","@id":"https:\/\/akuku.com.pl\/fr\/catalogue-de-produits\/soins\/accessoires-de-peuriculture\/lingettes-humides-a-99-deau\/batonnets-bebes-embout-securite\/#primaryimage","url":"https:\/\/akuku.com.pl\/wp-content\/uploads\/2025\/10\/A0710.jpg","contentUrl":"https:\/\/akuku.com.pl\/wp-content\/uploads\/2025\/10\/A0710.jpg","width":1000,"height":1000,"caption":"patyczki higieniczne dla niemowl\u0105t"},{"@type":"BreadcrumbList","@id":"https:\/\/akuku.com.pl\/fr\/catalogue-de-produits\/soins\/accessoires-de-peuriculture\/lingettes-humides-a-99-deau\/batonnets-bebes-embout-securite\/#breadcrumb","itemListElement":[{"@type":"ListItem","position":1,"name":"Strona g\u0142\u00f3wna","item":"https:\/\/akuku.com.pl\/fr\/"},{"@type":"ListItem","position":2,"name":"Boutique","item":"https:\/\/akuku.com.pl\/wszystkie-produkty\/"},{"@type":"ListItem","position":3,"name":"B\u00e2tonnets b\u00e9b\u00e9s embout s\u00e9curit\u00e9"}]},{"@type":"WebSite","@id":"https:\/\/akuku.com.pl\/fr\/#website","url":"https:\/\/akuku.com.pl\/fr\/","name":"Akuku.com.pl","description":"","publisher":{"@id":"https:\/\/akuku.com.pl\/fr\/#organization"},"potentialAction":[{"@type":"SearchAction","target":{"@type":"EntryPoint","urlTemplate":"https:\/\/akuku.com.pl\/fr\/?s={search_term_string}"},"query-input":{"@type":"PropertyValueSpecification","valueRequired":true,"valueName":"search_term_string"}}],"inLanguage":"fr-FR"},{"@type":"Organization","@id":"https:\/\/akuku.com.pl\/fr\/#organization","name":"Akuku.com.pl","url":"https:\/\/akuku.com.pl\/fr\/","logo":{"@type":"ImageObject","inLanguage":"fr-FR","@id":"https:\/\/akuku.com.pl\/fr\/#\/schema\/logo\/image\/","url":"https:\/\/akuku.com.pl\/wp-content\/uploads\/2024\/04\/akuku-logo.svg","contentUrl":"https:\/\/akuku.com.pl\/wp-content\/uploads\/2024\/04\/akuku-logo.svg","width":114,"height":50,"caption":"Akuku.com.pl"},"image":{"@id":"https:\/\/akuku.com.pl\/fr\/#\/schema\/logo\/image\/"},"sameAs":["https:\/\/www.facebook.com\/markaAKUKU"]}]}},"_links":{"self":[{"href":"https:\/\/akuku.com.pl\/fr\/wp-json\/wp\/v2\/product\/17237","targetHints":{"allow":["GET"]}}],"collection":[{"href":"https:\/\/akuku.com.pl\/fr\/wp-json\/wp\/v2\/product"}],"about":[{"href":"https:\/\/akuku.com.pl\/fr\/wp-json\/wp\/v2\/types\/product"}],"wp:featuredmedia":[{"embeddable":true,"href":"https:\/\/akuku.com.pl\/fr\/wp-json\/wp\/v2\/media\/17240"}],"wp:attachment":[{"href":"https:\/\/akuku.com.pl\/fr\/wp-json\/wp\/v2\/media?parent=17237"}],"wp:term":[{"taxonomy":"product_cat","embeddable":true,"href":"https:\/\/akuku.com.pl\/fr\/wp-json\/wp\/v2\/product_cat?post=17237"},{"taxonomy":"product_tag","embeddable":true,"href":"https:\/\/akuku.com.pl\/fr\/wp-json\/wp\/v2\/product_tag?post=17237"}],"curies":[{"name":"wp","href":"https:\/\/api.w.org\/{rel}","templated":true}]}}