{"id":17086,"date":"2025-10-08T11:59:10","date_gmt":"2025-10-08T09:59:10","guid":{"rendered":"https:\/\/akuku.com.pl\/?post_type=product&#038;p=17086"},"modified":"2025-10-08T12:07:58","modified_gmt":"2025-10-08T10:07:58","slug":"livre-de-bain-educatif-kopia","status":"publish","type":"product","link":"https:\/\/akuku.com.pl\/fr\/catalogue-de-produits\/amusement-et-education\/jouets-sensoriels-et-educatifis\/livre-de-bain-educatif-kopia\/","title":{"rendered":"Livre de bain \u00e9ducatif"},"content":{"rendered":"<div class=\"textWrap\">\n<p>&nbsp;<\/p>\n<p>Notre livre fait decouvrir \u00e0 votre enfant les couleurs, les animaux et la nature. <strong>Il lui permettra de developer sa cr\u00e9ativit\u00e9 et sa concentration.<\/strong> Tout, dont vous avez besoin c&rsquo;est d&rsquo;un peu d&rsquo;eau, de vos mains ou d&rsquo;un pinceau et votre tout-petit peindra tout seul et les tableaux deviendront color\u00e9s. Il n&rsquo;y a pas de fin \u00e0 la cr\u00e9ativit\u00e9 !<\/p>\n<p>Apr\u00e8s s\u00e9chage, gr\u00e2ce aux couleurs qui disparaissent, vous pouvez recommencer \u00e0 jouer encore et encore, ind\u00e9finiment. Les images sont s\u00e9lectionn\u00e9es en fonction de l&rsquo;\u00e2ge de l&rsquo;enfant et d\u00e9veloppent la connaissance du monde des animaux.<\/p>\n<p><strong>Le livre ne contient aucune mati\u00e8re dang\u00e9reuse \u00e0 la sant\u00e9 humaine.<\/strong> Il stimule chez l\u2019enfant la perspicacit\u00e9, la motricit\u00e9 fine, la m\u00e9moire, la concentration et l&rsquo;envie d&rsquo;explorer. Agr\u00e9able au toucher, doux, ce livre est en m\u00eame temps r\u00e9sistant et imperm\u00e9able.<\/p>\n<p>&nbsp;<\/p>\n<p><strong>Avantages les plus importants de notre petit livre magique :<\/strong><\/p>\n<p>&#8211; favorise la cr\u00e9ativit\u00e9,<\/p>\n<p>&#8211; d\u00e9veloppe la m\u00e9moire, la concentration et la motricit\u00e9 fine,<\/p>\n<p>&#8211; stimule l&rsquo;envie de d\u00e9couvrir et d&rsquo;exp\u00e9rimenter,<\/p>\n<p>&#8211; renforce la perception et l&rsquo;imagination.<\/p>\n<p>&nbsp;<\/p>\n<p><strong>Sp\u00e9cifications techniques:<\/strong><\/p>\n<p>&#8211; contient 10 pages d\u2019images,<\/p>\n<p>&#8211; imperm\u00e9able, facile \u00e0 nettoyer,<\/p>\n<p>&#8211; ne contient pas de phtalates, de PVC, de BPA ni aucune substance nocive,<\/p>\n<p>&#8211; s\u00e9chage environ 20 minutes,<\/p>\n<p>&#8211; dimensions: 15 x 15 cm,<\/p>\n<p>&#8211; poids: 0,056 kgs,<\/p>\n<p>&#8211; pour les enfants \u00e0 partir de 6 mois,<\/p>\n<p>&#8211; con\u00e7u dans l\u2019UE (Pologne).<\/p>\n<p>&nbsp;<\/p>\n<p>CODE EAN: 5907644007080<\/p>\n<\/div>\n","protected":false},"excerpt":{"rendered":"<p>&nbsp; Notre livre fait decouvrir \u00e0 votre enfant les couleurs, les animaux et la nature. Il lui permettra de developer sa cr\u00e9ativit\u00e9 et sa concentration. Tout, dont vous avez besoin c&rsquo;est d&rsquo;un peu d&rsquo;eau, de vos mains ou d&rsquo;un pinceau et votre tout-petit peindra tout seul et les tableaux deviendront color\u00e9s. Il n&rsquo;y a pas [&hellip;]<\/p>\n","protected":false},"featured_media":17089,"template":"","meta":[],"product_cat":[3474,3501,3477],"product_tag":[],"class_list":{"0":"post-17086","1":"product","2":"type-product","3":"status-publish","4":"has-post-thumbnail","6":"product_cat-amusement-et-education","7":"product_cat-bain","8":"product_cat-jouets-sensoriels-et-educatifis","10":"first","11":"instock","12":"shipping-taxable","13":"product-type-simple"},"yoast_head":"<!-- This site is optimized with the Yoast SEO plugin v26.2 - https:\/\/yoast.com\/wordpress\/plugins\/seo\/ -->\n<title>Livre de bain \u00e9ducatif - Akuku<\/title>\n<meta name=\"description\" content=\"Sprawd\u017a nasz produkt: Livre de bain \u00e9ducatif. Produkty Akuku - odpowiednie dla mam i niemowl\u0105t!\" \/>\n<meta name=\"robots\" content=\"index, follow, max-snippet:-1, max-image-preview:large, max-video-preview:-1\" \/>\n<link rel=\"canonical\" href=\"https:\/\/akuku.com.pl\/fr\/catalogue-de-produits\/amusement-et-education\/jouets-sensoriels-et-educatifis\/livre-de-bain-educatif-kopia\/\" \/>\n<meta property=\"og:locale\" content=\"fr_FR\" \/>\n<meta property=\"og:type\" content=\"article\" \/>\n<meta property=\"og:title\" content=\"Livre de bain \u00e9ducatif - Akuku\" \/>\n<meta property=\"og:description\" content=\"Sprawd\u017a nasz produkt: Livre de bain \u00e9ducatif. Produkty Akuku - odpowiednie dla mam i niemowl\u0105t!\" \/>\n<meta property=\"og:url\" content=\"https:\/\/akuku.com.pl\/fr\/catalogue-de-produits\/amusement-et-education\/jouets-sensoriels-et-educatifis\/livre-de-bain-educatif-kopia\/\" \/>\n<meta property=\"og:site_name\" content=\"Akuku\" \/>\n<meta property=\"article:publisher\" content=\"https:\/\/www.facebook.com\/markaAKUKU\" \/>\n<meta property=\"article:modified_time\" content=\"2025-10-08T10:07:58+00:00\" \/>\n<meta property=\"og:image\" content=\"https:\/\/akuku.com.pl\/wp-content\/uploads\/2025\/10\/A0708.jpg\" \/>\n\t<meta property=\"og:image:width\" content=\"1000\" \/>\n\t<meta property=\"og:image:height\" content=\"1000\" \/>\n\t<meta property=\"og:image:type\" content=\"image\/jpeg\" \/>\n<meta name=\"twitter:card\" content=\"summary_large_image\" \/>\n<meta name=\"twitter:label1\" content=\"Dur\u00e9e de lecture estim\u00e9e\" \/>\n\t<meta name=\"twitter:data1\" content=\"1 minute\" \/>\n<script type=\"application\/ld+json\" class=\"yoast-schema-graph\">{\"@context\":\"https:\/\/schema.org\",\"@graph\":[{\"@type\":\"WebPage\",\"@id\":\"https:\/\/akuku.com.pl\/fr\/catalogue-de-produits\/amusement-et-education\/jouets-sensoriels-et-educatifis\/livre-de-bain-educatif-kopia\/\",\"url\":\"https:\/\/akuku.com.pl\/fr\/catalogue-de-produits\/amusement-et-education\/jouets-sensoriels-et-educatifis\/livre-de-bain-educatif-kopia\/\",\"name\":\"Livre de bain \u00e9ducatif - Akuku\",\"isPartOf\":{\"@id\":\"https:\/\/akuku.com.pl\/fr\/#website\"},\"primaryImageOfPage\":{\"@id\":\"https:\/\/akuku.com.pl\/fr\/catalogue-de-produits\/amusement-et-education\/jouets-sensoriels-et-educatifis\/livre-de-bain-educatif-kopia\/#primaryimage\"},\"image\":{\"@id\":\"https:\/\/akuku.com.pl\/fr\/catalogue-de-produits\/amusement-et-education\/jouets-sensoriels-et-educatifis\/livre-de-bain-educatif-kopia\/#primaryimage\"},\"thumbnailUrl\":\"https:\/\/akuku.com.pl\/wp-content\/uploads\/2025\/10\/A0708.jpg\",\"datePublished\":\"2025-10-08T09:59:10+00:00\",\"dateModified\":\"2025-10-08T10:07:58+00:00\",\"description\":\"Sprawd\u017a nasz produkt: Livre de bain \u00e9ducatif. Produkty Akuku - odpowiednie dla mam i niemowl\u0105t!\",\"breadcrumb\":{\"@id\":\"https:\/\/akuku.com.pl\/fr\/catalogue-de-produits\/amusement-et-education\/jouets-sensoriels-et-educatifis\/livre-de-bain-educatif-kopia\/#breadcrumb\"},\"inLanguage\":\"fr-FR\",\"potentialAction\":[{\"@type\":\"ReadAction\",\"target\":[\"https:\/\/akuku.com.pl\/fr\/catalogue-de-produits\/amusement-et-education\/jouets-sensoriels-et-educatifis\/livre-de-bain-educatif-kopia\/\"]}]},{\"@type\":\"ImageObject\",\"inLanguage\":\"fr-FR\",\"@id\":\"https:\/\/akuku.com.pl\/fr\/catalogue-de-produits\/amusement-et-education\/jouets-sensoriels-et-educatifis\/livre-de-bain-educatif-kopia\/#primaryimage\",\"url\":\"https:\/\/akuku.com.pl\/wp-content\/uploads\/2025\/10\/A0708.jpg\",\"contentUrl\":\"https:\/\/akuku.com.pl\/wp-content\/uploads\/2025\/10\/A0708.jpg\",\"width\":1000,\"height\":1000},{\"@type\":\"BreadcrumbList\",\"@id\":\"https:\/\/akuku.com.pl\/fr\/catalogue-de-produits\/amusement-et-education\/jouets-sensoriels-et-educatifis\/livre-de-bain-educatif-kopia\/#breadcrumb\",\"itemListElement\":[{\"@type\":\"ListItem\",\"position\":1,\"name\":\"Strona g\u0142\u00f3wna\",\"item\":\"https:\/\/akuku.com.pl\/fr\/\"},{\"@type\":\"ListItem\",\"position\":2,\"name\":\"Boutique\",\"item\":\"https:\/\/akuku.com.pl\/wszystkie-produkty\/\"},{\"@type\":\"ListItem\",\"position\":3,\"name\":\"Livre de bain \u00e9ducatif\"}]},{\"@type\":\"WebSite\",\"@id\":\"https:\/\/akuku.com.pl\/fr\/#website\",\"url\":\"https:\/\/akuku.com.pl\/fr\/\",\"name\":\"Akuku.com.pl\",\"description\":\"\",\"publisher\":{\"@id\":\"https:\/\/akuku.com.pl\/fr\/#organization\"},\"potentialAction\":[{\"@type\":\"SearchAction\",\"target\":{\"@type\":\"EntryPoint\",\"urlTemplate\":\"https:\/\/akuku.com.pl\/fr\/?s={search_term_string}\"},\"query-input\":{\"@type\":\"PropertyValueSpecification\",\"valueRequired\":true,\"valueName\":\"search_term_string\"}}],\"inLanguage\":\"fr-FR\"},{\"@type\":\"Organization\",\"@id\":\"https:\/\/akuku.com.pl\/fr\/#organization\",\"name\":\"Akuku.com.pl\",\"url\":\"https:\/\/akuku.com.pl\/fr\/\",\"logo\":{\"@type\":\"ImageObject\",\"inLanguage\":\"fr-FR\",\"@id\":\"https:\/\/akuku.com.pl\/fr\/#\/schema\/logo\/image\/\",\"url\":\"https:\/\/akuku.com.pl\/wp-content\/uploads\/2024\/04\/akuku-logo.svg\",\"contentUrl\":\"https:\/\/akuku.com.pl\/wp-content\/uploads\/2024\/04\/akuku-logo.svg\",\"width\":114,\"height\":50,\"caption\":\"Akuku.com.pl\"},\"image\":{\"@id\":\"https:\/\/akuku.com.pl\/fr\/#\/schema\/logo\/image\/\"},\"sameAs\":[\"https:\/\/www.facebook.com\/markaAKUKU\"]}]}<\/script>\n<!-- \/ Yoast SEO plugin. -->","yoast_head_json":{"title":"Livre de bain \u00e9ducatif - Akuku","description":"Sprawd\u017a nasz produkt: Livre de bain \u00e9ducatif. Produkty Akuku - odpowiednie dla mam i niemowl\u0105t!","robots":{"index":"index","follow":"follow","max-snippet":"max-snippet:-1","max-image-preview":"max-image-preview:large","max-video-preview":"max-video-preview:-1"},"canonical":"https:\/\/akuku.com.pl\/fr\/catalogue-de-produits\/amusement-et-education\/jouets-sensoriels-et-educatifis\/livre-de-bain-educatif-kopia\/","og_locale":"fr_FR","og_type":"article","og_title":"Livre de bain \u00e9ducatif - Akuku","og_description":"Sprawd\u017a nasz produkt: Livre de bain \u00e9ducatif. Produkty Akuku - odpowiednie dla mam i niemowl\u0105t!","og_url":"https:\/\/akuku.com.pl\/fr\/catalogue-de-produits\/amusement-et-education\/jouets-sensoriels-et-educatifis\/livre-de-bain-educatif-kopia\/","og_site_name":"Akuku","article_publisher":"https:\/\/www.facebook.com\/markaAKUKU","article_modified_time":"2025-10-08T10:07:58+00:00","og_image":[{"width":1000,"height":1000,"url":"https:\/\/akuku.com.pl\/wp-content\/uploads\/2025\/10\/A0708.jpg","type":"image\/jpeg"}],"twitter_card":"summary_large_image","twitter_misc":{"Dur\u00e9e de lecture estim\u00e9e":"1 minute"},"schema":{"@context":"https:\/\/schema.org","@graph":[{"@type":"WebPage","@id":"https:\/\/akuku.com.pl\/fr\/catalogue-de-produits\/amusement-et-education\/jouets-sensoriels-et-educatifis\/livre-de-bain-educatif-kopia\/","url":"https:\/\/akuku.com.pl\/fr\/catalogue-de-produits\/amusement-et-education\/jouets-sensoriels-et-educatifis\/livre-de-bain-educatif-kopia\/","name":"Livre de bain \u00e9ducatif - Akuku","isPartOf":{"@id":"https:\/\/akuku.com.pl\/fr\/#website"},"primaryImageOfPage":{"@id":"https:\/\/akuku.com.pl\/fr\/catalogue-de-produits\/amusement-et-education\/jouets-sensoriels-et-educatifis\/livre-de-bain-educatif-kopia\/#primaryimage"},"image":{"@id":"https:\/\/akuku.com.pl\/fr\/catalogue-de-produits\/amusement-et-education\/jouets-sensoriels-et-educatifis\/livre-de-bain-educatif-kopia\/#primaryimage"},"thumbnailUrl":"https:\/\/akuku.com.pl\/wp-content\/uploads\/2025\/10\/A0708.jpg","datePublished":"2025-10-08T09:59:10+00:00","dateModified":"2025-10-08T10:07:58+00:00","description":"Sprawd\u017a nasz produkt: Livre de bain \u00e9ducatif. Produkty Akuku - odpowiednie dla mam i niemowl\u0105t!","breadcrumb":{"@id":"https:\/\/akuku.com.pl\/fr\/catalogue-de-produits\/amusement-et-education\/jouets-sensoriels-et-educatifis\/livre-de-bain-educatif-kopia\/#breadcrumb"},"inLanguage":"fr-FR","potentialAction":[{"@type":"ReadAction","target":["https:\/\/akuku.com.pl\/fr\/catalogue-de-produits\/amusement-et-education\/jouets-sensoriels-et-educatifis\/livre-de-bain-educatif-kopia\/"]}]},{"@type":"ImageObject","inLanguage":"fr-FR","@id":"https:\/\/akuku.com.pl\/fr\/catalogue-de-produits\/amusement-et-education\/jouets-sensoriels-et-educatifis\/livre-de-bain-educatif-kopia\/#primaryimage","url":"https:\/\/akuku.com.pl\/wp-content\/uploads\/2025\/10\/A0708.jpg","contentUrl":"https:\/\/akuku.com.pl\/wp-content\/uploads\/2025\/10\/A0708.jpg","width":1000,"height":1000},{"@type":"BreadcrumbList","@id":"https:\/\/akuku.com.pl\/fr\/catalogue-de-produits\/amusement-et-education\/jouets-sensoriels-et-educatifis\/livre-de-bain-educatif-kopia\/#breadcrumb","itemListElement":[{"@type":"ListItem","position":1,"name":"Strona g\u0142\u00f3wna","item":"https:\/\/akuku.com.pl\/fr\/"},{"@type":"ListItem","position":2,"name":"Boutique","item":"https:\/\/akuku.com.pl\/wszystkie-produkty\/"},{"@type":"ListItem","position":3,"name":"Livre de bain \u00e9ducatif"}]},{"@type":"WebSite","@id":"https:\/\/akuku.com.pl\/fr\/#website","url":"https:\/\/akuku.com.pl\/fr\/","name":"Akuku.com.pl","description":"","publisher":{"@id":"https:\/\/akuku.com.pl\/fr\/#organization"},"potentialAction":[{"@type":"SearchAction","target":{"@type":"EntryPoint","urlTemplate":"https:\/\/akuku.com.pl\/fr\/?s={search_term_string}"},"query-input":{"@type":"PropertyValueSpecification","valueRequired":true,"valueName":"search_term_string"}}],"inLanguage":"fr-FR"},{"@type":"Organization","@id":"https:\/\/akuku.com.pl\/fr\/#organization","name":"Akuku.com.pl","url":"https:\/\/akuku.com.pl\/fr\/","logo":{"@type":"ImageObject","inLanguage":"fr-FR","@id":"https:\/\/akuku.com.pl\/fr\/#\/schema\/logo\/image\/","url":"https:\/\/akuku.com.pl\/wp-content\/uploads\/2024\/04\/akuku-logo.svg","contentUrl":"https:\/\/akuku.com.pl\/wp-content\/uploads\/2024\/04\/akuku-logo.svg","width":114,"height":50,"caption":"Akuku.com.pl"},"image":{"@id":"https:\/\/akuku.com.pl\/fr\/#\/schema\/logo\/image\/"},"sameAs":["https:\/\/www.facebook.com\/markaAKUKU"]}]}},"_links":{"self":[{"href":"https:\/\/akuku.com.pl\/fr\/wp-json\/wp\/v2\/product\/17086","targetHints":{"allow":["GET"]}}],"collection":[{"href":"https:\/\/akuku.com.pl\/fr\/wp-json\/wp\/v2\/product"}],"about":[{"href":"https:\/\/akuku.com.pl\/fr\/wp-json\/wp\/v2\/types\/product"}],"wp:featuredmedia":[{"embeddable":true,"href":"https:\/\/akuku.com.pl\/fr\/wp-json\/wp\/v2\/media\/17089"}],"wp:attachment":[{"href":"https:\/\/akuku.com.pl\/fr\/wp-json\/wp\/v2\/media?parent=17086"}],"wp:term":[{"taxonomy":"product_cat","embeddable":true,"href":"https:\/\/akuku.com.pl\/fr\/wp-json\/wp\/v2\/product_cat?post=17086"},{"taxonomy":"product_tag","embeddable":true,"href":"https:\/\/akuku.com.pl\/fr\/wp-json\/wp\/v2\/product_tag?post=17086"}],"curies":[{"name":"wp","href":"https:\/\/api.w.org\/{rel}","templated":true}]}}