{"id":16928,"date":"2025-08-08T12:40:44","date_gmt":"2025-08-08T10:40:44","guid":{"rendered":"https:\/\/akuku.com.pl\/?post_type=product&#038;p=16928"},"modified":"2025-08-08T13:00:37","modified_gmt":"2025-08-08T11:00:37","slug":"proteges-mamelons-2","status":"publish","type":"product","link":"https:\/\/akuku.com.pl\/fr\/catalogue-de-produits\/pour-maman\/allaitement\/accessoires-dallaitement\/proteges-mamelons-2\/","title":{"rendered":"Prot\u00e8ges-mamelons \/ M"},"content":{"rendered":"<div class=\"textWrap\">\n<p>&nbsp;<\/p>\n<p style=\"text-align: left;\">Fabriqu\u00e9s en silicone doux et ultra fin, nos prot\u00e8ges-mamelons couvrent vos mamelons douloureux et fissur\u00e9s et acc\u00e9l\u00e8rent leur gu\u00e9rison, permettant un allaitement sans douleur.<br \/>\nLa forme anatomique profil\u00e9e s&rsquo;adapte parfaitement \u00e0 la forme de la poitrine.<br \/>\nCe produit donne \u00e0 votre b\u00e9b\u00e9 la sensation d&rsquo;une alimentation naturelle.<br \/>\nLe silicone n&rsquo;a ni go\u00fbt ni odeur, il n&rsquo;affecte donc pas le go\u00fbt du lait.<br \/>\nLes prot\u00e8ges-mamelons sont emball\u00e9es dans un \u00e9tui en plastique, ce qui facilite leur nettoyage.<br \/>\nIls ne contiennent pas de bisph\u00e9nol A (0% BPA).<\/p>\n<p>Diam\u00e8tre du trou du mamelon (\u00e0 la partie la plus large) : 15,10 mm<\/p>\n<p style=\"text-align: left;\">Le paquet contient 2 pi\u00e8ces.<\/p>\n<p>&nbsp;<\/p>\n<p><img decoding=\"async\" src=\"https:\/\/akuku.com.pl\/wp-content\/uploads\/2024\/09\/BPA-Free-logo-png_1.png\" alt=\"\" \/><\/p>\n<\/div>\n<p>&nbsp;<\/p>\n<p>&nbsp;<\/p>\n<p>EAN: 5907644006984<\/p>\n","protected":false},"excerpt":{"rendered":"<p>&nbsp; Fabriqu\u00e9s en silicone doux et ultra fin, nos prot\u00e8ges-mamelons couvrent vos mamelons douloureux et fissur\u00e9s et acc\u00e9l\u00e8rent leur gu\u00e9rison, permettant un allaitement sans douleur. La forme anatomique profil\u00e9e s&rsquo;adapte parfaitement \u00e0 la forme de la poitrine. Ce produit donne \u00e0 votre b\u00e9b\u00e9 la sensation d&rsquo;une alimentation naturelle. Le silicone n&rsquo;a ni go\u00fbt ni odeur, [&hellip;]<\/p>\n","protected":false},"featured_media":16940,"template":"","meta":[],"product_cat":[3317,3319,3323],"product_tag":[],"class_list":{"0":"post-16928","1":"product","2":"type-product","3":"status-publish","4":"has-post-thumbnail","6":"product_cat-pour-maman","7":"product_cat-allaitement","8":"product_cat-accessoires-dallaitement","10":"first","11":"instock","12":"shipping-taxable","13":"product-type-simple"},"yoast_head":"<!-- This site is optimized with the Yoast SEO plugin v26.2 - https:\/\/yoast.com\/wordpress\/plugins\/seo\/ -->\n<title>Prot\u00e8ges-mamelons \/ M - Akuku<\/title>\n<meta name=\"description\" content=\"Sprawd\u017a nasz produkt: Prot\u00e8ges-mamelons \/ M. Produkty Akuku - odpowiednie dla mam i niemowl\u0105t!\" \/>\n<meta name=\"robots\" content=\"index, follow, max-snippet:-1, max-image-preview:large, max-video-preview:-1\" \/>\n<link rel=\"canonical\" href=\"https:\/\/akuku.com.pl\/fr\/catalogue-de-produits\/pour-maman\/allaitement\/accessoires-dallaitement\/proteges-mamelons-2\/\" \/>\n<meta property=\"og:locale\" content=\"fr_FR\" \/>\n<meta property=\"og:type\" content=\"article\" \/>\n<meta property=\"og:title\" content=\"Prot\u00e8ges-mamelons \/ M - Akuku\" \/>\n<meta property=\"og:description\" content=\"Sprawd\u017a nasz produkt: Prot\u00e8ges-mamelons \/ M. Produkty Akuku - odpowiednie dla mam i niemowl\u0105t!\" \/>\n<meta property=\"og:url\" content=\"https:\/\/akuku.com.pl\/fr\/catalogue-de-produits\/pour-maman\/allaitement\/accessoires-dallaitement\/proteges-mamelons-2\/\" \/>\n<meta property=\"og:site_name\" content=\"Akuku\" \/>\n<meta property=\"article:publisher\" content=\"https:\/\/www.facebook.com\/markaAKUKU\" \/>\n<meta property=\"article:modified_time\" content=\"2025-08-08T11:00:37+00:00\" \/>\n<meta property=\"og:image\" content=\"https:\/\/akuku.com.pl\/wp-content\/uploads\/2025\/08\/A0698_1-scaled.jpg\" \/>\n\t<meta property=\"og:image:width\" content=\"2560\" \/>\n\t<meta property=\"og:image:height\" content=\"2560\" \/>\n\t<meta property=\"og:image:type\" content=\"image\/jpeg\" \/>\n<meta name=\"twitter:card\" content=\"summary_large_image\" \/>\n<meta name=\"twitter:label1\" content=\"Dur\u00e9e de lecture estim\u00e9e\" \/>\n\t<meta name=\"twitter:data1\" content=\"1 minute\" \/>\n<script type=\"application\/ld+json\" class=\"yoast-schema-graph\">{\"@context\":\"https:\/\/schema.org\",\"@graph\":[{\"@type\":\"WebPage\",\"@id\":\"https:\/\/akuku.com.pl\/fr\/catalogue-de-produits\/pour-maman\/allaitement\/accessoires-dallaitement\/proteges-mamelons-2\/\",\"url\":\"https:\/\/akuku.com.pl\/fr\/catalogue-de-produits\/pour-maman\/allaitement\/accessoires-dallaitement\/proteges-mamelons-2\/\",\"name\":\"Prot\u00e8ges-mamelons \/ M - Akuku\",\"isPartOf\":{\"@id\":\"https:\/\/akuku.com.pl\/fr\/#website\"},\"primaryImageOfPage\":{\"@id\":\"https:\/\/akuku.com.pl\/fr\/catalogue-de-produits\/pour-maman\/allaitement\/accessoires-dallaitement\/proteges-mamelons-2\/#primaryimage\"},\"image\":{\"@id\":\"https:\/\/akuku.com.pl\/fr\/catalogue-de-produits\/pour-maman\/allaitement\/accessoires-dallaitement\/proteges-mamelons-2\/#primaryimage\"},\"thumbnailUrl\":\"https:\/\/akuku.com.pl\/wp-content\/uploads\/2025\/08\/A0698-scaled.jpg\",\"datePublished\":\"2025-08-08T10:40:44+00:00\",\"dateModified\":\"2025-08-08T11:00:37+00:00\",\"description\":\"Sprawd\u017a nasz produkt: Prot\u00e8ges-mamelons \/ M. Produkty Akuku - odpowiednie dla mam i niemowl\u0105t!\",\"breadcrumb\":{\"@id\":\"https:\/\/akuku.com.pl\/fr\/catalogue-de-produits\/pour-maman\/allaitement\/accessoires-dallaitement\/proteges-mamelons-2\/#breadcrumb\"},\"inLanguage\":\"fr-FR\",\"potentialAction\":[{\"@type\":\"ReadAction\",\"target\":[\"https:\/\/akuku.com.pl\/fr\/catalogue-de-produits\/pour-maman\/allaitement\/accessoires-dallaitement\/proteges-mamelons-2\/\"]}]},{\"@type\":\"ImageObject\",\"inLanguage\":\"fr-FR\",\"@id\":\"https:\/\/akuku.com.pl\/fr\/catalogue-de-produits\/pour-maman\/allaitement\/accessoires-dallaitement\/proteges-mamelons-2\/#primaryimage\",\"url\":\"https:\/\/akuku.com.pl\/wp-content\/uploads\/2025\/08\/A0698-scaled.jpg\",\"contentUrl\":\"https:\/\/akuku.com.pl\/wp-content\/uploads\/2025\/08\/A0698-scaled.jpg\",\"width\":2560,\"height\":2560,\"caption\":\"Silikonowe os\u0142onki piersi 2szt\"},{\"@type\":\"BreadcrumbList\",\"@id\":\"https:\/\/akuku.com.pl\/fr\/catalogue-de-produits\/pour-maman\/allaitement\/accessoires-dallaitement\/proteges-mamelons-2\/#breadcrumb\",\"itemListElement\":[{\"@type\":\"ListItem\",\"position\":1,\"name\":\"Strona g\u0142\u00f3wna\",\"item\":\"https:\/\/akuku.com.pl\/fr\/\"},{\"@type\":\"ListItem\",\"position\":2,\"name\":\"Boutique\",\"item\":\"https:\/\/akuku.com.pl\/wszystkie-produkty\/\"},{\"@type\":\"ListItem\",\"position\":3,\"name\":\"Prot\u00e8ges-mamelons \/ M\"}]},{\"@type\":\"WebSite\",\"@id\":\"https:\/\/akuku.com.pl\/fr\/#website\",\"url\":\"https:\/\/akuku.com.pl\/fr\/\",\"name\":\"Akuku.com.pl\",\"description\":\"\",\"publisher\":{\"@id\":\"https:\/\/akuku.com.pl\/fr\/#organization\"},\"potentialAction\":[{\"@type\":\"SearchAction\",\"target\":{\"@type\":\"EntryPoint\",\"urlTemplate\":\"https:\/\/akuku.com.pl\/fr\/?s={search_term_string}\"},\"query-input\":{\"@type\":\"PropertyValueSpecification\",\"valueRequired\":true,\"valueName\":\"search_term_string\"}}],\"inLanguage\":\"fr-FR\"},{\"@type\":\"Organization\",\"@id\":\"https:\/\/akuku.com.pl\/fr\/#organization\",\"name\":\"Akuku.com.pl\",\"url\":\"https:\/\/akuku.com.pl\/fr\/\",\"logo\":{\"@type\":\"ImageObject\",\"inLanguage\":\"fr-FR\",\"@id\":\"https:\/\/akuku.com.pl\/fr\/#\/schema\/logo\/image\/\",\"url\":\"https:\/\/akuku.com.pl\/wp-content\/uploads\/2024\/04\/akuku-logo.svg\",\"contentUrl\":\"https:\/\/akuku.com.pl\/wp-content\/uploads\/2024\/04\/akuku-logo.svg\",\"width\":114,\"height\":50,\"caption\":\"Akuku.com.pl\"},\"image\":{\"@id\":\"https:\/\/akuku.com.pl\/fr\/#\/schema\/logo\/image\/\"},\"sameAs\":[\"https:\/\/www.facebook.com\/markaAKUKU\"]}]}<\/script>\n<!-- \/ Yoast SEO plugin. -->","yoast_head_json":{"title":"Prot\u00e8ges-mamelons \/ M - Akuku","description":"Sprawd\u017a nasz produkt: Prot\u00e8ges-mamelons \/ M. Produkty Akuku - odpowiednie dla mam i niemowl\u0105t!","robots":{"index":"index","follow":"follow","max-snippet":"max-snippet:-1","max-image-preview":"max-image-preview:large","max-video-preview":"max-video-preview:-1"},"canonical":"https:\/\/akuku.com.pl\/fr\/catalogue-de-produits\/pour-maman\/allaitement\/accessoires-dallaitement\/proteges-mamelons-2\/","og_locale":"fr_FR","og_type":"article","og_title":"Prot\u00e8ges-mamelons \/ M - Akuku","og_description":"Sprawd\u017a nasz produkt: Prot\u00e8ges-mamelons \/ M. Produkty Akuku - odpowiednie dla mam i niemowl\u0105t!","og_url":"https:\/\/akuku.com.pl\/fr\/catalogue-de-produits\/pour-maman\/allaitement\/accessoires-dallaitement\/proteges-mamelons-2\/","og_site_name":"Akuku","article_publisher":"https:\/\/www.facebook.com\/markaAKUKU","article_modified_time":"2025-08-08T11:00:37+00:00","og_image":[{"width":2560,"height":2560,"url":"https:\/\/akuku.com.pl\/wp-content\/uploads\/2025\/08\/A0698_1-scaled.jpg","type":"image\/jpeg"}],"twitter_card":"summary_large_image","twitter_misc":{"Dur\u00e9e de lecture estim\u00e9e":"1 minute"},"schema":{"@context":"https:\/\/schema.org","@graph":[{"@type":"WebPage","@id":"https:\/\/akuku.com.pl\/fr\/catalogue-de-produits\/pour-maman\/allaitement\/accessoires-dallaitement\/proteges-mamelons-2\/","url":"https:\/\/akuku.com.pl\/fr\/catalogue-de-produits\/pour-maman\/allaitement\/accessoires-dallaitement\/proteges-mamelons-2\/","name":"Prot\u00e8ges-mamelons \/ M - Akuku","isPartOf":{"@id":"https:\/\/akuku.com.pl\/fr\/#website"},"primaryImageOfPage":{"@id":"https:\/\/akuku.com.pl\/fr\/catalogue-de-produits\/pour-maman\/allaitement\/accessoires-dallaitement\/proteges-mamelons-2\/#primaryimage"},"image":{"@id":"https:\/\/akuku.com.pl\/fr\/catalogue-de-produits\/pour-maman\/allaitement\/accessoires-dallaitement\/proteges-mamelons-2\/#primaryimage"},"thumbnailUrl":"https:\/\/akuku.com.pl\/wp-content\/uploads\/2025\/08\/A0698-scaled.jpg","datePublished":"2025-08-08T10:40:44+00:00","dateModified":"2025-08-08T11:00:37+00:00","description":"Sprawd\u017a nasz produkt: Prot\u00e8ges-mamelons \/ M. Produkty Akuku - odpowiednie dla mam i niemowl\u0105t!","breadcrumb":{"@id":"https:\/\/akuku.com.pl\/fr\/catalogue-de-produits\/pour-maman\/allaitement\/accessoires-dallaitement\/proteges-mamelons-2\/#breadcrumb"},"inLanguage":"fr-FR","potentialAction":[{"@type":"ReadAction","target":["https:\/\/akuku.com.pl\/fr\/catalogue-de-produits\/pour-maman\/allaitement\/accessoires-dallaitement\/proteges-mamelons-2\/"]}]},{"@type":"ImageObject","inLanguage":"fr-FR","@id":"https:\/\/akuku.com.pl\/fr\/catalogue-de-produits\/pour-maman\/allaitement\/accessoires-dallaitement\/proteges-mamelons-2\/#primaryimage","url":"https:\/\/akuku.com.pl\/wp-content\/uploads\/2025\/08\/A0698-scaled.jpg","contentUrl":"https:\/\/akuku.com.pl\/wp-content\/uploads\/2025\/08\/A0698-scaled.jpg","width":2560,"height":2560,"caption":"Silikonowe os\u0142onki piersi 2szt"},{"@type":"BreadcrumbList","@id":"https:\/\/akuku.com.pl\/fr\/catalogue-de-produits\/pour-maman\/allaitement\/accessoires-dallaitement\/proteges-mamelons-2\/#breadcrumb","itemListElement":[{"@type":"ListItem","position":1,"name":"Strona g\u0142\u00f3wna","item":"https:\/\/akuku.com.pl\/fr\/"},{"@type":"ListItem","position":2,"name":"Boutique","item":"https:\/\/akuku.com.pl\/wszystkie-produkty\/"},{"@type":"ListItem","position":3,"name":"Prot\u00e8ges-mamelons \/ M"}]},{"@type":"WebSite","@id":"https:\/\/akuku.com.pl\/fr\/#website","url":"https:\/\/akuku.com.pl\/fr\/","name":"Akuku.com.pl","description":"","publisher":{"@id":"https:\/\/akuku.com.pl\/fr\/#organization"},"potentialAction":[{"@type":"SearchAction","target":{"@type":"EntryPoint","urlTemplate":"https:\/\/akuku.com.pl\/fr\/?s={search_term_string}"},"query-input":{"@type":"PropertyValueSpecification","valueRequired":true,"valueName":"search_term_string"}}],"inLanguage":"fr-FR"},{"@type":"Organization","@id":"https:\/\/akuku.com.pl\/fr\/#organization","name":"Akuku.com.pl","url":"https:\/\/akuku.com.pl\/fr\/","logo":{"@type":"ImageObject","inLanguage":"fr-FR","@id":"https:\/\/akuku.com.pl\/fr\/#\/schema\/logo\/image\/","url":"https:\/\/akuku.com.pl\/wp-content\/uploads\/2024\/04\/akuku-logo.svg","contentUrl":"https:\/\/akuku.com.pl\/wp-content\/uploads\/2024\/04\/akuku-logo.svg","width":114,"height":50,"caption":"Akuku.com.pl"},"image":{"@id":"https:\/\/akuku.com.pl\/fr\/#\/schema\/logo\/image\/"},"sameAs":["https:\/\/www.facebook.com\/markaAKUKU"]}]}},"_links":{"self":[{"href":"https:\/\/akuku.com.pl\/fr\/wp-json\/wp\/v2\/product\/16928","targetHints":{"allow":["GET"]}}],"collection":[{"href":"https:\/\/akuku.com.pl\/fr\/wp-json\/wp\/v2\/product"}],"about":[{"href":"https:\/\/akuku.com.pl\/fr\/wp-json\/wp\/v2\/types\/product"}],"wp:featuredmedia":[{"embeddable":true,"href":"https:\/\/akuku.com.pl\/fr\/wp-json\/wp\/v2\/media\/16940"}],"wp:attachment":[{"href":"https:\/\/akuku.com.pl\/fr\/wp-json\/wp\/v2\/media?parent=16928"}],"wp:term":[{"taxonomy":"product_cat","embeddable":true,"href":"https:\/\/akuku.com.pl\/fr\/wp-json\/wp\/v2\/product_cat?post=16928"},{"taxonomy":"product_tag","embeddable":true,"href":"https:\/\/akuku.com.pl\/fr\/wp-json\/wp\/v2\/product_tag?post=16928"}],"curies":[{"name":"wp","href":"https:\/\/api.w.org\/{rel}","templated":true}]}}