{"id":16867,"date":"2025-07-07T09:13:10","date_gmt":"2025-07-07T07:13:10","guid":{"rendered":"https:\/\/akuku.com.pl\/?post_type=product&#038;p=16867"},"modified":"2025-07-07T09:15:50","modified_gmt":"2025-07-07T07:15:50","slug":"une-couverture-en-mousseline-2","status":"publish","type":"product","link":"https:\/\/akuku.com.pl\/fr\/catalogue-de-produits\/promenade-et-voyage\/couvertures-pour-bebe\/une-couverture-en-mousseline-2\/","title":{"rendered":"Une couverture en mousseline"},"content":{"rendered":"<p>&nbsp;<\/p>\n<p>Une couverture en mousseline est un produit indispensable dans le trousseau de maternit\u00e9 pour la m\u00e8re et son b\u00e9b\u00e9. Elle est fabriqu\u00e9e en tissu \u00e9ponge \u00e0 six couches compos\u00e9 \u00e0 100 % de coton. Extr\u00eamement respirante et douce pour la peau du b\u00e9b\u00e9. Elle peut \u00eatre utilis\u00e9e comme une cape de bain, mais surtout comme couverture pour dormir, se promener ou voyager. Sa douceur et sa l\u00e9g\u00e8ret\u00e9 sont essentielles.<br \/>\nLa couverture n\u2019irrite pas la peau sensible de l\u2019enfant. Elle ne provoque ni allergies, ni irritations, ni \u00e9ruptions cutan\u00e9es. Elle se caract\u00e9rise par une grande capacit\u00e9 d\u2019absorption, ce qui permet \u00e0 la peau du b\u00e9b\u00e9 de rester s\u00e8che.<\/p>\n<p>La mousseline est un tissu respirant. Le tissage l\u00e9ger des fibres rend le tissu a\u00e9r\u00e9.<\/p>\n<p><strong>Instructions :<\/strong><\/p>\n<p>Nous recommandons un lavage en machine \u00e0 une temp\u00e9rature maximale de 40 degr\u00e9s. Lavable \u00e0 la main. Lavez-la avec des couleurs similaires.<br \/>\nNous recommandons l\u2019utilisation de d\u00e9tergents doux, sans blanchissants ni javel.<br \/>\nUn r\u00e9tr\u00e9cissement d\u2019environ 5 % est possible apr\u00e8s lavage.<\/p>\n<p><strong>Attention !<\/strong><\/p>\n<p>Le produit doit \u00eatre v\u00e9rifi\u00e9 avant chaque utilisation. Aux premiers signes de dommage ou d\u2019usure jetez-le. Un pr\u00e9lavage est recommand\u00e9 avant la premi\u00e8re utilisation. Garder l\u2019emballage hors de port\u00e9e des enfants.<\/p>\n<p><strong>Tissu :<\/strong> 100 % coton<\/p>\n<p><strong>Dimensions :<\/strong> 110 x 105 cm (+\/- 2 cm)<\/p>\n<p>&nbsp;<\/p>\n<p><img decoding=\"async\" src=\"https:\/\/ect.h2g.pl\/akuku\/images\/0m.png\" alt=\"\" \/>\u00a0 \u00a0 <img decoding=\"async\" src=\"https:\/\/ect.h2g.pl\/akuku\/images\/03.png\" \/><\/p>\n<p>&nbsp;<\/p>\n<p>&nbsp;<\/p>\n<p>EAN: 5907644006861<\/p>\n<p>&nbsp;<\/p>\n<p>&nbsp;<\/p>\n","protected":false},"excerpt":{"rendered":"<p>&nbsp; Une couverture en mousseline est un produit indispensable dans le trousseau de maternit\u00e9 pour la m\u00e8re et son b\u00e9b\u00e9. Elle est fabriqu\u00e9e en tissu \u00e9ponge \u00e0 six couches compos\u00e9 \u00e0 100 % de coton. Extr\u00eamement respirante et douce pour la peau du b\u00e9b\u00e9. Elle peut \u00eatre utilis\u00e9e comme une cape de bain, mais surtout [&hellip;]<\/p>\n","protected":false},"featured_media":16846,"template":"","meta":[],"product_cat":[3507,3516],"product_tag":[],"class_list":{"0":"post-16867","1":"product","2":"type-product","3":"status-publish","4":"has-post-thumbnail","6":"product_cat-promenade-et-voyage","7":"product_cat-couvertures-pour-bebe","9":"first","10":"instock","11":"shipping-taxable","12":"product-type-simple"},"yoast_head":"<!-- This site is optimized with the Yoast SEO plugin v26.2 - https:\/\/yoast.com\/wordpress\/plugins\/seo\/ -->\n<title>Une couverture en mousseline - Akuku<\/title>\n<meta name=\"description\" content=\"Sprawd\u017a nasz produkt: Une couverture en mousseline. Produkty Akuku - odpowiednie dla mam i niemowl\u0105t!\" \/>\n<meta name=\"robots\" content=\"index, follow, max-snippet:-1, max-image-preview:large, max-video-preview:-1\" \/>\n<link rel=\"canonical\" href=\"https:\/\/akuku.com.pl\/fr\/catalogue-de-produits\/promenade-et-voyage\/couvertures-pour-bebe\/une-couverture-en-mousseline-2\/\" \/>\n<meta property=\"og:locale\" content=\"fr_FR\" \/>\n<meta property=\"og:type\" content=\"article\" \/>\n<meta property=\"og:title\" content=\"Une couverture en mousseline - Akuku\" \/>\n<meta property=\"og:description\" content=\"Sprawd\u017a nasz produkt: Une couverture en mousseline. Produkty Akuku - odpowiednie dla mam i niemowl\u0105t!\" \/>\n<meta property=\"og:url\" content=\"https:\/\/akuku.com.pl\/fr\/catalogue-de-produits\/promenade-et-voyage\/couvertures-pour-bebe\/une-couverture-en-mousseline-2\/\" \/>\n<meta property=\"og:site_name\" content=\"Akuku\" \/>\n<meta property=\"article:publisher\" content=\"https:\/\/www.facebook.com\/markaAKUKU\" \/>\n<meta property=\"article:modified_time\" content=\"2025-07-07T07:15:50+00:00\" \/>\n<meta property=\"og:image\" content=\"https:\/\/akuku.com.pl\/wp-content\/uploads\/2025\/07\/A0686_1.jpg\" \/>\n\t<meta property=\"og:image:width\" content=\"1000\" \/>\n\t<meta property=\"og:image:height\" content=\"1000\" \/>\n\t<meta property=\"og:image:type\" content=\"image\/jpeg\" \/>\n<meta name=\"twitter:card\" content=\"summary_large_image\" \/>\n<meta name=\"twitter:label1\" content=\"Dur\u00e9e de lecture estim\u00e9e\" \/>\n\t<meta name=\"twitter:data1\" content=\"1 minute\" \/>\n<script type=\"application\/ld+json\" class=\"yoast-schema-graph\">{\"@context\":\"https:\/\/schema.org\",\"@graph\":[{\"@type\":\"WebPage\",\"@id\":\"https:\/\/akuku.com.pl\/fr\/catalogue-de-produits\/promenade-et-voyage\/couvertures-pour-bebe\/une-couverture-en-mousseline-2\/\",\"url\":\"https:\/\/akuku.com.pl\/fr\/catalogue-de-produits\/promenade-et-voyage\/couvertures-pour-bebe\/une-couverture-en-mousseline-2\/\",\"name\":\"Une couverture en mousseline - Akuku\",\"isPartOf\":{\"@id\":\"https:\/\/akuku.com.pl\/fr\/#website\"},\"primaryImageOfPage\":{\"@id\":\"https:\/\/akuku.com.pl\/fr\/catalogue-de-produits\/promenade-et-voyage\/couvertures-pour-bebe\/une-couverture-en-mousseline-2\/#primaryimage\"},\"image\":{\"@id\":\"https:\/\/akuku.com.pl\/fr\/catalogue-de-produits\/promenade-et-voyage\/couvertures-pour-bebe\/une-couverture-en-mousseline-2\/#primaryimage\"},\"thumbnailUrl\":\"https:\/\/akuku.com.pl\/wp-content\/uploads\/2025\/07\/A0686_1.jpg\",\"datePublished\":\"2025-07-07T07:13:10+00:00\",\"dateModified\":\"2025-07-07T07:15:50+00:00\",\"description\":\"Sprawd\u017a nasz produkt: Une couverture en mousseline. Produkty Akuku - odpowiednie dla mam i niemowl\u0105t!\",\"breadcrumb\":{\"@id\":\"https:\/\/akuku.com.pl\/fr\/catalogue-de-produits\/promenade-et-voyage\/couvertures-pour-bebe\/une-couverture-en-mousseline-2\/#breadcrumb\"},\"inLanguage\":\"fr-FR\",\"potentialAction\":[{\"@type\":\"ReadAction\",\"target\":[\"https:\/\/akuku.com.pl\/fr\/catalogue-de-produits\/promenade-et-voyage\/couvertures-pour-bebe\/une-couverture-en-mousseline-2\/\"]}]},{\"@type\":\"ImageObject\",\"inLanguage\":\"fr-FR\",\"@id\":\"https:\/\/akuku.com.pl\/fr\/catalogue-de-produits\/promenade-et-voyage\/couvertures-pour-bebe\/une-couverture-en-mousseline-2\/#primaryimage\",\"url\":\"https:\/\/akuku.com.pl\/wp-content\/uploads\/2025\/07\/A0686_1.jpg\",\"contentUrl\":\"https:\/\/akuku.com.pl\/wp-content\/uploads\/2025\/07\/A0686_1.jpg\",\"width\":1000,\"height\":1000,\"caption\":\"kocyk mu\u015blinowy - rulon\"},{\"@type\":\"BreadcrumbList\",\"@id\":\"https:\/\/akuku.com.pl\/fr\/catalogue-de-produits\/promenade-et-voyage\/couvertures-pour-bebe\/une-couverture-en-mousseline-2\/#breadcrumb\",\"itemListElement\":[{\"@type\":\"ListItem\",\"position\":1,\"name\":\"Strona g\u0142\u00f3wna\",\"item\":\"https:\/\/akuku.com.pl\/fr\/\"},{\"@type\":\"ListItem\",\"position\":2,\"name\":\"Boutique\",\"item\":\"https:\/\/akuku.com.pl\/wszystkie-produkty\/\"},{\"@type\":\"ListItem\",\"position\":3,\"name\":\"Une couverture en mousseline\"}]},{\"@type\":\"WebSite\",\"@id\":\"https:\/\/akuku.com.pl\/fr\/#website\",\"url\":\"https:\/\/akuku.com.pl\/fr\/\",\"name\":\"Akuku.com.pl\",\"description\":\"\",\"publisher\":{\"@id\":\"https:\/\/akuku.com.pl\/fr\/#organization\"},\"potentialAction\":[{\"@type\":\"SearchAction\",\"target\":{\"@type\":\"EntryPoint\",\"urlTemplate\":\"https:\/\/akuku.com.pl\/fr\/?s={search_term_string}\"},\"query-input\":{\"@type\":\"PropertyValueSpecification\",\"valueRequired\":true,\"valueName\":\"search_term_string\"}}],\"inLanguage\":\"fr-FR\"},{\"@type\":\"Organization\",\"@id\":\"https:\/\/akuku.com.pl\/fr\/#organization\",\"name\":\"Akuku.com.pl\",\"url\":\"https:\/\/akuku.com.pl\/fr\/\",\"logo\":{\"@type\":\"ImageObject\",\"inLanguage\":\"fr-FR\",\"@id\":\"https:\/\/akuku.com.pl\/fr\/#\/schema\/logo\/image\/\",\"url\":\"https:\/\/akuku.com.pl\/wp-content\/uploads\/2024\/04\/akuku-logo.svg\",\"contentUrl\":\"https:\/\/akuku.com.pl\/wp-content\/uploads\/2024\/04\/akuku-logo.svg\",\"width\":114,\"height\":50,\"caption\":\"Akuku.com.pl\"},\"image\":{\"@id\":\"https:\/\/akuku.com.pl\/fr\/#\/schema\/logo\/image\/\"},\"sameAs\":[\"https:\/\/www.facebook.com\/markaAKUKU\"]}]}<\/script>\n<!-- \/ Yoast SEO plugin. -->","yoast_head_json":{"title":"Une couverture en mousseline - Akuku","description":"Sprawd\u017a nasz produkt: Une couverture en mousseline. Produkty Akuku - odpowiednie dla mam i niemowl\u0105t!","robots":{"index":"index","follow":"follow","max-snippet":"max-snippet:-1","max-image-preview":"max-image-preview:large","max-video-preview":"max-video-preview:-1"},"canonical":"https:\/\/akuku.com.pl\/fr\/catalogue-de-produits\/promenade-et-voyage\/couvertures-pour-bebe\/une-couverture-en-mousseline-2\/","og_locale":"fr_FR","og_type":"article","og_title":"Une couverture en mousseline - Akuku","og_description":"Sprawd\u017a nasz produkt: Une couverture en mousseline. Produkty Akuku - odpowiednie dla mam i niemowl\u0105t!","og_url":"https:\/\/akuku.com.pl\/fr\/catalogue-de-produits\/promenade-et-voyage\/couvertures-pour-bebe\/une-couverture-en-mousseline-2\/","og_site_name":"Akuku","article_publisher":"https:\/\/www.facebook.com\/markaAKUKU","article_modified_time":"2025-07-07T07:15:50+00:00","og_image":[{"width":1000,"height":1000,"url":"https:\/\/akuku.com.pl\/wp-content\/uploads\/2025\/07\/A0686_1.jpg","type":"image\/jpeg"}],"twitter_card":"summary_large_image","twitter_misc":{"Dur\u00e9e de lecture estim\u00e9e":"1 minute"},"schema":{"@context":"https:\/\/schema.org","@graph":[{"@type":"WebPage","@id":"https:\/\/akuku.com.pl\/fr\/catalogue-de-produits\/promenade-et-voyage\/couvertures-pour-bebe\/une-couverture-en-mousseline-2\/","url":"https:\/\/akuku.com.pl\/fr\/catalogue-de-produits\/promenade-et-voyage\/couvertures-pour-bebe\/une-couverture-en-mousseline-2\/","name":"Une couverture en mousseline - Akuku","isPartOf":{"@id":"https:\/\/akuku.com.pl\/fr\/#website"},"primaryImageOfPage":{"@id":"https:\/\/akuku.com.pl\/fr\/catalogue-de-produits\/promenade-et-voyage\/couvertures-pour-bebe\/une-couverture-en-mousseline-2\/#primaryimage"},"image":{"@id":"https:\/\/akuku.com.pl\/fr\/catalogue-de-produits\/promenade-et-voyage\/couvertures-pour-bebe\/une-couverture-en-mousseline-2\/#primaryimage"},"thumbnailUrl":"https:\/\/akuku.com.pl\/wp-content\/uploads\/2025\/07\/A0686_1.jpg","datePublished":"2025-07-07T07:13:10+00:00","dateModified":"2025-07-07T07:15:50+00:00","description":"Sprawd\u017a nasz produkt: Une couverture en mousseline. Produkty Akuku - odpowiednie dla mam i niemowl\u0105t!","breadcrumb":{"@id":"https:\/\/akuku.com.pl\/fr\/catalogue-de-produits\/promenade-et-voyage\/couvertures-pour-bebe\/une-couverture-en-mousseline-2\/#breadcrumb"},"inLanguage":"fr-FR","potentialAction":[{"@type":"ReadAction","target":["https:\/\/akuku.com.pl\/fr\/catalogue-de-produits\/promenade-et-voyage\/couvertures-pour-bebe\/une-couverture-en-mousseline-2\/"]}]},{"@type":"ImageObject","inLanguage":"fr-FR","@id":"https:\/\/akuku.com.pl\/fr\/catalogue-de-produits\/promenade-et-voyage\/couvertures-pour-bebe\/une-couverture-en-mousseline-2\/#primaryimage","url":"https:\/\/akuku.com.pl\/wp-content\/uploads\/2025\/07\/A0686_1.jpg","contentUrl":"https:\/\/akuku.com.pl\/wp-content\/uploads\/2025\/07\/A0686_1.jpg","width":1000,"height":1000,"caption":"kocyk mu\u015blinowy - rulon"},{"@type":"BreadcrumbList","@id":"https:\/\/akuku.com.pl\/fr\/catalogue-de-produits\/promenade-et-voyage\/couvertures-pour-bebe\/une-couverture-en-mousseline-2\/#breadcrumb","itemListElement":[{"@type":"ListItem","position":1,"name":"Strona g\u0142\u00f3wna","item":"https:\/\/akuku.com.pl\/fr\/"},{"@type":"ListItem","position":2,"name":"Boutique","item":"https:\/\/akuku.com.pl\/wszystkie-produkty\/"},{"@type":"ListItem","position":3,"name":"Une couverture en mousseline"}]},{"@type":"WebSite","@id":"https:\/\/akuku.com.pl\/fr\/#website","url":"https:\/\/akuku.com.pl\/fr\/","name":"Akuku.com.pl","description":"","publisher":{"@id":"https:\/\/akuku.com.pl\/fr\/#organization"},"potentialAction":[{"@type":"SearchAction","target":{"@type":"EntryPoint","urlTemplate":"https:\/\/akuku.com.pl\/fr\/?s={search_term_string}"},"query-input":{"@type":"PropertyValueSpecification","valueRequired":true,"valueName":"search_term_string"}}],"inLanguage":"fr-FR"},{"@type":"Organization","@id":"https:\/\/akuku.com.pl\/fr\/#organization","name":"Akuku.com.pl","url":"https:\/\/akuku.com.pl\/fr\/","logo":{"@type":"ImageObject","inLanguage":"fr-FR","@id":"https:\/\/akuku.com.pl\/fr\/#\/schema\/logo\/image\/","url":"https:\/\/akuku.com.pl\/wp-content\/uploads\/2024\/04\/akuku-logo.svg","contentUrl":"https:\/\/akuku.com.pl\/wp-content\/uploads\/2024\/04\/akuku-logo.svg","width":114,"height":50,"caption":"Akuku.com.pl"},"image":{"@id":"https:\/\/akuku.com.pl\/fr\/#\/schema\/logo\/image\/"},"sameAs":["https:\/\/www.facebook.com\/markaAKUKU"]}]}},"_links":{"self":[{"href":"https:\/\/akuku.com.pl\/fr\/wp-json\/wp\/v2\/product\/16867","targetHints":{"allow":["GET"]}}],"collection":[{"href":"https:\/\/akuku.com.pl\/fr\/wp-json\/wp\/v2\/product"}],"about":[{"href":"https:\/\/akuku.com.pl\/fr\/wp-json\/wp\/v2\/types\/product"}],"wp:featuredmedia":[{"embeddable":true,"href":"https:\/\/akuku.com.pl\/fr\/wp-json\/wp\/v2\/media\/16846"}],"wp:attachment":[{"href":"https:\/\/akuku.com.pl\/fr\/wp-json\/wp\/v2\/media?parent=16867"}],"wp:term":[{"taxonomy":"product_cat","embeddable":true,"href":"https:\/\/akuku.com.pl\/fr\/wp-json\/wp\/v2\/product_cat?post=16867"},{"taxonomy":"product_tag","embeddable":true,"href":"https:\/\/akuku.com.pl\/fr\/wp-json\/wp\/v2\/product_tag?post=16867"}],"curies":[{"name":"wp","href":"https:\/\/api.w.org\/{rel}","templated":true}]}}