{"id":16819,"date":"2025-07-04T14:59:23","date_gmt":"2025-07-04T12:59:23","guid":{"rendered":"https:\/\/akuku.com.pl\/?post_type=product&#038;p=16819"},"modified":"2025-07-04T15:11:05","modified_gmt":"2025-07-04T13:11:05","slug":"douche-intime-perinee","status":"publish","type":"product","link":"https:\/\/akuku.com.pl\/fr\/catalogue-de-produits\/pour-maman\/produits-perinatals\/douche-intime-perinee\/","title":{"rendered":"Douche Intime P\u00e9rin\u00e9e"},"content":{"rendered":"<p>&nbsp;<\/p>\n<p>Cette douche intime vient faciliter le nettoyage du p\u00e9rin\u00e9e de la maman apr\u00e8s l\u2019accouchement afin d\u2019\u00e9liminer les risques de douleurs mais surtout les risques d\u2019infections li\u00e9es \u00e0 une mauvaise hygi\u00e8ne intime. La toilette intime facilit\u00e9e gr\u00e2ce au jet d\u2019eau doux au lieu de l\u2019utilisation de papier toilette. La bouteille est flexible pour une pression facile et le spray fonctionne \u00e9galement la t\u00eate en bas. Pratique, l\u2019embout est enti\u00e8rement r\u00e9tractable et une pochette de rangement est fournie pour l\u2019emporter facilement avec vous.<\/p>\n<p>&nbsp;<\/p>\n<p><strong>Utilisation de la douche intime p\u00e9rin\u00e9e :<\/strong> Utilisez avec de l&rsquo;eau ti\u00e8de. Vissez fermement le capuchon et assurez-vous que la t\u00eate de pulv\u00e9risation est correctement fix\u00e9e. Retournez la bouteille entre les jambes, inclinez la t\u00eate de pulv\u00e9risation vers la zone p\u00e9rin\u00e9ale et appuyez doucement pour pulv\u00e9riser l&rsquo;eau. T\u00e9l\u00e9chargez la notice d&rsquo;utilisation ici<\/p>\n<p>&nbsp;<\/p>\n<p><strong>Nettoyage de la douche intime p\u00e9rin\u00e9e :<\/strong> D\u00e9montez la douche intime apr\u00e8s utilisation et nettoyez-la avec un savon doux et de l&rsquo;eau ti\u00e8de. Rincez soigneusement et laissez s\u00e9cher compl\u00e8tement \u00e0 l&rsquo;air avant de remonter.<\/p>\n<p>&nbsp;<\/p>\n<p><strong>Contenu :<\/strong><\/p>\n<p>&#8211; Bouteille douche intime 350 ml<\/p>\n<p>&#8211; 2 embouts avec des angles de jet diff\u00e9rents<\/p>\n<p>&#8211; Pochette de rangement<\/p>\n<p>&nbsp;<\/p>\n<p><img decoding=\"async\" src=\"https:\/\/akuku.com.pl\/wp-content\/uploads\/2024\/09\/BPA-Free-logo-png_1.png\" \/><\/p>\n<p>&nbsp;<\/p>\n<p>&nbsp;<\/p>\n<p>&nbsp;<\/p>\n<p>EAN : 5907644006847<\/p>\n<p>&nbsp;<\/p>\n","protected":false},"excerpt":{"rendered":"<p>&nbsp; Cette douche intime vient faciliter le nettoyage du p\u00e9rin\u00e9e de la maman apr\u00e8s l\u2019accouchement afin d\u2019\u00e9liminer les risques de douleurs mais surtout les risques d\u2019infections li\u00e9es \u00e0 une mauvaise hygi\u00e8ne intime. La toilette intime facilit\u00e9e gr\u00e2ce au jet d\u2019eau doux au lieu de l\u2019utilisation de papier toilette. La bouteille est flexible pour une pression [&hellip;]<\/p>\n","protected":false},"featured_media":16801,"template":"","meta":[],"product_cat":[3317,3325],"product_tag":[],"class_list":{"0":"post-16819","1":"product","2":"type-product","3":"status-publish","4":"has-post-thumbnail","6":"product_cat-pour-maman","7":"product_cat-produits-perinatals","9":"first","10":"instock","11":"shipping-taxable","12":"product-type-simple"},"yoast_head":"<!-- This site is optimized with the Yoast SEO plugin v26.2 - https:\/\/yoast.com\/wordpress\/plugins\/seo\/ -->\n<title>Douche Intime P\u00e9rin\u00e9e - Akuku<\/title>\n<meta name=\"description\" content=\"Sprawd\u017a nasz produkt: Douche Intime P\u00e9rin\u00e9e. Produkty Akuku - odpowiednie dla mam i niemowl\u0105t!\" \/>\n<meta name=\"robots\" content=\"index, follow, max-snippet:-1, max-image-preview:large, max-video-preview:-1\" \/>\n<link rel=\"canonical\" href=\"https:\/\/akuku.com.pl\/fr\/catalogue-de-produits\/pour-maman\/produits-perinatals\/douche-intime-perinee\/\" \/>\n<meta property=\"og:locale\" content=\"fr_FR\" \/>\n<meta property=\"og:type\" content=\"article\" \/>\n<meta property=\"og:title\" content=\"Douche Intime P\u00e9rin\u00e9e - Akuku\" \/>\n<meta property=\"og:description\" content=\"Sprawd\u017a nasz produkt: Douche Intime P\u00e9rin\u00e9e. Produkty Akuku - odpowiednie dla mam i niemowl\u0105t!\" \/>\n<meta property=\"og:url\" content=\"https:\/\/akuku.com.pl\/fr\/catalogue-de-produits\/pour-maman\/produits-perinatals\/douche-intime-perinee\/\" \/>\n<meta property=\"og:site_name\" content=\"Akuku\" \/>\n<meta property=\"article:publisher\" content=\"https:\/\/www.facebook.com\/markaAKUKU\" \/>\n<meta property=\"article:modified_time\" content=\"2025-07-04T13:11:05+00:00\" \/>\n<meta property=\"og:image\" content=\"https:\/\/akuku.com.pl\/wp-content\/uploads\/2025\/07\/A0648.jpg\" \/>\n\t<meta property=\"og:image:width\" content=\"1000\" \/>\n\t<meta property=\"og:image:height\" content=\"1000\" \/>\n\t<meta property=\"og:image:type\" content=\"image\/jpeg\" \/>\n<meta name=\"twitter:card\" content=\"summary_large_image\" \/>\n<meta name=\"twitter:label1\" content=\"Dur\u00e9e de lecture estim\u00e9e\" \/>\n\t<meta name=\"twitter:data1\" content=\"1 minute\" \/>\n<script type=\"application\/ld+json\" class=\"yoast-schema-graph\">{\"@context\":\"https:\/\/schema.org\",\"@graph\":[{\"@type\":\"WebPage\",\"@id\":\"https:\/\/akuku.com.pl\/fr\/catalogue-de-produits\/pour-maman\/produits-perinatals\/douche-intime-perinee\/\",\"url\":\"https:\/\/akuku.com.pl\/fr\/catalogue-de-produits\/pour-maman\/produits-perinatals\/douche-intime-perinee\/\",\"name\":\"Douche Intime P\u00e9rin\u00e9e - Akuku\",\"isPartOf\":{\"@id\":\"https:\/\/akuku.com.pl\/fr\/#website\"},\"primaryImageOfPage\":{\"@id\":\"https:\/\/akuku.com.pl\/fr\/catalogue-de-produits\/pour-maman\/produits-perinatals\/douche-intime-perinee\/#primaryimage\"},\"image\":{\"@id\":\"https:\/\/akuku.com.pl\/fr\/catalogue-de-produits\/pour-maman\/produits-perinatals\/douche-intime-perinee\/#primaryimage\"},\"thumbnailUrl\":\"https:\/\/akuku.com.pl\/wp-content\/uploads\/2025\/07\/A0648.jpg\",\"datePublished\":\"2025-07-04T12:59:23+00:00\",\"dateModified\":\"2025-07-04T13:11:05+00:00\",\"description\":\"Sprawd\u017a nasz produkt: Douche Intime P\u00e9rin\u00e9e. Produkty Akuku - odpowiednie dla mam i niemowl\u0105t!\",\"breadcrumb\":{\"@id\":\"https:\/\/akuku.com.pl\/fr\/catalogue-de-produits\/pour-maman\/produits-perinatals\/douche-intime-perinee\/#breadcrumb\"},\"inLanguage\":\"fr-FR\",\"potentialAction\":[{\"@type\":\"ReadAction\",\"target\":[\"https:\/\/akuku.com.pl\/fr\/catalogue-de-produits\/pour-maman\/produits-perinatals\/douche-intime-perinee\/\"]}]},{\"@type\":\"ImageObject\",\"inLanguage\":\"fr-FR\",\"@id\":\"https:\/\/akuku.com.pl\/fr\/catalogue-de-produits\/pour-maman\/produits-perinatals\/douche-intime-perinee\/#primaryimage\",\"url\":\"https:\/\/akuku.com.pl\/wp-content\/uploads\/2025\/07\/A0648.jpg\",\"contentUrl\":\"https:\/\/akuku.com.pl\/wp-content\/uploads\/2025\/07\/A0648.jpg\",\"width\":1000,\"height\":1000,\"caption\":\"butelka peri do podmywania\"},{\"@type\":\"BreadcrumbList\",\"@id\":\"https:\/\/akuku.com.pl\/fr\/catalogue-de-produits\/pour-maman\/produits-perinatals\/douche-intime-perinee\/#breadcrumb\",\"itemListElement\":[{\"@type\":\"ListItem\",\"position\":1,\"name\":\"Strona g\u0142\u00f3wna\",\"item\":\"https:\/\/akuku.com.pl\/fr\/\"},{\"@type\":\"ListItem\",\"position\":2,\"name\":\"Boutique\",\"item\":\"https:\/\/akuku.com.pl\/wszystkie-produkty\/\"},{\"@type\":\"ListItem\",\"position\":3,\"name\":\"Douche Intime P\u00e9rin\u00e9e\"}]},{\"@type\":\"WebSite\",\"@id\":\"https:\/\/akuku.com.pl\/fr\/#website\",\"url\":\"https:\/\/akuku.com.pl\/fr\/\",\"name\":\"Akuku.com.pl\",\"description\":\"\",\"publisher\":{\"@id\":\"https:\/\/akuku.com.pl\/fr\/#organization\"},\"potentialAction\":[{\"@type\":\"SearchAction\",\"target\":{\"@type\":\"EntryPoint\",\"urlTemplate\":\"https:\/\/akuku.com.pl\/fr\/?s={search_term_string}\"},\"query-input\":{\"@type\":\"PropertyValueSpecification\",\"valueRequired\":true,\"valueName\":\"search_term_string\"}}],\"inLanguage\":\"fr-FR\"},{\"@type\":\"Organization\",\"@id\":\"https:\/\/akuku.com.pl\/fr\/#organization\",\"name\":\"Akuku.com.pl\",\"url\":\"https:\/\/akuku.com.pl\/fr\/\",\"logo\":{\"@type\":\"ImageObject\",\"inLanguage\":\"fr-FR\",\"@id\":\"https:\/\/akuku.com.pl\/fr\/#\/schema\/logo\/image\/\",\"url\":\"https:\/\/akuku.com.pl\/wp-content\/uploads\/2024\/04\/akuku-logo.svg\",\"contentUrl\":\"https:\/\/akuku.com.pl\/wp-content\/uploads\/2024\/04\/akuku-logo.svg\",\"width\":114,\"height\":50,\"caption\":\"Akuku.com.pl\"},\"image\":{\"@id\":\"https:\/\/akuku.com.pl\/fr\/#\/schema\/logo\/image\/\"},\"sameAs\":[\"https:\/\/www.facebook.com\/markaAKUKU\"]}]}<\/script>\n<!-- \/ Yoast SEO plugin. -->","yoast_head_json":{"title":"Douche Intime P\u00e9rin\u00e9e - Akuku","description":"Sprawd\u017a nasz produkt: Douche Intime P\u00e9rin\u00e9e. Produkty Akuku - odpowiednie dla mam i niemowl\u0105t!","robots":{"index":"index","follow":"follow","max-snippet":"max-snippet:-1","max-image-preview":"max-image-preview:large","max-video-preview":"max-video-preview:-1"},"canonical":"https:\/\/akuku.com.pl\/fr\/catalogue-de-produits\/pour-maman\/produits-perinatals\/douche-intime-perinee\/","og_locale":"fr_FR","og_type":"article","og_title":"Douche Intime P\u00e9rin\u00e9e - Akuku","og_description":"Sprawd\u017a nasz produkt: Douche Intime P\u00e9rin\u00e9e. Produkty Akuku - odpowiednie dla mam i niemowl\u0105t!","og_url":"https:\/\/akuku.com.pl\/fr\/catalogue-de-produits\/pour-maman\/produits-perinatals\/douche-intime-perinee\/","og_site_name":"Akuku","article_publisher":"https:\/\/www.facebook.com\/markaAKUKU","article_modified_time":"2025-07-04T13:11:05+00:00","og_image":[{"width":1000,"height":1000,"url":"https:\/\/akuku.com.pl\/wp-content\/uploads\/2025\/07\/A0648.jpg","type":"image\/jpeg"}],"twitter_card":"summary_large_image","twitter_misc":{"Dur\u00e9e de lecture estim\u00e9e":"1 minute"},"schema":{"@context":"https:\/\/schema.org","@graph":[{"@type":"WebPage","@id":"https:\/\/akuku.com.pl\/fr\/catalogue-de-produits\/pour-maman\/produits-perinatals\/douche-intime-perinee\/","url":"https:\/\/akuku.com.pl\/fr\/catalogue-de-produits\/pour-maman\/produits-perinatals\/douche-intime-perinee\/","name":"Douche Intime P\u00e9rin\u00e9e - Akuku","isPartOf":{"@id":"https:\/\/akuku.com.pl\/fr\/#website"},"primaryImageOfPage":{"@id":"https:\/\/akuku.com.pl\/fr\/catalogue-de-produits\/pour-maman\/produits-perinatals\/douche-intime-perinee\/#primaryimage"},"image":{"@id":"https:\/\/akuku.com.pl\/fr\/catalogue-de-produits\/pour-maman\/produits-perinatals\/douche-intime-perinee\/#primaryimage"},"thumbnailUrl":"https:\/\/akuku.com.pl\/wp-content\/uploads\/2025\/07\/A0648.jpg","datePublished":"2025-07-04T12:59:23+00:00","dateModified":"2025-07-04T13:11:05+00:00","description":"Sprawd\u017a nasz produkt: Douche Intime P\u00e9rin\u00e9e. Produkty Akuku - odpowiednie dla mam i niemowl\u0105t!","breadcrumb":{"@id":"https:\/\/akuku.com.pl\/fr\/catalogue-de-produits\/pour-maman\/produits-perinatals\/douche-intime-perinee\/#breadcrumb"},"inLanguage":"fr-FR","potentialAction":[{"@type":"ReadAction","target":["https:\/\/akuku.com.pl\/fr\/catalogue-de-produits\/pour-maman\/produits-perinatals\/douche-intime-perinee\/"]}]},{"@type":"ImageObject","inLanguage":"fr-FR","@id":"https:\/\/akuku.com.pl\/fr\/catalogue-de-produits\/pour-maman\/produits-perinatals\/douche-intime-perinee\/#primaryimage","url":"https:\/\/akuku.com.pl\/wp-content\/uploads\/2025\/07\/A0648.jpg","contentUrl":"https:\/\/akuku.com.pl\/wp-content\/uploads\/2025\/07\/A0648.jpg","width":1000,"height":1000,"caption":"butelka peri do podmywania"},{"@type":"BreadcrumbList","@id":"https:\/\/akuku.com.pl\/fr\/catalogue-de-produits\/pour-maman\/produits-perinatals\/douche-intime-perinee\/#breadcrumb","itemListElement":[{"@type":"ListItem","position":1,"name":"Strona g\u0142\u00f3wna","item":"https:\/\/akuku.com.pl\/fr\/"},{"@type":"ListItem","position":2,"name":"Boutique","item":"https:\/\/akuku.com.pl\/wszystkie-produkty\/"},{"@type":"ListItem","position":3,"name":"Douche Intime P\u00e9rin\u00e9e"}]},{"@type":"WebSite","@id":"https:\/\/akuku.com.pl\/fr\/#website","url":"https:\/\/akuku.com.pl\/fr\/","name":"Akuku.com.pl","description":"","publisher":{"@id":"https:\/\/akuku.com.pl\/fr\/#organization"},"potentialAction":[{"@type":"SearchAction","target":{"@type":"EntryPoint","urlTemplate":"https:\/\/akuku.com.pl\/fr\/?s={search_term_string}"},"query-input":{"@type":"PropertyValueSpecification","valueRequired":true,"valueName":"search_term_string"}}],"inLanguage":"fr-FR"},{"@type":"Organization","@id":"https:\/\/akuku.com.pl\/fr\/#organization","name":"Akuku.com.pl","url":"https:\/\/akuku.com.pl\/fr\/","logo":{"@type":"ImageObject","inLanguage":"fr-FR","@id":"https:\/\/akuku.com.pl\/fr\/#\/schema\/logo\/image\/","url":"https:\/\/akuku.com.pl\/wp-content\/uploads\/2024\/04\/akuku-logo.svg","contentUrl":"https:\/\/akuku.com.pl\/wp-content\/uploads\/2024\/04\/akuku-logo.svg","width":114,"height":50,"caption":"Akuku.com.pl"},"image":{"@id":"https:\/\/akuku.com.pl\/fr\/#\/schema\/logo\/image\/"},"sameAs":["https:\/\/www.facebook.com\/markaAKUKU"]}]}},"_links":{"self":[{"href":"https:\/\/akuku.com.pl\/fr\/wp-json\/wp\/v2\/product\/16819","targetHints":{"allow":["GET"]}}],"collection":[{"href":"https:\/\/akuku.com.pl\/fr\/wp-json\/wp\/v2\/product"}],"about":[{"href":"https:\/\/akuku.com.pl\/fr\/wp-json\/wp\/v2\/types\/product"}],"wp:featuredmedia":[{"embeddable":true,"href":"https:\/\/akuku.com.pl\/fr\/wp-json\/wp\/v2\/media\/16801"}],"wp:attachment":[{"href":"https:\/\/akuku.com.pl\/fr\/wp-json\/wp\/v2\/media?parent=16819"}],"wp:term":[{"taxonomy":"product_cat","embeddable":true,"href":"https:\/\/akuku.com.pl\/fr\/wp-json\/wp\/v2\/product_cat?post=16819"},{"taxonomy":"product_tag","embeddable":true,"href":"https:\/\/akuku.com.pl\/fr\/wp-json\/wp\/v2\/product_tag?post=16819"}],"curies":[{"name":"wp","href":"https:\/\/api.w.org\/{rel}","templated":true}]}}