{"id":16794,"date":"2025-07-04T10:29:22","date_gmt":"2025-07-04T08:29:22","guid":{"rendered":"https:\/\/akuku.com.pl\/?post_type=product&#038;p=16794"},"modified":"2025-07-04T11:38:50","modified_gmt":"2025-07-04T09:38:50","slug":"serviette-post-accouchement-apaisante-chaude-froide","status":"publish","type":"product","link":"https:\/\/akuku.com.pl\/fr\/catalogue-de-produits\/pour-maman\/produits-perinatals\/serviette-post-accouchement-apaisante-chaude-froide\/","title":{"rendered":"Serviette post-accouchement apaisante chaude\/froide"},"content":{"rendered":"<p>&nbsp;<\/p>\n<p>D\u00e9couvrez la Serviette Chaud\/Froid akuku\u00ae, <strong>une solution polyvalente pour apaiser les douleurs post-accouchement<\/strong>. Gr\u00e2ce \u00e0 sa technologie unique \u00e0 perles thermiques, elle assure une diffusion homog\u00e8ne du chaud ou du froid, offrant ainsi un soulagement cibl\u00e9 et adapt\u00e9 \u00e0 vos besoins :<\/p>\n<p>&nbsp;<\/p>\n<p><strong>\u00c0 froid :<\/strong> R\u00e9duit les gonflements p\u00e9rin\u00e9aux, apaise les douleurs h\u00e9morro\u00efdaires et favorise la r\u00e9cup\u00e9ration apr\u00e8s une c\u00e9sarienne.<\/p>\n<p><strong>\u00c0 chaud :<\/strong> D\u00e9tend et soulage les crampes ut\u00e9rines et tensions musculaires post-accouchement.<\/p>\n<p>Facile \u00e0 utiliser, elle est fournie avec des pochettes de protection qui garantissent une application confortable et hygi\u00e9nique sur les zones sensibles.<\/p>\n<p>&nbsp;<\/p>\n<p><strong>R\u00e9utilisable et durable<\/strong>, ce dispositif m\u00e9dical vous accompagne tout au long de votre r\u00e9cup\u00e9ration et reste un alli\u00e9 pr\u00e9cieux m\u00eame apr\u00e8s le post-partum.<\/p>\n<p>&nbsp;<\/p>\n<p><img decoding=\"async\" src=\"https:\/\/akuku.com.pl\/wp-content\/uploads\/2024\/09\/BPA-Free-logo-png_1.png\" \/>\u00a0 \u00a0<img decoding=\"async\" class=\"alignnone wp-image-16791\" src=\"https:\/\/akuku.com.pl\/wp-content\/uploads\/2025\/07\/mikrofala-fr-2.jpg\" alt=\"\" width=\"61\" height=\"60\" srcset=\"https:\/\/akuku.com.pl\/wp-content\/uploads\/2025\/07\/mikrofala-fr-2.jpg 171w, https:\/\/akuku.com.pl\/wp-content\/uploads\/2025\/07\/mikrofala-fr-2-150x150.jpg 150w, https:\/\/akuku.com.pl\/wp-content\/uploads\/2025\/07\/mikrofala-fr-2-100x100.jpg 100w\" sizes=\"(max-width: 61px) 100vw, 61px\" \/><\/p>\n<p>&nbsp;<\/p>\n<pre class=\"tw-data-text tw-text-large tw-ta\" dir=\"ltr\" data-placeholder=\"T\u0142umaczenie\" data-ved=\"2ahUKEwipkq3L1qKOAxW-QfEDHbGsJd8Q3ewLegQICRAV\" aria-label=\"Przet\u0142umaczony tekst: instructions de t\u00e9l\u00e9chargement\"><a href=\"https:\/\/akuku.com.pl\/wp-content\/uploads\/2025\/07\/A0683-na-www_akuku_eu.pdf\"><span class=\"Y2IQFc\" lang=\"fr\">manuel d'utilisation <\/span><span class=\"Y2IQFc\" lang=\"fr\">&gt;<\/span><\/a><\/pre>\n<p>&nbsp;<\/p>\n<p>&nbsp;<\/p>\n<p>EAN : 5907644006830<\/p>\n<p>&nbsp;<\/p>\n","protected":false},"excerpt":{"rendered":"<p>&nbsp; D\u00e9couvrez la Serviette Chaud\/Froid akuku\u00ae, une solution polyvalente pour apaiser les douleurs post-accouchement. Gr\u00e2ce \u00e0 sa technologie unique \u00e0 perles thermiques, elle assure une diffusion homog\u00e8ne du chaud ou du froid, offrant ainsi un soulagement cibl\u00e9 et adapt\u00e9 \u00e0 vos besoins : &nbsp; \u00c0 froid : R\u00e9duit les gonflements p\u00e9rin\u00e9aux, apaise les douleurs h\u00e9morro\u00efdaires [&hellip;]<\/p>\n","protected":false},"featured_media":16775,"template":"","meta":[],"product_cat":[3317,3325],"product_tag":[],"class_list":{"0":"post-16794","1":"product","2":"type-product","3":"status-publish","4":"has-post-thumbnail","6":"product_cat-pour-maman","7":"product_cat-produits-perinatals","9":"first","10":"instock","11":"shipping-taxable","12":"product-type-simple"},"yoast_head":"<!-- This site is optimized with the Yoast SEO plugin v26.2 - https:\/\/yoast.com\/wordpress\/plugins\/seo\/ -->\n<title>Serviette post-accouchement apaisante chaude\/froide - Akuku<\/title>\n<meta name=\"description\" content=\"Sprawd\u017a nasz produkt: Serviette post-accouchement apaisante chaude\/froide. Produkty Akuku - odpowiednie dla mam i niemowl\u0105t!\" \/>\n<meta name=\"robots\" content=\"index, follow, max-snippet:-1, max-image-preview:large, max-video-preview:-1\" \/>\n<link rel=\"canonical\" href=\"https:\/\/akuku.com.pl\/fr\/catalogue-de-produits\/pour-maman\/produits-perinatals\/serviette-post-accouchement-apaisante-chaude-froide\/\" \/>\n<meta property=\"og:locale\" content=\"fr_FR\" \/>\n<meta property=\"og:type\" content=\"article\" \/>\n<meta property=\"og:title\" content=\"Serviette post-accouchement apaisante chaude\/froide - Akuku\" \/>\n<meta property=\"og:description\" content=\"Sprawd\u017a nasz produkt: Serviette post-accouchement apaisante chaude\/froide. Produkty Akuku - odpowiednie dla mam i niemowl\u0105t!\" \/>\n<meta property=\"og:url\" content=\"https:\/\/akuku.com.pl\/fr\/catalogue-de-produits\/pour-maman\/produits-perinatals\/serviette-post-accouchement-apaisante-chaude-froide\/\" \/>\n<meta property=\"og:site_name\" content=\"Akuku\" \/>\n<meta property=\"article:publisher\" content=\"https:\/\/www.facebook.com\/markaAKUKU\" \/>\n<meta property=\"article:modified_time\" content=\"2025-07-04T09:38:50+00:00\" \/>\n<meta property=\"og:image\" content=\"https:\/\/akuku.com.pl\/wp-content\/uploads\/2025\/07\/A0683_1.jpg\" \/>\n\t<meta property=\"og:image:width\" content=\"1000\" \/>\n\t<meta property=\"og:image:height\" content=\"1000\" \/>\n\t<meta property=\"og:image:type\" content=\"image\/jpeg\" \/>\n<meta name=\"twitter:card\" content=\"summary_large_image\" \/>\n<meta name=\"twitter:label1\" content=\"Dur\u00e9e de lecture estim\u00e9e\" \/>\n\t<meta name=\"twitter:data1\" content=\"1 minute\" \/>\n<script type=\"application\/ld+json\" class=\"yoast-schema-graph\">{\"@context\":\"https:\/\/schema.org\",\"@graph\":[{\"@type\":\"WebPage\",\"@id\":\"https:\/\/akuku.com.pl\/fr\/catalogue-de-produits\/pour-maman\/produits-perinatals\/serviette-post-accouchement-apaisante-chaude-froide\/\",\"url\":\"https:\/\/akuku.com.pl\/fr\/catalogue-de-produits\/pour-maman\/produits-perinatals\/serviette-post-accouchement-apaisante-chaude-froide\/\",\"name\":\"Serviette post-accouchement apaisante chaude\/froide - Akuku\",\"isPartOf\":{\"@id\":\"https:\/\/akuku.com.pl\/fr\/#website\"},\"primaryImageOfPage\":{\"@id\":\"https:\/\/akuku.com.pl\/fr\/catalogue-de-produits\/pour-maman\/produits-perinatals\/serviette-post-accouchement-apaisante-chaude-froide\/#primaryimage\"},\"image\":{\"@id\":\"https:\/\/akuku.com.pl\/fr\/catalogue-de-produits\/pour-maman\/produits-perinatals\/serviette-post-accouchement-apaisante-chaude-froide\/#primaryimage\"},\"thumbnailUrl\":\"https:\/\/akuku.com.pl\/wp-content\/uploads\/2025\/07\/A0683_1.jpg\",\"datePublished\":\"2025-07-04T08:29:22+00:00\",\"dateModified\":\"2025-07-04T09:38:50+00:00\",\"description\":\"Sprawd\u017a nasz produkt: Serviette post-accouchement apaisante chaude\/froide. Produkty Akuku - odpowiednie dla mam i niemowl\u0105t!\",\"breadcrumb\":{\"@id\":\"https:\/\/akuku.com.pl\/fr\/catalogue-de-produits\/pour-maman\/produits-perinatals\/serviette-post-accouchement-apaisante-chaude-froide\/#breadcrumb\"},\"inLanguage\":\"fr-FR\",\"potentialAction\":[{\"@type\":\"ReadAction\",\"target\":[\"https:\/\/akuku.com.pl\/fr\/catalogue-de-produits\/pour-maman\/produits-perinatals\/serviette-post-accouchement-apaisante-chaude-froide\/\"]}]},{\"@type\":\"ImageObject\",\"inLanguage\":\"fr-FR\",\"@id\":\"https:\/\/akuku.com.pl\/fr\/catalogue-de-produits\/pour-maman\/produits-perinatals\/serviette-post-accouchement-apaisante-chaude-froide\/#primaryimage\",\"url\":\"https:\/\/akuku.com.pl\/wp-content\/uploads\/2025\/07\/A0683_1.jpg\",\"contentUrl\":\"https:\/\/akuku.com.pl\/wp-content\/uploads\/2025\/07\/A0683_1.jpg\",\"width\":1000,\"height\":1000,\"caption\":\"kompres \u017celowy poporodowy\"},{\"@type\":\"BreadcrumbList\",\"@id\":\"https:\/\/akuku.com.pl\/fr\/catalogue-de-produits\/pour-maman\/produits-perinatals\/serviette-post-accouchement-apaisante-chaude-froide\/#breadcrumb\",\"itemListElement\":[{\"@type\":\"ListItem\",\"position\":1,\"name\":\"Strona g\u0142\u00f3wna\",\"item\":\"https:\/\/akuku.com.pl\/fr\/\"},{\"@type\":\"ListItem\",\"position\":2,\"name\":\"Boutique\",\"item\":\"https:\/\/akuku.com.pl\/wszystkie-produkty\/\"},{\"@type\":\"ListItem\",\"position\":3,\"name\":\"Serviette post-accouchement apaisante chaude\/froide\"}]},{\"@type\":\"WebSite\",\"@id\":\"https:\/\/akuku.com.pl\/fr\/#website\",\"url\":\"https:\/\/akuku.com.pl\/fr\/\",\"name\":\"Akuku.com.pl\",\"description\":\"\",\"publisher\":{\"@id\":\"https:\/\/akuku.com.pl\/fr\/#organization\"},\"potentialAction\":[{\"@type\":\"SearchAction\",\"target\":{\"@type\":\"EntryPoint\",\"urlTemplate\":\"https:\/\/akuku.com.pl\/fr\/?s={search_term_string}\"},\"query-input\":{\"@type\":\"PropertyValueSpecification\",\"valueRequired\":true,\"valueName\":\"search_term_string\"}}],\"inLanguage\":\"fr-FR\"},{\"@type\":\"Organization\",\"@id\":\"https:\/\/akuku.com.pl\/fr\/#organization\",\"name\":\"Akuku.com.pl\",\"url\":\"https:\/\/akuku.com.pl\/fr\/\",\"logo\":{\"@type\":\"ImageObject\",\"inLanguage\":\"fr-FR\",\"@id\":\"https:\/\/akuku.com.pl\/fr\/#\/schema\/logo\/image\/\",\"url\":\"https:\/\/akuku.com.pl\/wp-content\/uploads\/2024\/04\/akuku-logo.svg\",\"contentUrl\":\"https:\/\/akuku.com.pl\/wp-content\/uploads\/2024\/04\/akuku-logo.svg\",\"width\":114,\"height\":50,\"caption\":\"Akuku.com.pl\"},\"image\":{\"@id\":\"https:\/\/akuku.com.pl\/fr\/#\/schema\/logo\/image\/\"},\"sameAs\":[\"https:\/\/www.facebook.com\/markaAKUKU\"]}]}<\/script>\n<!-- \/ Yoast SEO plugin. -->","yoast_head_json":{"title":"Serviette post-accouchement apaisante chaude\/froide - Akuku","description":"Sprawd\u017a nasz produkt: Serviette post-accouchement apaisante chaude\/froide. Produkty Akuku - odpowiednie dla mam i niemowl\u0105t!","robots":{"index":"index","follow":"follow","max-snippet":"max-snippet:-1","max-image-preview":"max-image-preview:large","max-video-preview":"max-video-preview:-1"},"canonical":"https:\/\/akuku.com.pl\/fr\/catalogue-de-produits\/pour-maman\/produits-perinatals\/serviette-post-accouchement-apaisante-chaude-froide\/","og_locale":"fr_FR","og_type":"article","og_title":"Serviette post-accouchement apaisante chaude\/froide - Akuku","og_description":"Sprawd\u017a nasz produkt: Serviette post-accouchement apaisante chaude\/froide. Produkty Akuku - odpowiednie dla mam i niemowl\u0105t!","og_url":"https:\/\/akuku.com.pl\/fr\/catalogue-de-produits\/pour-maman\/produits-perinatals\/serviette-post-accouchement-apaisante-chaude-froide\/","og_site_name":"Akuku","article_publisher":"https:\/\/www.facebook.com\/markaAKUKU","article_modified_time":"2025-07-04T09:38:50+00:00","og_image":[{"width":1000,"height":1000,"url":"https:\/\/akuku.com.pl\/wp-content\/uploads\/2025\/07\/A0683_1.jpg","type":"image\/jpeg"}],"twitter_card":"summary_large_image","twitter_misc":{"Dur\u00e9e de lecture estim\u00e9e":"1 minute"},"schema":{"@context":"https:\/\/schema.org","@graph":[{"@type":"WebPage","@id":"https:\/\/akuku.com.pl\/fr\/catalogue-de-produits\/pour-maman\/produits-perinatals\/serviette-post-accouchement-apaisante-chaude-froide\/","url":"https:\/\/akuku.com.pl\/fr\/catalogue-de-produits\/pour-maman\/produits-perinatals\/serviette-post-accouchement-apaisante-chaude-froide\/","name":"Serviette post-accouchement apaisante chaude\/froide - Akuku","isPartOf":{"@id":"https:\/\/akuku.com.pl\/fr\/#website"},"primaryImageOfPage":{"@id":"https:\/\/akuku.com.pl\/fr\/catalogue-de-produits\/pour-maman\/produits-perinatals\/serviette-post-accouchement-apaisante-chaude-froide\/#primaryimage"},"image":{"@id":"https:\/\/akuku.com.pl\/fr\/catalogue-de-produits\/pour-maman\/produits-perinatals\/serviette-post-accouchement-apaisante-chaude-froide\/#primaryimage"},"thumbnailUrl":"https:\/\/akuku.com.pl\/wp-content\/uploads\/2025\/07\/A0683_1.jpg","datePublished":"2025-07-04T08:29:22+00:00","dateModified":"2025-07-04T09:38:50+00:00","description":"Sprawd\u017a nasz produkt: Serviette post-accouchement apaisante chaude\/froide. Produkty Akuku - odpowiednie dla mam i niemowl\u0105t!","breadcrumb":{"@id":"https:\/\/akuku.com.pl\/fr\/catalogue-de-produits\/pour-maman\/produits-perinatals\/serviette-post-accouchement-apaisante-chaude-froide\/#breadcrumb"},"inLanguage":"fr-FR","potentialAction":[{"@type":"ReadAction","target":["https:\/\/akuku.com.pl\/fr\/catalogue-de-produits\/pour-maman\/produits-perinatals\/serviette-post-accouchement-apaisante-chaude-froide\/"]}]},{"@type":"ImageObject","inLanguage":"fr-FR","@id":"https:\/\/akuku.com.pl\/fr\/catalogue-de-produits\/pour-maman\/produits-perinatals\/serviette-post-accouchement-apaisante-chaude-froide\/#primaryimage","url":"https:\/\/akuku.com.pl\/wp-content\/uploads\/2025\/07\/A0683_1.jpg","contentUrl":"https:\/\/akuku.com.pl\/wp-content\/uploads\/2025\/07\/A0683_1.jpg","width":1000,"height":1000,"caption":"kompres \u017celowy poporodowy"},{"@type":"BreadcrumbList","@id":"https:\/\/akuku.com.pl\/fr\/catalogue-de-produits\/pour-maman\/produits-perinatals\/serviette-post-accouchement-apaisante-chaude-froide\/#breadcrumb","itemListElement":[{"@type":"ListItem","position":1,"name":"Strona g\u0142\u00f3wna","item":"https:\/\/akuku.com.pl\/fr\/"},{"@type":"ListItem","position":2,"name":"Boutique","item":"https:\/\/akuku.com.pl\/wszystkie-produkty\/"},{"@type":"ListItem","position":3,"name":"Serviette post-accouchement apaisante chaude\/froide"}]},{"@type":"WebSite","@id":"https:\/\/akuku.com.pl\/fr\/#website","url":"https:\/\/akuku.com.pl\/fr\/","name":"Akuku.com.pl","description":"","publisher":{"@id":"https:\/\/akuku.com.pl\/fr\/#organization"},"potentialAction":[{"@type":"SearchAction","target":{"@type":"EntryPoint","urlTemplate":"https:\/\/akuku.com.pl\/fr\/?s={search_term_string}"},"query-input":{"@type":"PropertyValueSpecification","valueRequired":true,"valueName":"search_term_string"}}],"inLanguage":"fr-FR"},{"@type":"Organization","@id":"https:\/\/akuku.com.pl\/fr\/#organization","name":"Akuku.com.pl","url":"https:\/\/akuku.com.pl\/fr\/","logo":{"@type":"ImageObject","inLanguage":"fr-FR","@id":"https:\/\/akuku.com.pl\/fr\/#\/schema\/logo\/image\/","url":"https:\/\/akuku.com.pl\/wp-content\/uploads\/2024\/04\/akuku-logo.svg","contentUrl":"https:\/\/akuku.com.pl\/wp-content\/uploads\/2024\/04\/akuku-logo.svg","width":114,"height":50,"caption":"Akuku.com.pl"},"image":{"@id":"https:\/\/akuku.com.pl\/fr\/#\/schema\/logo\/image\/"},"sameAs":["https:\/\/www.facebook.com\/markaAKUKU"]}]}},"_links":{"self":[{"href":"https:\/\/akuku.com.pl\/fr\/wp-json\/wp\/v2\/product\/16794","targetHints":{"allow":["GET"]}}],"collection":[{"href":"https:\/\/akuku.com.pl\/fr\/wp-json\/wp\/v2\/product"}],"about":[{"href":"https:\/\/akuku.com.pl\/fr\/wp-json\/wp\/v2\/types\/product"}],"wp:featuredmedia":[{"embeddable":true,"href":"https:\/\/akuku.com.pl\/fr\/wp-json\/wp\/v2\/media\/16775"}],"wp:attachment":[{"href":"https:\/\/akuku.com.pl\/fr\/wp-json\/wp\/v2\/media?parent=16794"}],"wp:term":[{"taxonomy":"product_cat","embeddable":true,"href":"https:\/\/akuku.com.pl\/fr\/wp-json\/wp\/v2\/product_cat?post=16794"},{"taxonomy":"product_tag","embeddable":true,"href":"https:\/\/akuku.com.pl\/fr\/wp-json\/wp\/v2\/product_tag?post=16794"}],"curies":[{"name":"wp","href":"https:\/\/api.w.org\/{rel}","templated":true}]}}