{"id":16745,"date":"2025-07-02T10:39:00","date_gmt":"2025-07-02T08:39:00","guid":{"rendered":"https:\/\/akuku.com.pl\/?post_type=product&#038;p=16745"},"modified":"2025-07-02T10:53:54","modified_gmt":"2025-07-02T08:53:54","slug":"le-gobelet-avec-poignees-pour-enfants","status":"publish","type":"product","link":"https:\/\/akuku.com.pl\/fr\/catalogue-de-produits\/nutrition\/nourriture-et-boissons\/gobelets-pour-enfant\/le-gobelet-avec-poignees-pour-enfants\/","title":{"rendered":"Le gobelet avec poign\u00e9es pour enfants"},"content":{"rendered":"<p>&nbsp;<\/p>\n<p>Le gobelet avec poign\u00e9es pour enfants, con\u00e7u pour apprendre \u00e0 boire de mani\u00e8re autonome, est sans aucun doute un excellent moyen d&rsquo;encourager la consommation d\u2019eau et d&rsquo;autres boissons, tout en d\u00e9veloppant de bonnes habitudes. L\u00e9ger et pratique, il est parfaitement adapt\u00e9 aux petites mains des enfants. En observant les adultes, les enfants souhaitent utiliser des objets similaires, c\u2019est pourquoi notre gobelet constitue une solution id\u00e9ale. Le bord d\u00e9coup\u00e9 du gobelet facilite la prise de boisson pour l\u2019enfant, qui n\u2019a pas besoin de pencher la t\u00eate en arri\u00e8re, r\u00e9duisant ainsi le risque d\u2019\u00e9touffement. Le gobelet est fabriqu\u00e9 en plastique incassable, sans BPA ni autres substances nocives. Il est durable, l\u00e9ger et r\u00e9sistant aux chocs. Il peut \u00eatre lav\u00e9 au lave-vaisselle et est destin\u00e9 aux boissons froides ou \u00e0 temp\u00e9rature ambiante. Recommand\u00e9 pour les enfants \u00e0 partir de 6 mois.<\/p>\n<p><strong>Avantages principaux :<\/strong><\/p>\n<p>&#8211; Boire en toute s\u00e9curit\u00e9 : notre gobelet est id\u00e9al pour apprendre \u00e0 l\u2019enfant \u00e0 boire de mani\u00e8re autonome.<br \/>\n&#8211; Le bord d\u00e9coup\u00e9 et profil\u00e9 permet de boire sans pencher la t\u00eate en arri\u00e8re, ce qui aide \u00e0 r\u00e9duire le risque d\u2019\u00e9touffement.<br \/>\n&#8211; De larges poign\u00e9es facilitent une prise en main confortable.<br \/>\n&#8211; Compatible avec le lave-vaisselle (temp\u00e9rature maximale : 60 \u00b0C).<br \/>\n&#8211; Fabriqu\u00e9 sans BPA, PVC, phtalates ni autres substances nocives.<\/p>\n<p>&nbsp;<\/p>\n<p><strong>Mode d&#8217;emploi :<\/strong><\/p>\n<p>Gardez le gobelet propre. Avant la premi\u00e8re utilisation, nettoyez soigneusement le produit, puis plongez-le dans de l\u2019eau bouillante pendant 5 minutes pour garantir une bonne hygi\u00e8ne. La cuisson et l\u2019eau dure peuvent entra\u00eener la formation de d\u00e9p\u00f4ts. Nettoyez soigneusement le gobelet avant chaque utilisation.<\/p>\n<p>Avant la premi\u00e8re utilisation et \u00e0 chaque usage ult\u00e9rieur, lavez le gobelet \u00e0 l\u2019eau ti\u00e8de avec un produit nettoyant doux, puis rincez-le soigneusement \u00e0 l\u2019eau chaude. Il peut \u00eatre \u00e9galement st\u00e9rilis\u00e9 \u00e0 l\u2019eau bouillante.<\/p>\n<p>\u00c9vitez d\u2019utiliser des ustensiles rugueux ou abrasifs pouvant rayer la surface. Apr\u00e8s chaque utilisation, nettoyez les r\u00e9sidus de boisson, rincez puis lavez soigneusement le gobelet.<\/p>\n<p>V\u00e9rifiez l\u2019\u00e9tat du produit avant chaque utilisation. En cas de signes de d\u00e9t\u00e9rioration ou d\u2019usure, jetez-le imm\u00e9diatement.<\/p>\n<p>Le produit est compatible avec le lave-vaisselle, mais ne convient pas au micro-ondes.<br \/>\nNe placez pas le produit dans un four chaud, ni sur une cuisini\u00e8re \u00e0 gaz ou \u00e9lectrique.<br \/>\nNe laissez pas le gobelet expos\u00e9 au soleil ou dans un endroit chaud, cela pourrait affaiblir le mat\u00e9riau.<\/p>\n<p><strong>Avertissement :<\/strong> Ce produit n\u2019est pas un jouet.<\/p>\n<p><strong>Pour la s\u00e9curit\u00e9 et la sant\u00e9 de votre enfant :<\/strong><\/p>\n<p><strong>AVERTISSEMENT !<\/strong><\/p>\n<p>L\u2019aspiration prolong\u00e9e de liquides peut entra\u00eener des caries dentaires.<\/p>\n<p>V\u00e9rifiez toujours la temp\u00e9rature des boissons avant de nourrir l\u2019enfant.<\/p>\n<p>Jetez le produit aux premiers signes de d\u00e9t\u00e9rioration ou d\u2019usure.<\/p>\n<p>Conservez les pi\u00e8ces inutilis\u00e9es hors de port\u00e9e des enfants.<\/p>\n<p>Ne fixez jamais le produit \u00e0 des cordons, rubans, lacets ou v\u00eatements amples. L\u2019enfant pourrait s\u2019\u00e9touffer.<\/p>\n<p>&nbsp;<\/p>\n<p><strong>Capacit\u00e9 du gobelet :<\/strong> 150 ml<\/p>\n<p>&nbsp;<\/p>\n<p><img decoding=\"async\" src=\"https:\/\/akuku.com.pl\/wp-content\/uploads\/2024\/09\/BPA-Free-logo-png_1.png\" alt=\"\" \/> \u00a0 <img decoding=\"async\" class=\"alignnone size-full wp-image-15958\" src=\"https:\/\/akuku.com.pl\/wp-content\/uploads\/2024\/07\/6m.png\" alt=\"\" width=\"60\" height=\"60\" \/>\u00a0 \u00a0 <img decoding=\"async\" src=\"https:\/\/ect.h2g.pl\/akuku\/images\/002.png\" \/>\u00a0 \u00a0 <img decoding=\"async\" src=\"https:\/\/ect.h2g.pl\/akuku\/images\/004.png\" \/><\/p>\n<p>&nbsp;<\/p>\n<p>&nbsp;<\/p>\n<p>EAN : 5907644006953<\/p>\n<p>&nbsp;<\/p>\n","protected":false},"excerpt":{"rendered":"<p>&nbsp; Le gobelet avec poign\u00e9es pour enfants, con\u00e7u pour apprendre \u00e0 boire de mani\u00e8re autonome, est sans aucun doute un excellent moyen d&rsquo;encourager la consommation d\u2019eau et d&rsquo;autres boissons, tout en d\u00e9veloppant de bonnes habitudes. L\u00e9ger et pratique, il est parfaitement adapt\u00e9 aux petites mains des enfants. En observant les adultes, les enfants souhaitent utiliser [&hellip;]<\/p>\n","protected":false},"featured_media":16685,"template":"","meta":[],"product_cat":[3333,3369],"product_tag":[],"class_list":{"0":"post-16745","1":"product","2":"type-product","3":"status-publish","4":"has-post-thumbnail","6":"product_cat-nutrition","7":"product_cat-gobelets-pour-enfant","9":"first","10":"instock","11":"shipping-taxable","12":"product-type-simple"},"yoast_head":"<!-- This site is optimized with the Yoast SEO plugin v26.2 - https:\/\/yoast.com\/wordpress\/plugins\/seo\/ -->\n<title>Le gobelet avec poign\u00e9es pour enfants - Akuku<\/title>\n<meta name=\"description\" content=\"Sprawd\u017a nasz produkt: Le gobelet avec poign\u00e9es pour enfants. Produkty Akuku - odpowiednie dla mam i niemowl\u0105t!\" \/>\n<meta name=\"robots\" content=\"index, follow, max-snippet:-1, max-image-preview:large, max-video-preview:-1\" \/>\n<link rel=\"canonical\" href=\"https:\/\/akuku.com.pl\/fr\/catalogue-de-produits\/nutrition\/nourriture-et-boissons\/gobelets-pour-enfant\/le-gobelet-avec-poignees-pour-enfants\/\" \/>\n<meta property=\"og:locale\" content=\"fr_FR\" \/>\n<meta property=\"og:type\" content=\"article\" \/>\n<meta property=\"og:title\" content=\"Le gobelet avec poign\u00e9es pour enfants - Akuku\" \/>\n<meta property=\"og:description\" content=\"Sprawd\u017a nasz produkt: Le gobelet avec poign\u00e9es pour enfants. Produkty Akuku - odpowiednie dla mam i niemowl\u0105t!\" \/>\n<meta property=\"og:url\" content=\"https:\/\/akuku.com.pl\/fr\/catalogue-de-produits\/nutrition\/nourriture-et-boissons\/gobelets-pour-enfant\/le-gobelet-avec-poignees-pour-enfants\/\" \/>\n<meta property=\"og:site_name\" content=\"Akuku\" \/>\n<meta property=\"article:publisher\" content=\"https:\/\/www.facebook.com\/markaAKUKU\" \/>\n<meta property=\"article:modified_time\" content=\"2025-07-02T08:53:54+00:00\" \/>\n<meta property=\"og:image\" content=\"https:\/\/akuku.com.pl\/wp-content\/uploads\/2025\/07\/A0695.jpg\" \/>\n\t<meta property=\"og:image:width\" content=\"1000\" \/>\n\t<meta property=\"og:image:height\" content=\"1000\" \/>\n\t<meta property=\"og:image:type\" content=\"image\/jpeg\" \/>\n<meta name=\"twitter:card\" content=\"summary_large_image\" \/>\n<meta name=\"twitter:label1\" content=\"Dur\u00e9e de lecture estim\u00e9e\" \/>\n\t<meta name=\"twitter:data1\" content=\"3 minutes\" \/>\n<script type=\"application\/ld+json\" class=\"yoast-schema-graph\">{\"@context\":\"https:\/\/schema.org\",\"@graph\":[{\"@type\":\"WebPage\",\"@id\":\"https:\/\/akuku.com.pl\/fr\/catalogue-de-produits\/nutrition\/nourriture-et-boissons\/gobelets-pour-enfant\/le-gobelet-avec-poignees-pour-enfants\/\",\"url\":\"https:\/\/akuku.com.pl\/fr\/catalogue-de-produits\/nutrition\/nourriture-et-boissons\/gobelets-pour-enfant\/le-gobelet-avec-poignees-pour-enfants\/\",\"name\":\"Le gobelet avec poign\u00e9es pour enfants - Akuku\",\"isPartOf\":{\"@id\":\"https:\/\/akuku.com.pl\/fr\/#website\"},\"primaryImageOfPage\":{\"@id\":\"https:\/\/akuku.com.pl\/fr\/catalogue-de-produits\/nutrition\/nourriture-et-boissons\/gobelets-pour-enfant\/le-gobelet-avec-poignees-pour-enfants\/#primaryimage\"},\"image\":{\"@id\":\"https:\/\/akuku.com.pl\/fr\/catalogue-de-produits\/nutrition\/nourriture-et-boissons\/gobelets-pour-enfant\/le-gobelet-avec-poignees-pour-enfants\/#primaryimage\"},\"thumbnailUrl\":\"https:\/\/akuku.com.pl\/wp-content\/uploads\/2025\/07\/A0695.jpg\",\"datePublished\":\"2025-07-02T08:39:00+00:00\",\"dateModified\":\"2025-07-02T08:53:54+00:00\",\"description\":\"Sprawd\u017a nasz produkt: Le gobelet avec poign\u00e9es pour enfants. Produkty Akuku - odpowiednie dla mam i niemowl\u0105t!\",\"breadcrumb\":{\"@id\":\"https:\/\/akuku.com.pl\/fr\/catalogue-de-produits\/nutrition\/nourriture-et-boissons\/gobelets-pour-enfant\/le-gobelet-avec-poignees-pour-enfants\/#breadcrumb\"},\"inLanguage\":\"fr-FR\",\"potentialAction\":[{\"@type\":\"ReadAction\",\"target\":[\"https:\/\/akuku.com.pl\/fr\/catalogue-de-produits\/nutrition\/nourriture-et-boissons\/gobelets-pour-enfant\/le-gobelet-avec-poignees-pour-enfants\/\"]}]},{\"@type\":\"ImageObject\",\"inLanguage\":\"fr-FR\",\"@id\":\"https:\/\/akuku.com.pl\/fr\/catalogue-de-produits\/nutrition\/nourriture-et-boissons\/gobelets-pour-enfant\/le-gobelet-avec-poignees-pour-enfants\/#primaryimage\",\"url\":\"https:\/\/akuku.com.pl\/wp-content\/uploads\/2025\/07\/A0695.jpg\",\"contentUrl\":\"https:\/\/akuku.com.pl\/wp-content\/uploads\/2025\/07\/A0695.jpg\",\"width\":1000,\"height\":1000,\"caption\":\"Kubek do nauki picia szary\"},{\"@type\":\"BreadcrumbList\",\"@id\":\"https:\/\/akuku.com.pl\/fr\/catalogue-de-produits\/nutrition\/nourriture-et-boissons\/gobelets-pour-enfant\/le-gobelet-avec-poignees-pour-enfants\/#breadcrumb\",\"itemListElement\":[{\"@type\":\"ListItem\",\"position\":1,\"name\":\"Strona g\u0142\u00f3wna\",\"item\":\"https:\/\/akuku.com.pl\/fr\/\"},{\"@type\":\"ListItem\",\"position\":2,\"name\":\"Boutique\",\"item\":\"https:\/\/akuku.com.pl\/wszystkie-produkty\/\"},{\"@type\":\"ListItem\",\"position\":3,\"name\":\"Le gobelet avec poign\u00e9es pour enfants\"}]},{\"@type\":\"WebSite\",\"@id\":\"https:\/\/akuku.com.pl\/fr\/#website\",\"url\":\"https:\/\/akuku.com.pl\/fr\/\",\"name\":\"Akuku.com.pl\",\"description\":\"\",\"publisher\":{\"@id\":\"https:\/\/akuku.com.pl\/fr\/#organization\"},\"potentialAction\":[{\"@type\":\"SearchAction\",\"target\":{\"@type\":\"EntryPoint\",\"urlTemplate\":\"https:\/\/akuku.com.pl\/fr\/?s={search_term_string}\"},\"query-input\":{\"@type\":\"PropertyValueSpecification\",\"valueRequired\":true,\"valueName\":\"search_term_string\"}}],\"inLanguage\":\"fr-FR\"},{\"@type\":\"Organization\",\"@id\":\"https:\/\/akuku.com.pl\/fr\/#organization\",\"name\":\"Akuku.com.pl\",\"url\":\"https:\/\/akuku.com.pl\/fr\/\",\"logo\":{\"@type\":\"ImageObject\",\"inLanguage\":\"fr-FR\",\"@id\":\"https:\/\/akuku.com.pl\/fr\/#\/schema\/logo\/image\/\",\"url\":\"https:\/\/akuku.com.pl\/wp-content\/uploads\/2024\/04\/akuku-logo.svg\",\"contentUrl\":\"https:\/\/akuku.com.pl\/wp-content\/uploads\/2024\/04\/akuku-logo.svg\",\"width\":114,\"height\":50,\"caption\":\"Akuku.com.pl\"},\"image\":{\"@id\":\"https:\/\/akuku.com.pl\/fr\/#\/schema\/logo\/image\/\"},\"sameAs\":[\"https:\/\/www.facebook.com\/markaAKUKU\"]}]}<\/script>\n<!-- \/ Yoast SEO plugin. -->","yoast_head_json":{"title":"Le gobelet avec poign\u00e9es pour enfants - Akuku","description":"Sprawd\u017a nasz produkt: Le gobelet avec poign\u00e9es pour enfants. Produkty Akuku - odpowiednie dla mam i niemowl\u0105t!","robots":{"index":"index","follow":"follow","max-snippet":"max-snippet:-1","max-image-preview":"max-image-preview:large","max-video-preview":"max-video-preview:-1"},"canonical":"https:\/\/akuku.com.pl\/fr\/catalogue-de-produits\/nutrition\/nourriture-et-boissons\/gobelets-pour-enfant\/le-gobelet-avec-poignees-pour-enfants\/","og_locale":"fr_FR","og_type":"article","og_title":"Le gobelet avec poign\u00e9es pour enfants - Akuku","og_description":"Sprawd\u017a nasz produkt: Le gobelet avec poign\u00e9es pour enfants. Produkty Akuku - odpowiednie dla mam i niemowl\u0105t!","og_url":"https:\/\/akuku.com.pl\/fr\/catalogue-de-produits\/nutrition\/nourriture-et-boissons\/gobelets-pour-enfant\/le-gobelet-avec-poignees-pour-enfants\/","og_site_name":"Akuku","article_publisher":"https:\/\/www.facebook.com\/markaAKUKU","article_modified_time":"2025-07-02T08:53:54+00:00","og_image":[{"width":1000,"height":1000,"url":"https:\/\/akuku.com.pl\/wp-content\/uploads\/2025\/07\/A0695.jpg","type":"image\/jpeg"}],"twitter_card":"summary_large_image","twitter_misc":{"Dur\u00e9e de lecture estim\u00e9e":"3 minutes"},"schema":{"@context":"https:\/\/schema.org","@graph":[{"@type":"WebPage","@id":"https:\/\/akuku.com.pl\/fr\/catalogue-de-produits\/nutrition\/nourriture-et-boissons\/gobelets-pour-enfant\/le-gobelet-avec-poignees-pour-enfants\/","url":"https:\/\/akuku.com.pl\/fr\/catalogue-de-produits\/nutrition\/nourriture-et-boissons\/gobelets-pour-enfant\/le-gobelet-avec-poignees-pour-enfants\/","name":"Le gobelet avec poign\u00e9es pour enfants - Akuku","isPartOf":{"@id":"https:\/\/akuku.com.pl\/fr\/#website"},"primaryImageOfPage":{"@id":"https:\/\/akuku.com.pl\/fr\/catalogue-de-produits\/nutrition\/nourriture-et-boissons\/gobelets-pour-enfant\/le-gobelet-avec-poignees-pour-enfants\/#primaryimage"},"image":{"@id":"https:\/\/akuku.com.pl\/fr\/catalogue-de-produits\/nutrition\/nourriture-et-boissons\/gobelets-pour-enfant\/le-gobelet-avec-poignees-pour-enfants\/#primaryimage"},"thumbnailUrl":"https:\/\/akuku.com.pl\/wp-content\/uploads\/2025\/07\/A0695.jpg","datePublished":"2025-07-02T08:39:00+00:00","dateModified":"2025-07-02T08:53:54+00:00","description":"Sprawd\u017a nasz produkt: Le gobelet avec poign\u00e9es pour enfants. Produkty Akuku - odpowiednie dla mam i niemowl\u0105t!","breadcrumb":{"@id":"https:\/\/akuku.com.pl\/fr\/catalogue-de-produits\/nutrition\/nourriture-et-boissons\/gobelets-pour-enfant\/le-gobelet-avec-poignees-pour-enfants\/#breadcrumb"},"inLanguage":"fr-FR","potentialAction":[{"@type":"ReadAction","target":["https:\/\/akuku.com.pl\/fr\/catalogue-de-produits\/nutrition\/nourriture-et-boissons\/gobelets-pour-enfant\/le-gobelet-avec-poignees-pour-enfants\/"]}]},{"@type":"ImageObject","inLanguage":"fr-FR","@id":"https:\/\/akuku.com.pl\/fr\/catalogue-de-produits\/nutrition\/nourriture-et-boissons\/gobelets-pour-enfant\/le-gobelet-avec-poignees-pour-enfants\/#primaryimage","url":"https:\/\/akuku.com.pl\/wp-content\/uploads\/2025\/07\/A0695.jpg","contentUrl":"https:\/\/akuku.com.pl\/wp-content\/uploads\/2025\/07\/A0695.jpg","width":1000,"height":1000,"caption":"Kubek do nauki picia szary"},{"@type":"BreadcrumbList","@id":"https:\/\/akuku.com.pl\/fr\/catalogue-de-produits\/nutrition\/nourriture-et-boissons\/gobelets-pour-enfant\/le-gobelet-avec-poignees-pour-enfants\/#breadcrumb","itemListElement":[{"@type":"ListItem","position":1,"name":"Strona g\u0142\u00f3wna","item":"https:\/\/akuku.com.pl\/fr\/"},{"@type":"ListItem","position":2,"name":"Boutique","item":"https:\/\/akuku.com.pl\/wszystkie-produkty\/"},{"@type":"ListItem","position":3,"name":"Le gobelet avec poign\u00e9es pour enfants"}]},{"@type":"WebSite","@id":"https:\/\/akuku.com.pl\/fr\/#website","url":"https:\/\/akuku.com.pl\/fr\/","name":"Akuku.com.pl","description":"","publisher":{"@id":"https:\/\/akuku.com.pl\/fr\/#organization"},"potentialAction":[{"@type":"SearchAction","target":{"@type":"EntryPoint","urlTemplate":"https:\/\/akuku.com.pl\/fr\/?s={search_term_string}"},"query-input":{"@type":"PropertyValueSpecification","valueRequired":true,"valueName":"search_term_string"}}],"inLanguage":"fr-FR"},{"@type":"Organization","@id":"https:\/\/akuku.com.pl\/fr\/#organization","name":"Akuku.com.pl","url":"https:\/\/akuku.com.pl\/fr\/","logo":{"@type":"ImageObject","inLanguage":"fr-FR","@id":"https:\/\/akuku.com.pl\/fr\/#\/schema\/logo\/image\/","url":"https:\/\/akuku.com.pl\/wp-content\/uploads\/2024\/04\/akuku-logo.svg","contentUrl":"https:\/\/akuku.com.pl\/wp-content\/uploads\/2024\/04\/akuku-logo.svg","width":114,"height":50,"caption":"Akuku.com.pl"},"image":{"@id":"https:\/\/akuku.com.pl\/fr\/#\/schema\/logo\/image\/"},"sameAs":["https:\/\/www.facebook.com\/markaAKUKU"]}]}},"_links":{"self":[{"href":"https:\/\/akuku.com.pl\/fr\/wp-json\/wp\/v2\/product\/16745","targetHints":{"allow":["GET"]}}],"collection":[{"href":"https:\/\/akuku.com.pl\/fr\/wp-json\/wp\/v2\/product"}],"about":[{"href":"https:\/\/akuku.com.pl\/fr\/wp-json\/wp\/v2\/types\/product"}],"wp:featuredmedia":[{"embeddable":true,"href":"https:\/\/akuku.com.pl\/fr\/wp-json\/wp\/v2\/media\/16685"}],"wp:attachment":[{"href":"https:\/\/akuku.com.pl\/fr\/wp-json\/wp\/v2\/media?parent=16745"}],"wp:term":[{"taxonomy":"product_cat","embeddable":true,"href":"https:\/\/akuku.com.pl\/fr\/wp-json\/wp\/v2\/product_cat?post=16745"},{"taxonomy":"product_tag","embeddable":true,"href":"https:\/\/akuku.com.pl\/fr\/wp-json\/wp\/v2\/product_tag?post=16745"}],"curies":[{"name":"wp","href":"https:\/\/api.w.org\/{rel}","templated":true}]}}